{"id":22986,"date":"2025-06-02T15:48:59","date_gmt":"2025-06-02T13:48:59","guid":{"rendered":"https:\/\/www.noleaky.com\/products\/egr-valve-cleaner\/"},"modified":"2026-03-01T17:03:22","modified_gmt":"2026-03-01T16:03:22","slug":"egr-valve-cleaner","status":"publish","type":"product","link":"https:\/\/www.noleaky.com\/hu\/products\/egr-valve-cleaner\/","title":{"rendered":"EGR-szelep tiszt\u00edt\u00f3"},"content":{"rendered":"<p><strong><img decoding=\"async\" style=\"margin-right: 12px;\" src=\"https:\/\/www.noleaky.com\/wp-content\/uploads\/2026\/02\/Check.svg\" alt=\"\" width=\"18\" height=\"15\" \/>Vissza\u00e1ll\u00edtja az EGR-szelep optim\u00e1lis teljes\u00edtm\u00e9ny\u00e9t sz\u00e9tszerel\u00e9s n\u00e9lk\u00fcl.<\/strong> Az EGR-szelep tiszt\u00edt\u00f3szer\u00fcnket kifejezetten \u00fagy \u00e1ll\u00edtottuk \u00f6ssze, hogy az \u00fczemanyagk\u00f6r\u00f6n kereszt\u00fcl t\u00e1vol\u00edtsa el az EGR-rendszerben l\u00e9v\u0151 sz\u00e9nlerak\u00f3d\u00e1sokat \u00e9s koromlerak\u00f3d\u00e1sokat, \u00edgy nincs sz\u00fcks\u00e9g mechanikus sz\u00e9tszerel\u00e9sre. Vezet\u00e9s k\u00f6zben fokozatosan hat, helyre\u00e1ll\u00edtva a szelepek megfelel\u0151 mozg\u00e1s\u00e1t \u00e9s a l\u00e9g\u00e1raml\u00e1s szab\u00e1lyoz\u00e1s\u00e1t.<\/p>\n<p><strong><img decoding=\"async\" style=\"margin-right: 12px;\" src=\"https:\/\/www.noleaky.com\/wp-content\/uploads\/2026\/02\/Check.svg\" alt=\"\" width=\"18\" height=\"15\" \/>Az el\u00e9rhet\u0151 leghat\u00e9konyabb EGR-tiszt\u00edt\u00f3 megold\u00e1s.<\/strong> Fejlett tiszt\u00edt\u00f3szer-technol\u00f3gi\u00e1j\u00e1nak k\u00f6sz\u00f6nhet\u0151en ez a formula egyszerre tiszt\u00edtja az EGR-szelepet, a sz\u00edv\u00f3rendszert \u00e9s az \u00e9g\u00e9stermet. A szelepek elt\u00f6m\u0151d\u00e9s\u00e9nek \u00e9s beragad\u00e1s\u00e1nak alapvet\u0151 okait c\u00e9lozza meg, m\u00e9lyebb \u00e9s teljesebb tiszt\u00edt\u00e1st biztos\u00edt, mint a hagyom\u00e1nyos adal\u00e9kok.<\/p>\n<p><strong><img decoding=\"async\" style=\"margin-right: 12px;\" src=\"https:\/\/www.noleaky.com\/wp-content\/uploads\/2026\/02\/Check.svg\" alt=\"\" width=\"18\" height=\"15\" \/>A legolcs\u00f3bb professzion\u00e1lis min\u0151s\u00e9g\u0171 EGR-tiszt\u00edt\u00f3 a piacon.<\/strong> Pr\u00e9mium teljes\u00edtm\u00e9nyt ny\u00fajtunk a legversenyk\u00e9pesebb \u00e1ron. M\u0171helyszint\u0171 tiszt\u00edt\u00e1si eredm\u00e9nyeket \u00e9rhet el a k\u00e9zi EGR-elt\u00e1vol\u00edt\u00e1s \u00e9s a munkaig\u00e9nyes szervizel\u00e9s k\u00f6lts\u00e9geinek t\u00f6red\u00e9k\u00e9\u00e9rt.<\/p>\n<p><strong><img decoding=\"async\" style=\"margin-right: 12px;\" src=\"https:\/\/www.noleaky.com\/wp-content\/uploads\/2026\/02\/Check.svg\" alt=\"\" width=\"18\" height=\"15\" \/>24 \u00f3r\u00e1s sz\u00e1ll\u00edt\u00e1s azonnali karbantart\u00e1si ig\u00e9nyek eset\u00e9n.<\/strong> Garant\u00e1ljuk a 24 \u00f3r\u00e1s sz\u00e1ll\u00edt\u00e1st, hogy \u00d6n gyorsan kezelhesse az EGR-rel kapcsolatos probl\u00e9m\u00e1kat, \u00e9s elker\u00fclhesse a motor teljes\u00edtm\u00e9ny\u00e9nek elh\u00faz\u00f3d\u00f3 probl\u00e9m\u00e1it. A gyors sz\u00e1ll\u00edt\u00e1s biztos\u00edtja, hogy j\u00e1rm\u0171ve k\u00e9sedelem n\u00e9lk\u00fcl \u00fajra optim\u00e1lis \u00e1llapotba ker\u00fclj\u00f6n.<\/p>\n<p><strong><img decoding=\"async\" style=\"margin-right: 12px;\" src=\"https:\/\/www.noleaky.com\/wp-content\/uploads\/2026\/02\/Check.svg\" alt=\"\" width=\"18\" height=\"15\" \/>P\u00e9nzvisszafizet\u00e9si garancia a teljes nyugalom\u00e9rt.<\/strong> Teljes p\u00e9nzvisszafizet\u00e9si garanci\u00e1t k\u00edn\u00e1lunk. Ha nem teljesen el\u00e9gedett az EGR-szelep tiszt\u00edt\u00f3szer\u00fcnk eredm\u00e9nyeivel, akkor visszat\u00e9r\u00edtj\u00fck a v\u00e9tel\u00e1rat. Ez teljesen kock\u00e1zatmentess\u00e9 teszi megrendel\u00e9s\u00e9t, \u00e9s t\u00fckr\u00f6zi a term\u00e9k hat\u00e9konys\u00e1g\u00e1ba vetett bizalmunkat.<\/p>\n<p><strong><img decoding=\"async\" style=\"margin-right: 12px;\" src=\"https:\/\/www.noleaky.com\/wp-content\/uploads\/2026\/02\/Check.svg\" alt=\"\" width=\"18\" height=\"15\" \/>Cs\u00f6kkenti a motor t\u00e9tov\u00e1z\u00e1s\u00e1t \u00e9s a durva \u00fcresj\u00e1ratot.<\/strong> A szennyezett EGR-szelep gyakran okoz instabil \u00fcresj\u00e1ratot, teljes\u00edtm\u00e9nycs\u00f6kken\u00e9st \u00e9s t\u00e9tov\u00e1z\u00e1st gyors\u00edt\u00e1skor. Az \u00fczemanyagrendszeren kereszt\u00fcl a bels\u0151 alkatr\u00e9szek tiszt\u00edt\u00e1s\u00e1val term\u00e9k\u00fcnk vissza\u00e1ll\u00edtja a motor egyenletesebb m\u0171k\u00f6d\u00e9s\u00e9t \u00e9s jav\u00edtja a vezethet\u0151s\u00e9get.<\/p>\n<p><strong><img decoding=\"async\" style=\"margin-right: 12px;\" src=\"https:\/\/www.noleaky.com\/wp-content\/uploads\/2026\/02\/Check.svg\" alt=\"\" width=\"18\" height=\"15\" \/>Seg\u00edt cs\u00f6kkenteni a k\u00e1rosanyag-kibocs\u00e1t\u00e1st.<\/strong> Az EGR megfelel\u0151 m\u0171k\u00f6d\u00e9se elengedhetetlen a nitrog\u00e9n-oxid-kibocs\u00e1t\u00e1s cs\u00f6kkent\u00e9s\u00e9hez. A lerak\u00f3d\u00e1sok megtiszt\u00edt\u00e1s\u00e1val \u00e9s a kipufog\u00f3g\u00e1z-visszavezet\u00e9s hat\u00e9konys\u00e1g\u00e1nak jav\u00edt\u00e1s\u00e1val ez a term\u00e9k t\u00e1mogatja a tiszt\u00e1bb \u00e9g\u00e9st \u00e9s a jobb kibocs\u00e1t\u00e1s-szab\u00e1lyoz\u00e1st.<\/p>\n<p><strong><img decoding=\"async\" style=\"margin-right: 12px;\" src=\"https:\/\/www.noleaky.com\/wp-content\/uploads\/2026\/02\/Check.svg\" alt=\"\" width=\"18\" height=\"15\" \/>Jav\u00edtja az \u00fczemanyag-hat\u00e9konys\u00e1got \u00e9s a g\u00e1zreakci\u00f3t.<\/strong> A sz\u00e9nlerak\u00f3d\u00e1sok elt\u00e1vol\u00edt\u00e1sa jav\u00edtja az \u00e9g\u00e9s min\u0151s\u00e9g\u00e9t \u00e9s a l\u00e9g\u00e1raml\u00e1s egyens\u00faly\u00e1t, \u00edgy a motor hat\u00e9konyabban m\u0171k\u00f6dik \u00e9s gyorsabban reag\u00e1l a gyors\u00edt\u00e1sra.<\/p>\n<p><strong><img decoding=\"async\" style=\"margin-right: 12px;\" src=\"https:\/\/www.noleaky.com\/wp-content\/uploads\/2026\/02\/Check.svg\" alt=\"\" width=\"18\" height=\"15\" \/>Megakad\u00e1lyozza a dr\u00e1ga EGR-szelep cser\u00e9t.<\/strong> A rendszeres megel\u0151z\u0151 kezel\u00e9s seg\u00edt elker\u00fclni a s\u00falyos elt\u00f6m\u0151d\u00e9st, amely a szelep meghib\u00e1sod\u00e1s\u00e1hoz vezethet. A tiszta EGR-rendszer fenntart\u00e1sa cs\u00f6kkenti a k\u00f6lts\u00e9ges jav\u00edt\u00e1sok \u00e9s alkatr\u00e9szcser\u00e9k kock\u00e1zat\u00e1t.<\/p>\n<p><strong><img decoding=\"async\" style=\"margin-right: 12px;\" src=\"https:\/\/www.noleaky.com\/wp-content\/uploads\/2026\/02\/Check.svg\" alt=\"\" width=\"18\" height=\"15\" \/>Egyszer\u0171 pour-in-tank megold\u00e1s a k\u00f6nnyed haszn\u00e1lathoz.<\/strong> A maxim\u00e1lis k\u00e9nyelem \u00e9rdek\u00e9ben ezt a tiszt\u00edt\u00f3szert k\u00f6zvetlen\u00fcl az \u00fczemanyagtart\u00e1lyba kell adagolni. Norm\u00e1l vezet\u00e9s k\u00f6zben automatikusan m\u0171k\u00f6dik, \u00edgy minden j\u00e1rm\u0171vezet\u0151 sz\u00e1m\u00e1ra el\u00e9rhet\u0151v\u00e9 teszi a professzion\u00e1lis szint\u0171 karbantart\u00e1st.<\/p>\n<h2><strong>Utas\u00edt\u00e1sok<\/strong><\/h2>\n<ul>\n<li>A term\u00e9k hozz\u00e1ad\u00e1sa el\u0151tt gy\u0151z\u0151dj\u00f6n meg arr\u00f3l, hogy az \u00fczemanyagszint a tart\u00e1lyban alacsony (ide\u00e1lis esetben negyedr\u00e9sz alatt).<\/li>\n<li>Haszn\u00e1lat el\u0151tt j\u00f3l r\u00e1zza fel a flakont.<\/li>\n<li>\u00d6ntse a palack teljes tartalm\u00e1t k\u00f6zvetlen\u00fcl az \u00fczemanyagtart\u00e1lyba.<\/li>\n<li>A term\u00e9k hozz\u00e1ad\u00e1sa ut\u00e1n t\u00f6ltse fel a tart\u00e1lyt \u00fczemanyaggal a megfelel\u0151 kevered\u00e9s biztos\u00edt\u00e1sa \u00e9rdek\u00e9ben.<\/li>\n<li>Egy teljes palack k\u00f6r\u00fclbel\u00fcl 40-60 literes \u00fczemanyagtart\u00e1lyhoz elegend\u0151. Kisebb tart\u00e1lyok eset\u00e9n ar\u00e1nyosan \u00e1ll\u00edtsa be az adagol\u00e1st.<\/li>\n<li>Tankol\u00e1s ut\u00e1n vezesse a j\u00e1rm\u0171vet norm\u00e1lisan, hogy a term\u00e9k \u00e1tj\u00e1rja az \u00fczemanyagrendszert \u00e9s az EGR-elemeket.<\/li>\n<li>A jobb tiszt\u00edt\u00e1si eredm\u00e9nyek \u00e9rdek\u00e9ben legal\u00e1bb 20-30 percig egyenletes motorfordulatsz\u00e1mon vezessen, hogy el\u0151seg\u00edtse az optim\u00e1lis \u00e9g\u00e9st \u00e9s a lerak\u00f3d\u00e1sok elt\u00e1vol\u00edt\u00e1s\u00e1t.<\/li>\n<li>Er\u0151s sz\u00e9nlerak\u00f3d\u00e1s eset\u00e9n a kezelt tart\u00e1ly elfogyaszt\u00e1sa ut\u00e1n egy m\u00e1sodik kezel\u00e9s is elv\u00e9gezhet\u0151.<\/li>\n<li>A megel\u0151z\u0151 karbantart\u00e1s \u00e9rdek\u00e9ben a vezet\u00e9si k\u00f6r\u00fclm\u00e9nyekt\u0151l f\u00fcgg\u0151en 8 000-12 000 kilom\u00e9terenk\u00e9nt haszn\u00e1lja az EGR-szelep tiszt\u00edt\u00f3szert.<\/li>\n<li>Ne l\u00e9pje t\u00fal az aj\u00e1nlott adagot, \u00e9s a term\u00e9ket h\u0171v\u00f6s, sz\u00e1raz, k\u00f6zvetlen napf\u00e9nyt\u0151l v\u00e9dett helyen t\u00e1rolja.<\/li>\n<\/ul>","protected":false},"excerpt":{"rendered":"<p>Restores optimal EGR valve performance without dismantling. Our EGR valve cleaner is specially formulated to remove carbon deposits and soot buildup inside the EGR system through the fuel circuit, eliminating the need for mechanical disassembly. It works progressively while you drive, restoring proper valve movement and airflow control. The most effective EGR cleaning solution available. [&hellip;]<\/p>\n","protected":false},"featured_media":23037,"comment_status":"open","ping_status":"closed","template":"","meta":{"_uag_custom_page_level_css":"","site-sidebar-layout":"default","site-content-layout":"","ast-site-content-layout":"default","site-content-style":"default","site-sidebar-style":"default","ast-global-header-display":"","ast-banner-title-visibility":"","ast-main-header-display":"","ast-hfb-above-header-display":"","ast-hfb-below-header-display":"","ast-hfb-mobile-header-display":"","site-post-title":"","ast-breadcrumbs-content":"","ast-featured-img":"","footer-sml-layout":"","ast-disable-related-posts":"","theme-transparent-header-meta":"default","adv-header-id-meta":"","stick-header-meta":"","header-above-stick-meta":"","header-main-stick-meta":"","header-below-stick-meta":"","astra-migrate-meta-layouts":"set","ast-page-background-enabled":"default","ast-page-background-meta":{"desktop":{"background-color":"var(--ast-global-color-4)","background-image":"","background-repeat":"repeat","background-position":"center center","background-size":"auto","background-attachment":"scroll","background-type":"","background-media":"","overlay-type":"","overlay-color":"","overlay-opacity":"","overlay-gradient":""},"tablet":{"background-color":"","background-image":"","background-repeat":"repeat","background-position":"center center","background-size":"auto","background-attachment":"scroll","background-type":"","background-media":"","overlay-type":"","overlay-color":"","overlay-opacity":"","overlay-gradient":""},"mobile":{"background-color":"","background-image":"","background-repeat":"repeat","background-position":"center center","background-size":"auto","background-attachment":"scroll","background-type":"","background-media":"","overlay-type":"","overlay-color":"","overlay-opacity":"","overlay-gradient":""}},"ast-content-background-meta":{"desktop":{"background-color":"var(--ast-global-color-5)","background-image":"","background-repeat":"repeat","background-position":"center center","background-size":"auto","background-attachment":"scroll","background-type":"","background-media":"","overlay-type":"","overlay-color":"","overlay-opacity":"","overlay-gradient":""},"tablet":{"background-color":"var(--ast-global-color-5)","background-image":"","background-repeat":"repeat","background-position":"center center","background-size":"auto","background-attachment":"scroll","background-type":"","background-media":"","overlay-type":"","overlay-color":"","overlay-opacity":"","overlay-gradient":""},"mobile":{"background-color":"var(--ast-global-color-5)","background-image":"","background-repeat":"repeat","background-position":"center center","background-size":"auto","background-attachment":"scroll","background-type":"","background-media":"","overlay-type":"","overlay-color":"","overlay-opacity":"","overlay-gradient":""}}},"product_brand":[],"product_cat":[176],"product_tag":[],"class_list":{"0":"post-22986","1":"product","2":"type-product","3":"status-publish","4":"has-post-thumbnail","6":"product_cat-automotive","7":"desktop-align-left","8":"tablet-align-left","9":"mobile-align-left","11":"first","12":"instock","13":"shipping-taxable","14":"purchasable","15":"product-type-simple"},"spectra_custom_meta":{"_visibility":["visible"],"_shopify_product_id":["7961097437404"],"_s2w_shopify_domain":["noleaky.myshopify.com"],"_shopify_variant_id":["43736968626396"],"_sku":["NLEGRVALVECLEANER"],"_regular_price":["29.90"],"_price":["29.90"],"_sale_price":[""],"_weight":["0.35"],"_thumbnail_id":["23037"],"_global_unique_id":["5056773800656"],"total_sales":["398"],"_tax_status":["taxable"],"_tax_class":[""],"_manage_stock":["no"],"_backorders":["no"],"_sold_individually":["no"],"_virtual":["no"],"_downloadable":["no"],"_download_limit":["-1"],"_download_expiry":["-1"],"_stock":[null],"_stock_status":["instock"],"_wc_average_rating":["4.93"],"_wc_review_count":["72"],"_product_version":["10.5.2"],"_edit_lock":["1773470731:914"],"merchant-center-availability":["yes"],"merchant-center-category":["2788"],"merchant-center-id":["EGRVC"],"_edit_last":["1"],"_wp_page_template":["default"],"site-sidebar-layout":["default"],"ast-site-content-layout":["default"],"site-content-style":["default"],"site-sidebar-style":["default"],"theme-transparent-header-meta":["default"],"_wc_rating_count":["a:2:{i:4;i:5;i:5;i:67;}"],"_upsell_ids":["a:3:{i:0;i:22975;i:1;i:22985;i:2;i:23011;}"],"_crosssell_ids":["a:3:{i:0;i:22975;i:1;i:22985;i:2;i:23011;}"],"astra-migrate-meta-layouts":["set"],"_uag_css_file_name":["uag-css-22986.css"],"_elementor_page_assets":["a:0:{}"],"_uag_page_assets":["a:9:{s:3:\"css\";s:7133:\".uag-blocks-common-selector{z-index:var(--z-index-desktop) !important}@media(max-width: 976px){.uag-blocks-common-selector{z-index:var(--z-index-tablet) !important}}@media(max-width: 767px){.uag-blocks-common-selector{z-index:var(--z-index-mobile) !important}}.wp-block-uagb-image{display:flex}.wp-block-uagb-image__figure{position:relative;display:flex;flex-direction:column;max-width:100%;height:auto;margin:0}.wp-block-uagb-image__figure img{height:auto;display:flex;max-width:100%;transition:box-shadow .2s ease}.wp-block-uagb-image__figure>a{display:inline-block}.wp-block-uagb-image__figure figcaption{text-align:center;margin-top:.5em;margin-bottom:1em}.wp-block-uagb-image .components-placeholder.block-editor-media-placeholder .components-placeholder__instructions{align-self:center}.wp-block-uagb-image--align-left{text-align:left}.wp-block-uagb-image--align-right{text-align:right}.wp-block-uagb-image--align-center{text-align:center}.wp-block-uagb-image--align-full .wp-block-uagb-image__figure{margin-left:calc(50% - 50vw);margin-right:calc(50% - 50vw);max-width:100vw;width:100vw;height:auto}.wp-block-uagb-image--align-full .wp-block-uagb-image__figure img{height:auto;width:100% !important}.wp-block-uagb-image--align-wide .wp-block-uagb-image__figure img{height:auto;width:100%}.wp-block-uagb-image--layout-overlay__color-wrapper{position:absolute;left:0;top:0;right:0;bottom:0;opacity:.2;background:rgba(0,0,0,.5);transition:opacity .35s ease-in-out}.wp-block-uagb-image--layout-overlay-link{position:absolute;left:0;right:0;bottom:0;top:0}.wp-block-uagb-image--layout-overlay .wp-block-uagb-image__figure:hover .wp-block-uagb-image--layout-overlay__color-wrapper{opacity:1}.wp-block-uagb-image--layout-overlay__inner{position:absolute;left:15px;right:15px;bottom:15px;top:15px;display:flex;align-items:center;justify-content:center;flex-direction:column;border-color:#fff;transition:.35s ease-in-out}.wp-block-uagb-image--layout-overlay__inner.top-left,.wp-block-uagb-image--layout-overlay__inner.top-center,.wp-block-uagb-image--layout-overlay__inner.top-right{justify-content:flex-start}.wp-block-uagb-image--layout-overlay__inner.bottom-left,.wp-block-uagb-image--layout-overlay__inner.bottom-center,.wp-block-uagb-image--layout-overlay__inner.bottom-right{justify-content:flex-end}.wp-block-uagb-image--layout-overlay__inner.top-left,.wp-block-uagb-image--layout-overlay__inner.center-left,.wp-block-uagb-image--layout-overlay__inner.bottom-left{align-items:flex-start}.wp-block-uagb-image--layout-overlay__inner.top-right,.wp-block-uagb-image--layout-overlay__inner.center-right,.wp-block-uagb-image--layout-overlay__inner.bottom-right{align-items:flex-end}.wp-block-uagb-image--layout-overlay__inner .uagb-image-heading{color:#fff;transition:transform .35s,opacity .35s ease-in-out;transform:translate3d(0, 24px, 0);margin:0;line-height:1em}.wp-block-uagb-image--layout-overlay__inner .uagb-image-separator{width:30%;border-top-width:2px;border-top-color:#fff;border-top-style:solid;margin-bottom:10px;opacity:0;transition:transform .4s,opacity .4s ease-in-out;transform:translate3d(0, 30px, 0)}.wp-block-uagb-image--layout-overlay__inner .uagb-image-caption{opacity:0;overflow:visible;color:#fff;transition:transform .45s,opacity .45s ease-in-out;transform:translate3d(0, 35px, 0)}.wp-block-uagb-image--layout-overlay__inner:hover .uagb-image-heading,.wp-block-uagb-image--layout-overlay__inner:hover .uagb-image-separator,.wp-block-uagb-image--layout-overlay__inner:hover .uagb-image-caption{opacity:1;transform:translate3d(0, 0, 0)}.wp-block-uagb-image--effect-zoomin .wp-block-uagb-image__figure img,.wp-block-uagb-image--effect-zoomin .wp-block-uagb-image__figure .wp-block-uagb-image--layout-overlay__color-wrapper{transform:scale(1);transition:transform .35s ease-in-out}.wp-block-uagb-image--effect-zoomin .wp-block-uagb-image__figure:hover img,.wp-block-uagb-image--effect-zoomin .wp-block-uagb-image__figure:hover .wp-block-uagb-image--layout-overlay__color-wrapper{transform:scale(1.05)}.wp-block-uagb-image--effect-slide .wp-block-uagb-image__figure img,.wp-block-uagb-image--effect-slide .wp-block-uagb-image__figure .wp-block-uagb-image--layout-overlay__color-wrapper{width:calc(100% + 40px) !important;max-width:none !important;transform:translate3d(-40px, 0, 0);transition:transform .35s ease-in-out}.wp-block-uagb-image--effect-slide .wp-block-uagb-image__figure:hover img,.wp-block-uagb-image--effect-slide .wp-block-uagb-image__figure:hover .wp-block-uagb-image--layout-overlay__color-wrapper{transform:translate3d(0, 0, 0)}.wp-block-uagb-image--effect-grayscale img{filter:grayscale(0%);transition:.35s ease-in-out}.wp-block-uagb-image--effect-grayscale:hover img{filter:grayscale(100%)}.wp-block-uagb-image--effect-blur img{filter:blur(0);transition:.35s ease-in-out}.wp-block-uagb-image--effect-blur:hover img{filter:blur(3px)}.uagb-block-e6f939b3.wp-block-uagb-image--layout-default figure img{box-shadow: 0px 0px 0 #00000070;}.uagb-block-e6f939b3.wp-block-uagb-image .wp-block-uagb-image__figure figcaption{font-style: normal;align-self: center;}.uagb-block-e6f939b3.wp-block-uagb-image--layout-overlay figure img{box-shadow: 0px 0px 0 #00000070;}.uagb-block-e6f939b3.wp-block-uagb-image--layout-overlay .wp-block-uagb-image--layout-overlay__color-wrapper{opacity: 0.2;}.uagb-block-e6f939b3.wp-block-uagb-image--layout-overlay .wp-block-uagb-image--layout-overlay__inner{left: 15px;right: 15px;top: 15px;bottom: 15px;}.uagb-block-e6f939b3.wp-block-uagb-image--layout-overlay .wp-block-uagb-image--layout-overlay__inner .uagb-image-heading{font-style: normal;color: #fff;opacity: 1;}.uagb-block-e6f939b3.wp-block-uagb-image--layout-overlay .wp-block-uagb-image--layout-overlay__inner .uagb-image-heading a{color: #fff;}.uagb-block-e6f939b3.wp-block-uagb-image--layout-overlay .wp-block-uagb-image--layout-overlay__inner .uagb-image-caption{opacity: 0;}.uagb-block-e6f939b3.wp-block-uagb-image--layout-overlay .wp-block-uagb-image__figure:hover .wp-block-uagb-image--layout-overlay__color-wrapper{opacity: 1;}.uagb-block-e6f939b3.wp-block-uagb-image .wp-block-uagb-image--layout-overlay__inner .uagb-image-separator{width: 30%;border-top-width: 2px;border-top-color: #fff;opacity: 0;}.uagb-block-e6f939b3.wp-block-uagb-image .wp-block-uagb-image__figure img{width: px;height: auto;}.uagb-block-e6f939b3.wp-block-uagb-image .wp-block-uagb-image__figure:hover .wp-block-uagb-image--layout-overlay__inner .uagb-image-caption{opacity: 1;}.uagb-block-e6f939b3.wp-block-uagb-image .wp-block-uagb-image__figure:hover .wp-block-uagb-image--layout-overlay__inner .uagb-image-separator{opacity: 1;}.uagb-block-e6f939b3.wp-block-uagb-image--layout-default figure:hover img{box-shadow: 0px 0px 0 #00000070;}.uagb-block-e6f939b3.wp-block-uagb-image--layout-overlay figure:hover img{box-shadow: 0px 0px 0 #00000070;}@media only screen and (max-width: 976px) {.uagb-block-e6f939b3.wp-block-uagb-image .wp-block-uagb-image__figure img{width: px;height: auto;}}@media only screen and (max-width: 767px) {.uagb-block-e6f939b3.wp-block-uagb-image .wp-block-uagb-image__figure img{width: px;height: auto;}}\";s:2:\"js\";s:0:\"\";s:18:\"current_block_list\";a:13:{i:0;s:11:\"core\/search\";i:1;s:10:\"core\/group\";i:2;s:12:\"core\/heading\";i:3;s:17:\"core\/latest-posts\";i:4;s:20:\"core\/latest-comments\";i:5;s:13:\"core\/archives\";i:6;s:15:\"core\/categories\";i:7;s:14:\"core\/paragraph\";i:8;s:10:\"uagb\/image\";i:9;s:11:\"core\/spacer\";i:10;s:30:\"woocommerce\/product-categories\";i:11;s:10:\"core\/image\";i:12;s:14:\"core\/shortcode\";}s:8:\"uag_flag\";b:1;s:11:\"uag_version\";s:10:\"1776836297\";s:6:\"gfonts\";a:0:{}s:10:\"gfonts_url\";s:0:\"\";s:12:\"gfonts_files\";a:0:{}s:14:\"uag_faq_layout\";b:0;}"]},"uagb_featured_image_src":{"full":["https:\/\/www.noleaky.com\/wp-content\/uploads\/2025\/06\/2.l.EGR-Valve-Cleaner_NoLeaky_4000x4000_74c74249-d819-42d6-b008-233b3a64a67b.png",2560,2560,false],"thumbnail":["https:\/\/www.noleaky.com\/wp-content\/uploads\/2025\/06\/2.l.EGR-Valve-Cleaner_NoLeaky_4000x4000_74c74249-d819-42d6-b008-233b3a64a67b-150x150.png",150,150,true],"medium":["https:\/\/www.noleaky.com\/wp-content\/uploads\/2025\/06\/2.l.EGR-Valve-Cleaner_NoLeaky_4000x4000_74c74249-d819-42d6-b008-233b3a64a67b-300x300.png",300,300,true],"medium_large":["https:\/\/www.noleaky.com\/wp-content\/uploads\/2025\/06\/2.l.EGR-Valve-Cleaner_NoLeaky_4000x4000_74c74249-d819-42d6-b008-233b3a64a67b-768x768.png",768,768,true],"large":["https:\/\/www.noleaky.com\/wp-content\/uploads\/2025\/06\/2.l.EGR-Valve-Cleaner_NoLeaky_4000x4000_74c74249-d819-42d6-b008-233b3a64a67b-1024x1024.png",1024,1024,true],"1536x1536":["https:\/\/www.noleaky.com\/wp-content\/uploads\/2025\/06\/2.l.EGR-Valve-Cleaner_NoLeaky_4000x4000_74c74249-d819-42d6-b008-233b3a64a67b-1536x1536.png",1536,1536,true],"2048x2048":["https:\/\/www.noleaky.com\/wp-content\/uploads\/2025\/06\/2.l.EGR-Valve-Cleaner_NoLeaky_4000x4000_74c74249-d819-42d6-b008-233b3a64a67b-2048x2048.png",2048,2048,true],"trp-custom-language-flag":["https:\/\/www.noleaky.com\/wp-content\/uploads\/2025\/06\/2.l.EGR-Valve-Cleaner_NoLeaky_4000x4000_74c74249-d819-42d6-b008-233b3a64a67b-12x12.png",12,12,true],"woocommerce_thumbnail":["https:\/\/www.noleaky.com\/wp-content\/uploads\/2025\/06\/2.l.EGR-Valve-Cleaner_NoLeaky_4000x4000_74c74249-d819-42d6-b008-233b3a64a67b-300x300.png",300,300,true],"woocommerce_single":["https:\/\/www.noleaky.com\/wp-content\/uploads\/2025\/06\/2.l.EGR-Valve-Cleaner_NoLeaky_4000x4000_74c74249-d819-42d6-b008-233b3a64a67b-600x600.png",600,600,true],"woocommerce_gallery_thumbnail":["https:\/\/www.noleaky.com\/wp-content\/uploads\/2025\/06\/2.l.EGR-Valve-Cleaner_NoLeaky_4000x4000_74c74249-d819-42d6-b008-233b3a64a67b-100x100.png",100,100,true]},"uagb_author_info":{"display_name":"admin","author_link":"https:\/\/www.noleaky.com\/hu\/author\/"},"uagb_comment_info":72,"uagb_excerpt":"Restores optimal EGR valve performance without dismantling. Our EGR valve cleaner is specially formulated to remove carbon deposits and soot buildup inside the EGR system through the fuel circuit, eliminating the need for mechanical disassembly. It works progressively while you drive, restoring proper valve movement and airflow control. The most effective EGR cleaning solution available.&hellip;","_links":{"self":[{"href":"https:\/\/www.noleaky.com\/hu\/wp-json\/wp\/v2\/product\/22986","targetHints":{"allow":["GET"]}}],"collection":[{"href":"https:\/\/www.noleaky.com\/hu\/wp-json\/wp\/v2\/product"}],"about":[{"href":"https:\/\/www.noleaky.com\/hu\/wp-json\/wp\/v2\/types\/product"}],"replies":[{"embeddable":true,"href":"https:\/\/www.noleaky.com\/hu\/wp-json\/wp\/v2\/comments?post=22986"}],"version-history":[{"count":6,"href":"https:\/\/www.noleaky.com\/hu\/wp-json\/wp\/v2\/product\/22986\/revisions"}],"predecessor-version":[{"id":33293,"href":"https:\/\/www.noleaky.com\/hu\/wp-json\/wp\/v2\/product\/22986\/revisions\/33293"}],"wp:featuredmedia":[{"embeddable":true,"href":"https:\/\/www.noleaky.com\/hu\/wp-json\/wp\/v2\/media\/23037"}],"wp:attachment":[{"href":"https:\/\/www.noleaky.com\/hu\/wp-json\/wp\/v2\/media?parent=22986"}],"wp:term":[{"taxonomy":"product_brand","embeddable":true,"href":"https:\/\/www.noleaky.com\/hu\/wp-json\/wp\/v2\/product_brand?post=22986"},{"taxonomy":"product_cat","embeddable":true,"href":"https:\/\/www.noleaky.com\/hu\/wp-json\/wp\/v2\/product_cat?post=22986"},{"taxonomy":"product_tag","embeddable":true,"href":"https:\/\/www.noleaky.com\/hu\/wp-json\/wp\/v2\/product_tag?post=22986"}],"curies":[{"name":"wp","href":"https:\/\/api.w.org\/{rel}","templated":true}]}}