{"id":22976,"date":"2025-06-02T15:48:55","date_gmt":"2025-06-02T13:48:55","guid":{"rendered":"https:\/\/www.noleaky.com\/products\/adblue\/"},"modified":"2026-03-01T17:12:42","modified_gmt":"2026-03-01T16:12:42","slug":"adblue","status":"publish","type":"product","link":"https:\/\/www.noleaky.com\/hu\/products\/adblue\/","title":{"rendered":"AdBlue - 25 liter"},"content":{"rendered":"<p><strong><img decoding=\"async\" style=\"margin-right: 12px;\" src=\"https:\/\/www.noleaky.com\/wp-content\/uploads\/2026\/02\/Check.svg\" alt=\"\" width=\"18\" height=\"15\" \/>Biztos\u00edtja az SCR-rendszer optim\u00e1lis teljes\u00edtm\u00e9ny\u00e9t.<\/strong> Az AdBlue egy nagy tisztas\u00e1g\u00fa d\u00edzel kipufog\u00f3g\u00e1z-folyad\u00e9k, amelyet kifejezetten a modern d\u00edzel j\u00e1rm\u0171vek szelekt\u00edv katalitikus redukci\u00f3s rendszereihez terveztek. Seg\u00edt a k\u00e1ros nitrog\u00e9n-oxidokat \u00e1rtalmatlan nitrog\u00e9nn\u00e9 \u00e9s v\u00edzg\u0151zz\u00e9 alak\u00edtani, biztos\u00edtva a j\u00e1rm\u0171 hat\u00e9kony \u00e9s a kibocs\u00e1t\u00e1si el\u0151\u00edr\u00e1soknak megfelel\u0151 m\u0171k\u00f6d\u00e9s\u00e9t.<\/p>\n<p><strong><img decoding=\"async\" style=\"margin-right: 12px;\" src=\"https:\/\/www.noleaky.com\/wp-content\/uploads\/2026\/02\/Check.svg\" alt=\"\" width=\"18\" height=\"15\" \/>A rendelkez\u00e9sre \u00e1ll\u00f3 leghat\u00e9konyabb kibocs\u00e1t\u00e1scs\u00f6kkent\u0151 megold\u00e1s.<\/strong> A szigor\u00fa ISO min\u0151s\u00e9gi szabv\u00e1nyok szerint gy\u00e1rtott AdBlue garant\u00e1lja a maxim\u00e1lis \u00e1talak\u00edt\u00e1si hat\u00e9konys\u00e1got az SCR-kataliz\u00e1torban. Pontos karbamidkoncentr\u00e1ci\u00f3ja biztos\u00edtja a k\u00f6vetkezetes teljes\u00edtm\u00e9nyt \u00e9s a k\u00e1ros NOx-kibocs\u00e1t\u00e1s megb\u00edzhat\u00f3 cs\u00f6kkent\u00e9s\u00e9t.<\/p>\n<p><strong><img decoding=\"async\" style=\"margin-right: 12px;\" src=\"https:\/\/www.noleaky.com\/wp-content\/uploads\/2026\/02\/Check.svg\" alt=\"\" width=\"18\" height=\"15\" \/>A legolcs\u00f3bb kiv\u00e1l\u00f3 min\u0151s\u00e9g\u0171 AdBlue a piacon.<\/strong> Pr\u00e9mium min\u0151s\u00e9g\u0171 AdBlue-t k\u00edn\u00e1lunk a legversenyk\u00e9pesebb \u00e1ron. A tan\u00fas\u00edtott min\u0151s\u00e9g \u00e9s a megb\u00edzhat\u00f3 teljes\u00edtm\u00e9ny el\u0151nyeit \u00e9lvezheti an\u00e9lk\u00fcl, hogy t\u00falzott k\u00f6lts\u00e9geket kellene fizetnie, \u00edgy ez a leggazdas\u00e1gosabb v\u00e1laszt\u00e1s mind a mag\u00e1nvezet\u0151k, mind a flotta\u00fczemeltet\u0151k sz\u00e1m\u00e1ra.<\/p>\n<p><strong><img decoding=\"async\" style=\"margin-right: 12px;\" src=\"https:\/\/www.noleaky.com\/wp-content\/uploads\/2026\/02\/Check.svg\" alt=\"\" width=\"18\" height=\"15\" \/>24 \u00f3r\u00e1s sz\u00e1ll\u00edt\u00e1s a megszak\u00edt\u00e1s n\u00e9lk\u00fcli vezet\u00e9s \u00e9rdek\u00e9ben.<\/strong> Garant\u00e1ljuk a 24 \u00f3r\u00e1s sz\u00e1ll\u00edt\u00e1st, \u00edgy soha nem kell agg\u00f3dnia, hogy kifogy az AdBlue. A gyors sz\u00e1ll\u00edt\u00e1ssal elker\u00fclheti a m\u0171szerfali figyelmeztet\u00e9seket, a motor korl\u00e1toz\u00e1s\u00e1t vagy a j\u00e1rm\u0171 ind\u00edt\u00e1s\u00e1nak korl\u00e1toz\u00e1s\u00e1t.<\/p>\n<p><strong><img decoding=\"async\" style=\"margin-right: 12px;\" src=\"https:\/\/www.noleaky.com\/wp-content\/uploads\/2026\/02\/Check.svg\" alt=\"\" width=\"18\" height=\"15\" \/>P\u00e9nzvisszafizet\u00e9si garancia a teljes nyugalom\u00e9rt.<\/strong> Teljes p\u00e9nzvisszafizet\u00e9si garanci\u00e1t k\u00edn\u00e1lunk. Ha nem teljesen el\u00e9gedett az AdBlue min\u0151s\u00e9g\u00e9vel, visszat\u00e9r\u00edtj\u00fck a v\u00e9tel\u00e1rat. Az \u00d6n megrendel\u00e9se teljesen kock\u00e1zatmentes.<\/p>\n<p><strong><img decoding=\"async\" style=\"margin-right: 12px;\" src=\"https:\/\/www.noleaky.com\/wp-content\/uploads\/2026\/02\/Check.svg\" alt=\"\" width=\"18\" height=\"15\" \/>Megel\u0151zi a motor figyelmeztet\u0151 l\u00e1mp\u00e1it \u00e9s a teljes\u00edtm\u00e9nykorl\u00e1toz\u00e1sokat.<\/strong> A megfelel\u0151 AdBlue-szint fenntart\u00e1sa alapvet\u0151 fontoss\u00e1g\u00fa az SCR-berendez\u00e9ssel ell\u00e1tott j\u00e1rm\u0171vek eset\u00e9ben. Term\u00e9k\u00fcnk biztos\u00edtja a rendszer zavartalan m\u0171k\u00f6d\u00e9s\u00e9t, \u00e9s seg\u00edt megel\u0151zni a figyelmeztet\u0151 jelz\u00e9sek vagy a motor teljes\u00edtm\u00e9ny\u00e9nek cs\u00f6kken\u00e9s\u00e9t.<\/p>\n<p><strong><img decoding=\"async\" style=\"margin-right: 12px;\" src=\"https:\/\/www.noleaky.com\/wp-content\/uploads\/2026\/02\/Check.svg\" alt=\"\" width=\"18\" height=\"15\" \/>V\u00e9di az SCR-kataliz\u00e1tort \u00e9s a befecskendez\u0151 rendszert.<\/strong> A nagy tisztas\u00e1g\u00fa formula megakad\u00e1lyozza a krist\u00e1lyosod\u00e1st, az injektor elt\u00f6m\u0151d\u00e9s\u00e9t \u00e9s a kataliz\u00e1tor szennyez\u0151d\u00e9s\u00e9t. Ez seg\u00edt meghosszabb\u00edtani a kritikus kipufog\u00f3g\u00e1z-ut\u00f3kezel\u0151 alkatr\u00e9szek \u00e9lettartam\u00e1t.<\/p>\n<p><strong><img decoding=\"async\" style=\"margin-right: 12px;\" src=\"https:\/\/www.noleaky.com\/wp-content\/uploads\/2026\/02\/Check.svg\" alt=\"\" width=\"18\" height=\"15\" \/>Alkalmas minden SCR-technol\u00f3gi\u00e1val rendelkez\u0151 d\u00edzel\u00fczem\u0171 j\u00e1rm\u0171h\u00f6z.<\/strong> Kompatibilis szem\u00e9lyg\u00e9pkocsikkal, furgonokkal, teheraut\u00f3kkal, buszokkal, mez\u0151gazdas\u00e1gi g\u00e9pekkel \u00e9s ipari j\u00e1rm\u0171vekkel, amelyek AdBlue-t vagy DEF-et ig\u00e9nyelnek, amely megfelel az ISO 22241 specifik\u00e1ci\u00f3nak.<\/p>\n<p><strong><img decoding=\"async\" style=\"margin-right: 12px;\" src=\"https:\/\/www.noleaky.com\/wp-content\/uploads\/2026\/02\/Check.svg\" alt=\"\" width=\"18\" height=\"15\" \/>Cs\u00f6kkenti a k\u00f6rnyezeti hat\u00e1sokat.<\/strong> A nitrog\u00e9n-oxid-kibocs\u00e1t\u00e1s hat\u00e9kony cs\u00f6kkent\u00e9s\u00e9vel az AdBlue hozz\u00e1j\u00e1rul a tiszt\u00e1bb leveg\u0151h\u00f6z \u00e9s seg\u00edt a szigor\u00fa k\u00f6rnyezetv\u00e9delmi el\u0151\u00edr\u00e1sok betart\u00e1s\u00e1ban.<\/p>\n<p><strong><img decoding=\"async\" style=\"margin-right: 12px;\" src=\"https:\/\/www.noleaky.com\/wp-content\/uploads\/2026\/02\/Check.svg\" alt=\"\" width=\"18\" height=\"15\" \/>K\u00f6nnyen \u00e9s biztons\u00e1gosan kezelhet\u0151.<\/strong> A biztons\u00e1gos, k\u00f6nnyen ki\u00f6nthet\u0151 tart\u00e1lyokba csomagolt AdBlue tiszta, ki\u00f6ml\u00e9s \u00e9s szennyez\u0151d\u00e9s n\u00e9lk\u00fcli ut\u00e1nt\u00f6lt\u00e9st tesz lehet\u0151v\u00e9, \u00edgy a karbantart\u00e1s egyszer\u0171v\u00e9 v\u00e1lik mind a mag\u00e1nszem\u00e9lyek, mind a professzion\u00e1lis \u00fczemeltet\u0151k sz\u00e1m\u00e1ra.<\/p>\n<h2><strong>Utas\u00edt\u00e1sok<\/strong><\/h2>\n<ul>\n<li>Gy\u0151z\u0151dj\u00f6n meg r\u00f3la, hogy j\u00e1rm\u0171ve a gy\u00e1rt\u00f3 el\u0151\u00edr\u00e1sainak megfelel\u0151en AdBlue-t ig\u00e9nyl\u0151 SCR-rendszerrel van felszerelve.<\/li>\n<li>Az ut\u00e1nt\u00f6lt\u00e9s el\u0151tt \u00e1ll\u00edtsa le a j\u00e1rm\u0171vet s\u00edk talajon, \u00e9s \u00e1ll\u00edtsa le a motort.<\/li>\n<li>Keresse meg az AdBlue t\u00f6lt\u0151csapot, amely \u00e1ltal\u00e1ban k\u00e9k sz\u00edn\u0171 \u00e9s a d\u00edzel\u00fczemanyag-t\u00f6lt\u0151csapt\u00f3l k\u00fcl\u00f6n\u00e1ll\u00f3.<\/li>\n<li>\u00d3vatosan nyissa ki a kupakot, \u00e9s a szennyez\u0151d\u00e9s elker\u00fcl\u00e9se \u00e9rdek\u00e9ben haszn\u00e1ljon tiszta ki\u00f6nt\u0151ny\u00edl\u00e1st vagy tart\u00e1lyt.<\/li>\n<li>T\u00f6ltse fel az AdBlue-tart\u00e1lyt a j\u00e1rm\u0171 gy\u00e1rt\u00f3ja \u00e1ltal aj\u00e1nlott kapacit\u00e1snak megfelel\u0151en. Ne t\u00f6ltse t\u00fal.<\/li>\n<li>A tipikus szem\u00e9lyg\u00e9pkocsiknak a tart\u00e1ly m\u00e9ret\u00e9t\u0151l f\u00fcgg\u0151en 10 \u00e9s 20 liter k\u00f6z\u00f6tti mennyis\u00e9gre van sz\u00fcks\u00e9g\u00fck. A pontos mennyis\u00e9get mindig ellen\u0151rizze a j\u00e1rm\u0171 k\u00e9zik\u00f6nyv\u00e9ben.<\/li>\n<li>Ker\u00fclje az AdBlue kever\u00e9s\u00e9t d\u00edzel\u00fczemanyaggal vagy m\u00e1s folyad\u00e9kokkal. Szennyez\u0151d\u00e9s eset\u00e9n ne ind\u00edtsa be a motort, \u00e9s forduljon szakemberhez.<\/li>\n<li>A ki\u00f6ml\u00f6tt folyad\u00e9kot azonnal t\u00f6r\u00f6lje le v\u00edzzel, mivel az AdBlue kisz\u00e1radva kikrist\u00e1lyosodhat.<\/li>\n<li>Az \u00fajrat\u00f6lt\u00e9s ut\u00e1n z\u00e1rja le biztons\u00e1gosan a kupakot, \u00e9s ind\u00edtsa el a j\u00e1rm\u0171vet, hogy a rendszer regisztr\u00e1lja az \u00fajrat\u00f6lt\u00e9st.<\/li>\n<li>Az AdBlue-t h\u0171v\u00f6s, sz\u00e1raz helyen, 5\u00b0C \u00e9s 25\u00b0C k\u00f6z\u00f6tt, k\u00f6zvetlen napf\u00e9nyt\u0151l \u00e9s szennyez\u0151d\u00e9st\u0151l v\u00e9dve t\u00e1rolja.<\/li>\n<\/ul>","protected":false},"excerpt":{"rendered":"<p>Ensures optimal performance of your SCR system. Our AdBlue is a high-purity diesel exhaust fluid specifically designed to work with selective catalytic reduction systems in modern diesel vehicles. It helps convert harmful nitrogen oxides into harmless nitrogen and water vapor, ensuring your vehicle operates efficiently and in compliance with emission standards. The most effective emission [&hellip;]<\/p>\n","protected":false},"featured_media":23030,"comment_status":"open","ping_status":"closed","template":"","meta":{"_uag_custom_page_level_css":"","site-sidebar-layout":"default","site-content-layout":"","ast-site-content-layout":"default","site-content-style":"default","site-sidebar-style":"default","ast-global-header-display":"","ast-banner-title-visibility":"","ast-main-header-display":"","ast-hfb-above-header-display":"","ast-hfb-below-header-display":"","ast-hfb-mobile-header-display":"","site-post-title":"","ast-breadcrumbs-content":"","ast-featured-img":"","footer-sml-layout":"","ast-disable-related-posts":"","theme-transparent-header-meta":"default","adv-header-id-meta":"","stick-header-meta":"","header-above-stick-meta":"","header-main-stick-meta":"","header-below-stick-meta":"","astra-migrate-meta-layouts":"set","ast-page-background-enabled":"default","ast-page-background-meta":{"desktop":{"background-color":"var(--ast-global-color-4)","background-image":"","background-repeat":"repeat","background-position":"center center","background-size":"auto","background-attachment":"scroll","background-type":"","background-media":"","overlay-type":"","overlay-color":"","overlay-opacity":"","overlay-gradient":""},"tablet":{"background-color":"","background-image":"","background-repeat":"repeat","background-position":"center center","background-size":"auto","background-attachment":"scroll","background-type":"","background-media":"","overlay-type":"","overlay-color":"","overlay-opacity":"","overlay-gradient":""},"mobile":{"background-color":"","background-image":"","background-repeat":"repeat","background-position":"center center","background-size":"auto","background-attachment":"scroll","background-type":"","background-media":"","overlay-type":"","overlay-color":"","overlay-opacity":"","overlay-gradient":""}},"ast-content-background-meta":{"desktop":{"background-color":"var(--ast-global-color-5)","background-image":"","background-repeat":"repeat","background-position":"center center","background-size":"auto","background-attachment":"scroll","background-type":"","background-media":"","overlay-type":"","overlay-color":"","overlay-opacity":"","overlay-gradient":""},"tablet":{"background-color":"var(--ast-global-color-5)","background-image":"","background-repeat":"repeat","background-position":"center center","background-size":"auto","background-attachment":"scroll","background-type":"","background-media":"","overlay-type":"","overlay-color":"","overlay-opacity":"","overlay-gradient":""},"mobile":{"background-color":"var(--ast-global-color-5)","background-image":"","background-repeat":"repeat","background-position":"center center","background-size":"auto","background-attachment":"scroll","background-type":"","background-media":"","overlay-type":"","overlay-color":"","overlay-opacity":"","overlay-gradient":""}}},"product_brand":[],"product_cat":[176],"product_tag":[],"class_list":{"0":"post-22976","1":"product","2":"type-product","3":"status-publish","4":"has-post-thumbnail","6":"product_cat-automotive","7":"desktop-align-left","8":"tablet-align-left","9":"mobile-align-left","11":"first","12":"instock","13":"shipping-taxable","14":"purchasable","15":"product-type-simple"},"spectra_custom_meta":{"_visibility":["visible"],"_shopify_product_id":["8039218217180"],"_s2w_shopify_domain":["noleaky.myshopify.com"],"_shopify_variant_id":["43919848636636"],"_manage_stock":["no"],"total_sales":["10"],"_tax_status":["taxable"],"_tax_class":[""],"_backorders":["no"],"_sold_individually":["no"],"_virtual":["no"],"_downloadable":["no"],"_download_limit":["-1"],"_download_expiry":["-1"],"_stock":[null],"_stock_status":["instock"],"_wc_average_rating":["4.97"],"_wc_review_count":["69"],"_product_version":["10.5.2"],"_thumbnail_id":["23030"],"_edit_lock":["1772381425:1"],"merchant-center-availability":["yes"],"merchant-center-category":["2788"],"merchant-center-id":["ADB5L"],"_edit_last":["1"],"_wp_page_template":["default"],"site-sidebar-layout":["default"],"ast-site-content-layout":["default"],"site-content-style":["default"],"site-sidebar-style":["default"],"theme-transparent-header-meta":["default"],"_wc_rating_count":["a:2:{i:4;i:2;i:5;i:67;}"],"_price":["19.90"],"_regular_price":["19.90"],"_sku":["NLADBLUE25L"],"_global_unique_id":["5056773800960"],"_upsell_ids":["a:3:{i:0;i:22975;i:1;i:23022;i:2;i:23025;}"],"_crosssell_ids":["a:3:{i:0;i:22975;i:1;i:23022;i:2;i:23025;}"],"_weight":["23"],"astra-migrate-meta-layouts":["set"],"_uag_css_file_name":["uag-css-22976.css"],"_elementor_page_assets":["a:0:{}"],"_uag_page_assets":["a:9:{s:3:\"css\";s:6873:\".wp-block-uagb-image{display:flex}.wp-block-uagb-image__figure{position:relative;display:flex;flex-direction:column;max-width:100%;height:auto;margin:0}.wp-block-uagb-image__figure img{height:auto;display:flex;max-width:100%;transition:box-shadow .2s ease}.wp-block-uagb-image__figure>a{display:inline-block}.wp-block-uagb-image__figure figcaption{text-align:center;margin-top:.5em;margin-bottom:1em}.wp-block-uagb-image .components-placeholder.block-editor-media-placeholder .components-placeholder__instructions{align-self:center}.wp-block-uagb-image--align-left{text-align:left}.wp-block-uagb-image--align-right{text-align:right}.wp-block-uagb-image--align-center{text-align:center}.wp-block-uagb-image--align-full .wp-block-uagb-image__figure{margin-left:calc(50% - 50vw);margin-right:calc(50% - 50vw);max-width:100vw;width:100vw;height:auto}.wp-block-uagb-image--align-full .wp-block-uagb-image__figure img{height:auto;width:100% !important}.wp-block-uagb-image--align-wide .wp-block-uagb-image__figure img{height:auto;width:100%}.wp-block-uagb-image--layout-overlay__color-wrapper{position:absolute;left:0;top:0;right:0;bottom:0;opacity:.2;background:rgba(0,0,0,.5);transition:opacity .35s ease-in-out}.wp-block-uagb-image--layout-overlay-link{position:absolute;left:0;right:0;bottom:0;top:0}.wp-block-uagb-image--layout-overlay .wp-block-uagb-image__figure:hover .wp-block-uagb-image--layout-overlay__color-wrapper{opacity:1}.wp-block-uagb-image--layout-overlay__inner{position:absolute;left:15px;right:15px;bottom:15px;top:15px;display:flex;align-items:center;justify-content:center;flex-direction:column;border-color:#fff;transition:.35s ease-in-out}.wp-block-uagb-image--layout-overlay__inner.top-left,.wp-block-uagb-image--layout-overlay__inner.top-center,.wp-block-uagb-image--layout-overlay__inner.top-right{justify-content:flex-start}.wp-block-uagb-image--layout-overlay__inner.bottom-left,.wp-block-uagb-image--layout-overlay__inner.bottom-center,.wp-block-uagb-image--layout-overlay__inner.bottom-right{justify-content:flex-end}.wp-block-uagb-image--layout-overlay__inner.top-left,.wp-block-uagb-image--layout-overlay__inner.center-left,.wp-block-uagb-image--layout-overlay__inner.bottom-left{align-items:flex-start}.wp-block-uagb-image--layout-overlay__inner.top-right,.wp-block-uagb-image--layout-overlay__inner.center-right,.wp-block-uagb-image--layout-overlay__inner.bottom-right{align-items:flex-end}.wp-block-uagb-image--layout-overlay__inner .uagb-image-heading{color:#fff;transition:transform .35s,opacity .35s ease-in-out;transform:translate3d(0, 24px, 0);margin:0;line-height:1em}.wp-block-uagb-image--layout-overlay__inner .uagb-image-separator{width:30%;border-top-width:2px;border-top-color:#fff;border-top-style:solid;margin-bottom:10px;opacity:0;transition:transform .4s,opacity .4s ease-in-out;transform:translate3d(0, 30px, 0)}.wp-block-uagb-image--layout-overlay__inner .uagb-image-caption{opacity:0;overflow:visible;color:#fff;transition:transform .45s,opacity .45s ease-in-out;transform:translate3d(0, 35px, 0)}.wp-block-uagb-image--layout-overlay__inner:hover .uagb-image-heading,.wp-block-uagb-image--layout-overlay__inner:hover .uagb-image-separator,.wp-block-uagb-image--layout-overlay__inner:hover .uagb-image-caption{opacity:1;transform:translate3d(0, 0, 0)}.wp-block-uagb-image--effect-zoomin .wp-block-uagb-image__figure img,.wp-block-uagb-image--effect-zoomin .wp-block-uagb-image__figure .wp-block-uagb-image--layout-overlay__color-wrapper{transform:scale(1);transition:transform .35s ease-in-out}.wp-block-uagb-image--effect-zoomin .wp-block-uagb-image__figure:hover img,.wp-block-uagb-image--effect-zoomin .wp-block-uagb-image__figure:hover .wp-block-uagb-image--layout-overlay__color-wrapper{transform:scale(1.05)}.wp-block-uagb-image--effect-slide .wp-block-uagb-image__figure img,.wp-block-uagb-image--effect-slide .wp-block-uagb-image__figure .wp-block-uagb-image--layout-overlay__color-wrapper{width:calc(100% + 40px) !important;max-width:none !important;transform:translate3d(-40px, 0, 0);transition:transform .35s ease-in-out}.wp-block-uagb-image--effect-slide .wp-block-uagb-image__figure:hover img,.wp-block-uagb-image--effect-slide .wp-block-uagb-image__figure:hover .wp-block-uagb-image--layout-overlay__color-wrapper{transform:translate3d(0, 0, 0)}.wp-block-uagb-image--effect-grayscale img{filter:grayscale(0%);transition:.35s ease-in-out}.wp-block-uagb-image--effect-grayscale:hover img{filter:grayscale(100%)}.wp-block-uagb-image--effect-blur img{filter:blur(0);transition:.35s ease-in-out}.wp-block-uagb-image--effect-blur:hover img{filter:blur(3px)}.uagb-block-e6f939b3.wp-block-uagb-image--layout-default figure img{box-shadow: 0px 0px 0 #00000070;}.uagb-block-e6f939b3.wp-block-uagb-image .wp-block-uagb-image__figure figcaption{font-style: normal;align-self: center;}.uagb-block-e6f939b3.wp-block-uagb-image--layout-overlay figure img{box-shadow: 0px 0px 0 #00000070;}.uagb-block-e6f939b3.wp-block-uagb-image--layout-overlay .wp-block-uagb-image--layout-overlay__color-wrapper{opacity: 0.2;}.uagb-block-e6f939b3.wp-block-uagb-image--layout-overlay .wp-block-uagb-image--layout-overlay__inner{left: 15px;right: 15px;top: 15px;bottom: 15px;}.uagb-block-e6f939b3.wp-block-uagb-image--layout-overlay .wp-block-uagb-image--layout-overlay__inner .uagb-image-heading{font-style: normal;color: #fff;opacity: 1;}.uagb-block-e6f939b3.wp-block-uagb-image--layout-overlay .wp-block-uagb-image--layout-overlay__inner .uagb-image-heading a{color: #fff;}.uagb-block-e6f939b3.wp-block-uagb-image--layout-overlay .wp-block-uagb-image--layout-overlay__inner .uagb-image-caption{opacity: 0;}.uagb-block-e6f939b3.wp-block-uagb-image--layout-overlay .wp-block-uagb-image__figure:hover .wp-block-uagb-image--layout-overlay__color-wrapper{opacity: 1;}.uagb-block-e6f939b3.wp-block-uagb-image .wp-block-uagb-image--layout-overlay__inner .uagb-image-separator{width: 30%;border-top-width: 2px;border-top-color: #fff;opacity: 0;}.uagb-block-e6f939b3.wp-block-uagb-image .wp-block-uagb-image__figure img{width: px;height: auto;}.uagb-block-e6f939b3.wp-block-uagb-image .wp-block-uagb-image__figure:hover .wp-block-uagb-image--layout-overlay__inner .uagb-image-caption{opacity: 1;}.uagb-block-e6f939b3.wp-block-uagb-image .wp-block-uagb-image__figure:hover .wp-block-uagb-image--layout-overlay__inner .uagb-image-separator{opacity: 1;}.uagb-block-e6f939b3.wp-block-uagb-image--layout-default figure:hover img{box-shadow: 0px 0px 0 #00000070;}.uagb-block-e6f939b3.wp-block-uagb-image--layout-overlay figure:hover img{box-shadow: 0px 0px 0 #00000070;}@media only screen and (max-width: 976px) {.uagb-block-e6f939b3.wp-block-uagb-image .wp-block-uagb-image__figure img{width: px;height: auto;}}@media only screen and (max-width: 767px) {.uagb-block-e6f939b3.wp-block-uagb-image .wp-block-uagb-image__figure img{width: px;height: auto;}}\";s:2:\"js\";s:0:\"\";s:18:\"current_block_list\";a:13:{i:0;s:11:\"core\/search\";i:1;s:10:\"core\/group\";i:2;s:12:\"core\/heading\";i:3;s:17:\"core\/latest-posts\";i:4;s:20:\"core\/latest-comments\";i:5;s:13:\"core\/archives\";i:6;s:15:\"core\/categories\";i:7;s:14:\"core\/paragraph\";i:8;s:10:\"uagb\/image\";i:9;s:11:\"core\/spacer\";i:10;s:30:\"woocommerce\/product-categories\";i:11;s:10:\"core\/image\";i:12;s:14:\"core\/shortcode\";}s:8:\"uag_flag\";b:1;s:11:\"uag_version\";s:10:\"1776831218\";s:6:\"gfonts\";a:0:{}s:10:\"gfonts_url\";s:0:\"\";s:12:\"gfonts_files\";a:0:{}s:14:\"uag_faq_layout\";b:0;}"]},"uagb_featured_image_src":{"full":["https:\/\/www.noleaky.com\/wp-content\/uploads\/2025\/06\/AdBlue.png",2560,2560,false],"thumbnail":["https:\/\/www.noleaky.com\/wp-content\/uploads\/2025\/06\/AdBlue-150x150.png",150,150,true],"medium":["https:\/\/www.noleaky.com\/wp-content\/uploads\/2025\/06\/AdBlue-300x300.png",300,300,true],"medium_large":["https:\/\/www.noleaky.com\/wp-content\/uploads\/2025\/06\/AdBlue-768x768.png",768,768,true],"large":["https:\/\/www.noleaky.com\/wp-content\/uploads\/2025\/06\/AdBlue-1024x1024.png",1024,1024,true],"1536x1536":["https:\/\/www.noleaky.com\/wp-content\/uploads\/2025\/06\/AdBlue-1536x1536.png",1536,1536,true],"2048x2048":["https:\/\/www.noleaky.com\/wp-content\/uploads\/2025\/06\/AdBlue-2048x2048.png",2048,2048,true],"trp-custom-language-flag":["https:\/\/www.noleaky.com\/wp-content\/uploads\/2025\/06\/AdBlue-12x12.png",12,12,true],"woocommerce_thumbnail":["https:\/\/www.noleaky.com\/wp-content\/uploads\/2025\/06\/AdBlue-300x300.png",300,300,true],"woocommerce_single":["https:\/\/www.noleaky.com\/wp-content\/uploads\/2025\/06\/AdBlue-600x600.png",600,600,true],"woocommerce_gallery_thumbnail":["https:\/\/www.noleaky.com\/wp-content\/uploads\/2025\/06\/AdBlue-100x100.png",100,100,true]},"uagb_author_info":{"display_name":"admin","author_link":"https:\/\/www.noleaky.com\/hu\/author\/"},"uagb_comment_info":69,"uagb_excerpt":"Ensures optimal performance of your SCR system. Our AdBlue is a high-purity diesel exhaust fluid specifically designed to work with selective catalytic reduction systems in modern diesel vehicles. It helps convert harmful nitrogen oxides into harmless nitrogen and water vapor, ensuring your vehicle operates efficiently and in compliance with emission standards. The most effective emission&hellip;","_links":{"self":[{"href":"https:\/\/www.noleaky.com\/hu\/wp-json\/wp\/v2\/product\/22976","targetHints":{"allow":["GET"]}}],"collection":[{"href":"https:\/\/www.noleaky.com\/hu\/wp-json\/wp\/v2\/product"}],"about":[{"href":"https:\/\/www.noleaky.com\/hu\/wp-json\/wp\/v2\/types\/product"}],"replies":[{"embeddable":true,"href":"https:\/\/www.noleaky.com\/hu\/wp-json\/wp\/v2\/comments?post=22976"}],"version-history":[{"count":4,"href":"https:\/\/www.noleaky.com\/hu\/wp-json\/wp\/v2\/product\/22976\/revisions"}],"predecessor-version":[{"id":33300,"href":"https:\/\/www.noleaky.com\/hu\/wp-json\/wp\/v2\/product\/22976\/revisions\/33300"}],"wp:featuredmedia":[{"embeddable":true,"href":"https:\/\/www.noleaky.com\/hu\/wp-json\/wp\/v2\/media\/23030"}],"wp:attachment":[{"href":"https:\/\/www.noleaky.com\/hu\/wp-json\/wp\/v2\/media?parent=22976"}],"wp:term":[{"taxonomy":"product_brand","embeddable":true,"href":"https:\/\/www.noleaky.com\/hu\/wp-json\/wp\/v2\/product_brand?post=22976"},{"taxonomy":"product_cat","embeddable":true,"href":"https:\/\/www.noleaky.com\/hu\/wp-json\/wp\/v2\/product_cat?post=22976"},{"taxonomy":"product_tag","embeddable":true,"href":"https:\/\/www.noleaky.com\/hu\/wp-json\/wp\/v2\/product_tag?post=22976"}],"curies":[{"name":"wp","href":"https:\/\/api.w.org\/{rel}","templated":true}]}}