{"id":22975,"date":"2025-06-02T15:48:54","date_gmt":"2025-06-02T13:48:54","guid":{"rendered":"https:\/\/www.noleaky.com\/products\/5-in-1-engine-cleaner\/"},"modified":"2026-03-01T17:14:41","modified_gmt":"2026-03-01T16:14:41","slug":"5-in-1-engine-cleaner","status":"publish","type":"product","link":"https:\/\/www.noleaky.com\/hu\/products\/5-in-1-engine-cleaner\/","title":{"rendered":"5 az 1-ben motortiszt\u00edt\u00f3"},"content":{"rendered":"<p><strong><img decoding=\"async\" style=\"margin-right: 12px;\" src=\"https:\/\/www.noleaky.com\/wp-content\/uploads\/2026\/02\/Check.svg\" alt=\"\" width=\"18\" height=\"15\" \/>Tiszt\u00edtja \u00e9s v\u00e9di a motort \u00f6t er\u0151teljes m\u0171velettel egyetlen kezel\u00e9ssel.<\/strong> Az 5 az 1-ben motortiszt\u00edt\u00f3t kifejezetten \u00fagy tervezt\u00e9k, hogy egyszerre tiszt\u00edtsa az injektorokat, a sz\u00edv\u00f3szelepeket, az \u00e9g\u00e9sterm\u00e9ket, a turb\u00f3 alkatr\u00e9szeit \u00e9s az \u00fczemanyagrendszert. Elt\u00e1vol\u00edtja a k\u00e1ros lerak\u00f3d\u00e1sokat, mik\u00f6zben jav\u00edtja a motor \u00e1ltal\u00e1nos teljes\u00edtm\u00e9ny\u00e9t, \u00edgy egy palackban teljes karbantart\u00e1si megold\u00e1st k\u00edn\u00e1l.<\/p>\n<p><strong><img decoding=\"async\" style=\"margin-right: 12px;\" src=\"https:\/\/www.noleaky.com\/wp-content\/uploads\/2026\/02\/Check.svg\" alt=\"\" width=\"18\" height=\"15\" \/>A leghat\u00e9konyabb t\u00f6bbfunkci\u00f3s motortiszt\u00edt\u00f3 formula a piacon.<\/strong> Fejlett mos\u00f3szer\u00e9nek \u00e9s az \u00e9g\u00e9st el\u0151seg\u00edt\u0151 technol\u00f3gi\u00e1j\u00e1nak k\u00f6sz\u00f6nhet\u0151en ez a term\u00e9k gyorsabban \u00e9s alaposabban hatol be \u00e9s oldja fel a sz\u00e9nlerak\u00f3d\u00e1sokat, mint a szok\u00e1sos \u00fczemanyag-adal\u00e9kanyagok. A motor hat\u00e9konys\u00e1g\u00e1t bel\u00fclr\u0151l kifel\u00e9 haladva \u00e1ll\u00edtja helyre.<\/p>\n<p><strong><img decoding=\"async\" style=\"margin-right: 12px;\" src=\"https:\/\/www.noleaky.com\/wp-content\/uploads\/2026\/02\/Check.svg\" alt=\"\" width=\"18\" height=\"15\" \/>Az el\u00e9rhet\u0151 legolcs\u00f3bb, minden egyben professzion\u00e1lis min\u0151s\u00e9g\u0171 megold\u00e1s.<\/strong> Pr\u00e9mium teljes\u00edtm\u00e9nyt k\u00edn\u00e1lunk a legversenyk\u00e9pesebb \u00e1ron. Ahelyett, hogy t\u00f6bb k\u00fcl\u00f6n\u00e1ll\u00f3 kezel\u00e9st v\u00e1s\u00e1rolna, \u00f6t alapvet\u0151 tiszt\u00edt\u00e1si funkci\u00f3t kap egyetlen megfizethet\u0151 term\u00e9kben.<\/p>\n<p><strong><img decoding=\"async\" style=\"margin-right: 12px;\" src=\"https:\/\/www.noleaky.com\/wp-content\/uploads\/2026\/02\/Check.svg\" alt=\"\" width=\"18\" height=\"15\" \/>24 \u00f3r\u00e1s sz\u00e1ll\u00edt\u00e1s azonnali karbantart\u00e1si ig\u00e9nyek eset\u00e9n.<\/strong> Garant\u00e1ljuk a 24 \u00f3r\u00e1s sz\u00e1ll\u00edt\u00e1st, \u00edgy k\u00e9sedelem n\u00e9lk\u00fcl, gyorsan orvosolhatja az olyan teljes\u00edtm\u00e9nyprobl\u00e9m\u00e1kat, mint a durva \u00fcresj\u00e1rat, a cs\u00f6kkent teljes\u00edtm\u00e9ny vagy a megn\u00f6vekedett \u00fczemanyag-fogyaszt\u00e1s.<\/p>\n<p><strong><img decoding=\"async\" style=\"margin-right: 12px;\" src=\"https:\/\/www.noleaky.com\/wp-content\/uploads\/2026\/02\/Check.svg\" alt=\"\" width=\"18\" height=\"15\" \/>P\u00e9nzvisszafizet\u00e9si garancia a teljes lelki nyugalom\u00e9rt.<\/strong> Teljes p\u00e9nzvisszafizet\u00e9si garanci\u00e1t k\u00edn\u00e1lunk. Ha nem teljesen el\u00e9gedett az 5 az 1-ben motor tiszt\u00edt\u00f3szer\u00fcnk eredm\u00e9ny\u00e9vel, visszat\u00e9r\u00edtj\u00fck a v\u00e9tel\u00e1rat. Az \u00d6n befektet\u00e9se teljesen kock\u00e1zatmentes.<\/p>\n<p><strong><img decoding=\"async\" style=\"margin-right: 12px;\" src=\"https:\/\/www.noleaky.com\/wp-content\/uploads\/2026\/02\/Check.svg\" alt=\"\" width=\"18\" height=\"15\" \/>Vissza\u00e1ll\u00edtja a motor teljes\u00edtm\u00e9ny\u00e9t \u00e9s gyorsul\u00e1s\u00e1t.<\/strong> A kulcsfontoss\u00e1g\u00fa alkatr\u00e9szek sz\u00e9nlerak\u00f3d\u00e1sainak elt\u00e1vol\u00edt\u00e1s\u00e1val a term\u00e9k jav\u00edtja a l\u00e9g\u00e1raml\u00e1st \u00e9s az \u00e9g\u00e9s min\u0151s\u00e9g\u00e9t, seg\u00edt visszaszerezni az elveszett l\u00f3er\u0151t \u00e9s sim\u00e1bb g\u00e1zreakci\u00f3t.<\/p>\n<p><strong><img decoding=\"async\" style=\"margin-right: 12px;\" src=\"https:\/\/www.noleaky.com\/wp-content\/uploads\/2026\/02\/Check.svg\" alt=\"\" width=\"18\" height=\"15\" \/>Jav\u00edtja az \u00fczemanyag-hat\u00e9konys\u00e1got \u00e9s cs\u00f6kkenti a fogyaszt\u00e1st.<\/strong> A tiszt\u00e1bb injektorok \u00e9s az optimaliz\u00e1lt \u00e9g\u00e9s lehet\u0151v\u00e9 teszi, hogy a motor hat\u00e9konyabban \u00e9gesse el az \u00fczemanyagot, ami cs\u00f6kkentheti az \u00fczemanyag-felhaszn\u00e1l\u00e1st \u00e9s az \u00fczemeltet\u00e9si k\u00f6lts\u00e9geket.<\/p>\n<p><strong><img decoding=\"async\" style=\"margin-right: 12px;\" src=\"https:\/\/www.noleaky.com\/wp-content\/uploads\/2026\/02\/Check.svg\" alt=\"\" width=\"18\" height=\"15\" \/>Cs\u00f6kkenti a k\u00e1rosanyag-kibocs\u00e1t\u00e1st \u00e9s a kipufog\u00f3g\u00e1z f\u00fcstj\u00e9t.<\/strong> A tiszt\u00e1bb \u00e9g\u00e9s el\u0151seg\u00edt\u00e9s\u00e9vel \u00e9s a koromlerak\u00f3d\u00e1sok elt\u00e1vol\u00edt\u00e1s\u00e1val a formula seg\u00edt cs\u00f6kkenteni a k\u00e1rosanyag-kibocs\u00e1t\u00e1st \u00e9s a l\u00e1that\u00f3 f\u00fcst\u00f6t, hozz\u00e1j\u00e1rulva a tiszt\u00e1bb kipufog\u00f3rendszerhez.<\/p>\n<p><strong><img decoding=\"async\" style=\"margin-right: 12px;\" src=\"https:\/\/www.noleaky.com\/wp-content\/uploads\/2026\/02\/Check.svg\" alt=\"\" width=\"18\" height=\"15\" \/>Meghosszabb\u00edtja a motor \u00e9lettartam\u00e1t \u00e9s cs\u00f6kkenti a kop\u00e1st.<\/strong> A sz\u00e9nlerak\u00f3d\u00e1sok n\u00f6velik a s\u00farl\u00f3d\u00e1st \u00e9s az egyenetlen \u00e9g\u00e9st. Az 5 az 1-ben tiszt\u00edt\u00f3szer\u00fcnk rendszeres haszn\u00e1lata seg\u00edt fenntartani a sim\u00e1bb m\u0171k\u00f6d\u00e9st, \u00e9s megv\u00e9di a bels\u0151 alkatr\u00e9szeket az id\u0151 el\u0151tti kop\u00e1st\u00f3l.<\/p>\n<p><strong><img decoding=\"async\" style=\"margin-right: 12px;\" src=\"https:\/\/www.noleaky.com\/wp-content\/uploads\/2026\/02\/Check.svg\" alt=\"\" width=\"18\" height=\"15\" \/>K\u00f6nny\u0171, tart\u00e1lyba \u00f6nthet\u0151 alkalmaz\u00e1s a professzion\u00e1lis eredm\u00e9nyek\u00e9rt.<\/strong> A k\u00e9nyelem \u00e9rdek\u00e9ben tervezett term\u00e9k egyszer\u0171en az \u00fczemanyagtart\u00e1lyhoz adhat\u00f3, \u00e9s norm\u00e1l vezet\u00e9s k\u00f6zben automatikusan m\u0171k\u00f6dik, nem ig\u00e9nyel speci\u00e1lis szersz\u00e1mokat vagy mechanikus sz\u00e9tszerel\u00e9st.<\/p>\n<h2><strong>Utas\u00edt\u00e1sok<\/strong><\/h2>\n<ul>\n<li>A term\u00e9k hozz\u00e1ad\u00e1sa el\u0151tt gy\u0151z\u0151dj\u00f6n meg arr\u00f3l, hogy az \u00fczemanyagszint alacsony (ide\u00e1lis esetben a tart\u00e1ly egynegyede alatt).<\/li>\n<li>Haszn\u00e1lat el\u0151tt alaposan r\u00e1zza fel a flakont.<\/li>\n<li>\u00d6ntse a palack teljes tartalm\u00e1t k\u00f6zvetlen\u00fcl az \u00fczemanyagtart\u00e1lyba.<\/li>\n<li>A megfelel\u0151 kevered\u00e9s \u00e9rdek\u00e9ben a term\u00e9k hozz\u00e1ad\u00e1sa ut\u00e1n azonnal t\u00f6ltse fel a tart\u00e1lyt \u00fczemanyaggal.<\/li>\n<li>Egy teljes palack k\u00f6r\u00fclbel\u00fcl 40-60 literes \u00fczemanyagtart\u00e1lyhoz elegend\u0151. Kisebb tart\u00e1lyok eset\u00e9n ar\u00e1nyosan \u00e1ll\u00edtsa be az adagol\u00e1st.<\/li>\n<li>Tankol\u00e1s ut\u00e1n vezesse a j\u00e1rm\u0171vet norm\u00e1lisan, hogy a tiszt\u00edt\u00f3szer \u00e1tj\u00e1rja az \u00fczemanyagrendszert \u00e9s a motor alkatr\u00e9szeit.<\/li>\n<li>Az optim\u00e1lis eredm\u00e9ny \u00e9rdek\u00e9ben legal\u00e1bb 20-30 percig egyenletes motorfordulatsz\u00e1mon vezessen, hogy el\u0151seg\u00edtse az alapos tiszt\u00edt\u00e1st.<\/li>\n<li>Er\u0151s sz\u00e9nlerak\u00f3d\u00e1s eset\u00e9n a kezelt tart\u00e1ly elfogyaszt\u00e1sa ut\u00e1n egy m\u00e1sodik kezel\u00e9s is elv\u00e9gezhet\u0151.<\/li>\n<li>A megel\u0151z\u0151 karbantart\u00e1s \u00e9rdek\u00e9ben a vezet\u00e9si k\u00f6r\u00fclm\u00e9nyekt\u0151l f\u00fcgg\u0151en 5000-10 000 kilom\u00e9terenk\u00e9nt haszn\u00e1lja az 5 az 1-ben motortiszt\u00edt\u00f3t.<\/li>\n<li>Ne l\u00e9pje t\u00fal az aj\u00e1nlott adagot, \u00e9s a term\u00e9ket h\u0171v\u00f6s, sz\u00e1raz helyen, k\u00f6zvetlen napf\u00e9nyt\u0151l \u00e9s h\u0151forr\u00e1st\u00f3l t\u00e1vol t\u00e1rolja.<\/li>\n<\/ul>","protected":false},"excerpt":{"rendered":"<p>Cleans and protects your engine with five powerful actions in one single treatment. Our 5-in-1 engine cleaner is specially engineered to clean injectors, intake valves, combustion chambers, turbo components, and the fuel system simultaneously. It removes harmful deposits while improving overall engine performance, making it a complete maintenance solution in one bottle. The most effective [&hellip;]<\/p>\n","protected":false},"featured_media":22990,"comment_status":"open","ping_status":"closed","template":"","meta":{"_uag_custom_page_level_css":"","site-sidebar-layout":"default","site-content-layout":"","ast-site-content-layout":"default","site-content-style":"default","site-sidebar-style":"default","ast-global-header-display":"","ast-banner-title-visibility":"","ast-main-header-display":"","ast-hfb-above-header-display":"","ast-hfb-below-header-display":"","ast-hfb-mobile-header-display":"","site-post-title":"","ast-breadcrumbs-content":"","ast-featured-img":"","footer-sml-layout":"","ast-disable-related-posts":"","theme-transparent-header-meta":"default","adv-header-id-meta":"","stick-header-meta":"","header-above-stick-meta":"","header-main-stick-meta":"","header-below-stick-meta":"","astra-migrate-meta-layouts":"set","ast-page-background-enabled":"default","ast-page-background-meta":{"desktop":{"background-color":"var(--ast-global-color-4)","background-image":"","background-repeat":"repeat","background-position":"center center","background-size":"auto","background-attachment":"scroll","background-type":"","background-media":"","overlay-type":"","overlay-color":"","overlay-opacity":"","overlay-gradient":""},"tablet":{"background-color":"","background-image":"","background-repeat":"repeat","background-position":"center center","background-size":"auto","background-attachment":"scroll","background-type":"","background-media":"","overlay-type":"","overlay-color":"","overlay-opacity":"","overlay-gradient":""},"mobile":{"background-color":"","background-image":"","background-repeat":"repeat","background-position":"center center","background-size":"auto","background-attachment":"scroll","background-type":"","background-media":"","overlay-type":"","overlay-color":"","overlay-opacity":"","overlay-gradient":""}},"ast-content-background-meta":{"desktop":{"background-color":"var(--ast-global-color-5)","background-image":"","background-repeat":"repeat","background-position":"center center","background-size":"auto","background-attachment":"scroll","background-type":"","background-media":"","overlay-type":"","overlay-color":"","overlay-opacity":"","overlay-gradient":""},"tablet":{"background-color":"var(--ast-global-color-5)","background-image":"","background-repeat":"repeat","background-position":"center center","background-size":"auto","background-attachment":"scroll","background-type":"","background-media":"","overlay-type":"","overlay-color":"","overlay-opacity":"","overlay-gradient":""},"mobile":{"background-color":"var(--ast-global-color-5)","background-image":"","background-repeat":"repeat","background-position":"center center","background-size":"auto","background-attachment":"scroll","background-type":"","background-media":"","overlay-type":"","overlay-color":"","overlay-opacity":"","overlay-gradient":""}}},"product_brand":[],"product_cat":[176],"product_tag":[],"class_list":{"0":"post-22975","1":"product","2":"type-product","3":"status-publish","4":"has-post-thumbnail","6":"product_cat-automotive","7":"desktop-align-left","8":"tablet-align-left","9":"mobile-align-left","11":"first","12":"instock","13":"shipping-taxable","14":"purchasable","15":"product-type-simple"},"spectra_custom_meta":{"_visibility":["visible"],"_shopify_product_id":["7960295375068"],"_s2w_shopify_domain":["noleaky.myshopify.com"],"_shopify_variant_id":["43735145545948"],"_sku":["NL51ENGINECLEANER"],"_regular_price":["29.90"],"_price":["29.90"],"_sale_price":[""],"_weight":["0.35"],"_thumbnail_id":["22990"],"_global_unique_id":["5056773800618"],"total_sales":["71"],"_tax_status":["taxable"],"_tax_class":[""],"_manage_stock":["no"],"_backorders":["no"],"_sold_individually":["no"],"_virtual":["no"],"_downloadable":["no"],"_download_limit":["-1"],"_download_expiry":["-1"],"_stock":[null],"_stock_status":["instock"],"_wc_average_rating":["4.98"],"_wc_review_count":["63"],"_product_version":["10.5.2"],"_edit_lock":["1772381552:1"],"merchant-center-availability":["yes"],"merchant-center-category":["2788"],"merchant-center-id":["5I1EC"],"_edit_last":["1"],"_wp_page_template":["default"],"site-sidebar-layout":["default"],"ast-site-content-layout":["default"],"site-content-style":["default"],"site-sidebar-style":["default"],"theme-transparent-header-meta":["default"],"_wc_rating_count":["a:2:{i:4;i:1;i:5;i:62;}"],"_upsell_ids":["a:3:{i:0;i:22985;i:1;i:22986;i:2;i:23011;}"],"_crosssell_ids":["a:3:{i:0;i:22985;i:1;i:22986;i:2;i:23011;}"],"astra-migrate-meta-layouts":["set"],"_uag_css_file_name":["uag-css-22975.css"],"_elementor_page_assets":["a:0:{}"],"_uag_page_assets":["a:9:{s:3:\"css\";s:6893:\".wp-block-uagb-image{display:flex}.wp-block-uagb-image__figure{position:relative;display:flex;flex-direction:column;max-width:100%;height:auto;margin:0}.wp-block-uagb-image__figure img{height:auto;display:flex;max-width:100%;transition:box-shadow 0.2s ease}.wp-block-uagb-image__figure>a{display:inline-block}.wp-block-uagb-image__figure figcaption{text-align:center;margin-top:0.5em;margin-bottom:1em}.wp-block-uagb-image .components-placeholder.block-editor-media-placeholder .components-placeholder__instructions{align-self:center}.wp-block-uagb-image--align-left{text-align:left}.wp-block-uagb-image--align-right{text-align:right}.wp-block-uagb-image--align-center{text-align:center}.wp-block-uagb-image--align-full .wp-block-uagb-image__figure{margin-left:calc(50% - 50vw);margin-right:calc(50% - 50vw);max-width:100vw;width:100vw;height:auto}.wp-block-uagb-image--align-full .wp-block-uagb-image__figure img{height:auto;width:100% !important}.wp-block-uagb-image--align-wide .wp-block-uagb-image__figure img{height:auto;width:100%}.wp-block-uagb-image--layout-overlay__color-wrapper{position:absolute;left:0;top:0;right:0;bottom:0;opacity:0.2;background:rgba(0,0,0,0.5);transition:opacity 0.35s ease-in-out}.wp-block-uagb-image--layout-overlay-link{position:absolute;left:0;right:0;bottom:0;top:0}.wp-block-uagb-image--layout-overlay .wp-block-uagb-image__figure:hover .wp-block-uagb-image--layout-overlay__color-wrapper{opacity:1}.wp-block-uagb-image--layout-overlay__inner{position:absolute;left:15px;right:15px;bottom:15px;top:15px;display:flex;align-items:center;justify-content:center;flex-direction:column;border-color:#fff;transition:0.35s ease-in-out}.wp-block-uagb-image--layout-overlay__inner.top-left,.wp-block-uagb-image--layout-overlay__inner.top-center,.wp-block-uagb-image--layout-overlay__inner.top-right{justify-content:flex-start}.wp-block-uagb-image--layout-overlay__inner.bottom-left,.wp-block-uagb-image--layout-overlay__inner.bottom-center,.wp-block-uagb-image--layout-overlay__inner.bottom-right{justify-content:flex-end}.wp-block-uagb-image--layout-overlay__inner.top-left,.wp-block-uagb-image--layout-overlay__inner.center-left,.wp-block-uagb-image--layout-overlay__inner.bottom-left{align-items:flex-start}.wp-block-uagb-image--layout-overlay__inner.top-right,.wp-block-uagb-image--layout-overlay__inner.center-right,.wp-block-uagb-image--layout-overlay__inner.bottom-right{align-items:flex-end}.wp-block-uagb-image--layout-overlay__inner .uagb-image-heading{color:#fff;transition:transform 0.35s, opacity 0.35s ease-in-out;transform:translate3d(0, 24px, 0);margin:0;line-height:1em}.wp-block-uagb-image--layout-overlay__inner .uagb-image-separator{width:30%;border-top-width:2px;border-top-color:#fff;border-top-style:solid;margin-bottom:10px;opacity:0;transition:transform 0.4s, opacity 0.4s ease-in-out;transform:translate3d(0, 30px, 0)}.wp-block-uagb-image--layout-overlay__inner .uagb-image-caption{opacity:0;overflow:visible;color:#fff;transition:transform 0.45s, opacity 0.45s ease-in-out;transform:translate3d(0, 35px, 0)}.wp-block-uagb-image--layout-overlay__inner:hover .uagb-image-heading,.wp-block-uagb-image--layout-overlay__inner:hover .uagb-image-separator,.wp-block-uagb-image--layout-overlay__inner:hover .uagb-image-caption{opacity:1;transform:translate3d(0, 0, 0)}.wp-block-uagb-image--effect-zoomin .wp-block-uagb-image__figure img,.wp-block-uagb-image--effect-zoomin .wp-block-uagb-image__figure .wp-block-uagb-image--layout-overlay__color-wrapper{transform:scale(1);transition:transform 0.35s ease-in-out}.wp-block-uagb-image--effect-zoomin .wp-block-uagb-image__figure:hover img,.wp-block-uagb-image--effect-zoomin .wp-block-uagb-image__figure:hover .wp-block-uagb-image--layout-overlay__color-wrapper{transform:scale(1.05)}.wp-block-uagb-image--effect-slide .wp-block-uagb-image__figure img,.wp-block-uagb-image--effect-slide .wp-block-uagb-image__figure .wp-block-uagb-image--layout-overlay__color-wrapper{width:calc(100% + 40px) !important;max-width:none !important;transform:translate3d(-40px, 0, 0);transition:transform 0.35s ease-in-out}.wp-block-uagb-image--effect-slide .wp-block-uagb-image__figure:hover img,.wp-block-uagb-image--effect-slide .wp-block-uagb-image__figure:hover .wp-block-uagb-image--layout-overlay__color-wrapper{transform:translate3d(0, 0, 0)}.wp-block-uagb-image--effect-grayscale img{filter:grayscale(0%);transition:0.35s ease-in-out}.wp-block-uagb-image--effect-grayscale:hover img{filter:grayscale(100%)}.wp-block-uagb-image--effect-blur img{filter:blur(0);transition:0.35s ease-in-out}.wp-block-uagb-image--effect-blur:hover img{filter:blur(3px)}\n.uagb-block-e6f939b3.wp-block-uagb-image--layout-default figure img{box-shadow: 0px 0px 0 #00000070;}.uagb-block-e6f939b3.wp-block-uagb-image .wp-block-uagb-image__figure figcaption{font-style: normal;align-self: center;}.uagb-block-e6f939b3.wp-block-uagb-image--layout-overlay figure img{box-shadow: 0px 0px 0 #00000070;}.uagb-block-e6f939b3.wp-block-uagb-image--layout-overlay .wp-block-uagb-image--layout-overlay__color-wrapper{opacity: 0.2;}.uagb-block-e6f939b3.wp-block-uagb-image--layout-overlay .wp-block-uagb-image--layout-overlay__inner{left: 15px;right: 15px;top: 15px;bottom: 15px;}.uagb-block-e6f939b3.wp-block-uagb-image--layout-overlay .wp-block-uagb-image--layout-overlay__inner .uagb-image-heading{font-style: normal;color: #fff;opacity: 1;}.uagb-block-e6f939b3.wp-block-uagb-image--layout-overlay .wp-block-uagb-image--layout-overlay__inner .uagb-image-heading a{color: #fff;}.uagb-block-e6f939b3.wp-block-uagb-image--layout-overlay .wp-block-uagb-image--layout-overlay__inner .uagb-image-caption{opacity: 0;}.uagb-block-e6f939b3.wp-block-uagb-image--layout-overlay .wp-block-uagb-image__figure:hover .wp-block-uagb-image--layout-overlay__color-wrapper{opacity: 1;}.uagb-block-e6f939b3.wp-block-uagb-image .wp-block-uagb-image--layout-overlay__inner .uagb-image-separator{width: 30%;border-top-width: 2px;border-top-color: #fff;opacity: 0;}.uagb-block-e6f939b3.wp-block-uagb-image .wp-block-uagb-image__figure img{width: px;height: auto;}.uagb-block-e6f939b3.wp-block-uagb-image .wp-block-uagb-image__figure:hover .wp-block-uagb-image--layout-overlay__inner .uagb-image-caption{opacity: 1;}.uagb-block-e6f939b3.wp-block-uagb-image .wp-block-uagb-image__figure:hover .wp-block-uagb-image--layout-overlay__inner .uagb-image-separator{opacity: 1;}.uagb-block-e6f939b3.wp-block-uagb-image--layout-default figure:hover img{box-shadow: 0px 0px 0 #00000070;}.uagb-block-e6f939b3.wp-block-uagb-image--layout-overlay figure:hover img{box-shadow: 0px 0px 0 #00000070;}@media only screen and (max-width: 976px) {.uagb-block-e6f939b3.wp-block-uagb-image .wp-block-uagb-image__figure img{width: px;height: auto;}}@media only screen and (max-width: 767px) {.uagb-block-e6f939b3.wp-block-uagb-image .wp-block-uagb-image__figure img{width: px;height: auto;}}\";s:2:\"js\";s:0:\"\";s:18:\"current_block_list\";a:13:{i:0;s:11:\"core\/search\";i:1;s:10:\"core\/group\";i:2;s:12:\"core\/heading\";i:3;s:17:\"core\/latest-posts\";i:4;s:20:\"core\/latest-comments\";i:5;s:13:\"core\/archives\";i:6;s:15:\"core\/categories\";i:7;s:14:\"core\/paragraph\";i:8;s:10:\"uagb\/image\";i:9;s:11:\"core\/spacer\";i:10;s:30:\"woocommerce\/product-categories\";i:11;s:10:\"core\/image\";i:12;s:14:\"core\/shortcode\";}s:8:\"uag_flag\";b:1;s:11:\"uag_version\";s:10:\"1776751876\";s:6:\"gfonts\";a:0:{}s:10:\"gfonts_url\";s:0:\"\";s:12:\"gfonts_files\";a:0:{}s:14:\"uag_faq_layout\";b:0;}"]},"uagb_featured_image_src":{"full":["https:\/\/www.noleaky.com\/wp-content\/uploads\/2025\/06\/2.e.Cleaner-5in1_4000x4000_26f7ab67-71d0-45db-a11c-5dbb3cca07df.png",2560,2560,false],"thumbnail":["https:\/\/www.noleaky.com\/wp-content\/uploads\/2025\/06\/2.e.Cleaner-5in1_4000x4000_26f7ab67-71d0-45db-a11c-5dbb3cca07df-150x150.png",150,150,true],"medium":["https:\/\/www.noleaky.com\/wp-content\/uploads\/2025\/06\/2.e.Cleaner-5in1_4000x4000_26f7ab67-71d0-45db-a11c-5dbb3cca07df-300x300.png",300,300,true],"medium_large":["https:\/\/www.noleaky.com\/wp-content\/uploads\/2025\/06\/2.e.Cleaner-5in1_4000x4000_26f7ab67-71d0-45db-a11c-5dbb3cca07df-768x768.png",768,768,true],"large":["https:\/\/www.noleaky.com\/wp-content\/uploads\/2025\/06\/2.e.Cleaner-5in1_4000x4000_26f7ab67-71d0-45db-a11c-5dbb3cca07df-1024x1024.png",1024,1024,true],"1536x1536":["https:\/\/www.noleaky.com\/wp-content\/uploads\/2025\/06\/2.e.Cleaner-5in1_4000x4000_26f7ab67-71d0-45db-a11c-5dbb3cca07df-1536x1536.png",1536,1536,true],"2048x2048":["https:\/\/www.noleaky.com\/wp-content\/uploads\/2025\/06\/2.e.Cleaner-5in1_4000x4000_26f7ab67-71d0-45db-a11c-5dbb3cca07df-2048x2048.png",2048,2048,true],"trp-custom-language-flag":["https:\/\/www.noleaky.com\/wp-content\/uploads\/2025\/06\/2.e.Cleaner-5in1_4000x4000_26f7ab67-71d0-45db-a11c-5dbb3cca07df-12x12.png",12,12,true],"woocommerce_thumbnail":["https:\/\/www.noleaky.com\/wp-content\/uploads\/2025\/06\/2.e.Cleaner-5in1_4000x4000_26f7ab67-71d0-45db-a11c-5dbb3cca07df-300x300.png",300,300,true],"woocommerce_single":["https:\/\/www.noleaky.com\/wp-content\/uploads\/2025\/06\/2.e.Cleaner-5in1_4000x4000_26f7ab67-71d0-45db-a11c-5dbb3cca07df-600x600.png",600,600,true],"woocommerce_gallery_thumbnail":["https:\/\/www.noleaky.com\/wp-content\/uploads\/2025\/06\/2.e.Cleaner-5in1_4000x4000_26f7ab67-71d0-45db-a11c-5dbb3cca07df-100x100.png",100,100,true]},"uagb_author_info":{"display_name":"admin","author_link":"https:\/\/www.noleaky.com\/hu\/author\/"},"uagb_comment_info":63,"uagb_excerpt":"Cleans and protects your engine with five powerful actions in one single treatment. Our 5-in-1 engine cleaner is specially engineered to clean injectors, intake valves, combustion chambers, turbo components, and the fuel system simultaneously. It removes harmful deposits while improving overall engine performance, making it a complete maintenance solution in one bottle. The most effective&hellip;","_links":{"self":[{"href":"https:\/\/www.noleaky.com\/hu\/wp-json\/wp\/v2\/product\/22975","targetHints":{"allow":["GET"]}}],"collection":[{"href":"https:\/\/www.noleaky.com\/hu\/wp-json\/wp\/v2\/product"}],"about":[{"href":"https:\/\/www.noleaky.com\/hu\/wp-json\/wp\/v2\/types\/product"}],"replies":[{"embeddable":true,"href":"https:\/\/www.noleaky.com\/hu\/wp-json\/wp\/v2\/comments?post=22975"}],"version-history":[{"count":3,"href":"https:\/\/www.noleaky.com\/hu\/wp-json\/wp\/v2\/product\/22975\/revisions"}],"predecessor-version":[{"id":33301,"href":"https:\/\/www.noleaky.com\/hu\/wp-json\/wp\/v2\/product\/22975\/revisions\/33301"}],"wp:featuredmedia":[{"embeddable":true,"href":"https:\/\/www.noleaky.com\/hu\/wp-json\/wp\/v2\/media\/22990"}],"wp:attachment":[{"href":"https:\/\/www.noleaky.com\/hu\/wp-json\/wp\/v2\/media?parent=22975"}],"wp:term":[{"taxonomy":"product_brand","embeddable":true,"href":"https:\/\/www.noleaky.com\/hu\/wp-json\/wp\/v2\/product_brand?post=22975"},{"taxonomy":"product_cat","embeddable":true,"href":"https:\/\/www.noleaky.com\/hu\/wp-json\/wp\/v2\/product_cat?post=22975"},{"taxonomy":"product_tag","embeddable":true,"href":"https:\/\/www.noleaky.com\/hu\/wp-json\/wp\/v2\/product_tag?post=22975"}],"curies":[{"name":"wp","href":"https:\/\/api.w.org\/{rel}","templated":true}]}}