{"id":23029,"date":"2025-06-02T15:49:30","date_gmt":"2025-06-02T13:49:30","guid":{"rendered":"https:\/\/www.noleaky.com\/products\/windshield-repair\/"},"modified":"2026-03-01T14:33:32","modified_gmt":"2026-03-01T13:33:32","slug":"windshield-repair","status":"publish","type":"product","link":"https:\/\/www.noleaky.com\/hr\/products\/windshield-repair\/","title":{"rendered":"Popravlja\u010d vjetrobranskog stakla"},"content":{"rendered":"<p><strong><img decoding=\"async\" style=\"margin-right: 12px;\" src=\"https:\/\/www.noleaky.com\/wp-content\/uploads\/2026\/02\/Check.svg\" alt=\"\" width=\"18\" height=\"15\" \/>Brzo i u\u010dinkovito popravlja \u010dipove i pukotine na vjetrobranskom staklu.<\/strong> Na\u0161a teku\u0107ina za popravak vjetrobranskog stakla posebno je formulirana da prodre i ispuni \u010dips, krugove i male pukotine u laminiranom automobilskom staklu, vra\u0107aju\u0107i jasno\u0107u i sprje\u010davaju\u0107i daljnje \u0161irenje. Ona se izravno ve\u017ee unutar o\u0161te\u0107enog podru\u010dja, ja\u010daju\u0107i strukturu stakla i zna\u010dajno pobolj\u0161avaju\u0107i vidljivost nakon stvrdnjavanja.<\/p>\n<p><strong><img decoding=\"async\" style=\"margin-right: 12px;\" src=\"https:\/\/www.noleaky.com\/wp-content\/uploads\/2026\/02\/Check.svg\" alt=\"\" width=\"18\" height=\"15\" \/>Naju\u010dinkovitija smolna tehnologija za dugotrajne popravke.<\/strong> Ovo je naju\u010dinkovitija teku\u0107ina za popravak vjetrobranskog stakla u svojoj kategoriji, koja koristi naprednu smolu niske viskoznosti koja prodire duboko u mikro-pukotine. Nakon stvrdnjavanja stvara prozirni, izdr\u017eljivi sloj koji stabilizira o\u0161te\u0107eno podru\u010dje i sprje\u010dava da vlaga ili zrak pogor\u0161aju pukotinu.<\/p>\n<p><strong><img decoding=\"async\" style=\"margin-right: 12px;\" src=\"https:\/\/www.noleaky.com\/wp-content\/uploads\/2026\/02\/Check.svg\" alt=\"\" width=\"18\" height=\"15\" \/>Najjeftinije rje\u0161enje za popravak profesionalne kvalitete na tr\u017ei\u0161tu.<\/strong> Nudimo vrhunske performanse popravka po najkonkurentnijoj cijeni. Na\u0161a teku\u0107ina za popravak vjetrobranskog stakla najjeftinija je visokokvalitetna alternativa skupim radionicama, omogu\u0107uju\u0107i voza\u010dima da obnove staklo za djeli\u0107 cijene profesionalnih usluga popravka.<\/p>\n<p><strong><img decoding=\"async\" style=\"margin-right: 12px;\" src=\"https:\/\/www.noleaky.com\/wp-content\/uploads\/2026\/02\/Check.svg\" alt=\"\" width=\"18\" height=\"15\" \/>24-satna dostava za popravak \u0161tete bez odga\u0111anja.<\/strong> O\u0161te\u0107eno vjetrobransko staklo mo\u017ee se brzo pogor\u0161ati zbog vibracija, promjena temperature i uvjeta na cesti. Zato jam\u010dimo dostavu u roku od 24 sata, kako biste odmah rije\u0161ili \u010dips i pukotine i izbjegli skupu zamjenu vjetrobranskog stakla.<\/p>\n<p><strong><img decoding=\"async\" style=\"margin-right: 12px;\" src=\"https:\/\/www.noleaky.com\/wp-content\/uploads\/2026\/02\/Check.svg\" alt=\"\" width=\"18\" height=\"15\" \/>Garancija povrata novca za potpuno povjerenje.<\/strong> U potpunosti podr\u017eavamo u\u010dinkovitost na\u0161e teku\u0107ine za popravak vjetrobranskog stakla. Ako niste zadovoljni rezultatima, nudimo jamstvo povrata novca. Jednostavno nas kontaktirajte i vratit \u0107emo vam novac, osiguravaju\u0107i potpuno bezrizi\u010dnu kupnju.<\/p>\n<p><strong><img decoding=\"async\" style=\"margin-right: 12px;\" src=\"https:\/\/www.noleaky.com\/wp-content\/uploads\/2026\/02\/Check.svg\" alt=\"\" width=\"18\" height=\"15\" \/>Izvrsna pokrivenost uz minimalnu upotrebu proizvoda.<\/strong> Mala koli\u010dina smole dovoljna je za vi\u0161e popravaka. Jedna bo\u010dica obi\u010dno mo\u017ee popraviti brojne \u010dipsove, ovisno o njihovoj veli\u010dini, \u0161to je \u010dini vrlo ekonomi\u010dnom i isplativom u usporedbi s zamjenom cijelog vjetrobranskog stakla.<\/p>\n<p><strong><img decoding=\"async\" style=\"margin-right: 12px;\" src=\"https:\/\/www.noleaky.com\/wp-content\/uploads\/2026\/02\/Check.svg\" alt=\"\" width=\"18\" height=\"15\" \/>Sprje\u010dava \u0161irenje pukotina.<\/strong> Ispunjavanjem o\u0161te\u0107enog podru\u010dja i vra\u0107anjem strukturalnog integriteta, teku\u0107ina poma\u017ee sprije\u010diti \u0161irenje pukotina uzrokovanih vibracijama, pritiskom ili temperaturnim oscilacijama, produ\u017euju\u0107i vijek trajanja va\u0161eg vjetrobranskog stakla.<\/p>\n<p><strong><img decoding=\"async\" style=\"margin-right: 12px;\" src=\"https:\/\/www.noleaky.com\/wp-content\/uploads\/2026\/02\/Check.svg\" alt=\"\" width=\"18\" height=\"15\" \/>Obnavlja opti\u010dku jasno\u0107u i sigurnost vo\u017enje.<\/strong> Nakon \u0161to se o\u010dvrsne, smola postaje prozirna i stapa se s okolnim staklom, smanjuju\u0107i vidljivost o\u0161te\u0107enja i pobolj\u0161avaju\u0107i prijenos svjetlosti. To pove\u0107ava sigurnost voza\u010da i smanjuje odbljesak ili izobli\u010denje.<\/p>\n<p><strong><img decoding=\"async\" style=\"margin-right: 12px;\" src=\"https:\/\/www.noleaky.com\/wp-content\/uploads\/2026\/02\/Check.svg\" alt=\"\" width=\"18\" height=\"15\" \/>Brzo stvrdnjavanje za u\u010dinkovitu popravku.<\/strong> Teku\u0107ina je dizajnirana za brzo o\u010dvr\u0161\u0107ivanje pod UV svjetlom ili izravnom sun\u010devom svjetlo\u0161\u0107u, omogu\u0107uju\u0107i da se ve\u0107ina popravaka dovr\u0161i u kratkom roku i smanjuju\u0107i vrijeme zastoja vozila.<\/p>\n<p><strong><img decoding=\"async\" style=\"margin-right: 12px;\" src=\"https:\/\/www.noleaky.com\/wp-content\/uploads\/2026\/02\/Check.svg\" alt=\"\" width=\"18\" height=\"15\" \/>Pogodno za razli\u010dite vrste laminiranog automobilskog stakla.<\/strong> Idealno za popravak malih o\u0161te\u0107enja, zvjezdastih lomova i kratkih pukotina na laminiranim vjetrobranima, ova svestrana teku\u0107ina kompatibilna je s ve\u0107inom standardnih automobilskih staklenih povr\u0161ina.<\/p>\n<h2><strong>Upute<\/strong><\/h2>\n<ul>\n<li>Provjerite da je vjetrobran \u010dist i potpuno suh prije po\u010detka popravka.<\/li>\n<li>Parkirajte vozilo na zasjenjenom mjestu kako biste sprije\u010dili prerano stvrdnjavanje tijekom nano\u0161enja.<\/li>\n<li>O\u010distite o\u0161te\u0107eno podru\u010dje suhom krpom kako biste uklonili pra\u0161inu i labave staklene \u010destice. Ne koristite vodu unutar pukotine.<\/li>\n<li>Postavite ure\u0111aj za popravak ili aplikator izravno iznad \u010dipa ili pukotine.<\/li>\n<li>Nanesite malu koli\u010dinu teku\u0107ine za popravak vjetrobranskog stakla na o\u0161te\u0107eno podru\u010dje. Preporu\u010dena doza obi\u010dno je nekoliko kapi po komadi\u0107u, taman toliko da se \u0161upljina potpuno napuni.<\/li>\n<li>Neka smola u potpunosti prodre u pukotinu. Blagi pritisak aplikatora mo\u017ee pomo\u0107i u uklanjanju zarobljenog zraka.<\/li>\n<li>Izlo\u017eite tretirano podru\u010dje UV svjetlu ili izravnoj sun\u010devoj svjetlosti otprilike 10 do 20 minuta kako biste o\u010dvrsnuli smolu.<\/li>\n<li>Nakon stvrdnjavanja pa\u017eljivo uklonite vi\u0161ak o\u010dvrsnute smole pomo\u0107u britvice dr\u017eane pod blagim kutom.<\/li>\n<li>Provjerite popravak. Ako je potrebno, za dublje \u010dipove mo\u017ee se nanijeti drugi sloj.<\/li>\n<li>Izbjegavajte pranje vozila ili izlaganje popravljenog podru\u010dja jakim ki\u0161ama nekoliko sati nakon zavr\u0161etka kako biste osigurali potpuno o\u010dvr\u0161\u0107ivanje i optimalnu trajnost.<\/li>\n<\/ul>","protected":false},"excerpt":{"rendered":"<p>Repairs windshield chips and cracks quickly and effectively. Our windshield repair fluid is specially formulated to penetrate and fill chips, bullseyes, and small cracks in laminated automotive glass, restoring clarity and preventing further spreading. It bonds directly within the damaged area, reinforcing the structure of the glass and significantly improving visibility after curing. The most [&hellip;]<\/p>\n","protected":false},"featured_media":23102,"comment_status":"open","ping_status":"closed","template":"","meta":{"_uag_custom_page_level_css":"","site-sidebar-layout":"default","site-content-layout":"","ast-site-content-layout":"default","site-content-style":"default","site-sidebar-style":"default","ast-global-header-display":"","ast-banner-title-visibility":"","ast-main-header-display":"","ast-hfb-above-header-display":"","ast-hfb-below-header-display":"","ast-hfb-mobile-header-display":"","site-post-title":"","ast-breadcrumbs-content":"","ast-featured-img":"","footer-sml-layout":"","ast-disable-related-posts":"","theme-transparent-header-meta":"default","adv-header-id-meta":"","stick-header-meta":"","header-above-stick-meta":"","header-main-stick-meta":"","header-below-stick-meta":"","astra-migrate-meta-layouts":"set","ast-page-background-enabled":"default","ast-page-background-meta":{"desktop":{"background-color":"var(--ast-global-color-4)","background-image":"","background-repeat":"repeat","background-position":"center center","background-size":"auto","background-attachment":"scroll","background-type":"","background-media":"","overlay-type":"","overlay-color":"","overlay-opacity":"","overlay-gradient":""},"tablet":{"background-color":"","background-image":"","background-repeat":"repeat","background-position":"center center","background-size":"auto","background-attachment":"scroll","background-type":"","background-media":"","overlay-type":"","overlay-color":"","overlay-opacity":"","overlay-gradient":""},"mobile":{"background-color":"","background-image":"","background-repeat":"repeat","background-position":"center center","background-size":"auto","background-attachment":"scroll","background-type":"","background-media":"","overlay-type":"","overlay-color":"","overlay-opacity":"","overlay-gradient":""}},"ast-content-background-meta":{"desktop":{"background-color":"var(--ast-global-color-5)","background-image":"","background-repeat":"repeat","background-position":"center center","background-size":"auto","background-attachment":"scroll","background-type":"","background-media":"","overlay-type":"","overlay-color":"","overlay-opacity":"","overlay-gradient":""},"tablet":{"background-color":"var(--ast-global-color-5)","background-image":"","background-repeat":"repeat","background-position":"center center","background-size":"auto","background-attachment":"scroll","background-type":"","background-media":"","overlay-type":"","overlay-color":"","overlay-opacity":"","overlay-gradient":""},"mobile":{"background-color":"var(--ast-global-color-5)","background-image":"","background-repeat":"repeat","background-position":"center center","background-size":"auto","background-attachment":"scroll","background-type":"","background-media":"","overlay-type":"","overlay-color":"","overlay-opacity":"","overlay-gradient":""}}},"product_brand":[],"product_cat":[176],"product_tag":[],"class_list":{"0":"post-23029","1":"product","2":"type-product","3":"status-publish","4":"has-post-thumbnail","6":"product_cat-automotive","7":"desktop-align-left","8":"tablet-align-left","9":"mobile-align-left","11":"first","12":"instock","13":"shipping-taxable","14":"purchasable","15":"product-type-simple"},"spectra_custom_meta":{"_visibility":["visible"],"_shopify_product_id":["7961066668252"],"_s2w_shopify_domain":["noleaky.myshopify.com"],"_shopify_variant_id":["43736925667548"],"_sku":["NLWINDSHIELDREPAIR"],"_regular_price":["29.90"],"_price":["29.90"],"_sale_price":[""],"_weight":["0.45"],"_thumbnail_id":["23102"],"_global_unique_id":["5056773800953"],"total_sales":["92"],"_tax_status":["taxable"],"_tax_class":[""],"_manage_stock":["no"],"_backorders":["no"],"_sold_individually":["no"],"_virtual":["no"],"_downloadable":["no"],"_download_limit":["-1"],"_download_expiry":["-1"],"_stock":[null],"_stock_status":["instock"],"_wc_average_rating":["4.91"],"_wc_review_count":["77"],"_product_version":["10.5.2"],"_edit_lock":["1772384272:1"],"merchant-center-category":["2788"],"merchant-center-id":["WR"],"merchant-center-availability":["yes"],"_edit_last":["1"],"_wp_page_template":["default"],"site-sidebar-layout":["default"],"ast-site-content-layout":["default"],"site-content-style":["default"],"site-sidebar-style":["default"],"theme-transparent-header-meta":["default"],"_wc_rating_count":["a:3:{i:3;i:1;i:4;i:5;i:5;i:71;}"],"_upsell_ids":["a:3:{i:0;i:22975;i:1;i:23022;i:2;i:23025;}"],"_crosssell_ids":["a:3:{i:0;i:22975;i:1;i:23022;i:2;i:23025;}"],"astra-migrate-meta-layouts":["set"],"_uag_css_file_name":["uag-css-23029.css"],"_elementor_page_assets":["a:0:{}"],"_uag_page_assets":["a:9:{s:3:\"css\";s:7156:\".uag-blocks-common-selector{z-index:var(--z-index-desktop) !important}@media (max-width: 976px){.uag-blocks-common-selector{z-index:var(--z-index-tablet) !important}}@media (max-width: 767px){.uag-blocks-common-selector{z-index:var(--z-index-mobile) !important}}\n.wp-block-uagb-image{display:flex}.wp-block-uagb-image__figure{position:relative;display:flex;flex-direction:column;max-width:100%;height:auto;margin:0}.wp-block-uagb-image__figure img{height:auto;display:flex;max-width:100%;transition:box-shadow 0.2s ease}.wp-block-uagb-image__figure>a{display:inline-block}.wp-block-uagb-image__figure figcaption{text-align:center;margin-top:0.5em;margin-bottom:1em}.wp-block-uagb-image .components-placeholder.block-editor-media-placeholder .components-placeholder__instructions{align-self:center}.wp-block-uagb-image--align-left{text-align:left}.wp-block-uagb-image--align-right{text-align:right}.wp-block-uagb-image--align-center{text-align:center}.wp-block-uagb-image--align-full .wp-block-uagb-image__figure{margin-left:calc(50% - 50vw);margin-right:calc(50% - 50vw);max-width:100vw;width:100vw;height:auto}.wp-block-uagb-image--align-full .wp-block-uagb-image__figure img{height:auto;width:100% !important}.wp-block-uagb-image--align-wide .wp-block-uagb-image__figure img{height:auto;width:100%}.wp-block-uagb-image--layout-overlay__color-wrapper{position:absolute;left:0;top:0;right:0;bottom:0;opacity:0.2;background:rgba(0,0,0,0.5);transition:opacity 0.35s ease-in-out}.wp-block-uagb-image--layout-overlay-link{position:absolute;left:0;right:0;bottom:0;top:0}.wp-block-uagb-image--layout-overlay .wp-block-uagb-image__figure:hover .wp-block-uagb-image--layout-overlay__color-wrapper{opacity:1}.wp-block-uagb-image--layout-overlay__inner{position:absolute;left:15px;right:15px;bottom:15px;top:15px;display:flex;align-items:center;justify-content:center;flex-direction:column;border-color:#fff;transition:0.35s ease-in-out}.wp-block-uagb-image--layout-overlay__inner.top-left,.wp-block-uagb-image--layout-overlay__inner.top-center,.wp-block-uagb-image--layout-overlay__inner.top-right{justify-content:flex-start}.wp-block-uagb-image--layout-overlay__inner.bottom-left,.wp-block-uagb-image--layout-overlay__inner.bottom-center,.wp-block-uagb-image--layout-overlay__inner.bottom-right{justify-content:flex-end}.wp-block-uagb-image--layout-overlay__inner.top-left,.wp-block-uagb-image--layout-overlay__inner.center-left,.wp-block-uagb-image--layout-overlay__inner.bottom-left{align-items:flex-start}.wp-block-uagb-image--layout-overlay__inner.top-right,.wp-block-uagb-image--layout-overlay__inner.center-right,.wp-block-uagb-image--layout-overlay__inner.bottom-right{align-items:flex-end}.wp-block-uagb-image--layout-overlay__inner .uagb-image-heading{color:#fff;transition:transform 0.35s, opacity 0.35s ease-in-out;transform:translate3d(0, 24px, 0);margin:0;line-height:1em}.wp-block-uagb-image--layout-overlay__inner .uagb-image-separator{width:30%;border-top-width:2px;border-top-color:#fff;border-top-style:solid;margin-bottom:10px;opacity:0;transition:transform 0.4s, opacity 0.4s ease-in-out;transform:translate3d(0, 30px, 0)}.wp-block-uagb-image--layout-overlay__inner .uagb-image-caption{opacity:0;overflow:visible;color:#fff;transition:transform 0.45s, opacity 0.45s ease-in-out;transform:translate3d(0, 35px, 0)}.wp-block-uagb-image--layout-overlay__inner:hover .uagb-image-heading,.wp-block-uagb-image--layout-overlay__inner:hover .uagb-image-separator,.wp-block-uagb-image--layout-overlay__inner:hover .uagb-image-caption{opacity:1;transform:translate3d(0, 0, 0)}.wp-block-uagb-image--effect-zoomin .wp-block-uagb-image__figure img,.wp-block-uagb-image--effect-zoomin .wp-block-uagb-image__figure .wp-block-uagb-image--layout-overlay__color-wrapper{transform:scale(1);transition:transform 0.35s ease-in-out}.wp-block-uagb-image--effect-zoomin .wp-block-uagb-image__figure:hover img,.wp-block-uagb-image--effect-zoomin .wp-block-uagb-image__figure:hover .wp-block-uagb-image--layout-overlay__color-wrapper{transform:scale(1.05)}.wp-block-uagb-image--effect-slide .wp-block-uagb-image__figure img,.wp-block-uagb-image--effect-slide .wp-block-uagb-image__figure .wp-block-uagb-image--layout-overlay__color-wrapper{width:calc(100% + 40px) !important;max-width:none !important;transform:translate3d(-40px, 0, 0);transition:transform 0.35s ease-in-out}.wp-block-uagb-image--effect-slide .wp-block-uagb-image__figure:hover img,.wp-block-uagb-image--effect-slide .wp-block-uagb-image__figure:hover .wp-block-uagb-image--layout-overlay__color-wrapper{transform:translate3d(0, 0, 0)}.wp-block-uagb-image--effect-grayscale img{filter:grayscale(0%);transition:0.35s ease-in-out}.wp-block-uagb-image--effect-grayscale:hover img{filter:grayscale(100%)}.wp-block-uagb-image--effect-blur img{filter:blur(0);transition:0.35s ease-in-out}.wp-block-uagb-image--effect-blur:hover img{filter:blur(3px)}\n.uagb-block-e6f939b3.wp-block-uagb-image--layout-default figure img{box-shadow: 0px 0px 0 #00000070;}.uagb-block-e6f939b3.wp-block-uagb-image .wp-block-uagb-image__figure figcaption{font-style: normal;align-self: center;}.uagb-block-e6f939b3.wp-block-uagb-image--layout-overlay figure img{box-shadow: 0px 0px 0 #00000070;}.uagb-block-e6f939b3.wp-block-uagb-image--layout-overlay .wp-block-uagb-image--layout-overlay__color-wrapper{opacity: 0.2;}.uagb-block-e6f939b3.wp-block-uagb-image--layout-overlay .wp-block-uagb-image--layout-overlay__inner{left: 15px;right: 15px;top: 15px;bottom: 15px;}.uagb-block-e6f939b3.wp-block-uagb-image--layout-overlay .wp-block-uagb-image--layout-overlay__inner .uagb-image-heading{font-style: normal;color: #fff;opacity: 1;}.uagb-block-e6f939b3.wp-block-uagb-image--layout-overlay .wp-block-uagb-image--layout-overlay__inner .uagb-image-heading a{color: #fff;}.uagb-block-e6f939b3.wp-block-uagb-image--layout-overlay .wp-block-uagb-image--layout-overlay__inner .uagb-image-caption{opacity: 0;}.uagb-block-e6f939b3.wp-block-uagb-image--layout-overlay .wp-block-uagb-image__figure:hover .wp-block-uagb-image--layout-overlay__color-wrapper{opacity: 1;}.uagb-block-e6f939b3.wp-block-uagb-image .wp-block-uagb-image--layout-overlay__inner .uagb-image-separator{width: 30%;border-top-width: 2px;border-top-color: #fff;opacity: 0;}.uagb-block-e6f939b3.wp-block-uagb-image .wp-block-uagb-image__figure img{width: px;height: auto;}.uagb-block-e6f939b3.wp-block-uagb-image .wp-block-uagb-image__figure:hover .wp-block-uagb-image--layout-overlay__inner .uagb-image-caption{opacity: 1;}.uagb-block-e6f939b3.wp-block-uagb-image .wp-block-uagb-image__figure:hover .wp-block-uagb-image--layout-overlay__inner .uagb-image-separator{opacity: 1;}.uagb-block-e6f939b3.wp-block-uagb-image--layout-default figure:hover img{box-shadow: 0px 0px 0 #00000070;}.uagb-block-e6f939b3.wp-block-uagb-image--layout-overlay figure:hover img{box-shadow: 0px 0px 0 #00000070;}@media only screen and (max-width: 976px) {.uagb-block-e6f939b3.wp-block-uagb-image .wp-block-uagb-image__figure img{width: px;height: auto;}}@media only screen and (max-width: 767px) {.uagb-block-e6f939b3.wp-block-uagb-image .wp-block-uagb-image__figure img{width: px;height: auto;}}\";s:2:\"js\";s:0:\"\";s:18:\"current_block_list\";a:13:{i:0;s:11:\"core\/search\";i:1;s:10:\"core\/group\";i:2;s:12:\"core\/heading\";i:3;s:17:\"core\/latest-posts\";i:4;s:20:\"core\/latest-comments\";i:5;s:13:\"core\/archives\";i:6;s:15:\"core\/categories\";i:7;s:14:\"core\/paragraph\";i:8;s:10:\"uagb\/image\";i:9;s:11:\"core\/spacer\";i:10;s:30:\"woocommerce\/product-categories\";i:11;s:10:\"core\/image\";i:12;s:14:\"core\/shortcode\";}s:8:\"uag_flag\";b:1;s:11:\"uag_version\";s:10:\"1776751967\";s:6:\"gfonts\";a:0:{}s:10:\"gfonts_url\";s:0:\"\";s:12:\"gfonts_files\";a:0:{}s:14:\"uag_faq_layout\";b:0;}"]},"uagb_featured_image_src":{"full":["https:\/\/www.noleaky.com\/wp-content\/uploads\/2025\/06\/2.j.Windshield-Repairer_NoLeaky_3500.png",2560,2560,false],"thumbnail":["https:\/\/www.noleaky.com\/wp-content\/uploads\/2025\/06\/2.j.Windshield-Repairer_NoLeaky_3500-150x150.png",150,150,true],"medium":["https:\/\/www.noleaky.com\/wp-content\/uploads\/2025\/06\/2.j.Windshield-Repairer_NoLeaky_3500-300x300.png",300,300,true],"medium_large":["https:\/\/www.noleaky.com\/wp-content\/uploads\/2025\/06\/2.j.Windshield-Repairer_NoLeaky_3500-768x768.png",768,768,true],"large":["https:\/\/www.noleaky.com\/wp-content\/uploads\/2025\/06\/2.j.Windshield-Repairer_NoLeaky_3500-1024x1024.png",1024,1024,true],"1536x1536":["https:\/\/www.noleaky.com\/wp-content\/uploads\/2025\/06\/2.j.Windshield-Repairer_NoLeaky_3500-1536x1536.png",1536,1536,true],"2048x2048":["https:\/\/www.noleaky.com\/wp-content\/uploads\/2025\/06\/2.j.Windshield-Repairer_NoLeaky_3500-2048x2048.png",2048,2048,true],"trp-custom-language-flag":["https:\/\/www.noleaky.com\/wp-content\/uploads\/2025\/06\/2.j.Windshield-Repairer_NoLeaky_3500-12x12.png",12,12,true],"woocommerce_thumbnail":["https:\/\/www.noleaky.com\/wp-content\/uploads\/2025\/06\/2.j.Windshield-Repairer_NoLeaky_3500-300x300.png",300,300,true],"woocommerce_single":["https:\/\/www.noleaky.com\/wp-content\/uploads\/2025\/06\/2.j.Windshield-Repairer_NoLeaky_3500-600x600.png",600,600,true],"woocommerce_gallery_thumbnail":["https:\/\/www.noleaky.com\/wp-content\/uploads\/2025\/06\/2.j.Windshield-Repairer_NoLeaky_3500-100x100.png",100,100,true]},"uagb_author_info":{"display_name":"admin","author_link":"https:\/\/www.noleaky.com\/hr\/author\/"},"uagb_comment_info":77,"uagb_excerpt":"Repairs windshield chips and cracks quickly and effectively. Our windshield repair fluid is specially formulated to penetrate and fill chips, bullseyes, and small cracks in laminated automotive glass, restoring clarity and preventing further spreading. It bonds directly within the damaged area, reinforcing the structure of the glass and significantly improving visibility after curing. The most&hellip;","_links":{"self":[{"href":"https:\/\/www.noleaky.com\/hr\/wp-json\/wp\/v2\/product\/23029","targetHints":{"allow":["GET"]}}],"collection":[{"href":"https:\/\/www.noleaky.com\/hr\/wp-json\/wp\/v2\/product"}],"about":[{"href":"https:\/\/www.noleaky.com\/hr\/wp-json\/wp\/v2\/types\/product"}],"replies":[{"embeddable":true,"href":"https:\/\/www.noleaky.com\/hr\/wp-json\/wp\/v2\/comments?post=23029"}],"version-history":[{"count":4,"href":"https:\/\/www.noleaky.com\/hr\/wp-json\/wp\/v2\/product\/23029\/revisions"}],"predecessor-version":[{"id":33263,"href":"https:\/\/www.noleaky.com\/hr\/wp-json\/wp\/v2\/product\/23029\/revisions\/33263"}],"wp:featuredmedia":[{"embeddable":true,"href":"https:\/\/www.noleaky.com\/hr\/wp-json\/wp\/v2\/media\/23102"}],"wp:attachment":[{"href":"https:\/\/www.noleaky.com\/hr\/wp-json\/wp\/v2\/media?parent=23029"}],"wp:term":[{"taxonomy":"product_brand","embeddable":true,"href":"https:\/\/www.noleaky.com\/hr\/wp-json\/wp\/v2\/product_brand?post=23029"},{"taxonomy":"product_cat","embeddable":true,"href":"https:\/\/www.noleaky.com\/hr\/wp-json\/wp\/v2\/product_cat?post=23029"},{"taxonomy":"product_tag","embeddable":true,"href":"https:\/\/www.noleaky.com\/hr\/wp-json\/wp\/v2\/product_tag?post=23029"}],"curies":[{"name":"radni list","href":"https:\/\/api.w.org\/{rel}","templated":true}]}}