{"id":23027,"date":"2025-06-02T15:49:28","date_gmt":"2025-06-02T13:49:28","guid":{"rendered":"https:\/\/www.noleaky.com\/products\/superethanol-treatment-e85\/"},"modified":"2026-03-01T14:36:25","modified_gmt":"2026-03-01T13:36:25","slug":"superethanol-treatment-e85","status":"publish","type":"product","link":"https:\/\/www.noleaky.com\/hr\/products\/superethanol-treatment-e85\/","title":{"rendered":"Superetanolni tretman"},"content":{"rendered":"<p><strong><img decoding=\"async\" style=\"margin-right: 12px;\" src=\"https:\/\/www.noleaky.com\/wp-content\/uploads\/2026\/02\/Check.svg\" alt=\"\" width=\"18\" height=\"15\" \/>Optimizira rad motora u vozilima koja koriste superetanolsko gorivo.<\/strong> Na\u0161 superetanolni tretman posebno je razvijen za pobolj\u0161anje u\u010dinkovitosti izgaranja i stabilnosti motora u vozilima koja koriste goriva s visokim udjelom etanola, poput E85. Pobolj\u0161ava kvalitetu paljenja, smanjuje nepravilno izgaranje i doprinosi gla\u0111em radu motora \u010dak i u zahtjevnim uvjetima vo\u017enje.<\/p>\n<p><strong><img decoding=\"async\" style=\"margin-right: 12px;\" src=\"https:\/\/www.noleaky.com\/wp-content\/uploads\/2026\/02\/Check.svg\" alt=\"\" width=\"18\" height=\"15\" \/>Naju\u010dinkovitija formula za za\u0161titu sustava za gorivo izlo\u017eenih etanolu.<\/strong> Goriva na bazi etanola mogu privla\u010diti vlagu i uzrokovati koroziju unutar sustava za gorivo. Na\u0161a napredna obrada naju\u010dinkovitije je rje\u0161enje za stabilizaciju goriva, smanjenje problema povezanih s vodom te za\u0161titu injektora, pumpi za gorivo i unutarnjih komponenti motora od prijevremenog tro\u0161enja i naslaga.<\/p>\n<p><strong><img decoding=\"async\" style=\"margin-right: 12px;\" src=\"https:\/\/www.noleaky.com\/wp-content\/uploads\/2026\/02\/Check.svg\" alt=\"\" width=\"18\" height=\"15\" \/>Najjeftiniji visokou\u010dinkoviti aditiv na tr\u017ei\u0161tu.<\/strong> Nudimo profesionalnu za\u0161titu superetanolom po najkonkurentnijoj cijeni. Na\u0161 je proizvod najjeftinije rje\u0161enje u svojoj kategoriji, a istovremeno pru\u017ea vrhunsku u\u010dinkovitost, omogu\u0107uju\u0107i voza\u010dima da pravilno odr\u017eavaju svoja vozila bez pove\u0107anja operativnih tro\u0161kova.<\/p>\n<p><strong><img decoding=\"async\" style=\"margin-right: 12px;\" src=\"https:\/\/www.noleaky.com\/wp-content\/uploads\/2026\/02\/Check.svg\" alt=\"\" width=\"18\" height=\"15\" \/>Jam\u010dena 24-satna dostava za trenutnu njegu motora.<\/strong> Problemi vezani uz gorivo ne smiju \u010dekati. Zato jam\u010dimo 24-satnu dostavu, osiguravaju\u0107i da brzo dodate tretman u spremnik i bez odgode odr\u017eavate optimalne performanse motora.<\/p>\n<p><strong><img decoding=\"async\" style=\"margin-right: 12px;\" src=\"https:\/\/www.noleaky.com\/wp-content\/uploads\/2026\/02\/Check.svg\" alt=\"\" width=\"18\" height=\"15\" \/>Jamstvo povrata novca za potpuni mir.<\/strong> U potpunosti stojimo iza u\u010dinkovitosti na\u0161e superetanolne obrade. Ako niste zadovoljni rezultatima, nudimo jamstvo povrata novca. Jednostavno nas kontaktirajte i vratit \u0107emo vam kupovinu, \u010dime va\u0161a investicija postaje potpuno bez rizika.<\/p>\n<p><strong><img decoding=\"async\" style=\"margin-right: 12px;\" src=\"https:\/\/www.noleaky.com\/wp-content\/uploads\/2026\/02\/Check.svg\" alt=\"\" width=\"18\" height=\"15\" \/>Pobolj\u0161ava izgaranje i u\u010dinkovitost goriva.<\/strong> Optimizacijom procesa izgaranja goriva bogatog etanolom, tretman poma\u017ee motorima da sagorijevaju gorivo potpunije. To mo\u017ee pobolj\u0161ati odziv na papu\u010dicu gasa, smanjiti oklijevanje i pridonijeti dosljednijoj u\u010dinkovitosti goriva.<\/p>\n<p><strong><img decoding=\"async\" style=\"margin-right: 12px;\" src=\"https:\/\/www.noleaky.com\/wp-content\/uploads\/2026\/02\/Check.svg\" alt=\"\" width=\"18\" height=\"15\" \/>Sprje\u010dava koroziju i o\u0161te\u0107enja uzrokovana vlagom.<\/strong> Ethanolna goriva su higroskopna i mogu upijati vodu, \u0161to mo\u017ee dovesti do korozije metalnih komponenti. Na\u0161a formula poma\u017ee kontrolirati u\u010dinke vlage i stvara za\u0161titni sloj unutar sustava za gorivo kako bi se smanjilo hr\u0111anje i oksidacija.<\/p>\n<p><strong><img decoding=\"async\" style=\"margin-right: 12px;\" src=\"https:\/\/www.noleaky.com\/wp-content\/uploads\/2026\/02\/Check.svg\" alt=\"\" width=\"18\" height=\"15\" \/>Odr\u017eava injektore i sustav za gorivo \u010distima.<\/strong> Dodatak sadr\u017ei sredstva za \u010di\u0161\u0107enje koja poma\u017eu smanjiti naslage u injektorima i usisnim komponentama, poti\u010du\u0107i bolje obrasce raspr\u0161ivanja i gla\u0111u isporuku goriva za stabilniji rad motora.<\/p>\n<p><strong><img decoding=\"async\" style=\"margin-right: 12px;\" src=\"https:\/\/www.noleaky.com\/wp-content\/uploads\/2026\/02\/Check.svg\" alt=\"\" width=\"18\" height=\"15\" \/>Pobolj\u0161ava performanse hladnog pokretanja.<\/strong> Goriva s visokim udjelom etanola mogu ote\u017eati hladno paljenje. Ova obrada podr\u017eava bolje paljenje pri niskim temperaturama, smanjuju\u0107i te\u0161ko paljenje i pobolj\u0161avaju\u0107i odziv motora.<\/p>\n<p><strong><img decoding=\"async\" style=\"margin-right: 12px;\" src=\"https:\/\/www.noleaky.com\/wp-content\/uploads\/2026\/02\/Check.svg\" alt=\"\" width=\"18\" height=\"15\" \/>Visoko koncentrirano s izvrsnom kapacitetom tretmana.<\/strong> Jedna boca tretira veliku koli\u010dinu goriva, \u0161to je \u010dini isplativom i prakti\u010dnom za redovno odr\u017eavanje. Njezina optimizirana koncentracija osigurava u\u010dinkovitu distribuciju kroz cijeli sustav goriva.<\/p>\n<h2><strong>Upute<\/strong><\/h2>\n<ul>\n<li>Prije uporabe provjerite je li vozilo kompatibilno sa superetanolnim gorivima poput E85.<\/li>\n<li>Dobro protresite bocu prije to\u010denja.<\/li>\n<li>Dodajte superetanolni tretman izravno u spremnik za gorivo prije to\u010denja kako biste osigurali optimalno mije\u0161anje.<\/li>\n<li>Preporu\u010dena doza je otprilike 250 ml na 40 do 60 litara goriva. Prilagodite proporcionalno ovisno o zapremini spremnika.<\/li>\n<li>Jedna boca obi\u010dno tretira cijeli spremnik. Ne prekora\u010dujte preporu\u010denu dozu.<\/li>\n<li>Za vozila koja se redovito koriste s superetanolskim gorivom, koristite tretman pri svakom drugom ili tre\u0107em punjenju za preventivno odr\u017eavanje.<\/li>\n<li>Za vozila koja se skladi\u0161te du\u017ee vrijeme dodajte tretman prije skladi\u0161tenja kako biste stabilizirali gorivo.<\/li>\n<li>Vozi normalno nakon to\u010denja goriva kako bi tretirano gorivo moglo kru\u017eiti kroz cijeli sustav za gorivo.<\/li>\n<li>\u010cuvajte proizvod na hladnom, suhom mjestu, za\u0161ti\u0107enom od izravne sun\u010deve svjetlosti.<\/li>\n<li>\u010cuvati izvan dohvata djece i tijekom rukovanja izbjegavati kontakt s ko\u017eom ili o\u010dima.<\/li>\n<\/ul>","protected":false},"excerpt":{"rendered":"<p>Optimizes engine performance in vehicles running on superethanol fuel. Our superethanol treatment is specially developed to improve combustion efficiency and engine stability in vehicles using high-ethanol fuels such as E85. It enhances ignition quality, reduces irregular combustion, and supports smoother engine operation even under demanding driving conditions. The most effective formula for protecting fuel systems [&hellip;]<\/p>\n","protected":false},"featured_media":23098,"comment_status":"open","ping_status":"closed","template":"","meta":{"_uag_custom_page_level_css":"","site-sidebar-layout":"default","site-content-layout":"","ast-site-content-layout":"default","site-content-style":"default","site-sidebar-style":"default","ast-global-header-display":"","ast-banner-title-visibility":"","ast-main-header-display":"","ast-hfb-above-header-display":"","ast-hfb-below-header-display":"","ast-hfb-mobile-header-display":"","site-post-title":"","ast-breadcrumbs-content":"","ast-featured-img":"","footer-sml-layout":"","ast-disable-related-posts":"","theme-transparent-header-meta":"default","adv-header-id-meta":"","stick-header-meta":"","header-above-stick-meta":"","header-main-stick-meta":"","header-below-stick-meta":"","astra-migrate-meta-layouts":"set","ast-page-background-enabled":"default","ast-page-background-meta":{"desktop":{"background-color":"var(--ast-global-color-4)","background-image":"","background-repeat":"repeat","background-position":"center center","background-size":"auto","background-attachment":"scroll","background-type":"","background-media":"","overlay-type":"","overlay-color":"","overlay-opacity":"","overlay-gradient":""},"tablet":{"background-color":"","background-image":"","background-repeat":"repeat","background-position":"center center","background-size":"auto","background-attachment":"scroll","background-type":"","background-media":"","overlay-type":"","overlay-color":"","overlay-opacity":"","overlay-gradient":""},"mobile":{"background-color":"","background-image":"","background-repeat":"repeat","background-position":"center center","background-size":"auto","background-attachment":"scroll","background-type":"","background-media":"","overlay-type":"","overlay-color":"","overlay-opacity":"","overlay-gradient":""}},"ast-content-background-meta":{"desktop":{"background-color":"var(--ast-global-color-5)","background-image":"","background-repeat":"repeat","background-position":"center center","background-size":"auto","background-attachment":"scroll","background-type":"","background-media":"","overlay-type":"","overlay-color":"","overlay-opacity":"","overlay-gradient":""},"tablet":{"background-color":"var(--ast-global-color-5)","background-image":"","background-repeat":"repeat","background-position":"center center","background-size":"auto","background-attachment":"scroll","background-type":"","background-media":"","overlay-type":"","overlay-color":"","overlay-opacity":"","overlay-gradient":""},"mobile":{"background-color":"var(--ast-global-color-5)","background-image":"","background-repeat":"repeat","background-position":"center center","background-size":"auto","background-attachment":"scroll","background-type":"","background-media":"","overlay-type":"","overlay-color":"","overlay-opacity":"","overlay-gradient":""}}},"product_brand":[],"product_cat":[176],"product_tag":[],"class_list":{"0":"post-23027","1":"product","2":"type-product","3":"status-publish","4":"has-post-thumbnail","6":"product_cat-automotive","7":"desktop-align-left","8":"tablet-align-left","9":"mobile-align-left","11":"first","12":"instock","13":"shipping-taxable","14":"purchasable","15":"product-type-simple"},"spectra_custom_meta":{"_visibility":["visible"],"_shopify_product_id":["7961079578844"],"_s2w_shopify_domain":["noleaky.myshopify.com"],"_shopify_variant_id":["43736943100124"],"_sku":["NLSUPERETHANOLTREATMENTE85"],"_regular_price":["29.90"],"_price":["29.90"],"_sale_price":[""],"_weight":["0.35"],"_thumbnail_id":["23098"],"_global_unique_id":["5056773800939"],"total_sales":["2"],"_tax_status":["taxable"],"_tax_class":[""],"_manage_stock":["no"],"_backorders":["no"],"_sold_individually":["no"],"_virtual":["no"],"_downloadable":["no"],"_download_limit":["-1"],"_download_expiry":["-1"],"_stock":[null],"_stock_status":["instock"],"_wc_average_rating":["4.92"],"_wc_review_count":["71"],"_product_version":["10.5.2"],"_edit_lock":["1772372140:1"],"merchant-center-availability":["yes"],"merchant-center-category":["2788"],"merchant-center-id":["SE85T"],"_edit_last":["1"],"_wp_page_template":["default"],"site-sidebar-layout":["default"],"ast-site-content-layout":["default"],"site-content-style":["default"],"site-sidebar-style":["default"],"theme-transparent-header-meta":["default"],"_wc_rating_count":["a:2:{i:4;i:6;i:5;i:65;}"],"_upsell_ids":["a:3:{i:0;i:22975;i:1;i:23022;i:2;i:23025;}"],"_crosssell_ids":["a:3:{i:0;i:22975;i:1;i:23022;i:2;i:23025;}"],"astra-migrate-meta-layouts":["set"],"_uag_css_file_name":["uag-css-23027.css"],"_elementor_page_assets":["a:0:{}"]},"uagb_featured_image_src":{"full":["https:\/\/www.noleaky.com\/wp-content\/uploads\/2025\/06\/2.k.Superethanol-Treatment_4000x4000_33d7a698-01dd-4b28-84dd-3c26cff0899e.png",2560,2560,false],"thumbnail":["https:\/\/www.noleaky.com\/wp-content\/uploads\/2025\/06\/2.k.Superethanol-Treatment_4000x4000_33d7a698-01dd-4b28-84dd-3c26cff0899e-150x150.png",150,150,true],"medium":["https:\/\/www.noleaky.com\/wp-content\/uploads\/2025\/06\/2.k.Superethanol-Treatment_4000x4000_33d7a698-01dd-4b28-84dd-3c26cff0899e-300x300.png",300,300,true],"medium_large":["https:\/\/www.noleaky.com\/wp-content\/uploads\/2025\/06\/2.k.Superethanol-Treatment_4000x4000_33d7a698-01dd-4b28-84dd-3c26cff0899e-768x768.png",768,768,true],"large":["https:\/\/www.noleaky.com\/wp-content\/uploads\/2025\/06\/2.k.Superethanol-Treatment_4000x4000_33d7a698-01dd-4b28-84dd-3c26cff0899e-1024x1024.png",1024,1024,true],"1536x1536":["https:\/\/www.noleaky.com\/wp-content\/uploads\/2025\/06\/2.k.Superethanol-Treatment_4000x4000_33d7a698-01dd-4b28-84dd-3c26cff0899e-1536x1536.png",1536,1536,true],"2048x2048":["https:\/\/www.noleaky.com\/wp-content\/uploads\/2025\/06\/2.k.Superethanol-Treatment_4000x4000_33d7a698-01dd-4b28-84dd-3c26cff0899e-2048x2048.png",2048,2048,true],"trp-custom-language-flag":["https:\/\/www.noleaky.com\/wp-content\/uploads\/2025\/06\/2.k.Superethanol-Treatment_4000x4000_33d7a698-01dd-4b28-84dd-3c26cff0899e-12x12.png",12,12,true],"woocommerce_thumbnail":["https:\/\/www.noleaky.com\/wp-content\/uploads\/2025\/06\/2.k.Superethanol-Treatment_4000x4000_33d7a698-01dd-4b28-84dd-3c26cff0899e-300x300.png",300,300,true],"woocommerce_single":["https:\/\/www.noleaky.com\/wp-content\/uploads\/2025\/06\/2.k.Superethanol-Treatment_4000x4000_33d7a698-01dd-4b28-84dd-3c26cff0899e-600x600.png",600,600,true],"woocommerce_gallery_thumbnail":["https:\/\/www.noleaky.com\/wp-content\/uploads\/2025\/06\/2.k.Superethanol-Treatment_4000x4000_33d7a698-01dd-4b28-84dd-3c26cff0899e-100x100.png",100,100,true]},"uagb_author_info":{"display_name":"admin","author_link":"https:\/\/www.noleaky.com\/hr\/author\/"},"uagb_comment_info":71,"uagb_excerpt":"Optimizes engine performance in vehicles running on superethanol fuel. Our superethanol treatment is specially developed to improve combustion efficiency and engine stability in vehicles using high-ethanol fuels such as E85. It enhances ignition quality, reduces irregular combustion, and supports smoother engine operation even under demanding driving conditions. The most effective formula for protecting fuel systems&hellip;","_links":{"self":[{"href":"https:\/\/www.noleaky.com\/hr\/wp-json\/wp\/v2\/product\/23027","targetHints":{"allow":["GET"]}}],"collection":[{"href":"https:\/\/www.noleaky.com\/hr\/wp-json\/wp\/v2\/product"}],"about":[{"href":"https:\/\/www.noleaky.com\/hr\/wp-json\/wp\/v2\/types\/product"}],"replies":[{"embeddable":true,"href":"https:\/\/www.noleaky.com\/hr\/wp-json\/wp\/v2\/comments?post=23027"}],"version-history":[{"count":3,"href":"https:\/\/www.noleaky.com\/hr\/wp-json\/wp\/v2\/product\/23027\/revisions"}],"predecessor-version":[{"id":33264,"href":"https:\/\/www.noleaky.com\/hr\/wp-json\/wp\/v2\/product\/23027\/revisions\/33264"}],"wp:featuredmedia":[{"embeddable":true,"href":"https:\/\/www.noleaky.com\/hr\/wp-json\/wp\/v2\/media\/23098"}],"wp:attachment":[{"href":"https:\/\/www.noleaky.com\/hr\/wp-json\/wp\/v2\/media?parent=23027"}],"wp:term":[{"taxonomy":"product_brand","embeddable":true,"href":"https:\/\/www.noleaky.com\/hr\/wp-json\/wp\/v2\/product_brand?post=23027"},{"taxonomy":"product_cat","embeddable":true,"href":"https:\/\/www.noleaky.com\/hr\/wp-json\/wp\/v2\/product_cat?post=23027"},{"taxonomy":"product_tag","embeddable":true,"href":"https:\/\/www.noleaky.com\/hr\/wp-json\/wp\/v2\/product_tag?post=23027"}],"curies":[{"name":"radni list","href":"https:\/\/api.w.org\/{rel}","templated":true}]}}