{"id":22989,"date":"2025-06-02T15:49:05","date_gmt":"2025-06-02T13:49:05","guid":{"rendered":"https:\/\/www.noleaky.com\/products\/head-gasket-repair\/"},"modified":"2026-03-01T15:03:46","modified_gmt":"2026-03-01T14:03:46","slug":"head-gasket-repair","status":"publish","type":"product","link":"https:\/\/www.noleaky.com\/hr\/products\/head-gasket-repair\/","title":{"rendered":"Popravlja\u010d brtve glave motora"},"content":{"rendered":"<p><strong><img decoding=\"async\" style=\"margin-right: 12px;\" src=\"https:\/\/www.noleaky.com\/wp-content\/uploads\/2026\/02\/Check.svg\" alt=\"\" width=\"18\" height=\"15\" \/>Popravlja probleme s glavnom brtvom bez skupog rastavljanja motora.<\/strong> Na\u0161a formula za popravak brtve glave motora posebno je razvijena da rije\u0161i uobi\u010dajene probleme povezane s brtvom glave motora bez potrebe za skupim mehani\u010dkim popravcima. Djeluje iznutra rashladnog sustava, brtve\u0107i curenja uzrokovana o\u0161te\u0107enim brtvama glave motora, manjim pukotinama i kvarovima brtvljenja, poma\u017eu\u0107i vam izbje\u0107i dugotrajno i skupo rastavljanje motora.<\/p>\n<p><strong><img decoding=\"async\" style=\"margin-right: 12px;\" src=\"https:\/\/www.noleaky.com\/wp-content\/uploads\/2026\/02\/Check.svg\" alt=\"\" width=\"18\" height=\"15\" \/>Naju\u010dinkovitija dostupna tehnologija unutarnjeg brtvljenja.<\/strong> Ovo je naju\u010dinkovitije rje\u0161enje za popravak brtve glave motora u svojoj kategoriji. Njegovi napredni zaptivni agensi kru\u017ee kroz sustav hla\u0111enja i aktiviraju se pri visokim temperaturama, stvaraju\u0107i trajnu brtvu na to\u010dnom mjestu curenja. Poma\u017ee u rje\u0161avanju problema kao \u0161to su gubitak rashladne teku\u0107ine, prekomjeran tlak u sustavu hla\u0111enja, kontaminacija ulja u rashladnoj teku\u0107ini i manje pukotine na komponentama motora.<\/p>\n<p><strong><img decoding=\"async\" style=\"margin-right: 12px;\" src=\"https:\/\/www.noleaky.com\/wp-content\/uploads\/2026\/02\/Check.svg\" alt=\"\" width=\"18\" height=\"15\" \/>Najjeftinija alternativa velikim popravcima motora.<\/strong> Zamjena brtve glave motora ili popravak napuklog bloka motora mo\u017ee ko\u0161tati znatnu svotu. Na\u0161 proizvod je najjeftinije dostupno rje\u0161enje profesionalne kvalitete, koje pru\u017ea isplativu alternativu za vra\u0107anje funkcionalnosti bez financijskog tereta potpunog mehani\u010dkog popravka.<\/p>\n<p><strong><img decoding=\"async\" style=\"margin-right: 12px;\" src=\"https:\/\/www.noleaky.com\/wp-content\/uploads\/2026\/02\/Check.svg\" alt=\"\" width=\"18\" height=\"15\" \/>Jam\u010dena 24-satna dostava za hitne probleme s motorom.<\/strong> Problemi s motorom zahtijevaju hitnu pa\u017enju. Zato jam\u010dimo dostavu u roku od 24 sata, \u0161to vam omogu\u0107uje brzo rje\u0161avanje problema i smanjenje rizika od daljnje \u0161tete.<\/p>\n<p><strong><img decoding=\"async\" style=\"margin-right: 12px;\" src=\"https:\/\/www.noleaky.com\/wp-content\/uploads\/2026\/02\/Check.svg\" alt=\"\" width=\"18\" height=\"15\" \/>Jamstvo povrata novca za potpuni mir.<\/strong> Stoji iza u\u010dinkovitosti na\u0161e formule za popravak glavne brtve. Ako niste zadovoljni rezultatima, nudimo jamstvo povrata novca. Jednostavno nas kontaktirajte i vratit \u0107emo vam novac za kupnju, \u010dime va\u0161a investicija postaje potpuno bez rizika.<\/p>\n<p><strong><img decoding=\"async\" style=\"margin-right: 12px;\" src=\"https:\/\/www.noleaky.com\/wp-content\/uploads\/2026\/02\/Check.svg\" alt=\"\" width=\"18\" height=\"15\" \/>Kompatibilno sa svim vrstama motora vozila.<\/strong> Pogodna za automobile, kamione, kombije, pikapove, motocikle, kvadove, traktore i brodove, ova svestrana formula djeluje u benzinskim i dizelskim motorima kada se koristi prema uputama. Sigurno se integrira u ve\u0107inu standardnih sustava hla\u0111enja.<\/p>\n<p><strong><img decoding=\"async\" style=\"margin-right: 12px;\" src=\"https:\/\/www.noleaky.com\/wp-content\/uploads\/2026\/02\/Check.svg\" alt=\"\" width=\"18\" height=\"15\" \/>Poma\u017ee smanjiti probleme uzrokovane visokim tlakom rashladne teku\u0107ine.<\/strong> Neispravna glava zaptivke mo\u017ee uzrokovati nenormalno nakupljanje tlaka u sustavu hla\u0111enja. Zaptivanjem unutarnjih curenja proizvod poma\u017ee stabilizirati razine tlaka i vratiti normalno funkcioniranje sustava.<\/p>\n<p><strong><img decoding=\"async\" style=\"margin-right: 12px;\" src=\"https:\/\/www.noleaky.com\/wp-content\/uploads\/2026\/02\/Check.svg\" alt=\"\" width=\"18\" height=\"15\" \/>Rje\u0161ava problem kontaminacije uljem u rashladnoj teku\u0107ini.<\/strong> Kada se ulje pomije\u0161a s rashladnom teku\u0107inom zbog o\u0161te\u0107enja brtve, mo\u017ee uzrokovati ozbiljne probleme s performansama. Formula poma\u017ee zape\u010datiti izvor unutarnjeg curenja, ograni\u010davaju\u0107i unakrsnu kontaminaciju i vra\u0107aju\u0107i odvojenost sustava.<\/p>\n<p><strong><img decoding=\"async\" style=\"margin-right: 12px;\" src=\"https:\/\/www.noleaky.com\/wp-content\/uploads\/2026\/02\/Check.svg\" alt=\"\" width=\"18\" height=\"15\" \/>Mo\u017ee pomo\u0107i kod manjih pukotina na bloku motora.<\/strong> U slu\u010dajevima malih pukotina ili poroznosti na komponentama motora, proizvod stvara toplinski aktivirani brtveni sloj koji oja\u010dava oslabljena podru\u010dja i sprje\u010dava daljnje curenje.<\/p>\n<p><strong><img decoding=\"async\" style=\"margin-right: 12px;\" src=\"https:\/\/www.noleaky.com\/wp-content\/uploads\/2026\/02\/Check.svg\" alt=\"\" width=\"18\" height=\"15\" \/>Produ\u017euje vijek trajanja motora i vra\u0107a voznu sposobnost.<\/strong> Zaptivanjem curenja i stabiliziranjem sustava hla\u0111enja, proizvod poma\u017ee vratiti gla\u0111i rad motora, smanjiti rizik od pregrijavanja i produljiti vijek trajanja va\u0161eg vozila.<\/p>\n<h2><strong>Potrebna koli\u010dina za va\u0161e vozilo<\/strong><\/h2>\n<table width=\"100%\">\n<tbody>\n<tr>\n<td><strong>Veli\u010dina motora<\/strong><\/td>\n<td><strong>Koli\u010dina<\/strong><\/td>\n<\/tr>\n<tr>\n<td>\n<div><\/div>\n<p>Do 0,9 litara<\/td>\n<td>\n<div><\/div>\n<p>1 boca<\/td>\n<\/tr>\n<tr>\n<td>\n<div><\/div>\n<p>Izme\u0111u 1 i 1,9 litara<\/td>\n<td>\n<div><\/div>\n<p>2 boce<\/td>\n<\/tr>\n<tr>\n<td>Izme\u0111u 2 i 2,9 litara<\/td>\n<td>\n<div><\/div>\n<p>3 boce<\/td>\n<\/tr>\n<tr>\n<td>\n<div><\/div>\n<p>Izme\u0111u 3 i 3,9 litara<\/td>\n<td>\n<div><\/div>\n<p>4 boce<\/td>\n<\/tr>\n<tr>\n<td>\n<div><\/div>\n<p>Vi\u0161e od 4 litre<\/td>\n<td>\n<div><\/div>\n<p>5 boca<\/td>\n<\/tr>\n<\/tbody>\n<\/table>\n<h2><strong>Upute<\/strong><\/h2>\n<ul>\n<li>Provjerite da je motor potpuno hladan prije otvaranja sustava hla\u0111enja.<\/li>\n<li>Dobro protresite bo\u010dicu prije upotrebe.<\/li>\n<li>Provjerite razinu i stanje rashladne teku\u0107ine. Ako je sustav jako kontaminiran, isperite ga prije nano\u0161enja proizvoda.<\/li>\n<li>Nemojte isprazniti rashladnu teku\u0107inu osim ako nije prljava ili neprimjerena. Proizvod se dodaje izravno u postoje\u0107u rashladnu teku\u0107inu.<\/li>\n<li>Ulijte potreban broj boca u radijator ili ekspanzijski spremnik prema konstrukciji vozila.<\/li>\n<li>Pokrenite motor i pustite ga da dosegne radnu temperaturu.<\/li>\n<li>Pustite motor da radi u praznom hodu otprilike 20 do 30 minuta, a grija\u010d postavite na najja\u010de kako biste omogu\u0107ili potpunu cirkulaciju.<\/li>\n<li>Osigurajte da se ventilator za hla\u0111enje barem jednom uklju\u010di i isklju\u010di kako biste potvrdili ispravno aktiviranje po temperaturi.<\/li>\n<li>Ugasite motor i pustite ga da se potpuno ohladi.<\/li>\n<li>Provjerite razinu rashladne teku\u0107ine i nadopunite je ako je potrebno. Pratite vozilo tijekom sljede\u0107ih nekoliko ciklusa vo\u017enje.<\/li>\n<\/ul>","protected":false},"excerpt":{"rendered":"<p>Repairs head gasket issues without expensive engine dismantling. Our head gasket repair formula is specially developed to solve common head gasket-related problems without the need for costly mechanical repairs. It works from inside the cooling system to seal leaks caused by damaged head gaskets, minor cracks, and sealing failures, helping you avoid time-consuming and expensive [&hellip;]<\/p>\n","protected":false},"featured_media":23043,"comment_status":"open","ping_status":"closed","template":"","meta":{"_uag_custom_page_level_css":"","site-sidebar-layout":"default","site-content-layout":"","ast-site-content-layout":"default","site-content-style":"default","site-sidebar-style":"default","ast-global-header-display":"","ast-banner-title-visibility":"","ast-main-header-display":"","ast-hfb-above-header-display":"","ast-hfb-below-header-display":"","ast-hfb-mobile-header-display":"","site-post-title":"","ast-breadcrumbs-content":"","ast-featured-img":"","footer-sml-layout":"","ast-disable-related-posts":"","theme-transparent-header-meta":"default","adv-header-id-meta":"","stick-header-meta":"","header-above-stick-meta":"","header-main-stick-meta":"","header-below-stick-meta":"","astra-migrate-meta-layouts":"set","ast-page-background-enabled":"default","ast-page-background-meta":{"desktop":{"background-color":"var(--ast-global-color-4)","background-image":"","background-repeat":"repeat","background-position":"center center","background-size":"auto","background-attachment":"scroll","background-type":"","background-media":"","overlay-type":"","overlay-color":"","overlay-opacity":"","overlay-gradient":""},"tablet":{"background-color":"","background-image":"","background-repeat":"repeat","background-position":"center center","background-size":"auto","background-attachment":"scroll","background-type":"","background-media":"","overlay-type":"","overlay-color":"","overlay-opacity":"","overlay-gradient":""},"mobile":{"background-color":"","background-image":"","background-repeat":"repeat","background-position":"center center","background-size":"auto","background-attachment":"scroll","background-type":"","background-media":"","overlay-type":"","overlay-color":"","overlay-opacity":"","overlay-gradient":""}},"ast-content-background-meta":{"desktop":{"background-color":"var(--ast-global-color-5)","background-image":"","background-repeat":"repeat","background-position":"center center","background-size":"auto","background-attachment":"scroll","background-type":"","background-media":"","overlay-type":"","overlay-color":"","overlay-opacity":"","overlay-gradient":""},"tablet":{"background-color":"var(--ast-global-color-5)","background-image":"","background-repeat":"repeat","background-position":"center center","background-size":"auto","background-attachment":"scroll","background-type":"","background-media":"","overlay-type":"","overlay-color":"","overlay-opacity":"","overlay-gradient":""},"mobile":{"background-color":"var(--ast-global-color-5)","background-image":"","background-repeat":"repeat","background-position":"center center","background-size":"auto","background-attachment":"scroll","background-type":"","background-media":"","overlay-type":"","overlay-color":"","overlay-opacity":"","overlay-gradient":""}}},"product_brand":[],"product_cat":[176],"product_tag":[],"class_list":{"0":"post-22989","1":"product","2":"type-product","3":"status-publish","4":"has-post-thumbnail","6":"product_cat-automotive","7":"desktop-align-left","8":"tablet-align-left","9":"mobile-align-left","11":"first","12":"instock","13":"shipping-taxable","14":"purchasable","15":"product-type-simple"},"spectra_custom_meta":{"_visibility":["visible"],"_shopify_product_id":["1706250928162"],"_s2w_shopify_domain":["noleaky.myshopify.com"],"_shopify_variant_id":["29500068954146"],"_sku":["NLHEADGASKETREPAIR"],"_regular_price":["29.90"],"_price":["29.90"],"_weight":["0.45"],"_thumbnail_id":["23043"],"_global_unique_id":["5056773800687"],"total_sales":["3797"],"_tax_status":["taxable"],"_tax_class":[""],"_manage_stock":["no"],"_backorders":["no"],"_sold_individually":["no"],"_virtual":["no"],"_downloadable":["no"],"_download_limit":["-1"],"_download_expiry":["-1"],"_stock":[null],"_stock_status":["instock"],"_wc_average_rating":["4.76"],"_wc_review_count":["229"],"_product_version":["10.5.2"],"_edit_lock":["1772373837:1"],"merchant-center-availability":["yes"],"merchant-center-category":["2517"],"merchant-center-id":["HGR"],"_edit_last":["1"],"_wp_page_template":["default"],"site-sidebar-layout":["default"],"ast-site-content-layout":["default"],"site-content-style":["default"],"site-sidebar-style":["default"],"theme-transparent-header-meta":["default"],"_wc_rating_count":["a:3:{i:3;i:10;i:4;i:35;i:5;i:184;}"],"_upsell_ids":["a:3:{i:0;i:22975;i:1;i:23022;i:2;i:23025;}"],"_crosssell_ids":["a:3:{i:0;i:22975;i:1;i:23022;i:2;i:23025;}"],"astra-migrate-meta-layouts":["set"],"_uag_css_file_name":["uag-css-22989.css"],"_elementor_page_assets":["a:0:{}"]},"uagb_featured_image_src":{"full":["https:\/\/www.noleaky.com\/wp-content\/uploads\/2025\/06\/HeadGasketfinal.png",2560,2560,false],"thumbnail":["https:\/\/www.noleaky.com\/wp-content\/uploads\/2025\/06\/HeadGasketfinal-150x150.png",150,150,true],"medium":["https:\/\/www.noleaky.com\/wp-content\/uploads\/2025\/06\/HeadGasketfinal-300x300.png",300,300,true],"medium_large":["https:\/\/www.noleaky.com\/wp-content\/uploads\/2025\/06\/HeadGasketfinal-768x768.png",768,768,true],"large":["https:\/\/www.noleaky.com\/wp-content\/uploads\/2025\/06\/HeadGasketfinal-1024x1024.png",1024,1024,true],"1536x1536":["https:\/\/www.noleaky.com\/wp-content\/uploads\/2025\/06\/HeadGasketfinal-1536x1536.png",1536,1536,true],"2048x2048":["https:\/\/www.noleaky.com\/wp-content\/uploads\/2025\/06\/HeadGasketfinal-2048x2048.png",2048,2048,true],"trp-custom-language-flag":["https:\/\/www.noleaky.com\/wp-content\/uploads\/2025\/06\/HeadGasketfinal-12x12.png",12,12,true],"woocommerce_thumbnail":["https:\/\/www.noleaky.com\/wp-content\/uploads\/2025\/06\/HeadGasketfinal-300x300.png",300,300,true],"woocommerce_single":["https:\/\/www.noleaky.com\/wp-content\/uploads\/2025\/06\/HeadGasketfinal-600x600.png",600,600,true],"woocommerce_gallery_thumbnail":["https:\/\/www.noleaky.com\/wp-content\/uploads\/2025\/06\/HeadGasketfinal-100x100.png",100,100,true]},"uagb_author_info":{"display_name":"admin","author_link":"https:\/\/www.noleaky.com\/hr\/author\/"},"uagb_comment_info":229,"uagb_excerpt":"Repairs head gasket issues without expensive engine dismantling. Our head gasket repair formula is specially developed to solve common head gasket-related problems without the need for costly mechanical repairs. It works from inside the cooling system to seal leaks caused by damaged head gaskets, minor cracks, and sealing failures, helping you avoid time-consuming and expensive&hellip;","_links":{"self":[{"href":"https:\/\/www.noleaky.com\/hr\/wp-json\/wp\/v2\/product\/22989","targetHints":{"allow":["GET"]}}],"collection":[{"href":"https:\/\/www.noleaky.com\/hr\/wp-json\/wp\/v2\/product"}],"about":[{"href":"https:\/\/www.noleaky.com\/hr\/wp-json\/wp\/v2\/types\/product"}],"replies":[{"embeddable":true,"href":"https:\/\/www.noleaky.com\/hr\/wp-json\/wp\/v2\/comments?post=22989"}],"version-history":[{"count":10,"href":"https:\/\/www.noleaky.com\/hr\/wp-json\/wp\/v2\/product\/22989\/revisions"}],"predecessor-version":[{"id":33277,"href":"https:\/\/www.noleaky.com\/hr\/wp-json\/wp\/v2\/product\/22989\/revisions\/33277"}],"wp:featuredmedia":[{"embeddable":true,"href":"https:\/\/www.noleaky.com\/hr\/wp-json\/wp\/v2\/media\/23043"}],"wp:attachment":[{"href":"https:\/\/www.noleaky.com\/hr\/wp-json\/wp\/v2\/media?parent=22989"}],"wp:term":[{"taxonomy":"product_brand","embeddable":true,"href":"https:\/\/www.noleaky.com\/hr\/wp-json\/wp\/v2\/product_brand?post=22989"},{"taxonomy":"product_cat","embeddable":true,"href":"https:\/\/www.noleaky.com\/hr\/wp-json\/wp\/v2\/product_cat?post=22989"},{"taxonomy":"product_tag","embeddable":true,"href":"https:\/\/www.noleaky.com\/hr\/wp-json\/wp\/v2\/product_tag?post=22989"}],"curies":[{"name":"radni list","href":"https:\/\/api.w.org\/{rel}","templated":true}]}}