{"id":22965,"date":"2025-06-02T15:48:45","date_gmt":"2025-06-02T13:48:45","guid":{"rendered":"https:\/\/www.noleaky.com\/privacy-policy-2\/"},"modified":"2025-06-02T16:10:59","modified_gmt":"2025-06-02T14:10:59","slug":"privacy-policy","status":"publish","type":"page","link":"https:\/\/www.noleaky.com\/hr\/privacy-policy\/","title":{"rendered":"Pravila o privatnosti"},"content":{"rendered":"<p><strong>\u010clanak 1. Prezentacija web stranice<\/strong><\/p>\n\n\n\n<p>Korisnicima web stranice, identitetu dionika u kontekstu njezine izrade i pra\u0107enja, navodi se:<\/p>\n\n\n\n<p>Vlasnik: No Leaky d.o.o.<br>Adresa: 124 Broadkill Rd #432, Milton, DE 19968, Sjedinjene Ameri\u010dke Dr\u017eave<br>Temeljni kapital: $ 100.000 USD<br>Pravni oblik: Dru\u0161tvo s ograni\u010denom odgovorno\u0161\u0107u<br>Broj spisa: 2530620<\/p>\n\n\n\n<p>Doma\u0107in: OVH SAS, 2 rue Kellermann, Roubaix 59100, Francuska<\/p>\n\n\n\n<p><strong>\u010clanak 2. Op\u0107i uvjeti kori\u0161tenja web stranice i ponu\u0111enih usluga<\/strong><\/p>\n\n\n\n<p>Kori\u0161tenje web stranice podrazumijeva potpuno prihva\u0107anje op\u0107ih uvjeta opisanih u nastavku. Ovi uvjeti kori\u0161tenja mogu se izmijeniti ili dopuniti u bilo kojem trenutku. Stoga se korisnici pozivaju da ih redovito konzultiraju.<\/p>\n\n\n\n<p>Web stranica je obi\u010dno dostupna korisnicima u bilo kojem trenutku. Prekid rada zbog tehni\u010dkog odr\u017eavanja mo\u017ee donijeti tvrtka No Leaky LLC, koja \u0107e se potruditi unaprijed obavijestiti korisnike o datumima i vremenima odr\u017eavanja.<\/p>\n\n\n\n<p>Ovu web stranicu redovito a\u017eurira tvrtka No Leaky LLC. To uklju\u010duje i pravne obavijesti. Korisnik se poziva da ih \u010desto pregledava kako bi se s njima upoznao.<\/p>\n\n\n\n<p><strong>\u010clanak 3. Opis pru\u017eenih usluga<\/strong><\/p>\n\n\n\n<p>Svrha web stranice je pru\u017eanje informacija o proizvodima i aktivnostima tvrtke.<\/p>\n\n\n\n<p>No Leaky LLC ula\u017ee sve napore kako bi pru\u017eio najto\u010dnije i najnovije mogu\u0107e informacije. No Leaky LLC ne mo\u017ee se smatrati odgovornim za pogre\u0161ke, propuste ili nedostatke u a\u017euriranjima, bilo da su ih napravili sami ili tre\u0107i partneri koji nam pru\u017eaju te informacije.<\/p>\n\n\n\n<p>Sve informacije sadr\u017eane na ovoj web stranici dane su samo u informativne svrhe i podlo\u017ene su promjenama. Ove informacije nipo\u0161to nisu iscrpne. Informacije su podlo\u017ene izmjenama koje su napravljene od kada je materijal izvorno postavljen na web stranicu.<\/p>\n\n\n\n<p><strong>\u010clanak 4. Ugovorna ograni\u010denja tehni\u010dkih podataka<\/strong><\/p>\n\n\n\n<p>Ova web stranica koristi JavaScript tehnologiju.<\/p>\n\n\n\n<p>Web stranica ne mo\u017ee biti odgovorna za materijalnu \u0161tetu povezanu s njezinim kori\u0161tenjem. Korisnik pristaje pristupati web stranici koriste\u0107i modernu opremu koja ne sadr\u017ei viruse i a\u017eurirani preglednik nove generacije.<\/p>\n\n\n\n<p><strong>\u010clanak 5. Intelektualno vlasni\u0161tvo i krivotvorine<\/strong><\/p>\n\n\n\n<p>No Leaky LLC je vlasnik prava intelektualnog vlasni\u0161tva ili ima prava kori\u0161tenja svih elemenata dostupnih na ovoj web stranici. Posebno tekstova, slika, grafike, logotipa, ikona, zvukova i softvera.<\/p>\n\n\n\n<p>Svaka reprodukcija, prikaz, izmjena, objavljivanje, prilagodba svih ili dijela elemenata ove web stranice, bez obzira na kori\u0161tena sredstva ili proces, strogo je zabranjena, osim ako No Leaky LLC prethodno ne jam\u010di pismeno odobrenje.<\/p>\n\n\n\n<p>Svaka neovla\u0161tena upotreba web stranice ili bilo kojeg elementa koji ona sadr\u017ei od strane korisnika predstavljat \u0107e kr\u0161enje autorskih prava i bit \u0107e ka\u017enjena.<\/p>\n\n\n\n<p><strong>\u010clanak 6. Ograni\u010denje odgovornosti<\/strong><\/p>\n\n\n\n<p>No Leaky LLC ne mo\u017ee biti odgovoran za izravnu ili neizravnu \u0161tetu uzrokovanu korisnikovoj opremi prilikom pristupa web stranici. Za \u0161tetu nastalu kori\u0161tenjem opreme koja ne zadovoljava specifikacije navedene u \u010dlanku 4. ili pojavom gre\u0161ke ili virusa.<\/p>\n\n\n\n<p>No Leaky LLC ne mo\u017ee biti odgovoran za posljedi\u010dnu \u0161tetu poput gubitka tr\u017ei\u0161ta ili gubitka prilike koji proizlaze iz kori\u0161tenja web stranice.<\/p>\n\n\n\n<p>Interaktivni prostori (gdje korisnici mogu postavljati pitanja) dostupni su korisnicima. No Leaky LLC zadr\u017eava pravo izbrisati, bez prethodne najave, bilo koji sadr\u017eaj objavljen u ovom prostoru koji bi bio u suprotnosti s va\u017ee\u0107im zakonodavstvom u zemlji prebivali\u0161ta korisnika. To se posebno odnosi na odredbe koje se odnose na za\u0161titu podataka. Po potrebi, No Leaky LLC tako\u0111er zadr\u017eava pravo ispitati gra\u0111ansku i\/ili kaznenu odgovornost korisnika. Konkretno, sve \u0161to je rasisti\u010dko, uvredljivo, klevetni\u010dko ili pornografske prirode, bez obzira na kori\u0161teni medij (tekst, fotografija itd.).<\/p>\n\n\n\n<p><strong>\u010clanak 7. Upravljanje osobnim podacima<\/strong><\/p>\n\n\n\n<p>Prilikom kori\u0161tenja web stranice mogu se prikupljati sljede\u0107i podaci: URL poveznica putem kojih je korisnik pristupio web stranici, davatelj usluga pristupa korisnicima i protokolna adresa (IP) korisnika.<\/p>\n\n\n\n<p>No Leaky LLC prikuplja osobne podatke koji se odnose na korisnika samo za potrebe odre\u0111enih usluga koje nudi web stranica. Korisnik daje ove podatke s punim znanjem o \u010dinjenicama prilikom prijave. Korisniku web stranice se navodi obveza (ili ne) davanja ovih podataka.<\/p>\n\n\n\n<p>U skladu s odredbama koje se odnose na obradu podataka, datoteke i slobode, svaki korisnik ima pravo pristupa, ispravka i prigovora na osobne podatke koji se na njega odnose. Korisnik mora podnijeti pisani i potpisani zahtjev, uz koji je prilo\u017eena preslika identifikacijske isprave s potpisom nositelja isprave, navode\u0107i adresu na koju se odgovor mora poslati.<\/p>\n\n\n\n<p>Nijedan osobni podatak korisnika web stranice ne objavljuje se bez znanja i pristanka korisnika, niti se prenosi, razmjenjuje ili prodaje na bilo kojem mediju tre\u0107im stranama. Tek pretpostavka akvizicije dru\u0161tva No Leaky LLC i njegovih prava omogu\u0107ila bi prijenos navedenih podataka potencijalnom kupcu koji bi zauzvrat bio vezan istom obvezom pohranjivanja i izmjene podataka u odnosu na korisnike web stranice.<\/p>\n\n\n\n<p>Baze podataka za\u0161ti\u0107ene su odredbama koje se odnose na pravnu za\u0161titu baza podataka.<\/p>\n\n\n\n<p><strong>\u010clanak 8. Hipertekstualne poveznice i kola\u010di\u0107i<\/strong><\/p>\n\n\n\n<p>Web-stranica sadr\u017ei niz hipertekstualnih poveznica na druge stranice koje su postavljene uz odobrenje tvrtke No Leaky LLC. Treba napomenuti da No Leaky LLC nema mogu\u0107nost provjere sadr\u017eaja posje\u0107enih stranica te stoga ne preuzima nikakvu odgovornost za tu \u010dinjenicu.<\/p>\n\n\n\n<p>Pregledavanje ove web stranice vjerojatno \u0107e uzrokovati instalaciju kola\u010di\u0107a na korisnikovo ra\u010dunalo. Kola\u010di\u0107 je mala datoteka koja ne dopu\u0161ta identifikaciju korisnika, ali mo\u017ee bilje\u017eiti informacije vezane uz navigaciju ra\u010dunala na web stranici. Dobiveni podaci namijenjeni su olak\u0161avanju daljnje navigacije web stranicom i mogu mjeriti posje\u0107enost.<\/p>\n\n\n\n<p>Odbijanje kola\u010di\u0107a mo\u017ee onemogu\u0107iti pristup odre\u0111enim uslugama. Korisnik mo\u017ee konfigurirati svoje ra\u010dunalo na sljede\u0107i na\u010din kako bi odbio instalaciju kola\u010di\u0107a:<\/p>\n\n\n\n<p>Internet Explorer: Odaberite postavke (ikona zup\u010danika gore desno) Odaberite internetske opcije. Kliknite Privatnost i odaberite Blokiraj sve kola\u010di\u0107e. Potvrdite.<\/p>\n\n\n\n<p>Firefox: Na vrhu prozora preglednika kliknite gumb Firefox, a zatim kliknite karticu s opcijama. Kliknite karticu Privatnost. Postavite pravila zadr\u017eavanja na: koristi prilago\u0111ene postavke za povijest. Na kraju, poni\u0161tite odabir kako biste onemogu\u0107ili kola\u010di\u0107e.<\/p>\n\n\n\n<p>U Safariju: Kliknite u gornjem desnom kutu preglednika na ikonu izbornika (simbol zup\u010danika). Odaberite postavke. Kliknite Prika\u017ei napredne postavke. U odjeljku &quot;Privatnost&quot; kliknite Postavke sadr\u017eaja. U odjeljku &quot;kola\u010di\u0107i&quot; mo\u017eete blokirati kola\u010di\u0107e.<\/p>\n\n\n\n<p>U Chromeu: Kliknite u gornjem desnom kutu preglednika na ikonu izbornika (simbol 3 vodoravne crte). Odaberite postavke. Kliknite Prika\u017ei napredne postavke. U odjeljku &quot;Privatnost&quot; kliknite postavke. Odaberite blokiraj kola\u010di\u0107e.<\/p>\n\n\n\n<p>&nbsp;<strong>\u010clanak 9. Mjerodavno pravo i dodjeljivanje nadle\u017enosti<\/strong><\/p>\n\n\n\n<p>Svaki spor u vezi s kori\u0161tenjem web stranice podlije\u017ee va\u017ee\u0107em pravu u zemlji prebivali\u0161ta prodavatelja. Isklju\u010diva nadle\u017enost dana je nadle\u017enim sudovima u zemlji prebivali\u0161ta prodavatelja.<\/p>\n\n\n\n<p>&nbsp;<strong>\u010clanak 10. Glosar<\/strong><\/p>\n\n\n\n<p>Korisnik: Internetski korisnik koji se spaja na mre\u017eu, na prethodno spomenutu web stranicu.<\/p>\n\n\n\n<p>Osobni podaci: Podaci koji omogu\u0107uju, na bilo koji na\u010din, izravno ili neizravno, identifikaciju pojedinca\/osoba na koje se odnose.<\/p>","protected":false},"excerpt":{"rendered":"<p>Article 1. Presentation of the website It is specified to the users of the website, the identity of the stakeholders in the context of its creation and follow up: Owner: No Leaky LLCAddress: 124 Broadkill Rd #432, Milton, DE 19968, United StatesShare capital: $ 100,000 USDLegal form: Limited liability companyFile number: 2530620 Host: OVH SAS, [&hellip;]<\/p>\n","protected":false},"author":1,"featured_media":0,"parent":0,"menu_order":0,"comment_status":"closed","ping_status":"closed","template":"","meta":{"_uag_custom_page_level_css":"","site-sidebar-layout":"default","site-content-layout":"","ast-site-content-layout":"default","site-content-style":"default","site-sidebar-style":"default","ast-global-header-display":"","ast-banner-title-visibility":"","ast-main-header-display":"","ast-hfb-above-header-display":"","ast-hfb-below-header-display":"","ast-hfb-mobile-header-display":"","site-post-title":"","ast-breadcrumbs-content":"","ast-featured-img":"","footer-sml-layout":"","ast-disable-related-posts":"","theme-transparent-header-meta":"","adv-header-id-meta":"","stick-header-meta":"","header-above-stick-meta":"","header-main-stick-meta":"","header-below-stick-meta":"","astra-migrate-meta-layouts":"set","ast-page-background-enabled":"default","ast-page-background-meta":{"desktop":{"background-color":"var(--ast-global-color-4)","background-image":"","background-repeat":"repeat","background-position":"center center","background-size":"auto","background-attachment":"scroll","background-type":"","background-media":"","overlay-type":"","overlay-color":"","overlay-opacity":"","overlay-gradient":""},"tablet":{"background-color":"","background-image":"","background-repeat":"repeat","background-position":"center center","background-size":"auto","background-attachment":"scroll","background-type":"","background-media":"","overlay-type":"","overlay-color":"","overlay-opacity":"","overlay-gradient":""},"mobile":{"background-color":"","background-image":"","background-repeat":"repeat","background-position":"center center","background-size":"auto","background-attachment":"scroll","background-type":"","background-media":"","overlay-type":"","overlay-color":"","overlay-opacity":"","overlay-gradient":""}},"ast-content-background-meta":{"desktop":{"background-color":"var(--ast-global-color-5)","background-image":"","background-repeat":"repeat","background-position":"center center","background-size":"auto","background-attachment":"scroll","background-type":"","background-media":"","overlay-type":"","overlay-color":"","overlay-opacity":"","overlay-gradient":""},"tablet":{"background-color":"var(--ast-global-color-5)","background-image":"","background-repeat":"repeat","background-position":"center center","background-size":"auto","background-attachment":"scroll","background-type":"","background-media":"","overlay-type":"","overlay-color":"","overlay-opacity":"","overlay-gradient":""},"mobile":{"background-color":"var(--ast-global-color-5)","background-image":"","background-repeat":"repeat","background-position":"center center","background-size":"auto","background-attachment":"scroll","background-type":"","background-media":"","overlay-type":"","overlay-color":"","overlay-opacity":"","overlay-gradient":""}},"footnotes":""},"class_list":["post-22965","page","type-page","status-publish","hentry"],"spectra_custom_meta":{"_s2w_shopify_page_id":["22078390306"],"_s2w_shopify_domain":["noleaky.myshopify.com"],"_edit_last":["1"],"_wp_page_template":["default"],"_edit_lock":["1748873550:1"],"_uag_custom_page_level_css":[""],"site-sidebar-layout":["default"],"site-content-layout":[""],"ast-site-content-layout":["default"],"site-content-style":["default"],"site-sidebar-style":["default"],"ast-global-header-display":[""],"ast-banner-title-visibility":[""],"ast-main-header-display":[""],"ast-hfb-above-header-display":[""],"ast-hfb-below-header-display":[""],"ast-hfb-mobile-header-display":[""],"site-post-title":[""],"ast-breadcrumbs-content":[""],"ast-featured-img":[""],"footer-sml-layout":[""],"theme-transparent-header-meta":[""],"adv-header-id-meta":[""],"stick-header-meta":[""],"header-above-stick-meta":[""],"header-main-stick-meta":[""],"header-below-stick-meta":[""],"astra-migrate-meta-layouts":["set"],"ast-page-background-enabled":["default"],"ast-page-background-meta":["a:3:{s:7:\"desktop\";a:12:{s:16:\"background-color\";s:25:\"var(--ast-global-color-4)\";s:16:\"background-image\";s:0:\"\";s:17:\"background-repeat\";s:6:\"repeat\";s:19:\"background-position\";s:13:\"center center\";s:15:\"background-size\";s:4:\"auto\";s:21:\"background-attachment\";s:6:\"scroll\";s:15:\"background-type\";s:0:\"\";s:16:\"background-media\";s:0:\"\";s:12:\"overlay-type\";s:0:\"\";s:13:\"overlay-color\";s:0:\"\";s:15:\"overlay-opacity\";s:0:\"\";s:16:\"overlay-gradient\";s:0:\"\";}s:6:\"tablet\";a:12:{s:16:\"background-color\";s:0:\"\";s:16:\"background-image\";s:0:\"\";s:17:\"background-repeat\";s:6:\"repeat\";s:19:\"background-position\";s:13:\"center center\";s:15:\"background-size\";s:4:\"auto\";s:21:\"background-attachment\";s:6:\"scroll\";s:15:\"background-type\";s:0:\"\";s:16:\"background-media\";s:0:\"\";s:12:\"overlay-type\";s:0:\"\";s:13:\"overlay-color\";s:0:\"\";s:15:\"overlay-opacity\";s:0:\"\";s:16:\"overlay-gradient\";s:0:\"\";}s:6:\"mobile\";a:12:{s:16:\"background-color\";s:0:\"\";s:16:\"background-image\";s:0:\"\";s:17:\"background-repeat\";s:6:\"repeat\";s:19:\"background-position\";s:13:\"center center\";s:15:\"background-size\";s:4:\"auto\";s:21:\"background-attachment\";s:6:\"scroll\";s:15:\"background-type\";s:0:\"\";s:16:\"background-media\";s:0:\"\";s:12:\"overlay-type\";s:0:\"\";s:13:\"overlay-color\";s:0:\"\";s:15:\"overlay-opacity\";s:0:\"\";s:16:\"overlay-gradient\";s:0:\"\";}}"],"ast-content-background-meta":["a:3:{s:7:\"desktop\";a:12:{s:16:\"background-color\";s:25:\"var(--ast-global-color-5)\";s:16:\"background-image\";s:0:\"\";s:17:\"background-repeat\";s:6:\"repeat\";s:19:\"background-position\";s:13:\"center center\";s:15:\"background-size\";s:4:\"auto\";s:21:\"background-attachment\";s:6:\"scroll\";s:15:\"background-type\";s:0:\"\";s:16:\"background-media\";s:0:\"\";s:12:\"overlay-type\";s:0:\"\";s:13:\"overlay-color\";s:0:\"\";s:15:\"overlay-opacity\";s:0:\"\";s:16:\"overlay-gradient\";s:0:\"\";}s:6:\"tablet\";a:12:{s:16:\"background-color\";s:25:\"var(--ast-global-color-5)\";s:16:\"background-image\";s:0:\"\";s:17:\"background-repeat\";s:6:\"repeat\";s:19:\"background-position\";s:13:\"center center\";s:15:\"background-size\";s:4:\"auto\";s:21:\"background-attachment\";s:6:\"scroll\";s:15:\"background-type\";s:0:\"\";s:16:\"background-media\";s:0:\"\";s:12:\"overlay-type\";s:0:\"\";s:13:\"overlay-color\";s:0:\"\";s:15:\"overlay-opacity\";s:0:\"\";s:16:\"overlay-gradient\";s:0:\"\";}s:6:\"mobile\";a:12:{s:16:\"background-color\";s:25:\"var(--ast-global-color-5)\";s:16:\"background-image\";s:0:\"\";s:17:\"background-repeat\";s:6:\"repeat\";s:19:\"background-position\";s:13:\"center center\";s:15:\"background-size\";s:4:\"auto\";s:21:\"background-attachment\";s:6:\"scroll\";s:15:\"background-type\";s:0:\"\";s:16:\"background-media\";s:0:\"\";s:12:\"overlay-type\";s:0:\"\";s:13:\"overlay-color\";s:0:\"\";s:15:\"overlay-opacity\";s:0:\"\";s:16:\"overlay-gradient\";s:0:\"\";}}"],"footnotes":[""],"_elementor_edit_mode":[""],"_elementor_template_type":[""],"_elementor_data":[""],"_elementor_conditions":["a:0:{}"],"_uag_css_file_name":["uag-css-22965.css"],"_uag_page_assets":["a:9:{s:3:\"css\";s:7156:\".uag-blocks-common-selector{z-index:var(--z-index-desktop) !important}@media (max-width: 976px){.uag-blocks-common-selector{z-index:var(--z-index-tablet) !important}}@media (max-width: 767px){.uag-blocks-common-selector{z-index:var(--z-index-mobile) !important}}\n.wp-block-uagb-image{display:flex}.wp-block-uagb-image__figure{position:relative;display:flex;flex-direction:column;max-width:100%;height:auto;margin:0}.wp-block-uagb-image__figure img{height:auto;display:flex;max-width:100%;transition:box-shadow 0.2s ease}.wp-block-uagb-image__figure>a{display:inline-block}.wp-block-uagb-image__figure figcaption{text-align:center;margin-top:0.5em;margin-bottom:1em}.wp-block-uagb-image .components-placeholder.block-editor-media-placeholder .components-placeholder__instructions{align-self:center}.wp-block-uagb-image--align-left{text-align:left}.wp-block-uagb-image--align-right{text-align:right}.wp-block-uagb-image--align-center{text-align:center}.wp-block-uagb-image--align-full .wp-block-uagb-image__figure{margin-left:calc(50% - 50vw);margin-right:calc(50% - 50vw);max-width:100vw;width:100vw;height:auto}.wp-block-uagb-image--align-full .wp-block-uagb-image__figure img{height:auto;width:100% !important}.wp-block-uagb-image--align-wide .wp-block-uagb-image__figure img{height:auto;width:100%}.wp-block-uagb-image--layout-overlay__color-wrapper{position:absolute;left:0;top:0;right:0;bottom:0;opacity:0.2;background:rgba(0,0,0,0.5);transition:opacity 0.35s ease-in-out}.wp-block-uagb-image--layout-overlay-link{position:absolute;left:0;right:0;bottom:0;top:0}.wp-block-uagb-image--layout-overlay .wp-block-uagb-image__figure:hover .wp-block-uagb-image--layout-overlay__color-wrapper{opacity:1}.wp-block-uagb-image--layout-overlay__inner{position:absolute;left:15px;right:15px;bottom:15px;top:15px;display:flex;align-items:center;justify-content:center;flex-direction:column;border-color:#fff;transition:0.35s ease-in-out}.wp-block-uagb-image--layout-overlay__inner.top-left,.wp-block-uagb-image--layout-overlay__inner.top-center,.wp-block-uagb-image--layout-overlay__inner.top-right{justify-content:flex-start}.wp-block-uagb-image--layout-overlay__inner.bottom-left,.wp-block-uagb-image--layout-overlay__inner.bottom-center,.wp-block-uagb-image--layout-overlay__inner.bottom-right{justify-content:flex-end}.wp-block-uagb-image--layout-overlay__inner.top-left,.wp-block-uagb-image--layout-overlay__inner.center-left,.wp-block-uagb-image--layout-overlay__inner.bottom-left{align-items:flex-start}.wp-block-uagb-image--layout-overlay__inner.top-right,.wp-block-uagb-image--layout-overlay__inner.center-right,.wp-block-uagb-image--layout-overlay__inner.bottom-right{align-items:flex-end}.wp-block-uagb-image--layout-overlay__inner .uagb-image-heading{color:#fff;transition:transform 0.35s, opacity 0.35s ease-in-out;transform:translate3d(0, 24px, 0);margin:0;line-height:1em}.wp-block-uagb-image--layout-overlay__inner .uagb-image-separator{width:30%;border-top-width:2px;border-top-color:#fff;border-top-style:solid;margin-bottom:10px;opacity:0;transition:transform 0.4s, opacity 0.4s ease-in-out;transform:translate3d(0, 30px, 0)}.wp-block-uagb-image--layout-overlay__inner .uagb-image-caption{opacity:0;overflow:visible;color:#fff;transition:transform 0.45s, opacity 0.45s ease-in-out;transform:translate3d(0, 35px, 0)}.wp-block-uagb-image--layout-overlay__inner:hover .uagb-image-heading,.wp-block-uagb-image--layout-overlay__inner:hover .uagb-image-separator,.wp-block-uagb-image--layout-overlay__inner:hover .uagb-image-caption{opacity:1;transform:translate3d(0, 0, 0)}.wp-block-uagb-image--effect-zoomin .wp-block-uagb-image__figure img,.wp-block-uagb-image--effect-zoomin .wp-block-uagb-image__figure .wp-block-uagb-image--layout-overlay__color-wrapper{transform:scale(1);transition:transform 0.35s ease-in-out}.wp-block-uagb-image--effect-zoomin .wp-block-uagb-image__figure:hover img,.wp-block-uagb-image--effect-zoomin .wp-block-uagb-image__figure:hover .wp-block-uagb-image--layout-overlay__color-wrapper{transform:scale(1.05)}.wp-block-uagb-image--effect-slide .wp-block-uagb-image__figure img,.wp-block-uagb-image--effect-slide .wp-block-uagb-image__figure .wp-block-uagb-image--layout-overlay__color-wrapper{width:calc(100% + 40px) !important;max-width:none !important;transform:translate3d(-40px, 0, 0);transition:transform 0.35s ease-in-out}.wp-block-uagb-image--effect-slide .wp-block-uagb-image__figure:hover img,.wp-block-uagb-image--effect-slide .wp-block-uagb-image__figure:hover .wp-block-uagb-image--layout-overlay__color-wrapper{transform:translate3d(0, 0, 0)}.wp-block-uagb-image--effect-grayscale img{filter:grayscale(0%);transition:0.35s ease-in-out}.wp-block-uagb-image--effect-grayscale:hover img{filter:grayscale(100%)}.wp-block-uagb-image--effect-blur img{filter:blur(0);transition:0.35s ease-in-out}.wp-block-uagb-image--effect-blur:hover img{filter:blur(3px)}\n.uagb-block-e6f939b3.wp-block-uagb-image--layout-default figure img{box-shadow: 0px 0px 0 #00000070;}.uagb-block-e6f939b3.wp-block-uagb-image .wp-block-uagb-image__figure figcaption{font-style: normal;align-self: center;}.uagb-block-e6f939b3.wp-block-uagb-image--layout-overlay figure img{box-shadow: 0px 0px 0 #00000070;}.uagb-block-e6f939b3.wp-block-uagb-image--layout-overlay .wp-block-uagb-image--layout-overlay__color-wrapper{opacity: 0.2;}.uagb-block-e6f939b3.wp-block-uagb-image--layout-overlay .wp-block-uagb-image--layout-overlay__inner{left: 15px;right: 15px;top: 15px;bottom: 15px;}.uagb-block-e6f939b3.wp-block-uagb-image--layout-overlay .wp-block-uagb-image--layout-overlay__inner .uagb-image-heading{font-style: normal;color: #fff;opacity: 1;}.uagb-block-e6f939b3.wp-block-uagb-image--layout-overlay .wp-block-uagb-image--layout-overlay__inner .uagb-image-heading a{color: #fff;}.uagb-block-e6f939b3.wp-block-uagb-image--layout-overlay .wp-block-uagb-image--layout-overlay__inner .uagb-image-caption{opacity: 0;}.uagb-block-e6f939b3.wp-block-uagb-image--layout-overlay .wp-block-uagb-image__figure:hover .wp-block-uagb-image--layout-overlay__color-wrapper{opacity: 1;}.uagb-block-e6f939b3.wp-block-uagb-image .wp-block-uagb-image--layout-overlay__inner .uagb-image-separator{width: 30%;border-top-width: 2px;border-top-color: #fff;opacity: 0;}.uagb-block-e6f939b3.wp-block-uagb-image .wp-block-uagb-image__figure img{width: px;height: auto;}.uagb-block-e6f939b3.wp-block-uagb-image .wp-block-uagb-image__figure:hover .wp-block-uagb-image--layout-overlay__inner .uagb-image-caption{opacity: 1;}.uagb-block-e6f939b3.wp-block-uagb-image .wp-block-uagb-image__figure:hover .wp-block-uagb-image--layout-overlay__inner .uagb-image-separator{opacity: 1;}.uagb-block-e6f939b3.wp-block-uagb-image--layout-default figure:hover img{box-shadow: 0px 0px 0 #00000070;}.uagb-block-e6f939b3.wp-block-uagb-image--layout-overlay figure:hover img{box-shadow: 0px 0px 0 #00000070;}@media only screen and (max-width: 976px) {.uagb-block-e6f939b3.wp-block-uagb-image .wp-block-uagb-image__figure img{width: px;height: auto;}}@media only screen and (max-width: 767px) {.uagb-block-e6f939b3.wp-block-uagb-image .wp-block-uagb-image__figure img{width: px;height: auto;}}\";s:2:\"js\";s:0:\"\";s:18:\"current_block_list\";a:13:{i:0;s:14:\"core\/paragraph\";i:1;s:11:\"core\/search\";i:2;s:10:\"core\/group\";i:3;s:12:\"core\/heading\";i:4;s:17:\"core\/latest-posts\";i:5;s:20:\"core\/latest-comments\";i:6;s:13:\"core\/archives\";i:7;s:15:\"core\/categories\";i:8;s:10:\"uagb\/image\";i:9;s:11:\"core\/spacer\";i:10;s:30:\"woocommerce\/product-categories\";i:11;s:10:\"core\/image\";i:12;s:14:\"core\/shortcode\";}s:8:\"uag_flag\";b:1;s:11:\"uag_version\";s:10:\"1776745202\";s:6:\"gfonts\";a:0:{}s:10:\"gfonts_url\";s:0:\"\";s:12:\"gfonts_files\";a:0:{}s:14:\"uag_faq_layout\";b:0;}"]},"uagb_featured_image_src":{"full":false,"thumbnail":false,"medium":false,"medium_large":false,"large":false,"1536x1536":false,"2048x2048":false,"trp-custom-language-flag":false,"woocommerce_thumbnail":false,"woocommerce_single":false,"woocommerce_gallery_thumbnail":false},"uagb_author_info":{"display_name":"admin","author_link":"https:\/\/www.noleaky.com\/hr\/author\/admin2721\/"},"uagb_comment_info":0,"uagb_excerpt":"Article 1. Presentation of the website It is specified to the users of the website, the identity of the stakeholders in the context of its creation and follow up: Owner: No Leaky LLCAddress: 124 Broadkill Rd #432, Milton, DE 19968, United StatesShare capital: $ 100,000 USDLegal form: Limited liability companyFile number: 2530620 Host: OVH SAS,&hellip;","_links":{"self":[{"href":"https:\/\/www.noleaky.com\/hr\/wp-json\/wp\/v2\/pages\/22965","targetHints":{"allow":["GET"]}}],"collection":[{"href":"https:\/\/www.noleaky.com\/hr\/wp-json\/wp\/v2\/pages"}],"about":[{"href":"https:\/\/www.noleaky.com\/hr\/wp-json\/wp\/v2\/types\/page"}],"author":[{"embeddable":true,"href":"https:\/\/www.noleaky.com\/hr\/wp-json\/wp\/v2\/users\/1"}],"replies":[{"embeddable":true,"href":"https:\/\/www.noleaky.com\/hr\/wp-json\/wp\/v2\/comments?post=22965"}],"version-history":[{"count":2,"href":"https:\/\/www.noleaky.com\/hr\/wp-json\/wp\/v2\/pages\/22965\/revisions"}],"predecessor-version":[{"id":23126,"href":"https:\/\/www.noleaky.com\/hr\/wp-json\/wp\/v2\/pages\/22965\/revisions\/23126"}],"wp:attachment":[{"href":"https:\/\/www.noleaky.com\/hr\/wp-json\/wp\/v2\/media?parent=22965"}],"curies":[{"name":"radni list","href":"https:\/\/api.w.org\/{rel}","templated":true}]}}