{"id":23027,"date":"2025-06-02T15:49:28","date_gmt":"2025-06-02T13:49:28","guid":{"rendered":"https:\/\/www.noleaky.com\/products\/superethanol-treatment-e85\/"},"modified":"2026-03-01T14:36:25","modified_gmt":"2026-03-01T13:36:25","slug":"superethanol-treatment-e85","status":"publish","type":"product","link":"https:\/\/www.noleaky.com\/fr\/products\/superethanol-treatment-e85\/","title":{"rendered":"Traitement super\u00e9thanol"},"content":{"rendered":"<p><strong><img decoding=\"async\" style=\"margin-right: 12px;\" src=\"https:\/\/www.noleaky.com\/wp-content\/uploads\/2026\/02\/Check.svg\" alt=\"\" width=\"18\" height=\"15\" \/>Optimise les performances du moteur des v\u00e9hicules fonctionnant au super\u00e9thanol.<\/strong> Notre traitement au super\u00e9thanol est sp\u00e9cialement con\u00e7u pour am\u00e9liorer l'efficacit\u00e9 de la combustion et la stabilit\u00e9 du moteur dans les v\u00e9hicules utilisant des carburants \u00e0 forte teneur en \u00e9thanol tels que l'E85. Il am\u00e9liore la qualit\u00e9 de l'allumage, r\u00e9duit les irr\u00e9gularit\u00e9s de la combustion et favorise un fonctionnement plus souple du moteur, m\u00eame dans des conditions de conduite difficiles.<\/p>\n<p><strong><img decoding=\"async\" style=\"margin-right: 12px;\" src=\"https:\/\/www.noleaky.com\/wp-content\/uploads\/2026\/02\/Check.svg\" alt=\"\" width=\"18\" height=\"15\" \/>La formule la plus efficace pour prot\u00e9ger les syst\u00e8mes d'alimentation en carburant expos\u00e9s \u00e0 l'\u00e9thanol.<\/strong> Les carburants \u00e0 base d'\u00e9thanol peuvent attirer l'humidit\u00e9 et provoquer de la corrosion \u00e0 l'int\u00e9rieur du syst\u00e8me d'alimentation. Notre traitement avanc\u00e9 est la solution la plus efficace pour stabiliser le carburant, r\u00e9duire les probl\u00e8mes li\u00e9s \u00e0 l'eau et prot\u00e9ger les injecteurs, les pompes \u00e0 carburant et les composants internes du moteur contre l'usure pr\u00e9matur\u00e9e et les d\u00e9p\u00f4ts.<\/p>\n<p><strong><img decoding=\"async\" style=\"margin-right: 12px;\" src=\"https:\/\/www.noleaky.com\/wp-content\/uploads\/2026\/02\/Check.svg\" alt=\"\" width=\"18\" height=\"15\" \/>L'additif haute performance le moins cher du march\u00e9.<\/strong> Nous offrons une protection au super\u00e9thanol de qualit\u00e9 professionnelle au prix le plus comp\u00e9titif. Notre produit est la solution la moins ch\u00e8re de sa cat\u00e9gorie tout en offrant une efficacit\u00e9 sup\u00e9rieure, ce qui permet aux conducteurs d'entretenir correctement leurs v\u00e9hicules sans augmenter les co\u00fbts d'exploitation.<\/p>\n<p><strong><img decoding=\"async\" style=\"margin-right: 12px;\" src=\"https:\/\/www.noleaky.com\/wp-content\/uploads\/2026\/02\/Check.svg\" alt=\"\" width=\"18\" height=\"15\" \/>Livraison garantie en 24 heures pour un entretien imm\u00e9diat du moteur.<\/strong> Les probl\u00e8mes de carburant ne doivent pas attendre. C'est pourquoi nous garantissons une livraison en 24 heures, ce qui vous permet d'ajouter rapidement le traitement \u00e0 votre r\u00e9servoir et de maintenir des performances optimales du moteur sans d\u00e9lai.<\/p>\n<p><strong><img decoding=\"async\" style=\"margin-right: 12px;\" src=\"https:\/\/www.noleaky.com\/wp-content\/uploads\/2026\/02\/Check.svg\" alt=\"\" width=\"18\" height=\"15\" \/>Garantie de remboursement pour une totale tranquillit\u00e9 d'esprit.<\/strong> Nous nous portons garants de l'efficacit\u00e9 de notre traitement au super\u00e9thanol. Si vous n'\u00eates pas satisfait des r\u00e9sultats, nous vous offrons une garantie de remboursement. Il vous suffit de nous contacter et nous vous rembourserons votre achat, ce qui rend votre investissement enti\u00e8rement sans risque.<\/p>\n<p><strong><img decoding=\"async\" style=\"margin-right: 12px;\" src=\"https:\/\/www.noleaky.com\/wp-content\/uploads\/2026\/02\/Check.svg\" alt=\"\" width=\"18\" height=\"15\" \/>Am\u00e9liore la combustion et le rendement du carburant.<\/strong> En optimisant le processus de combustion des carburants riches en \u00e9thanol, le traitement aide les moteurs \u00e0 br\u00fbler le carburant plus compl\u00e8tement. Cela peut am\u00e9liorer la r\u00e9ponse de l'acc\u00e9l\u00e9rateur, r\u00e9duire les h\u00e9sitations et contribuer \u00e0 un rendement \u00e9nerg\u00e9tique plus constant.<\/p>\n<p><strong><img decoding=\"async\" style=\"margin-right: 12px;\" src=\"https:\/\/www.noleaky.com\/wp-content\/uploads\/2026\/02\/Check.svg\" alt=\"\" width=\"18\" height=\"15\" \/>Pr\u00e9vient la corrosion et les dommages li\u00e9s \u00e0 l'humidit\u00e9.<\/strong> Les carburants \u00e0 l'\u00e9thanol sont hygroscopiques et peuvent absorber de l'eau, ce qui peut entra\u00eener la corrosion des composants m\u00e9talliques. Notre formule aide \u00e0 contr\u00f4ler les effets de l'humidit\u00e9 et forme une barri\u00e8re protectrice dans le syst\u00e8me de carburant pour minimiser la rouille et l'oxydation.<\/p>\n<p><strong><img decoding=\"async\" style=\"margin-right: 12px;\" src=\"https:\/\/www.noleaky.com\/wp-content\/uploads\/2026\/02\/Check.svg\" alt=\"\" width=\"18\" height=\"15\" \/>Maintient les injecteurs et le syst\u00e8me d'alimentation en carburant propres.<\/strong> L'additif contient des agents nettoyants qui aident \u00e0 r\u00e9duire les d\u00e9p\u00f4ts dans les injecteurs et les composants d'admission, ce qui favorise une meilleure pulv\u00e9risation et une alimentation en carburant plus r\u00e9guli\u00e8re pour des performances moteur plus stables.<\/p>\n<p><strong><img decoding=\"async\" style=\"margin-right: 12px;\" src=\"https:\/\/www.noleaky.com\/wp-content\/uploads\/2026\/02\/Check.svg\" alt=\"\" width=\"18\" height=\"15\" \/>Am\u00e9liore les performances de d\u00e9marrage \u00e0 froid.<\/strong> Les carburants \u00e0 forte teneur en \u00e9thanol peuvent rendre les d\u00e9marrages \u00e0 froid plus difficiles. Ce traitement am\u00e9liore l'allumage \u00e0 basse temp\u00e9rature, ce qui r\u00e9duit les d\u00e9marrages difficiles et am\u00e9liore la r\u00e9activit\u00e9 du moteur.<\/p>\n<p><strong><img decoding=\"async\" style=\"margin-right: 12px;\" src=\"https:\/\/www.noleaky.com\/wp-content\/uploads\/2026\/02\/Check.svg\" alt=\"\" width=\"18\" height=\"15\" \/>Hautement concentr\u00e9, avec une excellente capacit\u00e9 de traitement.<\/strong> Un seul flacon traite un grand volume de carburant, ce qui le rend \u00e9conomique et pratique pour l'entretien r\u00e9gulier. Sa concentration optimis\u00e9e assure une distribution efficace dans l'ensemble du syst\u00e8me de carburant.<\/p>\n<h2><strong>Instructions<\/strong><\/h2>\n<ul>\n<li>Assurez-vous que le v\u00e9hicule est compatible avec les carburants au super\u00e9thanol tels que l'E85 avant de l'utiliser.<\/li>\n<li>Bien agiter la bouteille avant de la verser.<\/li>\n<li>Ajouter le traitement au super\u00e9thanol directement dans le r\u00e9servoir de carburant avant de faire le plein pour assurer un m\u00e9lange optimal.<\/li>\n<li>Le dosage recommand\u00e9 est d'environ 250 ml pour 40 \u00e0 60 litres de carburant. Ajuster proportionnellement en fonction de la capacit\u00e9 du r\u00e9servoir.<\/li>\n<li>Une bouteille traite g\u00e9n\u00e9ralement un r\u00e9servoir complet. Ne pas d\u00e9passer le dosage recommand\u00e9.<\/li>\n<li>Pour les v\u00e9hicules utilis\u00e9s r\u00e9guli\u00e8rement avec du carburant super\u00e9thanol, utiliser le traitement tous les deux ou trois pleins \u00e0 des fins de maintenance pr\u00e9ventive.<\/li>\n<li>Pour les v\u00e9hicules stock\u00e9s pendant de longues p\u00e9riodes, ajouter le traitement avant le stockage pour aider \u00e0 stabiliser le carburant.<\/li>\n<li>Conduisez normalement apr\u00e8s avoir fait le plein pour permettre au carburant trait\u00e9 de circuler dans l'ensemble du syst\u00e8me d'alimentation en carburant.<\/li>\n<li>Stocker le produit dans un endroit frais et sec, \u00e0 l'abri de la lumi\u00e8re directe du soleil.<\/li>\n<li>Tenir hors de port\u00e9e des enfants et \u00e9viter tout contact avec la peau ou les yeux lors de la manipulation.<\/li>\n<\/ul>","protected":false},"excerpt":{"rendered":"<p>Optimizes engine performance in vehicles running on superethanol fuel. Our superethanol treatment is specially developed to improve combustion efficiency and engine stability in vehicles using high-ethanol fuels such as E85. It enhances ignition quality, reduces irregular combustion, and supports smoother engine operation even under demanding driving conditions. The most effective formula for protecting fuel systems [&hellip;]<\/p>\n","protected":false},"featured_media":23098,"comment_status":"open","ping_status":"closed","template":"","meta":{"_uag_custom_page_level_css":"","site-sidebar-layout":"default","site-content-layout":"","ast-site-content-layout":"default","site-content-style":"default","site-sidebar-style":"default","ast-global-header-display":"","ast-banner-title-visibility":"","ast-main-header-display":"","ast-hfb-above-header-display":"","ast-hfb-below-header-display":"","ast-hfb-mobile-header-display":"","site-post-title":"","ast-breadcrumbs-content":"","ast-featured-img":"","footer-sml-layout":"","ast-disable-related-posts":"","theme-transparent-header-meta":"default","adv-header-id-meta":"","stick-header-meta":"","header-above-stick-meta":"","header-main-stick-meta":"","header-below-stick-meta":"","astra-migrate-meta-layouts":"set","ast-page-background-enabled":"default","ast-page-background-meta":{"desktop":{"background-color":"var(--ast-global-color-4)","background-image":"","background-repeat":"repeat","background-position":"center center","background-size":"auto","background-attachment":"scroll","background-type":"","background-media":"","overlay-type":"","overlay-color":"","overlay-opacity":"","overlay-gradient":""},"tablet":{"background-color":"","background-image":"","background-repeat":"repeat","background-position":"center center","background-size":"auto","background-attachment":"scroll","background-type":"","background-media":"","overlay-type":"","overlay-color":"","overlay-opacity":"","overlay-gradient":""},"mobile":{"background-color":"","background-image":"","background-repeat":"repeat","background-position":"center center","background-size":"auto","background-attachment":"scroll","background-type":"","background-media":"","overlay-type":"","overlay-color":"","overlay-opacity":"","overlay-gradient":""}},"ast-content-background-meta":{"desktop":{"background-color":"var(--ast-global-color-5)","background-image":"","background-repeat":"repeat","background-position":"center center","background-size":"auto","background-attachment":"scroll","background-type":"","background-media":"","overlay-type":"","overlay-color":"","overlay-opacity":"","overlay-gradient":""},"tablet":{"background-color":"var(--ast-global-color-5)","background-image":"","background-repeat":"repeat","background-position":"center center","background-size":"auto","background-attachment":"scroll","background-type":"","background-media":"","overlay-type":"","overlay-color":"","overlay-opacity":"","overlay-gradient":""},"mobile":{"background-color":"var(--ast-global-color-5)","background-image":"","background-repeat":"repeat","background-position":"center center","background-size":"auto","background-attachment":"scroll","background-type":"","background-media":"","overlay-type":"","overlay-color":"","overlay-opacity":"","overlay-gradient":""}}},"product_brand":[],"product_cat":[176],"product_tag":[],"class_list":{"0":"post-23027","1":"product","2":"type-product","3":"status-publish","4":"has-post-thumbnail","6":"product_cat-automotive","7":"desktop-align-left","8":"tablet-align-left","9":"mobile-align-left","11":"first","12":"instock","13":"shipping-taxable","14":"purchasable","15":"product-type-simple"},"spectra_custom_meta":{"_visibility":["visible"],"_shopify_product_id":["7961079578844"],"_s2w_shopify_domain":["noleaky.myshopify.com"],"_shopify_variant_id":["43736943100124"],"_sku":["NLSUPERETHANOLTREATMENTE85"],"_regular_price":["29.90"],"_price":["29.90"],"_sale_price":[""],"_weight":["0.35"],"_thumbnail_id":["23098"],"_global_unique_id":["5056773800939"],"total_sales":["2"],"_tax_status":["taxable"],"_tax_class":[""],"_manage_stock":["no"],"_backorders":["no"],"_sold_individually":["no"],"_virtual":["no"],"_downloadable":["no"],"_download_limit":["-1"],"_download_expiry":["-1"],"_stock":[null],"_stock_status":["instock"],"_wc_average_rating":["4.92"],"_wc_review_count":["71"],"_product_version":["10.5.2"],"_edit_lock":["1772372140:1"],"merchant-center-availability":["yes"],"merchant-center-category":["2788"],"merchant-center-id":["SE85T"],"_edit_last":["1"],"_wp_page_template":["default"],"site-sidebar-layout":["default"],"ast-site-content-layout":["default"],"site-content-style":["default"],"site-sidebar-style":["default"],"theme-transparent-header-meta":["default"],"_wc_rating_count":["a:2:{i:4;i:6;i:5;i:65;}"],"_upsell_ids":["a:3:{i:0;i:22975;i:1;i:23022;i:2;i:23025;}"],"_crosssell_ids":["a:3:{i:0;i:22975;i:1;i:23022;i:2;i:23025;}"],"astra-migrate-meta-layouts":["set"],"_uag_css_file_name":["uag-css-23027.css"],"_elementor_page_assets":["a:0:{}"]},"uagb_featured_image_src":{"full":["https:\/\/www.noleaky.com\/wp-content\/uploads\/2025\/06\/2.k.Superethanol-Treatment_4000x4000_33d7a698-01dd-4b28-84dd-3c26cff0899e.png",2560,2560,false],"thumbnail":["https:\/\/www.noleaky.com\/wp-content\/uploads\/2025\/06\/2.k.Superethanol-Treatment_4000x4000_33d7a698-01dd-4b28-84dd-3c26cff0899e-150x150.png",150,150,true],"medium":["https:\/\/www.noleaky.com\/wp-content\/uploads\/2025\/06\/2.k.Superethanol-Treatment_4000x4000_33d7a698-01dd-4b28-84dd-3c26cff0899e-300x300.png",300,300,true],"medium_large":["https:\/\/www.noleaky.com\/wp-content\/uploads\/2025\/06\/2.k.Superethanol-Treatment_4000x4000_33d7a698-01dd-4b28-84dd-3c26cff0899e-768x768.png",768,768,true],"large":["https:\/\/www.noleaky.com\/wp-content\/uploads\/2025\/06\/2.k.Superethanol-Treatment_4000x4000_33d7a698-01dd-4b28-84dd-3c26cff0899e-1024x1024.png",1024,1024,true],"1536x1536":["https:\/\/www.noleaky.com\/wp-content\/uploads\/2025\/06\/2.k.Superethanol-Treatment_4000x4000_33d7a698-01dd-4b28-84dd-3c26cff0899e-1536x1536.png",1536,1536,true],"2048x2048":["https:\/\/www.noleaky.com\/wp-content\/uploads\/2025\/06\/2.k.Superethanol-Treatment_4000x4000_33d7a698-01dd-4b28-84dd-3c26cff0899e-2048x2048.png",2048,2048,true],"trp-custom-language-flag":["https:\/\/www.noleaky.com\/wp-content\/uploads\/2025\/06\/2.k.Superethanol-Treatment_4000x4000_33d7a698-01dd-4b28-84dd-3c26cff0899e-12x12.png",12,12,true],"woocommerce_thumbnail":["https:\/\/www.noleaky.com\/wp-content\/uploads\/2025\/06\/2.k.Superethanol-Treatment_4000x4000_33d7a698-01dd-4b28-84dd-3c26cff0899e-300x300.png",300,300,true],"woocommerce_single":["https:\/\/www.noleaky.com\/wp-content\/uploads\/2025\/06\/2.k.Superethanol-Treatment_4000x4000_33d7a698-01dd-4b28-84dd-3c26cff0899e-600x600.png",600,600,true],"woocommerce_gallery_thumbnail":["https:\/\/www.noleaky.com\/wp-content\/uploads\/2025\/06\/2.k.Superethanol-Treatment_4000x4000_33d7a698-01dd-4b28-84dd-3c26cff0899e-100x100.png",100,100,true]},"uagb_author_info":{"display_name":"admin","author_link":"https:\/\/www.noleaky.com\/fr\/author\/"},"uagb_comment_info":71,"uagb_excerpt":"Optimizes engine performance in vehicles running on superethanol fuel. Our superethanol treatment is specially developed to improve combustion efficiency and engine stability in vehicles using high-ethanol fuels such as E85. It enhances ignition quality, reduces irregular combustion, and supports smoother engine operation even under demanding driving conditions. The most effective formula for protecting fuel systems\u2026","_links":{"self":[{"href":"https:\/\/www.noleaky.com\/fr\/wp-json\/wp\/v2\/product\/23027","targetHints":{"allow":["GET"]}}],"collection":[{"href":"https:\/\/www.noleaky.com\/fr\/wp-json\/wp\/v2\/product"}],"about":[{"href":"https:\/\/www.noleaky.com\/fr\/wp-json\/wp\/v2\/types\/product"}],"replies":[{"embeddable":true,"href":"https:\/\/www.noleaky.com\/fr\/wp-json\/wp\/v2\/comments?post=23027"}],"version-history":[{"count":3,"href":"https:\/\/www.noleaky.com\/fr\/wp-json\/wp\/v2\/product\/23027\/revisions"}],"predecessor-version":[{"id":33264,"href":"https:\/\/www.noleaky.com\/fr\/wp-json\/wp\/v2\/product\/23027\/revisions\/33264"}],"wp:featuredmedia":[{"embeddable":true,"href":"https:\/\/www.noleaky.com\/fr\/wp-json\/wp\/v2\/media\/23098"}],"wp:attachment":[{"href":"https:\/\/www.noleaky.com\/fr\/wp-json\/wp\/v2\/media?parent=23027"}],"wp:term":[{"taxonomy":"product_brand","embeddable":true,"href":"https:\/\/www.noleaky.com\/fr\/wp-json\/wp\/v2\/product_brand?post=23027"},{"taxonomy":"product_cat","embeddable":true,"href":"https:\/\/www.noleaky.com\/fr\/wp-json\/wp\/v2\/product_cat?post=23027"},{"taxonomy":"product_tag","embeddable":true,"href":"https:\/\/www.noleaky.com\/fr\/wp-json\/wp\/v2\/product_tag?post=23027"}],"curies":[{"name":"wp","href":"https:\/\/api.w.org\/{rel}","templated":true}]}}