{"id":22975,"date":"2025-06-02T15:48:54","date_gmt":"2025-06-02T13:48:54","guid":{"rendered":"https:\/\/www.noleaky.com\/products\/5-in-1-engine-cleaner\/"},"modified":"2026-03-01T17:14:41","modified_gmt":"2026-03-01T16:14:41","slug":"5-in-1-engine-cleaner","status":"publish","type":"product","link":"https:\/\/www.noleaky.com\/fr\/products\/5-in-1-engine-cleaner\/","title":{"rendered":"Nettoyant moteur 5 en 1"},"content":{"rendered":"<p><strong><img decoding=\"async\" style=\"margin-right: 12px;\" src=\"https:\/\/www.noleaky.com\/wp-content\/uploads\/2026\/02\/Check.svg\" alt=\"\" width=\"18\" height=\"15\" \/>Nettoie et prot\u00e8ge votre moteur gr\u00e2ce \u00e0 cinq actions puissantes en un seul traitement.<\/strong> Notre nettoyant moteur 5 en 1 est sp\u00e9cialement con\u00e7u pour nettoyer simultan\u00e9ment les injecteurs, les soupapes d'admission, les chambres de combustion, les composants du turbo et le syst\u00e8me d'alimentation en carburant. Il \u00e9limine les d\u00e9p\u00f4ts nocifs tout en am\u00e9liorant les performances globales du moteur, ce qui en fait une solution d'entretien compl\u00e8te en une seule bouteille.<\/p>\n<p><strong><img decoding=\"async\" style=\"margin-right: 12px;\" src=\"https:\/\/www.noleaky.com\/wp-content\/uploads\/2026\/02\/Check.svg\" alt=\"\" width=\"18\" height=\"15\" \/>La formule de nettoyage moteur multi-action la plus efficace du march\u00e9.<\/strong> Gr\u00e2ce \u00e0 sa technologie avanc\u00e9e de d\u00e9tergence et d'am\u00e9lioration de la combustion, ce produit p\u00e9n\u00e8tre et dissout les d\u00e9p\u00f4ts de carbone plus rapidement et plus compl\u00e8tement que les additifs de carburant standard. Il r\u00e9tablit l'efficacit\u00e9 du moteur de l'int\u00e9rieur.<\/p>\n<p><strong><img decoding=\"async\" style=\"margin-right: 12px;\" src=\"https:\/\/www.noleaky.com\/wp-content\/uploads\/2026\/02\/Check.svg\" alt=\"\" width=\"18\" height=\"15\" \/>La solution professionnelle tout-en-un la moins ch\u00e8re du march\u00e9.<\/strong> Nous offrons des performances de premier ordre au prix le plus comp\u00e9titif. Au lieu d'acheter plusieurs traitements s\u00e9par\u00e9s, vous obtenez cinq fonctions de nettoyage essentielles dans un seul produit abordable.<\/p>\n<p><strong><img decoding=\"async\" style=\"margin-right: 12px;\" src=\"https:\/\/www.noleaky.com\/wp-content\/uploads\/2026\/02\/Check.svg\" alt=\"\" width=\"18\" height=\"15\" \/>Livraison dans les 24 heures pour les besoins imm\u00e9diats de maintenance.<\/strong> Nous garantissons une livraison en 24 heures afin que vous puissiez r\u00e9soudre rapidement les probl\u00e8mes de performance tels que le ralenti irr\u00e9gulier, la r\u00e9duction de la puissance ou l'augmentation de la consommation de carburant.<\/p>\n<p><strong><img decoding=\"async\" style=\"margin-right: 12px;\" src=\"https:\/\/www.noleaky.com\/wp-content\/uploads\/2026\/02\/Check.svg\" alt=\"\" width=\"18\" height=\"15\" \/>Garantie de remboursement pour une totale tranquillit\u00e9 d'esprit.<\/strong> Nous offrons une garantie de remboursement int\u00e9gral. Si vous n'\u00eates pas enti\u00e8rement satisfait des r\u00e9sultats de notre nettoyeur de moteur 5 en 1, nous vous rembourserons votre achat. Votre investissement est enti\u00e8rement sans risque.<\/p>\n<p><strong><img decoding=\"async\" style=\"margin-right: 12px;\" src=\"https:\/\/www.noleaky.com\/wp-content\/uploads\/2026\/02\/Check.svg\" alt=\"\" width=\"18\" height=\"15\" \/>R\u00e9tablit la puissance et l'acc\u00e9l\u00e9ration du moteur.<\/strong> En \u00e9liminant les d\u00e9p\u00f4ts de carbone sur les composants cl\u00e9s, le produit am\u00e9liore le flux d'air et la qualit\u00e9 de la combustion, ce qui permet de r\u00e9cup\u00e9rer la puissance perdue et d'obtenir une r\u00e9ponse plus souple de l'acc\u00e9l\u00e9rateur.<\/p>\n<p><strong><img decoding=\"async\" style=\"margin-right: 12px;\" src=\"https:\/\/www.noleaky.com\/wp-content\/uploads\/2026\/02\/Check.svg\" alt=\"\" width=\"18\" height=\"15\" \/>Am\u00e9liore le rendement du carburant et r\u00e9duit la consommation.<\/strong> Des injecteurs plus propres et une combustion optimis\u00e9e permettent au moteur de br\u00fbler le carburant plus efficacement, ce qui peut r\u00e9duire la consommation de carburant et les co\u00fbts d'exploitation.<\/p>\n<p><strong><img decoding=\"async\" style=\"margin-right: 12px;\" src=\"https:\/\/www.noleaky.com\/wp-content\/uploads\/2026\/02\/Check.svg\" alt=\"\" width=\"18\" height=\"15\" \/>R\u00e9duit les \u00e9missions et les fum\u00e9es d'\u00e9chappement.<\/strong> En favorisant une combustion plus propre et en \u00e9liminant l'accumulation de suie, la formule aide \u00e0 r\u00e9duire les \u00e9missions nocives et la fum\u00e9e visible, contribuant ainsi \u00e0 un syst\u00e8me d'\u00e9chappement plus propre.<\/p>\n<p><strong><img decoding=\"async\" style=\"margin-right: 12px;\" src=\"https:\/\/www.noleaky.com\/wp-content\/uploads\/2026\/02\/Check.svg\" alt=\"\" width=\"18\" height=\"15\" \/>Prolonge la dur\u00e9e de vie du moteur et r\u00e9duit l'usure.<\/strong> Les d\u00e9p\u00f4ts de carbone augmentent la friction et la combustion irr\u00e9guli\u00e8re. L'utilisation r\u00e9guli\u00e8re de notre nettoyant 5 en 1 permet de maintenir un fonctionnement plus r\u00e9gulier et de prot\u00e9ger les composants internes contre une usure pr\u00e9matur\u00e9e.<\/p>\n<p><strong><img decoding=\"async\" style=\"margin-right: 12px;\" src=\"https:\/\/www.noleaky.com\/wp-content\/uploads\/2026\/02\/Check.svg\" alt=\"\" width=\"18\" height=\"15\" \/>Application facile en cuve pour des r\u00e9sultats professionnels.<\/strong> Con\u00e7u pour \u00eatre pratique, le produit est simplement ajout\u00e9 au r\u00e9servoir de carburant et fonctionne automatiquement pendant la conduite normale, sans n\u00e9cessiter d'outils sp\u00e9ciaux ou de d\u00e9montage m\u00e9canique.<\/p>\n<h2><strong>Instructions<\/strong><\/h2>\n<ul>\n<li>S'assurer que le niveau de carburant est bas (id\u00e9alement en dessous d'un quart du r\u00e9servoir) avant d'ajouter le produit.<\/li>\n<li>Agiter soigneusement le flacon avant utilisation.<\/li>\n<li>Verser la totalit\u00e9 du contenu de la bouteille directement dans le r\u00e9servoir de carburant.<\/li>\n<li>Remplir le r\u00e9servoir de carburant imm\u00e9diatement apr\u00e8s avoir ajout\u00e9 le produit afin d'assurer un bon m\u00e9lange.<\/li>\n<li>Une bouteille pleine convient pour un r\u00e9servoir d'environ 40 \u00e0 60 litres. Ajustez le dosage proportionnellement pour les r\u00e9servoirs plus petits.<\/li>\n<li>Conduisez le v\u00e9hicule normalement apr\u00e8s avoir fait le plein pour permettre au nettoyant de circuler dans le syst\u00e8me d'alimentation et les composants du moteur.<\/li>\n<li>Pour des r\u00e9sultats optimaux, conduisez pendant au moins 20 \u00e0 30 minutes \u00e0 un r\u00e9gime moteur stable afin de favoriser un nettoyage en profondeur.<\/li>\n<li>En cas d'accumulation importante de carbone, un second traitement peut \u00eatre effectu\u00e9 apr\u00e8s avoir consomm\u00e9 le r\u00e9servoir trait\u00e9.<\/li>\n<li>Pour l'entretien pr\u00e9ventif, utilisez le nettoyant moteur 5 en 1 tous les 5 000 \u00e0 10 000 kilom\u00e8tres, selon les conditions de conduite.<\/li>\n<li>Ne pas d\u00e9passer la dose recommand\u00e9e et conserver le produit dans un endroit frais et sec, \u00e0 l'abri de la lumi\u00e8re directe du soleil et des sources de chaleur.<\/li>\n<\/ul>","protected":false},"excerpt":{"rendered":"<p>Cleans and protects your engine with five powerful actions in one single treatment. Our 5-in-1 engine cleaner is specially engineered to clean injectors, intake valves, combustion chambers, turbo components, and the fuel system simultaneously. It removes harmful deposits while improving overall engine performance, making it a complete maintenance solution in one bottle. The most effective [&hellip;]<\/p>\n","protected":false},"featured_media":22990,"comment_status":"open","ping_status":"closed","template":"","meta":{"_uag_custom_page_level_css":"","site-sidebar-layout":"default","site-content-layout":"","ast-site-content-layout":"default","site-content-style":"default","site-sidebar-style":"default","ast-global-header-display":"","ast-banner-title-visibility":"","ast-main-header-display":"","ast-hfb-above-header-display":"","ast-hfb-below-header-display":"","ast-hfb-mobile-header-display":"","site-post-title":"","ast-breadcrumbs-content":"","ast-featured-img":"","footer-sml-layout":"","ast-disable-related-posts":"","theme-transparent-header-meta":"default","adv-header-id-meta":"","stick-header-meta":"","header-above-stick-meta":"","header-main-stick-meta":"","header-below-stick-meta":"","astra-migrate-meta-layouts":"set","ast-page-background-enabled":"default","ast-page-background-meta":{"desktop":{"background-color":"var(--ast-global-color-4)","background-image":"","background-repeat":"repeat","background-position":"center center","background-size":"auto","background-attachment":"scroll","background-type":"","background-media":"","overlay-type":"","overlay-color":"","overlay-opacity":"","overlay-gradient":""},"tablet":{"background-color":"","background-image":"","background-repeat":"repeat","background-position":"center center","background-size":"auto","background-attachment":"scroll","background-type":"","background-media":"","overlay-type":"","overlay-color":"","overlay-opacity":"","overlay-gradient":""},"mobile":{"background-color":"","background-image":"","background-repeat":"repeat","background-position":"center center","background-size":"auto","background-attachment":"scroll","background-type":"","background-media":"","overlay-type":"","overlay-color":"","overlay-opacity":"","overlay-gradient":""}},"ast-content-background-meta":{"desktop":{"background-color":"var(--ast-global-color-5)","background-image":"","background-repeat":"repeat","background-position":"center center","background-size":"auto","background-attachment":"scroll","background-type":"","background-media":"","overlay-type":"","overlay-color":"","overlay-opacity":"","overlay-gradient":""},"tablet":{"background-color":"var(--ast-global-color-5)","background-image":"","background-repeat":"repeat","background-position":"center center","background-size":"auto","background-attachment":"scroll","background-type":"","background-media":"","overlay-type":"","overlay-color":"","overlay-opacity":"","overlay-gradient":""},"mobile":{"background-color":"var(--ast-global-color-5)","background-image":"","background-repeat":"repeat","background-position":"center center","background-size":"auto","background-attachment":"scroll","background-type":"","background-media":"","overlay-type":"","overlay-color":"","overlay-opacity":"","overlay-gradient":""}}},"product_brand":[],"product_cat":[176],"product_tag":[],"class_list":{"0":"post-22975","1":"product","2":"type-product","3":"status-publish","4":"has-post-thumbnail","6":"product_cat-automotive","7":"desktop-align-left","8":"tablet-align-left","9":"mobile-align-left","11":"first","12":"instock","13":"shipping-taxable","14":"purchasable","15":"product-type-simple"},"spectra_custom_meta":{"_visibility":["visible"],"_shopify_product_id":["7960295375068"],"_s2w_shopify_domain":["noleaky.myshopify.com"],"_shopify_variant_id":["43735145545948"],"_sku":["NL51ENGINECLEANER"],"_regular_price":["29.90"],"_price":["29.90"],"_sale_price":[""],"_weight":["0.35"],"_thumbnail_id":["22990"],"_global_unique_id":["5056773800618"],"total_sales":["71"],"_tax_status":["taxable"],"_tax_class":[""],"_manage_stock":["no"],"_backorders":["no"],"_sold_individually":["no"],"_virtual":["no"],"_downloadable":["no"],"_download_limit":["-1"],"_download_expiry":["-1"],"_stock":[null],"_stock_status":["instock"],"_wc_average_rating":["4.98"],"_wc_review_count":["63"],"_product_version":["10.5.2"],"_edit_lock":["1772381552:1"],"merchant-center-availability":["yes"],"merchant-center-category":["2788"],"merchant-center-id":["5I1EC"],"_edit_last":["1"],"_wp_page_template":["default"],"site-sidebar-layout":["default"],"ast-site-content-layout":["default"],"site-content-style":["default"],"site-sidebar-style":["default"],"theme-transparent-header-meta":["default"],"_wc_rating_count":["a:2:{i:4;i:1;i:5;i:62;}"],"_upsell_ids":["a:3:{i:0;i:22985;i:1;i:22986;i:2;i:23011;}"],"_crosssell_ids":["a:3:{i:0;i:22985;i:1;i:22986;i:2;i:23011;}"],"astra-migrate-meta-layouts":["set"],"_uag_css_file_name":["uag-css-22975.css"],"_elementor_page_assets":["a:0:{}"],"_uag_page_assets":["a:9:{s:3:\"css\";s:7156:\".uag-blocks-common-selector{z-index:var(--z-index-desktop) !important}@media (max-width: 976px){.uag-blocks-common-selector{z-index:var(--z-index-tablet) !important}}@media (max-width: 767px){.uag-blocks-common-selector{z-index:var(--z-index-mobile) !important}}\n.wp-block-uagb-image{display:flex}.wp-block-uagb-image__figure{position:relative;display:flex;flex-direction:column;max-width:100%;height:auto;margin:0}.wp-block-uagb-image__figure img{height:auto;display:flex;max-width:100%;transition:box-shadow 0.2s ease}.wp-block-uagb-image__figure>a{display:inline-block}.wp-block-uagb-image__figure figcaption{text-align:center;margin-top:0.5em;margin-bottom:1em}.wp-block-uagb-image .components-placeholder.block-editor-media-placeholder .components-placeholder__instructions{align-self:center}.wp-block-uagb-image--align-left{text-align:left}.wp-block-uagb-image--align-right{text-align:right}.wp-block-uagb-image--align-center{text-align:center}.wp-block-uagb-image--align-full .wp-block-uagb-image__figure{margin-left:calc(50% - 50vw);margin-right:calc(50% - 50vw);max-width:100vw;width:100vw;height:auto}.wp-block-uagb-image--align-full .wp-block-uagb-image__figure img{height:auto;width:100% !important}.wp-block-uagb-image--align-wide .wp-block-uagb-image__figure img{height:auto;width:100%}.wp-block-uagb-image--layout-overlay__color-wrapper{position:absolute;left:0;top:0;right:0;bottom:0;opacity:0.2;background:rgba(0,0,0,0.5);transition:opacity 0.35s ease-in-out}.wp-block-uagb-image--layout-overlay-link{position:absolute;left:0;right:0;bottom:0;top:0}.wp-block-uagb-image--layout-overlay .wp-block-uagb-image__figure:hover .wp-block-uagb-image--layout-overlay__color-wrapper{opacity:1}.wp-block-uagb-image--layout-overlay__inner{position:absolute;left:15px;right:15px;bottom:15px;top:15px;display:flex;align-items:center;justify-content:center;flex-direction:column;border-color:#fff;transition:0.35s ease-in-out}.wp-block-uagb-image--layout-overlay__inner.top-left,.wp-block-uagb-image--layout-overlay__inner.top-center,.wp-block-uagb-image--layout-overlay__inner.top-right{justify-content:flex-start}.wp-block-uagb-image--layout-overlay__inner.bottom-left,.wp-block-uagb-image--layout-overlay__inner.bottom-center,.wp-block-uagb-image--layout-overlay__inner.bottom-right{justify-content:flex-end}.wp-block-uagb-image--layout-overlay__inner.top-left,.wp-block-uagb-image--layout-overlay__inner.center-left,.wp-block-uagb-image--layout-overlay__inner.bottom-left{align-items:flex-start}.wp-block-uagb-image--layout-overlay__inner.top-right,.wp-block-uagb-image--layout-overlay__inner.center-right,.wp-block-uagb-image--layout-overlay__inner.bottom-right{align-items:flex-end}.wp-block-uagb-image--layout-overlay__inner .uagb-image-heading{color:#fff;transition:transform 0.35s, opacity 0.35s ease-in-out;transform:translate3d(0, 24px, 0);margin:0;line-height:1em}.wp-block-uagb-image--layout-overlay__inner .uagb-image-separator{width:30%;border-top-width:2px;border-top-color:#fff;border-top-style:solid;margin-bottom:10px;opacity:0;transition:transform 0.4s, opacity 0.4s ease-in-out;transform:translate3d(0, 30px, 0)}.wp-block-uagb-image--layout-overlay__inner .uagb-image-caption{opacity:0;overflow:visible;color:#fff;transition:transform 0.45s, opacity 0.45s ease-in-out;transform:translate3d(0, 35px, 0)}.wp-block-uagb-image--layout-overlay__inner:hover .uagb-image-heading,.wp-block-uagb-image--layout-overlay__inner:hover .uagb-image-separator,.wp-block-uagb-image--layout-overlay__inner:hover .uagb-image-caption{opacity:1;transform:translate3d(0, 0, 0)}.wp-block-uagb-image--effect-zoomin .wp-block-uagb-image__figure img,.wp-block-uagb-image--effect-zoomin .wp-block-uagb-image__figure .wp-block-uagb-image--layout-overlay__color-wrapper{transform:scale(1);transition:transform 0.35s ease-in-out}.wp-block-uagb-image--effect-zoomin .wp-block-uagb-image__figure:hover img,.wp-block-uagb-image--effect-zoomin .wp-block-uagb-image__figure:hover .wp-block-uagb-image--layout-overlay__color-wrapper{transform:scale(1.05)}.wp-block-uagb-image--effect-slide .wp-block-uagb-image__figure img,.wp-block-uagb-image--effect-slide .wp-block-uagb-image__figure .wp-block-uagb-image--layout-overlay__color-wrapper{width:calc(100% + 40px) !important;max-width:none !important;transform:translate3d(-40px, 0, 0);transition:transform 0.35s ease-in-out}.wp-block-uagb-image--effect-slide .wp-block-uagb-image__figure:hover img,.wp-block-uagb-image--effect-slide .wp-block-uagb-image__figure:hover .wp-block-uagb-image--layout-overlay__color-wrapper{transform:translate3d(0, 0, 0)}.wp-block-uagb-image--effect-grayscale img{filter:grayscale(0%);transition:0.35s ease-in-out}.wp-block-uagb-image--effect-grayscale:hover img{filter:grayscale(100%)}.wp-block-uagb-image--effect-blur img{filter:blur(0);transition:0.35s ease-in-out}.wp-block-uagb-image--effect-blur:hover img{filter:blur(3px)}\n.uagb-block-e6f939b3.wp-block-uagb-image--layout-default figure img{box-shadow: 0px 0px 0 #00000070;}.uagb-block-e6f939b3.wp-block-uagb-image .wp-block-uagb-image__figure figcaption{font-style: normal;align-self: center;}.uagb-block-e6f939b3.wp-block-uagb-image--layout-overlay figure img{box-shadow: 0px 0px 0 #00000070;}.uagb-block-e6f939b3.wp-block-uagb-image--layout-overlay .wp-block-uagb-image--layout-overlay__color-wrapper{opacity: 0.2;}.uagb-block-e6f939b3.wp-block-uagb-image--layout-overlay .wp-block-uagb-image--layout-overlay__inner{left: 15px;right: 15px;top: 15px;bottom: 15px;}.uagb-block-e6f939b3.wp-block-uagb-image--layout-overlay .wp-block-uagb-image--layout-overlay__inner .uagb-image-heading{font-style: normal;color: #fff;opacity: 1;}.uagb-block-e6f939b3.wp-block-uagb-image--layout-overlay .wp-block-uagb-image--layout-overlay__inner .uagb-image-heading a{color: #fff;}.uagb-block-e6f939b3.wp-block-uagb-image--layout-overlay .wp-block-uagb-image--layout-overlay__inner .uagb-image-caption{opacity: 0;}.uagb-block-e6f939b3.wp-block-uagb-image--layout-overlay .wp-block-uagb-image__figure:hover .wp-block-uagb-image--layout-overlay__color-wrapper{opacity: 1;}.uagb-block-e6f939b3.wp-block-uagb-image .wp-block-uagb-image--layout-overlay__inner .uagb-image-separator{width: 30%;border-top-width: 2px;border-top-color: #fff;opacity: 0;}.uagb-block-e6f939b3.wp-block-uagb-image .wp-block-uagb-image__figure img{width: px;height: auto;}.uagb-block-e6f939b3.wp-block-uagb-image .wp-block-uagb-image__figure:hover .wp-block-uagb-image--layout-overlay__inner .uagb-image-caption{opacity: 1;}.uagb-block-e6f939b3.wp-block-uagb-image .wp-block-uagb-image__figure:hover .wp-block-uagb-image--layout-overlay__inner .uagb-image-separator{opacity: 1;}.uagb-block-e6f939b3.wp-block-uagb-image--layout-default figure:hover img{box-shadow: 0px 0px 0 #00000070;}.uagb-block-e6f939b3.wp-block-uagb-image--layout-overlay figure:hover img{box-shadow: 0px 0px 0 #00000070;}@media only screen and (max-width: 976px) {.uagb-block-e6f939b3.wp-block-uagb-image .wp-block-uagb-image__figure img{width: px;height: auto;}}@media only screen and (max-width: 767px) {.uagb-block-e6f939b3.wp-block-uagb-image .wp-block-uagb-image__figure img{width: px;height: auto;}}\";s:2:\"js\";s:0:\"\";s:18:\"current_block_list\";a:13:{i:0;s:11:\"core\/search\";i:1;s:10:\"core\/group\";i:2;s:12:\"core\/heading\";i:3;s:17:\"core\/latest-posts\";i:4;s:20:\"core\/latest-comments\";i:5;s:13:\"core\/archives\";i:6;s:15:\"core\/categories\";i:7;s:14:\"core\/paragraph\";i:8;s:10:\"uagb\/image\";i:9;s:11:\"core\/spacer\";i:10;s:30:\"woocommerce\/product-categories\";i:11;s:10:\"core\/image\";i:12;s:14:\"core\/shortcode\";}s:8:\"uag_flag\";b:1;s:11:\"uag_version\";s:10:\"1776756723\";s:6:\"gfonts\";a:0:{}s:10:\"gfonts_url\";s:0:\"\";s:12:\"gfonts_files\";a:0:{}s:14:\"uag_faq_layout\";b:0;}"]},"uagb_featured_image_src":{"full":["https:\/\/www.noleaky.com\/wp-content\/uploads\/2025\/06\/2.e.Cleaner-5in1_4000x4000_26f7ab67-71d0-45db-a11c-5dbb3cca07df.png",2560,2560,false],"thumbnail":["https:\/\/www.noleaky.com\/wp-content\/uploads\/2025\/06\/2.e.Cleaner-5in1_4000x4000_26f7ab67-71d0-45db-a11c-5dbb3cca07df-150x150.png",150,150,true],"medium":["https:\/\/www.noleaky.com\/wp-content\/uploads\/2025\/06\/2.e.Cleaner-5in1_4000x4000_26f7ab67-71d0-45db-a11c-5dbb3cca07df-300x300.png",300,300,true],"medium_large":["https:\/\/www.noleaky.com\/wp-content\/uploads\/2025\/06\/2.e.Cleaner-5in1_4000x4000_26f7ab67-71d0-45db-a11c-5dbb3cca07df-768x768.png",768,768,true],"large":["https:\/\/www.noleaky.com\/wp-content\/uploads\/2025\/06\/2.e.Cleaner-5in1_4000x4000_26f7ab67-71d0-45db-a11c-5dbb3cca07df-1024x1024.png",1024,1024,true],"1536x1536":["https:\/\/www.noleaky.com\/wp-content\/uploads\/2025\/06\/2.e.Cleaner-5in1_4000x4000_26f7ab67-71d0-45db-a11c-5dbb3cca07df-1536x1536.png",1536,1536,true],"2048x2048":["https:\/\/www.noleaky.com\/wp-content\/uploads\/2025\/06\/2.e.Cleaner-5in1_4000x4000_26f7ab67-71d0-45db-a11c-5dbb3cca07df-2048x2048.png",2048,2048,true],"trp-custom-language-flag":["https:\/\/www.noleaky.com\/wp-content\/uploads\/2025\/06\/2.e.Cleaner-5in1_4000x4000_26f7ab67-71d0-45db-a11c-5dbb3cca07df-12x12.png",12,12,true],"woocommerce_thumbnail":["https:\/\/www.noleaky.com\/wp-content\/uploads\/2025\/06\/2.e.Cleaner-5in1_4000x4000_26f7ab67-71d0-45db-a11c-5dbb3cca07df-300x300.png",300,300,true],"woocommerce_single":["https:\/\/www.noleaky.com\/wp-content\/uploads\/2025\/06\/2.e.Cleaner-5in1_4000x4000_26f7ab67-71d0-45db-a11c-5dbb3cca07df-600x600.png",600,600,true],"woocommerce_gallery_thumbnail":["https:\/\/www.noleaky.com\/wp-content\/uploads\/2025\/06\/2.e.Cleaner-5in1_4000x4000_26f7ab67-71d0-45db-a11c-5dbb3cca07df-100x100.png",100,100,true]},"uagb_author_info":{"display_name":"admin","author_link":"https:\/\/www.noleaky.com\/fr\/author\/"},"uagb_comment_info":63,"uagb_excerpt":"Cleans and protects your engine with five powerful actions in one single treatment. Our 5-in-1 engine cleaner is specially engineered to clean injectors, intake valves, combustion chambers, turbo components, and the fuel system simultaneously. It removes harmful deposits while improving overall engine performance, making it a complete maintenance solution in one bottle. The most effective\u2026","_links":{"self":[{"href":"https:\/\/www.noleaky.com\/fr\/wp-json\/wp\/v2\/product\/22975","targetHints":{"allow":["GET"]}}],"collection":[{"href":"https:\/\/www.noleaky.com\/fr\/wp-json\/wp\/v2\/product"}],"about":[{"href":"https:\/\/www.noleaky.com\/fr\/wp-json\/wp\/v2\/types\/product"}],"replies":[{"embeddable":true,"href":"https:\/\/www.noleaky.com\/fr\/wp-json\/wp\/v2\/comments?post=22975"}],"version-history":[{"count":3,"href":"https:\/\/www.noleaky.com\/fr\/wp-json\/wp\/v2\/product\/22975\/revisions"}],"predecessor-version":[{"id":33301,"href":"https:\/\/www.noleaky.com\/fr\/wp-json\/wp\/v2\/product\/22975\/revisions\/33301"}],"wp:featuredmedia":[{"embeddable":true,"href":"https:\/\/www.noleaky.com\/fr\/wp-json\/wp\/v2\/media\/22990"}],"wp:attachment":[{"href":"https:\/\/www.noleaky.com\/fr\/wp-json\/wp\/v2\/media?parent=22975"}],"wp:term":[{"taxonomy":"product_brand","embeddable":true,"href":"https:\/\/www.noleaky.com\/fr\/wp-json\/wp\/v2\/product_brand?post=22975"},{"taxonomy":"product_cat","embeddable":true,"href":"https:\/\/www.noleaky.com\/fr\/wp-json\/wp\/v2\/product_cat?post=22975"},{"taxonomy":"product_tag","embeddable":true,"href":"https:\/\/www.noleaky.com\/fr\/wp-json\/wp\/v2\/product_tag?post=22975"}],"curies":[{"name":"wp","href":"https:\/\/api.w.org\/{rel}","templated":true}]}}