{"id":22988,"date":"2025-06-02T15:49:04","date_gmt":"2025-06-02T13:49:04","guid":{"rendered":"https:\/\/www.noleaky.com\/products\/anti-leak-engine-oil\/"},"modified":"2026-03-01T15:11:04","modified_gmt":"2026-03-01T14:11:04","slug":"anti-leak-engine-oil","status":"publish","type":"product","link":"https:\/\/www.noleaky.com\/fi\/products\/anti-leak-engine-oil\/","title":{"rendered":"Neste moottori\u00f6ljyvuodon pys\u00e4ytt\u00e4miseen"},"content":{"rendered":"<p><strong><img decoding=\"async\" style=\"margin-right: 12px;\" src=\"https:\/\/www.noleaky.com\/wp-content\/uploads\/2026\/02\/Check.svg\" alt=\"\" width=\"18\" height=\"15\" \/>Pys\u00e4ytt\u00e4\u00e4 moottori\u00f6ljyvuodot suoraan niiden l\u00e4hteell\u00e4 moottoria purkamatta.<\/strong> Moottori\u00f6ljyn vuotojen estonesteemme on erityisesti suunniteltu tiivist\u00e4m\u00e4\u00e4n ulkoiset \u00f6ljyvuodot niiden alkul\u00e4hteill\u00e4. Se tarjoaa kohdennetun ratkaisun, joka auttaa ehk\u00e4isem\u00e4\u00e4n \u00f6ljyh\u00e4vi\u00f6it\u00e4 ja v\u00e4hent\u00e4\u00e4 monimutkaisten mekaanisten purkujen tarvetta.<\/p>\n<p><strong><img decoding=\"async\" style=\"margin-right: 12px;\" src=\"https:\/\/www.noleaky.com\/wp-content\/uploads\/2026\/02\/Check.svg\" alt=\"\" width=\"18\" height=\"15\" \/>Tehokkain saatavilla oleva ulkoisten \u00f6ljyvuotojen tiivistysratkaisu.<\/strong> T\u00e4m\u00e4 on luokkansa tehokkain moottori\u00f6ljyn vuotojen estoneste. Sen kehittynyt sidoskaava tarttuu voimakkaasti metallipintoihin ja luo kest\u00e4v\u00e4n, \u00f6ljynkest\u00e4v\u00e4n tiivisteen, joka kest\u00e4\u00e4 moottorin l\u00e4mp\u00f6\u00e4, t\u00e4rin\u00e4\u00e4 ja paineenvaihteluita.<\/p>\n<p><strong><img decoding=\"async\" style=\"margin-right: 12px;\" src=\"https:\/\/www.noleaky.com\/wp-content\/uploads\/2026\/02\/Check.svg\" alt=\"\" width=\"18\" height=\"15\" \/>Halvin vaihtoehto kalliille tiivisteen tai tiivisteen vaihdolle.<\/strong> \u00d6ljyvuotojen korjaaminen vaatii usein kallista ty\u00f6t\u00e4 ja osien vaihtamista. Tuotteemme on markkinoiden halvin ammattilaistason ratkaisu, joka tarjoaa k\u00e4yt\u00e4nn\u00f6llisen ja taloudellisen vaihtoehdon kalliille mekaanisille korjauksille.<\/p>\n<p><strong><img decoding=\"async\" style=\"margin-right: 12px;\" src=\"https:\/\/www.noleaky.com\/wp-content\/uploads\/2026\/02\/Check.svg\" alt=\"\" width=\"18\" height=\"15\" \/>Takuuvarma 24 tunnin toimitus kiireellisiin \u00f6ljyvuotokorjauksiin.<\/strong> \u00d6ljyvuodot on korjattava v\u00e4litt\u00f6m\u00e4sti moottorivaurioiden ja ymp\u00e4rist\u00f6n saastumisen est\u00e4miseksi. Siksi takaamme 24 tunnin toimituksen, jolloin voit korjata ongelman nopeasti ja v\u00e4hent\u00e4\u00e4 lis\u00e4riskej\u00e4.<\/p>\n<p><strong><img decoding=\"async\" style=\"margin-right: 12px;\" src=\"https:\/\/www.noleaky.com\/wp-content\/uploads\/2026\/02\/Check.svg\" alt=\"\" width=\"18\" height=\"15\" \/>Rahat takaisin -takuu takaa t\u00e4ydellisen mielenrauhan.<\/strong> Luotamme moottori\u00f6ljyn vuotojenestonesteemme tehokkuuteen. Jos et ole tyytyv\u00e4inen tuloksiin, tarjoamme rahanpalautustakuun. Ota vain yhteytt\u00e4 meihin, niin hyvit\u00e4mme ostoksesi, mik\u00e4 takaa t\u00e4ysin riskitt\u00f6m\u00e4n investoinnin.<\/p>\n<p><strong><img decoding=\"async\" style=\"margin-right: 12px;\" src=\"https:\/\/www.noleaky.com\/wp-content\/uploads\/2026\/02\/Check.svg\" alt=\"\" width=\"18\" height=\"15\" \/>Luo l\u00e4mm\u00f6nkest\u00e4v\u00e4n ja \u00f6ljynkest\u00e4v\u00e4n ulkoisen tiivisteen.<\/strong> Kun neste on levitetty, se kovettuu vahvaksi, joustavaksi kerrokseksi, joka kest\u00e4\u00e4 jatkuvaa altistumista moottori\u00f6ljylle ja korkeille k\u00e4ytt\u00f6l\u00e4mp\u00f6tiloille ja s\u00e4ilytt\u00e4\u00e4 tiivisteen eheyden ajan my\u00f6t\u00e4.<\/p>\n<p><strong><img decoding=\"async\" style=\"margin-right: 12px;\" src=\"https:\/\/www.noleaky.com\/wp-content\/uploads\/2026\/02\/Check.svg\" alt=\"\" width=\"18\" height=\"15\" \/>Ihanteellinen pienille halkeamille, tiivisteen reunoille ja pienille vuotokohdille.<\/strong> Tuote on suunniteltu paikallisten ulkoisten \u00f6ljyvuotojen, kuten venttiilikannen, \u00f6ljypannun, ajoituskannen ja muiden helposti saatavilla olevien moottorin osien ymp\u00e4rill\u00e4 olevien vuotojen hoitoon.<\/p>\n<p><strong><img decoding=\"async\" style=\"margin-right: 12px;\" src=\"https:\/\/www.noleaky.com\/wp-content\/uploads\/2026\/02\/Check.svg\" alt=\"\" width=\"18\" height=\"15\" \/>Yhteensopiva useimpien metallisten moottoripintojen kanssa.<\/strong> Soveltuu k\u00e4ytett\u00e4v\u00e4ksi ter\u00e4kselle, alumiinille ja muille tavallisille moottorimetalleille, kun se on asianmukaisesti valmisteltu, varmistaen vahvan tarttuvuuden ja luotettavan tiivistysominaisuuden.<\/p>\n<p><strong><img decoding=\"async\" style=\"margin-right: 12px;\" src=\"https:\/\/www.noleaky.com\/wp-content\/uploads\/2026\/02\/Check.svg\" alt=\"\" width=\"18\" height=\"15\" \/>V\u00e4hent\u00e4\u00e4 \u00f6ljynkulutusta ja ymp\u00e4rist\u00f6n saastumista.<\/strong> Tiivist\u00e4m\u00e4ll\u00e4 vuodot tehokkaasti tuote auttaa est\u00e4m\u00e4\u00e4n \u00f6ljyvuodot, suojaa ymp\u00e4r\u00f6ivi\u00e4 komponentteja ja v\u00e4hent\u00e4\u00e4 tarpeetonta \u00f6ljyhukkaa.<\/p>\n<p><strong><img decoding=\"async\" style=\"margin-right: 12px;\" src=\"https:\/\/www.noleaky.com\/wp-content\/uploads\/2026\/02\/Check.svg\" alt=\"\" width=\"18\" height=\"15\" \/>Pident\u00e4\u00e4 moottorin komponenttien k\u00e4ytt\u00f6ik\u00e4\u00e4.<\/strong> Pys\u00e4ytt\u00e4m\u00e4ll\u00e4 vuodot nopeasti neste auttaa yll\u00e4pit\u00e4m\u00e4\u00e4n oikean voitelutason ja v\u00e4hent\u00e4\u00e4 alhaisen \u00f6ljytason aiheuttamien vahinkojen riski\u00e4.<\/p>\n<h2><strong>Ohjeet<\/strong><\/h2>\n<ul>\n<li>Varmista, ett\u00e4 moottori on t\u00e4ysin sammutettu ja j\u00e4\u00e4htynyt ennen korjauksen aloittamista.<\/li>\n<li>Ty\u00f6skennell\u00e4\u00e4n hyvin tuuletetulla alueella ja pidet\u00e4\u00e4n poissa avotulen tai syttymisl\u00e4hteiden l\u00e4heisyydest\u00e4.<\/li>\n<li>Paikanna \u00f6ljyvuodon tarkka kohta moottorin ulkopuolelta.<\/li>\n<li>Puhdista vuotokohta huolellisesti. Poista lika, rasva, \u00f6ljyj\u00e4\u00e4m\u00e4t, ruoste ja irtonaiset hiukkaset rasvanpoistoaineella ja puhtaalla liinalla.<\/li>\n<li>Hio pinta tarvittaessa kevyesti tartunnan parantamiseksi ja varmista, ett\u00e4 alue on t\u00e4ysin kuiva.<\/li>\n<li>Ravista pulloa huolellisesti ennen k\u00e4ytt\u00f6\u00e4.<\/li>\n<li>Levit\u00e4 moottori\u00f6ljyn vuotojen estonestett\u00e4 suoraan ulkopinnalle vuotokohtaan varmistaen, ett\u00e4 se peitt\u00e4\u00e4 vaurioituneen alueen kokonaan hieman sen ulkopuolella.<\/li>\n<li>\u00c4l\u00e4 kaada tuotetta polttoaines\u00e4ili\u00f6\u00f6n. \u00c4l\u00e4 kaada tuotetta moottori\u00f6ljyn t\u00e4ytt\u00f6aukkoon. T\u00e4m\u00e4 tuote on levitett\u00e4v\u00e4 ulkoisesti, moottorin ulkopuolelle, t\u00e4sm\u00e4lleen vuotokohtaan.<\/li>\n<li>Anna tuotteen kovettua ilmoitetun kuivumisajan mukaisesti ennen moottorin k\u00e4ynnist\u00e4mist\u00e4 uudelleen.<\/li>\n<li>Kovettumisen j\u00e4lkeen tarkista alue ja varmista, ett\u00e4 vuoto on suljettu kunnolla, ennen kuin palautat ajoneuvon normaaliin k\u00e4ytt\u00f6\u00f6n.<\/li>\n<\/ul>","protected":false},"excerpt":{"rendered":"<p>Stops engine oil leaks directly at the source without dismantling the engine. Our engine oil stop leak fluid is specially formulated to seal external oil leaks at their origin. It provides a targeted solution that helps prevent oil loss and reduces the need for complex mechanical disassembly. The most effective external oil leak sealing solution [&hellip;]<\/p>\n","protected":false},"featured_media":23041,"comment_status":"open","ping_status":"closed","template":"","meta":{"_uag_custom_page_level_css":"","site-sidebar-layout":"default","site-content-layout":"","ast-site-content-layout":"default","site-content-style":"default","site-sidebar-style":"default","ast-global-header-display":"","ast-banner-title-visibility":"","ast-main-header-display":"","ast-hfb-above-header-display":"","ast-hfb-below-header-display":"","ast-hfb-mobile-header-display":"","site-post-title":"","ast-breadcrumbs-content":"","ast-featured-img":"","footer-sml-layout":"","ast-disable-related-posts":"","theme-transparent-header-meta":"default","adv-header-id-meta":"","stick-header-meta":"","header-above-stick-meta":"","header-main-stick-meta":"","header-below-stick-meta":"","astra-migrate-meta-layouts":"set","ast-page-background-enabled":"default","ast-page-background-meta":{"desktop":{"background-color":"var(--ast-global-color-4)","background-image":"","background-repeat":"repeat","background-position":"center center","background-size":"auto","background-attachment":"scroll","background-type":"","background-media":"","overlay-type":"","overlay-color":"","overlay-opacity":"","overlay-gradient":""},"tablet":{"background-color":"","background-image":"","background-repeat":"repeat","background-position":"center center","background-size":"auto","background-attachment":"scroll","background-type":"","background-media":"","overlay-type":"","overlay-color":"","overlay-opacity":"","overlay-gradient":""},"mobile":{"background-color":"","background-image":"","background-repeat":"repeat","background-position":"center center","background-size":"auto","background-attachment":"scroll","background-type":"","background-media":"","overlay-type":"","overlay-color":"","overlay-opacity":"","overlay-gradient":""}},"ast-content-background-meta":{"desktop":{"background-color":"var(--ast-global-color-5)","background-image":"","background-repeat":"repeat","background-position":"center center","background-size":"auto","background-attachment":"scroll","background-type":"","background-media":"","overlay-type":"","overlay-color":"","overlay-opacity":"","overlay-gradient":""},"tablet":{"background-color":"var(--ast-global-color-5)","background-image":"","background-repeat":"repeat","background-position":"center center","background-size":"auto","background-attachment":"scroll","background-type":"","background-media":"","overlay-type":"","overlay-color":"","overlay-opacity":"","overlay-gradient":""},"mobile":{"background-color":"var(--ast-global-color-5)","background-image":"","background-repeat":"repeat","background-position":"center center","background-size":"auto","background-attachment":"scroll","background-type":"","background-media":"","overlay-type":"","overlay-color":"","overlay-opacity":"","overlay-gradient":""}}},"product_brand":[],"product_cat":[176],"product_tag":[],"class_list":{"0":"post-22988","1":"product","2":"type-product","3":"status-publish","4":"has-post-thumbnail","6":"product_cat-automotive","7":"desktop-align-left","8":"tablet-align-left","9":"mobile-align-left","11":"first","12":"instock","13":"shipping-taxable","14":"purchasable","15":"product-type-simple"},"spectra_custom_meta":{"_visibility":["visible"],"_shopify_product_id":["7960303468764"],"_s2w_shopify_domain":["noleaky.myshopify.com"],"_shopify_variant_id":["43735157637340"],"_sku":["NLENGINEOILLEAKSTOPPER"],"_regular_price":["29.90"],"_price":["29.90"],"_sale_price":[""],"_weight":["0.45"],"_thumbnail_id":["23041"],"_global_unique_id":["5056773800670"],"total_sales":["90"],"_tax_status":["taxable"],"_tax_class":[""],"_manage_stock":["no"],"_backorders":["no"],"_sold_individually":["no"],"_virtual":["no"],"_downloadable":["no"],"_download_limit":["-1"],"_download_expiry":["-1"],"_stock":[null],"_stock_status":["instock"],"_wc_average_rating":["4.99"],"_wc_review_count":["73"],"_product_version":["10.5.2"],"_edit_lock":["1772374642:1"],"merchant-center-availability":["yes"],"merchant-center-category":["2788"],"merchant-center-id":["EOLS"],"_edit_last":["1"],"_wp_page_template":["default"],"site-sidebar-layout":["default"],"ast-site-content-layout":["default"],"site-content-style":["default"],"site-sidebar-style":["default"],"theme-transparent-header-meta":["default"],"_wc_rating_count":["a:2:{i:4;i:1;i:5;i:72;}"],"_upsell_ids":["a:3:{i:0;i:22975;i:1;i:22998;i:2;i:23001;}"],"_crosssell_ids":["a:3:{i:0;i:22975;i:1;i:22998;i:2;i:23001;}"],"astra-migrate-meta-layouts":["set"],"_uag_css_file_name":["uag-css-22988.css"],"_elementor_page_assets":["a:0:{}"],"_uag_page_assets":["a:9:{s:3:\"css\";s:7156:\".uag-blocks-common-selector{z-index:var(--z-index-desktop) !important}@media (max-width: 976px){.uag-blocks-common-selector{z-index:var(--z-index-tablet) !important}}@media (max-width: 767px){.uag-blocks-common-selector{z-index:var(--z-index-mobile) !important}}\n.wp-block-uagb-image{display:flex}.wp-block-uagb-image__figure{position:relative;display:flex;flex-direction:column;max-width:100%;height:auto;margin:0}.wp-block-uagb-image__figure img{height:auto;display:flex;max-width:100%;transition:box-shadow 0.2s ease}.wp-block-uagb-image__figure>a{display:inline-block}.wp-block-uagb-image__figure figcaption{text-align:center;margin-top:0.5em;margin-bottom:1em}.wp-block-uagb-image .components-placeholder.block-editor-media-placeholder .components-placeholder__instructions{align-self:center}.wp-block-uagb-image--align-left{text-align:left}.wp-block-uagb-image--align-right{text-align:right}.wp-block-uagb-image--align-center{text-align:center}.wp-block-uagb-image--align-full .wp-block-uagb-image__figure{margin-left:calc(50% - 50vw);margin-right:calc(50% - 50vw);max-width:100vw;width:100vw;height:auto}.wp-block-uagb-image--align-full .wp-block-uagb-image__figure img{height:auto;width:100% !important}.wp-block-uagb-image--align-wide .wp-block-uagb-image__figure img{height:auto;width:100%}.wp-block-uagb-image--layout-overlay__color-wrapper{position:absolute;left:0;top:0;right:0;bottom:0;opacity:0.2;background:rgba(0,0,0,0.5);transition:opacity 0.35s ease-in-out}.wp-block-uagb-image--layout-overlay-link{position:absolute;left:0;right:0;bottom:0;top:0}.wp-block-uagb-image--layout-overlay .wp-block-uagb-image__figure:hover .wp-block-uagb-image--layout-overlay__color-wrapper{opacity:1}.wp-block-uagb-image--layout-overlay__inner{position:absolute;left:15px;right:15px;bottom:15px;top:15px;display:flex;align-items:center;justify-content:center;flex-direction:column;border-color:#fff;transition:0.35s ease-in-out}.wp-block-uagb-image--layout-overlay__inner.top-left,.wp-block-uagb-image--layout-overlay__inner.top-center,.wp-block-uagb-image--layout-overlay__inner.top-right{justify-content:flex-start}.wp-block-uagb-image--layout-overlay__inner.bottom-left,.wp-block-uagb-image--layout-overlay__inner.bottom-center,.wp-block-uagb-image--layout-overlay__inner.bottom-right{justify-content:flex-end}.wp-block-uagb-image--layout-overlay__inner.top-left,.wp-block-uagb-image--layout-overlay__inner.center-left,.wp-block-uagb-image--layout-overlay__inner.bottom-left{align-items:flex-start}.wp-block-uagb-image--layout-overlay__inner.top-right,.wp-block-uagb-image--layout-overlay__inner.center-right,.wp-block-uagb-image--layout-overlay__inner.bottom-right{align-items:flex-end}.wp-block-uagb-image--layout-overlay__inner .uagb-image-heading{color:#fff;transition:transform 0.35s, opacity 0.35s ease-in-out;transform:translate3d(0, 24px, 0);margin:0;line-height:1em}.wp-block-uagb-image--layout-overlay__inner .uagb-image-separator{width:30%;border-top-width:2px;border-top-color:#fff;border-top-style:solid;margin-bottom:10px;opacity:0;transition:transform 0.4s, opacity 0.4s ease-in-out;transform:translate3d(0, 30px, 0)}.wp-block-uagb-image--layout-overlay__inner .uagb-image-caption{opacity:0;overflow:visible;color:#fff;transition:transform 0.45s, opacity 0.45s ease-in-out;transform:translate3d(0, 35px, 0)}.wp-block-uagb-image--layout-overlay__inner:hover .uagb-image-heading,.wp-block-uagb-image--layout-overlay__inner:hover .uagb-image-separator,.wp-block-uagb-image--layout-overlay__inner:hover .uagb-image-caption{opacity:1;transform:translate3d(0, 0, 0)}.wp-block-uagb-image--effect-zoomin .wp-block-uagb-image__figure img,.wp-block-uagb-image--effect-zoomin .wp-block-uagb-image__figure .wp-block-uagb-image--layout-overlay__color-wrapper{transform:scale(1);transition:transform 0.35s ease-in-out}.wp-block-uagb-image--effect-zoomin .wp-block-uagb-image__figure:hover img,.wp-block-uagb-image--effect-zoomin .wp-block-uagb-image__figure:hover .wp-block-uagb-image--layout-overlay__color-wrapper{transform:scale(1.05)}.wp-block-uagb-image--effect-slide .wp-block-uagb-image__figure img,.wp-block-uagb-image--effect-slide .wp-block-uagb-image__figure .wp-block-uagb-image--layout-overlay__color-wrapper{width:calc(100% + 40px) !important;max-width:none !important;transform:translate3d(-40px, 0, 0);transition:transform 0.35s ease-in-out}.wp-block-uagb-image--effect-slide .wp-block-uagb-image__figure:hover img,.wp-block-uagb-image--effect-slide .wp-block-uagb-image__figure:hover .wp-block-uagb-image--layout-overlay__color-wrapper{transform:translate3d(0, 0, 0)}.wp-block-uagb-image--effect-grayscale img{filter:grayscale(0%);transition:0.35s ease-in-out}.wp-block-uagb-image--effect-grayscale:hover img{filter:grayscale(100%)}.wp-block-uagb-image--effect-blur img{filter:blur(0);transition:0.35s ease-in-out}.wp-block-uagb-image--effect-blur:hover img{filter:blur(3px)}\n.uagb-block-e6f939b3.wp-block-uagb-image--layout-default figure img{box-shadow: 0px 0px 0 #00000070;}.uagb-block-e6f939b3.wp-block-uagb-image .wp-block-uagb-image__figure figcaption{font-style: normal;align-self: center;}.uagb-block-e6f939b3.wp-block-uagb-image--layout-overlay figure img{box-shadow: 0px 0px 0 #00000070;}.uagb-block-e6f939b3.wp-block-uagb-image--layout-overlay .wp-block-uagb-image--layout-overlay__color-wrapper{opacity: 0.2;}.uagb-block-e6f939b3.wp-block-uagb-image--layout-overlay .wp-block-uagb-image--layout-overlay__inner{left: 15px;right: 15px;top: 15px;bottom: 15px;}.uagb-block-e6f939b3.wp-block-uagb-image--layout-overlay .wp-block-uagb-image--layout-overlay__inner .uagb-image-heading{font-style: normal;color: #fff;opacity: 1;}.uagb-block-e6f939b3.wp-block-uagb-image--layout-overlay .wp-block-uagb-image--layout-overlay__inner .uagb-image-heading a{color: #fff;}.uagb-block-e6f939b3.wp-block-uagb-image--layout-overlay .wp-block-uagb-image--layout-overlay__inner .uagb-image-caption{opacity: 0;}.uagb-block-e6f939b3.wp-block-uagb-image--layout-overlay .wp-block-uagb-image__figure:hover .wp-block-uagb-image--layout-overlay__color-wrapper{opacity: 1;}.uagb-block-e6f939b3.wp-block-uagb-image .wp-block-uagb-image--layout-overlay__inner .uagb-image-separator{width: 30%;border-top-width: 2px;border-top-color: #fff;opacity: 0;}.uagb-block-e6f939b3.wp-block-uagb-image .wp-block-uagb-image__figure img{width: px;height: auto;}.uagb-block-e6f939b3.wp-block-uagb-image .wp-block-uagb-image__figure:hover .wp-block-uagb-image--layout-overlay__inner .uagb-image-caption{opacity: 1;}.uagb-block-e6f939b3.wp-block-uagb-image .wp-block-uagb-image__figure:hover .wp-block-uagb-image--layout-overlay__inner .uagb-image-separator{opacity: 1;}.uagb-block-e6f939b3.wp-block-uagb-image--layout-default figure:hover img{box-shadow: 0px 0px 0 #00000070;}.uagb-block-e6f939b3.wp-block-uagb-image--layout-overlay figure:hover img{box-shadow: 0px 0px 0 #00000070;}@media only screen and (max-width: 976px) {.uagb-block-e6f939b3.wp-block-uagb-image .wp-block-uagb-image__figure img{width: px;height: auto;}}@media only screen and (max-width: 767px) {.uagb-block-e6f939b3.wp-block-uagb-image .wp-block-uagb-image__figure img{width: px;height: auto;}}\";s:2:\"js\";s:0:\"\";s:18:\"current_block_list\";a:13:{i:0;s:11:\"core\/search\";i:1;s:10:\"core\/group\";i:2;s:12:\"core\/heading\";i:3;s:17:\"core\/latest-posts\";i:4;s:20:\"core\/latest-comments\";i:5;s:13:\"core\/archives\";i:6;s:15:\"core\/categories\";i:7;s:14:\"core\/paragraph\";i:8;s:10:\"uagb\/image\";i:9;s:11:\"core\/spacer\";i:10;s:30:\"woocommerce\/product-categories\";i:11;s:10:\"core\/image\";i:12;s:14:\"core\/shortcode\";}s:8:\"uag_flag\";b:1;s:11:\"uag_version\";s:10:\"1776756735\";s:6:\"gfonts\";a:0:{}s:10:\"gfonts_url\";s:0:\"\";s:12:\"gfonts_files\";a:0:{}s:14:\"uag_faq_layout\";b:0;}"]},"uagb_featured_image_src":{"full":["https:\/\/www.noleaky.com\/wp-content\/uploads\/2025\/06\/2.g.Engine-Oil-Stop-Leak_4000x4000_15a04a4a-d496-4c7b-ac67-49608a435085.png",2560,2560,false],"thumbnail":["https:\/\/www.noleaky.com\/wp-content\/uploads\/2025\/06\/2.g.Engine-Oil-Stop-Leak_4000x4000_15a04a4a-d496-4c7b-ac67-49608a435085-150x150.png",150,150,true],"medium":["https:\/\/www.noleaky.com\/wp-content\/uploads\/2025\/06\/2.g.Engine-Oil-Stop-Leak_4000x4000_15a04a4a-d496-4c7b-ac67-49608a435085-300x300.png",300,300,true],"medium_large":["https:\/\/www.noleaky.com\/wp-content\/uploads\/2025\/06\/2.g.Engine-Oil-Stop-Leak_4000x4000_15a04a4a-d496-4c7b-ac67-49608a435085-768x768.png",768,768,true],"large":["https:\/\/www.noleaky.com\/wp-content\/uploads\/2025\/06\/2.g.Engine-Oil-Stop-Leak_4000x4000_15a04a4a-d496-4c7b-ac67-49608a435085-1024x1024.png",1024,1024,true],"1536x1536":["https:\/\/www.noleaky.com\/wp-content\/uploads\/2025\/06\/2.g.Engine-Oil-Stop-Leak_4000x4000_15a04a4a-d496-4c7b-ac67-49608a435085-1536x1536.png",1536,1536,true],"2048x2048":["https:\/\/www.noleaky.com\/wp-content\/uploads\/2025\/06\/2.g.Engine-Oil-Stop-Leak_4000x4000_15a04a4a-d496-4c7b-ac67-49608a435085-2048x2048.png",2048,2048,true],"trp-custom-language-flag":["https:\/\/www.noleaky.com\/wp-content\/uploads\/2025\/06\/2.g.Engine-Oil-Stop-Leak_4000x4000_15a04a4a-d496-4c7b-ac67-49608a435085-12x12.png",12,12,true],"woocommerce_thumbnail":["https:\/\/www.noleaky.com\/wp-content\/uploads\/2025\/06\/2.g.Engine-Oil-Stop-Leak_4000x4000_15a04a4a-d496-4c7b-ac67-49608a435085-300x300.png",300,300,true],"woocommerce_single":["https:\/\/www.noleaky.com\/wp-content\/uploads\/2025\/06\/2.g.Engine-Oil-Stop-Leak_4000x4000_15a04a4a-d496-4c7b-ac67-49608a435085-600x600.png",600,600,true],"woocommerce_gallery_thumbnail":["https:\/\/www.noleaky.com\/wp-content\/uploads\/2025\/06\/2.g.Engine-Oil-Stop-Leak_4000x4000_15a04a4a-d496-4c7b-ac67-49608a435085-100x100.png",100,100,true]},"uagb_author_info":{"display_name":"admin","author_link":"https:\/\/www.noleaky.com\/fi\/author\/"},"uagb_comment_info":73,"uagb_excerpt":"Stops engine oil leaks directly at the source without dismantling the engine. Our engine oil stop leak fluid is specially formulated to seal external oil leaks at their origin. It provides a targeted solution that helps prevent oil loss and reduces the need for complex mechanical disassembly. The most effective external oil leak sealing solution&hellip;","_links":{"self":[{"href":"https:\/\/www.noleaky.com\/fi\/wp-json\/wp\/v2\/product\/22988","targetHints":{"allow":["GET"]}}],"collection":[{"href":"https:\/\/www.noleaky.com\/fi\/wp-json\/wp\/v2\/product"}],"about":[{"href":"https:\/\/www.noleaky.com\/fi\/wp-json\/wp\/v2\/types\/product"}],"replies":[{"embeddable":true,"href":"https:\/\/www.noleaky.com\/fi\/wp-json\/wp\/v2\/comments?post=22988"}],"version-history":[{"count":5,"href":"https:\/\/www.noleaky.com\/fi\/wp-json\/wp\/v2\/product\/22988\/revisions"}],"predecessor-version":[{"id":33281,"href":"https:\/\/www.noleaky.com\/fi\/wp-json\/wp\/v2\/product\/22988\/revisions\/33281"}],"wp:featuredmedia":[{"embeddable":true,"href":"https:\/\/www.noleaky.com\/fi\/wp-json\/wp\/v2\/media\/23041"}],"wp:attachment":[{"href":"https:\/\/www.noleaky.com\/fi\/wp-json\/wp\/v2\/media?parent=22988"}],"wp:term":[{"taxonomy":"product_brand","embeddable":true,"href":"https:\/\/www.noleaky.com\/fi\/wp-json\/wp\/v2\/product_brand?post=22988"},{"taxonomy":"product_cat","embeddable":true,"href":"https:\/\/www.noleaky.com\/fi\/wp-json\/wp\/v2\/product_cat?post=22988"},{"taxonomy":"product_tag","embeddable":true,"href":"https:\/\/www.noleaky.com\/fi\/wp-json\/wp\/v2\/product_tag?post=22988"}],"curies":[{"name":"wp","href":"https:\/\/api.w.org\/{rel}","templated":true}]}}