{"id":22987,"date":"2025-06-02T15:49:03","date_gmt":"2025-06-02T13:49:03","guid":{"rendered":"https:\/\/www.noleaky.com\/products\/engine-decalaminant\/"},"modified":"2026-03-01T15:18:48","modified_gmt":"2026-03-01T14:18:48","slug":"engine-decalaminant","status":"publish","type":"product","link":"https:\/\/www.noleaky.com\/fi\/products\/engine-decalaminant\/","title":{"rendered":"Moottorin dekarbonisointiaine"},"content":{"rendered":"<p><strong><img decoding=\"async\" style=\"margin-right: 12px;\" src=\"https:\/\/www.noleaky.com\/wp-content\/uploads\/2026\/02\/Check.svg\" alt=\"\" width=\"18\" height=\"15\" \/>Palauttaa moottorin suorituskyvyn ja tehon heti ensimm\u00e4isest\u00e4 k\u00e4ytt\u00f6kerrasta l\u00e4htien.<\/strong> Moottorin hiilenpoistoaineemme on suunniteltu erityisesti poistamaan haitalliset hiilikerrostumat, jotka ker\u00e4\u00e4ntyv\u00e4t palotilaan, imuventtiileihin, ruiskutussuuttimiin ja pakoj\u00e4rjestelm\u00e4\u00e4n. Poistamalla n\u00e4m\u00e4 j\u00e4\u00e4m\u00e4t se auttaa moottoriasi hengitt\u00e4m\u00e4\u00e4n paremmin, toimimaan tasaisemmin ja palauttamaan menetetyn tehon ja reaktiokyvyn.<\/p>\n<p><strong><img decoding=\"async\" style=\"margin-right: 12px;\" src=\"https:\/\/www.noleaky.com\/wp-content\/uploads\/2026\/02\/Check.svg\" alt=\"\" width=\"18\" height=\"15\" \/>Markkinoiden tehokkain hiilenpoistoratkaisu.<\/strong> Edistyksellisen puhdistusteknologiansa ansiosta t\u00e4m\u00e4 moottorin hiilenpoistoaine liuottaa sitke\u00e4t hiilikerrostumat tehokkaammin kuin perinteiset lis\u00e4aineet. Se kohdistuu kertyneeseen nokeen ja palamisj\u00e4\u00e4miin niiden l\u00e4hteell\u00e4, parantaa polttoaineen palamisen laatua ja palauttaa moottorin optimaalisen toiminnan.<\/p>\n<p><strong><img decoding=\"async\" style=\"margin-right: 12px;\" src=\"https:\/\/www.noleaky.com\/wp-content\/uploads\/2026\/02\/Check.svg\" alt=\"\" width=\"18\" height=\"15\" \/>Halvin saatavilla oleva ammattilaistason ratkaisu.<\/strong> Tarjoamme kilpailukykyisimm\u00e4n hinnan laadusta tai suorituskyvyst\u00e4 tinkim\u00e4tt\u00e4. Saat korkean tehokkuuden kaavan, johon luotetaan vakavasti otettavassa moottorin huollossa, murto-osalla mekaanisen hiilenpoiston tai korjaamopalveluiden kustannuksista.<\/p>\n<p><strong><img decoding=\"async\" style=\"margin-right: 12px;\" src=\"https:\/\/www.noleaky.com\/wp-content\/uploads\/2026\/02\/Check.svg\" alt=\"\" width=\"18\" height=\"15\" \/>24 tunnin toimitus pit\u00e4\u00e4 ajoneuvosi liikkeess\u00e4.<\/strong> Takaamme 24 tunnin toimituksen, jotta saat moottorin hiilidioksidinpoistolaitteesi nopeasti ja v\u00e4lt\u00e4t tarpeettomat seisokit. Tarvitsitpa sitten kiireellist\u00e4 huoltoa tai ennaltaehk\u00e4isev\u00e4\u00e4 hoitoa, takaamme nopean ja luotettavan toimituksen.<\/p>\n<p><strong><img decoding=\"async\" style=\"margin-right: 12px;\" src=\"https:\/\/www.noleaky.com\/wp-content\/uploads\/2026\/02\/Check.svg\" alt=\"\" width=\"18\" height=\"15\" \/>Rahat takaisin -takuu t\u00e4ydellist\u00e4 luottamusta varten.<\/strong> Tarjoamme t\u00e4yden rahat takaisin -takuun. Jos et ole t\u00e4ysin tyytyv\u00e4inen moottorin hiilidioksidinpoistolaitteemme tuloksiin, palautamme ostoksesi. T\u00e4m\u00e4 tekee investoinnistasi t\u00e4ysin riskitt\u00f6m\u00e4n ja osoittaa luottamuksemme tuotteen suorituskykyyn.<\/p>\n<p><strong><img decoding=\"async\" style=\"margin-right: 12px;\" src=\"https:\/\/www.noleaky.com\/wp-content\/uploads\/2026\/02\/Check.svg\" alt=\"\" width=\"18\" height=\"15\" \/>Parantaa polttoainetehokkuutta ja v\u00e4hent\u00e4\u00e4 kulutusta.<\/strong> Puhdistamalla moottorin sis\u00e4isi\u00e4 komponentteja ja optimoimalla palamista tuotteemme auttaa v\u00e4hent\u00e4m\u00e4\u00e4n polttoainehukkaa. Puhtaampi moottori polttaa polttoainetta tehokkaammin, mik\u00e4 voi alentaa polttoaineen kokonaiskulutusta ja s\u00e4\u00e4st\u00e4\u00e4 rahaa pitk\u00e4ll\u00e4 aikav\u00e4lill\u00e4.<\/p>\n<p><strong><img decoding=\"async\" style=\"margin-right: 12px;\" src=\"https:\/\/www.noleaky.com\/wp-content\/uploads\/2026\/02\/Check.svg\" alt=\"\" width=\"18\" height=\"15\" \/>V\u00e4hent\u00e4\u00e4 p\u00e4\u00e4st\u00f6j\u00e4 ja tukee puhtaampaa pakokaasup\u00e4\u00e4st\u00f6\u00e4.<\/strong> Hiilikerrostumat lis\u00e4\u00e4v\u00e4t p\u00e4\u00e4st\u00f6j\u00e4 ja heikent\u00e4v\u00e4t pakokaasun suorituskyky\u00e4. Poistamalla saostumia moottorin hiilenpoistoaineemme auttaa v\u00e4hent\u00e4m\u00e4\u00e4n savua, parantamaan pakokaasun virtausta ja tukemaan ymp\u00e4rist\u00f6vastuullisempaa ajamista.<\/p>\n<p><strong><img decoding=\"async\" style=\"margin-right: 12px;\" src=\"https:\/\/www.noleaky.com\/wp-content\/uploads\/2026\/02\/Check.svg\" alt=\"\" width=\"18\" height=\"15\" \/>Pident\u00e4\u00e4 moottorin k\u00e4ytt\u00f6ik\u00e4\u00e4 ja v\u00e4hent\u00e4\u00e4 kulumista.<\/strong> Hiilikerrostumat voivat lis\u00e4t\u00e4 kitkaa, ylikuumenemista ja ep\u00e4tasaista palamista. Hiilenpoistoaineemme s\u00e4\u00e4nn\u00f6llinen k\u00e4ytt\u00f6 auttaa yll\u00e4pit\u00e4m\u00e4\u00e4n moottorin tasaisempaa toimintaa, v\u00e4hent\u00e4\u00e4 komponentteihin kohdistuvaa rasitusta ja pident\u00e4\u00e4 moottorin k\u00e4ytt\u00f6ik\u00e4\u00e4.<\/p>\n<p><strong><img decoding=\"async\" style=\"margin-right: 12px;\" src=\"https:\/\/www.noleaky.com\/wp-content\/uploads\/2026\/02\/Check.svg\" alt=\"\" width=\"18\" height=\"15\" \/>Ehk\u00e4isee kalliita mekaanisia korjauksia.<\/strong> Pit\u00e4m\u00e4ll\u00e4 palamisj\u00e4rjestelm\u00e4 puhtaana v\u00e4henn\u00e4t ruiskutussuuttimien tukkeutumisen, venttiilien juuttumisen ja turbon suorituskykyongelmien riski\u00e4. Ennaltaehk\u00e4isev\u00e4 huolto moottorin hiilenpoistoaineellamme voi auttaa v\u00e4ltt\u00e4m\u00e4\u00e4n kalliit korjaukset tulevaisuudessa.<\/p>\n<p><strong><img decoding=\"async\" style=\"margin-right: 12px;\" src=\"https:\/\/www.noleaky.com\/wp-content\/uploads\/2026\/02\/Check.svg\" alt=\"\" width=\"18\" height=\"15\" \/>Helppok\u00e4ytt\u00f6inen sek\u00e4 ammattilaisille ett\u00e4 tavallisille kuljettajille.<\/strong> Kaava on suunniteltu niin, ett\u00e4 se on helppo levitt\u00e4\u00e4 ilman monimutkaisia ty\u00f6kaluja tai purkamista. Olitpa sitten mekaanikko tai rutiinihuoltoa suorittava ajoneuvon omistaja, voit saavuttaa ammattilaistason tulokset pienell\u00e4 vaivalla.<\/p>\n<p><strong>Ohjeet<\/strong><\/p>\n<ul>\n<li>Varmista, ett\u00e4 moottori on k\u00e4ytt\u00f6l\u00e4mp\u00f6tilassa ennen tuotteen k\u00e4ytt\u00f6\u00e4, jotta se olisi mahdollisimman tehokas.<\/li>\n<li>Kaada pullo suoraan polttoaines\u00e4ili\u00f6\u00f6n ennen tankkausta, jotta se sekoittuu kunnolla.<\/li>\n<li>K\u00e4yt\u00e4 yksi t\u00e4ysi pullo tavallisen henkil\u00f6auton noin 40-60 litran polttoaines\u00e4ili\u00f6\u00f6n. Pienemmiss\u00e4 s\u00e4ili\u00f6iss\u00e4 annostusta on s\u00e4\u00e4dett\u00e4v\u00e4 samassa suhteessa.<\/li>\n<li>Kun olet lis\u00e4nnyt tuotteen, t\u00e4yt\u00e4 s\u00e4ili\u00f6 polttoaineella ja aja normaalisti, jotta tuote p\u00e4\u00e4see kiert\u00e4m\u00e4\u00e4n koko polttoaine- ja palamisj\u00e4rjestelm\u00e4n l\u00e4pi.<\/li>\n<li>Tehopuhdistuksessa moottorin kierrosluku on pidett\u00e4v\u00e4 kohtuullisena v\u00e4hint\u00e4\u00e4n 20-30 minuutin ajan, jotta hiilenpoistoprosessi tehostuu.<\/li>\n<li>Jos hiilikerrostumia on paljon, toinen k\u00e4sittely voidaan suorittaa sen j\u00e4lkeen, kun ensimm\u00e4inen t\u00e4ysi s\u00e4ili\u00f6 on k\u00e4ytetty loppuun.<\/li>\n<li>Ennaltaehk\u00e4isev\u00e4n huollon yhteydess\u00e4 k\u00e4yt\u00e4 moottorin hiilidioksidinpoistolaitetta 5 000-10 000 kilometrin v\u00e4lein ajo-olosuhteista ja polttoaineen laadusta riippuen.<\/li>\n<li>\u00c4l\u00e4 ylit\u00e4 suositeltua annostusta optimaalisen suorituskyvyn varmistamiseksi ja tarpeettoman tuoteh\u00e4vikin v\u00e4ltt\u00e4miseksi.<\/li>\n<li>Soveltuu bensiini- ja dieselmoottoreihin, ellei ajoneuvon valmistajan suosituksissa toisin mainita.<\/li>\n<li>S\u00e4ilyt\u00e4 tuote viile\u00e4ss\u00e4 ja kuivassa paikassa, suojattuna suoralta auringonvalolta ja lasten ulottumattomissa.<\/li>\n<\/ul>","protected":false},"excerpt":{"rendered":"<p>Restores engine performance and power from the very first use. Our engine decarbonizer is specially formulated to remove harmful carbon deposits that build up inside the combustion chamber, intake valves, injectors, and exhaust system. By eliminating these residues, it helps your engine breathe better, operate more smoothly, and recover lost power and responsiveness. The most [&hellip;]<\/p>\n","protected":false},"featured_media":23039,"comment_status":"open","ping_status":"closed","template":"","meta":{"_uag_custom_page_level_css":"","site-sidebar-layout":"default","site-content-layout":"","ast-site-content-layout":"default","site-content-style":"default","site-sidebar-style":"default","ast-global-header-display":"","ast-banner-title-visibility":"","ast-main-header-display":"","ast-hfb-above-header-display":"","ast-hfb-below-header-display":"","ast-hfb-mobile-header-display":"","site-post-title":"","ast-breadcrumbs-content":"","ast-featured-img":"","footer-sml-layout":"","ast-disable-related-posts":"","theme-transparent-header-meta":"default","adv-header-id-meta":"","stick-header-meta":"","header-above-stick-meta":"","header-main-stick-meta":"","header-below-stick-meta":"","astra-migrate-meta-layouts":"set","ast-page-background-enabled":"default","ast-page-background-meta":{"desktop":{"background-color":"var(--ast-global-color-4)","background-image":"","background-repeat":"repeat","background-position":"center center","background-size":"auto","background-attachment":"scroll","background-type":"","background-media":"","overlay-type":"","overlay-color":"","overlay-opacity":"","overlay-gradient":""},"tablet":{"background-color":"","background-image":"","background-repeat":"repeat","background-position":"center center","background-size":"auto","background-attachment":"scroll","background-type":"","background-media":"","overlay-type":"","overlay-color":"","overlay-opacity":"","overlay-gradient":""},"mobile":{"background-color":"","background-image":"","background-repeat":"repeat","background-position":"center center","background-size":"auto","background-attachment":"scroll","background-type":"","background-media":"","overlay-type":"","overlay-color":"","overlay-opacity":"","overlay-gradient":""}},"ast-content-background-meta":{"desktop":{"background-color":"var(--ast-global-color-5)","background-image":"","background-repeat":"repeat","background-position":"center center","background-size":"auto","background-attachment":"scroll","background-type":"","background-media":"","overlay-type":"","overlay-color":"","overlay-opacity":"","overlay-gradient":""},"tablet":{"background-color":"var(--ast-global-color-5)","background-image":"","background-repeat":"repeat","background-position":"center center","background-size":"auto","background-attachment":"scroll","background-type":"","background-media":"","overlay-type":"","overlay-color":"","overlay-opacity":"","overlay-gradient":""},"mobile":{"background-color":"var(--ast-global-color-5)","background-image":"","background-repeat":"repeat","background-position":"center center","background-size":"auto","background-attachment":"scroll","background-type":"","background-media":"","overlay-type":"","overlay-color":"","overlay-opacity":"","overlay-gradient":""}}},"product_brand":[],"product_cat":[176],"product_tag":[],"class_list":{"0":"post-22987","1":"product","2":"type-product","3":"status-publish","4":"has-post-thumbnail","6":"product_cat-automotive","7":"desktop-align-left","8":"tablet-align-left","9":"mobile-align-left","11":"first","12":"instock","13":"shipping-taxable","14":"purchasable","15":"product-type-simple"},"spectra_custom_meta":{"_visibility":["visible"],"_shopify_product_id":["7961115164892"],"_s2w_shopify_domain":["noleaky.myshopify.com"],"_shopify_variant_id":["43736991662300"],"_sku":["NLENGINEDECARBONIZER"],"_regular_price":["29.90"],"_price":["29.90"],"_sale_price":[""],"_weight":["0.35"],"_thumbnail_id":["23039"],"_global_unique_id":["5056773800663"],"total_sales":["50"],"_tax_status":["taxable"],"_tax_class":[""],"_manage_stock":["no"],"_backorders":["no"],"_sold_individually":["no"],"_virtual":["no"],"_downloadable":["no"],"_download_limit":["-1"],"_download_expiry":["-1"],"_stock":[null],"_stock_status":["instock"],"_wc_average_rating":["4.92"],"_wc_review_count":["86"],"_product_version":["10.5.2"],"_edit_lock":["1772383115:1"],"merchant-center-availability":["yes"],"merchant-center-category":["2788"],"merchant-center-id":["ED"],"_edit_last":["1"],"_wp_page_template":["default"],"site-sidebar-layout":["default"],"ast-site-content-layout":["default"],"site-content-style":["default"],"site-sidebar-style":["default"],"theme-transparent-header-meta":["default"],"_wc_rating_count":["a:2:{i:4;i:7;i:5;i:79;}"],"_upsell_ids":["a:3:{i:0;i:22985;i:1;i:23011;i:2;i:23025;}"],"_crosssell_ids":["a:3:{i:0;i:22985;i:1;i:23011;i:2;i:23025;}"],"astra-migrate-meta-layouts":["set"],"_uag_css_file_name":["uag-css-22987.css"],"_elementor_page_assets":["a:0:{}"],"_uag_page_assets":["a:9:{s:3:\"css\";s:7156:\".uag-blocks-common-selector{z-index:var(--z-index-desktop) !important}@media (max-width: 976px){.uag-blocks-common-selector{z-index:var(--z-index-tablet) !important}}@media (max-width: 767px){.uag-blocks-common-selector{z-index:var(--z-index-mobile) !important}}\n.wp-block-uagb-image{display:flex}.wp-block-uagb-image__figure{position:relative;display:flex;flex-direction:column;max-width:100%;height:auto;margin:0}.wp-block-uagb-image__figure img{height:auto;display:flex;max-width:100%;transition:box-shadow 0.2s ease}.wp-block-uagb-image__figure>a{display:inline-block}.wp-block-uagb-image__figure figcaption{text-align:center;margin-top:0.5em;margin-bottom:1em}.wp-block-uagb-image .components-placeholder.block-editor-media-placeholder .components-placeholder__instructions{align-self:center}.wp-block-uagb-image--align-left{text-align:left}.wp-block-uagb-image--align-right{text-align:right}.wp-block-uagb-image--align-center{text-align:center}.wp-block-uagb-image--align-full .wp-block-uagb-image__figure{margin-left:calc(50% - 50vw);margin-right:calc(50% - 50vw);max-width:100vw;width:100vw;height:auto}.wp-block-uagb-image--align-full .wp-block-uagb-image__figure img{height:auto;width:100% !important}.wp-block-uagb-image--align-wide .wp-block-uagb-image__figure img{height:auto;width:100%}.wp-block-uagb-image--layout-overlay__color-wrapper{position:absolute;left:0;top:0;right:0;bottom:0;opacity:0.2;background:rgba(0,0,0,0.5);transition:opacity 0.35s ease-in-out}.wp-block-uagb-image--layout-overlay-link{position:absolute;left:0;right:0;bottom:0;top:0}.wp-block-uagb-image--layout-overlay .wp-block-uagb-image__figure:hover .wp-block-uagb-image--layout-overlay__color-wrapper{opacity:1}.wp-block-uagb-image--layout-overlay__inner{position:absolute;left:15px;right:15px;bottom:15px;top:15px;display:flex;align-items:center;justify-content:center;flex-direction:column;border-color:#fff;transition:0.35s ease-in-out}.wp-block-uagb-image--layout-overlay__inner.top-left,.wp-block-uagb-image--layout-overlay__inner.top-center,.wp-block-uagb-image--layout-overlay__inner.top-right{justify-content:flex-start}.wp-block-uagb-image--layout-overlay__inner.bottom-left,.wp-block-uagb-image--layout-overlay__inner.bottom-center,.wp-block-uagb-image--layout-overlay__inner.bottom-right{justify-content:flex-end}.wp-block-uagb-image--layout-overlay__inner.top-left,.wp-block-uagb-image--layout-overlay__inner.center-left,.wp-block-uagb-image--layout-overlay__inner.bottom-left{align-items:flex-start}.wp-block-uagb-image--layout-overlay__inner.top-right,.wp-block-uagb-image--layout-overlay__inner.center-right,.wp-block-uagb-image--layout-overlay__inner.bottom-right{align-items:flex-end}.wp-block-uagb-image--layout-overlay__inner .uagb-image-heading{color:#fff;transition:transform 0.35s, opacity 0.35s ease-in-out;transform:translate3d(0, 24px, 0);margin:0;line-height:1em}.wp-block-uagb-image--layout-overlay__inner .uagb-image-separator{width:30%;border-top-width:2px;border-top-color:#fff;border-top-style:solid;margin-bottom:10px;opacity:0;transition:transform 0.4s, opacity 0.4s ease-in-out;transform:translate3d(0, 30px, 0)}.wp-block-uagb-image--layout-overlay__inner .uagb-image-caption{opacity:0;overflow:visible;color:#fff;transition:transform 0.45s, opacity 0.45s ease-in-out;transform:translate3d(0, 35px, 0)}.wp-block-uagb-image--layout-overlay__inner:hover .uagb-image-heading,.wp-block-uagb-image--layout-overlay__inner:hover .uagb-image-separator,.wp-block-uagb-image--layout-overlay__inner:hover .uagb-image-caption{opacity:1;transform:translate3d(0, 0, 0)}.wp-block-uagb-image--effect-zoomin .wp-block-uagb-image__figure img,.wp-block-uagb-image--effect-zoomin .wp-block-uagb-image__figure .wp-block-uagb-image--layout-overlay__color-wrapper{transform:scale(1);transition:transform 0.35s ease-in-out}.wp-block-uagb-image--effect-zoomin .wp-block-uagb-image__figure:hover img,.wp-block-uagb-image--effect-zoomin .wp-block-uagb-image__figure:hover .wp-block-uagb-image--layout-overlay__color-wrapper{transform:scale(1.05)}.wp-block-uagb-image--effect-slide .wp-block-uagb-image__figure img,.wp-block-uagb-image--effect-slide .wp-block-uagb-image__figure .wp-block-uagb-image--layout-overlay__color-wrapper{width:calc(100% + 40px) !important;max-width:none !important;transform:translate3d(-40px, 0, 0);transition:transform 0.35s ease-in-out}.wp-block-uagb-image--effect-slide .wp-block-uagb-image__figure:hover img,.wp-block-uagb-image--effect-slide .wp-block-uagb-image__figure:hover .wp-block-uagb-image--layout-overlay__color-wrapper{transform:translate3d(0, 0, 0)}.wp-block-uagb-image--effect-grayscale img{filter:grayscale(0%);transition:0.35s ease-in-out}.wp-block-uagb-image--effect-grayscale:hover img{filter:grayscale(100%)}.wp-block-uagb-image--effect-blur img{filter:blur(0);transition:0.35s ease-in-out}.wp-block-uagb-image--effect-blur:hover img{filter:blur(3px)}\n.uagb-block-e6f939b3.wp-block-uagb-image--layout-default figure img{box-shadow: 0px 0px 0 #00000070;}.uagb-block-e6f939b3.wp-block-uagb-image .wp-block-uagb-image__figure figcaption{font-style: normal;align-self: center;}.uagb-block-e6f939b3.wp-block-uagb-image--layout-overlay figure img{box-shadow: 0px 0px 0 #00000070;}.uagb-block-e6f939b3.wp-block-uagb-image--layout-overlay .wp-block-uagb-image--layout-overlay__color-wrapper{opacity: 0.2;}.uagb-block-e6f939b3.wp-block-uagb-image--layout-overlay .wp-block-uagb-image--layout-overlay__inner{left: 15px;right: 15px;top: 15px;bottom: 15px;}.uagb-block-e6f939b3.wp-block-uagb-image--layout-overlay .wp-block-uagb-image--layout-overlay__inner .uagb-image-heading{font-style: normal;color: #fff;opacity: 1;}.uagb-block-e6f939b3.wp-block-uagb-image--layout-overlay .wp-block-uagb-image--layout-overlay__inner .uagb-image-heading a{color: #fff;}.uagb-block-e6f939b3.wp-block-uagb-image--layout-overlay .wp-block-uagb-image--layout-overlay__inner .uagb-image-caption{opacity: 0;}.uagb-block-e6f939b3.wp-block-uagb-image--layout-overlay .wp-block-uagb-image__figure:hover .wp-block-uagb-image--layout-overlay__color-wrapper{opacity: 1;}.uagb-block-e6f939b3.wp-block-uagb-image .wp-block-uagb-image--layout-overlay__inner .uagb-image-separator{width: 30%;border-top-width: 2px;border-top-color: #fff;opacity: 0;}.uagb-block-e6f939b3.wp-block-uagb-image .wp-block-uagb-image__figure img{width: px;height: auto;}.uagb-block-e6f939b3.wp-block-uagb-image .wp-block-uagb-image__figure:hover .wp-block-uagb-image--layout-overlay__inner .uagb-image-caption{opacity: 1;}.uagb-block-e6f939b3.wp-block-uagb-image .wp-block-uagb-image__figure:hover .wp-block-uagb-image--layout-overlay__inner .uagb-image-separator{opacity: 1;}.uagb-block-e6f939b3.wp-block-uagb-image--layout-default figure:hover img{box-shadow: 0px 0px 0 #00000070;}.uagb-block-e6f939b3.wp-block-uagb-image--layout-overlay figure:hover img{box-shadow: 0px 0px 0 #00000070;}@media only screen and (max-width: 976px) {.uagb-block-e6f939b3.wp-block-uagb-image .wp-block-uagb-image__figure img{width: px;height: auto;}}@media only screen and (max-width: 767px) {.uagb-block-e6f939b3.wp-block-uagb-image .wp-block-uagb-image__figure img{width: px;height: auto;}}\";s:2:\"js\";s:0:\"\";s:18:\"current_block_list\";a:13:{i:0;s:11:\"core\/search\";i:1;s:10:\"core\/group\";i:2;s:12:\"core\/heading\";i:3;s:17:\"core\/latest-posts\";i:4;s:20:\"core\/latest-comments\";i:5;s:13:\"core\/archives\";i:6;s:15:\"core\/categories\";i:7;s:14:\"core\/paragraph\";i:8;s:10:\"uagb\/image\";i:9;s:11:\"core\/spacer\";i:10;s:30:\"woocommerce\/product-categories\";i:11;s:10:\"core\/image\";i:12;s:14:\"core\/shortcode\";}s:8:\"uag_flag\";b:1;s:11:\"uag_version\";s:10:\"1776759962\";s:6:\"gfonts\";a:0:{}s:10:\"gfonts_url\";s:0:\"\";s:12:\"gfonts_files\";a:0:{}s:14:\"uag_faq_layout\";b:0;}"]},"uagb_featured_image_src":{"full":["https:\/\/www.noleaky.com\/wp-content\/uploads\/2025\/06\/2.m.Engine-Decarbonizer_NoLeaky_4000x4000_4a95b712-bcad-4b18-b63b-b0f76c8b6981.png",2560,2560,false],"thumbnail":["https:\/\/www.noleaky.com\/wp-content\/uploads\/2025\/06\/2.m.Engine-Decarbonizer_NoLeaky_4000x4000_4a95b712-bcad-4b18-b63b-b0f76c8b6981-150x150.png",150,150,true],"medium":["https:\/\/www.noleaky.com\/wp-content\/uploads\/2025\/06\/2.m.Engine-Decarbonizer_NoLeaky_4000x4000_4a95b712-bcad-4b18-b63b-b0f76c8b6981-300x300.png",300,300,true],"medium_large":["https:\/\/www.noleaky.com\/wp-content\/uploads\/2025\/06\/2.m.Engine-Decarbonizer_NoLeaky_4000x4000_4a95b712-bcad-4b18-b63b-b0f76c8b6981-768x768.png",768,768,true],"large":["https:\/\/www.noleaky.com\/wp-content\/uploads\/2025\/06\/2.m.Engine-Decarbonizer_NoLeaky_4000x4000_4a95b712-bcad-4b18-b63b-b0f76c8b6981-1024x1024.png",1024,1024,true],"1536x1536":["https:\/\/www.noleaky.com\/wp-content\/uploads\/2025\/06\/2.m.Engine-Decarbonizer_NoLeaky_4000x4000_4a95b712-bcad-4b18-b63b-b0f76c8b6981-1536x1536.png",1536,1536,true],"2048x2048":["https:\/\/www.noleaky.com\/wp-content\/uploads\/2025\/06\/2.m.Engine-Decarbonizer_NoLeaky_4000x4000_4a95b712-bcad-4b18-b63b-b0f76c8b6981-2048x2048.png",2048,2048,true],"trp-custom-language-flag":["https:\/\/www.noleaky.com\/wp-content\/uploads\/2025\/06\/2.m.Engine-Decarbonizer_NoLeaky_4000x4000_4a95b712-bcad-4b18-b63b-b0f76c8b6981-12x12.png",12,12,true],"woocommerce_thumbnail":["https:\/\/www.noleaky.com\/wp-content\/uploads\/2025\/06\/2.m.Engine-Decarbonizer_NoLeaky_4000x4000_4a95b712-bcad-4b18-b63b-b0f76c8b6981-300x300.png",300,300,true],"woocommerce_single":["https:\/\/www.noleaky.com\/wp-content\/uploads\/2025\/06\/2.m.Engine-Decarbonizer_NoLeaky_4000x4000_4a95b712-bcad-4b18-b63b-b0f76c8b6981-600x600.png",600,600,true],"woocommerce_gallery_thumbnail":["https:\/\/www.noleaky.com\/wp-content\/uploads\/2025\/06\/2.m.Engine-Decarbonizer_NoLeaky_4000x4000_4a95b712-bcad-4b18-b63b-b0f76c8b6981-100x100.png",100,100,true]},"uagb_author_info":{"display_name":"admin","author_link":"https:\/\/www.noleaky.com\/fi\/author\/"},"uagb_comment_info":86,"uagb_excerpt":"Restores engine performance and power from the very first use. Our engine decarbonizer is specially formulated to remove harmful carbon deposits that build up inside the combustion chamber, intake valves, injectors, and exhaust system. By eliminating these residues, it helps your engine breathe better, operate more smoothly, and recover lost power and responsiveness. The most&hellip;","_links":{"self":[{"href":"https:\/\/www.noleaky.com\/fi\/wp-json\/wp\/v2\/product\/22987","targetHints":{"allow":["GET"]}}],"collection":[{"href":"https:\/\/www.noleaky.com\/fi\/wp-json\/wp\/v2\/product"}],"about":[{"href":"https:\/\/www.noleaky.com\/fi\/wp-json\/wp\/v2\/types\/product"}],"replies":[{"embeddable":true,"href":"https:\/\/www.noleaky.com\/fi\/wp-json\/wp\/v2\/comments?post=22987"}],"version-history":[{"count":4,"href":"https:\/\/www.noleaky.com\/fi\/wp-json\/wp\/v2\/product\/22987\/revisions"}],"predecessor-version":[{"id":33283,"href":"https:\/\/www.noleaky.com\/fi\/wp-json\/wp\/v2\/product\/22987\/revisions\/33283"}],"wp:featuredmedia":[{"embeddable":true,"href":"https:\/\/www.noleaky.com\/fi\/wp-json\/wp\/v2\/media\/23039"}],"wp:attachment":[{"href":"https:\/\/www.noleaky.com\/fi\/wp-json\/wp\/v2\/media?parent=22987"}],"wp:term":[{"taxonomy":"product_brand","embeddable":true,"href":"https:\/\/www.noleaky.com\/fi\/wp-json\/wp\/v2\/product_brand?post=22987"},{"taxonomy":"product_cat","embeddable":true,"href":"https:\/\/www.noleaky.com\/fi\/wp-json\/wp\/v2\/product_cat?post=22987"},{"taxonomy":"product_tag","embeddable":true,"href":"https:\/\/www.noleaky.com\/fi\/wp-json\/wp\/v2\/product_tag?post=22987"}],"curies":[{"name":"wp","href":"https:\/\/api.w.org\/{rel}","templated":true}]}}