{"id":22989,"date":"2025-06-02T15:49:05","date_gmt":"2025-06-02T13:49:05","guid":{"rendered":"https:\/\/www.noleaky.com\/products\/head-gasket-repair\/"},"modified":"2026-03-01T15:03:46","modified_gmt":"2026-03-01T14:03:46","slug":"head-gasket-repair","status":"publish","type":"product","link":"https:\/\/www.noleaky.com\/es\/products\/head-gasket-repair\/","title":{"rendered":"Reparador junta culata"},"content":{"rendered":"<p><strong><img decoding=\"async\" style=\"margin-right: 12px;\" src=\"https:\/\/www.noleaky.com\/wp-content\/uploads\/2026\/02\/Check.svg\" alt=\"\" width=\"18\" height=\"15\" \/>Repara los problemas de juntas de culata sin necesidad de desmontar el motor.<\/strong> Nuestra f\u00f3rmula de reparaci\u00f3n de juntas de culata est\u00e1 especialmente desarrollada para solucionar problemas comunes relacionados con las juntas de culata sin necesidad de costosas reparaciones mec\u00e1nicas. Act\u00faa desde el interior del sistema de refrigeraci\u00f3n para sellar las fugas causadas por juntas de culata da\u00f1adas, peque\u00f1as grietas y fallos de sellado, ayud\u00e1ndole a evitar el costoso y laborioso desmontaje del motor.<\/p>\n<p><strong><img decoding=\"async\" style=\"margin-right: 12px;\" src=\"https:\/\/www.noleaky.com\/wp-content\/uploads\/2026\/02\/Check.svg\" alt=\"\" width=\"18\" height=\"15\" \/>La tecnolog\u00eda de sellado interno m\u00e1s eficaz disponible.<\/strong> Es la soluci\u00f3n de reparaci\u00f3n de juntas de culata m\u00e1s eficaz de su categor\u00eda. Sus avanzados agentes sellantes circulan por el sistema de refrigeraci\u00f3n y se activan a altas temperaturas, formando un sellado duradero en el punto exacto de la fuga. Ayuda a solucionar problemas como la p\u00e9rdida de refrigerante, la presi\u00f3n excesiva del sistema de refrigeraci\u00f3n, la contaminaci\u00f3n por aceite en el refrigerante y peque\u00f1as grietas en los componentes del motor.<\/p>\n<p><strong><img decoding=\"async\" style=\"margin-right: 12px;\" src=\"https:\/\/www.noleaky.com\/wp-content\/uploads\/2026\/02\/Check.svg\" alt=\"\" width=\"18\" height=\"15\" \/>La alternativa m\u00e1s barata a las reparaciones importantes del motor.<\/strong> Sustituir una junta de culata o reparar un bloque motor agrietado puede costar una suma considerable. Nuestro producto es la soluci\u00f3n de calidad profesional m\u00e1s barata disponible, proporcionando una alternativa rentable que puede restaurar la funcionalidad sin la carga financiera de una reparaci\u00f3n mec\u00e1nica completa.<\/p>\n<p><strong><img decoding=\"async\" style=\"margin-right: 12px;\" src=\"https:\/\/www.noleaky.com\/wp-content\/uploads\/2026\/02\/Check.svg\" alt=\"\" width=\"18\" height=\"15\" \/>Entrega garantizada en 24 horas para problemas urgentes del motor.<\/strong> Los problemas del motor requieren atenci\u00f3n inmediata. Por eso garantizamos la entrega en 24 horas, lo que le permite tratar el problema r\u00e1pidamente y reducir el riesgo de da\u00f1os mayores.<\/p>\n<p><strong><img decoding=\"async\" style=\"margin-right: 12px;\" src=\"https:\/\/www.noleaky.com\/wp-content\/uploads\/2026\/02\/Check.svg\" alt=\"\" width=\"18\" height=\"15\" \/>Garant\u00eda de devoluci\u00f3n del dinero para su total tranquilidad.<\/strong> Respaldamos el rendimiento de nuestra f\u00f3rmula de reparaci\u00f3n de juntas de culata. Si no est\u00e1 satisfecho con los resultados, le ofrecemos una garant\u00eda de devoluci\u00f3n del dinero. Simplemente p\u00f3ngase en contacto con nosotros y le reembolsaremos su compra, haciendo que su inversi\u00f3n est\u00e9 totalmente libre de riesgos.<\/p>\n<p><strong><img decoding=\"async\" style=\"margin-right: 12px;\" src=\"https:\/\/www.noleaky.com\/wp-content\/uploads\/2026\/02\/Check.svg\" alt=\"\" width=\"18\" height=\"15\" \/>Compatible con todo tipo de motores de veh\u00edculos.<\/strong> Adecuado para coches, camiones, furgonetas, camionetas, motocicletas, quads, tractores y barcos, esta vers\u00e1til f\u00f3rmula funciona con motores de gasolina y di\u00e9sel cuando se utiliza seg\u00fan las instrucciones. Se integra con seguridad en la mayor\u00eda de los sistemas de refrigeraci\u00f3n est\u00e1ndar.<\/p>\n<p><strong><img decoding=\"async\" style=\"margin-right: 12px;\" src=\"https:\/\/www.noleaky.com\/wp-content\/uploads\/2026\/02\/Check.svg\" alt=\"\" width=\"18\" height=\"15\" \/>Ayuda a reducir los problemas de alta presi\u00f3n del refrigerante.<\/strong> Una junta de culata defectuosa puede causar una acumulaci\u00f3n anormal de presi\u00f3n en el sistema de refrigeraci\u00f3n. Al sellar las fugas internas, el producto ayuda a estabilizar los niveles de presi\u00f3n y restablecer el comportamiento normal del sistema.<\/p>\n<p><strong><img decoding=\"async\" style=\"margin-right: 12px;\" src=\"https:\/\/www.noleaky.com\/wp-content\/uploads\/2026\/02\/Check.svg\" alt=\"\" width=\"18\" height=\"15\" \/>Trata la contaminaci\u00f3n por aceite en el refrigerante.<\/strong> Cuando el aceite se mezcla con el refrigerante debido a un fallo de la junta, puede causar graves problemas de rendimiento. La f\u00f3rmula ayuda a sellar la fuente de fugas internas, limitando la contaminaci\u00f3n cruzada y restaurando la separaci\u00f3n del sistema.<\/p>\n<p><strong><img decoding=\"async\" style=\"margin-right: 12px;\" src=\"https:\/\/www.noleaky.com\/wp-content\/uploads\/2026\/02\/Check.svg\" alt=\"\" width=\"18\" height=\"15\" \/>Puede ayudar con problemas menores de bloques de motor agrietados.<\/strong> En caso de peque\u00f1as grietas o porosidades en los componentes del motor, el producto forma un sellado activado por calor que refuerza las zonas debilitadas y evita nuevas fugas.<\/p>\n<p><strong><img decoding=\"async\" style=\"margin-right: 12px;\" src=\"https:\/\/www.noleaky.com\/wp-content\/uploads\/2026\/02\/Check.svg\" alt=\"\" width=\"18\" height=\"15\" \/>Prolonga la vida \u00fatil del motor y restaura la facilidad de conducci\u00f3n.<\/strong> Al sellar las fugas y estabilizar el sistema de refrigeraci\u00f3n, el producto ayuda a restablecer un funcionamiento m\u00e1s suave del motor, reducir los riesgos de sobrecalentamiento y prolongar la vida \u00fatil de su veh\u00edculo.<\/p>\n<h2><strong>Cantidad necesaria para su veh\u00edculo<\/strong><\/h2>\n<table width=\"100%\">\n<tbody>\n<tr>\n<td><strong>Cilindrada<\/strong><\/td>\n<td><strong>Cantidad<\/strong><\/td>\n<\/tr>\n<tr>\n<td>\n<div><\/div>\n<p>Hasta 0,9 litros<\/td>\n<td>\n<div><\/div>\n<p>1 botella<\/td>\n<\/tr>\n<tr>\n<td>\n<div><\/div>\n<p>Entre 1 y 1,9 litros<\/td>\n<td>\n<div><\/div>\n<p>2 botellas<\/td>\n<\/tr>\n<tr>\n<td>Entre 2 y 2,9 litros<\/td>\n<td>\n<div><\/div>\n<p>3 botellas<\/td>\n<\/tr>\n<tr>\n<td>\n<div><\/div>\n<p>Entre 3 y 3,9 litros<\/td>\n<td>\n<div><\/div>\n<p>4 botellas<\/td>\n<\/tr>\n<tr>\n<td>\n<div><\/div>\n<p>M\u00e1s de 4 litros<\/td>\n<td>\n<div><\/div>\n<p>5 botellas<\/td>\n<\/tr>\n<\/tbody>\n<\/table>\n<h2><strong>Instrucciones<\/strong><\/h2>\n<ul>\n<li>Aseg\u00farese de que el motor est\u00e9 completamente fr\u00edo antes de abrir el sistema de refrigeraci\u00f3n.<\/li>\n<li>Agitar bien el frasco antes de usar.<\/li>\n<li>Compruebe el nivel y el estado del refrigerante. Si el sistema est\u00e1 muy contaminado, l\u00e1velo antes de aplicar el producto.<\/li>\n<li>No vac\u00ede el refrigerante a menos que est\u00e9 sucio o no sea adecuado. El producto se a\u00f1ade directamente al refrigerante existente.<\/li>\n<li>Vierta el n\u00famero necesario de botellas en el radiador o en el dep\u00f3sito de expansi\u00f3n seg\u00fan el dise\u00f1o del veh\u00edculo.<\/li>\n<li>Arranque el motor y deje que alcance la temperatura de funcionamiento.<\/li>\n<li>Haga funcionar el motor al ralent\u00ed durante aproximadamente 20 a 30 minutos con el calentador al m\u00e1ximo para permitir la circulaci\u00f3n completa.<\/li>\n<li>Aseg\u00farese de que el ventilador de refrigeraci\u00f3n se enciende y apaga al menos una vez para confirmar la correcta activaci\u00f3n de la temperatura.<\/li>\n<li>Apague el motor y deje que se enfr\u00ede completamente.<\/li>\n<li>Compruebe el nivel de refrigerante y rellene si es necesario. Controle el veh\u00edculo durante los siguientes ciclos de conducci\u00f3n.<\/li>\n<\/ul>","protected":false},"excerpt":{"rendered":"<p>Repairs head gasket issues without expensive engine dismantling. Our head gasket repair formula is specially developed to solve common head gasket-related problems without the need for costly mechanical repairs. It works from inside the cooling system to seal leaks caused by damaged head gaskets, minor cracks, and sealing failures, helping you avoid time-consuming and expensive [&hellip;]<\/p>\n","protected":false},"featured_media":23043,"comment_status":"open","ping_status":"closed","template":"","meta":{"_uag_custom_page_level_css":"","site-sidebar-layout":"default","site-content-layout":"","ast-site-content-layout":"default","site-content-style":"default","site-sidebar-style":"default","ast-global-header-display":"","ast-banner-title-visibility":"","ast-main-header-display":"","ast-hfb-above-header-display":"","ast-hfb-below-header-display":"","ast-hfb-mobile-header-display":"","site-post-title":"","ast-breadcrumbs-content":"","ast-featured-img":"","footer-sml-layout":"","ast-disable-related-posts":"","theme-transparent-header-meta":"default","adv-header-id-meta":"","stick-header-meta":"","header-above-stick-meta":"","header-main-stick-meta":"","header-below-stick-meta":"","astra-migrate-meta-layouts":"set","ast-page-background-enabled":"default","ast-page-background-meta":{"desktop":{"background-color":"var(--ast-global-color-4)","background-image":"","background-repeat":"repeat","background-position":"center center","background-size":"auto","background-attachment":"scroll","background-type":"","background-media":"","overlay-type":"","overlay-color":"","overlay-opacity":"","overlay-gradient":""},"tablet":{"background-color":"","background-image":"","background-repeat":"repeat","background-position":"center center","background-size":"auto","background-attachment":"scroll","background-type":"","background-media":"","overlay-type":"","overlay-color":"","overlay-opacity":"","overlay-gradient":""},"mobile":{"background-color":"","background-image":"","background-repeat":"repeat","background-position":"center center","background-size":"auto","background-attachment":"scroll","background-type":"","background-media":"","overlay-type":"","overlay-color":"","overlay-opacity":"","overlay-gradient":""}},"ast-content-background-meta":{"desktop":{"background-color":"var(--ast-global-color-5)","background-image":"","background-repeat":"repeat","background-position":"center center","background-size":"auto","background-attachment":"scroll","background-type":"","background-media":"","overlay-type":"","overlay-color":"","overlay-opacity":"","overlay-gradient":""},"tablet":{"background-color":"var(--ast-global-color-5)","background-image":"","background-repeat":"repeat","background-position":"center center","background-size":"auto","background-attachment":"scroll","background-type":"","background-media":"","overlay-type":"","overlay-color":"","overlay-opacity":"","overlay-gradient":""},"mobile":{"background-color":"var(--ast-global-color-5)","background-image":"","background-repeat":"repeat","background-position":"center center","background-size":"auto","background-attachment":"scroll","background-type":"","background-media":"","overlay-type":"","overlay-color":"","overlay-opacity":"","overlay-gradient":""}}},"product_brand":[],"product_cat":[176],"product_tag":[],"class_list":{"0":"post-22989","1":"product","2":"type-product","3":"status-publish","4":"has-post-thumbnail","6":"product_cat-automotive","7":"desktop-align-left","8":"tablet-align-left","9":"mobile-align-left","11":"first","12":"instock","13":"shipping-taxable","14":"purchasable","15":"product-type-simple"},"spectra_custom_meta":{"_visibility":["visible"],"_shopify_product_id":["1706250928162"],"_s2w_shopify_domain":["noleaky.myshopify.com"],"_shopify_variant_id":["29500068954146"],"_sku":["NLHEADGASKETREPAIR"],"_regular_price":["29.90"],"_price":["29.90"],"_weight":["0.45"],"_thumbnail_id":["23043"],"_global_unique_id":["5056773800687"],"total_sales":["3793"],"_tax_status":["taxable"],"_tax_class":[""],"_manage_stock":["no"],"_backorders":["no"],"_sold_individually":["no"],"_virtual":["no"],"_downloadable":["no"],"_download_limit":["-1"],"_download_expiry":["-1"],"_stock":[null],"_stock_status":["instock"],"_wc_average_rating":["4.76"],"_wc_review_count":["229"],"_product_version":["10.5.2"],"_edit_lock":["1772373837:1"],"merchant-center-availability":["yes"],"merchant-center-category":["2517"],"merchant-center-id":["HGR"],"_edit_last":["1"],"_wp_page_template":["default"],"site-sidebar-layout":["default"],"ast-site-content-layout":["default"],"site-content-style":["default"],"site-sidebar-style":["default"],"theme-transparent-header-meta":["default"],"_wc_rating_count":["a:3:{i:3;i:10;i:4;i:35;i:5;i:184;}"],"_upsell_ids":["a:3:{i:0;i:22975;i:1;i:23022;i:2;i:23025;}"],"_crosssell_ids":["a:3:{i:0;i:22975;i:1;i:23022;i:2;i:23025;}"],"astra-migrate-meta-layouts":["set"],"_uag_css_file_name":["uag-css-22989.css"],"_elementor_page_assets":["a:0:{}"],"_uag_page_assets":["a:9:{s:3:\"css\";s:7156:\".uag-blocks-common-selector{z-index:var(--z-index-desktop) !important}@media (max-width: 976px){.uag-blocks-common-selector{z-index:var(--z-index-tablet) !important}}@media (max-width: 767px){.uag-blocks-common-selector{z-index:var(--z-index-mobile) !important}}\n.wp-block-uagb-image{display:flex}.wp-block-uagb-image__figure{position:relative;display:flex;flex-direction:column;max-width:100%;height:auto;margin:0}.wp-block-uagb-image__figure img{height:auto;display:flex;max-width:100%;transition:box-shadow 0.2s ease}.wp-block-uagb-image__figure>a{display:inline-block}.wp-block-uagb-image__figure figcaption{text-align:center;margin-top:0.5em;margin-bottom:1em}.wp-block-uagb-image .components-placeholder.block-editor-media-placeholder .components-placeholder__instructions{align-self:center}.wp-block-uagb-image--align-left{text-align:left}.wp-block-uagb-image--align-right{text-align:right}.wp-block-uagb-image--align-center{text-align:center}.wp-block-uagb-image--align-full .wp-block-uagb-image__figure{margin-left:calc(50% - 50vw);margin-right:calc(50% - 50vw);max-width:100vw;width:100vw;height:auto}.wp-block-uagb-image--align-full .wp-block-uagb-image__figure img{height:auto;width:100% !important}.wp-block-uagb-image--align-wide .wp-block-uagb-image__figure img{height:auto;width:100%}.wp-block-uagb-image--layout-overlay__color-wrapper{position:absolute;left:0;top:0;right:0;bottom:0;opacity:0.2;background:rgba(0,0,0,0.5);transition:opacity 0.35s ease-in-out}.wp-block-uagb-image--layout-overlay-link{position:absolute;left:0;right:0;bottom:0;top:0}.wp-block-uagb-image--layout-overlay .wp-block-uagb-image__figure:hover .wp-block-uagb-image--layout-overlay__color-wrapper{opacity:1}.wp-block-uagb-image--layout-overlay__inner{position:absolute;left:15px;right:15px;bottom:15px;top:15px;display:flex;align-items:center;justify-content:center;flex-direction:column;border-color:#fff;transition:0.35s ease-in-out}.wp-block-uagb-image--layout-overlay__inner.top-left,.wp-block-uagb-image--layout-overlay__inner.top-center,.wp-block-uagb-image--layout-overlay__inner.top-right{justify-content:flex-start}.wp-block-uagb-image--layout-overlay__inner.bottom-left,.wp-block-uagb-image--layout-overlay__inner.bottom-center,.wp-block-uagb-image--layout-overlay__inner.bottom-right{justify-content:flex-end}.wp-block-uagb-image--layout-overlay__inner.top-left,.wp-block-uagb-image--layout-overlay__inner.center-left,.wp-block-uagb-image--layout-overlay__inner.bottom-left{align-items:flex-start}.wp-block-uagb-image--layout-overlay__inner.top-right,.wp-block-uagb-image--layout-overlay__inner.center-right,.wp-block-uagb-image--layout-overlay__inner.bottom-right{align-items:flex-end}.wp-block-uagb-image--layout-overlay__inner .uagb-image-heading{color:#fff;transition:transform 0.35s, opacity 0.35s ease-in-out;transform:translate3d(0, 24px, 0);margin:0;line-height:1em}.wp-block-uagb-image--layout-overlay__inner .uagb-image-separator{width:30%;border-top-width:2px;border-top-color:#fff;border-top-style:solid;margin-bottom:10px;opacity:0;transition:transform 0.4s, opacity 0.4s ease-in-out;transform:translate3d(0, 30px, 0)}.wp-block-uagb-image--layout-overlay__inner .uagb-image-caption{opacity:0;overflow:visible;color:#fff;transition:transform 0.45s, opacity 0.45s ease-in-out;transform:translate3d(0, 35px, 0)}.wp-block-uagb-image--layout-overlay__inner:hover .uagb-image-heading,.wp-block-uagb-image--layout-overlay__inner:hover .uagb-image-separator,.wp-block-uagb-image--layout-overlay__inner:hover .uagb-image-caption{opacity:1;transform:translate3d(0, 0, 0)}.wp-block-uagb-image--effect-zoomin .wp-block-uagb-image__figure img,.wp-block-uagb-image--effect-zoomin .wp-block-uagb-image__figure .wp-block-uagb-image--layout-overlay__color-wrapper{transform:scale(1);transition:transform 0.35s ease-in-out}.wp-block-uagb-image--effect-zoomin .wp-block-uagb-image__figure:hover img,.wp-block-uagb-image--effect-zoomin .wp-block-uagb-image__figure:hover .wp-block-uagb-image--layout-overlay__color-wrapper{transform:scale(1.05)}.wp-block-uagb-image--effect-slide .wp-block-uagb-image__figure img,.wp-block-uagb-image--effect-slide .wp-block-uagb-image__figure .wp-block-uagb-image--layout-overlay__color-wrapper{width:calc(100% + 40px) !important;max-width:none !important;transform:translate3d(-40px, 0, 0);transition:transform 0.35s ease-in-out}.wp-block-uagb-image--effect-slide .wp-block-uagb-image__figure:hover img,.wp-block-uagb-image--effect-slide .wp-block-uagb-image__figure:hover .wp-block-uagb-image--layout-overlay__color-wrapper{transform:translate3d(0, 0, 0)}.wp-block-uagb-image--effect-grayscale img{filter:grayscale(0%);transition:0.35s ease-in-out}.wp-block-uagb-image--effect-grayscale:hover img{filter:grayscale(100%)}.wp-block-uagb-image--effect-blur img{filter:blur(0);transition:0.35s ease-in-out}.wp-block-uagb-image--effect-blur:hover img{filter:blur(3px)}\n.uagb-block-e6f939b3.wp-block-uagb-image--layout-default figure img{box-shadow: 0px 0px 0 #00000070;}.uagb-block-e6f939b3.wp-block-uagb-image .wp-block-uagb-image__figure figcaption{font-style: normal;align-self: center;}.uagb-block-e6f939b3.wp-block-uagb-image--layout-overlay figure img{box-shadow: 0px 0px 0 #00000070;}.uagb-block-e6f939b3.wp-block-uagb-image--layout-overlay .wp-block-uagb-image--layout-overlay__color-wrapper{opacity: 0.2;}.uagb-block-e6f939b3.wp-block-uagb-image--layout-overlay .wp-block-uagb-image--layout-overlay__inner{left: 15px;right: 15px;top: 15px;bottom: 15px;}.uagb-block-e6f939b3.wp-block-uagb-image--layout-overlay .wp-block-uagb-image--layout-overlay__inner .uagb-image-heading{font-style: normal;color: #fff;opacity: 1;}.uagb-block-e6f939b3.wp-block-uagb-image--layout-overlay .wp-block-uagb-image--layout-overlay__inner .uagb-image-heading a{color: #fff;}.uagb-block-e6f939b3.wp-block-uagb-image--layout-overlay .wp-block-uagb-image--layout-overlay__inner .uagb-image-caption{opacity: 0;}.uagb-block-e6f939b3.wp-block-uagb-image--layout-overlay .wp-block-uagb-image__figure:hover .wp-block-uagb-image--layout-overlay__color-wrapper{opacity: 1;}.uagb-block-e6f939b3.wp-block-uagb-image .wp-block-uagb-image--layout-overlay__inner .uagb-image-separator{width: 30%;border-top-width: 2px;border-top-color: #fff;opacity: 0;}.uagb-block-e6f939b3.wp-block-uagb-image .wp-block-uagb-image__figure img{width: px;height: auto;}.uagb-block-e6f939b3.wp-block-uagb-image .wp-block-uagb-image__figure:hover .wp-block-uagb-image--layout-overlay__inner .uagb-image-caption{opacity: 1;}.uagb-block-e6f939b3.wp-block-uagb-image .wp-block-uagb-image__figure:hover .wp-block-uagb-image--layout-overlay__inner .uagb-image-separator{opacity: 1;}.uagb-block-e6f939b3.wp-block-uagb-image--layout-default figure:hover img{box-shadow: 0px 0px 0 #00000070;}.uagb-block-e6f939b3.wp-block-uagb-image--layout-overlay figure:hover img{box-shadow: 0px 0px 0 #00000070;}@media only screen and (max-width: 976px) {.uagb-block-e6f939b3.wp-block-uagb-image .wp-block-uagb-image__figure img{width: px;height: auto;}}@media only screen and (max-width: 767px) {.uagb-block-e6f939b3.wp-block-uagb-image .wp-block-uagb-image__figure img{width: px;height: auto;}}\";s:2:\"js\";s:0:\"\";s:18:\"current_block_list\";a:13:{i:0;s:11:\"core\/search\";i:1;s:10:\"core\/group\";i:2;s:12:\"core\/heading\";i:3;s:17:\"core\/latest-posts\";i:4;s:20:\"core\/latest-comments\";i:5;s:13:\"core\/archives\";i:6;s:15:\"core\/categories\";i:7;s:14:\"core\/paragraph\";i:8;s:10:\"uagb\/image\";i:9;s:11:\"core\/spacer\";i:10;s:30:\"woocommerce\/product-categories\";i:11;s:10:\"core\/image\";i:12;s:14:\"core\/shortcode\";}s:8:\"uag_flag\";b:1;s:11:\"uag_version\";s:10:\"1776746291\";s:6:\"gfonts\";a:0:{}s:10:\"gfonts_url\";s:0:\"\";s:12:\"gfonts_files\";a:0:{}s:14:\"uag_faq_layout\";b:0;}"]},"uagb_featured_image_src":{"full":["https:\/\/www.noleaky.com\/wp-content\/uploads\/2025\/06\/HeadGasketfinal.png",2560,2560,false],"thumbnail":["https:\/\/www.noleaky.com\/wp-content\/uploads\/2025\/06\/HeadGasketfinal-150x150.png",150,150,true],"medium":["https:\/\/www.noleaky.com\/wp-content\/uploads\/2025\/06\/HeadGasketfinal-300x300.png",300,300,true],"medium_large":["https:\/\/www.noleaky.com\/wp-content\/uploads\/2025\/06\/HeadGasketfinal-768x768.png",768,768,true],"large":["https:\/\/www.noleaky.com\/wp-content\/uploads\/2025\/06\/HeadGasketfinal-1024x1024.png",1024,1024,true],"1536x1536":["https:\/\/www.noleaky.com\/wp-content\/uploads\/2025\/06\/HeadGasketfinal-1536x1536.png",1536,1536,true],"2048x2048":["https:\/\/www.noleaky.com\/wp-content\/uploads\/2025\/06\/HeadGasketfinal-2048x2048.png",2048,2048,true],"trp-custom-language-flag":["https:\/\/www.noleaky.com\/wp-content\/uploads\/2025\/06\/HeadGasketfinal-12x12.png",12,12,true],"woocommerce_thumbnail":["https:\/\/www.noleaky.com\/wp-content\/uploads\/2025\/06\/HeadGasketfinal-300x300.png",300,300,true],"woocommerce_single":["https:\/\/www.noleaky.com\/wp-content\/uploads\/2025\/06\/HeadGasketfinal-600x600.png",600,600,true],"woocommerce_gallery_thumbnail":["https:\/\/www.noleaky.com\/wp-content\/uploads\/2025\/06\/HeadGasketfinal-100x100.png",100,100,true]},"uagb_author_info":{"display_name":"admin","author_link":"https:\/\/www.noleaky.com\/es\/author\/"},"uagb_comment_info":229,"uagb_excerpt":"Repairs head gasket issues without expensive engine dismantling. Our head gasket repair formula is specially developed to solve common head gasket-related problems without the need for costly mechanical repairs. It works from inside the cooling system to seal leaks caused by damaged head gaskets, minor cracks, and sealing failures, helping you avoid time-consuming and expensive&hellip;","_links":{"self":[{"href":"https:\/\/www.noleaky.com\/es\/wp-json\/wp\/v2\/product\/22989","targetHints":{"allow":["GET"]}}],"collection":[{"href":"https:\/\/www.noleaky.com\/es\/wp-json\/wp\/v2\/product"}],"about":[{"href":"https:\/\/www.noleaky.com\/es\/wp-json\/wp\/v2\/types\/product"}],"replies":[{"embeddable":true,"href":"https:\/\/www.noleaky.com\/es\/wp-json\/wp\/v2\/comments?post=22989"}],"version-history":[{"count":10,"href":"https:\/\/www.noleaky.com\/es\/wp-json\/wp\/v2\/product\/22989\/revisions"}],"predecessor-version":[{"id":33277,"href":"https:\/\/www.noleaky.com\/es\/wp-json\/wp\/v2\/product\/22989\/revisions\/33277"}],"wp:featuredmedia":[{"embeddable":true,"href":"https:\/\/www.noleaky.com\/es\/wp-json\/wp\/v2\/media\/23043"}],"wp:attachment":[{"href":"https:\/\/www.noleaky.com\/es\/wp-json\/wp\/v2\/media?parent=22989"}],"wp:term":[{"taxonomy":"product_brand","embeddable":true,"href":"https:\/\/www.noleaky.com\/es\/wp-json\/wp\/v2\/product_brand?post=22989"},{"taxonomy":"product_cat","embeddable":true,"href":"https:\/\/www.noleaky.com\/es\/wp-json\/wp\/v2\/product_cat?post=22989"},{"taxonomy":"product_tag","embeddable":true,"href":"https:\/\/www.noleaky.com\/es\/wp-json\/wp\/v2\/product_tag?post=22989"}],"curies":[{"name":"wp","href":"https:\/\/api.w.org\/{rel}","templated":true}]}}