{"id":22986,"date":"2025-06-02T15:48:59","date_gmt":"2025-06-02T13:48:59","guid":{"rendered":"https:\/\/www.noleaky.com\/products\/egr-valve-cleaner\/"},"modified":"2026-03-01T17:03:22","modified_gmt":"2026-03-01T16:03:22","slug":"egr-valve-cleaner","status":"publish","type":"product","link":"https:\/\/www.noleaky.com\/es\/products\/egr-valve-cleaner\/","title":{"rendered":"Limpiador de la v\u00e1lvula EGR"},"content":{"rendered":"<p><strong><img decoding=\"async\" style=\"margin-right: 12px;\" src=\"https:\/\/www.noleaky.com\/wp-content\/uploads\/2026\/02\/Check.svg\" alt=\"\" width=\"18\" height=\"15\" \/>Restablece el funcionamiento \u00f3ptimo de la v\u00e1lvula EGR sin necesidad de desmontarla.<\/strong> Nuestro limpiador de v\u00e1lvulas EGR est\u00e1 especialmente formulado para eliminar los dep\u00f3sitos de carbono y la acumulaci\u00f3n de holl\u00edn en el interior del sistema EGR a trav\u00e9s del circuito de combustible, eliminando la necesidad de desmontaje mec\u00e1nico. Act\u00faa progresivamente mientras conduces, restaurando el movimiento adecuado de la v\u00e1lvula y el control del flujo de aire.<\/p>\n<p><strong><img decoding=\"async\" style=\"margin-right: 12px;\" src=\"https:\/\/www.noleaky.com\/wp-content\/uploads\/2026\/02\/Check.svg\" alt=\"\" width=\"18\" height=\"15\" \/>La soluci\u00f3n de limpieza de EGR m\u00e1s eficaz disponible.<\/strong> Gracias a su avanzada tecnolog\u00eda detergente, esta f\u00f3rmula limpia simult\u00e1neamente la v\u00e1lvula EGR, el sistema de admisi\u00f3n y la c\u00e1mara de combusti\u00f3n. Se dirige a las causas fundamentales de las obstrucciones y atascos de las v\u00e1lvulas, proporcionando una limpieza m\u00e1s profunda y completa que los aditivos est\u00e1ndar.<\/p>\n<p><strong><img decoding=\"async\" style=\"margin-right: 12px;\" src=\"https:\/\/www.noleaky.com\/wp-content\/uploads\/2026\/02\/Check.svg\" alt=\"\" width=\"18\" height=\"15\" \/>El limpiador EGR de calidad profesional m\u00e1s barato del mercado.<\/strong> Ofrecemos un rendimiento superior al precio m\u00e1s competitivo. Conseguir\u00e1 resultados de limpieza de nivel de taller a una fracci\u00f3n del coste de la eliminaci\u00f3n manual de la EGR y de un mantenimiento intensivo en mano de obra.<\/p>\n<p><strong><img decoding=\"async\" style=\"margin-right: 12px;\" src=\"https:\/\/www.noleaky.com\/wp-content\/uploads\/2026\/02\/Check.svg\" alt=\"\" width=\"18\" height=\"15\" \/>Entrega en 24 horas para necesidades de mantenimiento inmediatas.<\/strong> Garantizamos la entrega en 24 horas para que pueda tratar r\u00e1pidamente los problemas relacionados con la EGR y evitar problemas prolongados de rendimiento del motor. El env\u00edo r\u00e1pido garantiza que su veh\u00edculo vuelva a estar en condiciones \u00f3ptimas sin demora.<\/p>\n<p><strong><img decoding=\"async\" style=\"margin-right: 12px;\" src=\"https:\/\/www.noleaky.com\/wp-content\/uploads\/2026\/02\/Check.svg\" alt=\"\" width=\"18\" height=\"15\" \/>Garant\u00eda de devoluci\u00f3n del dinero para su total tranquilidad.<\/strong> Ofrecemos una garant\u00eda total de devoluci\u00f3n del dinero. Si no est\u00e1 completamente satisfecho con los resultados de nuestro limpiador de la v\u00e1lvula EGR, le devolveremos el importe de su compra. Esto hace que su pedido est\u00e9 totalmente libre de riesgos y refleja nuestra confianza en la eficacia del producto.<\/p>\n<p><strong><img decoding=\"async\" style=\"margin-right: 12px;\" src=\"https:\/\/www.noleaky.com\/wp-content\/uploads\/2026\/02\/Check.svg\" alt=\"\" width=\"18\" height=\"15\" \/>Reduce las vacilaciones del motor y el ralent\u00ed irregular.<\/strong> Una v\u00e1lvula EGR sucia a menudo causa ralent\u00ed inestable, p\u00e9rdida de potencia y vacilaci\u00f3n durante la aceleraci\u00f3n. Al limpiar los componentes internos a trav\u00e9s del sistema de combustible, nuestro producto restablece un funcionamiento m\u00e1s suave del motor y mejora la facilidad de conducci\u00f3n.<\/p>\n<p><strong><img decoding=\"async\" style=\"margin-right: 12px;\" src=\"https:\/\/www.noleaky.com\/wp-content\/uploads\/2026\/02\/Check.svg\" alt=\"\" width=\"18\" height=\"15\" \/>Ayuda a reducir las emisiones nocivas.<\/strong> El correcto funcionamiento de la EGR es esencial para reducir las emisiones de \u00f3xidos de nitr\u00f3geno. Al limpiar los dep\u00f3sitos y mejorar la eficacia de la recirculaci\u00f3n de los gases de escape, este producto favorece una combusti\u00f3n m\u00e1s limpia y un mejor control de las emisiones.<\/p>\n<p><strong><img decoding=\"async\" style=\"margin-right: 12px;\" src=\"https:\/\/www.noleaky.com\/wp-content\/uploads\/2026\/02\/Check.svg\" alt=\"\" width=\"18\" height=\"15\" \/>Mejora la eficiencia del combustible y la respuesta del acelerador.<\/strong> La eliminaci\u00f3n de las acumulaciones de carbonilla mejora la calidad de la combusti\u00f3n y el equilibrio del flujo de aire, lo que ayuda a que el motor funcione con mayor eficacia y responda m\u00e1s r\u00e1pidamente a la aceleraci\u00f3n.<\/p>\n<p><strong><img decoding=\"async\" style=\"margin-right: 12px;\" src=\"https:\/\/www.noleaky.com\/wp-content\/uploads\/2026\/02\/Check.svg\" alt=\"\" width=\"18\" height=\"15\" \/>Evita la costosa sustituci\u00f3n de la v\u00e1lvula EGR.<\/strong> Un tratamiento preventivo regular ayuda a evitar obstrucciones graves que pueden provocar el fallo de la v\u00e1lvula. Mantener limpio el sistema EGR reduce el riesgo de costosas reparaciones y sustituci\u00f3n de componentes.<\/p>\n<p><strong><img decoding=\"async\" style=\"margin-right: 12px;\" src=\"https:\/\/www.noleaky.com\/wp-content\/uploads\/2026\/02\/Check.svg\" alt=\"\" width=\"18\" height=\"15\" \/>Soluci\u00f3n sencilla de vertido en dep\u00f3sito para un uso sin esfuerzo.<\/strong> Dise\u00f1ado para una m\u00e1xima comodidad, este limpiador se a\u00f1ade directamente al dep\u00f3sito de combustible. Funciona autom\u00e1ticamente durante la conducci\u00f3n normal, por lo que el mantenimiento de calidad profesional est\u00e1 al alcance de todos los conductores.<\/p>\n<h2><strong>Instrucciones<\/strong><\/h2>\n<ul>\n<li>Aseg\u00farese de que el nivel de combustible en el dep\u00f3sito es bajo (idealmente por debajo de un cuarto) antes de a\u00f1adir el producto.<\/li>\n<li>Agitar bien el frasco antes de usar.<\/li>\n<li>Vierta todo el contenido de la botella directamente en el dep\u00f3sito de combustible.<\/li>\n<li>Despu\u00e9s de a\u00f1adir el producto, llene el dep\u00f3sito con combustible para garantizar una mezcla adecuada.<\/li>\n<li>Una botella llena es adecuada para un dep\u00f3sito de combustible de aproximadamente 40 a 60 litros. Ajuste la dosis proporcionalmente para dep\u00f3sitos m\u00e1s peque\u00f1os.<\/li>\n<li>Conduzca el veh\u00edculo normalmente despu\u00e9s de repostar para permitir que el producto circule por el sistema de combustible y los componentes EGR.<\/li>\n<li>Para obtener mejores resultados de limpieza, conduzca durante al menos 20 \u00f3 30 minutos a velocidades constantes del motor para favorecer una combusti\u00f3n y eliminaci\u00f3n de dep\u00f3sitos \u00f3ptimas.<\/li>\n<li>En caso de una fuerte acumulaci\u00f3n de carb\u00f3n, se puede realizar un segundo tratamiento despu\u00e9s de consumir el tanque tratado.<\/li>\n<li>Para el mantenimiento preventivo, utilice el limpiador de la v\u00e1lvula EGR cada 8.000 a 12.000 kil\u00f3metros, dependiendo de las condiciones de conducci\u00f3n.<\/li>\n<li>No supere la dosis recomendada y conserve el producto en un lugar fresco y seco, protegido de la luz solar directa.<\/li>\n<\/ul>","protected":false},"excerpt":{"rendered":"<p>Restores optimal EGR valve performance without dismantling. Our EGR valve cleaner is specially formulated to remove carbon deposits and soot buildup inside the EGR system through the fuel circuit, eliminating the need for mechanical disassembly. It works progressively while you drive, restoring proper valve movement and airflow control. The most effective EGR cleaning solution available. [&hellip;]<\/p>\n","protected":false},"featured_media":23037,"comment_status":"open","ping_status":"closed","template":"","meta":{"_uag_custom_page_level_css":"","site-sidebar-layout":"default","site-content-layout":"","ast-site-content-layout":"default","site-content-style":"default","site-sidebar-style":"default","ast-global-header-display":"","ast-banner-title-visibility":"","ast-main-header-display":"","ast-hfb-above-header-display":"","ast-hfb-below-header-display":"","ast-hfb-mobile-header-display":"","site-post-title":"","ast-breadcrumbs-content":"","ast-featured-img":"","footer-sml-layout":"","ast-disable-related-posts":"","theme-transparent-header-meta":"default","adv-header-id-meta":"","stick-header-meta":"","header-above-stick-meta":"","header-main-stick-meta":"","header-below-stick-meta":"","astra-migrate-meta-layouts":"set","ast-page-background-enabled":"default","ast-page-background-meta":{"desktop":{"background-color":"var(--ast-global-color-4)","background-image":"","background-repeat":"repeat","background-position":"center center","background-size":"auto","background-attachment":"scroll","background-type":"","background-media":"","overlay-type":"","overlay-color":"","overlay-opacity":"","overlay-gradient":""},"tablet":{"background-color":"","background-image":"","background-repeat":"repeat","background-position":"center center","background-size":"auto","background-attachment":"scroll","background-type":"","background-media":"","overlay-type":"","overlay-color":"","overlay-opacity":"","overlay-gradient":""},"mobile":{"background-color":"","background-image":"","background-repeat":"repeat","background-position":"center center","background-size":"auto","background-attachment":"scroll","background-type":"","background-media":"","overlay-type":"","overlay-color":"","overlay-opacity":"","overlay-gradient":""}},"ast-content-background-meta":{"desktop":{"background-color":"var(--ast-global-color-5)","background-image":"","background-repeat":"repeat","background-position":"center center","background-size":"auto","background-attachment":"scroll","background-type":"","background-media":"","overlay-type":"","overlay-color":"","overlay-opacity":"","overlay-gradient":""},"tablet":{"background-color":"var(--ast-global-color-5)","background-image":"","background-repeat":"repeat","background-position":"center center","background-size":"auto","background-attachment":"scroll","background-type":"","background-media":"","overlay-type":"","overlay-color":"","overlay-opacity":"","overlay-gradient":""},"mobile":{"background-color":"var(--ast-global-color-5)","background-image":"","background-repeat":"repeat","background-position":"center center","background-size":"auto","background-attachment":"scroll","background-type":"","background-media":"","overlay-type":"","overlay-color":"","overlay-opacity":"","overlay-gradient":""}}},"product_brand":[],"product_cat":[176],"product_tag":[],"class_list":{"0":"post-22986","1":"product","2":"type-product","3":"status-publish","4":"has-post-thumbnail","6":"product_cat-automotive","7":"desktop-align-left","8":"tablet-align-left","9":"mobile-align-left","11":"first","12":"instock","13":"shipping-taxable","14":"purchasable","15":"product-type-simple"},"spectra_custom_meta":{"_visibility":["visible"],"_shopify_product_id":["7961097437404"],"_s2w_shopify_domain":["noleaky.myshopify.com"],"_shopify_variant_id":["43736968626396"],"_sku":["NLEGRVALVECLEANER"],"_regular_price":["29.90"],"_price":["29.90"],"_sale_price":[""],"_weight":["0.35"],"_thumbnail_id":["23037"],"_global_unique_id":["5056773800656"],"total_sales":["395"],"_tax_status":["taxable"],"_tax_class":[""],"_manage_stock":["no"],"_backorders":["no"],"_sold_individually":["no"],"_virtual":["no"],"_downloadable":["no"],"_download_limit":["-1"],"_download_expiry":["-1"],"_stock":[null],"_stock_status":["instock"],"_wc_average_rating":["4.93"],"_wc_review_count":["72"],"_product_version":["10.5.2"],"_edit_lock":["1773470731:914"],"merchant-center-availability":["yes"],"merchant-center-category":["2788"],"merchant-center-id":["EGRVC"],"_edit_last":["1"],"_wp_page_template":["default"],"site-sidebar-layout":["default"],"ast-site-content-layout":["default"],"site-content-style":["default"],"site-sidebar-style":["default"],"theme-transparent-header-meta":["default"],"_wc_rating_count":["a:2:{i:4;i:5;i:5;i:67;}"],"_upsell_ids":["a:3:{i:0;i:22975;i:1;i:22985;i:2;i:23011;}"],"_crosssell_ids":["a:3:{i:0;i:22975;i:1;i:22985;i:2;i:23011;}"],"astra-migrate-meta-layouts":["set"],"_uag_css_file_name":["uag-css-22986.css"],"_elementor_page_assets":["a:0:{}"],"_uag_page_assets":["a:9:{s:3:\"css\";s:6893:\".wp-block-uagb-image{display:flex}.wp-block-uagb-image__figure{position:relative;display:flex;flex-direction:column;max-width:100%;height:auto;margin:0}.wp-block-uagb-image__figure img{height:auto;display:flex;max-width:100%;transition:box-shadow 0.2s ease}.wp-block-uagb-image__figure>a{display:inline-block}.wp-block-uagb-image__figure figcaption{text-align:center;margin-top:0.5em;margin-bottom:1em}.wp-block-uagb-image .components-placeholder.block-editor-media-placeholder .components-placeholder__instructions{align-self:center}.wp-block-uagb-image--align-left{text-align:left}.wp-block-uagb-image--align-right{text-align:right}.wp-block-uagb-image--align-center{text-align:center}.wp-block-uagb-image--align-full .wp-block-uagb-image__figure{margin-left:calc(50% - 50vw);margin-right:calc(50% - 50vw);max-width:100vw;width:100vw;height:auto}.wp-block-uagb-image--align-full .wp-block-uagb-image__figure img{height:auto;width:100% !important}.wp-block-uagb-image--align-wide .wp-block-uagb-image__figure img{height:auto;width:100%}.wp-block-uagb-image--layout-overlay__color-wrapper{position:absolute;left:0;top:0;right:0;bottom:0;opacity:0.2;background:rgba(0,0,0,0.5);transition:opacity 0.35s ease-in-out}.wp-block-uagb-image--layout-overlay-link{position:absolute;left:0;right:0;bottom:0;top:0}.wp-block-uagb-image--layout-overlay .wp-block-uagb-image__figure:hover .wp-block-uagb-image--layout-overlay__color-wrapper{opacity:1}.wp-block-uagb-image--layout-overlay__inner{position:absolute;left:15px;right:15px;bottom:15px;top:15px;display:flex;align-items:center;justify-content:center;flex-direction:column;border-color:#fff;transition:0.35s ease-in-out}.wp-block-uagb-image--layout-overlay__inner.top-left,.wp-block-uagb-image--layout-overlay__inner.top-center,.wp-block-uagb-image--layout-overlay__inner.top-right{justify-content:flex-start}.wp-block-uagb-image--layout-overlay__inner.bottom-left,.wp-block-uagb-image--layout-overlay__inner.bottom-center,.wp-block-uagb-image--layout-overlay__inner.bottom-right{justify-content:flex-end}.wp-block-uagb-image--layout-overlay__inner.top-left,.wp-block-uagb-image--layout-overlay__inner.center-left,.wp-block-uagb-image--layout-overlay__inner.bottom-left{align-items:flex-start}.wp-block-uagb-image--layout-overlay__inner.top-right,.wp-block-uagb-image--layout-overlay__inner.center-right,.wp-block-uagb-image--layout-overlay__inner.bottom-right{align-items:flex-end}.wp-block-uagb-image--layout-overlay__inner .uagb-image-heading{color:#fff;transition:transform 0.35s, opacity 0.35s ease-in-out;transform:translate3d(0, 24px, 0);margin:0;line-height:1em}.wp-block-uagb-image--layout-overlay__inner .uagb-image-separator{width:30%;border-top-width:2px;border-top-color:#fff;border-top-style:solid;margin-bottom:10px;opacity:0;transition:transform 0.4s, opacity 0.4s ease-in-out;transform:translate3d(0, 30px, 0)}.wp-block-uagb-image--layout-overlay__inner .uagb-image-caption{opacity:0;overflow:visible;color:#fff;transition:transform 0.45s, opacity 0.45s ease-in-out;transform:translate3d(0, 35px, 0)}.wp-block-uagb-image--layout-overlay__inner:hover .uagb-image-heading,.wp-block-uagb-image--layout-overlay__inner:hover .uagb-image-separator,.wp-block-uagb-image--layout-overlay__inner:hover .uagb-image-caption{opacity:1;transform:translate3d(0, 0, 0)}.wp-block-uagb-image--effect-zoomin .wp-block-uagb-image__figure img,.wp-block-uagb-image--effect-zoomin .wp-block-uagb-image__figure .wp-block-uagb-image--layout-overlay__color-wrapper{transform:scale(1);transition:transform 0.35s ease-in-out}.wp-block-uagb-image--effect-zoomin .wp-block-uagb-image__figure:hover img,.wp-block-uagb-image--effect-zoomin .wp-block-uagb-image__figure:hover .wp-block-uagb-image--layout-overlay__color-wrapper{transform:scale(1.05)}.wp-block-uagb-image--effect-slide .wp-block-uagb-image__figure img,.wp-block-uagb-image--effect-slide .wp-block-uagb-image__figure .wp-block-uagb-image--layout-overlay__color-wrapper{width:calc(100% + 40px) !important;max-width:none !important;transform:translate3d(-40px, 0, 0);transition:transform 0.35s ease-in-out}.wp-block-uagb-image--effect-slide .wp-block-uagb-image__figure:hover img,.wp-block-uagb-image--effect-slide .wp-block-uagb-image__figure:hover .wp-block-uagb-image--layout-overlay__color-wrapper{transform:translate3d(0, 0, 0)}.wp-block-uagb-image--effect-grayscale img{filter:grayscale(0%);transition:0.35s ease-in-out}.wp-block-uagb-image--effect-grayscale:hover img{filter:grayscale(100%)}.wp-block-uagb-image--effect-blur img{filter:blur(0);transition:0.35s ease-in-out}.wp-block-uagb-image--effect-blur:hover img{filter:blur(3px)}\n.uagb-block-e6f939b3.wp-block-uagb-image--layout-default figure img{box-shadow: 0px 0px 0 #00000070;}.uagb-block-e6f939b3.wp-block-uagb-image .wp-block-uagb-image__figure figcaption{font-style: normal;align-self: center;}.uagb-block-e6f939b3.wp-block-uagb-image--layout-overlay figure img{box-shadow: 0px 0px 0 #00000070;}.uagb-block-e6f939b3.wp-block-uagb-image--layout-overlay .wp-block-uagb-image--layout-overlay__color-wrapper{opacity: 0.2;}.uagb-block-e6f939b3.wp-block-uagb-image--layout-overlay .wp-block-uagb-image--layout-overlay__inner{left: 15px;right: 15px;top: 15px;bottom: 15px;}.uagb-block-e6f939b3.wp-block-uagb-image--layout-overlay .wp-block-uagb-image--layout-overlay__inner .uagb-image-heading{font-style: normal;color: #fff;opacity: 1;}.uagb-block-e6f939b3.wp-block-uagb-image--layout-overlay .wp-block-uagb-image--layout-overlay__inner .uagb-image-heading a{color: #fff;}.uagb-block-e6f939b3.wp-block-uagb-image--layout-overlay .wp-block-uagb-image--layout-overlay__inner .uagb-image-caption{opacity: 0;}.uagb-block-e6f939b3.wp-block-uagb-image--layout-overlay .wp-block-uagb-image__figure:hover .wp-block-uagb-image--layout-overlay__color-wrapper{opacity: 1;}.uagb-block-e6f939b3.wp-block-uagb-image .wp-block-uagb-image--layout-overlay__inner .uagb-image-separator{width: 30%;border-top-width: 2px;border-top-color: #fff;opacity: 0;}.uagb-block-e6f939b3.wp-block-uagb-image .wp-block-uagb-image__figure img{width: px;height: auto;}.uagb-block-e6f939b3.wp-block-uagb-image .wp-block-uagb-image__figure:hover .wp-block-uagb-image--layout-overlay__inner .uagb-image-caption{opacity: 1;}.uagb-block-e6f939b3.wp-block-uagb-image .wp-block-uagb-image__figure:hover .wp-block-uagb-image--layout-overlay__inner .uagb-image-separator{opacity: 1;}.uagb-block-e6f939b3.wp-block-uagb-image--layout-default figure:hover img{box-shadow: 0px 0px 0 #00000070;}.uagb-block-e6f939b3.wp-block-uagb-image--layout-overlay figure:hover img{box-shadow: 0px 0px 0 #00000070;}@media only screen and (max-width: 976px) {.uagb-block-e6f939b3.wp-block-uagb-image .wp-block-uagb-image__figure img{width: px;height: auto;}}@media only screen and (max-width: 767px) {.uagb-block-e6f939b3.wp-block-uagb-image .wp-block-uagb-image__figure img{width: px;height: auto;}}\";s:2:\"js\";s:0:\"\";s:18:\"current_block_list\";a:13:{i:0;s:11:\"core\/search\";i:1;s:10:\"core\/group\";i:2;s:12:\"core\/heading\";i:3;s:17:\"core\/latest-posts\";i:4;s:20:\"core\/latest-comments\";i:5;s:13:\"core\/archives\";i:6;s:15:\"core\/categories\";i:7;s:14:\"core\/paragraph\";i:8;s:10:\"uagb\/image\";i:9;s:11:\"core\/spacer\";i:10;s:30:\"woocommerce\/product-categories\";i:11;s:10:\"core\/image\";i:12;s:14:\"core\/shortcode\";}s:8:\"uag_flag\";b:1;s:11:\"uag_version\";s:10:\"1776746443\";s:6:\"gfonts\";a:0:{}s:10:\"gfonts_url\";s:0:\"\";s:12:\"gfonts_files\";a:0:{}s:14:\"uag_faq_layout\";b:0;}"]},"uagb_featured_image_src":{"full":["https:\/\/www.noleaky.com\/wp-content\/uploads\/2025\/06\/2.l.EGR-Valve-Cleaner_NoLeaky_4000x4000_74c74249-d819-42d6-b008-233b3a64a67b.png",2560,2560,false],"thumbnail":["https:\/\/www.noleaky.com\/wp-content\/uploads\/2025\/06\/2.l.EGR-Valve-Cleaner_NoLeaky_4000x4000_74c74249-d819-42d6-b008-233b3a64a67b-150x150.png",150,150,true],"medium":["https:\/\/www.noleaky.com\/wp-content\/uploads\/2025\/06\/2.l.EGR-Valve-Cleaner_NoLeaky_4000x4000_74c74249-d819-42d6-b008-233b3a64a67b-300x300.png",300,300,true],"medium_large":["https:\/\/www.noleaky.com\/wp-content\/uploads\/2025\/06\/2.l.EGR-Valve-Cleaner_NoLeaky_4000x4000_74c74249-d819-42d6-b008-233b3a64a67b-768x768.png",768,768,true],"large":["https:\/\/www.noleaky.com\/wp-content\/uploads\/2025\/06\/2.l.EGR-Valve-Cleaner_NoLeaky_4000x4000_74c74249-d819-42d6-b008-233b3a64a67b-1024x1024.png",1024,1024,true],"1536x1536":["https:\/\/www.noleaky.com\/wp-content\/uploads\/2025\/06\/2.l.EGR-Valve-Cleaner_NoLeaky_4000x4000_74c74249-d819-42d6-b008-233b3a64a67b-1536x1536.png",1536,1536,true],"2048x2048":["https:\/\/www.noleaky.com\/wp-content\/uploads\/2025\/06\/2.l.EGR-Valve-Cleaner_NoLeaky_4000x4000_74c74249-d819-42d6-b008-233b3a64a67b-2048x2048.png",2048,2048,true],"trp-custom-language-flag":["https:\/\/www.noleaky.com\/wp-content\/uploads\/2025\/06\/2.l.EGR-Valve-Cleaner_NoLeaky_4000x4000_74c74249-d819-42d6-b008-233b3a64a67b-12x12.png",12,12,true],"woocommerce_thumbnail":["https:\/\/www.noleaky.com\/wp-content\/uploads\/2025\/06\/2.l.EGR-Valve-Cleaner_NoLeaky_4000x4000_74c74249-d819-42d6-b008-233b3a64a67b-300x300.png",300,300,true],"woocommerce_single":["https:\/\/www.noleaky.com\/wp-content\/uploads\/2025\/06\/2.l.EGR-Valve-Cleaner_NoLeaky_4000x4000_74c74249-d819-42d6-b008-233b3a64a67b-600x600.png",600,600,true],"woocommerce_gallery_thumbnail":["https:\/\/www.noleaky.com\/wp-content\/uploads\/2025\/06\/2.l.EGR-Valve-Cleaner_NoLeaky_4000x4000_74c74249-d819-42d6-b008-233b3a64a67b-100x100.png",100,100,true]},"uagb_author_info":{"display_name":"admin","author_link":"https:\/\/www.noleaky.com\/es\/author\/"},"uagb_comment_info":72,"uagb_excerpt":"Restores optimal EGR valve performance without dismantling. Our EGR valve cleaner is specially formulated to remove carbon deposits and soot buildup inside the EGR system through the fuel circuit, eliminating the need for mechanical disassembly. It works progressively while you drive, restoring proper valve movement and airflow control. The most effective EGR cleaning solution available.&hellip;","_links":{"self":[{"href":"https:\/\/www.noleaky.com\/es\/wp-json\/wp\/v2\/product\/22986","targetHints":{"allow":["GET"]}}],"collection":[{"href":"https:\/\/www.noleaky.com\/es\/wp-json\/wp\/v2\/product"}],"about":[{"href":"https:\/\/www.noleaky.com\/es\/wp-json\/wp\/v2\/types\/product"}],"replies":[{"embeddable":true,"href":"https:\/\/www.noleaky.com\/es\/wp-json\/wp\/v2\/comments?post=22986"}],"version-history":[{"count":6,"href":"https:\/\/www.noleaky.com\/es\/wp-json\/wp\/v2\/product\/22986\/revisions"}],"predecessor-version":[{"id":33293,"href":"https:\/\/www.noleaky.com\/es\/wp-json\/wp\/v2\/product\/22986\/revisions\/33293"}],"wp:featuredmedia":[{"embeddable":true,"href":"https:\/\/www.noleaky.com\/es\/wp-json\/wp\/v2\/media\/23037"}],"wp:attachment":[{"href":"https:\/\/www.noleaky.com\/es\/wp-json\/wp\/v2\/media?parent=22986"}],"wp:term":[{"taxonomy":"product_brand","embeddable":true,"href":"https:\/\/www.noleaky.com\/es\/wp-json\/wp\/v2\/product_brand?post=22986"},{"taxonomy":"product_cat","embeddable":true,"href":"https:\/\/www.noleaky.com\/es\/wp-json\/wp\/v2\/product_cat?post=22986"},{"taxonomy":"product_tag","embeddable":true,"href":"https:\/\/www.noleaky.com\/es\/wp-json\/wp\/v2\/product_tag?post=22986"}],"curies":[{"name":"wp","href":"https:\/\/api.w.org\/{rel}","templated":true}]}}