{"id":22965,"date":"2025-06-02T15:48:45","date_gmt":"2025-06-02T13:48:45","guid":{"rendered":"https:\/\/www.noleaky.com\/privacy-policy-2\/"},"modified":"2025-06-02T16:10:59","modified_gmt":"2025-06-02T14:10:59","slug":"privacy-policy","status":"publish","type":"page","link":"https:\/\/www.noleaky.com\/es\/privacy-policy\/","title":{"rendered":"Pol\u00edtica de privacidad"},"content":{"rendered":"<p><strong>Art\u00edculo 1. Presentaci\u00f3n Presentaci\u00f3n del sitio web<\/strong><\/p>\n\n\n\n<p>Se especifica a los usuarios del sitio web, la identidad de las partes interesadas en el contexto de su creaci\u00f3n y seguimiento:<\/p>\n\n\n\n<p>Propietario: No Leaky LLC<br>Direcci\u00f3n: 124 Broadkill Rd #432, Milton, DE 19968, Estados Unidos<br>Capital social: $ 100.000 USD<br>Forma jur\u00eddica: Sociedad de responsabilidad limitada<br>N\u00famero de expediente: 2530620<\/p>\n\n\n\n<p>Anfitri\u00f3n: OVH SAS, 2 rue Kellermann, Roubaix 59100, Francia<\/p>\n\n\n\n<p><strong>Art\u00edculo 2. Condiciones generales Condiciones generales de utilizaci\u00f3n del sitio web y de los servicios ofrecidos<\/strong><\/p>\n\n\n\n<p>El uso del sitio web implica la plena aceptaci\u00f3n de las condiciones generales que se describen a continuaci\u00f3n. Estas condiciones de uso pueden modificarse o completarse en cualquier momento. Por ello, se invita a los usuarios a consultarlas peri\u00f3dicamente.<\/p>\n\n\n\n<p>Normalmente, los usuarios pueden acceder al sitio web en cualquier momento. Una interrupci\u00f3n por mantenimiento t\u00e9cnico puede ser decidida por No Leaky LLC, que se esforzar\u00e1 por comunicar a los usuarios antes de las fechas y horas del mantenimiento.<\/p>\n\n\n\n<p>Este sitio web es actualizado regularmente por No Leaky LLC. Esto incluye los avisos legales. Se invita al usuario a consultarlas con frecuencia para familiarizarse con ellas.<\/p>\n\n\n\n<p><strong>Art\u00edculo 3 Descripci\u00f3n de los servicios prestados<\/strong><\/p>\n\n\n\n<p>La finalidad del sitio web es facilitar informaci\u00f3n sobre los productos y actividades de la empresa.<\/p>\n\n\n\n<p>No Leaky LLC hace todo lo posible para proporcionar la informaci\u00f3n m\u00e1s precisa y actualizada posible. No Leaky LLC no se hace responsable de los errores, omisiones o deficiencias en las actualizaciones, ya sea por s\u00ed misma o por terceros asociados que nos proporcionan esta informaci\u00f3n.<\/p>\n\n\n\n<p>Toda la informaci\u00f3n contenida en este sitio web se facilita \u00fanicamente a t\u00edtulo informativo y est\u00e1 sujeta a cambios. Esta informaci\u00f3n no es en modo alguno exhaustiva. La informaci\u00f3n ha sido objeto de modificaciones desde que el material se public\u00f3 originalmente en el sitio web.<\/p>\n\n\n\n<p><strong>Art\u00edculo 4. Limitaciones contractuales Limitaciones contractuales de los datos t\u00e9cnicos<\/strong><\/p>\n\n\n\n<p>Este sitio web utiliza la tecnolog\u00eda JavaScript.<\/p>\n\n\n\n<p>El sitio web no se hace responsable de los da\u00f1os materiales relacionados con su uso. El usuario se compromete a acceder al sitio web utilizando equipos recientes, que no contengan virus y un navegador de nueva generaci\u00f3n actualizado.<\/p>\n\n\n\n<p><strong>Art\u00edculo 5. Propiedad intelectual y falsificaciones Propiedad intelectual y falsificaciones<\/strong><\/p>\n\n\n\n<p>No Leaky LLC es titular de los derechos de propiedad intelectual, o tiene los derechos de uso sobre todos los elementos accesibles en este sitio web. En particular, los textos, im\u00e1genes, gr\u00e1ficos, logotipos, iconos, sonidos y software.<\/p>\n\n\n\n<p>Cualquier reproducci\u00f3n, representaci\u00f3n, modificaci\u00f3n, publicaci\u00f3n, adaptaci\u00f3n de la totalidad o parte de los elementos de este sitio web, sea cual sea el medio o procedimiento utilizado, est\u00e1 estrictamente prohibida, salvo autorizaci\u00f3n previa por escrito de No Leaky LLC.<\/p>\n\n\n\n<p>Cualquier uso no autorizado por parte de los usuarios del sitio web o de cualquiera de los elementos que contiene constituir\u00e1 una infracci\u00f3n y ser\u00e1 perseguido.<\/p>\n\n\n\n<p><strong>Art\u00edculo 6. Limitaci\u00f3n de responsabilidad Limitaci\u00f3n de responsabilidad<\/strong><\/p>\n\n\n\n<p>No Leaky LLC no se hace responsable de los da\u00f1os directos o indirectos causados al equipo del usuario al acceder al sitio web. Los da\u00f1os resultantes causados por el uso de equipos que no cumplan las especificaciones indicadas en el art\u00edculo 4, o la aparici\u00f3n de un error o virus.<\/p>\n\n\n\n<p>No Leaky LLC no se hace responsable de los da\u00f1os consecuentes, como la p\u00e9rdida de mercado o la p\u00e9rdida de oportunidades resultantes del uso del sitio web.<\/p>\n\n\n\n<p>Los usuarios tienen a su disposici\u00f3n espacios interactivos (donde pueden formular preguntas). No Leaky LLC se reserva el derecho a eliminar, sin previo aviso, cualquier contenido publicado en este espacio que contravenga la legislaci\u00f3n aplicable en el pa\u00eds de residencia del usuario. Esto se aplica especialmente a las disposiciones relativas a la protecci\u00f3n de datos. En su caso, No Leaky LLC tambi\u00e9n se reserva el derecho a cuestionar la responsabilidad civil y\/o penal del usuario. En particular, todo contenido racista, abusivo, difamatorio o de car\u00e1cter pornogr\u00e1fico, independientemente del medio utilizado (texto, fotograf\u00eda, etc.).<\/p>\n\n\n\n<p><strong>Art\u00edculo 7 Gesti\u00f3n de datos personales<\/strong><\/p>\n\n\n\n<p>Al utilizar el sitio web, pueden recopilarse: la URL de los enlaces a trav\u00e9s de los cuales el usuario accedi\u00f3 al sitio web, el proveedor de acceso del usuario y la direcci\u00f3n de protocolo (IP) del usuario.<\/p>\n\n\n\n<p>No Leaky LLC s\u00f3lo recoge informaci\u00f3n personal relativa al usuario para la necesidad de determinados servicios ofrecidos por el sitio web. El usuario proporciona esta informaci\u00f3n con pleno conocimiento de los hechos al entrar. Se especifica al usuario de la p\u00e1gina web la obligaci\u00f3n (o no) de proporcionar esta informaci\u00f3n.<\/p>\n\n\n\n<p>De conformidad con las disposiciones relativas al tratamiento de datos, ficheros y libertades, todo usuario dispone de un derecho de acceso, rectificaci\u00f3n y oposici\u00f3n a los datos personales que le conciernen. El usuario debe presentar una solicitud escrita y firmada, acompa\u00f1ada de una copia de su documento de identidad con la firma del titular del documento, en la que se especifique la direcci\u00f3n a la que debe enviarse la respuesta.<\/p>\n\n\n\n<p>Ninguna informaci\u00f3n personal del usuario del sitio web se publica sin el conocimiento y consentimiento del usuario, ni se transfiere, intercambia o vende en ning\u00fan medio a terceros. S\u00f3lo la asunci\u00f3n de la adquisici\u00f3n de No Leaky LLC y sus derechos permitir\u00eda la transmisi\u00f3n de dicha informaci\u00f3n al posible comprador que, a su vez, estar\u00eda sujeto a la misma obligaci\u00f3n de almacenar y modificar los datos con respecto a los usuarios del sitio web.<\/p>\n\n\n\n<p>Las bases de datos est\u00e1n protegidas por las disposiciones relativas a la protecci\u00f3n jur\u00eddica de las bases de datos.<\/p>\n\n\n\n<p><strong>Art\u00edculo 8. Enlaces de hipertexto y cookies<\/strong><\/p>\n\n\n\n<p>El sitio web contiene una serie de enlaces de hipertexto a otros sitios que se pusieron en marcha con la autorizaci\u00f3n de No Leaky LLC. Cabe se\u00f1alar que No Leaky LLC no tiene la capacidad de verificar el contenido de los sitios as\u00ed visitados, y por lo tanto no asume ninguna responsabilidad por este hecho.<\/p>\n\n\n\n<p>La navegaci\u00f3n por este sitio web puede provocar la instalaci\u00f3n de cookies en el ordenador del usuario. Una cookie es un peque\u00f1o archivo que no permite identificar al usuario, pero que puede registrar informaci\u00f3n relativa a la navegaci\u00f3n de un ordenador en un sitio web. Los datos obtenidos tienen por objeto facilitar la navegaci\u00f3n posterior en el sitio web y pueden medir la frecuentaci\u00f3n.<\/p>\n\n\n\n<p>El rechazo a la instalaci\u00f3n de cookies puede imposibilitar el acceso a determinados servicios. El usuario puede configurar su ordenador de la siguiente manera para rechazar la instalaci\u00f3n de cookies:<\/p>\n\n\n\n<p>Internet Explorer: Seleccione configuraci\u00f3n (icono de engranaje dentado arriba a la derecha) Elija opciones de internet. Haga clic en Privacidad y seleccione Bloquear todas las cookies. Confirme que acepta.<\/p>\n\n\n\n<p>Firefox: En la parte superior de la ventana del navegador, haz clic en el bot\u00f3n Firefox y, a continuaci\u00f3n, en la pesta\u00f1a Opciones. Haga clic en la pesta\u00f1a Privacidad. Establezca las reglas de retenci\u00f3n en: utilizar una configuraci\u00f3n personalizada para el historial. Por \u00faltimo, desmarque para desactivar las cookies.<\/p>\n\n\n\n<p>En Safari: Haga clic en la parte superior derecha del navegador en el icono de men\u00fa (s\u00edmbolo del engranaje). Selecciona Ajustes. Haga clic en Mostrar configuraci\u00f3n avanzada. En la secci\u00f3n \"Privacidad\", haga clic en Configuraci\u00f3n de contenido. En la secci\u00f3n \"cookies\" puede bloquear las cookies.<\/p>\n\n\n\n<p>En Chrome: Haga clic en la parte superior derecha del navegador en el icono de men\u00fa (S\u00edmbolo de 3 l\u00edneas horizontales). Selecciona configuraci\u00f3n. Haz clic en Mostrar configuraci\u00f3n avanzada. En la secci\u00f3n \"Privacidad\", haz clic en preferencias. Elige bloquear cookies.<\/p>\n\n\n\n<p>&nbsp;<strong>Art\u00edculo 9 Ley aplicable y atribuci\u00f3n de competencia<\/strong><\/p>\n\n\n\n<p>Cualquier litigio relacionado con el uso del sitio web estar\u00e1 sujeto a la legislaci\u00f3n vigente en el pa\u00eds de residencia del vendedor. La jurisdicci\u00f3n exclusiva corresponde a los tribunales competentes del pa\u00eds de residencia del vendedor.<\/p>\n\n\n\n<p>&nbsp;<strong>Art\u00edculo 10. Glosario Glosario<\/strong><\/p>\n\n\n\n<p>Usuario: Internauta que se conecta en l\u00ednea, al sitio web mencionado.<\/p>\n\n\n\n<p>Datos de car\u00e1cter personal: Informaci\u00f3n que permite, por cualquier medio, directa o indirectamente, la identificaci\u00f3n de la persona o personas f\u00edsicas a las que se aplican.<\/p>","protected":false},"excerpt":{"rendered":"<p>Article 1. Presentation of the website It is specified to the users of the website, the identity of the stakeholders in the context of its creation and follow up: Owner: No Leaky LLCAddress: 124 Broadkill Rd #432, Milton, DE 19968, United StatesShare capital: $ 100,000 USDLegal form: Limited liability companyFile number: 2530620 Host: OVH SAS, [&hellip;]<\/p>\n","protected":false},"author":1,"featured_media":0,"parent":0,"menu_order":0,"comment_status":"closed","ping_status":"closed","template":"","meta":{"_uag_custom_page_level_css":"","site-sidebar-layout":"default","site-content-layout":"","ast-site-content-layout":"default","site-content-style":"default","site-sidebar-style":"default","ast-global-header-display":"","ast-banner-title-visibility":"","ast-main-header-display":"","ast-hfb-above-header-display":"","ast-hfb-below-header-display":"","ast-hfb-mobile-header-display":"","site-post-title":"","ast-breadcrumbs-content":"","ast-featured-img":"","footer-sml-layout":"","ast-disable-related-posts":"","theme-transparent-header-meta":"","adv-header-id-meta":"","stick-header-meta":"","header-above-stick-meta":"","header-main-stick-meta":"","header-below-stick-meta":"","astra-migrate-meta-layouts":"set","ast-page-background-enabled":"default","ast-page-background-meta":{"desktop":{"background-color":"var(--ast-global-color-4)","background-image":"","background-repeat":"repeat","background-position":"center center","background-size":"auto","background-attachment":"scroll","background-type":"","background-media":"","overlay-type":"","overlay-color":"","overlay-opacity":"","overlay-gradient":""},"tablet":{"background-color":"","background-image":"","background-repeat":"repeat","background-position":"center center","background-size":"auto","background-attachment":"scroll","background-type":"","background-media":"","overlay-type":"","overlay-color":"","overlay-opacity":"","overlay-gradient":""},"mobile":{"background-color":"","background-image":"","background-repeat":"repeat","background-position":"center center","background-size":"auto","background-attachment":"scroll","background-type":"","background-media":"","overlay-type":"","overlay-color":"","overlay-opacity":"","overlay-gradient":""}},"ast-content-background-meta":{"desktop":{"background-color":"var(--ast-global-color-5)","background-image":"","background-repeat":"repeat","background-position":"center center","background-size":"auto","background-attachment":"scroll","background-type":"","background-media":"","overlay-type":"","overlay-color":"","overlay-opacity":"","overlay-gradient":""},"tablet":{"background-color":"var(--ast-global-color-5)","background-image":"","background-repeat":"repeat","background-position":"center center","background-size":"auto","background-attachment":"scroll","background-type":"","background-media":"","overlay-type":"","overlay-color":"","overlay-opacity":"","overlay-gradient":""},"mobile":{"background-color":"var(--ast-global-color-5)","background-image":"","background-repeat":"repeat","background-position":"center center","background-size":"auto","background-attachment":"scroll","background-type":"","background-media":"","overlay-type":"","overlay-color":"","overlay-opacity":"","overlay-gradient":""}},"footnotes":""},"class_list":["post-22965","page","type-page","status-publish","hentry"],"spectra_custom_meta":{"_s2w_shopify_page_id":["22078390306"],"_s2w_shopify_domain":["noleaky.myshopify.com"],"_edit_last":["1"],"_wp_page_template":["default"],"_edit_lock":["1748873550:1"],"_uag_custom_page_level_css":[""],"site-sidebar-layout":["default"],"site-content-layout":[""],"ast-site-content-layout":["default"],"site-content-style":["default"],"site-sidebar-style":["default"],"ast-global-header-display":[""],"ast-banner-title-visibility":[""],"ast-main-header-display":[""],"ast-hfb-above-header-display":[""],"ast-hfb-below-header-display":[""],"ast-hfb-mobile-header-display":[""],"site-post-title":[""],"ast-breadcrumbs-content":[""],"ast-featured-img":[""],"footer-sml-layout":[""],"theme-transparent-header-meta":[""],"adv-header-id-meta":[""],"stick-header-meta":[""],"header-above-stick-meta":[""],"header-main-stick-meta":[""],"header-below-stick-meta":[""],"astra-migrate-meta-layouts":["set"],"ast-page-background-enabled":["default"],"ast-page-background-meta":["a:3:{s:7:\"desktop\";a:12:{s:16:\"background-color\";s:25:\"var(--ast-global-color-4)\";s:16:\"background-image\";s:0:\"\";s:17:\"background-repeat\";s:6:\"repeat\";s:19:\"background-position\";s:13:\"center center\";s:15:\"background-size\";s:4:\"auto\";s:21:\"background-attachment\";s:6:\"scroll\";s:15:\"background-type\";s:0:\"\";s:16:\"background-media\";s:0:\"\";s:12:\"overlay-type\";s:0:\"\";s:13:\"overlay-color\";s:0:\"\";s:15:\"overlay-opacity\";s:0:\"\";s:16:\"overlay-gradient\";s:0:\"\";}s:6:\"tablet\";a:12:{s:16:\"background-color\";s:0:\"\";s:16:\"background-image\";s:0:\"\";s:17:\"background-repeat\";s:6:\"repeat\";s:19:\"background-position\";s:13:\"center center\";s:15:\"background-size\";s:4:\"auto\";s:21:\"background-attachment\";s:6:\"scroll\";s:15:\"background-type\";s:0:\"\";s:16:\"background-media\";s:0:\"\";s:12:\"overlay-type\";s:0:\"\";s:13:\"overlay-color\";s:0:\"\";s:15:\"overlay-opacity\";s:0:\"\";s:16:\"overlay-gradient\";s:0:\"\";}s:6:\"mobile\";a:12:{s:16:\"background-color\";s:0:\"\";s:16:\"background-image\";s:0:\"\";s:17:\"background-repeat\";s:6:\"repeat\";s:19:\"background-position\";s:13:\"center center\";s:15:\"background-size\";s:4:\"auto\";s:21:\"background-attachment\";s:6:\"scroll\";s:15:\"background-type\";s:0:\"\";s:16:\"background-media\";s:0:\"\";s:12:\"overlay-type\";s:0:\"\";s:13:\"overlay-color\";s:0:\"\";s:15:\"overlay-opacity\";s:0:\"\";s:16:\"overlay-gradient\";s:0:\"\";}}"],"ast-content-background-meta":["a:3:{s:7:\"desktop\";a:12:{s:16:\"background-color\";s:25:\"var(--ast-global-color-5)\";s:16:\"background-image\";s:0:\"\";s:17:\"background-repeat\";s:6:\"repeat\";s:19:\"background-position\";s:13:\"center center\";s:15:\"background-size\";s:4:\"auto\";s:21:\"background-attachment\";s:6:\"scroll\";s:15:\"background-type\";s:0:\"\";s:16:\"background-media\";s:0:\"\";s:12:\"overlay-type\";s:0:\"\";s:13:\"overlay-color\";s:0:\"\";s:15:\"overlay-opacity\";s:0:\"\";s:16:\"overlay-gradient\";s:0:\"\";}s:6:\"tablet\";a:12:{s:16:\"background-color\";s:25:\"var(--ast-global-color-5)\";s:16:\"background-image\";s:0:\"\";s:17:\"background-repeat\";s:6:\"repeat\";s:19:\"background-position\";s:13:\"center center\";s:15:\"background-size\";s:4:\"auto\";s:21:\"background-attachment\";s:6:\"scroll\";s:15:\"background-type\";s:0:\"\";s:16:\"background-media\";s:0:\"\";s:12:\"overlay-type\";s:0:\"\";s:13:\"overlay-color\";s:0:\"\";s:15:\"overlay-opacity\";s:0:\"\";s:16:\"overlay-gradient\";s:0:\"\";}s:6:\"mobile\";a:12:{s:16:\"background-color\";s:25:\"var(--ast-global-color-5)\";s:16:\"background-image\";s:0:\"\";s:17:\"background-repeat\";s:6:\"repeat\";s:19:\"background-position\";s:13:\"center center\";s:15:\"background-size\";s:4:\"auto\";s:21:\"background-attachment\";s:6:\"scroll\";s:15:\"background-type\";s:0:\"\";s:16:\"background-media\";s:0:\"\";s:12:\"overlay-type\";s:0:\"\";s:13:\"overlay-color\";s:0:\"\";s:15:\"overlay-opacity\";s:0:\"\";s:16:\"overlay-gradient\";s:0:\"\";}}"],"footnotes":[""],"_elementor_edit_mode":[""],"_elementor_template_type":[""],"_elementor_data":[""],"_elementor_conditions":["a:0:{}"],"_uag_css_file_name":["uag-css-22965.css"],"_uag_page_assets":["a:9:{s:3:\"css\";s:7156:\".uag-blocks-common-selector{z-index:var(--z-index-desktop) !important}@media (max-width: 976px){.uag-blocks-common-selector{z-index:var(--z-index-tablet) !important}}@media (max-width: 767px){.uag-blocks-common-selector{z-index:var(--z-index-mobile) !important}}\n.wp-block-uagb-image{display:flex}.wp-block-uagb-image__figure{position:relative;display:flex;flex-direction:column;max-width:100%;height:auto;margin:0}.wp-block-uagb-image__figure img{height:auto;display:flex;max-width:100%;transition:box-shadow 0.2s ease}.wp-block-uagb-image__figure>a{display:inline-block}.wp-block-uagb-image__figure figcaption{text-align:center;margin-top:0.5em;margin-bottom:1em}.wp-block-uagb-image .components-placeholder.block-editor-media-placeholder .components-placeholder__instructions{align-self:center}.wp-block-uagb-image--align-left{text-align:left}.wp-block-uagb-image--align-right{text-align:right}.wp-block-uagb-image--align-center{text-align:center}.wp-block-uagb-image--align-full .wp-block-uagb-image__figure{margin-left:calc(50% - 50vw);margin-right:calc(50% - 50vw);max-width:100vw;width:100vw;height:auto}.wp-block-uagb-image--align-full .wp-block-uagb-image__figure img{height:auto;width:100% !important}.wp-block-uagb-image--align-wide .wp-block-uagb-image__figure img{height:auto;width:100%}.wp-block-uagb-image--layout-overlay__color-wrapper{position:absolute;left:0;top:0;right:0;bottom:0;opacity:0.2;background:rgba(0,0,0,0.5);transition:opacity 0.35s ease-in-out}.wp-block-uagb-image--layout-overlay-link{position:absolute;left:0;right:0;bottom:0;top:0}.wp-block-uagb-image--layout-overlay .wp-block-uagb-image__figure:hover .wp-block-uagb-image--layout-overlay__color-wrapper{opacity:1}.wp-block-uagb-image--layout-overlay__inner{position:absolute;left:15px;right:15px;bottom:15px;top:15px;display:flex;align-items:center;justify-content:center;flex-direction:column;border-color:#fff;transition:0.35s ease-in-out}.wp-block-uagb-image--layout-overlay__inner.top-left,.wp-block-uagb-image--layout-overlay__inner.top-center,.wp-block-uagb-image--layout-overlay__inner.top-right{justify-content:flex-start}.wp-block-uagb-image--layout-overlay__inner.bottom-left,.wp-block-uagb-image--layout-overlay__inner.bottom-center,.wp-block-uagb-image--layout-overlay__inner.bottom-right{justify-content:flex-end}.wp-block-uagb-image--layout-overlay__inner.top-left,.wp-block-uagb-image--layout-overlay__inner.center-left,.wp-block-uagb-image--layout-overlay__inner.bottom-left{align-items:flex-start}.wp-block-uagb-image--layout-overlay__inner.top-right,.wp-block-uagb-image--layout-overlay__inner.center-right,.wp-block-uagb-image--layout-overlay__inner.bottom-right{align-items:flex-end}.wp-block-uagb-image--layout-overlay__inner .uagb-image-heading{color:#fff;transition:transform 0.35s, opacity 0.35s ease-in-out;transform:translate3d(0, 24px, 0);margin:0;line-height:1em}.wp-block-uagb-image--layout-overlay__inner .uagb-image-separator{width:30%;border-top-width:2px;border-top-color:#fff;border-top-style:solid;margin-bottom:10px;opacity:0;transition:transform 0.4s, opacity 0.4s ease-in-out;transform:translate3d(0, 30px, 0)}.wp-block-uagb-image--layout-overlay__inner .uagb-image-caption{opacity:0;overflow:visible;color:#fff;transition:transform 0.45s, opacity 0.45s ease-in-out;transform:translate3d(0, 35px, 0)}.wp-block-uagb-image--layout-overlay__inner:hover .uagb-image-heading,.wp-block-uagb-image--layout-overlay__inner:hover .uagb-image-separator,.wp-block-uagb-image--layout-overlay__inner:hover .uagb-image-caption{opacity:1;transform:translate3d(0, 0, 0)}.wp-block-uagb-image--effect-zoomin .wp-block-uagb-image__figure img,.wp-block-uagb-image--effect-zoomin .wp-block-uagb-image__figure .wp-block-uagb-image--layout-overlay__color-wrapper{transform:scale(1);transition:transform 0.35s ease-in-out}.wp-block-uagb-image--effect-zoomin .wp-block-uagb-image__figure:hover img,.wp-block-uagb-image--effect-zoomin .wp-block-uagb-image__figure:hover .wp-block-uagb-image--layout-overlay__color-wrapper{transform:scale(1.05)}.wp-block-uagb-image--effect-slide .wp-block-uagb-image__figure img,.wp-block-uagb-image--effect-slide .wp-block-uagb-image__figure .wp-block-uagb-image--layout-overlay__color-wrapper{width:calc(100% + 40px) !important;max-width:none !important;transform:translate3d(-40px, 0, 0);transition:transform 0.35s ease-in-out}.wp-block-uagb-image--effect-slide .wp-block-uagb-image__figure:hover img,.wp-block-uagb-image--effect-slide .wp-block-uagb-image__figure:hover .wp-block-uagb-image--layout-overlay__color-wrapper{transform:translate3d(0, 0, 0)}.wp-block-uagb-image--effect-grayscale img{filter:grayscale(0%);transition:0.35s ease-in-out}.wp-block-uagb-image--effect-grayscale:hover img{filter:grayscale(100%)}.wp-block-uagb-image--effect-blur img{filter:blur(0);transition:0.35s ease-in-out}.wp-block-uagb-image--effect-blur:hover img{filter:blur(3px)}\n.uagb-block-e6f939b3.wp-block-uagb-image--layout-default figure img{box-shadow: 0px 0px 0 #00000070;}.uagb-block-e6f939b3.wp-block-uagb-image .wp-block-uagb-image__figure figcaption{font-style: normal;align-self: center;}.uagb-block-e6f939b3.wp-block-uagb-image--layout-overlay figure img{box-shadow: 0px 0px 0 #00000070;}.uagb-block-e6f939b3.wp-block-uagb-image--layout-overlay .wp-block-uagb-image--layout-overlay__color-wrapper{opacity: 0.2;}.uagb-block-e6f939b3.wp-block-uagb-image--layout-overlay .wp-block-uagb-image--layout-overlay__inner{left: 15px;right: 15px;top: 15px;bottom: 15px;}.uagb-block-e6f939b3.wp-block-uagb-image--layout-overlay .wp-block-uagb-image--layout-overlay__inner .uagb-image-heading{font-style: normal;color: #fff;opacity: 1;}.uagb-block-e6f939b3.wp-block-uagb-image--layout-overlay .wp-block-uagb-image--layout-overlay__inner .uagb-image-heading a{color: #fff;}.uagb-block-e6f939b3.wp-block-uagb-image--layout-overlay .wp-block-uagb-image--layout-overlay__inner .uagb-image-caption{opacity: 0;}.uagb-block-e6f939b3.wp-block-uagb-image--layout-overlay .wp-block-uagb-image__figure:hover .wp-block-uagb-image--layout-overlay__color-wrapper{opacity: 1;}.uagb-block-e6f939b3.wp-block-uagb-image .wp-block-uagb-image--layout-overlay__inner .uagb-image-separator{width: 30%;border-top-width: 2px;border-top-color: #fff;opacity: 0;}.uagb-block-e6f939b3.wp-block-uagb-image .wp-block-uagb-image__figure img{width: px;height: auto;}.uagb-block-e6f939b3.wp-block-uagb-image .wp-block-uagb-image__figure:hover .wp-block-uagb-image--layout-overlay__inner .uagb-image-caption{opacity: 1;}.uagb-block-e6f939b3.wp-block-uagb-image .wp-block-uagb-image__figure:hover .wp-block-uagb-image--layout-overlay__inner .uagb-image-separator{opacity: 1;}.uagb-block-e6f939b3.wp-block-uagb-image--layout-default figure:hover img{box-shadow: 0px 0px 0 #00000070;}.uagb-block-e6f939b3.wp-block-uagb-image--layout-overlay figure:hover img{box-shadow: 0px 0px 0 #00000070;}@media only screen and (max-width: 976px) {.uagb-block-e6f939b3.wp-block-uagb-image .wp-block-uagb-image__figure img{width: px;height: auto;}}@media only screen and (max-width: 767px) {.uagb-block-e6f939b3.wp-block-uagb-image .wp-block-uagb-image__figure img{width: px;height: auto;}}\";s:2:\"js\";s:0:\"\";s:18:\"current_block_list\";a:13:{i:0;s:14:\"core\/paragraph\";i:1;s:11:\"core\/search\";i:2;s:10:\"core\/group\";i:3;s:12:\"core\/heading\";i:4;s:17:\"core\/latest-posts\";i:5;s:20:\"core\/latest-comments\";i:6;s:13:\"core\/archives\";i:7;s:15:\"core\/categories\";i:8;s:10:\"uagb\/image\";i:9;s:11:\"core\/spacer\";i:10;s:30:\"woocommerce\/product-categories\";i:11;s:10:\"core\/image\";i:12;s:14:\"core\/shortcode\";}s:8:\"uag_flag\";b:1;s:11:\"uag_version\";s:10:\"1776745202\";s:6:\"gfonts\";a:0:{}s:10:\"gfonts_url\";s:0:\"\";s:12:\"gfonts_files\";a:0:{}s:14:\"uag_faq_layout\";b:0;}"]},"uagb_featured_image_src":{"full":false,"thumbnail":false,"medium":false,"medium_large":false,"large":false,"1536x1536":false,"2048x2048":false,"trp-custom-language-flag":false,"woocommerce_thumbnail":false,"woocommerce_single":false,"woocommerce_gallery_thumbnail":false},"uagb_author_info":{"display_name":"admin","author_link":"https:\/\/www.noleaky.com\/es\/author\/admin2721\/"},"uagb_comment_info":0,"uagb_excerpt":"Article 1. Presentation of the website It is specified to the users of the website, the identity of the stakeholders in the context of its creation and follow up: Owner: No Leaky LLCAddress: 124 Broadkill Rd #432, Milton, DE 19968, United StatesShare capital: $ 100,000 USDLegal form: Limited liability companyFile number: 2530620 Host: OVH SAS,&hellip;","_links":{"self":[{"href":"https:\/\/www.noleaky.com\/es\/wp-json\/wp\/v2\/pages\/22965","targetHints":{"allow":["GET"]}}],"collection":[{"href":"https:\/\/www.noleaky.com\/es\/wp-json\/wp\/v2\/pages"}],"about":[{"href":"https:\/\/www.noleaky.com\/es\/wp-json\/wp\/v2\/types\/page"}],"author":[{"embeddable":true,"href":"https:\/\/www.noleaky.com\/es\/wp-json\/wp\/v2\/users\/1"}],"replies":[{"embeddable":true,"href":"https:\/\/www.noleaky.com\/es\/wp-json\/wp\/v2\/comments?post=22965"}],"version-history":[{"count":2,"href":"https:\/\/www.noleaky.com\/es\/wp-json\/wp\/v2\/pages\/22965\/revisions"}],"predecessor-version":[{"id":23126,"href":"https:\/\/www.noleaky.com\/es\/wp-json\/wp\/v2\/pages\/22965\/revisions\/23126"}],"wp:attachment":[{"href":"https:\/\/www.noleaky.com\/es\/wp-json\/wp\/v2\/media?parent=22965"}],"curies":[{"name":"wp","href":"https:\/\/api.w.org\/{rel}","templated":true}]}}