{"id":23027,"date":"2025-06-02T15:49:28","date_gmt":"2025-06-02T13:49:28","guid":{"rendered":"https:\/\/www.noleaky.com\/products\/superethanol-treatment-e85\/"},"modified":"2026-03-01T14:36:25","modified_gmt":"2026-03-01T13:36:25","slug":"superethanol-treatment-e85","status":"publish","type":"product","link":"https:\/\/www.noleaky.com\/ee\/products\/superethanol-treatment-e85\/","title":{"rendered":"Superetanooli t\u00f6\u00f6tlus"},"content":{"rendered":"<p><strong><img decoding=\"async\" style=\"margin-right: 12px;\" src=\"https:\/\/www.noleaky.com\/wp-content\/uploads\/2026\/02\/Check.svg\" alt=\"\" width=\"18\" height=\"15\" \/>Optimeerib mootori j\u00f5udlust s\u00f5idukites, mis t\u00f6\u00f6tavad superetanoolk\u00fctusel.<\/strong> Meie superetanoolit\u00f6\u00f6tlus on spetsiaalselt v\u00e4lja t\u00f6\u00f6tatud, et parandada p\u00f5lemise t\u00f5husust ja mootori stabiilsust s\u00f5idukites, mis kasutavad k\u00f5rge etanoolisisaldusega k\u00fctuseid, n\u00e4iteks E85. See parandab s\u00fcttimiskvaliteeti, v\u00e4hendab ebakorrap\u00e4raseid p\u00f5lemisprotsesse ja toetab mootori sujuvamat t\u00f6\u00f6d isegi n\u00f5udlikes s\u00f5idutingimustes.<\/p>\n<p><strong><img decoding=\"async\" style=\"margin-right: 12px;\" src=\"https:\/\/www.noleaky.com\/wp-content\/uploads\/2026\/02\/Check.svg\" alt=\"\" width=\"18\" height=\"15\" \/>K\u00f5ige t\u00f5husam valem etanooliga kokkupuutuvate k\u00fctuses\u00fcsteemide kaitsmiseks.<\/strong> Etanoolip\u00f5hised k\u00fctused v\u00f5ivad ligi t\u00f5mmata niiskust ja p\u00f5hjustada korrosiooni k\u00fctuses\u00fcsteemis. Meie t\u00e4iustatud t\u00f6\u00f6tlus on k\u00f5ige t\u00f5husam lahendus k\u00fctuse stabiliseerimiseks, veega seotud probleemide v\u00e4hendamiseks ning injektorite, k\u00fctusepumpade ja mootori sisemiste osade kaitsmiseks enneaegse kulumise ja ladestumise eest.<\/p>\n<p><strong><img decoding=\"async\" style=\"margin-right: 12px;\" src=\"https:\/\/www.noleaky.com\/wp-content\/uploads\/2026\/02\/Check.svg\" alt=\"\" width=\"18\" height=\"15\" \/>Odavaim suure j\u00f5udlusega lisand turul.<\/strong> Pakume professionaalse kvaliteediga superetanooli kaitset k\u00f5ige konkurentsiv\u00f5imelisema hinnaga. Meie toode on oma kategoorias k\u00f5ige odavam lahendus, pakkudes samas esmaklassilist t\u00f5husust, mis v\u00f5imaldab juhtidel oma s\u00f5idukit korralikult hooldada, ilma et see suurendaks tegevuskulusid.<\/p>\n<p><strong><img decoding=\"async\" style=\"margin-right: 12px;\" src=\"https:\/\/www.noleaky.com\/wp-content\/uploads\/2026\/02\/Check.svg\" alt=\"\" width=\"18\" height=\"15\" \/>Garanteeritud 24-tunnine tarne mootori koheseks hoolduseks.<\/strong> K\u00fctusega seotud k\u00fcsimused ei tohiks oodata. Seep\u00e4rast garanteerime 24-tunnise tarne, mis tagab, et saate kiiresti lisada ravimi oma paaki ja s\u00e4ilitada mootori optimaalse t\u00f6\u00f6v\u00f5ime ilma viivitusteta.<\/p>\n<p><strong><img decoding=\"async\" style=\"margin-right: 12px;\" src=\"https:\/\/www.noleaky.com\/wp-content\/uploads\/2026\/02\/Check.svg\" alt=\"\" width=\"18\" height=\"15\" \/>Raha tagasi garantii t\u00e4ieliku meelerahu tagamiseks.<\/strong> Me seisame t\u00e4ielikult meie superetanoolravi t\u00f5hususe eest. Kui te ei ole tulemustega rahul, pakume raha tagasi garantiid. V\u00f5tke meiega lihtsalt \u00fchendust ja me tagastame teie ostu, muutes teie investeeringu t\u00e4iesti riskivabaks.<\/p>\n<p><strong><img decoding=\"async\" style=\"margin-right: 12px;\" src=\"https:\/\/www.noleaky.com\/wp-content\/uploads\/2026\/02\/Check.svg\" alt=\"\" width=\"18\" height=\"15\" \/>Parandab p\u00f5lemist ja k\u00fctuse t\u00f5husust.<\/strong> Optimeerides etanoolirikaste k\u00fctuste p\u00f5lemisprotsessi, aitab t\u00f6\u00f6tlusprotsess mootoritel k\u00fctust t\u00e4ielikumalt p\u00f5letada. See v\u00f5ib parandada gaasipedaali reaktsiooni, v\u00e4hendada k\u00f5hklusi ja aidata kaasa p\u00fcsivamale k\u00fctuses\u00e4\u00e4stlikkusele.<\/p>\n<p><strong><img decoding=\"async\" style=\"margin-right: 12px;\" src=\"https:\/\/www.noleaky.com\/wp-content\/uploads\/2026\/02\/Check.svg\" alt=\"\" width=\"18\" height=\"15\" \/>V\u00e4ltib korrosiooni ja niiskusega seotud kahjustusi.<\/strong> Etanoolk\u00fctused on h\u00fcgroskoopilised ja v\u00f5ivad imeda vett, mis v\u00f5ib p\u00f5hjustada metallosade korrosiooni. Meie koostis aitab kontrollida niiskuse m\u00f5ju ja moodustab k\u00fctuses\u00fcsteemis kaitsva barj\u00e4\u00e4ri, et v\u00e4hendada roostet ja oks\u00fcdeerumist.<\/p>\n<p><strong><img decoding=\"async\" style=\"margin-right: 12px;\" src=\"https:\/\/www.noleaky.com\/wp-content\/uploads\/2026\/02\/Check.svg\" alt=\"\" width=\"18\" height=\"15\" \/>Hoiab injektorid ja k\u00fctuses\u00fcsteemi puhtana.<\/strong> Lisaaine sisaldab puhastusvahendeid, mis aitavad v\u00e4hendada sademeid pihustites ja sisselaskekomponentides, soodustades paremat pihustusmustrit ja sujuvamat k\u00fctusev\u00e4ljundit, mis tagab stabiilsema mootori j\u00f5udluse.<\/p>\n<p><strong><img decoding=\"async\" style=\"margin-right: 12px;\" src=\"https:\/\/www.noleaky.com\/wp-content\/uploads\/2026\/02\/Check.svg\" alt=\"\" width=\"18\" height=\"15\" \/>Parandab k\u00fclmk\u00e4ivituse tulemuslikkust.<\/strong> K\u00f5rge etanoolisisaldusega k\u00fctused v\u00f5ivad raskendada k\u00fclmk\u00e4ivitamist. See t\u00f6\u00f6tlus toetab paremat s\u00fcttimist madalal temperatuuril, v\u00e4hendades rasket k\u00e4ivitamist ja parandades mootori reageerimisv\u00f5imet.<\/p>\n<p><strong><img decoding=\"async\" style=\"margin-right: 12px;\" src=\"https:\/\/www.noleaky.com\/wp-content\/uploads\/2026\/02\/Check.svg\" alt=\"\" width=\"18\" height=\"15\" \/>V\u00e4ga kontsentreeritud ja suurep\u00e4rase t\u00f6\u00f6tlemisv\u00f5imsusega.<\/strong> \u00dche pudeliga saab t\u00f6\u00f6delda suurt k\u00fctusekogust, mis muudab selle kulut\u00f5husaks ja praktiliseks regulaarseks hoolduseks. Selle optimeeritud kontsentratsioon tagab t\u00f5husa jaotumise kogu k\u00fctuses\u00fcsteemis.<\/p>\n<h2><strong>Juhised<\/strong><\/h2>\n<ul>\n<li>Enne kasutamist veenduge, et s\u00f5iduk sobib superetanoolk\u00fctustega, n\u00e4iteks E85, kasutamiseks.<\/li>\n<li>Enne valamist loksutage pudelit h\u00e4sti.<\/li>\n<li>Enne tankimist lisage superetanoolit\u00f6\u00f6tlusvahend otse k\u00fctusepaaki, et tagada optimaalne segunemine.<\/li>\n<li>Soovitatav annus on umbes 250 ml 40-60 liitri k\u00fctuse kohta. Kohandage proportsionaalselt s\u00f5ltuvalt paagi mahutavusest.<\/li>\n<li>\u00dche pudeliga saab tavaliselt ravida tervet paaki. \u00c4rge \u00fcletage soovitatud annust.<\/li>\n<li>Superetanoolk\u00fctusega regulaarselt kasutatavate s\u00f5idukite puhul kasutage hooldust iga teise v\u00f5i kolmanda tankimise korral ennetava hoolduse eesm\u00e4rgil.<\/li>\n<li>Pikema aja jooksul ladustatud s\u00f5idukite puhul lisage t\u00f6\u00f6tlusvahend enne ladustamist, et aidata k\u00fctust stabiliseerida.<\/li>\n<li>S\u00f5itke p\u00e4rast tankimist normaalselt, et t\u00f6\u00f6deldud k\u00fctus saaks ringelda l\u00e4bi kogu k\u00fctuses\u00fcsteemi.<\/li>\n<li>S\u00e4ilitage toodet jahedas ja kuivas kohas, eemal otsesest p\u00e4ikesevalgusest.<\/li>\n<li>Hoida lastele k\u00e4ttesaamatus kohas ja v\u00e4ltida kokkupuudet naha v\u00f5i silmadega k\u00e4sitsemise ajal.<\/li>\n<\/ul>","protected":false},"excerpt":{"rendered":"<p>Optimizes engine performance in vehicles running on superethanol fuel. Our superethanol treatment is specially developed to improve combustion efficiency and engine stability in vehicles using high-ethanol fuels such as E85. It enhances ignition quality, reduces irregular combustion, and supports smoother engine operation even under demanding driving conditions. The most effective formula for protecting fuel systems [&hellip;]<\/p>\n","protected":false},"featured_media":23098,"comment_status":"open","ping_status":"closed","template":"","meta":{"_uag_custom_page_level_css":"","site-sidebar-layout":"default","site-content-layout":"","ast-site-content-layout":"default","site-content-style":"default","site-sidebar-style":"default","ast-global-header-display":"","ast-banner-title-visibility":"","ast-main-header-display":"","ast-hfb-above-header-display":"","ast-hfb-below-header-display":"","ast-hfb-mobile-header-display":"","site-post-title":"","ast-breadcrumbs-content":"","ast-featured-img":"","footer-sml-layout":"","ast-disable-related-posts":"","theme-transparent-header-meta":"default","adv-header-id-meta":"","stick-header-meta":"","header-above-stick-meta":"","header-main-stick-meta":"","header-below-stick-meta":"","astra-migrate-meta-layouts":"set","ast-page-background-enabled":"default","ast-page-background-meta":{"desktop":{"background-color":"var(--ast-global-color-4)","background-image":"","background-repeat":"repeat","background-position":"center center","background-size":"auto","background-attachment":"scroll","background-type":"","background-media":"","overlay-type":"","overlay-color":"","overlay-opacity":"","overlay-gradient":""},"tablet":{"background-color":"","background-image":"","background-repeat":"repeat","background-position":"center center","background-size":"auto","background-attachment":"scroll","background-type":"","background-media":"","overlay-type":"","overlay-color":"","overlay-opacity":"","overlay-gradient":""},"mobile":{"background-color":"","background-image":"","background-repeat":"repeat","background-position":"center center","background-size":"auto","background-attachment":"scroll","background-type":"","background-media":"","overlay-type":"","overlay-color":"","overlay-opacity":"","overlay-gradient":""}},"ast-content-background-meta":{"desktop":{"background-color":"var(--ast-global-color-5)","background-image":"","background-repeat":"repeat","background-position":"center center","background-size":"auto","background-attachment":"scroll","background-type":"","background-media":"","overlay-type":"","overlay-color":"","overlay-opacity":"","overlay-gradient":""},"tablet":{"background-color":"var(--ast-global-color-5)","background-image":"","background-repeat":"repeat","background-position":"center center","background-size":"auto","background-attachment":"scroll","background-type":"","background-media":"","overlay-type":"","overlay-color":"","overlay-opacity":"","overlay-gradient":""},"mobile":{"background-color":"var(--ast-global-color-5)","background-image":"","background-repeat":"repeat","background-position":"center center","background-size":"auto","background-attachment":"scroll","background-type":"","background-media":"","overlay-type":"","overlay-color":"","overlay-opacity":"","overlay-gradient":""}}},"product_brand":[],"product_cat":[176],"product_tag":[],"class_list":{"0":"post-23027","1":"product","2":"type-product","3":"status-publish","4":"has-post-thumbnail","6":"product_cat-automotive","7":"desktop-align-left","8":"tablet-align-left","9":"mobile-align-left","11":"first","12":"instock","13":"shipping-taxable","14":"purchasable","15":"product-type-simple"},"spectra_custom_meta":{"_visibility":["visible"],"_shopify_product_id":["7961079578844"],"_s2w_shopify_domain":["noleaky.myshopify.com"],"_shopify_variant_id":["43736943100124"],"_sku":["NLSUPERETHANOLTREATMENTE85"],"_regular_price":["29.90"],"_price":["29.90"],"_sale_price":[""],"_weight":["0.35"],"_thumbnail_id":["23098"],"_global_unique_id":["5056773800939"],"total_sales":["2"],"_tax_status":["taxable"],"_tax_class":[""],"_manage_stock":["no"],"_backorders":["no"],"_sold_individually":["no"],"_virtual":["no"],"_downloadable":["no"],"_download_limit":["-1"],"_download_expiry":["-1"],"_stock":[null],"_stock_status":["instock"],"_wc_average_rating":["4.92"],"_wc_review_count":["71"],"_product_version":["10.5.2"],"_edit_lock":["1772372140:1"],"merchant-center-availability":["yes"],"merchant-center-category":["2788"],"merchant-center-id":["SE85T"],"_edit_last":["1"],"_wp_page_template":["default"],"site-sidebar-layout":["default"],"ast-site-content-layout":["default"],"site-content-style":["default"],"site-sidebar-style":["default"],"theme-transparent-header-meta":["default"],"_wc_rating_count":["a:2:{i:4;i:6;i:5;i:65;}"],"_upsell_ids":["a:3:{i:0;i:22975;i:1;i:23022;i:2;i:23025;}"],"_crosssell_ids":["a:3:{i:0;i:22975;i:1;i:23022;i:2;i:23025;}"],"astra-migrate-meta-layouts":["set"],"_uag_css_file_name":["uag-css-23027.css"],"_elementor_page_assets":["a:0:{}"]},"uagb_featured_image_src":{"full":["https:\/\/www.noleaky.com\/wp-content\/uploads\/2025\/06\/2.k.Superethanol-Treatment_4000x4000_33d7a698-01dd-4b28-84dd-3c26cff0899e.png",2560,2560,false],"thumbnail":["https:\/\/www.noleaky.com\/wp-content\/uploads\/2025\/06\/2.k.Superethanol-Treatment_4000x4000_33d7a698-01dd-4b28-84dd-3c26cff0899e-150x150.png",150,150,true],"medium":["https:\/\/www.noleaky.com\/wp-content\/uploads\/2025\/06\/2.k.Superethanol-Treatment_4000x4000_33d7a698-01dd-4b28-84dd-3c26cff0899e-300x300.png",300,300,true],"medium_large":["https:\/\/www.noleaky.com\/wp-content\/uploads\/2025\/06\/2.k.Superethanol-Treatment_4000x4000_33d7a698-01dd-4b28-84dd-3c26cff0899e-768x768.png",768,768,true],"large":["https:\/\/www.noleaky.com\/wp-content\/uploads\/2025\/06\/2.k.Superethanol-Treatment_4000x4000_33d7a698-01dd-4b28-84dd-3c26cff0899e-1024x1024.png",1024,1024,true],"1536x1536":["https:\/\/www.noleaky.com\/wp-content\/uploads\/2025\/06\/2.k.Superethanol-Treatment_4000x4000_33d7a698-01dd-4b28-84dd-3c26cff0899e-1536x1536.png",1536,1536,true],"2048x2048":["https:\/\/www.noleaky.com\/wp-content\/uploads\/2025\/06\/2.k.Superethanol-Treatment_4000x4000_33d7a698-01dd-4b28-84dd-3c26cff0899e-2048x2048.png",2048,2048,true],"trp-custom-language-flag":["https:\/\/www.noleaky.com\/wp-content\/uploads\/2025\/06\/2.k.Superethanol-Treatment_4000x4000_33d7a698-01dd-4b28-84dd-3c26cff0899e-12x12.png",12,12,true],"woocommerce_thumbnail":["https:\/\/www.noleaky.com\/wp-content\/uploads\/2025\/06\/2.k.Superethanol-Treatment_4000x4000_33d7a698-01dd-4b28-84dd-3c26cff0899e-300x300.png",300,300,true],"woocommerce_single":["https:\/\/www.noleaky.com\/wp-content\/uploads\/2025\/06\/2.k.Superethanol-Treatment_4000x4000_33d7a698-01dd-4b28-84dd-3c26cff0899e-600x600.png",600,600,true],"woocommerce_gallery_thumbnail":["https:\/\/www.noleaky.com\/wp-content\/uploads\/2025\/06\/2.k.Superethanol-Treatment_4000x4000_33d7a698-01dd-4b28-84dd-3c26cff0899e-100x100.png",100,100,true]},"uagb_author_info":{"display_name":"admin","author_link":"https:\/\/www.noleaky.com\/ee\/author\/"},"uagb_comment_info":71,"uagb_excerpt":"Optimizes engine performance in vehicles running on superethanol fuel. Our superethanol treatment is specially developed to improve combustion efficiency and engine stability in vehicles using high-ethanol fuels such as E85. It enhances ignition quality, reduces irregular combustion, and supports smoother engine operation even under demanding driving conditions. The most effective formula for protecting fuel systems&hellip;","_links":{"self":[{"href":"https:\/\/www.noleaky.com\/ee\/wp-json\/wp\/v2\/product\/23027","targetHints":{"allow":["GET"]}}],"collection":[{"href":"https:\/\/www.noleaky.com\/ee\/wp-json\/wp\/v2\/product"}],"about":[{"href":"https:\/\/www.noleaky.com\/ee\/wp-json\/wp\/v2\/types\/product"}],"replies":[{"embeddable":true,"href":"https:\/\/www.noleaky.com\/ee\/wp-json\/wp\/v2\/comments?post=23027"}],"version-history":[{"count":3,"href":"https:\/\/www.noleaky.com\/ee\/wp-json\/wp\/v2\/product\/23027\/revisions"}],"predecessor-version":[{"id":33264,"href":"https:\/\/www.noleaky.com\/ee\/wp-json\/wp\/v2\/product\/23027\/revisions\/33264"}],"wp:featuredmedia":[{"embeddable":true,"href":"https:\/\/www.noleaky.com\/ee\/wp-json\/wp\/v2\/media\/23098"}],"wp:attachment":[{"href":"https:\/\/www.noleaky.com\/ee\/wp-json\/wp\/v2\/media?parent=23027"}],"wp:term":[{"taxonomy":"product_brand","embeddable":true,"href":"https:\/\/www.noleaky.com\/ee\/wp-json\/wp\/v2\/product_brand?post=23027"},{"taxonomy":"product_cat","embeddable":true,"href":"https:\/\/www.noleaky.com\/ee\/wp-json\/wp\/v2\/product_cat?post=23027"},{"taxonomy":"product_tag","embeddable":true,"href":"https:\/\/www.noleaky.com\/ee\/wp-json\/wp\/v2\/product_tag?post=23027"}],"curies":[{"name":"wp","href":"https:\/\/api.w.org\/{rel}","templated":true}]}}