{"id":23022,"date":"2025-06-02T15:49:22","date_gmt":"2025-06-02T13:49:22","guid":{"rendered":"https:\/\/www.noleaky.com\/products\/preventive-coolant\/"},"modified":"2026-03-01T14:43:53","modified_gmt":"2026-03-01T13:43:53","slug":"preventive-coolant","status":"publish","type":"product","link":"https:\/\/www.noleaky.com\/ee\/products\/preventive-coolant\/","title":{"rendered":"Ennetav jahutusvedelik"},"content":{"rendered":"<p><strong><img decoding=\"async\" style=\"margin-right: 12px;\" src=\"https:\/\/www.noleaky.com\/wp-content\/uploads\/2026\/02\/Check.svg\" alt=\"\" width=\"18\" height=\"15\" \/>Ennetab jahutusvedeliku lekkeid enne, kui need muutuvad kulukaks remondiks.<\/strong> Meie ennetav jahutusvedelik on spetsiaalselt koostatud, et sulgeda mikrolekked ja poorsused jahutuss\u00fcsteemis enne, kui need arenevad t\u00f5sisteks riketeks. See ringleb koos jahutusvedelikuga ja m\u00f5jutab v\u00e4iksemaid lekkekohti, moodustades vastupidava sisemise tihendi, mis aitab s\u00e4ilitada s\u00fcsteemi terviklikkust ja v\u00e4ltida vedelikukaotust.<\/p>\n<p><strong><img decoding=\"async\" style=\"margin-right: 12px;\" src=\"https:\/\/www.noleaky.com\/wp-content\/uploads\/2026\/02\/Check.svg\" alt=\"\" width=\"18\" height=\"15\" \/>K\u00f5ige t\u00f5husam lekke v\u00e4ltimise valem turul.<\/strong> T\u00e4nu t\u00e4iustatud tihendustehnoloogiale on see k\u00f5ige t\u00f5husam olemasolev ennetav jahutusvedelik. See tugevdab ennetavalt tundlikke kohti, nagu voolikute \u00fchendused, radiaatori \u00f5mblused, tihendid ja mikropragud, v\u00e4hendades ootamatute jahutusvedeliku lekete ja ootamatute rikete ohtu.<\/p>\n<p><strong><img decoding=\"async\" style=\"margin-right: 12px;\" src=\"https:\/\/www.noleaky.com\/wp-content\/uploads\/2026\/02\/Check.svg\" alt=\"\" width=\"18\" height=\"15\" \/>Odavaim suure j\u00f5udlusega jahutuskaitse lahendus.<\/strong> Pakume professionaalse kvaliteediga jahutusvedeliku kaitset k\u00f5ige konkurentsiv\u00f5imelisema hinnaga. Meie ennetav jahutusvedelik on oma kategoorias k\u00f5ige odavam lahendus, s\u00e4ilitades samal ajal suurep\u00e4rase t\u00f6\u00f6kindluse, aidates juhtidel v\u00e4ltida kalleid mehaanilisi sekkumisi ja radiaatorite vahetamist.<\/p>\n<p><strong><img decoding=\"async\" style=\"margin-right: 12px;\" src=\"https:\/\/www.noleaky.com\/wp-content\/uploads\/2026\/02\/Check.svg\" alt=\"\" width=\"18\" height=\"15\" \/>Garanteeritud 24-tunnine tarne koheseks kaitseks.<\/strong> Jahutuss\u00fcsteemi probleemid v\u00f5ivad kiiresti laieneda. Seep\u00e4rast pakume 24-tunnist tarnet, mis tagab, et saate ennetava jahutusvedeliku kiiresti k\u00e4tte ja saate oma mootorit viivitamatult kaitsta.<\/p>\n<p><strong><img decoding=\"async\" style=\"margin-right: 12px;\" src=\"https:\/\/www.noleaky.com\/wp-content\/uploads\/2026\/02\/Check.svg\" alt=\"\" width=\"18\" height=\"15\" \/>Raha tagasi garantii t\u00e4ieliku meelerahu tagamiseks.<\/strong> Oleme kindlad meie ennetava jahutusvedeliku tulemuslikkuses. Kui te ei ole selle t\u00f5hususega rahul, pakume raha tagasi garantiid. V\u00f5tke meiega lihtsalt \u00fchendust ja me tagastame teie ostu, muutes teie investeeringu t\u00e4iesti riskivabaks.<\/p>\n<p><strong><img decoding=\"async\" style=\"margin-right: 12px;\" src=\"https:\/\/www.noleaky.com\/wp-content\/uploads\/2026\/02\/Check.svg\" alt=\"\" width=\"18\" height=\"15\" \/>K\u00fclmakindlus kuni -37\u00b0 C (-35\u00b0 F).<\/strong> Meie t\u00e4iustatud j\u00e4\u00e4tumisvastane koostis pakub usaldusv\u00e4\u00e4rset kaitset k\u00fclmumistemperatuuride vastu kuni -37 kraadi Celsiuse j\u00e4rgi, mis vastab -35 kraadile Fahrenheiti j\u00e4rgi. See tagab mootori ohutu t\u00f6\u00f6 \u00e4\u00e4rmuslikes talvetingimustes, s\u00e4ilitades samal ajal aastaringselt optimaalse jahutust\u00f5hususe.<\/p>\n<p><strong><img decoding=\"async\" style=\"margin-right: 12px;\" src=\"https:\/\/www.noleaky.com\/wp-content\/uploads\/2026\/02\/Check.svg\" alt=\"\" width=\"18\" height=\"15\" \/>Kaitseb korrosiooni ja sisemise rooste eest.<\/strong> Lisaks lekete v\u00e4ltimisele sisaldab jahutusvedelik korrosiooniinhibiitoreid, mis kaitsevad alumiiniumi, vaske, terast ja muid jahutuss\u00fcsteemi metalle rooste ja elektrokeemilise lagunemise eest, pikendades komponentide kasutusiga.<\/p>\n<p><strong><img decoding=\"async\" style=\"margin-right: 12px;\" src=\"https:\/\/www.noleaky.com\/wp-content\/uploads\/2026\/02\/Check.svg\" alt=\"\" width=\"18\" height=\"15\" \/>S\u00e4ilitab mootori optimaalse temperatuuri.<\/strong> Tagades suletud ja t\u00f5husa jahutuss\u00fcsteemi, toetab toode \u00fchtlast jahutusvedeliku ringlust ja soojusvahetust, aidates v\u00e4ltida \u00fclekuumenemist ja mootori stressi nii kuumades kui ka k\u00fclmades tingimustes.<\/p>\n<p><strong><img decoding=\"async\" style=\"margin-right: 12px;\" src=\"https:\/\/www.noleaky.com\/wp-content\/uploads\/2026\/02\/Check.svg\" alt=\"\" width=\"18\" height=\"15\" \/>\u00dchildub enamiku jahutuss\u00fcsteemidega.<\/strong> See ennetav jahutusvedelik sobib kasutamiseks s\u00f5iduautodes, v\u00e4ikeveokites ja paljudes vedelikjahutusega mootorites ning sobib juhendi kohaselt kasutamisel tavaliste radiaatorite materjalide ja standardsete jahutuss\u00fcsteemide konstruktsioonidega.<\/p>\n<p><strong><img decoding=\"async\" style=\"margin-right: 12px;\" src=\"https:\/\/www.noleaky.com\/wp-content\/uploads\/2026\/02\/Check.svg\" alt=\"\" width=\"18\" height=\"15\" \/>Pikaajaline kaitse t\u00f5husa katvusega.<\/strong> \u00dcks mahuti on m\u00f5eldud kogu standardse jahutuss\u00fcsteemi t\u00f6\u00f6tlemiseks, mis tagab t\u00e4ieliku sisemise katvuse ja pikaajalise lekke v\u00e4ltimise ilma t\u00e4iendavate lisaainete vajaduseta.<\/p>\n<h2><strong>Juhised<\/strong><\/h2>\n<ul>\n<li>Enne jahutuss\u00fcsteemi avamist veenduge, et mootor on t\u00e4ielikult jahtunud.<\/li>\n<li>Enne kasutamist raputage konteinerit p\u00f5hjalikult.<\/li>\n<li>Kontrollige praegust jahutusvedeliku taset ja seisukorda. Kui s\u00fcsteem on tugevalt reostunud, loputage seda enne ennetava jahutusvedeliku lisamist.<\/li>\n<li>Valage ennetav jahutusvedelik otse radiaatorisse v\u00f5i paisupaaki vastavalt s\u00f5iduki konstruktsioonile.<\/li>\n<li>Soovitatav annus on \u00fcks mahuti umbes 5-10 liitri suuruse standardse jahutuss\u00fcsteemi jaoks. \u00c4rge \u00fcletage tootja poolt m\u00e4\u00e4ratud mahutavust.<\/li>\n<li>Olemasoleva jahutusvedeliku segu t\u00e4iendamisel veenduge, et see \u00fchildub praeguse j\u00e4\u00e4tumisvastase aine t\u00fc\u00fcbiga.<\/li>\n<li>P\u00e4rast toote lisamist laske mootoril 10-15 minutit t\u00f6\u00f6tada, kusjuures k\u00fctja peab olema seatud maksimaalsele tasemele, et kogu s\u00fcsteem saaks t\u00e4ielikult ringlusse lastud.<\/li>\n<li>P\u00e4rast mootori jahtumist kontrollige uuesti jahutusvedeliku taset ja vajadusel t\u00e4iendage seda.<\/li>\n<li>Kontrollige regulaarselt voolikuid ja \u00fchendusi, et tagada s\u00fcsteemi optimaalne toimimine.<\/li>\n<li>Hoida toodet suletud mahutis otsese p\u00e4ikesevalguse ja \u00e4\u00e4rmuslike temperatuuride eest kaitstult.<\/li>\n<\/ul>","protected":false},"excerpt":{"rendered":"<p>Prevents coolant leaks before they become costly repairs. Our preventative coolant is specially formulated to seal micro-leaks and porosities within the cooling system before they develop into serious failures. It circulates with the coolant and targets minor seepage points, forming a durable internal seal that helps maintain system integrity and prevent fluid loss. The most [&hellip;]<\/p>\n","protected":false},"featured_media":23088,"comment_status":"open","ping_status":"closed","template":"","meta":{"_uag_custom_page_level_css":"","site-sidebar-layout":"default","site-content-layout":"","ast-site-content-layout":"default","site-content-style":"default","site-sidebar-style":"default","ast-global-header-display":"","ast-banner-title-visibility":"","ast-main-header-display":"","ast-hfb-above-header-display":"","ast-hfb-below-header-display":"","ast-hfb-mobile-header-display":"","site-post-title":"","ast-breadcrumbs-content":"","ast-featured-img":"","footer-sml-layout":"","ast-disable-related-posts":"","theme-transparent-header-meta":"default","adv-header-id-meta":"","stick-header-meta":"","header-above-stick-meta":"","header-main-stick-meta":"","header-below-stick-meta":"","astra-migrate-meta-layouts":"set","ast-page-background-enabled":"default","ast-page-background-meta":{"desktop":{"background-color":"var(--ast-global-color-4)","background-image":"","background-repeat":"repeat","background-position":"center center","background-size":"auto","background-attachment":"scroll","background-type":"","background-media":"","overlay-type":"","overlay-color":"","overlay-opacity":"","overlay-gradient":""},"tablet":{"background-color":"","background-image":"","background-repeat":"repeat","background-position":"center center","background-size":"auto","background-attachment":"scroll","background-type":"","background-media":"","overlay-type":"","overlay-color":"","overlay-opacity":"","overlay-gradient":""},"mobile":{"background-color":"","background-image":"","background-repeat":"repeat","background-position":"center center","background-size":"auto","background-attachment":"scroll","background-type":"","background-media":"","overlay-type":"","overlay-color":"","overlay-opacity":"","overlay-gradient":""}},"ast-content-background-meta":{"desktop":{"background-color":"var(--ast-global-color-5)","background-image":"","background-repeat":"repeat","background-position":"center center","background-size":"auto","background-attachment":"scroll","background-type":"","background-media":"","overlay-type":"","overlay-color":"","overlay-opacity":"","overlay-gradient":""},"tablet":{"background-color":"var(--ast-global-color-5)","background-image":"","background-repeat":"repeat","background-position":"center center","background-size":"auto","background-attachment":"scroll","background-type":"","background-media":"","overlay-type":"","overlay-color":"","overlay-opacity":"","overlay-gradient":""},"mobile":{"background-color":"var(--ast-global-color-5)","background-image":"","background-repeat":"repeat","background-position":"center center","background-size":"auto","background-attachment":"scroll","background-type":"","background-media":"","overlay-type":"","overlay-color":"","overlay-opacity":"","overlay-gradient":""}}},"product_brand":[],"product_cat":[176],"product_tag":[],"class_list":{"0":"post-23022","1":"product","2":"type-product","3":"status-publish","4":"has-post-thumbnail","6":"product_cat-automotive","7":"desktop-align-left","8":"tablet-align-left","9":"mobile-align-left","11":"first","12":"instock","13":"sale","14":"shipping-taxable","15":"purchasable","16":"product-type-variable","17":"has-default-attributes"},"spectra_custom_meta":{"_visibility":["visible"],"_shopify_product_id":["1706252697634"],"_s2w_shopify_domain":["noleaky.myshopify.com"],"_shopify_variant_id":["16017046700066"],"_manage_stock":["no"],"total_sales":["45"],"_tax_status":["taxable"],"_tax_class":[""],"_backorders":["no"],"_sold_individually":["no"],"_virtual":["no"],"_downloadable":["no"],"_download_limit":["-1"],"_download_expiry":["-1"],"_stock":[null],"_stock_status":["instock"],"_wc_average_rating":["4.90"],"_wc_review_count":["71"],"_product_attributes":["a:1:{s:6:\"volume\";a:6:{s:4:\"name\";s:6:\"Volume\";s:5:\"value\";s:18:\"1 liter | 5 liters\";s:8:\"position\";i:1;s:10:\"is_visible\";i:0;s:12:\"is_variation\";i:1;s:11:\"is_taxonomy\";i:0;}}"],"_product_version":["10.5.2"],"_thumbnail_id":["23088"],"_product_image_gallery":["23089"],"_edit_lock":["1772372499:1"],"_default_attributes":["a:1:{s:6:\"volume\";s:7:\"1 liter\";}"],"_price":["9.90","39.90"],"merchant-center-availability":["yes"],"merchant-center-category":["2517"],"merchant-center-id":["LP1L"],"_edit_last":["1"],"_wp_page_template":["default"],"site-sidebar-layout":["default"],"ast-site-content-layout":["default"],"site-content-style":["default"],"site-sidebar-style":["default"],"theme-transparent-header-meta":["default"],"_wc_rating_count":["a:3:{i:3;i:1;i:4;i:5;i:5;i:65;}"],"_upsell_ids":["a:3:{i:0;i:22975;i:1;i:22976;i:2;i:22985;}"],"_crosssell_ids":["a:3:{i:0;i:22975;i:1;i:22976;i:2;i:22985;}"],"astra-migrate-meta-layouts":["set"],"_uag_css_file_name":["uag-css-23022.css"],"_elementor_page_assets":["a:0:{}"],"_uag_page_assets":["a:9:{s:3:\"css\";s:6893:\".wp-block-uagb-image{display:flex}.wp-block-uagb-image__figure{position:relative;display:flex;flex-direction:column;max-width:100%;height:auto;margin:0}.wp-block-uagb-image__figure img{height:auto;display:flex;max-width:100%;transition:box-shadow 0.2s ease}.wp-block-uagb-image__figure>a{display:inline-block}.wp-block-uagb-image__figure figcaption{text-align:center;margin-top:0.5em;margin-bottom:1em}.wp-block-uagb-image .components-placeholder.block-editor-media-placeholder .components-placeholder__instructions{align-self:center}.wp-block-uagb-image--align-left{text-align:left}.wp-block-uagb-image--align-right{text-align:right}.wp-block-uagb-image--align-center{text-align:center}.wp-block-uagb-image--align-full .wp-block-uagb-image__figure{margin-left:calc(50% - 50vw);margin-right:calc(50% - 50vw);max-width:100vw;width:100vw;height:auto}.wp-block-uagb-image--align-full .wp-block-uagb-image__figure img{height:auto;width:100% !important}.wp-block-uagb-image--align-wide .wp-block-uagb-image__figure img{height:auto;width:100%}.wp-block-uagb-image--layout-overlay__color-wrapper{position:absolute;left:0;top:0;right:0;bottom:0;opacity:0.2;background:rgba(0,0,0,0.5);transition:opacity 0.35s ease-in-out}.wp-block-uagb-image--layout-overlay-link{position:absolute;left:0;right:0;bottom:0;top:0}.wp-block-uagb-image--layout-overlay .wp-block-uagb-image__figure:hover .wp-block-uagb-image--layout-overlay__color-wrapper{opacity:1}.wp-block-uagb-image--layout-overlay__inner{position:absolute;left:15px;right:15px;bottom:15px;top:15px;display:flex;align-items:center;justify-content:center;flex-direction:column;border-color:#fff;transition:0.35s ease-in-out}.wp-block-uagb-image--layout-overlay__inner.top-left,.wp-block-uagb-image--layout-overlay__inner.top-center,.wp-block-uagb-image--layout-overlay__inner.top-right{justify-content:flex-start}.wp-block-uagb-image--layout-overlay__inner.bottom-left,.wp-block-uagb-image--layout-overlay__inner.bottom-center,.wp-block-uagb-image--layout-overlay__inner.bottom-right{justify-content:flex-end}.wp-block-uagb-image--layout-overlay__inner.top-left,.wp-block-uagb-image--layout-overlay__inner.center-left,.wp-block-uagb-image--layout-overlay__inner.bottom-left{align-items:flex-start}.wp-block-uagb-image--layout-overlay__inner.top-right,.wp-block-uagb-image--layout-overlay__inner.center-right,.wp-block-uagb-image--layout-overlay__inner.bottom-right{align-items:flex-end}.wp-block-uagb-image--layout-overlay__inner .uagb-image-heading{color:#fff;transition:transform 0.35s, opacity 0.35s ease-in-out;transform:translate3d(0, 24px, 0);margin:0;line-height:1em}.wp-block-uagb-image--layout-overlay__inner .uagb-image-separator{width:30%;border-top-width:2px;border-top-color:#fff;border-top-style:solid;margin-bottom:10px;opacity:0;transition:transform 0.4s, opacity 0.4s ease-in-out;transform:translate3d(0, 30px, 0)}.wp-block-uagb-image--layout-overlay__inner .uagb-image-caption{opacity:0;overflow:visible;color:#fff;transition:transform 0.45s, opacity 0.45s ease-in-out;transform:translate3d(0, 35px, 0)}.wp-block-uagb-image--layout-overlay__inner:hover .uagb-image-heading,.wp-block-uagb-image--layout-overlay__inner:hover .uagb-image-separator,.wp-block-uagb-image--layout-overlay__inner:hover .uagb-image-caption{opacity:1;transform:translate3d(0, 0, 0)}.wp-block-uagb-image--effect-zoomin .wp-block-uagb-image__figure img,.wp-block-uagb-image--effect-zoomin .wp-block-uagb-image__figure .wp-block-uagb-image--layout-overlay__color-wrapper{transform:scale(1);transition:transform 0.35s ease-in-out}.wp-block-uagb-image--effect-zoomin .wp-block-uagb-image__figure:hover img,.wp-block-uagb-image--effect-zoomin .wp-block-uagb-image__figure:hover .wp-block-uagb-image--layout-overlay__color-wrapper{transform:scale(1.05)}.wp-block-uagb-image--effect-slide .wp-block-uagb-image__figure img,.wp-block-uagb-image--effect-slide .wp-block-uagb-image__figure .wp-block-uagb-image--layout-overlay__color-wrapper{width:calc(100% + 40px) !important;max-width:none !important;transform:translate3d(-40px, 0, 0);transition:transform 0.35s ease-in-out}.wp-block-uagb-image--effect-slide .wp-block-uagb-image__figure:hover img,.wp-block-uagb-image--effect-slide .wp-block-uagb-image__figure:hover .wp-block-uagb-image--layout-overlay__color-wrapper{transform:translate3d(0, 0, 0)}.wp-block-uagb-image--effect-grayscale img{filter:grayscale(0%);transition:0.35s ease-in-out}.wp-block-uagb-image--effect-grayscale:hover img{filter:grayscale(100%)}.wp-block-uagb-image--effect-blur img{filter:blur(0);transition:0.35s ease-in-out}.wp-block-uagb-image--effect-blur:hover img{filter:blur(3px)}\n.uagb-block-e6f939b3.wp-block-uagb-image--layout-default figure img{box-shadow: 0px 0px 0 #00000070;}.uagb-block-e6f939b3.wp-block-uagb-image .wp-block-uagb-image__figure figcaption{font-style: normal;align-self: center;}.uagb-block-e6f939b3.wp-block-uagb-image--layout-overlay figure img{box-shadow: 0px 0px 0 #00000070;}.uagb-block-e6f939b3.wp-block-uagb-image--layout-overlay .wp-block-uagb-image--layout-overlay__color-wrapper{opacity: 0.2;}.uagb-block-e6f939b3.wp-block-uagb-image--layout-overlay .wp-block-uagb-image--layout-overlay__inner{left: 15px;right: 15px;top: 15px;bottom: 15px;}.uagb-block-e6f939b3.wp-block-uagb-image--layout-overlay .wp-block-uagb-image--layout-overlay__inner .uagb-image-heading{font-style: normal;color: #fff;opacity: 1;}.uagb-block-e6f939b3.wp-block-uagb-image--layout-overlay .wp-block-uagb-image--layout-overlay__inner .uagb-image-heading a{color: #fff;}.uagb-block-e6f939b3.wp-block-uagb-image--layout-overlay .wp-block-uagb-image--layout-overlay__inner .uagb-image-caption{opacity: 0;}.uagb-block-e6f939b3.wp-block-uagb-image--layout-overlay .wp-block-uagb-image__figure:hover .wp-block-uagb-image--layout-overlay__color-wrapper{opacity: 1;}.uagb-block-e6f939b3.wp-block-uagb-image .wp-block-uagb-image--layout-overlay__inner .uagb-image-separator{width: 30%;border-top-width: 2px;border-top-color: #fff;opacity: 0;}.uagb-block-e6f939b3.wp-block-uagb-image .wp-block-uagb-image__figure img{width: px;height: auto;}.uagb-block-e6f939b3.wp-block-uagb-image .wp-block-uagb-image__figure:hover .wp-block-uagb-image--layout-overlay__inner .uagb-image-caption{opacity: 1;}.uagb-block-e6f939b3.wp-block-uagb-image .wp-block-uagb-image__figure:hover .wp-block-uagb-image--layout-overlay__inner .uagb-image-separator{opacity: 1;}.uagb-block-e6f939b3.wp-block-uagb-image--layout-default figure:hover img{box-shadow: 0px 0px 0 #00000070;}.uagb-block-e6f939b3.wp-block-uagb-image--layout-overlay figure:hover img{box-shadow: 0px 0px 0 #00000070;}@media only screen and (max-width: 976px) {.uagb-block-e6f939b3.wp-block-uagb-image .wp-block-uagb-image__figure img{width: px;height: auto;}}@media only screen and (max-width: 767px) {.uagb-block-e6f939b3.wp-block-uagb-image .wp-block-uagb-image__figure img{width: px;height: auto;}}\";s:2:\"js\";s:0:\"\";s:18:\"current_block_list\";a:13:{i:0;s:11:\"core\/search\";i:1;s:10:\"core\/group\";i:2;s:12:\"core\/heading\";i:3;s:17:\"core\/latest-posts\";i:4;s:20:\"core\/latest-comments\";i:5;s:13:\"core\/archives\";i:6;s:15:\"core\/categories\";i:7;s:14:\"core\/paragraph\";i:8;s:10:\"uagb\/image\";i:9;s:11:\"core\/spacer\";i:10;s:30:\"woocommerce\/product-categories\";i:11;s:10:\"core\/image\";i:12;s:14:\"core\/shortcode\";}s:8:\"uag_flag\";b:1;s:11:\"uag_version\";s:10:\"1776751876\";s:6:\"gfonts\";a:0:{}s:10:\"gfonts_url\";s:0:\"\";s:12:\"gfonts_files\";a:0:{}s:14:\"uag_faq_layout\";b:0;}"]},"uagb_featured_image_src":{"full":["https:\/\/www.noleaky.com\/wp-content\/uploads\/2025\/06\/Label_1.png",1500,1500,false],"thumbnail":["https:\/\/www.noleaky.com\/wp-content\/uploads\/2025\/06\/Label_1-150x150.png",150,150,true],"medium":["https:\/\/www.noleaky.com\/wp-content\/uploads\/2025\/06\/Label_1-300x300.png",300,300,true],"medium_large":["https:\/\/www.noleaky.com\/wp-content\/uploads\/2025\/06\/Label_1-768x768.png",768,768,true],"large":["https:\/\/www.noleaky.com\/wp-content\/uploads\/2025\/06\/Label_1-1024x1024.png",1024,1024,true],"1536x1536":["https:\/\/www.noleaky.com\/wp-content\/uploads\/2025\/06\/Label_1.png",1500,1500,false],"2048x2048":["https:\/\/www.noleaky.com\/wp-content\/uploads\/2025\/06\/Label_1.png",1500,1500,false],"trp-custom-language-flag":["https:\/\/www.noleaky.com\/wp-content\/uploads\/2025\/06\/Label_1-12x12.png",12,12,true],"woocommerce_thumbnail":["https:\/\/www.noleaky.com\/wp-content\/uploads\/2025\/06\/Label_1-300x300.png",300,300,true],"woocommerce_single":["https:\/\/www.noleaky.com\/wp-content\/uploads\/2025\/06\/Label_1-600x600.png",600,600,true],"woocommerce_gallery_thumbnail":["https:\/\/www.noleaky.com\/wp-content\/uploads\/2025\/06\/Label_1-100x100.png",100,100,true]},"uagb_author_info":{"display_name":"admin","author_link":"https:\/\/www.noleaky.com\/ee\/author\/"},"uagb_comment_info":71,"uagb_excerpt":"Prevents coolant leaks before they become costly repairs. Our preventative coolant is specially formulated to seal micro-leaks and porosities within the cooling system before they develop into serious failures. It circulates with the coolant and targets minor seepage points, forming a durable internal seal that helps maintain system integrity and prevent fluid loss. The most&hellip;","_links":{"self":[{"href":"https:\/\/www.noleaky.com\/ee\/wp-json\/wp\/v2\/product\/23022","targetHints":{"allow":["GET"]}}],"collection":[{"href":"https:\/\/www.noleaky.com\/ee\/wp-json\/wp\/v2\/product"}],"about":[{"href":"https:\/\/www.noleaky.com\/ee\/wp-json\/wp\/v2\/types\/product"}],"replies":[{"embeddable":true,"href":"https:\/\/www.noleaky.com\/ee\/wp-json\/wp\/v2\/comments?post=23022"}],"version-history":[{"count":5,"href":"https:\/\/www.noleaky.com\/ee\/wp-json\/wp\/v2\/product\/23022\/revisions"}],"predecessor-version":[{"id":33266,"href":"https:\/\/www.noleaky.com\/ee\/wp-json\/wp\/v2\/product\/23022\/revisions\/33266"}],"wp:featuredmedia":[{"embeddable":true,"href":"https:\/\/www.noleaky.com\/ee\/wp-json\/wp\/v2\/media\/23088"}],"wp:attachment":[{"href":"https:\/\/www.noleaky.com\/ee\/wp-json\/wp\/v2\/media?parent=23022"}],"wp:term":[{"taxonomy":"product_brand","embeddable":true,"href":"https:\/\/www.noleaky.com\/ee\/wp-json\/wp\/v2\/product_brand?post=23022"},{"taxonomy":"product_cat","embeddable":true,"href":"https:\/\/www.noleaky.com\/ee\/wp-json\/wp\/v2\/product_cat?post=23022"},{"taxonomy":"product_tag","embeddable":true,"href":"https:\/\/www.noleaky.com\/ee\/wp-json\/wp\/v2\/product_tag?post=23022"}],"curies":[{"name":"wp","href":"https:\/\/api.w.org\/{rel}","templated":true}]}}