{"id":23004,"date":"2025-06-02T15:49:13","date_gmt":"2025-06-02T13:49:13","guid":{"rendered":"https:\/\/www.noleaky.com\/products\/inhibited-antifreeze\/"},"modified":"2026-03-01T14:51:36","modified_gmt":"2026-03-01T13:51:36","slug":"inhibited-antifreeze","status":"publish","type":"product","link":"https:\/\/www.noleaky.com\/ee\/products\/inhibited-antifreeze\/","title":{"rendered":"Inhibeeritud antifriis"},"content":{"rendered":"<p><strong><img decoding=\"async\" style=\"margin-right: 12px;\" src=\"https:\/\/www.noleaky.com\/wp-content\/uploads\/2026\/02\/Check.svg\" alt=\"\" width=\"18\" height=\"15\" \/>T\u00e4ielik k\u00fclmumis- ja korrosioonikaitse k\u00fcttes\u00fcsteemidele kuni -37\u00b0 C.<\/strong> Meie katlak\u00fctusevastane j\u00e4\u00e4tumisvastane vahend on spetsiaalselt loodud kaitsma keskk\u00fcttes\u00fcsteeme j\u00e4\u00e4tumise eest \u00e4\u00e4rmuslikel temperatuuridel kuni -37 kraadi Celsiuse j\u00e4rgi. See takistab j\u00e4\u00e4 tekkimist torude, radiaatorite ja katelde sees, k\u00f5rvaldades kulukate k\u00fclmumiskahjustuste ohu rasketes talvetingimustes.<\/p>\n<p><strong><img decoding=\"async\" style=\"margin-right: 12px;\" src=\"https:\/\/www.noleaky.com\/wp-content\/uploads\/2026\/02\/Check.svg\" alt=\"\" width=\"18\" height=\"15\" \/>K\u00f5ige t\u00f5husam kahetoimeline kaitsevormel.<\/strong> See on k\u00f5ige t\u00f5husam katlak\u00fctuse j\u00e4\u00e4tumisvastane lahendus turul, sest see \u00fchendab endas v\u00f5imsa k\u00fclmumiskaitse ja t\u00e4iustatud korrosiooniinhibiitorid. See mitte ainult ei takista k\u00fclmumist, vaid kaitseb ka sisemisi metallkomponente rooste, katlakivi ja mudakihi tekkimise eest.<\/p>\n<p><strong><img decoding=\"async\" style=\"margin-right: 12px;\" src=\"https:\/\/www.noleaky.com\/wp-content\/uploads\/2026\/02\/Check.svg\" alt=\"\" width=\"18\" height=\"15\" \/>Odavaim k\u00f5rgtehnoloogiline j\u00e4\u00e4tumisvastane aine katelde jaoks.<\/strong> Pakume professionaalset k\u00fclmumis- ja korrosioonikaitset k\u00f5ige konkurentsiv\u00f5imelisema hinnaga. Meie katlak\u00fctusevastane j\u00e4\u00e4tumisvastane vahend on oma kategooria k\u00f5ige odavam lahendus, ilma et see oleks kompromissiks kvaliteedis v\u00f5i usaldusv\u00e4\u00e4rsuses, mist\u00f5ttu on see ideaalne koduomanikele ja k\u00fcttespetsialistidele.<\/p>\n<p><strong><img decoding=\"async\" style=\"margin-right: 12px;\" src=\"https:\/\/www.noleaky.com\/wp-content\/uploads\/2026\/02\/Check.svg\" alt=\"\" width=\"18\" height=\"15\" \/>Garanteeritud 24-tunnine tarne kiireloomulise talvise ettevalmistuse jaoks.<\/strong> K\u00fclm ilm v\u00f5ib saabuda ootamatult. Seep\u00e4rast garanteerime 24-tunnise tarne, mis tagab, et saate oma k\u00fcttes\u00fcsteemi kohe kaitsta ja v\u00e4ltida erakorralist remonti.<\/p>\n<p><strong><img decoding=\"async\" style=\"margin-right: 12px;\" src=\"https:\/\/www.noleaky.com\/wp-content\/uploads\/2026\/02\/Check.svg\" alt=\"\" width=\"18\" height=\"15\" \/>Raha tagasi garantii t\u00e4ieliku usalduse tagamiseks.<\/strong> Me seisame t\u00e4ielikult meie katlak\u00fctuse inhibeeritud j\u00e4\u00e4tumisvastase vahendi toimivuse eest. Kui te ei ole rahul, pakume raha tagasi garantiid. V\u00f5tke meiega lihtsalt \u00fchendust ja me tagastame teie ostu, pakkudes t\u00e4iesti riskivaba kogemust.<\/p>\n<p><strong><img decoding=\"async\" style=\"margin-right: 12px;\" src=\"https:\/\/www.noleaky.com\/wp-content\/uploads\/2026\/02\/Check.svg\" alt=\"\" width=\"18\" height=\"15\" \/>Hoiab \u00e4ra korrosiooni ja sisemise lagunemise.<\/strong> Lisaks k\u00fclmumiskaitsele loovad integreeritud korrosiooniinhibiitorid sisemistele metallpindadele kaitsva kihi, v\u00e4hendades rooste tekkimist ja pikendades katelde, pumpade ja radiaatorite kasutusiga.<\/p>\n<p><strong><img decoding=\"async\" style=\"margin-right: 12px;\" src=\"https:\/\/www.noleaky.com\/wp-content\/uploads\/2026\/02\/Check.svg\" alt=\"\" width=\"18\" height=\"15\" \/>V\u00e4hendab muda ja katlakivi kogunemist.<\/strong> Koostis aitab minimeerida lubjakivi ja magnetiitmuda teket, s\u00e4ilitades t\u00f5husa veeringluse ja optimaalse soojus\u00fclekande s\u00fcsteemis.<\/p>\n<p><strong><img decoding=\"async\" style=\"margin-right: 12px;\" src=\"https:\/\/www.noleaky.com\/wp-content\/uploads\/2026\/02\/Check.svg\" alt=\"\" width=\"18\" height=\"15\" \/>S\u00e4ilitab s\u00fcsteemi t\u00f5hususe \u00e4\u00e4rmuslikes tingimustes.<\/strong> V\u00e4ltides j\u00e4\u00e4tumist ja sisemisi ladestumisi, tagab j\u00e4\u00e4tumisvastane aine \u00fchtlase soojusjaotuse ja stabiilse katla j\u00f5udluse ka pikemaajaliste k\u00fclmaperioodide ajal.<\/p>\n<p><strong><img decoding=\"async\" style=\"margin-right: 12px;\" src=\"https:\/\/www.noleaky.com\/wp-content\/uploads\/2026\/02\/Check.svg\" alt=\"\" width=\"18\" height=\"15\" \/>Sobib enamiku keskk\u00fcttes\u00fcsteemidega.<\/strong> Sobib suletud ja avatud ventilatsiooniga k\u00fcttes\u00fcsteemidele, sealhulgas alumiiniumist, terasest, vasest ja messingist komponentidega k\u00fcttes\u00fcsteemidele, kui seda kasutatakse vastavalt tootja juhistele.<\/p>\n<p><strong><img decoding=\"async\" style=\"margin-right: 12px;\" src=\"https:\/\/www.noleaky.com\/wp-content\/uploads\/2026\/02\/Check.svg\" alt=\"\" width=\"18\" height=\"15\" \/>K\u00f5rge s\u00fcsteemi katvus koos pikaajalise kaitsega.<\/strong> \u00dcks mahuti on m\u00f5eldud tavalise koduk\u00fcttes\u00fcsteemi t\u00f6\u00f6tlemiseks, pakkudes t\u00e4ielikku sisemist katvust ning pikaajalist k\u00fclmumis- ja korrosioonikaitset ilma t\u00e4iendavate lisaainete kasutamiseta.<\/p>\n<h2><strong>Juhised<\/strong><\/h2>\n<ul>\n<li>Enne toote lisamist veenduge, et k\u00fcttes\u00fcsteem on v\u00e4lja l\u00fclitatud ja t\u00e4ielikult jahtunud.<\/li>\n<li>Kui s\u00fcsteemis on vana v\u00f5i saastunud vesi, kaaluge selle loputamist enne j\u00e4\u00e4tumisvastase aine sisestamist, et saavutada optimaalne j\u00f5udlus.<\/li>\n<li>Enne kasutamist raputage konteinerit p\u00f5hjalikult.<\/li>\n<li>Vajaduse korral t\u00fchjendage s\u00fcsteemist sobiv kogus vett, et tagada \u00f5ige j\u00e4\u00e4tumisvastase aine kontsentratsioon.<\/li>\n<li>Lisage katla inhibeeritud j\u00e4\u00e4tumisvastast ainet radiaatori, doseerimispoti, t\u00e4itekontuuri v\u00f5i paisupaagi kaudu vastavalt s\u00fcsteemi konfiguratsioonile.<\/li>\n<li>Soovitatav annus s\u00f5ltub soovitud k\u00fclmakindlusest. Kaitseks kuni -37\u00b0 C, kasutage toodet etiketil m\u00e4rgitud kontsentratsioonis, mis on tavaliselt umbes 40-50 protsenti s\u00fcsteemi kogumahust.<\/li>\n<li>P\u00e4rast t\u00e4itmist k\u00e4ivitage k\u00fcttes\u00fcsteemi v\u00e4hemalt 30 minutit, et tagada t\u00e4ielik ringlus ja \u00fchtlane jaotumine.<\/li>\n<li>T\u00fchjendage radiaatorid, et eemaldada kinni j\u00e4\u00e4nud \u00f5hk ja kontrollida s\u00fcsteemi r\u00f5hku, vajadusel reguleerida.<\/li>\n<li>Kontrollige regulaarselt j\u00e4\u00e4tumisvastase aine kontsentratsiooni, eriti p\u00e4rast s\u00fcsteemi t\u00fchjendamist v\u00f5i t\u00e4iendamist.<\/li>\n<li>S\u00e4ilitage toodet suletud mahutis jahedas ja kuivas kohas, eemal otsesest p\u00e4ikesevalgusest ja \u00e4\u00e4rmuslikest soojusallikatest.<\/li>\n<\/ul>","protected":false},"excerpt":{"rendered":"<p>Complete frost and corrosion protection for heating systems down to -37\u00b0 C. Our boiler inhibited antifreeze is specially formulated to protect central heating systems from freezing in extreme temperatures as low as -37 degrees Celsius. It prevents ice formation inside pipes, radiators, and boilers, eliminating the risk of costly freeze damage during severe winter conditions. [&hellip;]<\/p>\n","protected":false},"featured_media":23074,"comment_status":"open","ping_status":"closed","template":"","meta":{"_uag_custom_page_level_css":"","site-sidebar-layout":"default","site-content-layout":"","ast-site-content-layout":"default","site-content-style":"default","site-sidebar-style":"default","ast-global-header-display":"","ast-banner-title-visibility":"","ast-main-header-display":"","ast-hfb-above-header-display":"","ast-hfb-below-header-display":"","ast-hfb-mobile-header-display":"","site-post-title":"","ast-breadcrumbs-content":"","ast-featured-img":"","footer-sml-layout":"","ast-disable-related-posts":"","theme-transparent-header-meta":"default","adv-header-id-meta":"","stick-header-meta":"","header-above-stick-meta":"","header-main-stick-meta":"","header-below-stick-meta":"","astra-migrate-meta-layouts":"set","ast-page-background-enabled":"default","ast-page-background-meta":{"desktop":{"background-color":"var(--ast-global-color-4)","background-image":"","background-repeat":"repeat","background-position":"center center","background-size":"auto","background-attachment":"scroll","background-type":"","background-media":"","overlay-type":"","overlay-color":"","overlay-opacity":"","overlay-gradient":""},"tablet":{"background-color":"","background-image":"","background-repeat":"repeat","background-position":"center center","background-size":"auto","background-attachment":"scroll","background-type":"","background-media":"","overlay-type":"","overlay-color":"","overlay-opacity":"","overlay-gradient":""},"mobile":{"background-color":"","background-image":"","background-repeat":"repeat","background-position":"center center","background-size":"auto","background-attachment":"scroll","background-type":"","background-media":"","overlay-type":"","overlay-color":"","overlay-opacity":"","overlay-gradient":""}},"ast-content-background-meta":{"desktop":{"background-color":"var(--ast-global-color-5)","background-image":"","background-repeat":"repeat","background-position":"center center","background-size":"auto","background-attachment":"scroll","background-type":"","background-media":"","overlay-type":"","overlay-color":"","overlay-opacity":"","overlay-gradient":""},"tablet":{"background-color":"var(--ast-global-color-5)","background-image":"","background-repeat":"repeat","background-position":"center center","background-size":"auto","background-attachment":"scroll","background-type":"","background-media":"","overlay-type":"","overlay-color":"","overlay-opacity":"","overlay-gradient":""},"mobile":{"background-color":"var(--ast-global-color-5)","background-image":"","background-repeat":"repeat","background-position":"center center","background-size":"auto","background-attachment":"scroll","background-type":"","background-media":"","overlay-type":"","overlay-color":"","overlay-opacity":"","overlay-gradient":""}}},"product_brand":[],"product_cat":[177],"product_tag":[],"class_list":{"0":"post-23004","1":"product","2":"type-product","3":"status-publish","4":"has-post-thumbnail","6":"product_cat-heating-system","7":"desktop-align-left","8":"tablet-align-left","9":"mobile-align-left","11":"first","12":"instock","13":"sale","14":"shipping-taxable","15":"purchasable","16":"product-type-variable","17":"has-default-attributes"},"spectra_custom_meta":{"_visibility":["visible"],"_shopify_product_id":["1771050041378"],"_s2w_shopify_domain":["noleaky.myshopify.com"],"_shopify_variant_id":["16277746057250"],"_manage_stock":["no"],"total_sales":["3"],"_tax_status":["taxable"],"_tax_class":[""],"_backorders":["no"],"_sold_individually":["no"],"_virtual":["no"],"_downloadable":["no"],"_download_limit":["-1"],"_download_expiry":["-1"],"_stock":[null],"_stock_status":["instock"],"_wc_average_rating":["4.85"],"_wc_review_count":["85"],"_product_attributes":["a:1:{s:6:\"volume\";a:6:{s:4:\"name\";s:6:\"Volume\";s:5:\"value\";s:20:\"5 liters | 25 liters\";s:8:\"position\";i:1;s:10:\"is_visible\";i:0;s:12:\"is_variation\";i:1;s:11:\"is_taxonomy\";i:0;}}"],"_product_version":["10.5.2"],"_thumbnail_id":["23074"],"_product_image_gallery":["23075"],"_edit_lock":["1772372962:1"],"merchant-center-availability":["yes"],"merchant-center-category":["6773"],"merchant-center-id":["AC"],"_edit_last":["1"],"_wp_page_template":["default"],"site-sidebar-layout":["default"],"ast-site-content-layout":["default"],"site-content-style":["default"],"site-sidebar-style":["default"],"theme-transparent-header-meta":["default"],"_default_attributes":["a:1:{s:6:\"volume\";s:8:\"5 liters\";}"],"_price":["39.90","99.90"],"_wc_rating_count":["a:3:{i:3;i:2;i:4;i:9;i:5;i:74;}"],"_upsell_ids":["a:3:{i:0;i:22980;i:1;i:23018;i:2;i:23007;}"],"_crosssell_ids":["a:3:{i:0;i:22980;i:1;i:23018;i:2;i:23007;}"],"astra-migrate-meta-layouts":["set"],"_uag_css_file_name":["uag-css-23004.css"],"_elementor_page_assets":["a:0:{}"],"_uag_page_assets":["a:9:{s:3:\"css\";s:7156:\".uag-blocks-common-selector{z-index:var(--z-index-desktop) !important}@media (max-width: 976px){.uag-blocks-common-selector{z-index:var(--z-index-tablet) !important}}@media (max-width: 767px){.uag-blocks-common-selector{z-index:var(--z-index-mobile) !important}}\n.wp-block-uagb-image{display:flex}.wp-block-uagb-image__figure{position:relative;display:flex;flex-direction:column;max-width:100%;height:auto;margin:0}.wp-block-uagb-image__figure img{height:auto;display:flex;max-width:100%;transition:box-shadow 0.2s ease}.wp-block-uagb-image__figure>a{display:inline-block}.wp-block-uagb-image__figure figcaption{text-align:center;margin-top:0.5em;margin-bottom:1em}.wp-block-uagb-image .components-placeholder.block-editor-media-placeholder .components-placeholder__instructions{align-self:center}.wp-block-uagb-image--align-left{text-align:left}.wp-block-uagb-image--align-right{text-align:right}.wp-block-uagb-image--align-center{text-align:center}.wp-block-uagb-image--align-full .wp-block-uagb-image__figure{margin-left:calc(50% - 50vw);margin-right:calc(50% - 50vw);max-width:100vw;width:100vw;height:auto}.wp-block-uagb-image--align-full .wp-block-uagb-image__figure img{height:auto;width:100% !important}.wp-block-uagb-image--align-wide .wp-block-uagb-image__figure img{height:auto;width:100%}.wp-block-uagb-image--layout-overlay__color-wrapper{position:absolute;left:0;top:0;right:0;bottom:0;opacity:0.2;background:rgba(0,0,0,0.5);transition:opacity 0.35s ease-in-out}.wp-block-uagb-image--layout-overlay-link{position:absolute;left:0;right:0;bottom:0;top:0}.wp-block-uagb-image--layout-overlay .wp-block-uagb-image__figure:hover .wp-block-uagb-image--layout-overlay__color-wrapper{opacity:1}.wp-block-uagb-image--layout-overlay__inner{position:absolute;left:15px;right:15px;bottom:15px;top:15px;display:flex;align-items:center;justify-content:center;flex-direction:column;border-color:#fff;transition:0.35s ease-in-out}.wp-block-uagb-image--layout-overlay__inner.top-left,.wp-block-uagb-image--layout-overlay__inner.top-center,.wp-block-uagb-image--layout-overlay__inner.top-right{justify-content:flex-start}.wp-block-uagb-image--layout-overlay__inner.bottom-left,.wp-block-uagb-image--layout-overlay__inner.bottom-center,.wp-block-uagb-image--layout-overlay__inner.bottom-right{justify-content:flex-end}.wp-block-uagb-image--layout-overlay__inner.top-left,.wp-block-uagb-image--layout-overlay__inner.center-left,.wp-block-uagb-image--layout-overlay__inner.bottom-left{align-items:flex-start}.wp-block-uagb-image--layout-overlay__inner.top-right,.wp-block-uagb-image--layout-overlay__inner.center-right,.wp-block-uagb-image--layout-overlay__inner.bottom-right{align-items:flex-end}.wp-block-uagb-image--layout-overlay__inner .uagb-image-heading{color:#fff;transition:transform 0.35s, opacity 0.35s ease-in-out;transform:translate3d(0, 24px, 0);margin:0;line-height:1em}.wp-block-uagb-image--layout-overlay__inner .uagb-image-separator{width:30%;border-top-width:2px;border-top-color:#fff;border-top-style:solid;margin-bottom:10px;opacity:0;transition:transform 0.4s, opacity 0.4s ease-in-out;transform:translate3d(0, 30px, 0)}.wp-block-uagb-image--layout-overlay__inner .uagb-image-caption{opacity:0;overflow:visible;color:#fff;transition:transform 0.45s, opacity 0.45s ease-in-out;transform:translate3d(0, 35px, 0)}.wp-block-uagb-image--layout-overlay__inner:hover .uagb-image-heading,.wp-block-uagb-image--layout-overlay__inner:hover .uagb-image-separator,.wp-block-uagb-image--layout-overlay__inner:hover .uagb-image-caption{opacity:1;transform:translate3d(0, 0, 0)}.wp-block-uagb-image--effect-zoomin .wp-block-uagb-image__figure img,.wp-block-uagb-image--effect-zoomin .wp-block-uagb-image__figure .wp-block-uagb-image--layout-overlay__color-wrapper{transform:scale(1);transition:transform 0.35s ease-in-out}.wp-block-uagb-image--effect-zoomin .wp-block-uagb-image__figure:hover img,.wp-block-uagb-image--effect-zoomin .wp-block-uagb-image__figure:hover .wp-block-uagb-image--layout-overlay__color-wrapper{transform:scale(1.05)}.wp-block-uagb-image--effect-slide .wp-block-uagb-image__figure img,.wp-block-uagb-image--effect-slide .wp-block-uagb-image__figure .wp-block-uagb-image--layout-overlay__color-wrapper{width:calc(100% + 40px) !important;max-width:none !important;transform:translate3d(-40px, 0, 0);transition:transform 0.35s ease-in-out}.wp-block-uagb-image--effect-slide .wp-block-uagb-image__figure:hover img,.wp-block-uagb-image--effect-slide .wp-block-uagb-image__figure:hover .wp-block-uagb-image--layout-overlay__color-wrapper{transform:translate3d(0, 0, 0)}.wp-block-uagb-image--effect-grayscale img{filter:grayscale(0%);transition:0.35s ease-in-out}.wp-block-uagb-image--effect-grayscale:hover img{filter:grayscale(100%)}.wp-block-uagb-image--effect-blur img{filter:blur(0);transition:0.35s ease-in-out}.wp-block-uagb-image--effect-blur:hover img{filter:blur(3px)}\n.uagb-block-e6f939b3.wp-block-uagb-image--layout-default figure img{box-shadow: 0px 0px 0 #00000070;}.uagb-block-e6f939b3.wp-block-uagb-image .wp-block-uagb-image__figure figcaption{font-style: normal;align-self: center;}.uagb-block-e6f939b3.wp-block-uagb-image--layout-overlay figure img{box-shadow: 0px 0px 0 #00000070;}.uagb-block-e6f939b3.wp-block-uagb-image--layout-overlay .wp-block-uagb-image--layout-overlay__color-wrapper{opacity: 0.2;}.uagb-block-e6f939b3.wp-block-uagb-image--layout-overlay .wp-block-uagb-image--layout-overlay__inner{left: 15px;right: 15px;top: 15px;bottom: 15px;}.uagb-block-e6f939b3.wp-block-uagb-image--layout-overlay .wp-block-uagb-image--layout-overlay__inner .uagb-image-heading{font-style: normal;color: #fff;opacity: 1;}.uagb-block-e6f939b3.wp-block-uagb-image--layout-overlay .wp-block-uagb-image--layout-overlay__inner .uagb-image-heading a{color: #fff;}.uagb-block-e6f939b3.wp-block-uagb-image--layout-overlay .wp-block-uagb-image--layout-overlay__inner .uagb-image-caption{opacity: 0;}.uagb-block-e6f939b3.wp-block-uagb-image--layout-overlay .wp-block-uagb-image__figure:hover .wp-block-uagb-image--layout-overlay__color-wrapper{opacity: 1;}.uagb-block-e6f939b3.wp-block-uagb-image .wp-block-uagb-image--layout-overlay__inner .uagb-image-separator{width: 30%;border-top-width: 2px;border-top-color: #fff;opacity: 0;}.uagb-block-e6f939b3.wp-block-uagb-image .wp-block-uagb-image__figure img{width: px;height: auto;}.uagb-block-e6f939b3.wp-block-uagb-image .wp-block-uagb-image__figure:hover .wp-block-uagb-image--layout-overlay__inner .uagb-image-caption{opacity: 1;}.uagb-block-e6f939b3.wp-block-uagb-image .wp-block-uagb-image__figure:hover .wp-block-uagb-image--layout-overlay__inner .uagb-image-separator{opacity: 1;}.uagb-block-e6f939b3.wp-block-uagb-image--layout-default figure:hover img{box-shadow: 0px 0px 0 #00000070;}.uagb-block-e6f939b3.wp-block-uagb-image--layout-overlay figure:hover img{box-shadow: 0px 0px 0 #00000070;}@media only screen and (max-width: 976px) {.uagb-block-e6f939b3.wp-block-uagb-image .wp-block-uagb-image__figure img{width: px;height: auto;}}@media only screen and (max-width: 767px) {.uagb-block-e6f939b3.wp-block-uagb-image .wp-block-uagb-image__figure img{width: px;height: auto;}}\";s:2:\"js\";s:0:\"\";s:18:\"current_block_list\";a:13:{i:0;s:11:\"core\/search\";i:1;s:10:\"core\/group\";i:2;s:12:\"core\/heading\";i:3;s:17:\"core\/latest-posts\";i:4;s:20:\"core\/latest-comments\";i:5;s:13:\"core\/archives\";i:6;s:15:\"core\/categories\";i:7;s:14:\"core\/paragraph\";i:8;s:10:\"uagb\/image\";i:9;s:11:\"core\/spacer\";i:10;s:30:\"woocommerce\/product-categories\";i:11;s:10:\"core\/image\";i:12;s:14:\"core\/shortcode\";}s:8:\"uag_flag\";b:1;s:11:\"uag_version\";s:10:\"1776756366\";s:6:\"gfonts\";a:0:{}s:10:\"gfonts_url\";s:0:\"\";s:12:\"gfonts_files\";a:0:{}s:14:\"uag_faq_layout\";b:0;}"]},"uagb_featured_image_src":{"full":["https:\/\/www.noleaky.com\/wp-content\/uploads\/2025\/06\/InhibitedAntifreeze5L.jpg",2560,2560,false],"thumbnail":["https:\/\/www.noleaky.com\/wp-content\/uploads\/2025\/06\/InhibitedAntifreeze5L-150x150.jpg",150,150,true],"medium":["https:\/\/www.noleaky.com\/wp-content\/uploads\/2025\/06\/InhibitedAntifreeze5L-300x300.jpg",300,300,true],"medium_large":["https:\/\/www.noleaky.com\/wp-content\/uploads\/2025\/06\/InhibitedAntifreeze5L-768x768.jpg",768,768,true],"large":["https:\/\/www.noleaky.com\/wp-content\/uploads\/2025\/06\/InhibitedAntifreeze5L-1024x1024.jpg",1024,1024,true],"1536x1536":["https:\/\/www.noleaky.com\/wp-content\/uploads\/2025\/06\/InhibitedAntifreeze5L-1536x1536.jpg",1536,1536,true],"2048x2048":["https:\/\/www.noleaky.com\/wp-content\/uploads\/2025\/06\/InhibitedAntifreeze5L-2048x2048.jpg",2048,2048,true],"trp-custom-language-flag":["https:\/\/www.noleaky.com\/wp-content\/uploads\/2025\/06\/InhibitedAntifreeze5L-12x12.jpg",12,12,true],"woocommerce_thumbnail":["https:\/\/www.noleaky.com\/wp-content\/uploads\/2025\/06\/InhibitedAntifreeze5L-300x300.jpg",300,300,true],"woocommerce_single":["https:\/\/www.noleaky.com\/wp-content\/uploads\/2025\/06\/InhibitedAntifreeze5L-600x600.jpg",600,600,true],"woocommerce_gallery_thumbnail":["https:\/\/www.noleaky.com\/wp-content\/uploads\/2025\/06\/InhibitedAntifreeze5L-100x100.jpg",100,100,true]},"uagb_author_info":{"display_name":"admin","author_link":"https:\/\/www.noleaky.com\/ee\/author\/"},"uagb_comment_info":85,"uagb_excerpt":"Complete frost and corrosion protection for heating systems down to -37\u00b0 C. Our boiler inhibited antifreeze is specially formulated to protect central heating systems from freezing in extreme temperatures as low as -37 degrees Celsius. It prevents ice formation inside pipes, radiators, and boilers, eliminating the risk of costly freeze damage during severe winter conditions.&hellip;","_links":{"self":[{"href":"https:\/\/www.noleaky.com\/ee\/wp-json\/wp\/v2\/product\/23004","targetHints":{"allow":["GET"]}}],"collection":[{"href":"https:\/\/www.noleaky.com\/ee\/wp-json\/wp\/v2\/product"}],"about":[{"href":"https:\/\/www.noleaky.com\/ee\/wp-json\/wp\/v2\/types\/product"}],"replies":[{"embeddable":true,"href":"https:\/\/www.noleaky.com\/ee\/wp-json\/wp\/v2\/comments?post=23004"}],"version-history":[{"count":4,"href":"https:\/\/www.noleaky.com\/ee\/wp-json\/wp\/v2\/product\/23004\/revisions"}],"predecessor-version":[{"id":33271,"href":"https:\/\/www.noleaky.com\/ee\/wp-json\/wp\/v2\/product\/23004\/revisions\/33271"}],"wp:featuredmedia":[{"embeddable":true,"href":"https:\/\/www.noleaky.com\/ee\/wp-json\/wp\/v2\/media\/23074"}],"wp:attachment":[{"href":"https:\/\/www.noleaky.com\/ee\/wp-json\/wp\/v2\/media?parent=23004"}],"wp:term":[{"taxonomy":"product_brand","embeddable":true,"href":"https:\/\/www.noleaky.com\/ee\/wp-json\/wp\/v2\/product_brand?post=23004"},{"taxonomy":"product_cat","embeddable":true,"href":"https:\/\/www.noleaky.com\/ee\/wp-json\/wp\/v2\/product_cat?post=23004"},{"taxonomy":"product_tag","embeddable":true,"href":"https:\/\/www.noleaky.com\/ee\/wp-json\/wp\/v2\/product_tag?post=23004"}],"curies":[{"name":"wp","href":"https:\/\/api.w.org\/{rel}","templated":true}]}}