{"id":22989,"date":"2025-06-02T15:49:05","date_gmt":"2025-06-02T13:49:05","guid":{"rendered":"https:\/\/www.noleaky.com\/products\/head-gasket-repair\/"},"modified":"2026-03-01T15:03:46","modified_gmt":"2026-03-01T14:03:46","slug":"head-gasket-repair","status":"publish","type":"product","link":"https:\/\/www.noleaky.com\/ee\/products\/head-gasket-repair\/","title":{"rendered":"Silindripea tihendi remont"},"content":{"rendered":"<p><strong><img decoding=\"async\" style=\"margin-right: 12px;\" src=\"https:\/\/www.noleaky.com\/wp-content\/uploads\/2026\/02\/Check.svg\" alt=\"\" width=\"18\" height=\"15\" \/>Parandab peadihendi probleeme ilma mootori kuluka demonteerimiseta.<\/strong> Meie peadihendi remondivalem on spetsiaalselt v\u00e4lja t\u00f6\u00f6tatud, et lahendada tavalisi peadihendiga seotud probleeme ilma kuluka mehaanilise remondita. See toimib jahutuss\u00fcsteemi seestpoolt, et tihendada kahjustatud peadihendite, v\u00e4ikeste pragude ja tihendamisvigade p\u00f5hjustatud lekkeid, aidates teil v\u00e4ltida aegan\u00f5udvat ja kulukat mootori lahtiv\u00f5tmist.<\/p>\n<p><strong><img decoding=\"async\" style=\"margin-right: 12px;\" src=\"https:\/\/www.noleaky.com\/wp-content\/uploads\/2026\/02\/Check.svg\" alt=\"\" width=\"18\" height=\"15\" \/>K\u00f5ige t\u00f5husam olemasolev sisemine tihendustehnoloogia.<\/strong> See on oma kategooria k\u00f5ige t\u00f5husam lahendus tihendite parandamiseks. Selle t\u00e4iustatud tihendusained ringlevad l\u00e4bi jahutuss\u00fcsteemi ja aktiveeruvad k\u00f5rgetel temperatuuridel, moodustades vastupidava tihendi t\u00e4pselt lekkekohas. See aitab lahendada selliseid probleeme nagu jahutusvedeliku kadu, jahutuss\u00fcsteemi liigne r\u00f5hk, \u00f5li saastumine jahutusvedelikus ja v\u00e4iksemad praod mootori osades.<\/p>\n<p><strong><img decoding=\"async\" style=\"margin-right: 12px;\" src=\"https:\/\/www.noleaky.com\/wp-content\/uploads\/2026\/02\/Check.svg\" alt=\"\" width=\"18\" height=\"15\" \/>Odavaim alternatiiv mootori kapitaalremondile.<\/strong> Peatihendi v\u00e4ljavahetamine v\u00f5i pragunenud mootoriploki parandamine v\u00f5ib maksta m\u00e4rkimisv\u00e4\u00e4rse summa. Meie toode on k\u00f5ige odavam professionaalne lahendus, mis pakub kuluefektiivset alternatiivi, mis v\u00f5ib taastada funktsionaalsuse ilma t\u00e4ieliku mehaanilise remondi rahalise koormuseta.<\/p>\n<p><strong><img decoding=\"async\" style=\"margin-right: 12px;\" src=\"https:\/\/www.noleaky.com\/wp-content\/uploads\/2026\/02\/Check.svg\" alt=\"\" width=\"18\" height=\"15\" \/>Garanteeritud 24-tunnine tarne kiireloomuliste mootoriprobleemide korral.<\/strong> Mootoriprobleemid n\u00f5uavad kohest t\u00e4helepanu. Seep\u00e4rast garanteerime 24-tunnise tarne, mis v\u00f5imaldab teil probleemi kiiresti lahendada ja v\u00e4hendada edasiste kahjustuste ohtu.<\/p>\n<p><strong><img decoding=\"async\" style=\"margin-right: 12px;\" src=\"https:\/\/www.noleaky.com\/wp-content\/uploads\/2026\/02\/Check.svg\" alt=\"\" width=\"18\" height=\"15\" \/>Raha tagasi garantii t\u00e4ieliku meelerahu tagamiseks.<\/strong> Me seisame oma peadihendi remondivalemi tulemuslikkuse eest. Kui te ei ole tulemustega rahul, pakume raha tagasi garantiid. V\u00f5tke meiega lihtsalt \u00fchendust ja me tagastame teie ostu, muutes teie investeeringu t\u00e4iesti riskivabaks.<\/p>\n<p><strong><img decoding=\"async\" style=\"margin-right: 12px;\" src=\"https:\/\/www.noleaky.com\/wp-content\/uploads\/2026\/02\/Check.svg\" alt=\"\" width=\"18\" height=\"15\" \/>\u00dchildub k\u00f5igi s\u00f5idukite mootorit\u00fc\u00fcpidega.<\/strong> Sobib autodele, veoautodele, kaubikutele, pikapidele, mootorratastele, quadidele, traktoritele ja paatidele, see mitmek\u00fclgne valem t\u00f6\u00f6tab bensiini- ja diiselmootoritega, kui seda kasutatakse vastavalt juhistele. See integreerub ohutult enamikku standardsetesse jahutuss\u00fcsteemidesse.<\/p>\n<p><strong><img decoding=\"async\" style=\"margin-right: 12px;\" src=\"https:\/\/www.noleaky.com\/wp-content\/uploads\/2026\/02\/Check.svg\" alt=\"\" width=\"18\" height=\"15\" \/>Aitab v\u00e4hendada jahutusvedeliku k\u00f5rgsurveprobleeme.<\/strong> Rikkis tihend v\u00f5ib p\u00f5hjustada ebanormaalset r\u00f5hu t\u00f5usu jahutuss\u00fcsteemis. Tihendades sisemised lekked, aitab toode stabiliseerida survetaset ja taastada s\u00fcsteemi normaalse k\u00e4itumise.<\/p>\n<p><strong><img decoding=\"async\" style=\"margin-right: 12px;\" src=\"https:\/\/www.noleaky.com\/wp-content\/uploads\/2026\/02\/Check.svg\" alt=\"\" width=\"18\" height=\"15\" \/>Tegeleb \u00f5lireostusega jahutusvedelikus.<\/strong> Kui \u00f5li seguneb jahutusvedelikuga tihendi rikke t\u00f5ttu, v\u00f5ib see p\u00f5hjustada t\u00f5siseid t\u00f6\u00f6v\u00f5ime probleeme. Koostis aitab tihendada sisemise lekke allikat, piirates ristsaastumist ja taastades s\u00fcsteemi eraldatuse.<\/p>\n<p><strong><img decoding=\"async\" style=\"margin-right: 12px;\" src=\"https:\/\/www.noleaky.com\/wp-content\/uploads\/2026\/02\/Check.svg\" alt=\"\" width=\"18\" height=\"15\" \/>Saab aidata v\u00e4iksemate pragunenud mootoriploki probleemide korral.<\/strong> V\u00e4ikeste pragude v\u00f5i poorsuste korral mootori osades moodustab toode kuumusega aktiveeritud tihendi, mis tugevdab n\u00f5rgemad kohad ja takistab edasist lekkimist.<\/p>\n<p><strong><img decoding=\"async\" style=\"margin-right: 12px;\" src=\"https:\/\/www.noleaky.com\/wp-content\/uploads\/2026\/02\/Check.svg\" alt=\"\" width=\"18\" height=\"15\" \/>Pikendab mootori eluiga ja taastab s\u00f5idetavuse.<\/strong> Tihendades lekkeid ja stabiliseerides jahutuss\u00fcsteemi, aitab toode taastada mootori sujuvama t\u00f6\u00f6, v\u00e4hendada \u00fclekuumenemisohtu ja pikendada teie s\u00f5iduki kasutusiga.<\/p>\n<h2><strong>Teie s\u00f5iduki jaoks vajalik kogus<\/strong><\/h2>\n<table width=\"100%\">\n<tbody>\n<tr>\n<td><strong>Mootori suurus<\/strong><\/td>\n<td><strong>Kogus<\/strong><\/td>\n<\/tr>\n<tr>\n<td>\n<div><\/div>\n<p>Kuni 0,9 liitrit<\/td>\n<td>\n<div><\/div>\n<p>1 pudel<\/td>\n<\/tr>\n<tr>\n<td>\n<div><\/div>\n<p>1 kuni 1,9 liitrit<\/td>\n<td>\n<div><\/div>\n<p>2 pudelit<\/td>\n<\/tr>\n<tr>\n<td>2-2,9 liitrit<\/td>\n<td>\n<div><\/div>\n<p>3 pudelit<\/td>\n<\/tr>\n<tr>\n<td>\n<div><\/div>\n<p>3 kuni 3,9 liitrit<\/td>\n<td>\n<div><\/div>\n<p>4 pudelit<\/td>\n<\/tr>\n<tr>\n<td>\n<div><\/div>\n<p>Rohkem kui 4 liitrit<\/td>\n<td>\n<div><\/div>\n<p>5 pudelit<\/td>\n<\/tr>\n<\/tbody>\n<\/table>\n<h2><strong>Juhised<\/strong><\/h2>\n<ul>\n<li>Enne jahutuss\u00fcsteemi avamist veenduge, et mootor on t\u00e4ielikult jahtunud.<\/li>\n<li>Enne kasutamist loksutage pudelit p\u00f5hjalikult.<\/li>\n<li>Kontrollige jahutusvedeliku taset ja seisukorda. Kui s\u00fcsteem on tugevalt reostunud, loputage seda enne toote kasutamist.<\/li>\n<li>\u00c4rge t\u00fchjendage jahutusvedelikku, kui see ei ole m\u00e4\u00e4rdunud v\u00f5i sobimatu. Toode lisatakse otse olemasolevale jahutusvedelikule.<\/li>\n<li>Valage vajalik arv pudeleid radiaatorisse v\u00f5i paisupaaki vastavalt s\u00f5iduki konstruktsioonile.<\/li>\n<li>K\u00e4ivitage mootor ja laske tal saavutada t\u00f6\u00f6temperatuur.<\/li>\n<li>Laske mootoril umbes 20-30 minutit t\u00fchik\u00e4igul t\u00f6\u00f6tada, kusjuures k\u00fctja on seatud maksimaalsele tasemele, et v\u00f5imaldada t\u00e4ielikku ringlust.<\/li>\n<li>Veenduge, et jahutusventilaator l\u00fclitub v\u00e4hemalt \u00fcks kord sisse ja v\u00e4lja, et kinnitada temperatuuri n\u00f5uetekohast aktiveerimist.<\/li>\n<li>L\u00fclitage mootor v\u00e4lja ja laske tal t\u00e4ielikult jahtuda.<\/li>\n<li>Kontrollige jahutusvedeliku taset ja vajadusel t\u00e4iendage seda. J\u00e4lgige s\u00f5idukit j\u00e4rgmiste s\u00f5iduts\u00fcklite jooksul.<\/li>\n<\/ul>","protected":false},"excerpt":{"rendered":"<p>Repairs head gasket issues without expensive engine dismantling. Our head gasket repair formula is specially developed to solve common head gasket-related problems without the need for costly mechanical repairs. It works from inside the cooling system to seal leaks caused by damaged head gaskets, minor cracks, and sealing failures, helping you avoid time-consuming and expensive [&hellip;]<\/p>\n","protected":false},"featured_media":23043,"comment_status":"open","ping_status":"closed","template":"","meta":{"_uag_custom_page_level_css":"","site-sidebar-layout":"default","site-content-layout":"","ast-site-content-layout":"default","site-content-style":"default","site-sidebar-style":"default","ast-global-header-display":"","ast-banner-title-visibility":"","ast-main-header-display":"","ast-hfb-above-header-display":"","ast-hfb-below-header-display":"","ast-hfb-mobile-header-display":"","site-post-title":"","ast-breadcrumbs-content":"","ast-featured-img":"","footer-sml-layout":"","ast-disable-related-posts":"","theme-transparent-header-meta":"default","adv-header-id-meta":"","stick-header-meta":"","header-above-stick-meta":"","header-main-stick-meta":"","header-below-stick-meta":"","astra-migrate-meta-layouts":"set","ast-page-background-enabled":"default","ast-page-background-meta":{"desktop":{"background-color":"var(--ast-global-color-4)","background-image":"","background-repeat":"repeat","background-position":"center center","background-size":"auto","background-attachment":"scroll","background-type":"","background-media":"","overlay-type":"","overlay-color":"","overlay-opacity":"","overlay-gradient":""},"tablet":{"background-color":"","background-image":"","background-repeat":"repeat","background-position":"center center","background-size":"auto","background-attachment":"scroll","background-type":"","background-media":"","overlay-type":"","overlay-color":"","overlay-opacity":"","overlay-gradient":""},"mobile":{"background-color":"","background-image":"","background-repeat":"repeat","background-position":"center center","background-size":"auto","background-attachment":"scroll","background-type":"","background-media":"","overlay-type":"","overlay-color":"","overlay-opacity":"","overlay-gradient":""}},"ast-content-background-meta":{"desktop":{"background-color":"var(--ast-global-color-5)","background-image":"","background-repeat":"repeat","background-position":"center center","background-size":"auto","background-attachment":"scroll","background-type":"","background-media":"","overlay-type":"","overlay-color":"","overlay-opacity":"","overlay-gradient":""},"tablet":{"background-color":"var(--ast-global-color-5)","background-image":"","background-repeat":"repeat","background-position":"center center","background-size":"auto","background-attachment":"scroll","background-type":"","background-media":"","overlay-type":"","overlay-color":"","overlay-opacity":"","overlay-gradient":""},"mobile":{"background-color":"var(--ast-global-color-5)","background-image":"","background-repeat":"repeat","background-position":"center center","background-size":"auto","background-attachment":"scroll","background-type":"","background-media":"","overlay-type":"","overlay-color":"","overlay-opacity":"","overlay-gradient":""}}},"product_brand":[],"product_cat":[176],"product_tag":[],"class_list":{"0":"post-22989","1":"product","2":"type-product","3":"status-publish","4":"has-post-thumbnail","6":"product_cat-automotive","7":"desktop-align-left","8":"tablet-align-left","9":"mobile-align-left","11":"first","12":"instock","13":"shipping-taxable","14":"purchasable","15":"product-type-simple"},"spectra_custom_meta":{"_visibility":["visible"],"_shopify_product_id":["1706250928162"],"_s2w_shopify_domain":["noleaky.myshopify.com"],"_shopify_variant_id":["29500068954146"],"_sku":["NLHEADGASKETREPAIR"],"_regular_price":["29.90"],"_price":["29.90"],"_weight":["0.45"],"_thumbnail_id":["23043"],"_global_unique_id":["5056773800687"],"total_sales":["3793"],"_tax_status":["taxable"],"_tax_class":[""],"_manage_stock":["no"],"_backorders":["no"],"_sold_individually":["no"],"_virtual":["no"],"_downloadable":["no"],"_download_limit":["-1"],"_download_expiry":["-1"],"_stock":[null],"_stock_status":["instock"],"_wc_average_rating":["4.76"],"_wc_review_count":["229"],"_product_version":["10.5.2"],"_edit_lock":["1772373837:1"],"merchant-center-availability":["yes"],"merchant-center-category":["2517"],"merchant-center-id":["HGR"],"_edit_last":["1"],"_wp_page_template":["default"],"site-sidebar-layout":["default"],"ast-site-content-layout":["default"],"site-content-style":["default"],"site-sidebar-style":["default"],"theme-transparent-header-meta":["default"],"_wc_rating_count":["a:3:{i:3;i:10;i:4;i:35;i:5;i:184;}"],"_upsell_ids":["a:3:{i:0;i:22975;i:1;i:23022;i:2;i:23025;}"],"_crosssell_ids":["a:3:{i:0;i:22975;i:1;i:23022;i:2;i:23025;}"],"astra-migrate-meta-layouts":["set"],"_uag_css_file_name":["uag-css-22989.css"],"_elementor_page_assets":["a:0:{}"]},"uagb_featured_image_src":{"full":["https:\/\/www.noleaky.com\/wp-content\/uploads\/2025\/06\/HeadGasketfinal.png",2560,2560,false],"thumbnail":["https:\/\/www.noleaky.com\/wp-content\/uploads\/2025\/06\/HeadGasketfinal-150x150.png",150,150,true],"medium":["https:\/\/www.noleaky.com\/wp-content\/uploads\/2025\/06\/HeadGasketfinal-300x300.png",300,300,true],"medium_large":["https:\/\/www.noleaky.com\/wp-content\/uploads\/2025\/06\/HeadGasketfinal-768x768.png",768,768,true],"large":["https:\/\/www.noleaky.com\/wp-content\/uploads\/2025\/06\/HeadGasketfinal-1024x1024.png",1024,1024,true],"1536x1536":["https:\/\/www.noleaky.com\/wp-content\/uploads\/2025\/06\/HeadGasketfinal-1536x1536.png",1536,1536,true],"2048x2048":["https:\/\/www.noleaky.com\/wp-content\/uploads\/2025\/06\/HeadGasketfinal-2048x2048.png",2048,2048,true],"trp-custom-language-flag":["https:\/\/www.noleaky.com\/wp-content\/uploads\/2025\/06\/HeadGasketfinal-12x12.png",12,12,true],"woocommerce_thumbnail":["https:\/\/www.noleaky.com\/wp-content\/uploads\/2025\/06\/HeadGasketfinal-300x300.png",300,300,true],"woocommerce_single":["https:\/\/www.noleaky.com\/wp-content\/uploads\/2025\/06\/HeadGasketfinal-600x600.png",600,600,true],"woocommerce_gallery_thumbnail":["https:\/\/www.noleaky.com\/wp-content\/uploads\/2025\/06\/HeadGasketfinal-100x100.png",100,100,true]},"uagb_author_info":{"display_name":"admin","author_link":"https:\/\/www.noleaky.com\/ee\/author\/"},"uagb_comment_info":229,"uagb_excerpt":"Repairs head gasket issues without expensive engine dismantling. Our head gasket repair formula is specially developed to solve common head gasket-related problems without the need for costly mechanical repairs. It works from inside the cooling system to seal leaks caused by damaged head gaskets, minor cracks, and sealing failures, helping you avoid time-consuming and expensive&hellip;","_links":{"self":[{"href":"https:\/\/www.noleaky.com\/ee\/wp-json\/wp\/v2\/product\/22989","targetHints":{"allow":["GET"]}}],"collection":[{"href":"https:\/\/www.noleaky.com\/ee\/wp-json\/wp\/v2\/product"}],"about":[{"href":"https:\/\/www.noleaky.com\/ee\/wp-json\/wp\/v2\/types\/product"}],"replies":[{"embeddable":true,"href":"https:\/\/www.noleaky.com\/ee\/wp-json\/wp\/v2\/comments?post=22989"}],"version-history":[{"count":10,"href":"https:\/\/www.noleaky.com\/ee\/wp-json\/wp\/v2\/product\/22989\/revisions"}],"predecessor-version":[{"id":33277,"href":"https:\/\/www.noleaky.com\/ee\/wp-json\/wp\/v2\/product\/22989\/revisions\/33277"}],"wp:featuredmedia":[{"embeddable":true,"href":"https:\/\/www.noleaky.com\/ee\/wp-json\/wp\/v2\/media\/23043"}],"wp:attachment":[{"href":"https:\/\/www.noleaky.com\/ee\/wp-json\/wp\/v2\/media?parent=22989"}],"wp:term":[{"taxonomy":"product_brand","embeddable":true,"href":"https:\/\/www.noleaky.com\/ee\/wp-json\/wp\/v2\/product_brand?post=22989"},{"taxonomy":"product_cat","embeddable":true,"href":"https:\/\/www.noleaky.com\/ee\/wp-json\/wp\/v2\/product_cat?post=22989"},{"taxonomy":"product_tag","embeddable":true,"href":"https:\/\/www.noleaky.com\/ee\/wp-json\/wp\/v2\/product_tag?post=22989"}],"curies":[{"name":"wp","href":"https:\/\/api.w.org\/{rel}","templated":true}]}}