{"id":22985,"date":"2025-06-02T15:48:58","date_gmt":"2025-06-02T13:48:58","guid":{"rendered":"https:\/\/www.noleaky.com\/products\/diesel-particulate-filter-and-turbo-cleaner\/"},"modified":"2026-03-01T17:05:42","modified_gmt":"2026-03-01T16:05:42","slug":"diesel-particulate-filter-and-turbo-cleaner","status":"publish","type":"product","link":"https:\/\/www.noleaky.com\/ee\/products\/diesel-particulate-filter-and-turbo-cleaner\/","title":{"rendered":"Diiselosakeste filtri ja turbolaaduri puhasti"},"content":{"rendered":"<p><strong><img decoding=\"async\" style=\"margin-right: 12px;\" src=\"https:\/\/www.noleaky.com\/wp-content\/uploads\/2026\/02\/Check.svg\" alt=\"\" width=\"18\" height=\"15\" \/>Puhastab diisli tahkete osakeste filtri ja turbolaaduri p\u00f5hjalikult \u00fche t\u00f6\u00f6tlemisprotseduuriga.<\/strong> Meie diisli tahkete osakeste filtri ja turbolaaduri puhastusvahend on spetsiaalselt koostatud diisli tahkete osakeste filtri ja turbos\u00fcsteemi kogunevate tahma, s\u00fcsiniku ja p\u00f5lemisj\u00e4\u00e4kide eemaldamiseks. See toimib l\u00e4bi k\u00fctuses\u00fcsteemi, et puhastada kriitilisi komponente j\u00e4rk-j\u00e4rgult s\u00f5idu ajal, taastades \u00f5huvoolu ja mootori t\u00f5hususe ilma l\u00f5hkumiseta.<\/p>\n<p><strong><img decoding=\"async\" style=\"margin-right: 12px;\" src=\"https:\/\/www.noleaky.com\/wp-content\/uploads\/2026\/02\/Check.svg\" alt=\"\" width=\"18\" height=\"15\" \/>K\u00f5ige t\u00f5husam diisli tahkete osakeste filtri ja turbo puhastuslahendus turul.<\/strong> T\u00e4nu t\u00e4iustatud katal\u00fc\u00fctilisele ja detergentide tehnoloogiale v\u00e4hendab see koostis aktiivselt tahma p\u00f5lemistemperatuuri ja lahustab kangekaelseid ladestusi kiiremini kui tavalised lisandid. See toetab tahkete osakeste filtri optimaalset regenereerimist ja parandab turbo j\u00f5udlust, mis annab n\u00e4htava ja m\u00f5\u00f5detava tulemuse.<\/p>\n<p><strong><img decoding=\"async\" style=\"margin-right: 12px;\" src=\"https:\/\/www.noleaky.com\/wp-content\/uploads\/2026\/02\/Check.svg\" alt=\"\" width=\"18\" height=\"15\" \/>K\u00f5ige odavam professionaalne lahendus.<\/strong> Pakume puhastustehnikat t\u00f6\u00f6koja tasemel k\u00f5ige konkurentsiv\u00f5imelisemate hindadega. Selle asemel, et maksta kallist sundregenereerimise v\u00f5i mehaanilise demonteerimise eest, saate taastada s\u00fcsteemi t\u00f5hususe vaid murdosa kuludest.<\/p>\n<p><strong><img decoding=\"async\" style=\"margin-right: 12px;\" src=\"https:\/\/www.noleaky.com\/wp-content\/uploads\/2026\/02\/Check.svg\" alt=\"\" width=\"18\" height=\"15\" \/>24-tunnine tarne, et v\u00e4hendada s\u00f5iduki seisakuid.<\/strong> Tagame 24-tunnise tarne, et saaksite kiiresti tegeleda hoiatustulede, v\u00e4henenud v\u00f5imsuse v\u00f5i regenereerimisega seotud probleemidega. Kiire tarne tagab, et saate kohe tegutseda ja v\u00e4ltida pikaajalisi j\u00f5udlusprobleeme.<\/p>\n<p><strong><img decoding=\"async\" style=\"margin-right: 12px;\" src=\"https:\/\/www.noleaky.com\/wp-content\/uploads\/2026\/02\/Check.svg\" alt=\"\" width=\"18\" height=\"15\" \/>Raha tagasi garantii t\u00e4ieliku usalduse tagamiseks.<\/strong> Pakume t\u00e4ielikku raha tagasi garantiid. Kui te ei ole t\u00e4ielikult rahul meie diisli tahkete osakeste filtri ja turbolaaduri puhastusvahendi toimimisega, tagastame teile raha tagasi. Teie tellimus on t\u00e4iesti riskivaba.<\/p>\n<p><strong><img decoding=\"async\" style=\"margin-right: 12px;\" src=\"https:\/\/www.noleaky.com\/wp-content\/uploads\/2026\/02\/Check.svg\" alt=\"\" width=\"18\" height=\"15\" \/>Taastab mootori v\u00f5imsuse ja kiirenduse.<\/strong> Ummistunud diisli tahkete osakeste filter ja s\u00fcsiniku poolt piiratud turbo v\u00e4hendavad \u00f5huvoolu ja mootori reaktsiooni. M\u00f5lema s\u00fcsteemi puhastamisega aitab meie toode taastada kaotatud v\u00f5imsuse, sujuvama kiirenduse ja parema \u00fcldise s\u00f5idetavuse.<\/p>\n<p><strong><img decoding=\"async\" style=\"margin-right: 12px;\" src=\"https:\/\/www.noleaky.com\/wp-content\/uploads\/2026\/02\/Check.svg\" alt=\"\" width=\"18\" height=\"15\" \/>Toetab diisli tahkete osakeste filtri n\u00f5uetekohast regenereerimist ja takistab selle ummistumist.<\/strong> Koostis aitab v\u00e4hendada tahma s\u00fcttimistemperatuuri, v\u00f5imaldades t\u00f5husamaid passiivseid ja aktiivseid regenereerimists\u00fckleid. See hoiab \u00e4ra enneaegse ummistumise ja v\u00e4hendab hoiatustulede sagedust.<\/p>\n<p><strong><img decoding=\"async\" style=\"margin-right: 12px;\" src=\"https:\/\/www.noleaky.com\/wp-content\/uploads\/2026\/02\/Check.svg\" alt=\"\" width=\"18\" height=\"15\" \/>Parandab k\u00fctuses\u00e4\u00e4stlikkust ja v\u00e4hendab tarbimist.<\/strong> Puhtam p\u00f5lemine ja parem heitgaasivool v\u00f5imaldavad mootoril t\u00f6\u00f6tada t\u00f5husamalt, mis aitab aja jooksul v\u00e4hendada k\u00fctusekulu.<\/p>\n<p><strong><img decoding=\"async\" style=\"margin-right: 12px;\" src=\"https:\/\/www.noleaky.com\/wp-content\/uploads\/2026\/02\/Check.svg\" alt=\"\" width=\"18\" height=\"15\" \/>V\u00e4hendab kahjulikke heitkoguseid ja heitgaasisuitsu.<\/strong> Puhastades tahma kogunemist ja parandades p\u00f5lemiskvaliteeti, aitab toode kaasa v\u00e4iksematele tahkete osakeste heitkogustele ja puhtamale heitgaasile.<\/p>\n<p><strong><img decoding=\"async\" style=\"margin-right: 12px;\" src=\"https:\/\/www.noleaky.com\/wp-content\/uploads\/2026\/02\/Check.svg\" alt=\"\" width=\"18\" height=\"15\" \/>Lihtne ja professionaalse tulemuse saavutav manustamine.<\/strong> Mugavuse huvides on see puhastaja lisatud otse k\u00fctusepaaki ja toimib automaatselt tavalise s\u00f5idu ajal. Ei ole vaja spetsiaalseid t\u00f6\u00f6riistu, demonteerimist ega keerulisi protseduure.<\/p>\n<h2><strong>Juhised<\/strong><\/h2>\n<ul>\n<li>Enne toote lisamist veenduge, et k\u00fctusepaagis on madal tase (ideaalis alla veerandi).<\/li>\n<li>Enne kasutamist loksutage pudelit p\u00f5hjalikult.<\/li>\n<li>Valage kogu pudeli sisu otse diislik\u00fctuse paaki.<\/li>\n<li>P\u00e4rast puhastusvahendi lisamist t\u00e4itke paak diislik\u00fctusega, et tagada n\u00f5uetekohane lahjendamine ja segunemine.<\/li>\n<li>\u00dcks t\u00e4is pudel sobib umbes 50-70-liitrise k\u00fctusepaagi jaoks. V\u00e4iksemate paakide puhul kohandage annust proportsionaalselt.<\/li>\n<li>S\u00f5idke s\u00f5idukiga v\u00f5imaluse korral v\u00e4hemalt 20-30 minutit p\u00fcsikiirusel \u00fcle 2000 p\u00f6\u00f6rde minutis, et soodustada t\u00f5husat puhastamist ja toetada diisli tahkete osakeste filtri regenereerimist.<\/li>\n<li>V\u00e4ltige l\u00fchikesi v\u00e4ljas\u00f5ite t\u00f6\u00f6tlemisperioodi jooksul, et s\u00fcsteem j\u00f5uaks optimaalsele t\u00f6\u00f6temperatuurile.<\/li>\n<li>Kui diisli tahkete osakeste filtri hoiatustuli p\u00f5leb tugeva ummistumise t\u00f5ttu, v\u00f5ib p\u00e4rast esimese t\u00f6\u00f6deldud paagi ammendamist teha teise t\u00f6\u00f6tluse.<\/li>\n<li>Ennetavaks hoolduseks kasutage toodet s\u00f5ltuvalt s\u00f5idutingimustest iga 8000 kuni 15 000 kilomeetri j\u00e4rel.<\/li>\n<li>\u00c4rge \u00fcletage soovitatud annust ja hoidke toodet jahedas ja kuivas kohas, eemal otsesest p\u00e4ikesevalgusest ja soojusallikatest.<\/li>\n<\/ul>","protected":false},"excerpt":{"rendered":"<p>Deeply cleans the diesel particulate filter and turbocharger in one single treatment. Our diesel particulate filter and turbocharger cleaner is specially formulated to remove soot, carbon deposits, and combustion residues that accumulate in the diesel particulate filter and turbo system. It works through the fuel system to clean critical components progressively while you drive, restoring [&hellip;]<\/p>\n","protected":false},"featured_media":23035,"comment_status":"open","ping_status":"closed","template":"","meta":{"_uag_custom_page_level_css":"","site-sidebar-layout":"default","site-content-layout":"","ast-site-content-layout":"default","site-content-style":"default","site-sidebar-style":"default","ast-global-header-display":"","ast-banner-title-visibility":"","ast-main-header-display":"","ast-hfb-above-header-display":"","ast-hfb-below-header-display":"","ast-hfb-mobile-header-display":"","site-post-title":"","ast-breadcrumbs-content":"","ast-featured-img":"","footer-sml-layout":"","ast-disable-related-posts":"","theme-transparent-header-meta":"default","adv-header-id-meta":"","stick-header-meta":"","header-above-stick-meta":"","header-main-stick-meta":"","header-below-stick-meta":"","astra-migrate-meta-layouts":"set","ast-page-background-enabled":"default","ast-page-background-meta":{"desktop":{"background-color":"var(--ast-global-color-4)","background-image":"","background-repeat":"repeat","background-position":"center center","background-size":"auto","background-attachment":"scroll","background-type":"","background-media":"","overlay-type":"","overlay-color":"","overlay-opacity":"","overlay-gradient":""},"tablet":{"background-color":"","background-image":"","background-repeat":"repeat","background-position":"center center","background-size":"auto","background-attachment":"scroll","background-type":"","background-media":"","overlay-type":"","overlay-color":"","overlay-opacity":"","overlay-gradient":""},"mobile":{"background-color":"","background-image":"","background-repeat":"repeat","background-position":"center center","background-size":"auto","background-attachment":"scroll","background-type":"","background-media":"","overlay-type":"","overlay-color":"","overlay-opacity":"","overlay-gradient":""}},"ast-content-background-meta":{"desktop":{"background-color":"var(--ast-global-color-5)","background-image":"","background-repeat":"repeat","background-position":"center center","background-size":"auto","background-attachment":"scroll","background-type":"","background-media":"","overlay-type":"","overlay-color":"","overlay-opacity":"","overlay-gradient":""},"tablet":{"background-color":"var(--ast-global-color-5)","background-image":"","background-repeat":"repeat","background-position":"center center","background-size":"auto","background-attachment":"scroll","background-type":"","background-media":"","overlay-type":"","overlay-color":"","overlay-opacity":"","overlay-gradient":""},"mobile":{"background-color":"var(--ast-global-color-5)","background-image":"","background-repeat":"repeat","background-position":"center center","background-size":"auto","background-attachment":"scroll","background-type":"","background-media":"","overlay-type":"","overlay-color":"","overlay-opacity":"","overlay-gradient":""}}},"product_brand":[],"product_cat":[176],"product_tag":[],"class_list":{"0":"post-22985","1":"product","2":"type-product","3":"status-publish","4":"has-post-thumbnail","6":"product_cat-automotive","7":"desktop-align-left","8":"tablet-align-left","9":"mobile-align-left","11":"first","12":"instock","13":"shipping-taxable","14":"purchasable","15":"product-type-simple"},"spectra_custom_meta":{"_visibility":["visible"],"_shopify_product_id":["7960299241692"],"_s2w_shopify_domain":["noleaky.myshopify.com"],"_shopify_variant_id":["43735152034012"],"_sku":["NLDIESELPARTICULATEFILTERTURBOCLEANER"],"_regular_price":["19.90"],"_price":["19.90"],"_sale_price":[""],"_weight":["0.35"],"_thumbnail_id":["23035"],"_global_unique_id":["5056773800649"],"total_sales":["250"],"_tax_status":["taxable"],"_tax_class":[""],"_manage_stock":["no"],"_backorders":["no"],"_sold_individually":["no"],"_virtual":["no"],"_downloadable":["no"],"_download_limit":["-1"],"_download_expiry":["-1"],"_stock":[null],"_stock_status":["instock"],"_wc_average_rating":["4.96"],"_wc_review_count":["72"],"_product_version":["10.5.2"],"_edit_lock":["1772381039:1"],"merchant-center-availability":["yes"],"merchant-center-category":["2788"],"merchant-center-id":["DPFTC"],"_edit_last":["1"],"_wp_page_template":["default"],"site-sidebar-layout":["default"],"ast-site-content-layout":["default"],"site-content-style":["default"],"site-sidebar-style":["default"],"theme-transparent-header-meta":["default"],"_wc_rating_count":["a:2:{i:4;i:3;i:5;i:69;}"],"_upsell_ids":["a:3:{i:0;i:22975;i:1;i:22986;i:2;i:23011;}"],"_crosssell_ids":["a:3:{i:0;i:22975;i:1;i:22986;i:2;i:23011;}"],"astra-migrate-meta-layouts":["set"],"_uag_css_file_name":["uag-css-22985.css"],"_elementor_page_assets":["a:0:{}"],"_uag_page_assets":["a:9:{s:3:\"css\";s:6893:\".wp-block-uagb-image{display:flex}.wp-block-uagb-image__figure{position:relative;display:flex;flex-direction:column;max-width:100%;height:auto;margin:0}.wp-block-uagb-image__figure img{height:auto;display:flex;max-width:100%;transition:box-shadow 0.2s ease}.wp-block-uagb-image__figure>a{display:inline-block}.wp-block-uagb-image__figure figcaption{text-align:center;margin-top:0.5em;margin-bottom:1em}.wp-block-uagb-image .components-placeholder.block-editor-media-placeholder .components-placeholder__instructions{align-self:center}.wp-block-uagb-image--align-left{text-align:left}.wp-block-uagb-image--align-right{text-align:right}.wp-block-uagb-image--align-center{text-align:center}.wp-block-uagb-image--align-full .wp-block-uagb-image__figure{margin-left:calc(50% - 50vw);margin-right:calc(50% - 50vw);max-width:100vw;width:100vw;height:auto}.wp-block-uagb-image--align-full .wp-block-uagb-image__figure img{height:auto;width:100% !important}.wp-block-uagb-image--align-wide .wp-block-uagb-image__figure img{height:auto;width:100%}.wp-block-uagb-image--layout-overlay__color-wrapper{position:absolute;left:0;top:0;right:0;bottom:0;opacity:0.2;background:rgba(0,0,0,0.5);transition:opacity 0.35s ease-in-out}.wp-block-uagb-image--layout-overlay-link{position:absolute;left:0;right:0;bottom:0;top:0}.wp-block-uagb-image--layout-overlay .wp-block-uagb-image__figure:hover .wp-block-uagb-image--layout-overlay__color-wrapper{opacity:1}.wp-block-uagb-image--layout-overlay__inner{position:absolute;left:15px;right:15px;bottom:15px;top:15px;display:flex;align-items:center;justify-content:center;flex-direction:column;border-color:#fff;transition:0.35s ease-in-out}.wp-block-uagb-image--layout-overlay__inner.top-left,.wp-block-uagb-image--layout-overlay__inner.top-center,.wp-block-uagb-image--layout-overlay__inner.top-right{justify-content:flex-start}.wp-block-uagb-image--layout-overlay__inner.bottom-left,.wp-block-uagb-image--layout-overlay__inner.bottom-center,.wp-block-uagb-image--layout-overlay__inner.bottom-right{justify-content:flex-end}.wp-block-uagb-image--layout-overlay__inner.top-left,.wp-block-uagb-image--layout-overlay__inner.center-left,.wp-block-uagb-image--layout-overlay__inner.bottom-left{align-items:flex-start}.wp-block-uagb-image--layout-overlay__inner.top-right,.wp-block-uagb-image--layout-overlay__inner.center-right,.wp-block-uagb-image--layout-overlay__inner.bottom-right{align-items:flex-end}.wp-block-uagb-image--layout-overlay__inner .uagb-image-heading{color:#fff;transition:transform 0.35s, opacity 0.35s ease-in-out;transform:translate3d(0, 24px, 0);margin:0;line-height:1em}.wp-block-uagb-image--layout-overlay__inner .uagb-image-separator{width:30%;border-top-width:2px;border-top-color:#fff;border-top-style:solid;margin-bottom:10px;opacity:0;transition:transform 0.4s, opacity 0.4s ease-in-out;transform:translate3d(0, 30px, 0)}.wp-block-uagb-image--layout-overlay__inner .uagb-image-caption{opacity:0;overflow:visible;color:#fff;transition:transform 0.45s, opacity 0.45s ease-in-out;transform:translate3d(0, 35px, 0)}.wp-block-uagb-image--layout-overlay__inner:hover .uagb-image-heading,.wp-block-uagb-image--layout-overlay__inner:hover .uagb-image-separator,.wp-block-uagb-image--layout-overlay__inner:hover .uagb-image-caption{opacity:1;transform:translate3d(0, 0, 0)}.wp-block-uagb-image--effect-zoomin .wp-block-uagb-image__figure img,.wp-block-uagb-image--effect-zoomin .wp-block-uagb-image__figure .wp-block-uagb-image--layout-overlay__color-wrapper{transform:scale(1);transition:transform 0.35s ease-in-out}.wp-block-uagb-image--effect-zoomin .wp-block-uagb-image__figure:hover img,.wp-block-uagb-image--effect-zoomin .wp-block-uagb-image__figure:hover .wp-block-uagb-image--layout-overlay__color-wrapper{transform:scale(1.05)}.wp-block-uagb-image--effect-slide .wp-block-uagb-image__figure img,.wp-block-uagb-image--effect-slide .wp-block-uagb-image__figure .wp-block-uagb-image--layout-overlay__color-wrapper{width:calc(100% + 40px) !important;max-width:none !important;transform:translate3d(-40px, 0, 0);transition:transform 0.35s ease-in-out}.wp-block-uagb-image--effect-slide .wp-block-uagb-image__figure:hover img,.wp-block-uagb-image--effect-slide .wp-block-uagb-image__figure:hover .wp-block-uagb-image--layout-overlay__color-wrapper{transform:translate3d(0, 0, 0)}.wp-block-uagb-image--effect-grayscale img{filter:grayscale(0%);transition:0.35s ease-in-out}.wp-block-uagb-image--effect-grayscale:hover img{filter:grayscale(100%)}.wp-block-uagb-image--effect-blur img{filter:blur(0);transition:0.35s ease-in-out}.wp-block-uagb-image--effect-blur:hover img{filter:blur(3px)}\n.uagb-block-e6f939b3.wp-block-uagb-image--layout-default figure img{box-shadow: 0px 0px 0 #00000070;}.uagb-block-e6f939b3.wp-block-uagb-image .wp-block-uagb-image__figure figcaption{font-style: normal;align-self: center;}.uagb-block-e6f939b3.wp-block-uagb-image--layout-overlay figure img{box-shadow: 0px 0px 0 #00000070;}.uagb-block-e6f939b3.wp-block-uagb-image--layout-overlay .wp-block-uagb-image--layout-overlay__color-wrapper{opacity: 0.2;}.uagb-block-e6f939b3.wp-block-uagb-image--layout-overlay .wp-block-uagb-image--layout-overlay__inner{left: 15px;right: 15px;top: 15px;bottom: 15px;}.uagb-block-e6f939b3.wp-block-uagb-image--layout-overlay .wp-block-uagb-image--layout-overlay__inner .uagb-image-heading{font-style: normal;color: #fff;opacity: 1;}.uagb-block-e6f939b3.wp-block-uagb-image--layout-overlay .wp-block-uagb-image--layout-overlay__inner .uagb-image-heading a{color: #fff;}.uagb-block-e6f939b3.wp-block-uagb-image--layout-overlay .wp-block-uagb-image--layout-overlay__inner .uagb-image-caption{opacity: 0;}.uagb-block-e6f939b3.wp-block-uagb-image--layout-overlay .wp-block-uagb-image__figure:hover .wp-block-uagb-image--layout-overlay__color-wrapper{opacity: 1;}.uagb-block-e6f939b3.wp-block-uagb-image .wp-block-uagb-image--layout-overlay__inner .uagb-image-separator{width: 30%;border-top-width: 2px;border-top-color: #fff;opacity: 0;}.uagb-block-e6f939b3.wp-block-uagb-image .wp-block-uagb-image__figure img{width: px;height: auto;}.uagb-block-e6f939b3.wp-block-uagb-image .wp-block-uagb-image__figure:hover .wp-block-uagb-image--layout-overlay__inner .uagb-image-caption{opacity: 1;}.uagb-block-e6f939b3.wp-block-uagb-image .wp-block-uagb-image__figure:hover .wp-block-uagb-image--layout-overlay__inner .uagb-image-separator{opacity: 1;}.uagb-block-e6f939b3.wp-block-uagb-image--layout-default figure:hover img{box-shadow: 0px 0px 0 #00000070;}.uagb-block-e6f939b3.wp-block-uagb-image--layout-overlay figure:hover img{box-shadow: 0px 0px 0 #00000070;}@media only screen and (max-width: 976px) {.uagb-block-e6f939b3.wp-block-uagb-image .wp-block-uagb-image__figure img{width: px;height: auto;}}@media only screen and (max-width: 767px) {.uagb-block-e6f939b3.wp-block-uagb-image .wp-block-uagb-image__figure img{width: px;height: auto;}}\";s:2:\"js\";s:0:\"\";s:18:\"current_block_list\";a:13:{i:0;s:11:\"core\/search\";i:1;s:10:\"core\/group\";i:2;s:12:\"core\/heading\";i:3;s:17:\"core\/latest-posts\";i:4;s:20:\"core\/latest-comments\";i:5;s:13:\"core\/archives\";i:6;s:15:\"core\/categories\";i:7;s:14:\"core\/paragraph\";i:8;s:10:\"uagb\/image\";i:9;s:11:\"core\/spacer\";i:10;s:30:\"woocommerce\/product-categories\";i:11;s:10:\"core\/image\";i:12;s:14:\"core\/shortcode\";}s:8:\"uag_flag\";b:1;s:11:\"uag_version\";s:10:\"1776746291\";s:6:\"gfonts\";a:0:{}s:10:\"gfonts_url\";s:0:\"\";s:12:\"gfonts_files\";a:0:{}s:14:\"uag_faq_layout\";b:0;}"]},"uagb_featured_image_src":{"full":["https:\/\/www.noleaky.com\/wp-content\/uploads\/2025\/06\/2.f.Particulate-filter-_-turbo-cleaner_4000x4000_7a6e58d8-cefd-4b95-9bed-681dabdf47fb.png",2560,2560,false],"thumbnail":["https:\/\/www.noleaky.com\/wp-content\/uploads\/2025\/06\/2.f.Particulate-filter-_-turbo-cleaner_4000x4000_7a6e58d8-cefd-4b95-9bed-681dabdf47fb-150x150.png",150,150,true],"medium":["https:\/\/www.noleaky.com\/wp-content\/uploads\/2025\/06\/2.f.Particulate-filter-_-turbo-cleaner_4000x4000_7a6e58d8-cefd-4b95-9bed-681dabdf47fb-300x300.png",300,300,true],"medium_large":["https:\/\/www.noleaky.com\/wp-content\/uploads\/2025\/06\/2.f.Particulate-filter-_-turbo-cleaner_4000x4000_7a6e58d8-cefd-4b95-9bed-681dabdf47fb-768x768.png",768,768,true],"large":["https:\/\/www.noleaky.com\/wp-content\/uploads\/2025\/06\/2.f.Particulate-filter-_-turbo-cleaner_4000x4000_7a6e58d8-cefd-4b95-9bed-681dabdf47fb-1024x1024.png",1024,1024,true],"1536x1536":["https:\/\/www.noleaky.com\/wp-content\/uploads\/2025\/06\/2.f.Particulate-filter-_-turbo-cleaner_4000x4000_7a6e58d8-cefd-4b95-9bed-681dabdf47fb-1536x1536.png",1536,1536,true],"2048x2048":["https:\/\/www.noleaky.com\/wp-content\/uploads\/2025\/06\/2.f.Particulate-filter-_-turbo-cleaner_4000x4000_7a6e58d8-cefd-4b95-9bed-681dabdf47fb-2048x2048.png",2048,2048,true],"trp-custom-language-flag":["https:\/\/www.noleaky.com\/wp-content\/uploads\/2025\/06\/2.f.Particulate-filter-_-turbo-cleaner_4000x4000_7a6e58d8-cefd-4b95-9bed-681dabdf47fb-12x12.png",12,12,true],"woocommerce_thumbnail":["https:\/\/www.noleaky.com\/wp-content\/uploads\/2025\/06\/2.f.Particulate-filter-_-turbo-cleaner_4000x4000_7a6e58d8-cefd-4b95-9bed-681dabdf47fb-300x300.png",300,300,true],"woocommerce_single":["https:\/\/www.noleaky.com\/wp-content\/uploads\/2025\/06\/2.f.Particulate-filter-_-turbo-cleaner_4000x4000_7a6e58d8-cefd-4b95-9bed-681dabdf47fb-600x600.png",600,600,true],"woocommerce_gallery_thumbnail":["https:\/\/www.noleaky.com\/wp-content\/uploads\/2025\/06\/2.f.Particulate-filter-_-turbo-cleaner_4000x4000_7a6e58d8-cefd-4b95-9bed-681dabdf47fb-100x100.png",100,100,true]},"uagb_author_info":{"display_name":"admin","author_link":"https:\/\/www.noleaky.com\/ee\/author\/"},"uagb_comment_info":72,"uagb_excerpt":"Deeply cleans the diesel particulate filter and turbocharger in one single treatment. Our diesel particulate filter and turbocharger cleaner is specially formulated to remove soot, carbon deposits, and combustion residues that accumulate in the diesel particulate filter and turbo system. It works through the fuel system to clean critical components progressively while you drive, restoring&hellip;","_links":{"self":[{"href":"https:\/\/www.noleaky.com\/ee\/wp-json\/wp\/v2\/product\/22985","targetHints":{"allow":["GET"]}}],"collection":[{"href":"https:\/\/www.noleaky.com\/ee\/wp-json\/wp\/v2\/product"}],"about":[{"href":"https:\/\/www.noleaky.com\/ee\/wp-json\/wp\/v2\/types\/product"}],"replies":[{"embeddable":true,"href":"https:\/\/www.noleaky.com\/ee\/wp-json\/wp\/v2\/comments?post=22985"}],"version-history":[{"count":4,"href":"https:\/\/www.noleaky.com\/ee\/wp-json\/wp\/v2\/product\/22985\/revisions"}],"predecessor-version":[{"id":33295,"href":"https:\/\/www.noleaky.com\/ee\/wp-json\/wp\/v2\/product\/22985\/revisions\/33295"}],"wp:featuredmedia":[{"embeddable":true,"href":"https:\/\/www.noleaky.com\/ee\/wp-json\/wp\/v2\/media\/23035"}],"wp:attachment":[{"href":"https:\/\/www.noleaky.com\/ee\/wp-json\/wp\/v2\/media?parent=22985"}],"wp:term":[{"taxonomy":"product_brand","embeddable":true,"href":"https:\/\/www.noleaky.com\/ee\/wp-json\/wp\/v2\/product_brand?post=22985"},{"taxonomy":"product_cat","embeddable":true,"href":"https:\/\/www.noleaky.com\/ee\/wp-json\/wp\/v2\/product_cat?post=22985"},{"taxonomy":"product_tag","embeddable":true,"href":"https:\/\/www.noleaky.com\/ee\/wp-json\/wp\/v2\/product_tag?post=22985"}],"curies":[{"name":"wp","href":"https:\/\/api.w.org\/{rel}","templated":true}]}}