{"id":22965,"date":"2025-06-02T15:48:45","date_gmt":"2025-06-02T13:48:45","guid":{"rendered":"https:\/\/www.noleaky.com\/privacy-policy-2\/"},"modified":"2025-06-02T16:10:59","modified_gmt":"2025-06-02T14:10:59","slug":"privacy-policy","status":"publish","type":"page","link":"https:\/\/www.noleaky.com\/ee\/privacy-policy\/","title":{"rendered":"Privaatsuspoliitika"},"content":{"rendered":"<p><strong>Artikkel 1. Veebisaidi esitlus<\/strong><\/p>\n\n\n\n<p>Veebisaidi kasutajatele on t\u00e4psustatud, et sidusr\u00fchmad on selle loomise ja j\u00e4lgimise kontekstis identiteediga seotud:<\/p>\n\n\n\n<p>Omanik: No Leaky LLC<br>Aadress: 124 Broadkill Rd #432, Milton, DE 19968, Ameerika \u00dchendriigid<br>Aktsiakapital: $ 100,000 USD<br>\u00d5iguslik vorm: Aktsiaselts<br>Faili number: 2530620<\/p>\n\n\n\n<p>Peremees: OVH SAS, 2 rue Kellermann, Roubaix 59100, Prantsusmaa<\/p>\n\n\n\n<p><strong>Artikkel 2. Veebisaidi ja pakutavate teenuste kasutamise \u00fcldtingimused<\/strong><\/p>\n\n\n\n<p>Veebisaidi kasutamine eeldab allpool kirjeldatud \u00fcldtingimuste t\u00e4ielikku aktsepteerimist. Neid kasutustingimusi v\u00f5ib igal ajal muuta v\u00f5i t\u00e4iendada. Seet\u00f5ttu palutakse kasutajatel nendega regulaarselt tutvuda.<\/p>\n\n\n\n<p>Veebileht on kasutajatele tavaliselt igal ajal k\u00e4ttesaadav. Katkestuse tehnilise hoolduse t\u00f5ttu v\u00f5ib otsustada No Leaky O\u00dc, kes p\u00fc\u00fcab kasutajatele teatada hoolduse kuup\u00e4evad ja kellaajad enne seda.<\/p>\n\n\n\n<p>Seda veebisaiti ajakohastab regulaarselt No Leaky LLC. See h\u00f5lmab ka \u00f5iguslikke teateid. Kasutajat kutsutakse \u00fcles neid sageli lugema, et aidata neil nendega tutvuda.<\/p>\n\n\n\n<p><strong>Artikkel 3. Pakutavate teenuste kirjeldus<\/strong><\/p>\n\n\n\n<p>Veebilehe eesm\u00e4rk on anda teavet ettev\u00f5tte toodete ja tegevuse kohta.<\/p>\n\n\n\n<p>No Leaky LLC teeb k\u00f5ik endast oleneva, et anda v\u00f5imalikult t\u00e4pset ja ajakohast teavet. No Leaky LLC ei vastuta vigade, puuduste v\u00f5i puuduste eest uuendustes, olgu need siis enda v\u00f5i kolmandate osapoolte poolt, kes meile seda teavet edastavad.<\/p>\n\n\n\n<p>Kogu sellel veebisaidil sisalduv teave on esitatud ainult teavitamise eesm\u00e4rgil ja see v\u00f5ib muutuda. See teave ei ole mingil juhul ammendav. Teavet on muudetud p\u00e4rast seda, kui materjal on algselt veebilehele \u00fcles pandud.<\/p>\n\n\n\n<p><strong>Artikkel 4. Tehniliste andmete lepingulised piirangud<\/strong><\/p>\n\n\n\n<p>See veebisait kasutab JavaScript-tehnoloogiat.<\/p>\n\n\n\n<p>Veebisait ei vastuta selle kasutamisega seotud materiaalse kahju eest. Kasutaja n\u00f5ustub kasutama veebilehte uuemaid seadmeid, mis ei sisalda viiruseid ja uuendatud uue p\u00f5lvkonna brauserit.<\/p>\n\n\n\n<p><strong>Artikkel 5. Intellektuaalomand ja v\u00f5ltsingud<\/strong><\/p>\n\n\n\n<p>No Leaky LLC on intellektuaalomandi \u00f5iguste omanik v\u00f5i omab kasutus\u00f5igusi k\u00f5igi sellel veebisaidil k\u00e4ttesaadavate elementide suhtes. Eelk\u00f5ige tekstid, pildid, graafika, logo, ikoonid, helid ja tarkvara.<\/p>\n\n\n\n<p>K\u00e4esoleva veebilehe k\u00f5igi v\u00f5i osade elementide reprodutseerimine, esitamine, muutmine, avaldamine, kohandamine, olenemata kasutatud vahenditest v\u00f5i protsessist, on rangelt keelatud, kui No Leaky LLC ei ole andnud selleks eelnevat kirjalikku luba.<\/p>\n\n\n\n<p>Veebisaidi v\u00f5i selle mis tahes elementide omavoliline kasutamine kasutaja(te) poolt kujutab endast rikkumist ja selle eest v\u00f5etakse vastutusele.<\/p>\n\n\n\n<p><strong>Artikkel 6. Vastutuse piiramine<\/strong><\/p>\n\n\n\n<p>No Leaky O\u00dc ei vastuta otsese v\u00f5i kaudse kahju eest, mis on p\u00f5hjustatud kasutaja seadmetele veebilehe k\u00fclastamisel. Kahju, mis tuleneb artiklis 4 osutatud spetsifikatsioonidele mittevastavate seadmete kasutamisest v\u00f5i vea v\u00f5i viiruse ilmnemisest.<\/p>\n\n\n\n<p>No Leaky O\u00dc ei vastuta kaudsete kahjude eest, nagu n\u00e4iteks turu v\u00f5i v\u00f5imaluste kaotamine, mis tulenevad veebilehe kasutamisest.<\/p>\n\n\n\n<p>Kasutajatele on k\u00e4ttesaadavad interaktiivsed ruumid (kus kasutajad saavad esitada k\u00fcsimusi). No Leaky LLC j\u00e4tab endale \u00f5iguse kustutada ilma etteteatamiseta igasugune sellesse ruumi postitatud sisu, mis on vastuolus kasutaja elukohariigi kehtivate \u00f5igusaktidega. See kehtib eelk\u00f5ige andmekaitses\u00e4tete kohta. Vajaduse korral j\u00e4tab No Leaky LLC endale ka \u00f5iguse seada kahtluse alla kasutaja tsiviil- ja\/v\u00f5i kriminaalvastutus. Eelk\u00f5ige k\u00f5ik rassistlik, solvav, laimav v\u00f5i pornograafiline, olenemata kasutatavast meediumist (tekst, foto jne).<\/p>\n\n\n\n<p><strong>Artikkel 7. Isikuandmete haldamine<\/strong><\/p>\n\n\n\n<p>Veebisaidi kasutamisel v\u00f5idakse koguda j\u00e4rgmisi andmeid: nende linkide URL, mille kaudu kasutaja veebilehele sisenes, kasutaja juurdep\u00e4\u00e4suteenuse pakkuja ja kasutaja IP-aadress.<\/p>\n\n\n\n<p>No Leaky O\u00dc kogub ainult kasutaja isikuandmeid, mis on seotud veebilehe poolt pakutavate teatud teenuste vajadusega. Kasutaja annab selle teabe sisestamisel t\u00e4ielikku teadlikkust faktidest. Veebisaidi kasutajale on m\u00e4\u00e4ratud kohustus (v\u00f5i mitte) seda teavet esitada.<\/p>\n\n\n\n<p>Vastavalt andmet\u00f6\u00f6tlust, faile ja vabadusi k\u00e4sitlevatele s\u00e4tetele on igal kasutajal \u00f5igus tutvuda teda puudutavate isikuandmetega, neid parandada ja neile vastuseisu esitada. Kasutaja peab esitama kirjaliku ja allkirjastatud taotluse, millele on lisatud koopia tema isikut t\u00f5endavast dokumendist koos dokumendi omaniku allkirjaga, ning m\u00e4rkima aadressi, kuhu vastus tuleb saata.<\/p>\n\n\n\n<p>Veebisaidi kasutaja isikuandmeid ei avaldata ilma kasutaja teadmata ja n\u00f5usolekuta, ei edastata, vahetata ega m\u00fc\u00fcda kolmandatele isikutele. Ainult No Leaky LLC omandamise ja selle \u00f5iguste \u00fclev\u00f5tmine v\u00f5imaldaks nimetatud teabe edastamist potentsiaalsele ostjale, kes omakorda oleks kohustatud s\u00e4ilitama ja muutma andmeid seoses veebisaidi kasutajatega.<\/p>\n\n\n\n<p>Andmebaasid on kaitstud andmebaaside \u00f5iguskaitset k\u00e4sitlevate s\u00e4tetega.<\/p>\n\n\n\n<p><strong>Artikkel 8. H\u00fcpertekstilinkid ja k\u00fcpsised<\/strong><\/p>\n\n\n\n<p>Veebisait sisaldab mitmeid h\u00fcpertehnilisi linke teistele saitidele, mis on loodud No Leaky LLC loal. V\u00f5ib m\u00e4rkida, et No Leaky LLC ei ole v\u00f5imeline kontrollima sel viisil k\u00fclastatud veebilehtede sisu ja ei v\u00f5ta seet\u00f5ttu selle eest vastutust.<\/p>\n\n\n\n<p>Sellel veebisaidil sirvimine p\u00f5hjustab t\u00f5en\u00e4oliselt k\u00fcpsiste paigaldamist kasutaja arvutisse. K\u00fcpsis on v\u00e4ike fail, mis ei v\u00f5imalda kasutajat tuvastada, kuid mis v\u00f5ib salvestada teavet, mis on seotud arvuti navigeerimisega veebilehel. Saadud andmed on m\u00f5eldud selleks, et h\u00f5lbustada edasist navigeerimist veebilehel ja m\u00f5\u00f5ta k\u00fclastatavust.<\/p>\n\n\n\n<p>K\u00fcpsiste lubamisest keeldumine v\u00f5ib muuta teatud teenustele juurdep\u00e4\u00e4su v\u00f5imatuks. Kasutaja saab oma arvuti seadistada k\u00fcpsiste paigaldamisest keeldumiseks j\u00e4rgmiselt:<\/p>\n\n\n\n<p>Internet Explorer: Valige seaded (hammasratta ikoon \u00fcleval paremal) Valige Interneti-valikud. Kl\u00f5psake privaatsust ja valige Block all cookies (blokeeri k\u00f5ik k\u00fcpsised). Kinnitage ok.<\/p>\n\n\n\n<p>Firefox: Firefoxi nuppu, seej\u00e4rel kl\u00f5psake vahekaardil \"Valikud\". Kl\u00f5psake vahekaardil Privacy (privaatsus). Seadistage s\u00e4ilitamisreegliteks: kasutage ajaloo jaoks kohandatud seadeid. L\u00f5puks eemaldage m\u00e4rkeruut, et keelata k\u00fcpsised.<\/p>\n\n\n\n<p>Safaril: Kl\u00f5psake brauseri paremas \u00fclaosas men\u00fc\u00fc ikoonil (hammasratta s\u00fcmbol). Valige seaded. Kl\u00f5psake nuppu Show advanced settings (N\u00e4ita t\u00e4iustatud seadeid). Kl\u00f5psake jaotises \"Privaatsus\" nupule Sisu seaded. Jaotises \"K\u00fcpsised\" saate k\u00fcpsised blokeerida.<\/p>\n\n\n\n<p>Chrome'is: Kl\u00f5psake brauseri paremas \u00fclaosas men\u00fc\u00fc ikoonil (3 horisontaalse joonega s\u00fcmbol). Valige seaded. Kl\u00f5psake nuppu Show advanced settings (N\u00e4ita t\u00e4iustatud seadeid). Kl\u00f5psake jaotises \"Privaatsus\" eelistustel. Valige k\u00fcpsiste blokeerimine.<\/p>\n\n\n\n<p>&nbsp;<strong>Artikkel 9. Kohaldatav \u00f5igus ja kohtualluvus<\/strong><\/p>\n\n\n\n<p>Veebisaidi kasutamisega seotud vaidluste suhtes kohaldatakse m\u00fc\u00fcja elukohariigis kehtivat \u00f5igust. Ainup\u00e4devus on antud m\u00fc\u00fcja elukohariigi p\u00e4devatele kohtutele.<\/p>\n\n\n\n<p>&nbsp;<strong>Artikkel 10. S\u00f5nastik<\/strong><\/p>\n\n\n\n<p>Kasutaja: internetikasutaja, kes \u00fchendab end internetis, eespool nimetatud veebisait.<\/p>\n\n\n\n<p>Isiklik teave: Andmed, mis v\u00f5imaldavad mis tahes viisil, otseselt v\u00f5i kaudselt, tuvastada isiku(d), kelle suhtes need kehtivad.<\/p>","protected":false},"excerpt":{"rendered":"<p>Article 1. Presentation of the website It is specified to the users of the website, the identity of the stakeholders in the context of its creation and follow up: Owner: No Leaky LLCAddress: 124 Broadkill Rd #432, Milton, DE 19968, United StatesShare capital: $ 100,000 USDLegal form: Limited liability companyFile number: 2530620 Host: OVH SAS, [&hellip;]<\/p>\n","protected":false},"author":1,"featured_media":0,"parent":0,"menu_order":0,"comment_status":"closed","ping_status":"closed","template":"","meta":{"_uag_custom_page_level_css":"","site-sidebar-layout":"default","site-content-layout":"","ast-site-content-layout":"default","site-content-style":"default","site-sidebar-style":"default","ast-global-header-display":"","ast-banner-title-visibility":"","ast-main-header-display":"","ast-hfb-above-header-display":"","ast-hfb-below-header-display":"","ast-hfb-mobile-header-display":"","site-post-title":"","ast-breadcrumbs-content":"","ast-featured-img":"","footer-sml-layout":"","ast-disable-related-posts":"","theme-transparent-header-meta":"","adv-header-id-meta":"","stick-header-meta":"","header-above-stick-meta":"","header-main-stick-meta":"","header-below-stick-meta":"","astra-migrate-meta-layouts":"set","ast-page-background-enabled":"default","ast-page-background-meta":{"desktop":{"background-color":"var(--ast-global-color-4)","background-image":"","background-repeat":"repeat","background-position":"center center","background-size":"auto","background-attachment":"scroll","background-type":"","background-media":"","overlay-type":"","overlay-color":"","overlay-opacity":"","overlay-gradient":""},"tablet":{"background-color":"","background-image":"","background-repeat":"repeat","background-position":"center center","background-size":"auto","background-attachment":"scroll","background-type":"","background-media":"","overlay-type":"","overlay-color":"","overlay-opacity":"","overlay-gradient":""},"mobile":{"background-color":"","background-image":"","background-repeat":"repeat","background-position":"center center","background-size":"auto","background-attachment":"scroll","background-type":"","background-media":"","overlay-type":"","overlay-color":"","overlay-opacity":"","overlay-gradient":""}},"ast-content-background-meta":{"desktop":{"background-color":"var(--ast-global-color-5)","background-image":"","background-repeat":"repeat","background-position":"center center","background-size":"auto","background-attachment":"scroll","background-type":"","background-media":"","overlay-type":"","overlay-color":"","overlay-opacity":"","overlay-gradient":""},"tablet":{"background-color":"var(--ast-global-color-5)","background-image":"","background-repeat":"repeat","background-position":"center center","background-size":"auto","background-attachment":"scroll","background-type":"","background-media":"","overlay-type":"","overlay-color":"","overlay-opacity":"","overlay-gradient":""},"mobile":{"background-color":"var(--ast-global-color-5)","background-image":"","background-repeat":"repeat","background-position":"center center","background-size":"auto","background-attachment":"scroll","background-type":"","background-media":"","overlay-type":"","overlay-color":"","overlay-opacity":"","overlay-gradient":""}},"footnotes":""},"class_list":["post-22965","page","type-page","status-publish","hentry"],"spectra_custom_meta":{"_s2w_shopify_page_id":["22078390306"],"_s2w_shopify_domain":["noleaky.myshopify.com"],"_edit_last":["1"],"_wp_page_template":["default"],"_edit_lock":["1748873550:1"],"_uag_custom_page_level_css":[""],"site-sidebar-layout":["default"],"site-content-layout":[""],"ast-site-content-layout":["default"],"site-content-style":["default"],"site-sidebar-style":["default"],"ast-global-header-display":[""],"ast-banner-title-visibility":[""],"ast-main-header-display":[""],"ast-hfb-above-header-display":[""],"ast-hfb-below-header-display":[""],"ast-hfb-mobile-header-display":[""],"site-post-title":[""],"ast-breadcrumbs-content":[""],"ast-featured-img":[""],"footer-sml-layout":[""],"theme-transparent-header-meta":[""],"adv-header-id-meta":[""],"stick-header-meta":[""],"header-above-stick-meta":[""],"header-main-stick-meta":[""],"header-below-stick-meta":[""],"astra-migrate-meta-layouts":["set"],"ast-page-background-enabled":["default"],"ast-page-background-meta":["a:3:{s:7:\"desktop\";a:12:{s:16:\"background-color\";s:25:\"var(--ast-global-color-4)\";s:16:\"background-image\";s:0:\"\";s:17:\"background-repeat\";s:6:\"repeat\";s:19:\"background-position\";s:13:\"center center\";s:15:\"background-size\";s:4:\"auto\";s:21:\"background-attachment\";s:6:\"scroll\";s:15:\"background-type\";s:0:\"\";s:16:\"background-media\";s:0:\"\";s:12:\"overlay-type\";s:0:\"\";s:13:\"overlay-color\";s:0:\"\";s:15:\"overlay-opacity\";s:0:\"\";s:16:\"overlay-gradient\";s:0:\"\";}s:6:\"tablet\";a:12:{s:16:\"background-color\";s:0:\"\";s:16:\"background-image\";s:0:\"\";s:17:\"background-repeat\";s:6:\"repeat\";s:19:\"background-position\";s:13:\"center center\";s:15:\"background-size\";s:4:\"auto\";s:21:\"background-attachment\";s:6:\"scroll\";s:15:\"background-type\";s:0:\"\";s:16:\"background-media\";s:0:\"\";s:12:\"overlay-type\";s:0:\"\";s:13:\"overlay-color\";s:0:\"\";s:15:\"overlay-opacity\";s:0:\"\";s:16:\"overlay-gradient\";s:0:\"\";}s:6:\"mobile\";a:12:{s:16:\"background-color\";s:0:\"\";s:16:\"background-image\";s:0:\"\";s:17:\"background-repeat\";s:6:\"repeat\";s:19:\"background-position\";s:13:\"center center\";s:15:\"background-size\";s:4:\"auto\";s:21:\"background-attachment\";s:6:\"scroll\";s:15:\"background-type\";s:0:\"\";s:16:\"background-media\";s:0:\"\";s:12:\"overlay-type\";s:0:\"\";s:13:\"overlay-color\";s:0:\"\";s:15:\"overlay-opacity\";s:0:\"\";s:16:\"overlay-gradient\";s:0:\"\";}}"],"ast-content-background-meta":["a:3:{s:7:\"desktop\";a:12:{s:16:\"background-color\";s:25:\"var(--ast-global-color-5)\";s:16:\"background-image\";s:0:\"\";s:17:\"background-repeat\";s:6:\"repeat\";s:19:\"background-position\";s:13:\"center center\";s:15:\"background-size\";s:4:\"auto\";s:21:\"background-attachment\";s:6:\"scroll\";s:15:\"background-type\";s:0:\"\";s:16:\"background-media\";s:0:\"\";s:12:\"overlay-type\";s:0:\"\";s:13:\"overlay-color\";s:0:\"\";s:15:\"overlay-opacity\";s:0:\"\";s:16:\"overlay-gradient\";s:0:\"\";}s:6:\"tablet\";a:12:{s:16:\"background-color\";s:25:\"var(--ast-global-color-5)\";s:16:\"background-image\";s:0:\"\";s:17:\"background-repeat\";s:6:\"repeat\";s:19:\"background-position\";s:13:\"center center\";s:15:\"background-size\";s:4:\"auto\";s:21:\"background-attachment\";s:6:\"scroll\";s:15:\"background-type\";s:0:\"\";s:16:\"background-media\";s:0:\"\";s:12:\"overlay-type\";s:0:\"\";s:13:\"overlay-color\";s:0:\"\";s:15:\"overlay-opacity\";s:0:\"\";s:16:\"overlay-gradient\";s:0:\"\";}s:6:\"mobile\";a:12:{s:16:\"background-color\";s:25:\"var(--ast-global-color-5)\";s:16:\"background-image\";s:0:\"\";s:17:\"background-repeat\";s:6:\"repeat\";s:19:\"background-position\";s:13:\"center center\";s:15:\"background-size\";s:4:\"auto\";s:21:\"background-attachment\";s:6:\"scroll\";s:15:\"background-type\";s:0:\"\";s:16:\"background-media\";s:0:\"\";s:12:\"overlay-type\";s:0:\"\";s:13:\"overlay-color\";s:0:\"\";s:15:\"overlay-opacity\";s:0:\"\";s:16:\"overlay-gradient\";s:0:\"\";}}"],"footnotes":[""],"_elementor_edit_mode":[""],"_elementor_template_type":[""],"_elementor_data":[""],"_elementor_conditions":["a:0:{}"],"_uag_css_file_name":["uag-css-22965.css"],"_uag_page_assets":["a:9:{s:3:\"css\";s:7156:\".uag-blocks-common-selector{z-index:var(--z-index-desktop) !important}@media (max-width: 976px){.uag-blocks-common-selector{z-index:var(--z-index-tablet) !important}}@media (max-width: 767px){.uag-blocks-common-selector{z-index:var(--z-index-mobile) !important}}\n.wp-block-uagb-image{display:flex}.wp-block-uagb-image__figure{position:relative;display:flex;flex-direction:column;max-width:100%;height:auto;margin:0}.wp-block-uagb-image__figure img{height:auto;display:flex;max-width:100%;transition:box-shadow 0.2s ease}.wp-block-uagb-image__figure>a{display:inline-block}.wp-block-uagb-image__figure figcaption{text-align:center;margin-top:0.5em;margin-bottom:1em}.wp-block-uagb-image .components-placeholder.block-editor-media-placeholder .components-placeholder__instructions{align-self:center}.wp-block-uagb-image--align-left{text-align:left}.wp-block-uagb-image--align-right{text-align:right}.wp-block-uagb-image--align-center{text-align:center}.wp-block-uagb-image--align-full .wp-block-uagb-image__figure{margin-left:calc(50% - 50vw);margin-right:calc(50% - 50vw);max-width:100vw;width:100vw;height:auto}.wp-block-uagb-image--align-full .wp-block-uagb-image__figure img{height:auto;width:100% !important}.wp-block-uagb-image--align-wide .wp-block-uagb-image__figure img{height:auto;width:100%}.wp-block-uagb-image--layout-overlay__color-wrapper{position:absolute;left:0;top:0;right:0;bottom:0;opacity:0.2;background:rgba(0,0,0,0.5);transition:opacity 0.35s ease-in-out}.wp-block-uagb-image--layout-overlay-link{position:absolute;left:0;right:0;bottom:0;top:0}.wp-block-uagb-image--layout-overlay .wp-block-uagb-image__figure:hover .wp-block-uagb-image--layout-overlay__color-wrapper{opacity:1}.wp-block-uagb-image--layout-overlay__inner{position:absolute;left:15px;right:15px;bottom:15px;top:15px;display:flex;align-items:center;justify-content:center;flex-direction:column;border-color:#fff;transition:0.35s ease-in-out}.wp-block-uagb-image--layout-overlay__inner.top-left,.wp-block-uagb-image--layout-overlay__inner.top-center,.wp-block-uagb-image--layout-overlay__inner.top-right{justify-content:flex-start}.wp-block-uagb-image--layout-overlay__inner.bottom-left,.wp-block-uagb-image--layout-overlay__inner.bottom-center,.wp-block-uagb-image--layout-overlay__inner.bottom-right{justify-content:flex-end}.wp-block-uagb-image--layout-overlay__inner.top-left,.wp-block-uagb-image--layout-overlay__inner.center-left,.wp-block-uagb-image--layout-overlay__inner.bottom-left{align-items:flex-start}.wp-block-uagb-image--layout-overlay__inner.top-right,.wp-block-uagb-image--layout-overlay__inner.center-right,.wp-block-uagb-image--layout-overlay__inner.bottom-right{align-items:flex-end}.wp-block-uagb-image--layout-overlay__inner .uagb-image-heading{color:#fff;transition:transform 0.35s, opacity 0.35s ease-in-out;transform:translate3d(0, 24px, 0);margin:0;line-height:1em}.wp-block-uagb-image--layout-overlay__inner .uagb-image-separator{width:30%;border-top-width:2px;border-top-color:#fff;border-top-style:solid;margin-bottom:10px;opacity:0;transition:transform 0.4s, opacity 0.4s ease-in-out;transform:translate3d(0, 30px, 0)}.wp-block-uagb-image--layout-overlay__inner .uagb-image-caption{opacity:0;overflow:visible;color:#fff;transition:transform 0.45s, opacity 0.45s ease-in-out;transform:translate3d(0, 35px, 0)}.wp-block-uagb-image--layout-overlay__inner:hover .uagb-image-heading,.wp-block-uagb-image--layout-overlay__inner:hover .uagb-image-separator,.wp-block-uagb-image--layout-overlay__inner:hover .uagb-image-caption{opacity:1;transform:translate3d(0, 0, 0)}.wp-block-uagb-image--effect-zoomin .wp-block-uagb-image__figure img,.wp-block-uagb-image--effect-zoomin .wp-block-uagb-image__figure .wp-block-uagb-image--layout-overlay__color-wrapper{transform:scale(1);transition:transform 0.35s ease-in-out}.wp-block-uagb-image--effect-zoomin .wp-block-uagb-image__figure:hover img,.wp-block-uagb-image--effect-zoomin .wp-block-uagb-image__figure:hover .wp-block-uagb-image--layout-overlay__color-wrapper{transform:scale(1.05)}.wp-block-uagb-image--effect-slide .wp-block-uagb-image__figure img,.wp-block-uagb-image--effect-slide .wp-block-uagb-image__figure .wp-block-uagb-image--layout-overlay__color-wrapper{width:calc(100% + 40px) !important;max-width:none !important;transform:translate3d(-40px, 0, 0);transition:transform 0.35s ease-in-out}.wp-block-uagb-image--effect-slide .wp-block-uagb-image__figure:hover img,.wp-block-uagb-image--effect-slide .wp-block-uagb-image__figure:hover .wp-block-uagb-image--layout-overlay__color-wrapper{transform:translate3d(0, 0, 0)}.wp-block-uagb-image--effect-grayscale img{filter:grayscale(0%);transition:0.35s ease-in-out}.wp-block-uagb-image--effect-grayscale:hover img{filter:grayscale(100%)}.wp-block-uagb-image--effect-blur img{filter:blur(0);transition:0.35s ease-in-out}.wp-block-uagb-image--effect-blur:hover img{filter:blur(3px)}\n.uagb-block-e6f939b3.wp-block-uagb-image--layout-default figure img{box-shadow: 0px 0px 0 #00000070;}.uagb-block-e6f939b3.wp-block-uagb-image .wp-block-uagb-image__figure figcaption{font-style: normal;align-self: center;}.uagb-block-e6f939b3.wp-block-uagb-image--layout-overlay figure img{box-shadow: 0px 0px 0 #00000070;}.uagb-block-e6f939b3.wp-block-uagb-image--layout-overlay .wp-block-uagb-image--layout-overlay__color-wrapper{opacity: 0.2;}.uagb-block-e6f939b3.wp-block-uagb-image--layout-overlay .wp-block-uagb-image--layout-overlay__inner{left: 15px;right: 15px;top: 15px;bottom: 15px;}.uagb-block-e6f939b3.wp-block-uagb-image--layout-overlay .wp-block-uagb-image--layout-overlay__inner .uagb-image-heading{font-style: normal;color: #fff;opacity: 1;}.uagb-block-e6f939b3.wp-block-uagb-image--layout-overlay .wp-block-uagb-image--layout-overlay__inner .uagb-image-heading a{color: #fff;}.uagb-block-e6f939b3.wp-block-uagb-image--layout-overlay .wp-block-uagb-image--layout-overlay__inner .uagb-image-caption{opacity: 0;}.uagb-block-e6f939b3.wp-block-uagb-image--layout-overlay .wp-block-uagb-image__figure:hover .wp-block-uagb-image--layout-overlay__color-wrapper{opacity: 1;}.uagb-block-e6f939b3.wp-block-uagb-image .wp-block-uagb-image--layout-overlay__inner .uagb-image-separator{width: 30%;border-top-width: 2px;border-top-color: #fff;opacity: 0;}.uagb-block-e6f939b3.wp-block-uagb-image .wp-block-uagb-image__figure img{width: px;height: auto;}.uagb-block-e6f939b3.wp-block-uagb-image .wp-block-uagb-image__figure:hover .wp-block-uagb-image--layout-overlay__inner .uagb-image-caption{opacity: 1;}.uagb-block-e6f939b3.wp-block-uagb-image .wp-block-uagb-image__figure:hover .wp-block-uagb-image--layout-overlay__inner .uagb-image-separator{opacity: 1;}.uagb-block-e6f939b3.wp-block-uagb-image--layout-default figure:hover img{box-shadow: 0px 0px 0 #00000070;}.uagb-block-e6f939b3.wp-block-uagb-image--layout-overlay figure:hover img{box-shadow: 0px 0px 0 #00000070;}@media only screen and (max-width: 976px) {.uagb-block-e6f939b3.wp-block-uagb-image .wp-block-uagb-image__figure img{width: px;height: auto;}}@media only screen and (max-width: 767px) {.uagb-block-e6f939b3.wp-block-uagb-image .wp-block-uagb-image__figure img{width: px;height: auto;}}\";s:2:\"js\";s:0:\"\";s:18:\"current_block_list\";a:13:{i:0;s:14:\"core\/paragraph\";i:1;s:11:\"core\/search\";i:2;s:10:\"core\/group\";i:3;s:12:\"core\/heading\";i:4;s:17:\"core\/latest-posts\";i:5;s:20:\"core\/latest-comments\";i:6;s:13:\"core\/archives\";i:7;s:15:\"core\/categories\";i:8;s:10:\"uagb\/image\";i:9;s:11:\"core\/spacer\";i:10;s:30:\"woocommerce\/product-categories\";i:11;s:10:\"core\/image\";i:12;s:14:\"core\/shortcode\";}s:8:\"uag_flag\";b:1;s:11:\"uag_version\";s:10:\"1776751306\";s:6:\"gfonts\";a:0:{}s:10:\"gfonts_url\";s:0:\"\";s:12:\"gfonts_files\";a:0:{}s:14:\"uag_faq_layout\";b:0;}"]},"uagb_featured_image_src":{"full":false,"thumbnail":false,"medium":false,"medium_large":false,"large":false,"1536x1536":false,"2048x2048":false,"trp-custom-language-flag":false,"woocommerce_thumbnail":false,"woocommerce_single":false,"woocommerce_gallery_thumbnail":false},"uagb_author_info":{"display_name":"admin","author_link":"https:\/\/www.noleaky.com\/ee\/author\/admin2721\/"},"uagb_comment_info":0,"uagb_excerpt":"Article 1. Presentation of the website It is specified to the users of the website, the identity of the stakeholders in the context of its creation and follow up: Owner: No Leaky LLCAddress: 124 Broadkill Rd #432, Milton, DE 19968, United StatesShare capital: $ 100,000 USDLegal form: Limited liability companyFile number: 2530620 Host: OVH SAS,&hellip;","_links":{"self":[{"href":"https:\/\/www.noleaky.com\/ee\/wp-json\/wp\/v2\/pages\/22965","targetHints":{"allow":["GET"]}}],"collection":[{"href":"https:\/\/www.noleaky.com\/ee\/wp-json\/wp\/v2\/pages"}],"about":[{"href":"https:\/\/www.noleaky.com\/ee\/wp-json\/wp\/v2\/types\/page"}],"author":[{"embeddable":true,"href":"https:\/\/www.noleaky.com\/ee\/wp-json\/wp\/v2\/users\/1"}],"replies":[{"embeddable":true,"href":"https:\/\/www.noleaky.com\/ee\/wp-json\/wp\/v2\/comments?post=22965"}],"version-history":[{"count":2,"href":"https:\/\/www.noleaky.com\/ee\/wp-json\/wp\/v2\/pages\/22965\/revisions"}],"predecessor-version":[{"id":23126,"href":"https:\/\/www.noleaky.com\/ee\/wp-json\/wp\/v2\/pages\/22965\/revisions\/23126"}],"wp:attachment":[{"href":"https:\/\/www.noleaky.com\/ee\/wp-json\/wp\/v2\/media?parent=22965"}],"curies":[{"name":"wp","href":"https:\/\/api.w.org\/{rel}","templated":true}]}}