{"id":23029,"date":"2025-06-02T15:49:30","date_gmt":"2025-06-02T13:49:30","guid":{"rendered":"https:\/\/www.noleaky.com\/products\/windshield-repair\/"},"modified":"2026-03-01T14:33:32","modified_gmt":"2026-03-01T13:33:32","slug":"windshield-repair","status":"publish","type":"product","link":"https:\/\/www.noleaky.com\/dk\/products\/windshield-repair\/","title":{"rendered":"Forrude-reparat\u00f8r"},"content":{"rendered":"<p><strong><img decoding=\"async\" style=\"margin-right: 12px;\" src=\"https:\/\/www.noleaky.com\/wp-content\/uploads\/2026\/02\/Check.svg\" alt=\"\" width=\"18\" height=\"15\" \/>Reparerer stenslag og revner i forruden hurtigt og effektivt.<\/strong> Vores forrudereparationsv\u00e6ske er specielt formuleret til at tr\u00e6nge ind i og udfylde stenslag, bullseyes og sm\u00e5 revner i lamineret bilglas, genoprette klarheden og forhindre yderligere spredning. Den binder direkte i det beskadigede omr\u00e5de, forst\u00e6rker glassets struktur og forbedrer sigtbarheden betydeligt efter h\u00e6rdning.<\/p>\n<p><strong><img decoding=\"async\" style=\"margin-right: 12px;\" src=\"https:\/\/www.noleaky.com\/wp-content\/uploads\/2026\/02\/Check.svg\" alt=\"\" width=\"18\" height=\"15\" \/>Den mest effektive resin-teknologi til langtidsholdbare reparationer.<\/strong> Dette er den mest effektive forrudereparationsv\u00e6ske i sin kategori, der bruger avanceret harpiks med lav viskositet, som siver dybt ind i mikrobrud. N\u00e5r den er h\u00e6rdet, h\u00e6rder den til et gennemsigtigt, holdbart lag, der stabiliserer den beskadigede zone og forhindrer fugt eller luft i at forv\u00e6rre revnen.<\/p>\n<p><strong><img decoding=\"async\" style=\"margin-right: 12px;\" src=\"https:\/\/www.noleaky.com\/wp-content\/uploads\/2026\/02\/Check.svg\" alt=\"\" width=\"18\" height=\"15\" \/>Den billigste professionelle reparationsl\u00f8sning p\u00e5 markedet.<\/strong> Vi tilbyder f\u00f8rsteklasses reparationsydelse til den mest konkurrencedygtige pris. Vores forrudereparationsv\u00e6ske er det billigste alternativ af h\u00f8j kvalitet til dyre v\u00e6rkstedsindgreb, s\u00e5 bilisterne kan genoprette deres glas til en br\u00f8kdel af prisen for professionel reparationsservice.<\/p>\n<p><strong><img decoding=\"async\" style=\"margin-right: 12px;\" src=\"https:\/\/www.noleaky.com\/wp-content\/uploads\/2026\/02\/Check.svg\" alt=\"\" width=\"18\" height=\"15\" \/>24-timers levering for at udbedre skader uden forsinkelse.<\/strong> En beskadiget forrude kan hurtigt forringes p\u00e5 grund af vibrationer, temperatur\u00e6ndringer og vejforhold. Det er derfor, vi garanterer 24-timers levering, s\u00e5 du kan udbedre stenslag og revner med det samme og undg\u00e5 en dyr udskiftning af forruden.<\/p>\n<p><strong><img decoding=\"async\" style=\"margin-right: 12px;\" src=\"https:\/\/www.noleaky.com\/wp-content\/uploads\/2026\/02\/Check.svg\" alt=\"\" width=\"18\" height=\"15\" \/>Penge-tilbage-garanti for fuld tillid.<\/strong> Vi st\u00e5r fuldt ud inde for ydeevnen af vores forrudereparationsv\u00e6ske. Hvis du ikke er tilfreds med resultatet, tilbyder vi en pengene-tilbage-garanti. Du skal blot kontakte os, s\u00e5 refunderer vi dit k\u00f8b og sikrer dig et helt risikofrit k\u00f8b.<\/p>\n<p><strong><img decoding=\"async\" style=\"margin-right: 12px;\" src=\"https:\/\/www.noleaky.com\/wp-content\/uploads\/2026\/02\/Check.svg\" alt=\"\" width=\"18\" height=\"15\" \/>Fremragende d\u00e6kning med minimalt produktforbrug.<\/strong> En lille m\u00e6ngde resin er tilstr\u00e6kkelig til flere reparationer. En flaske kan typisk behandle adskillige stenslag afh\u00e6ngigt af st\u00f8rrelsen, hvilket g\u00f8r det meget \u00f8konomisk og omkostningseffektivt sammenlignet med at udskifte en hel forrude.<\/p>\n<p><strong><img decoding=\"async\" style=\"margin-right: 12px;\" src=\"https:\/\/www.noleaky.com\/wp-content\/uploads\/2026\/02\/Check.svg\" alt=\"\" width=\"18\" height=\"15\" \/>Forhindrer revner i at sprede sig yderligere.<\/strong> Ved at fylde det beskadigede omr\u00e5de og genoprette den strukturelle integritet hj\u00e6lper v\u00e6sken med at forhindre revner i at udvide sig p\u00e5 grund af vibrationer, tryk eller temperatursvingninger, hvilket forl\u00e6nger din forrudes levetid.<\/p>\n<p><strong><img decoding=\"async\" style=\"margin-right: 12px;\" src=\"https:\/\/www.noleaky.com\/wp-content\/uploads\/2026\/02\/Check.svg\" alt=\"\" width=\"18\" height=\"15\" \/>Genopretter optisk klarhed og k\u00f8resikkerhed.<\/strong> N\u00e5r harpiksen er h\u00e6rdet, bliver den klar og blander sig med det omgivende glas, hvilket reducerer synligheden af splinter og forbedrer lystransmissionen. Det \u00f8ger f\u00f8rerens sikkerhed og reducerer bl\u00e6nding og forvr\u00e6ngning.<\/p>\n<p><strong><img decoding=\"async\" style=\"margin-right: 12px;\" src=\"https:\/\/www.noleaky.com\/wp-content\/uploads\/2026\/02\/Check.svg\" alt=\"\" width=\"18\" height=\"15\" \/>Hurtig h\u00e6rdning for effektiv reparation.<\/strong> V\u00e6sken er designet til hurtig h\u00e6rdning under UV-lys eller direkte sollys, s\u00e5 de fleste reparationer kan udf\u00f8res inden for en kort tidsramme og minimerer k\u00f8ret\u00f8jets nedetid.<\/p>\n<p><strong><img decoding=\"async\" style=\"margin-right: 12px;\" src=\"https:\/\/www.noleaky.com\/wp-content\/uploads\/2026\/02\/Check.svg\" alt=\"\" width=\"18\" height=\"15\" \/>Velegnet til forskellige typer lamineret bilglas.<\/strong> Denne alsidige v\u00e6ske er ideel til reparation af sm\u00e5 stenslag, stjernebrud og korte revner i laminerede forruder og er kompatibel med de fleste standardoverflader p\u00e5 bilglas.<\/p>\n<h2><strong>Instruktioner<\/strong><\/h2>\n<ul>\n<li>S\u00f8rg for, at forruden er ren og helt t\u00f8r, f\u00f8r du begynder at reparere den.<\/li>\n<li>Parker k\u00f8ret\u00f8jet i et skyggefuldt omr\u00e5de for at forhindre for tidlig h\u00e6rdning under p\u00e5f\u00f8ringen.<\/li>\n<li>Reng\u00f8r det beskadigede omr\u00e5de med en t\u00f8r klud for at fjerne st\u00f8v og l\u00f8se glaspartikler. Brug ikke vand inde i revnen.<\/li>\n<li>Placer reparationsenheden eller applikatoren direkte over splinten eller revnen.<\/li>\n<li>P\u00e5f\u00f8r en lille m\u00e6ngde forrudereparationsv\u00e6ske i det beskadigede omr\u00e5de. Den anbefalede dosering er typisk et par dr\u00e5ber pr. stenslag, lige nok til at fylde hulrummet helt ud.<\/li>\n<li>Lad harpiksen tr\u00e6nge helt ind i revnen. Et let tryk fra applikatoren kan hj\u00e6lpe med at fjerne indesluttet luft.<\/li>\n<li>Uds\u00e6t det behandlede omr\u00e5de for UV-lys eller direkte sollys i ca. 10 til 20 minutter for at h\u00e6rde harpiksen.<\/li>\n<li>Efter h\u00e6rdningen fjernes overskydende h\u00e6rdet resin forsigtigt med et barberblad, der holdes i en lille vinkel.<\/li>\n<li>Inspic\u00e9r reparationen. Om n\u00f8dvendigt kan der foretages endnu en p\u00e5f\u00f8ring ved dybere sp\u00e5ner.<\/li>\n<li>Undg\u00e5 at vaske k\u00f8ret\u00f8jet eller uds\u00e6tte det reparerede omr\u00e5de for kraftig regn i flere timer efter f\u00e6rdigg\u00f8relsen for at sikre fuld h\u00e6rdning og optimal holdbarhed.<\/li>\n<\/ul>","protected":false},"excerpt":{"rendered":"<p>Repairs windshield chips and cracks quickly and effectively. Our windshield repair fluid is specially formulated to penetrate and fill chips, bullseyes, and small cracks in laminated automotive glass, restoring clarity and preventing further spreading. It bonds directly within the damaged area, reinforcing the structure of the glass and significantly improving visibility after curing. The most [&hellip;]<\/p>\n","protected":false},"featured_media":23102,"comment_status":"open","ping_status":"closed","template":"","meta":{"_uag_custom_page_level_css":"","site-sidebar-layout":"default","site-content-layout":"","ast-site-content-layout":"default","site-content-style":"default","site-sidebar-style":"default","ast-global-header-display":"","ast-banner-title-visibility":"","ast-main-header-display":"","ast-hfb-above-header-display":"","ast-hfb-below-header-display":"","ast-hfb-mobile-header-display":"","site-post-title":"","ast-breadcrumbs-content":"","ast-featured-img":"","footer-sml-layout":"","ast-disable-related-posts":"","theme-transparent-header-meta":"default","adv-header-id-meta":"","stick-header-meta":"","header-above-stick-meta":"","header-main-stick-meta":"","header-below-stick-meta":"","astra-migrate-meta-layouts":"set","ast-page-background-enabled":"default","ast-page-background-meta":{"desktop":{"background-color":"var(--ast-global-color-4)","background-image":"","background-repeat":"repeat","background-position":"center center","background-size":"auto","background-attachment":"scroll","background-type":"","background-media":"","overlay-type":"","overlay-color":"","overlay-opacity":"","overlay-gradient":""},"tablet":{"background-color":"","background-image":"","background-repeat":"repeat","background-position":"center center","background-size":"auto","background-attachment":"scroll","background-type":"","background-media":"","overlay-type":"","overlay-color":"","overlay-opacity":"","overlay-gradient":""},"mobile":{"background-color":"","background-image":"","background-repeat":"repeat","background-position":"center center","background-size":"auto","background-attachment":"scroll","background-type":"","background-media":"","overlay-type":"","overlay-color":"","overlay-opacity":"","overlay-gradient":""}},"ast-content-background-meta":{"desktop":{"background-color":"var(--ast-global-color-5)","background-image":"","background-repeat":"repeat","background-position":"center center","background-size":"auto","background-attachment":"scroll","background-type":"","background-media":"","overlay-type":"","overlay-color":"","overlay-opacity":"","overlay-gradient":""},"tablet":{"background-color":"var(--ast-global-color-5)","background-image":"","background-repeat":"repeat","background-position":"center center","background-size":"auto","background-attachment":"scroll","background-type":"","background-media":"","overlay-type":"","overlay-color":"","overlay-opacity":"","overlay-gradient":""},"mobile":{"background-color":"var(--ast-global-color-5)","background-image":"","background-repeat":"repeat","background-position":"center center","background-size":"auto","background-attachment":"scroll","background-type":"","background-media":"","overlay-type":"","overlay-color":"","overlay-opacity":"","overlay-gradient":""}}},"product_brand":[],"product_cat":[176],"product_tag":[],"class_list":{"0":"post-23029","1":"product","2":"type-product","3":"status-publish","4":"has-post-thumbnail","6":"product_cat-automotive","7":"desktop-align-left","8":"tablet-align-left","9":"mobile-align-left","11":"first","12":"instock","13":"shipping-taxable","14":"purchasable","15":"product-type-simple"},"spectra_custom_meta":{"_visibility":["visible"],"_shopify_product_id":["7961066668252"],"_s2w_shopify_domain":["noleaky.myshopify.com"],"_shopify_variant_id":["43736925667548"],"_sku":["NLWINDSHIELDREPAIR"],"_regular_price":["29.90"],"_price":["29.90"],"_sale_price":[""],"_weight":["0.45"],"_thumbnail_id":["23102"],"_global_unique_id":["5056773800953"],"total_sales":["92"],"_tax_status":["taxable"],"_tax_class":[""],"_manage_stock":["no"],"_backorders":["no"],"_sold_individually":["no"],"_virtual":["no"],"_downloadable":["no"],"_download_limit":["-1"],"_download_expiry":["-1"],"_stock":[null],"_stock_status":["instock"],"_wc_average_rating":["4.91"],"_wc_review_count":["77"],"_product_version":["10.5.2"],"_edit_lock":["1772384272:1"],"merchant-center-category":["2788"],"merchant-center-id":["WR"],"merchant-center-availability":["yes"],"_edit_last":["1"],"_wp_page_template":["default"],"site-sidebar-layout":["default"],"ast-site-content-layout":["default"],"site-content-style":["default"],"site-sidebar-style":["default"],"theme-transparent-header-meta":["default"],"_wc_rating_count":["a:3:{i:3;i:1;i:4;i:5;i:5;i:71;}"],"_upsell_ids":["a:3:{i:0;i:22975;i:1;i:23022;i:2;i:23025;}"],"_crosssell_ids":["a:3:{i:0;i:22975;i:1;i:23022;i:2;i:23025;}"],"astra-migrate-meta-layouts":["set"],"_uag_css_file_name":["uag-css-23029.css"],"_elementor_page_assets":["a:0:{}"],"_uag_page_assets":["a:9:{s:3:\"css\";s:7156:\".uag-blocks-common-selector{z-index:var(--z-index-desktop) !important}@media (max-width: 976px){.uag-blocks-common-selector{z-index:var(--z-index-tablet) !important}}@media (max-width: 767px){.uag-blocks-common-selector{z-index:var(--z-index-mobile) !important}}\n.wp-block-uagb-image{display:flex}.wp-block-uagb-image__figure{position:relative;display:flex;flex-direction:column;max-width:100%;height:auto;margin:0}.wp-block-uagb-image__figure img{height:auto;display:flex;max-width:100%;transition:box-shadow 0.2s ease}.wp-block-uagb-image__figure>a{display:inline-block}.wp-block-uagb-image__figure figcaption{text-align:center;margin-top:0.5em;margin-bottom:1em}.wp-block-uagb-image .components-placeholder.block-editor-media-placeholder .components-placeholder__instructions{align-self:center}.wp-block-uagb-image--align-left{text-align:left}.wp-block-uagb-image--align-right{text-align:right}.wp-block-uagb-image--align-center{text-align:center}.wp-block-uagb-image--align-full .wp-block-uagb-image__figure{margin-left:calc(50% - 50vw);margin-right:calc(50% - 50vw);max-width:100vw;width:100vw;height:auto}.wp-block-uagb-image--align-full .wp-block-uagb-image__figure img{height:auto;width:100% !important}.wp-block-uagb-image--align-wide .wp-block-uagb-image__figure img{height:auto;width:100%}.wp-block-uagb-image--layout-overlay__color-wrapper{position:absolute;left:0;top:0;right:0;bottom:0;opacity:0.2;background:rgba(0,0,0,0.5);transition:opacity 0.35s ease-in-out}.wp-block-uagb-image--layout-overlay-link{position:absolute;left:0;right:0;bottom:0;top:0}.wp-block-uagb-image--layout-overlay .wp-block-uagb-image__figure:hover .wp-block-uagb-image--layout-overlay__color-wrapper{opacity:1}.wp-block-uagb-image--layout-overlay__inner{position:absolute;left:15px;right:15px;bottom:15px;top:15px;display:flex;align-items:center;justify-content:center;flex-direction:column;border-color:#fff;transition:0.35s ease-in-out}.wp-block-uagb-image--layout-overlay__inner.top-left,.wp-block-uagb-image--layout-overlay__inner.top-center,.wp-block-uagb-image--layout-overlay__inner.top-right{justify-content:flex-start}.wp-block-uagb-image--layout-overlay__inner.bottom-left,.wp-block-uagb-image--layout-overlay__inner.bottom-center,.wp-block-uagb-image--layout-overlay__inner.bottom-right{justify-content:flex-end}.wp-block-uagb-image--layout-overlay__inner.top-left,.wp-block-uagb-image--layout-overlay__inner.center-left,.wp-block-uagb-image--layout-overlay__inner.bottom-left{align-items:flex-start}.wp-block-uagb-image--layout-overlay__inner.top-right,.wp-block-uagb-image--layout-overlay__inner.center-right,.wp-block-uagb-image--layout-overlay__inner.bottom-right{align-items:flex-end}.wp-block-uagb-image--layout-overlay__inner .uagb-image-heading{color:#fff;transition:transform 0.35s, opacity 0.35s ease-in-out;transform:translate3d(0, 24px, 0);margin:0;line-height:1em}.wp-block-uagb-image--layout-overlay__inner .uagb-image-separator{width:30%;border-top-width:2px;border-top-color:#fff;border-top-style:solid;margin-bottom:10px;opacity:0;transition:transform 0.4s, opacity 0.4s ease-in-out;transform:translate3d(0, 30px, 0)}.wp-block-uagb-image--layout-overlay__inner .uagb-image-caption{opacity:0;overflow:visible;color:#fff;transition:transform 0.45s, opacity 0.45s ease-in-out;transform:translate3d(0, 35px, 0)}.wp-block-uagb-image--layout-overlay__inner:hover .uagb-image-heading,.wp-block-uagb-image--layout-overlay__inner:hover .uagb-image-separator,.wp-block-uagb-image--layout-overlay__inner:hover .uagb-image-caption{opacity:1;transform:translate3d(0, 0, 0)}.wp-block-uagb-image--effect-zoomin .wp-block-uagb-image__figure img,.wp-block-uagb-image--effect-zoomin .wp-block-uagb-image__figure .wp-block-uagb-image--layout-overlay__color-wrapper{transform:scale(1);transition:transform 0.35s ease-in-out}.wp-block-uagb-image--effect-zoomin .wp-block-uagb-image__figure:hover img,.wp-block-uagb-image--effect-zoomin .wp-block-uagb-image__figure:hover .wp-block-uagb-image--layout-overlay__color-wrapper{transform:scale(1.05)}.wp-block-uagb-image--effect-slide .wp-block-uagb-image__figure img,.wp-block-uagb-image--effect-slide .wp-block-uagb-image__figure .wp-block-uagb-image--layout-overlay__color-wrapper{width:calc(100% + 40px) !important;max-width:none !important;transform:translate3d(-40px, 0, 0);transition:transform 0.35s ease-in-out}.wp-block-uagb-image--effect-slide .wp-block-uagb-image__figure:hover img,.wp-block-uagb-image--effect-slide .wp-block-uagb-image__figure:hover .wp-block-uagb-image--layout-overlay__color-wrapper{transform:translate3d(0, 0, 0)}.wp-block-uagb-image--effect-grayscale img{filter:grayscale(0%);transition:0.35s ease-in-out}.wp-block-uagb-image--effect-grayscale:hover img{filter:grayscale(100%)}.wp-block-uagb-image--effect-blur img{filter:blur(0);transition:0.35s ease-in-out}.wp-block-uagb-image--effect-blur:hover img{filter:blur(3px)}\n.uagb-block-e6f939b3.wp-block-uagb-image--layout-default figure img{box-shadow: 0px 0px 0 #00000070;}.uagb-block-e6f939b3.wp-block-uagb-image .wp-block-uagb-image__figure figcaption{font-style: normal;align-self: center;}.uagb-block-e6f939b3.wp-block-uagb-image--layout-overlay figure img{box-shadow: 0px 0px 0 #00000070;}.uagb-block-e6f939b3.wp-block-uagb-image--layout-overlay .wp-block-uagb-image--layout-overlay__color-wrapper{opacity: 0.2;}.uagb-block-e6f939b3.wp-block-uagb-image--layout-overlay .wp-block-uagb-image--layout-overlay__inner{left: 15px;right: 15px;top: 15px;bottom: 15px;}.uagb-block-e6f939b3.wp-block-uagb-image--layout-overlay .wp-block-uagb-image--layout-overlay__inner .uagb-image-heading{font-style: normal;color: #fff;opacity: 1;}.uagb-block-e6f939b3.wp-block-uagb-image--layout-overlay .wp-block-uagb-image--layout-overlay__inner .uagb-image-heading a{color: #fff;}.uagb-block-e6f939b3.wp-block-uagb-image--layout-overlay .wp-block-uagb-image--layout-overlay__inner .uagb-image-caption{opacity: 0;}.uagb-block-e6f939b3.wp-block-uagb-image--layout-overlay .wp-block-uagb-image__figure:hover .wp-block-uagb-image--layout-overlay__color-wrapper{opacity: 1;}.uagb-block-e6f939b3.wp-block-uagb-image .wp-block-uagb-image--layout-overlay__inner .uagb-image-separator{width: 30%;border-top-width: 2px;border-top-color: #fff;opacity: 0;}.uagb-block-e6f939b3.wp-block-uagb-image .wp-block-uagb-image__figure img{width: px;height: auto;}.uagb-block-e6f939b3.wp-block-uagb-image .wp-block-uagb-image__figure:hover .wp-block-uagb-image--layout-overlay__inner .uagb-image-caption{opacity: 1;}.uagb-block-e6f939b3.wp-block-uagb-image .wp-block-uagb-image__figure:hover .wp-block-uagb-image--layout-overlay__inner .uagb-image-separator{opacity: 1;}.uagb-block-e6f939b3.wp-block-uagb-image--layout-default figure:hover img{box-shadow: 0px 0px 0 #00000070;}.uagb-block-e6f939b3.wp-block-uagb-image--layout-overlay figure:hover img{box-shadow: 0px 0px 0 #00000070;}@media only screen and (max-width: 976px) {.uagb-block-e6f939b3.wp-block-uagb-image .wp-block-uagb-image__figure img{width: px;height: auto;}}@media only screen and (max-width: 767px) {.uagb-block-e6f939b3.wp-block-uagb-image .wp-block-uagb-image__figure img{width: px;height: auto;}}\";s:2:\"js\";s:0:\"\";s:18:\"current_block_list\";a:13:{i:0;s:11:\"core\/search\";i:1;s:10:\"core\/group\";i:2;s:12:\"core\/heading\";i:3;s:17:\"core\/latest-posts\";i:4;s:20:\"core\/latest-comments\";i:5;s:13:\"core\/archives\";i:6;s:15:\"core\/categories\";i:7;s:14:\"core\/paragraph\";i:8;s:10:\"uagb\/image\";i:9;s:11:\"core\/spacer\";i:10;s:30:\"woocommerce\/product-categories\";i:11;s:10:\"core\/image\";i:12;s:14:\"core\/shortcode\";}s:8:\"uag_flag\";b:1;s:11:\"uag_version\";s:10:\"1776756076\";s:6:\"gfonts\";a:0:{}s:10:\"gfonts_url\";s:0:\"\";s:12:\"gfonts_files\";a:0:{}s:14:\"uag_faq_layout\";b:0;}"]},"uagb_featured_image_src":{"full":["https:\/\/www.noleaky.com\/wp-content\/uploads\/2025\/06\/2.j.Windshield-Repairer_NoLeaky_3500.png",2560,2560,false],"thumbnail":["https:\/\/www.noleaky.com\/wp-content\/uploads\/2025\/06\/2.j.Windshield-Repairer_NoLeaky_3500-150x150.png",150,150,true],"medium":["https:\/\/www.noleaky.com\/wp-content\/uploads\/2025\/06\/2.j.Windshield-Repairer_NoLeaky_3500-300x300.png",300,300,true],"medium_large":["https:\/\/www.noleaky.com\/wp-content\/uploads\/2025\/06\/2.j.Windshield-Repairer_NoLeaky_3500-768x768.png",768,768,true],"large":["https:\/\/www.noleaky.com\/wp-content\/uploads\/2025\/06\/2.j.Windshield-Repairer_NoLeaky_3500-1024x1024.png",1024,1024,true],"1536x1536":["https:\/\/www.noleaky.com\/wp-content\/uploads\/2025\/06\/2.j.Windshield-Repairer_NoLeaky_3500-1536x1536.png",1536,1536,true],"2048x2048":["https:\/\/www.noleaky.com\/wp-content\/uploads\/2025\/06\/2.j.Windshield-Repairer_NoLeaky_3500-2048x2048.png",2048,2048,true],"trp-custom-language-flag":["https:\/\/www.noleaky.com\/wp-content\/uploads\/2025\/06\/2.j.Windshield-Repairer_NoLeaky_3500-12x12.png",12,12,true],"woocommerce_thumbnail":["https:\/\/www.noleaky.com\/wp-content\/uploads\/2025\/06\/2.j.Windshield-Repairer_NoLeaky_3500-300x300.png",300,300,true],"woocommerce_single":["https:\/\/www.noleaky.com\/wp-content\/uploads\/2025\/06\/2.j.Windshield-Repairer_NoLeaky_3500-600x600.png",600,600,true],"woocommerce_gallery_thumbnail":["https:\/\/www.noleaky.com\/wp-content\/uploads\/2025\/06\/2.j.Windshield-Repairer_NoLeaky_3500-100x100.png",100,100,true]},"uagb_author_info":{"display_name":"admin","author_link":"https:\/\/www.noleaky.com\/dk\/author\/"},"uagb_comment_info":77,"uagb_excerpt":"Repairs windshield chips and cracks quickly and effectively. Our windshield repair fluid is specially formulated to penetrate and fill chips, bullseyes, and small cracks in laminated automotive glass, restoring clarity and preventing further spreading. It bonds directly within the damaged area, reinforcing the structure of the glass and significantly improving visibility after curing. The most&hellip;","_links":{"self":[{"href":"https:\/\/www.noleaky.com\/dk\/wp-json\/wp\/v2\/product\/23029","targetHints":{"allow":["GET"]}}],"collection":[{"href":"https:\/\/www.noleaky.com\/dk\/wp-json\/wp\/v2\/product"}],"about":[{"href":"https:\/\/www.noleaky.com\/dk\/wp-json\/wp\/v2\/types\/product"}],"replies":[{"embeddable":true,"href":"https:\/\/www.noleaky.com\/dk\/wp-json\/wp\/v2\/comments?post=23029"}],"version-history":[{"count":4,"href":"https:\/\/www.noleaky.com\/dk\/wp-json\/wp\/v2\/product\/23029\/revisions"}],"predecessor-version":[{"id":33263,"href":"https:\/\/www.noleaky.com\/dk\/wp-json\/wp\/v2\/product\/23029\/revisions\/33263"}],"wp:featuredmedia":[{"embeddable":true,"href":"https:\/\/www.noleaky.com\/dk\/wp-json\/wp\/v2\/media\/23102"}],"wp:attachment":[{"href":"https:\/\/www.noleaky.com\/dk\/wp-json\/wp\/v2\/media?parent=23029"}],"wp:term":[{"taxonomy":"product_brand","embeddable":true,"href":"https:\/\/www.noleaky.com\/dk\/wp-json\/wp\/v2\/product_brand?post=23029"},{"taxonomy":"product_cat","embeddable":true,"href":"https:\/\/www.noleaky.com\/dk\/wp-json\/wp\/v2\/product_cat?post=23029"},{"taxonomy":"product_tag","embeddable":true,"href":"https:\/\/www.noleaky.com\/dk\/wp-json\/wp\/v2\/product_tag?post=23029"}],"curies":[{"name":"wp","href":"https:\/\/api.w.org\/{rel}","templated":true}]}}