{"id":23027,"date":"2025-06-02T15:49:28","date_gmt":"2025-06-02T13:49:28","guid":{"rendered":"https:\/\/www.noleaky.com\/products\/superethanol-treatment-e85\/"},"modified":"2026-03-01T14:36:25","modified_gmt":"2026-03-01T13:36:25","slug":"superethanol-treatment-e85","status":"publish","type":"product","link":"https:\/\/www.noleaky.com\/dk\/products\/superethanol-treatment-e85\/","title":{"rendered":"Superethanol-behandling"},"content":{"rendered":"<p><strong><img decoding=\"async\" style=\"margin-right: 12px;\" src=\"https:\/\/www.noleaky.com\/wp-content\/uploads\/2026\/02\/Check.svg\" alt=\"\" width=\"18\" height=\"15\" \/>Optimerer motorens ydeevne i k\u00f8ret\u00f8jer, der k\u00f8rer p\u00e5 superethanolbr\u00e6ndstof.<\/strong> Vores superethanolbehandling er specielt udviklet til at forbedre forbr\u00e6ndingseffektiviteten og motorstabiliteten i k\u00f8ret\u00f8jer, der bruger br\u00e6ndstoffer med h\u00f8jt ethanolindhold som E85. Den forbedrer t\u00e6ndingskvaliteten, reducerer uregelm\u00e6ssig forbr\u00e6nding og underst\u00f8tter en mere j\u00e6vn motordrift, selv under kr\u00e6vende k\u00f8rselsforhold.<\/p>\n<p><strong><img decoding=\"async\" style=\"margin-right: 12px;\" src=\"https:\/\/www.noleaky.com\/wp-content\/uploads\/2026\/02\/Check.svg\" alt=\"\" width=\"18\" height=\"15\" \/>Den mest effektive formel til beskyttelse af br\u00e6ndstofsystemer, der uds\u00e6ttes for ethanol.<\/strong> Ethanolbaserede br\u00e6ndstoffer kan tiltr\u00e6kke fugt og for\u00e5rsage korrosion inde i br\u00e6ndstofsystemet. Vores avancerede behandling er den mest effektive l\u00f8sning til at stabilisere br\u00e6ndstoffet, reducere vandrelaterede problemer og beskytte injektorer, br\u00e6ndstofpumper og interne motorkomponenter mod for tidlig slitage og aflejringer.<\/p>\n<p><strong><img decoding=\"async\" style=\"margin-right: 12px;\" src=\"https:\/\/www.noleaky.com\/wp-content\/uploads\/2026\/02\/Check.svg\" alt=\"\" width=\"18\" height=\"15\" \/>Det billigste h\u00f8jtydende additiv p\u00e5 markedet.<\/strong> Vi tilbyder professionel superethanolbeskyttelse til den mest konkurrencedygtige pris. Vores produkt er den billigste l\u00f8sning i sin kategori, samtidig med at det leverer f\u00f8rsteklasses effektivitet, s\u00e5 bilisterne kan vedligeholde deres k\u00f8ret\u00f8jer ordentligt uden at \u00f8ge driftsomkostningerne.<\/p>\n<p><strong><img decoding=\"async\" style=\"margin-right: 12px;\" src=\"https:\/\/www.noleaky.com\/wp-content\/uploads\/2026\/02\/Check.svg\" alt=\"\" width=\"18\" height=\"15\" \/>Garanteret 24-timers levering til \u00f8jeblikkelig motorpleje.<\/strong> Br\u00e6ndstofrelaterede problemer b\u00f8r ikke vente. Det er derfor, vi garanterer 24-timers levering, s\u00e5 du hurtigt kan fylde behandlingen i din tank og opretholde optimal motorydelse uden forsinkelse.<\/p>\n<p><strong><img decoding=\"async\" style=\"margin-right: 12px;\" src=\"https:\/\/www.noleaky.com\/wp-content\/uploads\/2026\/02\/Check.svg\" alt=\"\" width=\"18\" height=\"15\" \/>Penge-tilbage-garanti for fuldst\u00e6ndig ro i sindet.<\/strong> Vi st\u00e5r fuldt ud inde for effektiviteten af vores superethanol-behandling. Hvis du ikke er tilfreds med resultaterne, tilbyder vi en pengene-tilbage-garanti. Du skal blot kontakte os, s\u00e5 refunderer vi dit k\u00f8b og g\u00f8r din investering helt risikofri.<\/p>\n<p><strong><img decoding=\"async\" style=\"margin-right: 12px;\" src=\"https:\/\/www.noleaky.com\/wp-content\/uploads\/2026\/02\/Check.svg\" alt=\"\" width=\"18\" height=\"15\" \/>Forbedrer forbr\u00e6ndingen og br\u00e6ndstofeffektiviteten.<\/strong> Ved at optimere forbr\u00e6ndingsprocessen for ethanolrige br\u00e6ndstoffer hj\u00e6lper behandlingen motorerne med at forbr\u00e6nde br\u00e6ndstoffet mere fuldst\u00e6ndigt. Det kan forbedre gash\u00e5ndtagets respons, reducere t\u00f8ven og bidrage til en mere ensartet br\u00e6ndstofeffektivitet.<\/p>\n<p><strong><img decoding=\"async\" style=\"margin-right: 12px;\" src=\"https:\/\/www.noleaky.com\/wp-content\/uploads\/2026\/02\/Check.svg\" alt=\"\" width=\"18\" height=\"15\" \/>Forhindrer korrosion og fugtrelaterede skader.<\/strong> Ethanolbr\u00e6ndstoffer er hygroskopiske og kan absorbere vand, hvilket kan f\u00f8re til korrosion i metalkomponenter. Vores formel hj\u00e6lper med at kontrollere fugteffekter og danner en beskyttende barriere i br\u00e6ndstofsystemet for at minimere rust og oxidering.<\/p>\n<p><strong><img decoding=\"async\" style=\"margin-right: 12px;\" src=\"https:\/\/www.noleaky.com\/wp-content\/uploads\/2026\/02\/Check.svg\" alt=\"\" width=\"18\" height=\"15\" \/>Holder injektorer og br\u00e6ndstofsystem rene.<\/strong> Additivet indeholder reng\u00f8ringsmidler, der hj\u00e6lper med at reducere aflejringer i injektorer og indsugningskomponenter, hvilket fremmer bedre spr\u00f8jtem\u00f8nstre og j\u00e6vnere br\u00e6ndstoftilf\u00f8rsel for en mere stabil motorydelse.<\/p>\n<p><strong><img decoding=\"async\" style=\"margin-right: 12px;\" src=\"https:\/\/www.noleaky.com\/wp-content\/uploads\/2026\/02\/Check.svg\" alt=\"\" width=\"18\" height=\"15\" \/>Forbedrer ydeevnen ved koldstart.<\/strong> Br\u00e6ndstoffer med h\u00f8jt ethanolindhold kan g\u00f8re koldstart sv\u00e6rere. Denne behandling forbedrer t\u00e6ndingen ved lave temperaturer, reducerer antallet af h\u00e5rde starter og forbedrer motorens reaktionsevne.<\/p>\n<p><strong><img decoding=\"async\" style=\"margin-right: 12px;\" src=\"https:\/\/www.noleaky.com\/wp-content\/uploads\/2026\/02\/Check.svg\" alt=\"\" width=\"18\" height=\"15\" \/>H\u00f8jkoncentreret med fremragende behandlingskapacitet.<\/strong> En flaske behandler en stor m\u00e6ngde br\u00e6ndstof, hvilket g\u00f8r det omkostningseffektivt og praktisk til regelm\u00e6ssig vedligeholdelse. Den optimerede koncentration sikrer en effektiv fordeling i hele br\u00e6ndstofsystemet.<\/p>\n<h2><strong>Instruktioner<\/strong><\/h2>\n<ul>\n<li>S\u00f8rg for, at k\u00f8ret\u00f8jet er kompatibelt med superethanolbr\u00e6ndstoffer som E85 f\u00f8r brug.<\/li>\n<li>Ryst flasken godt, f\u00f8r du h\u00e6lder den op.<\/li>\n<li>Tils\u00e6t superethanolbehandlingen direkte i br\u00e6ndstoftanken f\u00f8r p\u00e5fyldning for at sikre optimal blanding.<\/li>\n<li>Anbefalet dosering er ca. 250 ml til 40 til 60 liter br\u00e6ndstof. Juster proportionalt afh\u00e6ngigt af tankens kapacitet.<\/li>\n<li>En flaske r\u00e6kker typisk til en hel tank. Overskrid ikke den anbefalede dosis.<\/li>\n<li>For k\u00f8ret\u00f8jer, der bruges regelm\u00e6ssigt med superethanolbr\u00e6ndstof, skal du bruge behandlingen ved hver anden eller tredje p\u00e5fyldning som forebyggende vedligeholdelse.<\/li>\n<li>For k\u00f8ret\u00f8jer, der opbevares i l\u00e6ngere tid, skal du tils\u00e6tte behandlingen f\u00f8r opbevaring for at hj\u00e6lpe med at stabilisere br\u00e6ndstoffet.<\/li>\n<li>K\u00f8r normalt efter optankning, s\u00e5 det behandlede br\u00e6ndstof kan cirkulere gennem hele br\u00e6ndstofsystemet.<\/li>\n<li>Opbevar produktet p\u00e5 et k\u00f8ligt, t\u00f8rt sted v\u00e6k fra direkte sollys.<\/li>\n<li>Opbevares utilg\u00e6ngeligt for b\u00f8rn, og undg\u00e5 kontakt med hud eller \u00f8jne under h\u00e5ndtering.<\/li>\n<\/ul>","protected":false},"excerpt":{"rendered":"<p>Optimizes engine performance in vehicles running on superethanol fuel. Our superethanol treatment is specially developed to improve combustion efficiency and engine stability in vehicles using high-ethanol fuels such as E85. It enhances ignition quality, reduces irregular combustion, and supports smoother engine operation even under demanding driving conditions. The most effective formula for protecting fuel systems [&hellip;]<\/p>\n","protected":false},"featured_media":23098,"comment_status":"open","ping_status":"closed","template":"","meta":{"_uag_custom_page_level_css":"","site-sidebar-layout":"default","site-content-layout":"","ast-site-content-layout":"default","site-content-style":"default","site-sidebar-style":"default","ast-global-header-display":"","ast-banner-title-visibility":"","ast-main-header-display":"","ast-hfb-above-header-display":"","ast-hfb-below-header-display":"","ast-hfb-mobile-header-display":"","site-post-title":"","ast-breadcrumbs-content":"","ast-featured-img":"","footer-sml-layout":"","ast-disable-related-posts":"","theme-transparent-header-meta":"default","adv-header-id-meta":"","stick-header-meta":"","header-above-stick-meta":"","header-main-stick-meta":"","header-below-stick-meta":"","astra-migrate-meta-layouts":"set","ast-page-background-enabled":"default","ast-page-background-meta":{"desktop":{"background-color":"var(--ast-global-color-4)","background-image":"","background-repeat":"repeat","background-position":"center center","background-size":"auto","background-attachment":"scroll","background-type":"","background-media":"","overlay-type":"","overlay-color":"","overlay-opacity":"","overlay-gradient":""},"tablet":{"background-color":"","background-image":"","background-repeat":"repeat","background-position":"center center","background-size":"auto","background-attachment":"scroll","background-type":"","background-media":"","overlay-type":"","overlay-color":"","overlay-opacity":"","overlay-gradient":""},"mobile":{"background-color":"","background-image":"","background-repeat":"repeat","background-position":"center center","background-size":"auto","background-attachment":"scroll","background-type":"","background-media":"","overlay-type":"","overlay-color":"","overlay-opacity":"","overlay-gradient":""}},"ast-content-background-meta":{"desktop":{"background-color":"var(--ast-global-color-5)","background-image":"","background-repeat":"repeat","background-position":"center center","background-size":"auto","background-attachment":"scroll","background-type":"","background-media":"","overlay-type":"","overlay-color":"","overlay-opacity":"","overlay-gradient":""},"tablet":{"background-color":"var(--ast-global-color-5)","background-image":"","background-repeat":"repeat","background-position":"center center","background-size":"auto","background-attachment":"scroll","background-type":"","background-media":"","overlay-type":"","overlay-color":"","overlay-opacity":"","overlay-gradient":""},"mobile":{"background-color":"var(--ast-global-color-5)","background-image":"","background-repeat":"repeat","background-position":"center center","background-size":"auto","background-attachment":"scroll","background-type":"","background-media":"","overlay-type":"","overlay-color":"","overlay-opacity":"","overlay-gradient":""}}},"product_brand":[],"product_cat":[176],"product_tag":[],"class_list":{"0":"post-23027","1":"product","2":"type-product","3":"status-publish","4":"has-post-thumbnail","6":"product_cat-automotive","7":"desktop-align-left","8":"tablet-align-left","9":"mobile-align-left","11":"first","12":"instock","13":"shipping-taxable","14":"purchasable","15":"product-type-simple"},"spectra_custom_meta":{"_visibility":["visible"],"_shopify_product_id":["7961079578844"],"_s2w_shopify_domain":["noleaky.myshopify.com"],"_shopify_variant_id":["43736943100124"],"_sku":["NLSUPERETHANOLTREATMENTE85"],"_regular_price":["29.90"],"_price":["29.90"],"_sale_price":[""],"_weight":["0.35"],"_thumbnail_id":["23098"],"_global_unique_id":["5056773800939"],"total_sales":["2"],"_tax_status":["taxable"],"_tax_class":[""],"_manage_stock":["no"],"_backorders":["no"],"_sold_individually":["no"],"_virtual":["no"],"_downloadable":["no"],"_download_limit":["-1"],"_download_expiry":["-1"],"_stock":[null],"_stock_status":["instock"],"_wc_average_rating":["4.92"],"_wc_review_count":["71"],"_product_version":["10.5.2"],"_edit_lock":["1772372140:1"],"merchant-center-availability":["yes"],"merchant-center-category":["2788"],"merchant-center-id":["SE85T"],"_edit_last":["1"],"_wp_page_template":["default"],"site-sidebar-layout":["default"],"ast-site-content-layout":["default"],"site-content-style":["default"],"site-sidebar-style":["default"],"theme-transparent-header-meta":["default"],"_wc_rating_count":["a:2:{i:4;i:6;i:5;i:65;}"],"_upsell_ids":["a:3:{i:0;i:22975;i:1;i:23022;i:2;i:23025;}"],"_crosssell_ids":["a:3:{i:0;i:22975;i:1;i:23022;i:2;i:23025;}"],"astra-migrate-meta-layouts":["set"],"_uag_css_file_name":["uag-css-23027.css"],"_elementor_page_assets":["a:0:{}"]},"uagb_featured_image_src":{"full":["https:\/\/www.noleaky.com\/wp-content\/uploads\/2025\/06\/2.k.Superethanol-Treatment_4000x4000_33d7a698-01dd-4b28-84dd-3c26cff0899e.png",2560,2560,false],"thumbnail":["https:\/\/www.noleaky.com\/wp-content\/uploads\/2025\/06\/2.k.Superethanol-Treatment_4000x4000_33d7a698-01dd-4b28-84dd-3c26cff0899e-150x150.png",150,150,true],"medium":["https:\/\/www.noleaky.com\/wp-content\/uploads\/2025\/06\/2.k.Superethanol-Treatment_4000x4000_33d7a698-01dd-4b28-84dd-3c26cff0899e-300x300.png",300,300,true],"medium_large":["https:\/\/www.noleaky.com\/wp-content\/uploads\/2025\/06\/2.k.Superethanol-Treatment_4000x4000_33d7a698-01dd-4b28-84dd-3c26cff0899e-768x768.png",768,768,true],"large":["https:\/\/www.noleaky.com\/wp-content\/uploads\/2025\/06\/2.k.Superethanol-Treatment_4000x4000_33d7a698-01dd-4b28-84dd-3c26cff0899e-1024x1024.png",1024,1024,true],"1536x1536":["https:\/\/www.noleaky.com\/wp-content\/uploads\/2025\/06\/2.k.Superethanol-Treatment_4000x4000_33d7a698-01dd-4b28-84dd-3c26cff0899e-1536x1536.png",1536,1536,true],"2048x2048":["https:\/\/www.noleaky.com\/wp-content\/uploads\/2025\/06\/2.k.Superethanol-Treatment_4000x4000_33d7a698-01dd-4b28-84dd-3c26cff0899e-2048x2048.png",2048,2048,true],"trp-custom-language-flag":["https:\/\/www.noleaky.com\/wp-content\/uploads\/2025\/06\/2.k.Superethanol-Treatment_4000x4000_33d7a698-01dd-4b28-84dd-3c26cff0899e-12x12.png",12,12,true],"woocommerce_thumbnail":["https:\/\/www.noleaky.com\/wp-content\/uploads\/2025\/06\/2.k.Superethanol-Treatment_4000x4000_33d7a698-01dd-4b28-84dd-3c26cff0899e-300x300.png",300,300,true],"woocommerce_single":["https:\/\/www.noleaky.com\/wp-content\/uploads\/2025\/06\/2.k.Superethanol-Treatment_4000x4000_33d7a698-01dd-4b28-84dd-3c26cff0899e-600x600.png",600,600,true],"woocommerce_gallery_thumbnail":["https:\/\/www.noleaky.com\/wp-content\/uploads\/2025\/06\/2.k.Superethanol-Treatment_4000x4000_33d7a698-01dd-4b28-84dd-3c26cff0899e-100x100.png",100,100,true]},"uagb_author_info":{"display_name":"admin","author_link":"https:\/\/www.noleaky.com\/dk\/author\/"},"uagb_comment_info":71,"uagb_excerpt":"Optimizes engine performance in vehicles running on superethanol fuel. Our superethanol treatment is specially developed to improve combustion efficiency and engine stability in vehicles using high-ethanol fuels such as E85. It enhances ignition quality, reduces irregular combustion, and supports smoother engine operation even under demanding driving conditions. The most effective formula for protecting fuel systems&hellip;","_links":{"self":[{"href":"https:\/\/www.noleaky.com\/dk\/wp-json\/wp\/v2\/product\/23027","targetHints":{"allow":["GET"]}}],"collection":[{"href":"https:\/\/www.noleaky.com\/dk\/wp-json\/wp\/v2\/product"}],"about":[{"href":"https:\/\/www.noleaky.com\/dk\/wp-json\/wp\/v2\/types\/product"}],"replies":[{"embeddable":true,"href":"https:\/\/www.noleaky.com\/dk\/wp-json\/wp\/v2\/comments?post=23027"}],"version-history":[{"count":3,"href":"https:\/\/www.noleaky.com\/dk\/wp-json\/wp\/v2\/product\/23027\/revisions"}],"predecessor-version":[{"id":33264,"href":"https:\/\/www.noleaky.com\/dk\/wp-json\/wp\/v2\/product\/23027\/revisions\/33264"}],"wp:featuredmedia":[{"embeddable":true,"href":"https:\/\/www.noleaky.com\/dk\/wp-json\/wp\/v2\/media\/23098"}],"wp:attachment":[{"href":"https:\/\/www.noleaky.com\/dk\/wp-json\/wp\/v2\/media?parent=23027"}],"wp:term":[{"taxonomy":"product_brand","embeddable":true,"href":"https:\/\/www.noleaky.com\/dk\/wp-json\/wp\/v2\/product_brand?post=23027"},{"taxonomy":"product_cat","embeddable":true,"href":"https:\/\/www.noleaky.com\/dk\/wp-json\/wp\/v2\/product_cat?post=23027"},{"taxonomy":"product_tag","embeddable":true,"href":"https:\/\/www.noleaky.com\/dk\/wp-json\/wp\/v2\/product_tag?post=23027"}],"curies":[{"name":"wp","href":"https:\/\/api.w.org\/{rel}","templated":true}]}}