{"id":22989,"date":"2025-06-02T15:49:05","date_gmt":"2025-06-02T13:49:05","guid":{"rendered":"https:\/\/www.noleaky.com\/products\/head-gasket-repair\/"},"modified":"2026-03-01T15:03:46","modified_gmt":"2026-03-01T14:03:46","slug":"head-gasket-repair","status":"publish","type":"product","link":"https:\/\/www.noleaky.com\/dk\/products\/head-gasket-repair\/","title":{"rendered":"Toppakningsreparat\u00f8r"},"content":{"rendered":"<p><strong><img decoding=\"async\" style=\"margin-right: 12px;\" src=\"https:\/\/www.noleaky.com\/wp-content\/uploads\/2026\/02\/Check.svg\" alt=\"\" width=\"18\" height=\"15\" \/>Reparerer problemer med toppakningen uden dyr afmontering af motoren.<\/strong> Vores formel til reparation af toppakninger er specielt udviklet til at l\u00f8se almindelige toppakningsrelaterede problemer uden behov for dyre mekaniske reparationer. Den virker inde fra k\u00f8lesystemet for at t\u00e6tne l\u00e6kager for\u00e5rsaget af beskadigede toppakninger, mindre revner og forseglingsfejl, hvilket hj\u00e6lper dig med at undg\u00e5 tidskr\u00e6vende og dyr adskillelse af motoren.<\/p>\n<p><strong><img decoding=\"async\" style=\"margin-right: 12px;\" src=\"https:\/\/www.noleaky.com\/wp-content\/uploads\/2026\/02\/Check.svg\" alt=\"\" width=\"18\" height=\"15\" \/>Den mest effektive indvendige forseglingsteknologi, der findes.<\/strong> Dette er den mest effektive l\u00f8sning til reparation af toppakninger i sin kategori. Dens avancerede t\u00e6tningsmidler cirkulerer gennem k\u00f8lesystemet og aktiveres ved h\u00f8je temperaturer, s\u00e5 der dannes en holdbar t\u00e6tning p\u00e5 det n\u00f8jagtige sted, hvor der er en l\u00e6kage. Den hj\u00e6lper med at l\u00f8se problemer som tab af k\u00f8lev\u00e6ske, for h\u00f8jt tryk i k\u00f8lesystemet, olieforurening i k\u00f8lev\u00e6sken og mindre revner i motorkomponenter.<\/p>\n<p><strong><img decoding=\"async\" style=\"margin-right: 12px;\" src=\"https:\/\/www.noleaky.com\/wp-content\/uploads\/2026\/02\/Check.svg\" alt=\"\" width=\"18\" height=\"15\" \/>Det billigste alternativ til st\u00f8rre motorreparationer.<\/strong> Udskiftning af en toppakning eller reparation af en revnet motorblok kan koste et betydeligt bel\u00f8b. Vores produkt er den billigste professionelle l\u00f8sning, der findes, og det er et omkostningseffektivt alternativ, som kan genoprette funktionaliteten uden den \u00f8konomiske byrde ved en komplet mekanisk reparation.<\/p>\n<p><strong><img decoding=\"async\" style=\"margin-right: 12px;\" src=\"https:\/\/www.noleaky.com\/wp-content\/uploads\/2026\/02\/Check.svg\" alt=\"\" width=\"18\" height=\"15\" \/>Garanteret 24-timers levering ved akutte motorproblemer.<\/strong> Motorproblemer kr\u00e6ver \u00f8jeblikkelig opm\u00e6rksomhed. Derfor garanterer vi 24-timers levering, s\u00e5 du kan behandle problemet hurtigt og reducere risikoen for yderligere skader.<\/p>\n<p><strong><img decoding=\"async\" style=\"margin-right: 12px;\" src=\"https:\/\/www.noleaky.com\/wp-content\/uploads\/2026\/02\/Check.svg\" alt=\"\" width=\"18\" height=\"15\" \/>Penge-tilbage-garanti for fuldst\u00e6ndig ro i sindet.<\/strong> Vi st\u00e5r inde for ydeevnen af vores formel til reparation af toppakninger. Hvis du ikke er tilfreds med resultatet, tilbyder vi en pengene-tilbage-garanti. Du skal blot kontakte os, s\u00e5 refunderer vi dit k\u00f8b og g\u00f8r din investering helt risikofri.<\/p>\n<p><strong><img decoding=\"async\" style=\"margin-right: 12px;\" src=\"https:\/\/www.noleaky.com\/wp-content\/uploads\/2026\/02\/Check.svg\" alt=\"\" width=\"18\" height=\"15\" \/>Kompatibel med alle typer k\u00f8ret\u00f8jsmotorer.<\/strong> Denne alsidige formel er velegnet til biler, lastbiler, varevogne, pickupper, motorcykler, quads, traktorer og b\u00e5de og fungerer med benzin- og dieselmotorer, n\u00e5r den bruges som anvist. Den integreres sikkert i de fleste standardk\u00f8lesystemer.<\/p>\n<p><strong><img decoding=\"async\" style=\"margin-right: 12px;\" src=\"https:\/\/www.noleaky.com\/wp-content\/uploads\/2026\/02\/Check.svg\" alt=\"\" width=\"18\" height=\"15\" \/>Hj\u00e6lper med at reducere problemer med h\u00f8jt tryk i k\u00f8lev\u00e6sken.<\/strong> En defekt toppakning kan for\u00e5rsage unormal trykopbygning i k\u00f8lesystemet. Ved at t\u00e6tne interne l\u00e6kager hj\u00e6lper produktet med at stabilisere trykniveauet og genoprette systemets normale opf\u00f8rsel.<\/p>\n<p><strong><img decoding=\"async\" style=\"margin-right: 12px;\" src=\"https:\/\/www.noleaky.com\/wp-content\/uploads\/2026\/02\/Check.svg\" alt=\"\" width=\"18\" height=\"15\" \/>H\u00e5ndterer olieforurening i k\u00f8lev\u00e6ske.<\/strong> N\u00e5r olie blandes med k\u00f8lev\u00e6ske p\u00e5 grund af pakningssvigt, kan det for\u00e5rsage alvorlige problemer med ydeevnen. Formlen hj\u00e6lper med at forsegle kilden til intern l\u00e6kage, begr\u00e6nser krydskontaminering og genopretter systemadskillelse.<\/p>\n<p><strong><img decoding=\"async\" style=\"margin-right: 12px;\" src=\"https:\/\/www.noleaky.com\/wp-content\/uploads\/2026\/02\/Check.svg\" alt=\"\" width=\"18\" height=\"15\" \/>Kan hj\u00e6lpe med mindre problemer med revnet motorblok.<\/strong> I tilf\u00e6lde af sm\u00e5 revner eller por\u00f8siteter i motorkomponenter danner produktet en varmeaktiveret forsegling, der forst\u00e6rker de sv\u00e6kkede omr\u00e5der og forhindrer yderligere l\u00e6kage.<\/p>\n<p><strong><img decoding=\"async\" style=\"margin-right: 12px;\" src=\"https:\/\/www.noleaky.com\/wp-content\/uploads\/2026\/02\/Check.svg\" alt=\"\" width=\"18\" height=\"15\" \/>Forl\u00e6nger motorens levetid og genopretter k\u00f8reegenskaberne.<\/strong> Ved at t\u00e6tne l\u00e6kager og stabilisere k\u00f8lesystemet hj\u00e6lper produktet med at genskabe en mere j\u00e6vn motordrift, reducere risikoen for overophedning og forl\u00e6nge bilens levetid.<\/p>\n<h2><strong>Den n\u00f8dvendige m\u00e6ngde til dit k\u00f8ret\u00f8j<\/strong><\/h2>\n<table width=\"100%\">\n<tbody>\n<tr>\n<td><strong>Motorst\u00f8rrelse<\/strong><\/td>\n<td><strong>M\u00e6ngde<\/strong><\/td>\n<\/tr>\n<tr>\n<td>\n<div><\/div>\n<p>Op til 0,9 liter<\/td>\n<td>\n<div><\/div>\n<p>1 flaske<\/td>\n<\/tr>\n<tr>\n<td>\n<div><\/div>\n<p>Mellem 1 og 1,9 liter<\/td>\n<td>\n<div><\/div>\n<p>2 flasker<\/td>\n<\/tr>\n<tr>\n<td>Mellem 2 og 2,9 liter<\/td>\n<td>\n<div><\/div>\n<p>3 flasker<\/td>\n<\/tr>\n<tr>\n<td>\n<div><\/div>\n<p>Mellem 3 og 3,9 liter<\/td>\n<td>\n<div><\/div>\n<p>4 flasker<\/td>\n<\/tr>\n<tr>\n<td>\n<div><\/div>\n<p>Mere end 4 liter<\/td>\n<td>\n<div><\/div>\n<p>5 flasker<\/td>\n<\/tr>\n<\/tbody>\n<\/table>\n<h2><strong>Instruktioner<\/strong><\/h2>\n<ul>\n<li>S\u00f8rg for, at motoren er helt afk\u00f8let, f\u00f8r du \u00e5bner k\u00f8lesystemet.<\/li>\n<li>Ryst flasken grundigt f\u00f8r brug.<\/li>\n<li>Kontroller k\u00f8lev\u00e6skens niveau og tilstand. Hvis systemet er meget forurenet, skal det skylles, f\u00f8r produktet p\u00e5f\u00f8res.<\/li>\n<li>T\u00f8m ikke k\u00f8lev\u00e6sken, medmindre den er snavset eller uegnet. Produktet tils\u00e6ttes direkte til den eksisterende k\u00f8lev\u00e6ske.<\/li>\n<li>H\u00e6ld det n\u00f8dvendige antal flasker i radiatoren eller ekspansionsbeholderen i henhold til k\u00f8ret\u00f8jets konstruktion.<\/li>\n<li>Start motoren, og lad den n\u00e5 driftstemperatur.<\/li>\n<li>Lad motoren k\u00f8re i tomgang i ca. 20 til 30 minutter med varmelegemet indstillet til maksimum for at give fuld cirkulation.<\/li>\n<li>S\u00f8rg for, at k\u00f8leventilatoren t\u00e6nder og slukker mindst \u00e9n gang for at bekr\u00e6fte korrekt temperaturaktivering.<\/li>\n<li>Sluk for motoren, og lad den k\u00f8le helt af.<\/li>\n<li>Kontroller k\u00f8lev\u00e6skestanden, og fyld op om n\u00f8dvendigt. Overv\u00e5g k\u00f8ret\u00f8jet i l\u00f8bet af de n\u00e6ste par k\u00f8recyklusser.<\/li>\n<\/ul>","protected":false},"excerpt":{"rendered":"<p>Repairs head gasket issues without expensive engine dismantling. Our head gasket repair formula is specially developed to solve common head gasket-related problems without the need for costly mechanical repairs. It works from inside the cooling system to seal leaks caused by damaged head gaskets, minor cracks, and sealing failures, helping you avoid time-consuming and expensive [&hellip;]<\/p>\n","protected":false},"featured_media":23043,"comment_status":"open","ping_status":"closed","template":"","meta":{"_uag_custom_page_level_css":"","site-sidebar-layout":"default","site-content-layout":"","ast-site-content-layout":"default","site-content-style":"default","site-sidebar-style":"default","ast-global-header-display":"","ast-banner-title-visibility":"","ast-main-header-display":"","ast-hfb-above-header-display":"","ast-hfb-below-header-display":"","ast-hfb-mobile-header-display":"","site-post-title":"","ast-breadcrumbs-content":"","ast-featured-img":"","footer-sml-layout":"","ast-disable-related-posts":"","theme-transparent-header-meta":"default","adv-header-id-meta":"","stick-header-meta":"","header-above-stick-meta":"","header-main-stick-meta":"","header-below-stick-meta":"","astra-migrate-meta-layouts":"set","ast-page-background-enabled":"default","ast-page-background-meta":{"desktop":{"background-color":"var(--ast-global-color-4)","background-image":"","background-repeat":"repeat","background-position":"center center","background-size":"auto","background-attachment":"scroll","background-type":"","background-media":"","overlay-type":"","overlay-color":"","overlay-opacity":"","overlay-gradient":""},"tablet":{"background-color":"","background-image":"","background-repeat":"repeat","background-position":"center center","background-size":"auto","background-attachment":"scroll","background-type":"","background-media":"","overlay-type":"","overlay-color":"","overlay-opacity":"","overlay-gradient":""},"mobile":{"background-color":"","background-image":"","background-repeat":"repeat","background-position":"center center","background-size":"auto","background-attachment":"scroll","background-type":"","background-media":"","overlay-type":"","overlay-color":"","overlay-opacity":"","overlay-gradient":""}},"ast-content-background-meta":{"desktop":{"background-color":"var(--ast-global-color-5)","background-image":"","background-repeat":"repeat","background-position":"center center","background-size":"auto","background-attachment":"scroll","background-type":"","background-media":"","overlay-type":"","overlay-color":"","overlay-opacity":"","overlay-gradient":""},"tablet":{"background-color":"var(--ast-global-color-5)","background-image":"","background-repeat":"repeat","background-position":"center center","background-size":"auto","background-attachment":"scroll","background-type":"","background-media":"","overlay-type":"","overlay-color":"","overlay-opacity":"","overlay-gradient":""},"mobile":{"background-color":"var(--ast-global-color-5)","background-image":"","background-repeat":"repeat","background-position":"center center","background-size":"auto","background-attachment":"scroll","background-type":"","background-media":"","overlay-type":"","overlay-color":"","overlay-opacity":"","overlay-gradient":""}}},"product_brand":[],"product_cat":[176],"product_tag":[],"class_list":{"0":"post-22989","1":"product","2":"type-product","3":"status-publish","4":"has-post-thumbnail","6":"product_cat-automotive","7":"desktop-align-left","8":"tablet-align-left","9":"mobile-align-left","11":"first","12":"instock","13":"shipping-taxable","14":"purchasable","15":"product-type-simple"},"spectra_custom_meta":{"_visibility":["visible"],"_shopify_product_id":["1706250928162"],"_s2w_shopify_domain":["noleaky.myshopify.com"],"_shopify_variant_id":["29500068954146"],"_sku":["NLHEADGASKETREPAIR"],"_regular_price":["29.90"],"_price":["29.90"],"_weight":["0.45"],"_thumbnail_id":["23043"],"_global_unique_id":["5056773800687"],"total_sales":["3797"],"_tax_status":["taxable"],"_tax_class":[""],"_manage_stock":["no"],"_backorders":["no"],"_sold_individually":["no"],"_virtual":["no"],"_downloadable":["no"],"_download_limit":["-1"],"_download_expiry":["-1"],"_stock":[null],"_stock_status":["instock"],"_wc_average_rating":["4.76"],"_wc_review_count":["229"],"_product_version":["10.5.2"],"_edit_lock":["1772373837:1"],"merchant-center-availability":["yes"],"merchant-center-category":["2517"],"merchant-center-id":["HGR"],"_edit_last":["1"],"_wp_page_template":["default"],"site-sidebar-layout":["default"],"ast-site-content-layout":["default"],"site-content-style":["default"],"site-sidebar-style":["default"],"theme-transparent-header-meta":["default"],"_wc_rating_count":["a:3:{i:3;i:10;i:4;i:35;i:5;i:184;}"],"_upsell_ids":["a:3:{i:0;i:22975;i:1;i:23022;i:2;i:23025;}"],"_crosssell_ids":["a:3:{i:0;i:22975;i:1;i:23022;i:2;i:23025;}"],"astra-migrate-meta-layouts":["set"],"_uag_css_file_name":["uag-css-22989.css"],"_elementor_page_assets":["a:0:{}"]},"uagb_featured_image_src":{"full":["https:\/\/www.noleaky.com\/wp-content\/uploads\/2025\/06\/HeadGasketfinal.png",2560,2560,false],"thumbnail":["https:\/\/www.noleaky.com\/wp-content\/uploads\/2025\/06\/HeadGasketfinal-150x150.png",150,150,true],"medium":["https:\/\/www.noleaky.com\/wp-content\/uploads\/2025\/06\/HeadGasketfinal-300x300.png",300,300,true],"medium_large":["https:\/\/www.noleaky.com\/wp-content\/uploads\/2025\/06\/HeadGasketfinal-768x768.png",768,768,true],"large":["https:\/\/www.noleaky.com\/wp-content\/uploads\/2025\/06\/HeadGasketfinal-1024x1024.png",1024,1024,true],"1536x1536":["https:\/\/www.noleaky.com\/wp-content\/uploads\/2025\/06\/HeadGasketfinal-1536x1536.png",1536,1536,true],"2048x2048":["https:\/\/www.noleaky.com\/wp-content\/uploads\/2025\/06\/HeadGasketfinal-2048x2048.png",2048,2048,true],"trp-custom-language-flag":["https:\/\/www.noleaky.com\/wp-content\/uploads\/2025\/06\/HeadGasketfinal-12x12.png",12,12,true],"woocommerce_thumbnail":["https:\/\/www.noleaky.com\/wp-content\/uploads\/2025\/06\/HeadGasketfinal-300x300.png",300,300,true],"woocommerce_single":["https:\/\/www.noleaky.com\/wp-content\/uploads\/2025\/06\/HeadGasketfinal-600x600.png",600,600,true],"woocommerce_gallery_thumbnail":["https:\/\/www.noleaky.com\/wp-content\/uploads\/2025\/06\/HeadGasketfinal-100x100.png",100,100,true]},"uagb_author_info":{"display_name":"admin","author_link":"https:\/\/www.noleaky.com\/dk\/author\/"},"uagb_comment_info":229,"uagb_excerpt":"Repairs head gasket issues without expensive engine dismantling. Our head gasket repair formula is specially developed to solve common head gasket-related problems without the need for costly mechanical repairs. It works from inside the cooling system to seal leaks caused by damaged head gaskets, minor cracks, and sealing failures, helping you avoid time-consuming and expensive&hellip;","_links":{"self":[{"href":"https:\/\/www.noleaky.com\/dk\/wp-json\/wp\/v2\/product\/22989","targetHints":{"allow":["GET"]}}],"collection":[{"href":"https:\/\/www.noleaky.com\/dk\/wp-json\/wp\/v2\/product"}],"about":[{"href":"https:\/\/www.noleaky.com\/dk\/wp-json\/wp\/v2\/types\/product"}],"replies":[{"embeddable":true,"href":"https:\/\/www.noleaky.com\/dk\/wp-json\/wp\/v2\/comments?post=22989"}],"version-history":[{"count":10,"href":"https:\/\/www.noleaky.com\/dk\/wp-json\/wp\/v2\/product\/22989\/revisions"}],"predecessor-version":[{"id":33277,"href":"https:\/\/www.noleaky.com\/dk\/wp-json\/wp\/v2\/product\/22989\/revisions\/33277"}],"wp:featuredmedia":[{"embeddable":true,"href":"https:\/\/www.noleaky.com\/dk\/wp-json\/wp\/v2\/media\/23043"}],"wp:attachment":[{"href":"https:\/\/www.noleaky.com\/dk\/wp-json\/wp\/v2\/media?parent=22989"}],"wp:term":[{"taxonomy":"product_brand","embeddable":true,"href":"https:\/\/www.noleaky.com\/dk\/wp-json\/wp\/v2\/product_brand?post=22989"},{"taxonomy":"product_cat","embeddable":true,"href":"https:\/\/www.noleaky.com\/dk\/wp-json\/wp\/v2\/product_cat?post=22989"},{"taxonomy":"product_tag","embeddable":true,"href":"https:\/\/www.noleaky.com\/dk\/wp-json\/wp\/v2\/product_tag?post=22989"}],"curies":[{"name":"wp","href":"https:\/\/api.w.org\/{rel}","templated":true}]}}