{"id":22975,"date":"2025-06-02T15:48:54","date_gmt":"2025-06-02T13:48:54","guid":{"rendered":"https:\/\/www.noleaky.com\/products\/5-in-1-engine-cleaner\/"},"modified":"2026-03-01T17:14:41","modified_gmt":"2026-03-01T16:14:41","slug":"5-in-1-engine-cleaner","status":"publish","type":"product","link":"https:\/\/www.noleaky.com\/dk\/products\/5-in-1-engine-cleaner\/","title":{"rendered":"5-i-1 motorrens"},"content":{"rendered":"<p><strong><img decoding=\"async\" style=\"margin-right: 12px;\" src=\"https:\/\/www.noleaky.com\/wp-content\/uploads\/2026\/02\/Check.svg\" alt=\"\" width=\"18\" height=\"15\" \/>Renser og beskytter din motor med fem kraftfulde handlinger i en enkelt behandling.<\/strong> Vores 5-i-1-motorrens er specielt udviklet til at rense injektorer, indsugningsventiler, forbr\u00e6ndingskamre, turbokomponenter og br\u00e6ndstofsystemet p\u00e5 samme tid. Det fjerner skadelige aflejringer, samtidig med at det forbedrer motorens samlede ydeevne, hvilket g\u00f8r det til en komplet vedligeholdelsesl\u00f8sning i \u00e9n flaske.<\/p>\n<p><strong><img decoding=\"async\" style=\"margin-right: 12px;\" src=\"https:\/\/www.noleaky.com\/wp-content\/uploads\/2026\/02\/Check.svg\" alt=\"\" width=\"18\" height=\"15\" \/>Den mest effektive multi-action motorrens p\u00e5 markedet.<\/strong> Takket v\u00e6re den avancerede vaskemiddel- og forbr\u00e6ndingsfremmende teknologi tr\u00e6nger dette produkt ind og opl\u00f8ser kulstofaflejringer hurtigere og mere grundigt end almindelige br\u00e6ndstofadditiver. Det genopretter motorens effektivitet indefra og ud.<\/p>\n<p><strong><img decoding=\"async\" style=\"margin-right: 12px;\" src=\"https:\/\/www.noleaky.com\/wp-content\/uploads\/2026\/02\/Check.svg\" alt=\"\" width=\"18\" height=\"15\" \/>Den billigste alt-i-en-l\u00f8sning i professionel kvalitet p\u00e5 markedet.<\/strong> Vi tilbyder f\u00f8rsteklasses ydeevne til den mest konkurrencedygtige pris. I stedet for at k\u00f8be flere separate behandlinger f\u00e5r du fem vigtige reng\u00f8ringsfunktioner i et enkelt prisbilligt produkt.<\/p>\n<p><strong><img decoding=\"async\" style=\"margin-right: 12px;\" src=\"https:\/\/www.noleaky.com\/wp-content\/uploads\/2026\/02\/Check.svg\" alt=\"\" width=\"18\" height=\"15\" \/>24-timers levering til \u00f8jeblikkelige vedligeholdelsesbehov.<\/strong> Vi garanterer 24-timers levering, s\u00e5 du hurtigt kan l\u00f8se problemer med ydeevnen, f.eks. uj\u00e6vn tomgang, reduceret effekt eller \u00f8get br\u00e6ndstofforbrug uden forsinkelse.<\/p>\n<p><strong><img decoding=\"async\" style=\"margin-right: 12px;\" src=\"https:\/\/www.noleaky.com\/wp-content\/uploads\/2026\/02\/Check.svg\" alt=\"\" width=\"18\" height=\"15\" \/>Penge-tilbage-garanti for fuldst\u00e6ndig ro i sindet.<\/strong> Vi tilbyder en fuld pengene-tilbage-garanti. Hvis du ikke er fuldt ud tilfreds med resultaterne af vores 5-i-1-motorrens, refunderer vi dit k\u00f8b. Din investering er helt risikofri.<\/p>\n<p><strong><img decoding=\"async\" style=\"margin-right: 12px;\" src=\"https:\/\/www.noleaky.com\/wp-content\/uploads\/2026\/02\/Check.svg\" alt=\"\" width=\"18\" height=\"15\" \/>Genopretter motorkraft og acceleration.<\/strong> Ved at fjerne kulstofaflejringer fra n\u00f8glekomponenter forbedrer produktet luftstr\u00f8mmen og forbr\u00e6ndingskvaliteten, hvilket hj\u00e6lper med at genvinde tabte hestekr\u00e6fter og give en mere j\u00e6vn gasrespons.<\/p>\n<p><strong><img decoding=\"async\" style=\"margin-right: 12px;\" src=\"https:\/\/www.noleaky.com\/wp-content\/uploads\/2026\/02\/Check.svg\" alt=\"\" width=\"18\" height=\"15\" \/>Forbedrer br\u00e6ndstofeffektiviteten og reducerer forbruget.<\/strong> Renere injektorer og optimeret forbr\u00e6nding g\u00f8r, at motoren forbr\u00e6nder br\u00e6ndstof mere effektivt, hvilket kan s\u00e6nke br\u00e6ndstofforbruget og reducere driftsomkostningerne.<\/p>\n<p><strong><img decoding=\"async\" style=\"margin-right: 12px;\" src=\"https:\/\/www.noleaky.com\/wp-content\/uploads\/2026\/02\/Check.svg\" alt=\"\" width=\"18\" height=\"15\" \/>Reducerer emissioner og udst\u00f8dningsr\u00f8g.<\/strong> Ved at fremme en renere forbr\u00e6nding og fjerne ophobning af sod hj\u00e6lper formlen med at reducere skadelige emissioner og synlig r\u00f8g, hvilket bidrager til et renere udst\u00f8dningssystem.<\/p>\n<p><strong><img decoding=\"async\" style=\"margin-right: 12px;\" src=\"https:\/\/www.noleaky.com\/wp-content\/uploads\/2026\/02\/Check.svg\" alt=\"\" width=\"18\" height=\"15\" \/>Forl\u00e6nger motorens levetid og reducerer slid.<\/strong> Kulstofaflejringer \u00f8ger friktionen og giver uj\u00e6vn forbr\u00e6nding. Regelm\u00e6ssig brug af vores 5-i-1-reng\u00f8ringsmiddel hj\u00e6lper med at opretholde en j\u00e6vnere drift og beskytter interne komponenter mod for tidlig slitage.<\/p>\n<p><strong><img decoding=\"async\" style=\"margin-right: 12px;\" src=\"https:\/\/www.noleaky.com\/wp-content\/uploads\/2026\/02\/Check.svg\" alt=\"\" width=\"18\" height=\"15\" \/>Nem p\u00e5f\u00f8ring i tanken for professionelle resultater.<\/strong> Produktet er designet til at v\u00e6re praktisk og skal blot fyldes i br\u00e6ndstoftanken og fungerer automatisk under normal k\u00f8rsel uden brug af specialv\u00e6rkt\u00f8j eller mekanisk adskillelse.<\/p>\n<h2><strong>Instruktioner<\/strong><\/h2>\n<ul>\n<li>S\u00f8rg for, at br\u00e6ndstofniveauet er lavt (helst under en fjerdedel af tanken), f\u00f8r du tils\u00e6tter produktet.<\/li>\n<li>Ryst flasken grundigt f\u00f8r brug.<\/li>\n<li>H\u00e6ld hele flaskens indhold direkte i br\u00e6ndstoftanken.<\/li>\n<li>Fyld tanken med br\u00e6ndstof umiddelbart efter tils\u00e6tning af produktet for at sikre korrekt blanding.<\/li>\n<li>En fuld flaske passer til en br\u00e6ndstoftank p\u00e5 ca. 40 til 60 liter. Juster doseringen proportionalt til mindre tanke.<\/li>\n<li>K\u00f8r bilen normalt efter tankning, s\u00e5 reng\u00f8ringsmidlet kan cirkulere gennem br\u00e6ndstofsystemet og motorkomponenterne.<\/li>\n<li>For at opn\u00e5 optimale resultater skal du k\u00f8re i mindst 20 til 30 minutter ved j\u00e6vn motorhastighed for at fremme grundig reng\u00f8ring.<\/li>\n<li>I tilf\u00e6lde af kraftig ophobning af kulstof kan der udf\u00f8res en anden behandling efter forbrug af den behandlede tank.<\/li>\n<li>Brug 5-i-1-motorrenseren til forebyggende vedligeholdelse for hver 5.000 til 10.000 kilometer afh\u00e6ngigt af k\u00f8rselsforholdene.<\/li>\n<li>Overskrid ikke den anbefalede dosis, og opbevar produktet p\u00e5 et k\u00f8ligt, t\u00f8rt sted v\u00e6k fra direkte sollys og varmekilder.<\/li>\n<\/ul>","protected":false},"excerpt":{"rendered":"<p>Cleans and protects your engine with five powerful actions in one single treatment. Our 5-in-1 engine cleaner is specially engineered to clean injectors, intake valves, combustion chambers, turbo components, and the fuel system simultaneously. It removes harmful deposits while improving overall engine performance, making it a complete maintenance solution in one bottle. The most effective [&hellip;]<\/p>\n","protected":false},"featured_media":22990,"comment_status":"open","ping_status":"closed","template":"","meta":{"_uag_custom_page_level_css":"","site-sidebar-layout":"default","site-content-layout":"","ast-site-content-layout":"default","site-content-style":"default","site-sidebar-style":"default","ast-global-header-display":"","ast-banner-title-visibility":"","ast-main-header-display":"","ast-hfb-above-header-display":"","ast-hfb-below-header-display":"","ast-hfb-mobile-header-display":"","site-post-title":"","ast-breadcrumbs-content":"","ast-featured-img":"","footer-sml-layout":"","ast-disable-related-posts":"","theme-transparent-header-meta":"default","adv-header-id-meta":"","stick-header-meta":"","header-above-stick-meta":"","header-main-stick-meta":"","header-below-stick-meta":"","astra-migrate-meta-layouts":"set","ast-page-background-enabled":"default","ast-page-background-meta":{"desktop":{"background-color":"var(--ast-global-color-4)","background-image":"","background-repeat":"repeat","background-position":"center center","background-size":"auto","background-attachment":"scroll","background-type":"","background-media":"","overlay-type":"","overlay-color":"","overlay-opacity":"","overlay-gradient":""},"tablet":{"background-color":"","background-image":"","background-repeat":"repeat","background-position":"center center","background-size":"auto","background-attachment":"scroll","background-type":"","background-media":"","overlay-type":"","overlay-color":"","overlay-opacity":"","overlay-gradient":""},"mobile":{"background-color":"","background-image":"","background-repeat":"repeat","background-position":"center center","background-size":"auto","background-attachment":"scroll","background-type":"","background-media":"","overlay-type":"","overlay-color":"","overlay-opacity":"","overlay-gradient":""}},"ast-content-background-meta":{"desktop":{"background-color":"var(--ast-global-color-5)","background-image":"","background-repeat":"repeat","background-position":"center center","background-size":"auto","background-attachment":"scroll","background-type":"","background-media":"","overlay-type":"","overlay-color":"","overlay-opacity":"","overlay-gradient":""},"tablet":{"background-color":"var(--ast-global-color-5)","background-image":"","background-repeat":"repeat","background-position":"center center","background-size":"auto","background-attachment":"scroll","background-type":"","background-media":"","overlay-type":"","overlay-color":"","overlay-opacity":"","overlay-gradient":""},"mobile":{"background-color":"var(--ast-global-color-5)","background-image":"","background-repeat":"repeat","background-position":"center center","background-size":"auto","background-attachment":"scroll","background-type":"","background-media":"","overlay-type":"","overlay-color":"","overlay-opacity":"","overlay-gradient":""}}},"product_brand":[],"product_cat":[176],"product_tag":[],"class_list":{"0":"post-22975","1":"product","2":"type-product","3":"status-publish","4":"has-post-thumbnail","6":"product_cat-automotive","7":"desktop-align-left","8":"tablet-align-left","9":"mobile-align-left","11":"first","12":"instock","13":"shipping-taxable","14":"purchasable","15":"product-type-simple"},"spectra_custom_meta":{"_visibility":["visible"],"_shopify_product_id":["7960295375068"],"_s2w_shopify_domain":["noleaky.myshopify.com"],"_shopify_variant_id":["43735145545948"],"_sku":["NL51ENGINECLEANER"],"_regular_price":["29.90"],"_price":["29.90"],"_sale_price":[""],"_weight":["0.35"],"_thumbnail_id":["22990"],"_global_unique_id":["5056773800618"],"total_sales":["71"],"_tax_status":["taxable"],"_tax_class":[""],"_manage_stock":["no"],"_backorders":["no"],"_sold_individually":["no"],"_virtual":["no"],"_downloadable":["no"],"_download_limit":["-1"],"_download_expiry":["-1"],"_stock":[null],"_stock_status":["instock"],"_wc_average_rating":["4.98"],"_wc_review_count":["63"],"_product_version":["10.5.2"],"_edit_lock":["1772381552:1"],"merchant-center-availability":["yes"],"merchant-center-category":["2788"],"merchant-center-id":["5I1EC"],"_edit_last":["1"],"_wp_page_template":["default"],"site-sidebar-layout":["default"],"ast-site-content-layout":["default"],"site-content-style":["default"],"site-sidebar-style":["default"],"theme-transparent-header-meta":["default"],"_wc_rating_count":["a:2:{i:4;i:1;i:5;i:62;}"],"_upsell_ids":["a:3:{i:0;i:22985;i:1;i:22986;i:2;i:23011;}"],"_crosssell_ids":["a:3:{i:0;i:22985;i:1;i:22986;i:2;i:23011;}"],"astra-migrate-meta-layouts":["set"],"_uag_css_file_name":["uag-css-22975.css"],"_elementor_page_assets":["a:0:{}"],"_uag_page_assets":["a:9:{s:3:\"css\";s:7156:\".uag-blocks-common-selector{z-index:var(--z-index-desktop) !important}@media (max-width: 976px){.uag-blocks-common-selector{z-index:var(--z-index-tablet) !important}}@media (max-width: 767px){.uag-blocks-common-selector{z-index:var(--z-index-mobile) !important}}\n.wp-block-uagb-image{display:flex}.wp-block-uagb-image__figure{position:relative;display:flex;flex-direction:column;max-width:100%;height:auto;margin:0}.wp-block-uagb-image__figure img{height:auto;display:flex;max-width:100%;transition:box-shadow 0.2s ease}.wp-block-uagb-image__figure>a{display:inline-block}.wp-block-uagb-image__figure figcaption{text-align:center;margin-top:0.5em;margin-bottom:1em}.wp-block-uagb-image .components-placeholder.block-editor-media-placeholder .components-placeholder__instructions{align-self:center}.wp-block-uagb-image--align-left{text-align:left}.wp-block-uagb-image--align-right{text-align:right}.wp-block-uagb-image--align-center{text-align:center}.wp-block-uagb-image--align-full .wp-block-uagb-image__figure{margin-left:calc(50% - 50vw);margin-right:calc(50% - 50vw);max-width:100vw;width:100vw;height:auto}.wp-block-uagb-image--align-full .wp-block-uagb-image__figure img{height:auto;width:100% !important}.wp-block-uagb-image--align-wide .wp-block-uagb-image__figure img{height:auto;width:100%}.wp-block-uagb-image--layout-overlay__color-wrapper{position:absolute;left:0;top:0;right:0;bottom:0;opacity:0.2;background:rgba(0,0,0,0.5);transition:opacity 0.35s ease-in-out}.wp-block-uagb-image--layout-overlay-link{position:absolute;left:0;right:0;bottom:0;top:0}.wp-block-uagb-image--layout-overlay .wp-block-uagb-image__figure:hover .wp-block-uagb-image--layout-overlay__color-wrapper{opacity:1}.wp-block-uagb-image--layout-overlay__inner{position:absolute;left:15px;right:15px;bottom:15px;top:15px;display:flex;align-items:center;justify-content:center;flex-direction:column;border-color:#fff;transition:0.35s ease-in-out}.wp-block-uagb-image--layout-overlay__inner.top-left,.wp-block-uagb-image--layout-overlay__inner.top-center,.wp-block-uagb-image--layout-overlay__inner.top-right{justify-content:flex-start}.wp-block-uagb-image--layout-overlay__inner.bottom-left,.wp-block-uagb-image--layout-overlay__inner.bottom-center,.wp-block-uagb-image--layout-overlay__inner.bottom-right{justify-content:flex-end}.wp-block-uagb-image--layout-overlay__inner.top-left,.wp-block-uagb-image--layout-overlay__inner.center-left,.wp-block-uagb-image--layout-overlay__inner.bottom-left{align-items:flex-start}.wp-block-uagb-image--layout-overlay__inner.top-right,.wp-block-uagb-image--layout-overlay__inner.center-right,.wp-block-uagb-image--layout-overlay__inner.bottom-right{align-items:flex-end}.wp-block-uagb-image--layout-overlay__inner .uagb-image-heading{color:#fff;transition:transform 0.35s, opacity 0.35s ease-in-out;transform:translate3d(0, 24px, 0);margin:0;line-height:1em}.wp-block-uagb-image--layout-overlay__inner .uagb-image-separator{width:30%;border-top-width:2px;border-top-color:#fff;border-top-style:solid;margin-bottom:10px;opacity:0;transition:transform 0.4s, opacity 0.4s ease-in-out;transform:translate3d(0, 30px, 0)}.wp-block-uagb-image--layout-overlay__inner .uagb-image-caption{opacity:0;overflow:visible;color:#fff;transition:transform 0.45s, opacity 0.45s ease-in-out;transform:translate3d(0, 35px, 0)}.wp-block-uagb-image--layout-overlay__inner:hover .uagb-image-heading,.wp-block-uagb-image--layout-overlay__inner:hover .uagb-image-separator,.wp-block-uagb-image--layout-overlay__inner:hover .uagb-image-caption{opacity:1;transform:translate3d(0, 0, 0)}.wp-block-uagb-image--effect-zoomin .wp-block-uagb-image__figure img,.wp-block-uagb-image--effect-zoomin .wp-block-uagb-image__figure .wp-block-uagb-image--layout-overlay__color-wrapper{transform:scale(1);transition:transform 0.35s ease-in-out}.wp-block-uagb-image--effect-zoomin .wp-block-uagb-image__figure:hover img,.wp-block-uagb-image--effect-zoomin .wp-block-uagb-image__figure:hover .wp-block-uagb-image--layout-overlay__color-wrapper{transform:scale(1.05)}.wp-block-uagb-image--effect-slide .wp-block-uagb-image__figure img,.wp-block-uagb-image--effect-slide .wp-block-uagb-image__figure .wp-block-uagb-image--layout-overlay__color-wrapper{width:calc(100% + 40px) !important;max-width:none !important;transform:translate3d(-40px, 0, 0);transition:transform 0.35s ease-in-out}.wp-block-uagb-image--effect-slide .wp-block-uagb-image__figure:hover img,.wp-block-uagb-image--effect-slide .wp-block-uagb-image__figure:hover .wp-block-uagb-image--layout-overlay__color-wrapper{transform:translate3d(0, 0, 0)}.wp-block-uagb-image--effect-grayscale img{filter:grayscale(0%);transition:0.35s ease-in-out}.wp-block-uagb-image--effect-grayscale:hover img{filter:grayscale(100%)}.wp-block-uagb-image--effect-blur img{filter:blur(0);transition:0.35s ease-in-out}.wp-block-uagb-image--effect-blur:hover img{filter:blur(3px)}\n.uagb-block-e6f939b3.wp-block-uagb-image--layout-default figure img{box-shadow: 0px 0px 0 #00000070;}.uagb-block-e6f939b3.wp-block-uagb-image .wp-block-uagb-image__figure figcaption{font-style: normal;align-self: center;}.uagb-block-e6f939b3.wp-block-uagb-image--layout-overlay figure img{box-shadow: 0px 0px 0 #00000070;}.uagb-block-e6f939b3.wp-block-uagb-image--layout-overlay .wp-block-uagb-image--layout-overlay__color-wrapper{opacity: 0.2;}.uagb-block-e6f939b3.wp-block-uagb-image--layout-overlay .wp-block-uagb-image--layout-overlay__inner{left: 15px;right: 15px;top: 15px;bottom: 15px;}.uagb-block-e6f939b3.wp-block-uagb-image--layout-overlay .wp-block-uagb-image--layout-overlay__inner .uagb-image-heading{font-style: normal;color: #fff;opacity: 1;}.uagb-block-e6f939b3.wp-block-uagb-image--layout-overlay .wp-block-uagb-image--layout-overlay__inner .uagb-image-heading a{color: #fff;}.uagb-block-e6f939b3.wp-block-uagb-image--layout-overlay .wp-block-uagb-image--layout-overlay__inner .uagb-image-caption{opacity: 0;}.uagb-block-e6f939b3.wp-block-uagb-image--layout-overlay .wp-block-uagb-image__figure:hover .wp-block-uagb-image--layout-overlay__color-wrapper{opacity: 1;}.uagb-block-e6f939b3.wp-block-uagb-image .wp-block-uagb-image--layout-overlay__inner .uagb-image-separator{width: 30%;border-top-width: 2px;border-top-color: #fff;opacity: 0;}.uagb-block-e6f939b3.wp-block-uagb-image .wp-block-uagb-image__figure img{width: px;height: auto;}.uagb-block-e6f939b3.wp-block-uagb-image .wp-block-uagb-image__figure:hover .wp-block-uagb-image--layout-overlay__inner .uagb-image-caption{opacity: 1;}.uagb-block-e6f939b3.wp-block-uagb-image .wp-block-uagb-image__figure:hover .wp-block-uagb-image--layout-overlay__inner .uagb-image-separator{opacity: 1;}.uagb-block-e6f939b3.wp-block-uagb-image--layout-default figure:hover img{box-shadow: 0px 0px 0 #00000070;}.uagb-block-e6f939b3.wp-block-uagb-image--layout-overlay figure:hover img{box-shadow: 0px 0px 0 #00000070;}@media only screen and (max-width: 976px) {.uagb-block-e6f939b3.wp-block-uagb-image .wp-block-uagb-image__figure img{width: px;height: auto;}}@media only screen and (max-width: 767px) {.uagb-block-e6f939b3.wp-block-uagb-image .wp-block-uagb-image__figure img{width: px;height: auto;}}\";s:2:\"js\";s:0:\"\";s:18:\"current_block_list\";a:13:{i:0;s:11:\"core\/search\";i:1;s:10:\"core\/group\";i:2;s:12:\"core\/heading\";i:3;s:17:\"core\/latest-posts\";i:4;s:20:\"core\/latest-comments\";i:5;s:13:\"core\/archives\";i:6;s:15:\"core\/categories\";i:7;s:14:\"core\/paragraph\";i:8;s:10:\"uagb\/image\";i:9;s:11:\"core\/spacer\";i:10;s:30:\"woocommerce\/product-categories\";i:11;s:10:\"core\/image\";i:12;s:14:\"core\/shortcode\";}s:8:\"uag_flag\";b:1;s:11:\"uag_version\";s:10:\"1776751374\";s:6:\"gfonts\";a:0:{}s:10:\"gfonts_url\";s:0:\"\";s:12:\"gfonts_files\";a:0:{}s:14:\"uag_faq_layout\";b:0;}"]},"uagb_featured_image_src":{"full":["https:\/\/www.noleaky.com\/wp-content\/uploads\/2025\/06\/2.e.Cleaner-5in1_4000x4000_26f7ab67-71d0-45db-a11c-5dbb3cca07df.png",2560,2560,false],"thumbnail":["https:\/\/www.noleaky.com\/wp-content\/uploads\/2025\/06\/2.e.Cleaner-5in1_4000x4000_26f7ab67-71d0-45db-a11c-5dbb3cca07df-150x150.png",150,150,true],"medium":["https:\/\/www.noleaky.com\/wp-content\/uploads\/2025\/06\/2.e.Cleaner-5in1_4000x4000_26f7ab67-71d0-45db-a11c-5dbb3cca07df-300x300.png",300,300,true],"medium_large":["https:\/\/www.noleaky.com\/wp-content\/uploads\/2025\/06\/2.e.Cleaner-5in1_4000x4000_26f7ab67-71d0-45db-a11c-5dbb3cca07df-768x768.png",768,768,true],"large":["https:\/\/www.noleaky.com\/wp-content\/uploads\/2025\/06\/2.e.Cleaner-5in1_4000x4000_26f7ab67-71d0-45db-a11c-5dbb3cca07df-1024x1024.png",1024,1024,true],"1536x1536":["https:\/\/www.noleaky.com\/wp-content\/uploads\/2025\/06\/2.e.Cleaner-5in1_4000x4000_26f7ab67-71d0-45db-a11c-5dbb3cca07df-1536x1536.png",1536,1536,true],"2048x2048":["https:\/\/www.noleaky.com\/wp-content\/uploads\/2025\/06\/2.e.Cleaner-5in1_4000x4000_26f7ab67-71d0-45db-a11c-5dbb3cca07df-2048x2048.png",2048,2048,true],"trp-custom-language-flag":["https:\/\/www.noleaky.com\/wp-content\/uploads\/2025\/06\/2.e.Cleaner-5in1_4000x4000_26f7ab67-71d0-45db-a11c-5dbb3cca07df-12x12.png",12,12,true],"woocommerce_thumbnail":["https:\/\/www.noleaky.com\/wp-content\/uploads\/2025\/06\/2.e.Cleaner-5in1_4000x4000_26f7ab67-71d0-45db-a11c-5dbb3cca07df-300x300.png",300,300,true],"woocommerce_single":["https:\/\/www.noleaky.com\/wp-content\/uploads\/2025\/06\/2.e.Cleaner-5in1_4000x4000_26f7ab67-71d0-45db-a11c-5dbb3cca07df-600x600.png",600,600,true],"woocommerce_gallery_thumbnail":["https:\/\/www.noleaky.com\/wp-content\/uploads\/2025\/06\/2.e.Cleaner-5in1_4000x4000_26f7ab67-71d0-45db-a11c-5dbb3cca07df-100x100.png",100,100,true]},"uagb_author_info":{"display_name":"admin","author_link":"https:\/\/www.noleaky.com\/dk\/author\/"},"uagb_comment_info":63,"uagb_excerpt":"Cleans and protects your engine with five powerful actions in one single treatment. Our 5-in-1 engine cleaner is specially engineered to clean injectors, intake valves, combustion chambers, turbo components, and the fuel system simultaneously. It removes harmful deposits while improving overall engine performance, making it a complete maintenance solution in one bottle. The most effective&hellip;","_links":{"self":[{"href":"https:\/\/www.noleaky.com\/dk\/wp-json\/wp\/v2\/product\/22975","targetHints":{"allow":["GET"]}}],"collection":[{"href":"https:\/\/www.noleaky.com\/dk\/wp-json\/wp\/v2\/product"}],"about":[{"href":"https:\/\/www.noleaky.com\/dk\/wp-json\/wp\/v2\/types\/product"}],"replies":[{"embeddable":true,"href":"https:\/\/www.noleaky.com\/dk\/wp-json\/wp\/v2\/comments?post=22975"}],"version-history":[{"count":3,"href":"https:\/\/www.noleaky.com\/dk\/wp-json\/wp\/v2\/product\/22975\/revisions"}],"predecessor-version":[{"id":33301,"href":"https:\/\/www.noleaky.com\/dk\/wp-json\/wp\/v2\/product\/22975\/revisions\/33301"}],"wp:featuredmedia":[{"embeddable":true,"href":"https:\/\/www.noleaky.com\/dk\/wp-json\/wp\/v2\/media\/22990"}],"wp:attachment":[{"href":"https:\/\/www.noleaky.com\/dk\/wp-json\/wp\/v2\/media?parent=22975"}],"wp:term":[{"taxonomy":"product_brand","embeddable":true,"href":"https:\/\/www.noleaky.com\/dk\/wp-json\/wp\/v2\/product_brand?post=22975"},{"taxonomy":"product_cat","embeddable":true,"href":"https:\/\/www.noleaky.com\/dk\/wp-json\/wp\/v2\/product_cat?post=22975"},{"taxonomy":"product_tag","embeddable":true,"href":"https:\/\/www.noleaky.com\/dk\/wp-json\/wp\/v2\/product_tag?post=22975"}],"curies":[{"name":"wp","href":"https:\/\/api.w.org\/{rel}","templated":true}]}}