{"id":22989,"date":"2025-06-02T15:49:05","date_gmt":"2025-06-02T13:49:05","guid":{"rendered":"https:\/\/www.noleaky.com\/products\/head-gasket-repair\/"},"modified":"2026-03-01T15:03:46","modified_gmt":"2026-03-01T14:03:46","slug":"head-gasket-repair","status":"publish","type":"product","link":"https:\/\/www.noleaky.com\/de\/products\/head-gasket-repair\/","title":{"rendered":"Zylinderkopfdichtung Dichtmittel"},"content":{"rendered":"<p><strong><img decoding=\"async\" style=\"margin-right: 12px;\" src=\"https:\/\/www.noleaky.com\/wp-content\/uploads\/2026\/02\/Check.svg\" alt=\"\" width=\"18\" height=\"15\" \/>Repariert Probleme mit der Zylinderkopfdichtung ohne teure Demontage des Motors.<\/strong> Unsere Reparaturformel f\u00fcr Zylinderkopfdichtungen wurde speziell entwickelt, um h\u00e4ufige Probleme mit Zylinderkopfdichtungen zu l\u00f6sen, ohne dass kostspielige mechanische Reparaturen erforderlich sind. Es wirkt vom Inneren des K\u00fchlsystems aus und dichtet Lecks ab, die durch besch\u00e4digte Zylinderkopfdichtungen, kleinere Risse und Dichtungsfehler verursacht werden, und hilft Ihnen, eine zeitaufw\u00e4ndige und teure Demontage des Motors zu vermeiden.<\/p>\n<p><strong><img decoding=\"async\" style=\"margin-right: 12px;\" src=\"https:\/\/www.noleaky.com\/wp-content\/uploads\/2026\/02\/Check.svg\" alt=\"\" width=\"18\" height=\"15\" \/>Die effektivste Technologie zur Innenabdichtung auf dem Markt.<\/strong> Dies ist die effektivste L\u00f6sung zur Reparatur von Zylinderkopfdichtungen in ihrer Kategorie. Seine fortschrittlichen Dichtungsmittel zirkulieren durch das K\u00fchlsystem und werden bei hohen Temperaturen aktiviert, um genau an der undichten Stelle eine dauerhafte Dichtung zu bilden. Es hilft bei Problemen wie K\u00fchlmittelverlust, \u00fcberm\u00e4\u00dfigem Druck im K\u00fchlsystem, \u00d6lverschmutzung im K\u00fchlmittel und kleineren Rissen in Motorkomponenten.<\/p>\n<p><strong><img decoding=\"async\" style=\"margin-right: 12px;\" src=\"https:\/\/www.noleaky.com\/wp-content\/uploads\/2026\/02\/Check.svg\" alt=\"\" width=\"18\" height=\"15\" \/>Die billigste Alternative zu gr\u00f6\u00dferen Motorreparaturen.<\/strong> Der Austausch einer Kopfdichtung oder die Reparatur eines gerissenen Motorblocks kann eine betr\u00e4chtliche Summe kosten. Unser Produkt ist die billigste professionelle L\u00f6sung auf dem Markt und bietet eine kosteng\u00fcnstige Alternative, die die Funktionalit\u00e4t wiederherstellen kann, ohne die finanzielle Belastung einer vollst\u00e4ndigen mechanischen Reparatur.<\/p>\n<p><strong><img decoding=\"async\" style=\"margin-right: 12px;\" src=\"https:\/\/www.noleaky.com\/wp-content\/uploads\/2026\/02\/Check.svg\" alt=\"\" width=\"18\" height=\"15\" \/>Garantierte 24-Stunden-Lieferung bei dringenden Motorproblemen.<\/strong> Motorprobleme erfordern sofortige Hilfe. Deshalb garantieren wir eine 24-Stunden-Lieferung, damit Sie das Problem schnell beheben und das Risiko weiterer Sch\u00e4den verringern k\u00f6nnen.<\/p>\n<p><strong><img decoding=\"async\" style=\"margin-right: 12px;\" src=\"https:\/\/www.noleaky.com\/wp-content\/uploads\/2026\/02\/Check.svg\" alt=\"\" width=\"18\" height=\"15\" \/>Geld-zur\u00fcck-Garantie f\u00fcr absolute Sorglosigkeit.<\/strong> Wir stehen hinter der Leistung unserer Reparaturformel f\u00fcr Zylinderkopfdichtungen. Wenn Sie mit den Ergebnissen nicht zufrieden sind, bieten wir eine Geld-zur\u00fcck-Garantie. Setzen Sie sich einfach mit uns in Verbindung und wir erstatten Ihnen den Kaufpreis zur\u00fcck, sodass Ihre Investition v\u00f6llig risikofrei ist.<\/p>\n<p><strong><img decoding=\"async\" style=\"margin-right: 12px;\" src=\"https:\/\/www.noleaky.com\/wp-content\/uploads\/2026\/02\/Check.svg\" alt=\"\" width=\"18\" height=\"15\" \/>Kompatibel mit allen Arten von Fahrzeugmotoren.<\/strong> Diese vielseitige Formel eignet sich f\u00fcr Pkw, Lkw, Transporter, Pickups, Motorr\u00e4der, Quads, Traktoren und Boote und funktioniert bei vorschriftsm\u00e4\u00dfiger Anwendung mit Benzin- und Dieselmotoren. Es l\u00e4sst sich sicher in die meisten Standard-K\u00fchlsysteme integrieren.<\/p>\n<p><strong><img decoding=\"async\" style=\"margin-right: 12px;\" src=\"https:\/\/www.noleaky.com\/wp-content\/uploads\/2026\/02\/Check.svg\" alt=\"\" width=\"18\" height=\"15\" \/>Hilft, Probleme mit dem K\u00fchlmittelhochdruck zu verringern.<\/strong> Eine defekte Zylinderkopfdichtung kann einen abnormalen Druckaufbau im K\u00fchlsystem verursachen. Durch die Abdichtung interner Lecks hilft das Produkt, den Druck zu stabilisieren und das normale Systemverhalten wiederherzustellen.<\/p>\n<p><strong><img decoding=\"async\" style=\"margin-right: 12px;\" src=\"https:\/\/www.noleaky.com\/wp-content\/uploads\/2026\/02\/Check.svg\" alt=\"\" width=\"18\" height=\"15\" \/>Behebt \u00d6lverschmutzung im K\u00fchlmittel.<\/strong> Wenn sich \u00d6l und K\u00fchlmittel aufgrund eines Dichtungsfehlers vermischen, kann dies zu ernsthaften Leistungsproblemen f\u00fchren. Die Formel hilft, die Quelle der internen Leckage abzudichten, die Kreuzkontamination zu begrenzen und die Systemtrennung wiederherzustellen.<\/p>\n<p><strong><img decoding=\"async\" style=\"margin-right: 12px;\" src=\"https:\/\/www.noleaky.com\/wp-content\/uploads\/2026\/02\/Check.svg\" alt=\"\" width=\"18\" height=\"15\" \/>Kann bei kleineren Problemen mit gerissenen Motorbl\u00f6cken helfen.<\/strong> Bei kleinen Rissen oder Porosit\u00e4ten in Motorkomponenten bildet das Produkt eine hitzeaktivierte Dichtung, die die geschw\u00e4chten Bereiche verst\u00e4rkt und weitere Leckagen verhindert.<\/p>\n<p><strong><img decoding=\"async\" style=\"margin-right: 12px;\" src=\"https:\/\/www.noleaky.com\/wp-content\/uploads\/2026\/02\/Check.svg\" alt=\"\" width=\"18\" height=\"15\" \/>Verl\u00e4ngert die Lebensdauer des Motors und stellt die Fahrbarkeit wieder her.<\/strong> Durch die Abdichtung von Leckagen und die Stabilisierung des K\u00fchlsystems tr\u00e4gt das Produkt dazu bei, einen reibungsloseren Motorbetrieb wiederherzustellen, das \u00dcberhitzungsrisiko zu verringern und die Nutzungsdauer Ihres Fahrzeugs zu verl\u00e4ngern.<\/p>\n<h2><strong>Erforderliche Menge f\u00fcr Ihr Fahrzeug<\/strong><\/h2>\n<table width=\"100%\">\n<tbody>\n<tr>\n<td><strong>Motorgr\u00f6\u00dfe<\/strong><\/td>\n<td><strong>Menge<\/strong><\/td>\n<\/tr>\n<tr>\n<td>\n<div><\/div>\n<p>Bis zu 0,9 Liter<\/td>\n<td>\n<div><\/div>\n<p>1 Flasche<\/td>\n<\/tr>\n<tr>\n<td>\n<div><\/div>\n<p>Zwischen 1 und 1,9 Litern<\/td>\n<td>\n<div><\/div>\n<p>2 Flaschen<\/td>\n<\/tr>\n<tr>\n<td>Zwischen 2 und 2,9 Litern<\/td>\n<td>\n<div><\/div>\n<p>3 Flaschen<\/td>\n<\/tr>\n<tr>\n<td>\n<div><\/div>\n<p>Zwischen 3 und 3,9 Litern<\/td>\n<td>\n<div><\/div>\n<p>4 Flaschen<\/td>\n<\/tr>\n<tr>\n<td>\n<div><\/div>\n<p>Mehr als 4 Liter<\/td>\n<td>\n<div><\/div>\n<p>5 Flaschen<\/td>\n<\/tr>\n<\/tbody>\n<\/table>\n<h2><strong>Anweisungen<\/strong><\/h2>\n<ul>\n<li>Stellen Sie sicher, dass der Motor vollst\u00e4ndig abgek\u00fchlt ist, bevor Sie das K\u00fchlsystem \u00f6ffnen.<\/li>\n<li>Sch\u00fctteln Sie die Flasche vor Gebrauch gr\u00fcndlich.<\/li>\n<li>Pr\u00fcfen Sie den K\u00fchlmittelstand und -zustand. Wenn das System stark verschmutzt ist, sp\u00fclen Sie es vor der Anwendung des Produkts.<\/li>\n<li>Lassen Sie das K\u00fchlmittel nicht ab, es sei denn, es ist verschmutzt oder ungeeignet. Das Produkt wird direkt der vorhandenen K\u00fchlfl\u00fcssigkeit zugesetzt.<\/li>\n<li>F\u00fcllen Sie die erforderliche Anzahl von Flaschen in den K\u00fchler oder das Ausdehnungsgef\u00e4\u00df entsprechend der Fahrzeugkonstruktion.<\/li>\n<li>Starten Sie den Motor und lassen Sie ihn auf Betriebstemperatur kommen.<\/li>\n<li>Lassen Sie den Motor ca. 20 bis 30 Minuten lang im Leerlauf laufen, wobei die Heizung auf die h\u00f6chste Stufe eingestellt ist, um eine vollst\u00e4ndige Zirkulation zu erm\u00f6glichen.<\/li>\n<li>Vergewissern Sie sich, dass das K\u00fchlgebl\u00e4se mindestens einmal ein- und ausgeschaltet wird, um die korrekte Temperaturaktivierung zu best\u00e4tigen.<\/li>\n<li>Stellen Sie den Motor ab und lassen Sie ihn vollst\u00e4ndig abk\u00fchlen.<\/li>\n<li>K\u00fchlmittelstand pr\u00fcfen und ggf. nachf\u00fcllen. Das Fahrzeug w\u00e4hrend der n\u00e4chsten Fahrzyklen \u00fcberwachen.<\/li>\n<\/ul>","protected":false},"excerpt":{"rendered":"<p>Repairs head gasket issues without expensive engine dismantling. Our head gasket repair formula is specially developed to solve common head gasket-related problems without the need for costly mechanical repairs. It works from inside the cooling system to seal leaks caused by damaged head gaskets, minor cracks, and sealing failures, helping you avoid time-consuming and expensive [&hellip;]<\/p>\n","protected":false},"featured_media":23043,"comment_status":"open","ping_status":"closed","template":"","meta":{"_uag_custom_page_level_css":"","site-sidebar-layout":"default","site-content-layout":"","ast-site-content-layout":"default","site-content-style":"default","site-sidebar-style":"default","ast-global-header-display":"","ast-banner-title-visibility":"","ast-main-header-display":"","ast-hfb-above-header-display":"","ast-hfb-below-header-display":"","ast-hfb-mobile-header-display":"","site-post-title":"","ast-breadcrumbs-content":"","ast-featured-img":"","footer-sml-layout":"","ast-disable-related-posts":"","theme-transparent-header-meta":"default","adv-header-id-meta":"","stick-header-meta":"","header-above-stick-meta":"","header-main-stick-meta":"","header-below-stick-meta":"","astra-migrate-meta-layouts":"set","ast-page-background-enabled":"default","ast-page-background-meta":{"desktop":{"background-color":"var(--ast-global-color-4)","background-image":"","background-repeat":"repeat","background-position":"center center","background-size":"auto","background-attachment":"scroll","background-type":"","background-media":"","overlay-type":"","overlay-color":"","overlay-opacity":"","overlay-gradient":""},"tablet":{"background-color":"","background-image":"","background-repeat":"repeat","background-position":"center center","background-size":"auto","background-attachment":"scroll","background-type":"","background-media":"","overlay-type":"","overlay-color":"","overlay-opacity":"","overlay-gradient":""},"mobile":{"background-color":"","background-image":"","background-repeat":"repeat","background-position":"center center","background-size":"auto","background-attachment":"scroll","background-type":"","background-media":"","overlay-type":"","overlay-color":"","overlay-opacity":"","overlay-gradient":""}},"ast-content-background-meta":{"desktop":{"background-color":"var(--ast-global-color-5)","background-image":"","background-repeat":"repeat","background-position":"center center","background-size":"auto","background-attachment":"scroll","background-type":"","background-media":"","overlay-type":"","overlay-color":"","overlay-opacity":"","overlay-gradient":""},"tablet":{"background-color":"var(--ast-global-color-5)","background-image":"","background-repeat":"repeat","background-position":"center center","background-size":"auto","background-attachment":"scroll","background-type":"","background-media":"","overlay-type":"","overlay-color":"","overlay-opacity":"","overlay-gradient":""},"mobile":{"background-color":"var(--ast-global-color-5)","background-image":"","background-repeat":"repeat","background-position":"center center","background-size":"auto","background-attachment":"scroll","background-type":"","background-media":"","overlay-type":"","overlay-color":"","overlay-opacity":"","overlay-gradient":""}}},"product_brand":[],"product_cat":[176],"product_tag":[],"class_list":{"0":"post-22989","1":"product","2":"type-product","3":"status-publish","4":"has-post-thumbnail","6":"product_cat-automotive","7":"desktop-align-left","8":"tablet-align-left","9":"mobile-align-left","11":"first","12":"instock","13":"shipping-taxable","14":"purchasable","15":"product-type-simple"},"spectra_custom_meta":{"_visibility":["visible"],"_shopify_product_id":["1706250928162"],"_s2w_shopify_domain":["noleaky.myshopify.com"],"_shopify_variant_id":["29500068954146"],"_sku":["NLHEADGASKETREPAIR"],"_regular_price":["29.90"],"_price":["29.90"],"_weight":["0.45"],"_thumbnail_id":["23043"],"_global_unique_id":["5056773800687"],"total_sales":["3793"],"_tax_status":["taxable"],"_tax_class":[""],"_manage_stock":["no"],"_backorders":["no"],"_sold_individually":["no"],"_virtual":["no"],"_downloadable":["no"],"_download_limit":["-1"],"_download_expiry":["-1"],"_stock":[null],"_stock_status":["instock"],"_wc_average_rating":["4.76"],"_wc_review_count":["229"],"_product_version":["10.5.2"],"_edit_lock":["1772373837:1"],"merchant-center-availability":["yes"],"merchant-center-category":["2517"],"merchant-center-id":["HGR"],"_edit_last":["1"],"_wp_page_template":["default"],"site-sidebar-layout":["default"],"ast-site-content-layout":["default"],"site-content-style":["default"],"site-sidebar-style":["default"],"theme-transparent-header-meta":["default"],"_wc_rating_count":["a:3:{i:3;i:10;i:4;i:35;i:5;i:184;}"],"_upsell_ids":["a:3:{i:0;i:22975;i:1;i:23022;i:2;i:23025;}"],"_crosssell_ids":["a:3:{i:0;i:22975;i:1;i:23022;i:2;i:23025;}"],"astra-migrate-meta-layouts":["set"],"_uag_css_file_name":["uag-css-22989.css"],"_elementor_page_assets":["a:0:{}"],"_uag_page_assets":["a:9:{s:3:\"css\";s:7156:\".uag-blocks-common-selector{z-index:var(--z-index-desktop) !important}@media (max-width: 976px){.uag-blocks-common-selector{z-index:var(--z-index-tablet) !important}}@media (max-width: 767px){.uag-blocks-common-selector{z-index:var(--z-index-mobile) !important}}\n.wp-block-uagb-image{display:flex}.wp-block-uagb-image__figure{position:relative;display:flex;flex-direction:column;max-width:100%;height:auto;margin:0}.wp-block-uagb-image__figure img{height:auto;display:flex;max-width:100%;transition:box-shadow 0.2s ease}.wp-block-uagb-image__figure>a{display:inline-block}.wp-block-uagb-image__figure figcaption{text-align:center;margin-top:0.5em;margin-bottom:1em}.wp-block-uagb-image .components-placeholder.block-editor-media-placeholder .components-placeholder__instructions{align-self:center}.wp-block-uagb-image--align-left{text-align:left}.wp-block-uagb-image--align-right{text-align:right}.wp-block-uagb-image--align-center{text-align:center}.wp-block-uagb-image--align-full .wp-block-uagb-image__figure{margin-left:calc(50% - 50vw);margin-right:calc(50% - 50vw);max-width:100vw;width:100vw;height:auto}.wp-block-uagb-image--align-full .wp-block-uagb-image__figure img{height:auto;width:100% !important}.wp-block-uagb-image--align-wide .wp-block-uagb-image__figure img{height:auto;width:100%}.wp-block-uagb-image--layout-overlay__color-wrapper{position:absolute;left:0;top:0;right:0;bottom:0;opacity:0.2;background:rgba(0,0,0,0.5);transition:opacity 0.35s ease-in-out}.wp-block-uagb-image--layout-overlay-link{position:absolute;left:0;right:0;bottom:0;top:0}.wp-block-uagb-image--layout-overlay .wp-block-uagb-image__figure:hover .wp-block-uagb-image--layout-overlay__color-wrapper{opacity:1}.wp-block-uagb-image--layout-overlay__inner{position:absolute;left:15px;right:15px;bottom:15px;top:15px;display:flex;align-items:center;justify-content:center;flex-direction:column;border-color:#fff;transition:0.35s ease-in-out}.wp-block-uagb-image--layout-overlay__inner.top-left,.wp-block-uagb-image--layout-overlay__inner.top-center,.wp-block-uagb-image--layout-overlay__inner.top-right{justify-content:flex-start}.wp-block-uagb-image--layout-overlay__inner.bottom-left,.wp-block-uagb-image--layout-overlay__inner.bottom-center,.wp-block-uagb-image--layout-overlay__inner.bottom-right{justify-content:flex-end}.wp-block-uagb-image--layout-overlay__inner.top-left,.wp-block-uagb-image--layout-overlay__inner.center-left,.wp-block-uagb-image--layout-overlay__inner.bottom-left{align-items:flex-start}.wp-block-uagb-image--layout-overlay__inner.top-right,.wp-block-uagb-image--layout-overlay__inner.center-right,.wp-block-uagb-image--layout-overlay__inner.bottom-right{align-items:flex-end}.wp-block-uagb-image--layout-overlay__inner .uagb-image-heading{color:#fff;transition:transform 0.35s, opacity 0.35s ease-in-out;transform:translate3d(0, 24px, 0);margin:0;line-height:1em}.wp-block-uagb-image--layout-overlay__inner .uagb-image-separator{width:30%;border-top-width:2px;border-top-color:#fff;border-top-style:solid;margin-bottom:10px;opacity:0;transition:transform 0.4s, opacity 0.4s ease-in-out;transform:translate3d(0, 30px, 0)}.wp-block-uagb-image--layout-overlay__inner .uagb-image-caption{opacity:0;overflow:visible;color:#fff;transition:transform 0.45s, opacity 0.45s ease-in-out;transform:translate3d(0, 35px, 0)}.wp-block-uagb-image--layout-overlay__inner:hover .uagb-image-heading,.wp-block-uagb-image--layout-overlay__inner:hover .uagb-image-separator,.wp-block-uagb-image--layout-overlay__inner:hover .uagb-image-caption{opacity:1;transform:translate3d(0, 0, 0)}.wp-block-uagb-image--effect-zoomin .wp-block-uagb-image__figure img,.wp-block-uagb-image--effect-zoomin .wp-block-uagb-image__figure .wp-block-uagb-image--layout-overlay__color-wrapper{transform:scale(1);transition:transform 0.35s ease-in-out}.wp-block-uagb-image--effect-zoomin .wp-block-uagb-image__figure:hover img,.wp-block-uagb-image--effect-zoomin .wp-block-uagb-image__figure:hover .wp-block-uagb-image--layout-overlay__color-wrapper{transform:scale(1.05)}.wp-block-uagb-image--effect-slide .wp-block-uagb-image__figure img,.wp-block-uagb-image--effect-slide .wp-block-uagb-image__figure .wp-block-uagb-image--layout-overlay__color-wrapper{width:calc(100% + 40px) !important;max-width:none !important;transform:translate3d(-40px, 0, 0);transition:transform 0.35s ease-in-out}.wp-block-uagb-image--effect-slide .wp-block-uagb-image__figure:hover img,.wp-block-uagb-image--effect-slide .wp-block-uagb-image__figure:hover .wp-block-uagb-image--layout-overlay__color-wrapper{transform:translate3d(0, 0, 0)}.wp-block-uagb-image--effect-grayscale img{filter:grayscale(0%);transition:0.35s ease-in-out}.wp-block-uagb-image--effect-grayscale:hover img{filter:grayscale(100%)}.wp-block-uagb-image--effect-blur img{filter:blur(0);transition:0.35s ease-in-out}.wp-block-uagb-image--effect-blur:hover img{filter:blur(3px)}\n.uagb-block-e6f939b3.wp-block-uagb-image--layout-default figure img{box-shadow: 0px 0px 0 #00000070;}.uagb-block-e6f939b3.wp-block-uagb-image .wp-block-uagb-image__figure figcaption{font-style: normal;align-self: center;}.uagb-block-e6f939b3.wp-block-uagb-image--layout-overlay figure img{box-shadow: 0px 0px 0 #00000070;}.uagb-block-e6f939b3.wp-block-uagb-image--layout-overlay .wp-block-uagb-image--layout-overlay__color-wrapper{opacity: 0.2;}.uagb-block-e6f939b3.wp-block-uagb-image--layout-overlay .wp-block-uagb-image--layout-overlay__inner{left: 15px;right: 15px;top: 15px;bottom: 15px;}.uagb-block-e6f939b3.wp-block-uagb-image--layout-overlay .wp-block-uagb-image--layout-overlay__inner .uagb-image-heading{font-style: normal;color: #fff;opacity: 1;}.uagb-block-e6f939b3.wp-block-uagb-image--layout-overlay .wp-block-uagb-image--layout-overlay__inner .uagb-image-heading a{color: #fff;}.uagb-block-e6f939b3.wp-block-uagb-image--layout-overlay .wp-block-uagb-image--layout-overlay__inner .uagb-image-caption{opacity: 0;}.uagb-block-e6f939b3.wp-block-uagb-image--layout-overlay .wp-block-uagb-image__figure:hover .wp-block-uagb-image--layout-overlay__color-wrapper{opacity: 1;}.uagb-block-e6f939b3.wp-block-uagb-image .wp-block-uagb-image--layout-overlay__inner .uagb-image-separator{width: 30%;border-top-width: 2px;border-top-color: #fff;opacity: 0;}.uagb-block-e6f939b3.wp-block-uagb-image .wp-block-uagb-image__figure img{width: px;height: auto;}.uagb-block-e6f939b3.wp-block-uagb-image .wp-block-uagb-image__figure:hover .wp-block-uagb-image--layout-overlay__inner .uagb-image-caption{opacity: 1;}.uagb-block-e6f939b3.wp-block-uagb-image .wp-block-uagb-image__figure:hover .wp-block-uagb-image--layout-overlay__inner .uagb-image-separator{opacity: 1;}.uagb-block-e6f939b3.wp-block-uagb-image--layout-default figure:hover img{box-shadow: 0px 0px 0 #00000070;}.uagb-block-e6f939b3.wp-block-uagb-image--layout-overlay figure:hover img{box-shadow: 0px 0px 0 #00000070;}@media only screen and (max-width: 976px) {.uagb-block-e6f939b3.wp-block-uagb-image .wp-block-uagb-image__figure img{width: px;height: auto;}}@media only screen and (max-width: 767px) {.uagb-block-e6f939b3.wp-block-uagb-image .wp-block-uagb-image__figure img{width: px;height: auto;}}\";s:2:\"js\";s:0:\"\";s:18:\"current_block_list\";a:13:{i:0;s:11:\"core\/search\";i:1;s:10:\"core\/group\";i:2;s:12:\"core\/heading\";i:3;s:17:\"core\/latest-posts\";i:4;s:20:\"core\/latest-comments\";i:5;s:13:\"core\/archives\";i:6;s:15:\"core\/categories\";i:7;s:14:\"core\/paragraph\";i:8;s:10:\"uagb\/image\";i:9;s:11:\"core\/spacer\";i:10;s:30:\"woocommerce\/product-categories\";i:11;s:10:\"core\/image\";i:12;s:14:\"core\/shortcode\";}s:8:\"uag_flag\";b:1;s:11:\"uag_version\";s:10:\"1776746291\";s:6:\"gfonts\";a:0:{}s:10:\"gfonts_url\";s:0:\"\";s:12:\"gfonts_files\";a:0:{}s:14:\"uag_faq_layout\";b:0;}"]},"uagb_featured_image_src":{"full":["https:\/\/www.noleaky.com\/wp-content\/uploads\/2025\/06\/HeadGasketfinal.png",2560,2560,false],"thumbnail":["https:\/\/www.noleaky.com\/wp-content\/uploads\/2025\/06\/HeadGasketfinal-150x150.png",150,150,true],"medium":["https:\/\/www.noleaky.com\/wp-content\/uploads\/2025\/06\/HeadGasketfinal-300x300.png",300,300,true],"medium_large":["https:\/\/www.noleaky.com\/wp-content\/uploads\/2025\/06\/HeadGasketfinal-768x768.png",768,768,true],"large":["https:\/\/www.noleaky.com\/wp-content\/uploads\/2025\/06\/HeadGasketfinal-1024x1024.png",1024,1024,true],"1536x1536":["https:\/\/www.noleaky.com\/wp-content\/uploads\/2025\/06\/HeadGasketfinal-1536x1536.png",1536,1536,true],"2048x2048":["https:\/\/www.noleaky.com\/wp-content\/uploads\/2025\/06\/HeadGasketfinal-2048x2048.png",2048,2048,true],"trp-custom-language-flag":["https:\/\/www.noleaky.com\/wp-content\/uploads\/2025\/06\/HeadGasketfinal-12x12.png",12,12,true],"woocommerce_thumbnail":["https:\/\/www.noleaky.com\/wp-content\/uploads\/2025\/06\/HeadGasketfinal-300x300.png",300,300,true],"woocommerce_single":["https:\/\/www.noleaky.com\/wp-content\/uploads\/2025\/06\/HeadGasketfinal-600x600.png",600,600,true],"woocommerce_gallery_thumbnail":["https:\/\/www.noleaky.com\/wp-content\/uploads\/2025\/06\/HeadGasketfinal-100x100.png",100,100,true]},"uagb_author_info":{"display_name":"admin","author_link":"https:\/\/www.noleaky.com\/de\/author\/"},"uagb_comment_info":229,"uagb_excerpt":"Repairs head gasket issues without expensive engine dismantling. Our head gasket repair formula is specially developed to solve common head gasket-related problems without the need for costly mechanical repairs. It works from inside the cooling system to seal leaks caused by damaged head gaskets, minor cracks, and sealing failures, helping you avoid time-consuming and expensive&hellip;","_links":{"self":[{"href":"https:\/\/www.noleaky.com\/de\/wp-json\/wp\/v2\/product\/22989","targetHints":{"allow":["GET"]}}],"collection":[{"href":"https:\/\/www.noleaky.com\/de\/wp-json\/wp\/v2\/product"}],"about":[{"href":"https:\/\/www.noleaky.com\/de\/wp-json\/wp\/v2\/types\/product"}],"replies":[{"embeddable":true,"href":"https:\/\/www.noleaky.com\/de\/wp-json\/wp\/v2\/comments?post=22989"}],"version-history":[{"count":10,"href":"https:\/\/www.noleaky.com\/de\/wp-json\/wp\/v2\/product\/22989\/revisions"}],"predecessor-version":[{"id":33277,"href":"https:\/\/www.noleaky.com\/de\/wp-json\/wp\/v2\/product\/22989\/revisions\/33277"}],"wp:featuredmedia":[{"embeddable":true,"href":"https:\/\/www.noleaky.com\/de\/wp-json\/wp\/v2\/media\/23043"}],"wp:attachment":[{"href":"https:\/\/www.noleaky.com\/de\/wp-json\/wp\/v2\/media?parent=22989"}],"wp:term":[{"taxonomy":"product_brand","embeddable":true,"href":"https:\/\/www.noleaky.com\/de\/wp-json\/wp\/v2\/product_brand?post=22989"},{"taxonomy":"product_cat","embeddable":true,"href":"https:\/\/www.noleaky.com\/de\/wp-json\/wp\/v2\/product_cat?post=22989"},{"taxonomy":"product_tag","embeddable":true,"href":"https:\/\/www.noleaky.com\/de\/wp-json\/wp\/v2\/product_tag?post=22989"}],"curies":[{"name":"wp","href":"https:\/\/api.w.org\/{rel}","templated":true}]}}