{"id":22988,"date":"2025-06-02T15:49:04","date_gmt":"2025-06-02T13:49:04","guid":{"rendered":"https:\/\/www.noleaky.com\/products\/anti-leak-engine-oil\/"},"modified":"2026-03-01T15:11:04","modified_gmt":"2026-03-01T14:11:04","slug":"anti-leak-engine-oil","status":"publish","type":"product","link":"https:\/\/www.noleaky.com\/de\/products\/anti-leak-engine-oil\/","title":{"rendered":"Motor\u00f6l stop leak fluid"},"content":{"rendered":"<p><strong><img decoding=\"async\" style=\"margin-right: 12px;\" src=\"https:\/\/www.noleaky.com\/wp-content\/uploads\/2026\/02\/Check.svg\" alt=\"\" width=\"18\" height=\"15\" \/>Stoppt Motor\u00f6llecks direkt an der Quelle, ohne den Motor auszubauen.<\/strong> Unsere Motor\u00f6l-Stop-Leak-Fl\u00fcssigkeit wurde speziell entwickelt, um externe \u00d6llecks an ihrem Ursprung abzudichten. Sie bietet eine gezielte L\u00f6sung, die hilft, \u00d6lverluste zu verhindern und die Notwendigkeit einer komplexen mechanischen Demontage zu reduzieren.<\/p>\n<p><strong><img decoding=\"async\" style=\"margin-right: 12px;\" src=\"https:\/\/www.noleaky.com\/wp-content\/uploads\/2026\/02\/Check.svg\" alt=\"\" width=\"18\" height=\"15\" \/>Die wirksamste L\u00f6sung zur Abdichtung von \u00d6llecks von au\u00dfen.<\/strong> Dies ist die wirksamste Motor\u00f6l-Dichtfl\u00fcssigkeit in ihrer Kategorie. Seine fortschrittliche Bindungsformel haftet stark an Metalloberfl\u00e4chen und schafft eine dauerhafte, \u00f6lbest\u00e4ndige Dichtung, die Motorhitze, Vibrationen und Druckschwankungen standh\u00e4lt.<\/p>\n<p><strong><img decoding=\"async\" style=\"margin-right: 12px;\" src=\"https:\/\/www.noleaky.com\/wp-content\/uploads\/2026\/02\/Check.svg\" alt=\"\" width=\"18\" height=\"15\" \/>Die billigste Alternative zum teuren Austausch von Dichtungen oder Dichtungsringen.<\/strong> Die Reparatur von \u00d6llecks ist oft mit kostspieliger Arbeit und dem Austausch von Teilen verbunden. Unser Produkt ist die g\u00fcnstigste professionelle L\u00f6sung auf dem Markt und bietet eine praktische und wirtschaftliche Alternative zu teuren mechanischen Reparaturen.<\/p>\n<p><strong><img decoding=\"async\" style=\"margin-right: 12px;\" src=\"https:\/\/www.noleaky.com\/wp-content\/uploads\/2026\/02\/Check.svg\" alt=\"\" width=\"18\" height=\"15\" \/>Garantierte 24-Stunden-Lieferung f\u00fcr dringende \u00d6lleckreparaturen.<\/strong> \u00d6lleckagen sollten sofort behoben werden, um Motorsch\u00e4den und Umweltverschmutzung zu vermeiden. Deshalb garantieren wir eine 24-Stunden-Lieferung, damit Sie das Problem schnell beheben und weitere Risiken vermeiden k\u00f6nnen.<\/p>\n<p><strong><img decoding=\"async\" style=\"margin-right: 12px;\" src=\"https:\/\/www.noleaky.com\/wp-content\/uploads\/2026\/02\/Check.svg\" alt=\"\" width=\"18\" height=\"15\" \/>Geld-zur\u00fcck-Garantie f\u00fcr absoluten Seelenfrieden.<\/strong> Wir sind von der Wirksamkeit unserer Motor\u00f6l-Dichtfl\u00fcssigkeit \u00fcberzeugt. Wenn Sie mit den Ergebnissen nicht zufrieden sind, bieten wir eine Geld-zur\u00fcck-Garantie. Setzen Sie sich einfach mit uns in Verbindung und wir erstatten Ihnen den Kaufpreis zur\u00fcck, damit Sie eine v\u00f6llig risikofreie Investition t\u00e4tigen k\u00f6nnen.<\/p>\n<p><strong><img decoding=\"async\" style=\"margin-right: 12px;\" src=\"https:\/\/www.noleaky.com\/wp-content\/uploads\/2026\/02\/Check.svg\" alt=\"\" width=\"18\" height=\"15\" \/>Erzeugt eine hitze- und \u00f6lbest\u00e4ndige Au\u00dfendichtung.<\/strong> Nach dem Auftragen h\u00e4rtet die Fl\u00fcssigkeit zu einer starken, flexiblen Schicht aus, die der st\u00e4ndigen Einwirkung von Motor\u00f6l und hohen Betriebstemperaturen standh\u00e4lt und die Dichtungsintegrit\u00e4t im Laufe der Zeit erh\u00e4lt.<\/p>\n<p><strong><img decoding=\"async\" style=\"margin-right: 12px;\" src=\"https:\/\/www.noleaky.com\/wp-content\/uploads\/2026\/02\/Check.svg\" alt=\"\" width=\"18\" height=\"15\" \/>Ideal f\u00fcr kleine Risse, Dichtungsr\u00e4nder und kleinere Sickerstellen.<\/strong> Das Produkt wurde entwickelt, um \u00f6rtlich begrenzte externe \u00d6llecks zu behandeln, wie z. B. um Ventildeckel, \u00d6lwannen, Steuergeh\u00e4usedeckel und andere zug\u00e4ngliche Motorkomponenten.<\/p>\n<p><strong><img decoding=\"async\" style=\"margin-right: 12px;\" src=\"https:\/\/www.noleaky.com\/wp-content\/uploads\/2026\/02\/Check.svg\" alt=\"\" width=\"18\" height=\"15\" \/>Kompatibel mit den meisten metallischen Motoroberfl\u00e4chen.<\/strong> Geeignet f\u00fcr die Verwendung auf Stahl, Aluminium und anderen g\u00e4ngigen Motormetallen, wenn sie ordnungsgem\u00e4\u00df vorbereitet sind und eine starke Haftung und zuverl\u00e4ssige Dichtungsleistung gew\u00e4hrleisten.<\/p>\n<p><strong><img decoding=\"async\" style=\"margin-right: 12px;\" src=\"https:\/\/www.noleaky.com\/wp-content\/uploads\/2026\/02\/Check.svg\" alt=\"\" width=\"18\" height=\"15\" \/>Reduziert den \u00d6lverbrauch und die Umweltverschmutzung.<\/strong> Durch die wirksame Abdichtung von Leckagen hilft das Produkt, \u00d6ltropfen zu verhindern, sch\u00fctzt die umliegenden Komponenten und reduziert unn\u00f6tige \u00d6lverluste.<\/p>\n<p><strong><img decoding=\"async\" style=\"margin-right: 12px;\" src=\"https:\/\/www.noleaky.com\/wp-content\/uploads\/2026\/02\/Check.svg\" alt=\"\" width=\"18\" height=\"15\" \/>Verl\u00e4ngert die Lebensdauer der Motorkomponenten.<\/strong> Indem die Fl\u00fcssigkeit Lecks sofort abdichtet, tr\u00e4gt sie zur Aufrechterhaltung eines korrekten Schmierstoffniveaus bei und verringert das Risiko von Sch\u00e4den, die durch einen niedrigen \u00d6lstand verursacht werden.<\/p>\n<h2><strong>Anweisungen<\/strong><\/h2>\n<ul>\n<li>Vergewissern Sie sich, dass der Motor vollst\u00e4ndig abgestellt und vollst\u00e4ndig abgek\u00fchlt ist, bevor Sie mit der Reparatur beginnen.<\/li>\n<li>In einem gut bel\u00fcfteten Bereich arbeiten und von offenen Flammen oder Z\u00fcndquellen fernhalten.<\/li>\n<li>Lokalisieren Sie die genaue Stelle des \u00d6llecks an der Au\u00dfenseite des Motors.<\/li>\n<li>Reinigen Sie die undichte Stelle gr\u00fcndlich. Entfernen Sie Schmutz, Fett, \u00d6lr\u00fcckst\u00e4nde, Rost und lose Partikel mit einem Entfetter und einem sauberen Tuch.<\/li>\n<li>Schleifen Sie die Oberfl\u00e4che bei Bedarf leicht an, um die Haftung zu verbessern, und stellen Sie dann sicher, dass die Fl\u00e4che vollst\u00e4ndig trocken ist.<\/li>\n<li>Sch\u00fctteln Sie die Flasche vor Gebrauch gr\u00fcndlich.<\/li>\n<li>Tragen Sie die Motor\u00f6lsperrfl\u00fcssigkeit direkt auf die \u00e4u\u00dfere Oberfl\u00e4che an der Leckstelle auf und achten Sie darauf, dass sie die besch\u00e4digte Stelle vollst\u00e4ndig abdeckt.<\/li>\n<li>Gie\u00dfen Sie das Produkt nicht in den Kraftstofftank. Sch\u00fctten Sie das Produkt nicht in den Motor\u00f6leinf\u00fcllstutzen. Dieses Produkt muss von au\u00dfen auf den Motor aufgetragen werden, und zwar genau an der Stelle, an der das Leck ist.<\/li>\n<li>Lassen Sie das Produkt entsprechend der angegebenen Trocknungszeit aush\u00e4rten, bevor Sie den Motor wieder in Betrieb nehmen.<\/li>\n<li>\u00dcberpr\u00fcfen Sie die Stelle nach dem Aush\u00e4rten, um sicherzustellen, dass das Leck ordnungsgem\u00e4\u00df abgedichtet wurde, bevor Sie das Fahrzeug wieder in Betrieb nehmen.<\/li>\n<\/ul>","protected":false},"excerpt":{"rendered":"<p>Stops engine oil leaks directly at the source without dismantling the engine. Our engine oil stop leak fluid is specially formulated to seal external oil leaks at their origin. It provides a targeted solution that helps prevent oil loss and reduces the need for complex mechanical disassembly. The most effective external oil leak sealing solution [&hellip;]<\/p>\n","protected":false},"featured_media":23041,"comment_status":"open","ping_status":"closed","template":"","meta":{"_uag_custom_page_level_css":"","site-sidebar-layout":"default","site-content-layout":"","ast-site-content-layout":"default","site-content-style":"default","site-sidebar-style":"default","ast-global-header-display":"","ast-banner-title-visibility":"","ast-main-header-display":"","ast-hfb-above-header-display":"","ast-hfb-below-header-display":"","ast-hfb-mobile-header-display":"","site-post-title":"","ast-breadcrumbs-content":"","ast-featured-img":"","footer-sml-layout":"","ast-disable-related-posts":"","theme-transparent-header-meta":"default","adv-header-id-meta":"","stick-header-meta":"","header-above-stick-meta":"","header-main-stick-meta":"","header-below-stick-meta":"","astra-migrate-meta-layouts":"set","ast-page-background-enabled":"default","ast-page-background-meta":{"desktop":{"background-color":"var(--ast-global-color-4)","background-image":"","background-repeat":"repeat","background-position":"center center","background-size":"auto","background-attachment":"scroll","background-type":"","background-media":"","overlay-type":"","overlay-color":"","overlay-opacity":"","overlay-gradient":""},"tablet":{"background-color":"","background-image":"","background-repeat":"repeat","background-position":"center center","background-size":"auto","background-attachment":"scroll","background-type":"","background-media":"","overlay-type":"","overlay-color":"","overlay-opacity":"","overlay-gradient":""},"mobile":{"background-color":"","background-image":"","background-repeat":"repeat","background-position":"center center","background-size":"auto","background-attachment":"scroll","background-type":"","background-media":"","overlay-type":"","overlay-color":"","overlay-opacity":"","overlay-gradient":""}},"ast-content-background-meta":{"desktop":{"background-color":"var(--ast-global-color-5)","background-image":"","background-repeat":"repeat","background-position":"center center","background-size":"auto","background-attachment":"scroll","background-type":"","background-media":"","overlay-type":"","overlay-color":"","overlay-opacity":"","overlay-gradient":""},"tablet":{"background-color":"var(--ast-global-color-5)","background-image":"","background-repeat":"repeat","background-position":"center center","background-size":"auto","background-attachment":"scroll","background-type":"","background-media":"","overlay-type":"","overlay-color":"","overlay-opacity":"","overlay-gradient":""},"mobile":{"background-color":"var(--ast-global-color-5)","background-image":"","background-repeat":"repeat","background-position":"center center","background-size":"auto","background-attachment":"scroll","background-type":"","background-media":"","overlay-type":"","overlay-color":"","overlay-opacity":"","overlay-gradient":""}}},"product_brand":[],"product_cat":[176],"product_tag":[],"class_list":{"0":"post-22988","1":"product","2":"type-product","3":"status-publish","4":"has-post-thumbnail","6":"product_cat-automotive","7":"desktop-align-left","8":"tablet-align-left","9":"mobile-align-left","11":"first","12":"instock","13":"shipping-taxable","14":"purchasable","15":"product-type-simple"},"spectra_custom_meta":{"_visibility":["visible"],"_shopify_product_id":["7960303468764"],"_s2w_shopify_domain":["noleaky.myshopify.com"],"_shopify_variant_id":["43735157637340"],"_sku":["NLENGINEOILLEAKSTOPPER"],"_regular_price":["29.90"],"_price":["29.90"],"_sale_price":[""],"_weight":["0.45"],"_thumbnail_id":["23041"],"_global_unique_id":["5056773800670"],"total_sales":["90"],"_tax_status":["taxable"],"_tax_class":[""],"_manage_stock":["no"],"_backorders":["no"],"_sold_individually":["no"],"_virtual":["no"],"_downloadable":["no"],"_download_limit":["-1"],"_download_expiry":["-1"],"_stock":[null],"_stock_status":["instock"],"_wc_average_rating":["4.99"],"_wc_review_count":["73"],"_product_version":["10.5.2"],"_edit_lock":["1772374642:1"],"merchant-center-availability":["yes"],"merchant-center-category":["2788"],"merchant-center-id":["EOLS"],"_edit_last":["1"],"_wp_page_template":["default"],"site-sidebar-layout":["default"],"ast-site-content-layout":["default"],"site-content-style":["default"],"site-sidebar-style":["default"],"theme-transparent-header-meta":["default"],"_wc_rating_count":["a:2:{i:4;i:1;i:5;i:72;}"],"_upsell_ids":["a:3:{i:0;i:22975;i:1;i:22998;i:2;i:23001;}"],"_crosssell_ids":["a:3:{i:0;i:22975;i:1;i:22998;i:2;i:23001;}"],"astra-migrate-meta-layouts":["set"],"_uag_css_file_name":["uag-css-22988.css"],"_elementor_page_assets":["a:0:{}"],"_uag_page_assets":["a:9:{s:3:\"css\";s:6893:\".wp-block-uagb-image{display:flex}.wp-block-uagb-image__figure{position:relative;display:flex;flex-direction:column;max-width:100%;height:auto;margin:0}.wp-block-uagb-image__figure img{height:auto;display:flex;max-width:100%;transition:box-shadow 0.2s ease}.wp-block-uagb-image__figure>a{display:inline-block}.wp-block-uagb-image__figure figcaption{text-align:center;margin-top:0.5em;margin-bottom:1em}.wp-block-uagb-image .components-placeholder.block-editor-media-placeholder .components-placeholder__instructions{align-self:center}.wp-block-uagb-image--align-left{text-align:left}.wp-block-uagb-image--align-right{text-align:right}.wp-block-uagb-image--align-center{text-align:center}.wp-block-uagb-image--align-full .wp-block-uagb-image__figure{margin-left:calc(50% - 50vw);margin-right:calc(50% - 50vw);max-width:100vw;width:100vw;height:auto}.wp-block-uagb-image--align-full .wp-block-uagb-image__figure img{height:auto;width:100% !important}.wp-block-uagb-image--align-wide .wp-block-uagb-image__figure img{height:auto;width:100%}.wp-block-uagb-image--layout-overlay__color-wrapper{position:absolute;left:0;top:0;right:0;bottom:0;opacity:0.2;background:rgba(0,0,0,0.5);transition:opacity 0.35s ease-in-out}.wp-block-uagb-image--layout-overlay-link{position:absolute;left:0;right:0;bottom:0;top:0}.wp-block-uagb-image--layout-overlay .wp-block-uagb-image__figure:hover .wp-block-uagb-image--layout-overlay__color-wrapper{opacity:1}.wp-block-uagb-image--layout-overlay__inner{position:absolute;left:15px;right:15px;bottom:15px;top:15px;display:flex;align-items:center;justify-content:center;flex-direction:column;border-color:#fff;transition:0.35s ease-in-out}.wp-block-uagb-image--layout-overlay__inner.top-left,.wp-block-uagb-image--layout-overlay__inner.top-center,.wp-block-uagb-image--layout-overlay__inner.top-right{justify-content:flex-start}.wp-block-uagb-image--layout-overlay__inner.bottom-left,.wp-block-uagb-image--layout-overlay__inner.bottom-center,.wp-block-uagb-image--layout-overlay__inner.bottom-right{justify-content:flex-end}.wp-block-uagb-image--layout-overlay__inner.top-left,.wp-block-uagb-image--layout-overlay__inner.center-left,.wp-block-uagb-image--layout-overlay__inner.bottom-left{align-items:flex-start}.wp-block-uagb-image--layout-overlay__inner.top-right,.wp-block-uagb-image--layout-overlay__inner.center-right,.wp-block-uagb-image--layout-overlay__inner.bottom-right{align-items:flex-end}.wp-block-uagb-image--layout-overlay__inner .uagb-image-heading{color:#fff;transition:transform 0.35s, opacity 0.35s ease-in-out;transform:translate3d(0, 24px, 0);margin:0;line-height:1em}.wp-block-uagb-image--layout-overlay__inner .uagb-image-separator{width:30%;border-top-width:2px;border-top-color:#fff;border-top-style:solid;margin-bottom:10px;opacity:0;transition:transform 0.4s, opacity 0.4s ease-in-out;transform:translate3d(0, 30px, 0)}.wp-block-uagb-image--layout-overlay__inner .uagb-image-caption{opacity:0;overflow:visible;color:#fff;transition:transform 0.45s, opacity 0.45s ease-in-out;transform:translate3d(0, 35px, 0)}.wp-block-uagb-image--layout-overlay__inner:hover .uagb-image-heading,.wp-block-uagb-image--layout-overlay__inner:hover .uagb-image-separator,.wp-block-uagb-image--layout-overlay__inner:hover .uagb-image-caption{opacity:1;transform:translate3d(0, 0, 0)}.wp-block-uagb-image--effect-zoomin .wp-block-uagb-image__figure img,.wp-block-uagb-image--effect-zoomin .wp-block-uagb-image__figure .wp-block-uagb-image--layout-overlay__color-wrapper{transform:scale(1);transition:transform 0.35s ease-in-out}.wp-block-uagb-image--effect-zoomin .wp-block-uagb-image__figure:hover img,.wp-block-uagb-image--effect-zoomin .wp-block-uagb-image__figure:hover .wp-block-uagb-image--layout-overlay__color-wrapper{transform:scale(1.05)}.wp-block-uagb-image--effect-slide .wp-block-uagb-image__figure img,.wp-block-uagb-image--effect-slide .wp-block-uagb-image__figure .wp-block-uagb-image--layout-overlay__color-wrapper{width:calc(100% + 40px) !important;max-width:none !important;transform:translate3d(-40px, 0, 0);transition:transform 0.35s ease-in-out}.wp-block-uagb-image--effect-slide .wp-block-uagb-image__figure:hover img,.wp-block-uagb-image--effect-slide .wp-block-uagb-image__figure:hover .wp-block-uagb-image--layout-overlay__color-wrapper{transform:translate3d(0, 0, 0)}.wp-block-uagb-image--effect-grayscale img{filter:grayscale(0%);transition:0.35s ease-in-out}.wp-block-uagb-image--effect-grayscale:hover img{filter:grayscale(100%)}.wp-block-uagb-image--effect-blur img{filter:blur(0);transition:0.35s ease-in-out}.wp-block-uagb-image--effect-blur:hover img{filter:blur(3px)}\n.uagb-block-e6f939b3.wp-block-uagb-image--layout-default figure img{box-shadow: 0px 0px 0 #00000070;}.uagb-block-e6f939b3.wp-block-uagb-image .wp-block-uagb-image__figure figcaption{font-style: normal;align-self: center;}.uagb-block-e6f939b3.wp-block-uagb-image--layout-overlay figure img{box-shadow: 0px 0px 0 #00000070;}.uagb-block-e6f939b3.wp-block-uagb-image--layout-overlay .wp-block-uagb-image--layout-overlay__color-wrapper{opacity: 0.2;}.uagb-block-e6f939b3.wp-block-uagb-image--layout-overlay .wp-block-uagb-image--layout-overlay__inner{left: 15px;right: 15px;top: 15px;bottom: 15px;}.uagb-block-e6f939b3.wp-block-uagb-image--layout-overlay .wp-block-uagb-image--layout-overlay__inner .uagb-image-heading{font-style: normal;color: #fff;opacity: 1;}.uagb-block-e6f939b3.wp-block-uagb-image--layout-overlay .wp-block-uagb-image--layout-overlay__inner .uagb-image-heading a{color: #fff;}.uagb-block-e6f939b3.wp-block-uagb-image--layout-overlay .wp-block-uagb-image--layout-overlay__inner .uagb-image-caption{opacity: 0;}.uagb-block-e6f939b3.wp-block-uagb-image--layout-overlay .wp-block-uagb-image__figure:hover .wp-block-uagb-image--layout-overlay__color-wrapper{opacity: 1;}.uagb-block-e6f939b3.wp-block-uagb-image .wp-block-uagb-image--layout-overlay__inner .uagb-image-separator{width: 30%;border-top-width: 2px;border-top-color: #fff;opacity: 0;}.uagb-block-e6f939b3.wp-block-uagb-image .wp-block-uagb-image__figure img{width: px;height: auto;}.uagb-block-e6f939b3.wp-block-uagb-image .wp-block-uagb-image__figure:hover .wp-block-uagb-image--layout-overlay__inner .uagb-image-caption{opacity: 1;}.uagb-block-e6f939b3.wp-block-uagb-image .wp-block-uagb-image__figure:hover .wp-block-uagb-image--layout-overlay__inner .uagb-image-separator{opacity: 1;}.uagb-block-e6f939b3.wp-block-uagb-image--layout-default figure:hover img{box-shadow: 0px 0px 0 #00000070;}.uagb-block-e6f939b3.wp-block-uagb-image--layout-overlay figure:hover img{box-shadow: 0px 0px 0 #00000070;}@media only screen and (max-width: 976px) {.uagb-block-e6f939b3.wp-block-uagb-image .wp-block-uagb-image__figure img{width: px;height: auto;}}@media only screen and (max-width: 767px) {.uagb-block-e6f939b3.wp-block-uagb-image .wp-block-uagb-image__figure img{width: px;height: auto;}}\";s:2:\"js\";s:0:\"\";s:18:\"current_block_list\";a:13:{i:0;s:11:\"core\/search\";i:1;s:10:\"core\/group\";i:2;s:12:\"core\/heading\";i:3;s:17:\"core\/latest-posts\";i:4;s:20:\"core\/latest-comments\";i:5;s:13:\"core\/archives\";i:6;s:15:\"core\/categories\";i:7;s:14:\"core\/paragraph\";i:8;s:10:\"uagb\/image\";i:9;s:11:\"core\/spacer\";i:10;s:30:\"woocommerce\/product-categories\";i:11;s:10:\"core\/image\";i:12;s:14:\"core\/shortcode\";}s:8:\"uag_flag\";b:1;s:11:\"uag_version\";s:10:\"1776746291\";s:6:\"gfonts\";a:0:{}s:10:\"gfonts_url\";s:0:\"\";s:12:\"gfonts_files\";a:0:{}s:14:\"uag_faq_layout\";b:0;}"]},"uagb_featured_image_src":{"full":["https:\/\/www.noleaky.com\/wp-content\/uploads\/2025\/06\/2.g.Engine-Oil-Stop-Leak_4000x4000_15a04a4a-d496-4c7b-ac67-49608a435085.png",2560,2560,false],"thumbnail":["https:\/\/www.noleaky.com\/wp-content\/uploads\/2025\/06\/2.g.Engine-Oil-Stop-Leak_4000x4000_15a04a4a-d496-4c7b-ac67-49608a435085-150x150.png",150,150,true],"medium":["https:\/\/www.noleaky.com\/wp-content\/uploads\/2025\/06\/2.g.Engine-Oil-Stop-Leak_4000x4000_15a04a4a-d496-4c7b-ac67-49608a435085-300x300.png",300,300,true],"medium_large":["https:\/\/www.noleaky.com\/wp-content\/uploads\/2025\/06\/2.g.Engine-Oil-Stop-Leak_4000x4000_15a04a4a-d496-4c7b-ac67-49608a435085-768x768.png",768,768,true],"large":["https:\/\/www.noleaky.com\/wp-content\/uploads\/2025\/06\/2.g.Engine-Oil-Stop-Leak_4000x4000_15a04a4a-d496-4c7b-ac67-49608a435085-1024x1024.png",1024,1024,true],"1536x1536":["https:\/\/www.noleaky.com\/wp-content\/uploads\/2025\/06\/2.g.Engine-Oil-Stop-Leak_4000x4000_15a04a4a-d496-4c7b-ac67-49608a435085-1536x1536.png",1536,1536,true],"2048x2048":["https:\/\/www.noleaky.com\/wp-content\/uploads\/2025\/06\/2.g.Engine-Oil-Stop-Leak_4000x4000_15a04a4a-d496-4c7b-ac67-49608a435085-2048x2048.png",2048,2048,true],"trp-custom-language-flag":["https:\/\/www.noleaky.com\/wp-content\/uploads\/2025\/06\/2.g.Engine-Oil-Stop-Leak_4000x4000_15a04a4a-d496-4c7b-ac67-49608a435085-12x12.png",12,12,true],"woocommerce_thumbnail":["https:\/\/www.noleaky.com\/wp-content\/uploads\/2025\/06\/2.g.Engine-Oil-Stop-Leak_4000x4000_15a04a4a-d496-4c7b-ac67-49608a435085-300x300.png",300,300,true],"woocommerce_single":["https:\/\/www.noleaky.com\/wp-content\/uploads\/2025\/06\/2.g.Engine-Oil-Stop-Leak_4000x4000_15a04a4a-d496-4c7b-ac67-49608a435085-600x600.png",600,600,true],"woocommerce_gallery_thumbnail":["https:\/\/www.noleaky.com\/wp-content\/uploads\/2025\/06\/2.g.Engine-Oil-Stop-Leak_4000x4000_15a04a4a-d496-4c7b-ac67-49608a435085-100x100.png",100,100,true]},"uagb_author_info":{"display_name":"admin","author_link":"https:\/\/www.noleaky.com\/de\/author\/"},"uagb_comment_info":73,"uagb_excerpt":"Stops engine oil leaks directly at the source without dismantling the engine. Our engine oil stop leak fluid is specially formulated to seal external oil leaks at their origin. It provides a targeted solution that helps prevent oil loss and reduces the need for complex mechanical disassembly. The most effective external oil leak sealing solution&hellip;","_links":{"self":[{"href":"https:\/\/www.noleaky.com\/de\/wp-json\/wp\/v2\/product\/22988","targetHints":{"allow":["GET"]}}],"collection":[{"href":"https:\/\/www.noleaky.com\/de\/wp-json\/wp\/v2\/product"}],"about":[{"href":"https:\/\/www.noleaky.com\/de\/wp-json\/wp\/v2\/types\/product"}],"replies":[{"embeddable":true,"href":"https:\/\/www.noleaky.com\/de\/wp-json\/wp\/v2\/comments?post=22988"}],"version-history":[{"count":5,"href":"https:\/\/www.noleaky.com\/de\/wp-json\/wp\/v2\/product\/22988\/revisions"}],"predecessor-version":[{"id":33281,"href":"https:\/\/www.noleaky.com\/de\/wp-json\/wp\/v2\/product\/22988\/revisions\/33281"}],"wp:featuredmedia":[{"embeddable":true,"href":"https:\/\/www.noleaky.com\/de\/wp-json\/wp\/v2\/media\/23041"}],"wp:attachment":[{"href":"https:\/\/www.noleaky.com\/de\/wp-json\/wp\/v2\/media?parent=22988"}],"wp:term":[{"taxonomy":"product_brand","embeddable":true,"href":"https:\/\/www.noleaky.com\/de\/wp-json\/wp\/v2\/product_brand?post=22988"},{"taxonomy":"product_cat","embeddable":true,"href":"https:\/\/www.noleaky.com\/de\/wp-json\/wp\/v2\/product_cat?post=22988"},{"taxonomy":"product_tag","embeddable":true,"href":"https:\/\/www.noleaky.com\/de\/wp-json\/wp\/v2\/product_tag?post=22988"}],"curies":[{"name":"wp","href":"https:\/\/api.w.org\/{rel}","templated":true}]}}