{"id":22986,"date":"2025-06-02T15:48:59","date_gmt":"2025-06-02T13:48:59","guid":{"rendered":"https:\/\/www.noleaky.com\/products\/egr-valve-cleaner\/"},"modified":"2026-03-01T17:03:22","modified_gmt":"2026-03-01T16:03:22","slug":"egr-valve-cleaner","status":"publish","type":"product","link":"https:\/\/www.noleaky.com\/de\/products\/egr-valve-cleaner\/","title":{"rendered":"AGR Ventil Reiniger"},"content":{"rendered":"<p><strong><img decoding=\"async\" style=\"margin-right: 12px;\" src=\"https:\/\/www.noleaky.com\/wp-content\/uploads\/2026\/02\/Check.svg\" alt=\"\" width=\"18\" height=\"15\" \/>Stellt die optimale Leistung des AGR-Ventils ohne Demontage wieder her.<\/strong> Unser AGR-Ventilreiniger wurde speziell entwickelt, um Kohlenstoff- und Ru\u00dfablagerungen im AGR-System \u00fcber den Kraftstoffkreislauf zu entfernen, so dass eine mechanische Demontage nicht erforderlich ist. Er wirkt schrittweise, w\u00e4hrend Sie fahren, und stellt die ordnungsgem\u00e4\u00dfe Ventilbewegung und Luftstromsteuerung wieder her.<\/p>\n<p><strong><img decoding=\"async\" style=\"margin-right: 12px;\" src=\"https:\/\/www.noleaky.com\/wp-content\/uploads\/2026\/02\/Check.svg\" alt=\"\" width=\"18\" height=\"15\" \/>Die effektivste EGR-Reinigungsl\u00f6sung auf dem Markt.<\/strong> Dank seiner fortschrittlichen Reinigungsmitteltechnologie reinigt diese Formel das AGR-Ventil, das Ansaugsystem und den Brennraum gleichzeitig. Sie zielt auf die Grundursachen f\u00fcr verstopfte und festsitzende Ventile ab und sorgt f\u00fcr eine tiefere und vollst\u00e4ndigere Reinigung als herk\u00f6mmliche Additive.<\/p>\n<p><strong><img decoding=\"async\" style=\"margin-right: 12px;\" src=\"https:\/\/www.noleaky.com\/wp-content\/uploads\/2026\/02\/Check.svg\" alt=\"\" width=\"18\" height=\"15\" \/>Der billigste professionelle AGR-Reiniger auf dem Markt.<\/strong> Wir bieten erstklassige Leistung zu einem \u00e4u\u00dferst wettbewerbsf\u00e4higen Preis. Sie erzielen Reinigungsergebnisse auf Werkstattniveau zu einem Bruchteil der Kosten einer manuellen AGR-Entfernung und arbeitsintensiven Wartung.<\/p>\n<p><strong><img decoding=\"async\" style=\"margin-right: 12px;\" src=\"https:\/\/www.noleaky.com\/wp-content\/uploads\/2026\/02\/Check.svg\" alt=\"\" width=\"18\" height=\"15\" \/>24-Stunden-Lieferung f\u00fcr sofortigen Wartungsbedarf.<\/strong> Wir garantieren eine Lieferung innerhalb von 24 Stunden, damit Sie Probleme mit der Abgasr\u00fcckf\u00fchrung (AGR) schnell beheben und l\u00e4ngere Probleme mit der Motorleistung vermeiden k\u00f6nnen. Der schnelle Versand sorgt daf\u00fcr, dass Ihr Fahrzeug ohne Verz\u00f6gerung wieder in einen optimalen Zustand versetzt wird.<\/p>\n<p><strong><img decoding=\"async\" style=\"margin-right: 12px;\" src=\"https:\/\/www.noleaky.com\/wp-content\/uploads\/2026\/02\/Check.svg\" alt=\"\" width=\"18\" height=\"15\" \/>Geld-zur\u00fcck-Garantie f\u00fcr absoluten Seelenfrieden.<\/strong> Wir bieten eine volle Geld-zur\u00fcck-Garantie. Wenn Sie mit den Ergebnissen unseres AGR-Ventilreinigers nicht zufrieden sind, erstatten wir Ihnen den Kaufpreis. Dies macht Ihre Bestellung v\u00f6llig risikofrei und spiegelt unser Vertrauen in die Wirksamkeit des Produkts wider.<\/p>\n<p><strong><img decoding=\"async\" style=\"margin-right: 12px;\" src=\"https:\/\/www.noleaky.com\/wp-content\/uploads\/2026\/02\/Check.svg\" alt=\"\" width=\"18\" height=\"15\" \/>Verringert das Z\u00f6gern des Motors und den rauen Leerlauf.<\/strong> Ein verschmutztes AGR-Ventil verursacht h\u00e4ufig einen unruhigen Leerlauf, Leistungsverlust und Z\u00f6gern beim Beschleunigen. Durch die Reinigung der internen Komponenten des Kraftstoffsystems sorgt unser Produkt f\u00fcr einen reibungsloseren Motorbetrieb und verbesserte Fahreigenschaften.<\/p>\n<p><strong><img decoding=\"async\" style=\"margin-right: 12px;\" src=\"https:\/\/www.noleaky.com\/wp-content\/uploads\/2026\/02\/Check.svg\" alt=\"\" width=\"18\" height=\"15\" \/>Hilft, sch\u00e4dliche Emissionen zu verringern.<\/strong> Die ordnungsgem\u00e4\u00dfe Funktion der Abgasr\u00fcckf\u00fchrung (AGR) ist f\u00fcr die Reduzierung der Stickoxidemissionen von entscheidender Bedeutung. Durch die Reinigung von Ablagerungen und die Verbesserung der Effizienz der Abgasr\u00fcckf\u00fchrung unterst\u00fctzt dieses Produkt eine sauberere Verbrennung und eine bessere Emissionskontrolle.<\/p>\n<p><strong><img decoding=\"async\" style=\"margin-right: 12px;\" src=\"https:\/\/www.noleaky.com\/wp-content\/uploads\/2026\/02\/Check.svg\" alt=\"\" width=\"18\" height=\"15\" \/>Verbessert die Kraftstoffeffizienz und das Ansprechverhalten der Drosselklappe.<\/strong> Die Entfernung von Kohlenstoffablagerungen verbessert die Verbrennungsqualit\u00e4t und das Gleichgewicht des Luftstroms, wodurch der Motor effizienter l\u00e4uft und schneller auf die Beschleunigung reagiert.<\/p>\n<p><strong><img decoding=\"async\" style=\"margin-right: 12px;\" src=\"https:\/\/www.noleaky.com\/wp-content\/uploads\/2026\/02\/Check.svg\" alt=\"\" width=\"18\" height=\"15\" \/>Verhindert den teuren Austausch des AGR-Ventils.<\/strong> Eine regelm\u00e4\u00dfige vorbeugende Behandlung hilft, schwere Verstopfungen zu vermeiden, die zu Ventilausf\u00e4llen f\u00fchren k\u00f6nnen. Die Aufrechterhaltung eines sauberen AGR-Systems verringert das Risiko kostspieliger Reparaturen und des Austauschs von Komponenten.<\/p>\n<p><strong><img decoding=\"async\" style=\"margin-right: 12px;\" src=\"https:\/\/www.noleaky.com\/wp-content\/uploads\/2026\/02\/Check.svg\" alt=\"\" width=\"18\" height=\"15\" \/>Einfache Pour-in-Tank-L\u00f6sung f\u00fcr m\u00fchelose Anwendung.<\/strong> Der Reiniger wird direkt in den Kraftstofftank gegeben und ist daher besonders bequem. Er arbeitet automatisch w\u00e4hrend der normalen Fahrt und macht die professionelle Wartung f\u00fcr jeden Fahrer zug\u00e4nglich.<\/p>\n<h2><strong>Anweisungen<\/strong><\/h2>\n<ul>\n<li>Stellen Sie sicher, dass der Kraftstoffstand im Tank niedrig ist (idealerweise unter einem Viertel), bevor Sie das Produkt einf\u00fcllen.<\/li>\n<li>Die Flasche vor Gebrauch gut sch\u00fctteln.<\/li>\n<li>Gie\u00dfen Sie den gesamten Inhalt der Flasche direkt in den Kraftstofftank.<\/li>\n<li>F\u00fcllen Sie nach dem Hinzuf\u00fcgen des Produkts den Tank mit Kraftstoff, um eine gute Durchmischung zu gew\u00e4hrleisten.<\/li>\n<li>Eine volle Flasche ist f\u00fcr einen Kraftstofftank von etwa 40 bis 60 Litern geeignet. Passen Sie die Dosierung f\u00fcr kleinere Tanks proportional an.<\/li>\n<li>Fahren Sie das Fahrzeug nach dem Tanken normal, damit das Produkt durch das Kraftstoffsystem und die AGR-Komponenten zirkulieren kann.<\/li>\n<li>Um ein besseres Reinigungsergebnis zu erzielen, sollten Sie mindestens 20 bis 30 Minuten bei konstanter Motordrehzahl fahren, um eine optimale Verbrennung und Ablagerungsentfernung zu gew\u00e4hrleisten.<\/li>\n<li>Bei starken Kohlenstoffablagerungen kann nach dem Verbrauch des behandelten Tanks eine zweite Behandlung durchgef\u00fchrt werden.<\/li>\n<li>Zur vorbeugenden Wartung sollten Sie den AGR-Ventilreiniger je nach Fahrbedingungen alle 8.000 bis 12.000 Kilometer verwenden.<\/li>\n<li>\u00dcberschreiten Sie nicht die empfohlene Dosierung und lagern Sie das Produkt an einem k\u00fchlen, trockenen Ort, gesch\u00fctzt vor direktem Sonnenlicht.<\/li>\n<\/ul>","protected":false},"excerpt":{"rendered":"<p>Restores optimal EGR valve performance without dismantling. Our EGR valve cleaner is specially formulated to remove carbon deposits and soot buildup inside the EGR system through the fuel circuit, eliminating the need for mechanical disassembly. It works progressively while you drive, restoring proper valve movement and airflow control. The most effective EGR cleaning solution available. [&hellip;]<\/p>\n","protected":false},"featured_media":23037,"comment_status":"open","ping_status":"closed","template":"","meta":{"_uag_custom_page_level_css":"","site-sidebar-layout":"default","site-content-layout":"","ast-site-content-layout":"default","site-content-style":"default","site-sidebar-style":"default","ast-global-header-display":"","ast-banner-title-visibility":"","ast-main-header-display":"","ast-hfb-above-header-display":"","ast-hfb-below-header-display":"","ast-hfb-mobile-header-display":"","site-post-title":"","ast-breadcrumbs-content":"","ast-featured-img":"","footer-sml-layout":"","ast-disable-related-posts":"","theme-transparent-header-meta":"default","adv-header-id-meta":"","stick-header-meta":"","header-above-stick-meta":"","header-main-stick-meta":"","header-below-stick-meta":"","astra-migrate-meta-layouts":"set","ast-page-background-enabled":"default","ast-page-background-meta":{"desktop":{"background-color":"var(--ast-global-color-4)","background-image":"","background-repeat":"repeat","background-position":"center center","background-size":"auto","background-attachment":"scroll","background-type":"","background-media":"","overlay-type":"","overlay-color":"","overlay-opacity":"","overlay-gradient":""},"tablet":{"background-color":"","background-image":"","background-repeat":"repeat","background-position":"center center","background-size":"auto","background-attachment":"scroll","background-type":"","background-media":"","overlay-type":"","overlay-color":"","overlay-opacity":"","overlay-gradient":""},"mobile":{"background-color":"","background-image":"","background-repeat":"repeat","background-position":"center center","background-size":"auto","background-attachment":"scroll","background-type":"","background-media":"","overlay-type":"","overlay-color":"","overlay-opacity":"","overlay-gradient":""}},"ast-content-background-meta":{"desktop":{"background-color":"var(--ast-global-color-5)","background-image":"","background-repeat":"repeat","background-position":"center center","background-size":"auto","background-attachment":"scroll","background-type":"","background-media":"","overlay-type":"","overlay-color":"","overlay-opacity":"","overlay-gradient":""},"tablet":{"background-color":"var(--ast-global-color-5)","background-image":"","background-repeat":"repeat","background-position":"center center","background-size":"auto","background-attachment":"scroll","background-type":"","background-media":"","overlay-type":"","overlay-color":"","overlay-opacity":"","overlay-gradient":""},"mobile":{"background-color":"var(--ast-global-color-5)","background-image":"","background-repeat":"repeat","background-position":"center center","background-size":"auto","background-attachment":"scroll","background-type":"","background-media":"","overlay-type":"","overlay-color":"","overlay-opacity":"","overlay-gradient":""}}},"product_brand":[],"product_cat":[176],"product_tag":[],"class_list":{"0":"post-22986","1":"product","2":"type-product","3":"status-publish","4":"has-post-thumbnail","6":"product_cat-automotive","7":"desktop-align-left","8":"tablet-align-left","9":"mobile-align-left","11":"first","12":"instock","13":"shipping-taxable","14":"purchasable","15":"product-type-simple"},"spectra_custom_meta":{"_visibility":["visible"],"_shopify_product_id":["7961097437404"],"_s2w_shopify_domain":["noleaky.myshopify.com"],"_shopify_variant_id":["43736968626396"],"_sku":["NLEGRVALVECLEANER"],"_regular_price":["29.90"],"_price":["29.90"],"_sale_price":[""],"_weight":["0.35"],"_thumbnail_id":["23037"],"_global_unique_id":["5056773800656"],"total_sales":["395"],"_tax_status":["taxable"],"_tax_class":[""],"_manage_stock":["no"],"_backorders":["no"],"_sold_individually":["no"],"_virtual":["no"],"_downloadable":["no"],"_download_limit":["-1"],"_download_expiry":["-1"],"_stock":[null],"_stock_status":["instock"],"_wc_average_rating":["4.93"],"_wc_review_count":["72"],"_product_version":["10.5.2"],"_edit_lock":["1773470731:914"],"merchant-center-availability":["yes"],"merchant-center-category":["2788"],"merchant-center-id":["EGRVC"],"_edit_last":["1"],"_wp_page_template":["default"],"site-sidebar-layout":["default"],"ast-site-content-layout":["default"],"site-content-style":["default"],"site-sidebar-style":["default"],"theme-transparent-header-meta":["default"],"_wc_rating_count":["a:2:{i:4;i:5;i:5;i:67;}"],"_upsell_ids":["a:3:{i:0;i:22975;i:1;i:22985;i:2;i:23011;}"],"_crosssell_ids":["a:3:{i:0;i:22975;i:1;i:22985;i:2;i:23011;}"],"astra-migrate-meta-layouts":["set"],"_uag_css_file_name":["uag-css-22986.css"],"_elementor_page_assets":["a:0:{}"],"_uag_page_assets":["a:9:{s:3:\"css\";s:6893:\".wp-block-uagb-image{display:flex}.wp-block-uagb-image__figure{position:relative;display:flex;flex-direction:column;max-width:100%;height:auto;margin:0}.wp-block-uagb-image__figure img{height:auto;display:flex;max-width:100%;transition:box-shadow 0.2s ease}.wp-block-uagb-image__figure>a{display:inline-block}.wp-block-uagb-image__figure figcaption{text-align:center;margin-top:0.5em;margin-bottom:1em}.wp-block-uagb-image .components-placeholder.block-editor-media-placeholder .components-placeholder__instructions{align-self:center}.wp-block-uagb-image--align-left{text-align:left}.wp-block-uagb-image--align-right{text-align:right}.wp-block-uagb-image--align-center{text-align:center}.wp-block-uagb-image--align-full .wp-block-uagb-image__figure{margin-left:calc(50% - 50vw);margin-right:calc(50% - 50vw);max-width:100vw;width:100vw;height:auto}.wp-block-uagb-image--align-full .wp-block-uagb-image__figure img{height:auto;width:100% !important}.wp-block-uagb-image--align-wide .wp-block-uagb-image__figure img{height:auto;width:100%}.wp-block-uagb-image--layout-overlay__color-wrapper{position:absolute;left:0;top:0;right:0;bottom:0;opacity:0.2;background:rgba(0,0,0,0.5);transition:opacity 0.35s ease-in-out}.wp-block-uagb-image--layout-overlay-link{position:absolute;left:0;right:0;bottom:0;top:0}.wp-block-uagb-image--layout-overlay .wp-block-uagb-image__figure:hover .wp-block-uagb-image--layout-overlay__color-wrapper{opacity:1}.wp-block-uagb-image--layout-overlay__inner{position:absolute;left:15px;right:15px;bottom:15px;top:15px;display:flex;align-items:center;justify-content:center;flex-direction:column;border-color:#fff;transition:0.35s ease-in-out}.wp-block-uagb-image--layout-overlay__inner.top-left,.wp-block-uagb-image--layout-overlay__inner.top-center,.wp-block-uagb-image--layout-overlay__inner.top-right{justify-content:flex-start}.wp-block-uagb-image--layout-overlay__inner.bottom-left,.wp-block-uagb-image--layout-overlay__inner.bottom-center,.wp-block-uagb-image--layout-overlay__inner.bottom-right{justify-content:flex-end}.wp-block-uagb-image--layout-overlay__inner.top-left,.wp-block-uagb-image--layout-overlay__inner.center-left,.wp-block-uagb-image--layout-overlay__inner.bottom-left{align-items:flex-start}.wp-block-uagb-image--layout-overlay__inner.top-right,.wp-block-uagb-image--layout-overlay__inner.center-right,.wp-block-uagb-image--layout-overlay__inner.bottom-right{align-items:flex-end}.wp-block-uagb-image--layout-overlay__inner .uagb-image-heading{color:#fff;transition:transform 0.35s, opacity 0.35s ease-in-out;transform:translate3d(0, 24px, 0);margin:0;line-height:1em}.wp-block-uagb-image--layout-overlay__inner .uagb-image-separator{width:30%;border-top-width:2px;border-top-color:#fff;border-top-style:solid;margin-bottom:10px;opacity:0;transition:transform 0.4s, opacity 0.4s ease-in-out;transform:translate3d(0, 30px, 0)}.wp-block-uagb-image--layout-overlay__inner .uagb-image-caption{opacity:0;overflow:visible;color:#fff;transition:transform 0.45s, opacity 0.45s ease-in-out;transform:translate3d(0, 35px, 0)}.wp-block-uagb-image--layout-overlay__inner:hover .uagb-image-heading,.wp-block-uagb-image--layout-overlay__inner:hover .uagb-image-separator,.wp-block-uagb-image--layout-overlay__inner:hover .uagb-image-caption{opacity:1;transform:translate3d(0, 0, 0)}.wp-block-uagb-image--effect-zoomin .wp-block-uagb-image__figure img,.wp-block-uagb-image--effect-zoomin .wp-block-uagb-image__figure .wp-block-uagb-image--layout-overlay__color-wrapper{transform:scale(1);transition:transform 0.35s ease-in-out}.wp-block-uagb-image--effect-zoomin .wp-block-uagb-image__figure:hover img,.wp-block-uagb-image--effect-zoomin .wp-block-uagb-image__figure:hover .wp-block-uagb-image--layout-overlay__color-wrapper{transform:scale(1.05)}.wp-block-uagb-image--effect-slide .wp-block-uagb-image__figure img,.wp-block-uagb-image--effect-slide .wp-block-uagb-image__figure .wp-block-uagb-image--layout-overlay__color-wrapper{width:calc(100% + 40px) !important;max-width:none !important;transform:translate3d(-40px, 0, 0);transition:transform 0.35s ease-in-out}.wp-block-uagb-image--effect-slide .wp-block-uagb-image__figure:hover img,.wp-block-uagb-image--effect-slide .wp-block-uagb-image__figure:hover .wp-block-uagb-image--layout-overlay__color-wrapper{transform:translate3d(0, 0, 0)}.wp-block-uagb-image--effect-grayscale img{filter:grayscale(0%);transition:0.35s ease-in-out}.wp-block-uagb-image--effect-grayscale:hover img{filter:grayscale(100%)}.wp-block-uagb-image--effect-blur img{filter:blur(0);transition:0.35s ease-in-out}.wp-block-uagb-image--effect-blur:hover img{filter:blur(3px)}\n.uagb-block-e6f939b3.wp-block-uagb-image--layout-default figure img{box-shadow: 0px 0px 0 #00000070;}.uagb-block-e6f939b3.wp-block-uagb-image .wp-block-uagb-image__figure figcaption{font-style: normal;align-self: center;}.uagb-block-e6f939b3.wp-block-uagb-image--layout-overlay figure img{box-shadow: 0px 0px 0 #00000070;}.uagb-block-e6f939b3.wp-block-uagb-image--layout-overlay .wp-block-uagb-image--layout-overlay__color-wrapper{opacity: 0.2;}.uagb-block-e6f939b3.wp-block-uagb-image--layout-overlay .wp-block-uagb-image--layout-overlay__inner{left: 15px;right: 15px;top: 15px;bottom: 15px;}.uagb-block-e6f939b3.wp-block-uagb-image--layout-overlay .wp-block-uagb-image--layout-overlay__inner .uagb-image-heading{font-style: normal;color: #fff;opacity: 1;}.uagb-block-e6f939b3.wp-block-uagb-image--layout-overlay .wp-block-uagb-image--layout-overlay__inner .uagb-image-heading a{color: #fff;}.uagb-block-e6f939b3.wp-block-uagb-image--layout-overlay .wp-block-uagb-image--layout-overlay__inner .uagb-image-caption{opacity: 0;}.uagb-block-e6f939b3.wp-block-uagb-image--layout-overlay .wp-block-uagb-image__figure:hover .wp-block-uagb-image--layout-overlay__color-wrapper{opacity: 1;}.uagb-block-e6f939b3.wp-block-uagb-image .wp-block-uagb-image--layout-overlay__inner .uagb-image-separator{width: 30%;border-top-width: 2px;border-top-color: #fff;opacity: 0;}.uagb-block-e6f939b3.wp-block-uagb-image .wp-block-uagb-image__figure img{width: px;height: auto;}.uagb-block-e6f939b3.wp-block-uagb-image .wp-block-uagb-image__figure:hover .wp-block-uagb-image--layout-overlay__inner .uagb-image-caption{opacity: 1;}.uagb-block-e6f939b3.wp-block-uagb-image .wp-block-uagb-image__figure:hover .wp-block-uagb-image--layout-overlay__inner .uagb-image-separator{opacity: 1;}.uagb-block-e6f939b3.wp-block-uagb-image--layout-default figure:hover img{box-shadow: 0px 0px 0 #00000070;}.uagb-block-e6f939b3.wp-block-uagb-image--layout-overlay figure:hover img{box-shadow: 0px 0px 0 #00000070;}@media only screen and (max-width: 976px) {.uagb-block-e6f939b3.wp-block-uagb-image .wp-block-uagb-image__figure img{width: px;height: auto;}}@media only screen and (max-width: 767px) {.uagb-block-e6f939b3.wp-block-uagb-image .wp-block-uagb-image__figure img{width: px;height: auto;}}\";s:2:\"js\";s:0:\"\";s:18:\"current_block_list\";a:13:{i:0;s:11:\"core\/search\";i:1;s:10:\"core\/group\";i:2;s:12:\"core\/heading\";i:3;s:17:\"core\/latest-posts\";i:4;s:20:\"core\/latest-comments\";i:5;s:13:\"core\/archives\";i:6;s:15:\"core\/categories\";i:7;s:14:\"core\/paragraph\";i:8;s:10:\"uagb\/image\";i:9;s:11:\"core\/spacer\";i:10;s:30:\"woocommerce\/product-categories\";i:11;s:10:\"core\/image\";i:12;s:14:\"core\/shortcode\";}s:8:\"uag_flag\";b:1;s:11:\"uag_version\";s:10:\"1776746291\";s:6:\"gfonts\";a:0:{}s:10:\"gfonts_url\";s:0:\"\";s:12:\"gfonts_files\";a:0:{}s:14:\"uag_faq_layout\";b:0;}"]},"uagb_featured_image_src":{"full":["https:\/\/www.noleaky.com\/wp-content\/uploads\/2025\/06\/2.l.EGR-Valve-Cleaner_NoLeaky_4000x4000_74c74249-d819-42d6-b008-233b3a64a67b.png",2560,2560,false],"thumbnail":["https:\/\/www.noleaky.com\/wp-content\/uploads\/2025\/06\/2.l.EGR-Valve-Cleaner_NoLeaky_4000x4000_74c74249-d819-42d6-b008-233b3a64a67b-150x150.png",150,150,true],"medium":["https:\/\/www.noleaky.com\/wp-content\/uploads\/2025\/06\/2.l.EGR-Valve-Cleaner_NoLeaky_4000x4000_74c74249-d819-42d6-b008-233b3a64a67b-300x300.png",300,300,true],"medium_large":["https:\/\/www.noleaky.com\/wp-content\/uploads\/2025\/06\/2.l.EGR-Valve-Cleaner_NoLeaky_4000x4000_74c74249-d819-42d6-b008-233b3a64a67b-768x768.png",768,768,true],"large":["https:\/\/www.noleaky.com\/wp-content\/uploads\/2025\/06\/2.l.EGR-Valve-Cleaner_NoLeaky_4000x4000_74c74249-d819-42d6-b008-233b3a64a67b-1024x1024.png",1024,1024,true],"1536x1536":["https:\/\/www.noleaky.com\/wp-content\/uploads\/2025\/06\/2.l.EGR-Valve-Cleaner_NoLeaky_4000x4000_74c74249-d819-42d6-b008-233b3a64a67b-1536x1536.png",1536,1536,true],"2048x2048":["https:\/\/www.noleaky.com\/wp-content\/uploads\/2025\/06\/2.l.EGR-Valve-Cleaner_NoLeaky_4000x4000_74c74249-d819-42d6-b008-233b3a64a67b-2048x2048.png",2048,2048,true],"trp-custom-language-flag":["https:\/\/www.noleaky.com\/wp-content\/uploads\/2025\/06\/2.l.EGR-Valve-Cleaner_NoLeaky_4000x4000_74c74249-d819-42d6-b008-233b3a64a67b-12x12.png",12,12,true],"woocommerce_thumbnail":["https:\/\/www.noleaky.com\/wp-content\/uploads\/2025\/06\/2.l.EGR-Valve-Cleaner_NoLeaky_4000x4000_74c74249-d819-42d6-b008-233b3a64a67b-300x300.png",300,300,true],"woocommerce_single":["https:\/\/www.noleaky.com\/wp-content\/uploads\/2025\/06\/2.l.EGR-Valve-Cleaner_NoLeaky_4000x4000_74c74249-d819-42d6-b008-233b3a64a67b-600x600.png",600,600,true],"woocommerce_gallery_thumbnail":["https:\/\/www.noleaky.com\/wp-content\/uploads\/2025\/06\/2.l.EGR-Valve-Cleaner_NoLeaky_4000x4000_74c74249-d819-42d6-b008-233b3a64a67b-100x100.png",100,100,true]},"uagb_author_info":{"display_name":"admin","author_link":"https:\/\/www.noleaky.com\/de\/author\/"},"uagb_comment_info":72,"uagb_excerpt":"Restores optimal EGR valve performance without dismantling. Our EGR valve cleaner is specially formulated to remove carbon deposits and soot buildup inside the EGR system through the fuel circuit, eliminating the need for mechanical disassembly. It works progressively while you drive, restoring proper valve movement and airflow control. The most effective EGR cleaning solution available.&hellip;","_links":{"self":[{"href":"https:\/\/www.noleaky.com\/de\/wp-json\/wp\/v2\/product\/22986","targetHints":{"allow":["GET"]}}],"collection":[{"href":"https:\/\/www.noleaky.com\/de\/wp-json\/wp\/v2\/product"}],"about":[{"href":"https:\/\/www.noleaky.com\/de\/wp-json\/wp\/v2\/types\/product"}],"replies":[{"embeddable":true,"href":"https:\/\/www.noleaky.com\/de\/wp-json\/wp\/v2\/comments?post=22986"}],"version-history":[{"count":6,"href":"https:\/\/www.noleaky.com\/de\/wp-json\/wp\/v2\/product\/22986\/revisions"}],"predecessor-version":[{"id":33293,"href":"https:\/\/www.noleaky.com\/de\/wp-json\/wp\/v2\/product\/22986\/revisions\/33293"}],"wp:featuredmedia":[{"embeddable":true,"href":"https:\/\/www.noleaky.com\/de\/wp-json\/wp\/v2\/media\/23037"}],"wp:attachment":[{"href":"https:\/\/www.noleaky.com\/de\/wp-json\/wp\/v2\/media?parent=22986"}],"wp:term":[{"taxonomy":"product_brand","embeddable":true,"href":"https:\/\/www.noleaky.com\/de\/wp-json\/wp\/v2\/product_brand?post=22986"},{"taxonomy":"product_cat","embeddable":true,"href":"https:\/\/www.noleaky.com\/de\/wp-json\/wp\/v2\/product_cat?post=22986"},{"taxonomy":"product_tag","embeddable":true,"href":"https:\/\/www.noleaky.com\/de\/wp-json\/wp\/v2\/product_tag?post=22986"}],"curies":[{"name":"wp","href":"https:\/\/api.w.org\/{rel}","templated":true}]}}