{"id":23029,"date":"2025-06-02T15:49:30","date_gmt":"2025-06-02T13:49:30","guid":{"rendered":"https:\/\/www.noleaky.com\/products\/windshield-repair\/"},"modified":"2026-03-01T14:33:32","modified_gmt":"2026-03-01T13:33:32","slug":"windshield-repair","status":"publish","type":"product","link":"https:\/\/www.noleaky.com\/cz\/products\/windshield-repair\/","title":{"rendered":"Oprava \u010deln\u00edho skla"},"content":{"rendered":"<p><strong><img decoding=\"async\" style=\"margin-right: 12px;\" src=\"https:\/\/www.noleaky.com\/wp-content\/uploads\/2026\/02\/Check.svg\" alt=\"\" width=\"18\" height=\"15\" \/>Rychle a \u00fa\u010dinn\u011b opravuje praskliny a trhliny na \u010deln\u00edm skle.<\/strong> Na\u0161e kapalina na opravu \u010deln\u00edho skla je speci\u00e1ln\u011b vyvinut\u00e1 tak, aby pronikla a vyplnila t\u0159\u00edsky, praskliny a mal\u00e9 trhliny ve vrstven\u00e9m automobilov\u00e9m skle, obnovila pr\u016fhlednost a zabr\u00e1nila dal\u0161\u00edmu \u0161\u00ed\u0159en\u00ed. Spojuje se p\u0159\u00edmo v po\u0161kozen\u00e9m m\u00edst\u011b, posiluje strukturu skla a po vytvrzen\u00ed v\u00fdrazn\u011b zlep\u0161uje viditelnost.<\/p>\n<p><strong><img decoding=\"async\" style=\"margin-right: 12px;\" src=\"https:\/\/www.noleaky.com\/wp-content\/uploads\/2026\/02\/Check.svg\" alt=\"\" width=\"18\" height=\"15\" \/>Nej\u00fa\u010dinn\u011bj\u0161\u00ed technologie prysky\u0159ice pro dlouhotrvaj\u00edc\u00ed opravy.<\/strong> Jedn\u00e1 se o nej\u00fa\u010dinn\u011bj\u0161\u00ed kapalinu na opravu \u010deln\u00edch skel ve sv\u00e9 kategorii, kter\u00e1 vyu\u017e\u00edv\u00e1 pokro\u010dilou n\u00edzkovisk\u00f3zn\u00ed prysky\u0159ici, je\u017e pronik\u00e1 hluboko do mikrotrhlin. Po vytvrzen\u00ed ztvrdne do pr\u016fhledn\u00e9, odoln\u00e9 vrstvy, kter\u00e1 stabilizuje po\u0161kozenou z\u00f3nu a zabra\u0148uje vlhkosti nebo vzduchu ve zhor\u0161en\u00ed praskliny.<\/p>\n<p><strong><img decoding=\"async\" style=\"margin-right: 12px;\" src=\"https:\/\/www.noleaky.com\/wp-content\/uploads\/2026\/02\/Check.svg\" alt=\"\" width=\"18\" height=\"15\" \/>Nejlevn\u011bj\u0161\u00ed profesion\u00e1ln\u00ed \u0159e\u0161en\u00ed oprav na trhu.<\/strong> Nab\u00edz\u00edme prvot\u0159\u00eddn\u00ed v\u00fdkon opravy za nejv\u00fdhodn\u011bj\u0161\u00ed cenu. Na\u0161e kapalina na opravu \u010deln\u00edho skla je nejlevn\u011bj\u0161\u00ed kvalitn\u00ed alternativou n\u00e1kladn\u00fdch z\u00e1sah\u016f v servisech a umo\u017e\u0148uje \u0159idi\u010d\u016fm obnovit sklo za zlomek ceny profesion\u00e1ln\u00edch oprav\u00e1rensk\u00fdch slu\u017eeb.<\/p>\n<p><strong><img decoding=\"async\" style=\"margin-right: 12px;\" src=\"https:\/\/www.noleaky.com\/wp-content\/uploads\/2026\/02\/Check.svg\" alt=\"\" width=\"18\" height=\"15\" \/>24hodinov\u00e1 dod\u00e1vka pro neprodlen\u00e9 odstran\u011bn\u00ed po\u0161kozen\u00ed.<\/strong> Po\u0161kozen\u00e9 \u010deln\u00ed sklo se m\u016f\u017ee vlivem vibrac\u00ed, teplotn\u00edch zm\u011bn a stavu vozovky rychle zhor\u0161it. Proto garantujeme dod\u00e1n\u00ed do 24 hodin, abyste mohli okam\u017eit\u011b \u0159e\u0161it vrypy a praskliny a vyhnout se n\u00e1kladn\u00e9 v\u00fdm\u011bn\u011b \u010deln\u00edho skla.<\/p>\n<p><strong><img decoding=\"async\" style=\"margin-right: 12px;\" src=\"https:\/\/www.noleaky.com\/wp-content\/uploads\/2026\/02\/Check.svg\" alt=\"\" width=\"18\" height=\"15\" \/>Z\u00e1ruka vr\u00e1cen\u00ed pen\u011bz pro naprostou jistotu.<\/strong> Za v\u00fdkonem na\u0161\u00ed kapaliny pro opravu \u010deln\u00edho skla si pln\u011b stoj\u00edme. Pokud nebudete s v\u00fdsledky spokojeni, nab\u00edz\u00edme z\u00e1ruku vr\u00e1cen\u00ed pen\u011bz. Jednodu\u0161e n\u00e1s kontaktujte a my v\u00e1m vr\u00e1t\u00edme pen\u00edze za n\u00e1kup, \u010d\u00edm\u017e v\u00e1m zajist\u00edme n\u00e1kup zcela bez rizika.<\/p>\n<p><strong><img decoding=\"async\" style=\"margin-right: 12px;\" src=\"https:\/\/www.noleaky.com\/wp-content\/uploads\/2026\/02\/Check.svg\" alt=\"\" width=\"18\" height=\"15\" \/>Vynikaj\u00edc\u00ed kryt\u00ed s minim\u00e1ln\u00ed spot\u0159ebou produktu.<\/strong> Mal\u00e9 mno\u017estv\u00ed prysky\u0159ice posta\u010d\u00ed na v\u00edce oprav. Jedna lahvi\u010dka obvykle dok\u00e1\u017ee o\u0161et\u0159it mnoho vryp\u016f v z\u00e1vislosti na velikosti, co\u017e je ve srovn\u00e1n\u00ed s v\u00fdm\u011bnou cel\u00e9ho \u010deln\u00edho skla velmi ekonomick\u00e9 a \u00fasporn\u00e9.<\/p>\n<p><strong><img decoding=\"async\" style=\"margin-right: 12px;\" src=\"https:\/\/www.noleaky.com\/wp-content\/uploads\/2026\/02\/Check.svg\" alt=\"\" width=\"18\" height=\"15\" \/>Zabra\u0148uje dal\u0161\u00edmu \u0161\u00ed\u0159en\u00ed trhlin.<\/strong> Vypln\u011bn\u00edm po\u0161kozen\u00e9ho m\u00edsta a obnoven\u00edm struktur\u00e1ln\u00ed integrity pom\u00e1h\u00e1 kapalina zabr\u00e1nit roz\u0161i\u0159ov\u00e1n\u00ed prasklin v d\u016fsledku vibrac\u00ed, tlaku nebo teplotn\u00edch v\u00fdkyv\u016f, \u010d\u00edm\u017e prodlu\u017euje \u017eivotnost \u010deln\u00edho skla.<\/p>\n<p><strong><img decoding=\"async\" style=\"margin-right: 12px;\" src=\"https:\/\/www.noleaky.com\/wp-content\/uploads\/2026\/02\/Check.svg\" alt=\"\" width=\"18\" height=\"15\" \/>Obnovuje optickou \u010distotu a bezpe\u010dnost j\u00edzdy.<\/strong> Po vytvrzen\u00ed prysky\u0159ice zpr\u016fhledn\u00ed a splyne s okoln\u00edm sklem, \u010d\u00edm\u017e se sn\u00ed\u017e\u00ed viditelnost t\u0159\u00edsek a zlep\u0161\u00ed se propustnost sv\u011btla. To zvy\u0161uje bezpe\u010dnost \u0159idi\u010de a sni\u017euje osln\u011bn\u00ed nebo zkreslen\u00ed.<\/p>\n<p><strong><img decoding=\"async\" style=\"margin-right: 12px;\" src=\"https:\/\/www.noleaky.com\/wp-content\/uploads\/2026\/02\/Check.svg\" alt=\"\" width=\"18\" height=\"15\" \/>Rychl\u00e9 vytvrzen\u00ed pro efektivn\u00ed opravy.<\/strong> Kapalina je navr\u017eena pro rychl\u00e9 vytvrzen\u00ed pod UV sv\u011btlem nebo p\u0159\u00edm\u00fdm slune\u010dn\u00edm sv\u011btlem, co\u017e umo\u017e\u0148uje dokon\u010dit v\u011bt\u0161inu oprav v kr\u00e1tk\u00e9m \u010dasov\u00e9m horizontu a minimalizovat prostoje vozidla.<\/p>\n<p><strong><img decoding=\"async\" style=\"margin-right: 12px;\" src=\"https:\/\/www.noleaky.com\/wp-content\/uploads\/2026\/02\/Check.svg\" alt=\"\" width=\"18\" height=\"15\" \/>Vhodn\u00e9 pro r\u016fzn\u00e9 typy vrstven\u00fdch automobilov\u00fdch skel.<\/strong> Tato v\u0161estrann\u00e1 kapalina je ide\u00e1ln\u00ed pro opravu drobn\u00fdch od\u0161t\u011bpk\u016f, hv\u011bzdicovit\u00fdch prasklin a kr\u00e1tk\u00fdch trhlin na vrstven\u00fdch \u010deln\u00edch sklech a je kompatibiln\u00ed s v\u011bt\u0161inou standardn\u00edch povrch\u016f automobilov\u00fdch skel.<\/p>\n<h2><strong>Pokyny<\/strong><\/h2>\n<ul>\n<li>P\u0159ed zah\u00e1jen\u00edm opravy se ujist\u011bte, \u017ee je \u010deln\u00ed sklo \u010dist\u00e9 a zcela such\u00e9.<\/li>\n<li>Zaparkujte vozidlo ve st\u00ednu, abyste zabr\u00e1nili p\u0159ed\u010dasn\u00e9mu vytvrzen\u00ed b\u011bhem aplikace.<\/li>\n<li>Po\u0161kozen\u00e9 m\u00edsto o\u010dist\u011bte such\u00fdm had\u0159\u00edkem, abyste odstranili prach a uvoln\u011bn\u00e9 \u010d\u00e1ste\u010dky skla. Uvnit\u0159 praskliny nepou\u017e\u00edvejte vodu.<\/li>\n<li>Um\u00edst\u011bte opravn\u00e9 za\u0159\u00edzen\u00ed nebo aplik\u00e1tor p\u0159\u00edmo na t\u0159\u00edsku nebo prasklinu.<\/li>\n<li>Na po\u0161kozen\u00e9 m\u00edsto naneste mal\u00e9 mno\u017estv\u00ed kapaliny na opravu \u010deln\u00edho skla. Doporu\u010den\u00e9 d\u00e1vkov\u00e1n\u00ed je obvykle n\u011bkolik kapek na jednu t\u0159\u00edsku, jen tolik, aby se dutina zcela zaplnila.<\/li>\n<li>Nechte prysky\u0159ici zcela proniknout do trhliny. Jemn\u00fd tlak aplik\u00e1toru m\u016f\u017ee pomoci odstranit zachycen\u00fd vzduch.<\/li>\n<li>Vystavte o\u0161et\u0159enou oblast UV z\u00e1\u0159en\u00ed nebo p\u0159\u00edm\u00e9mu slune\u010dn\u00edmu sv\u011btlu p\u0159ibli\u017en\u011b na 10 a\u017e 20 minut, aby prysky\u0159ice vytvrdla.<\/li>\n<li>Po vytvrzen\u00ed opatrn\u011b odstra\u0148te p\u0159ebyte\u010dnou vytvrzenou prysky\u0159ici pomoc\u00ed \u017eiletky dr\u017een\u00e9 pod m\u00edrn\u00fdm \u00fahlem.<\/li>\n<li>Zkontrolujte opravu. V p\u0159\u00edpad\u011b pot\u0159eby lze prov\u00e9st druhou aplikaci pro hlub\u0161\u00ed vrypy.<\/li>\n<li>Po dobu n\u011bkolika hodin po dokon\u010den\u00ed opravy se vyvarujte myt\u00ed vozidla nebo vystaven\u00ed opravovan\u00e9ho m\u00edsta siln\u00e9mu de\u0161ti, aby bylo zaji\u0161t\u011bno \u00fapln\u00e9 vytvrzen\u00ed a optim\u00e1ln\u00ed trvanlivost.<\/li>\n<\/ul>","protected":false},"excerpt":{"rendered":"<p>Repairs windshield chips and cracks quickly and effectively. Our windshield repair fluid is specially formulated to penetrate and fill chips, bullseyes, and small cracks in laminated automotive glass, restoring clarity and preventing further spreading. It bonds directly within the damaged area, reinforcing the structure of the glass and significantly improving visibility after curing. The most [&hellip;]<\/p>\n","protected":false},"featured_media":23102,"comment_status":"open","ping_status":"closed","template":"","meta":{"_uag_custom_page_level_css":"","site-sidebar-layout":"default","site-content-layout":"","ast-site-content-layout":"default","site-content-style":"default","site-sidebar-style":"default","ast-global-header-display":"","ast-banner-title-visibility":"","ast-main-header-display":"","ast-hfb-above-header-display":"","ast-hfb-below-header-display":"","ast-hfb-mobile-header-display":"","site-post-title":"","ast-breadcrumbs-content":"","ast-featured-img":"","footer-sml-layout":"","ast-disable-related-posts":"","theme-transparent-header-meta":"default","adv-header-id-meta":"","stick-header-meta":"","header-above-stick-meta":"","header-main-stick-meta":"","header-below-stick-meta":"","astra-migrate-meta-layouts":"set","ast-page-background-enabled":"default","ast-page-background-meta":{"desktop":{"background-color":"var(--ast-global-color-4)","background-image":"","background-repeat":"repeat","background-position":"center center","background-size":"auto","background-attachment":"scroll","background-type":"","background-media":"","overlay-type":"","overlay-color":"","overlay-opacity":"","overlay-gradient":""},"tablet":{"background-color":"","background-image":"","background-repeat":"repeat","background-position":"center center","background-size":"auto","background-attachment":"scroll","background-type":"","background-media":"","overlay-type":"","overlay-color":"","overlay-opacity":"","overlay-gradient":""},"mobile":{"background-color":"","background-image":"","background-repeat":"repeat","background-position":"center center","background-size":"auto","background-attachment":"scroll","background-type":"","background-media":"","overlay-type":"","overlay-color":"","overlay-opacity":"","overlay-gradient":""}},"ast-content-background-meta":{"desktop":{"background-color":"var(--ast-global-color-5)","background-image":"","background-repeat":"repeat","background-position":"center center","background-size":"auto","background-attachment":"scroll","background-type":"","background-media":"","overlay-type":"","overlay-color":"","overlay-opacity":"","overlay-gradient":""},"tablet":{"background-color":"var(--ast-global-color-5)","background-image":"","background-repeat":"repeat","background-position":"center center","background-size":"auto","background-attachment":"scroll","background-type":"","background-media":"","overlay-type":"","overlay-color":"","overlay-opacity":"","overlay-gradient":""},"mobile":{"background-color":"var(--ast-global-color-5)","background-image":"","background-repeat":"repeat","background-position":"center center","background-size":"auto","background-attachment":"scroll","background-type":"","background-media":"","overlay-type":"","overlay-color":"","overlay-opacity":"","overlay-gradient":""}}},"product_brand":[],"product_cat":[176],"product_tag":[],"class_list":{"0":"post-23029","1":"product","2":"type-product","3":"status-publish","4":"has-post-thumbnail","6":"product_cat-automotive","7":"desktop-align-left","8":"tablet-align-left","9":"mobile-align-left","11":"first","12":"instock","13":"shipping-taxable","14":"purchasable","15":"product-type-simple"},"spectra_custom_meta":{"_visibility":["visible"],"_shopify_product_id":["7961066668252"],"_s2w_shopify_domain":["noleaky.myshopify.com"],"_shopify_variant_id":["43736925667548"],"_sku":["NLWINDSHIELDREPAIR"],"_regular_price":["29.90"],"_price":["29.90"],"_sale_price":[""],"_weight":["0.45"],"_thumbnail_id":["23102"],"_global_unique_id":["5056773800953"],"total_sales":["92"],"_tax_status":["taxable"],"_tax_class":[""],"_manage_stock":["no"],"_backorders":["no"],"_sold_individually":["no"],"_virtual":["no"],"_downloadable":["no"],"_download_limit":["-1"],"_download_expiry":["-1"],"_stock":[null],"_stock_status":["instock"],"_wc_average_rating":["4.91"],"_wc_review_count":["77"],"_product_version":["10.5.2"],"_edit_lock":["1772384272:1"],"merchant-center-category":["2788"],"merchant-center-id":["WR"],"merchant-center-availability":["yes"],"_edit_last":["1"],"_wp_page_template":["default"],"site-sidebar-layout":["default"],"ast-site-content-layout":["default"],"site-content-style":["default"],"site-sidebar-style":["default"],"theme-transparent-header-meta":["default"],"_wc_rating_count":["a:3:{i:3;i:1;i:4;i:5;i:5;i:71;}"],"_upsell_ids":["a:3:{i:0;i:22975;i:1;i:23022;i:2;i:23025;}"],"_crosssell_ids":["a:3:{i:0;i:22975;i:1;i:23022;i:2;i:23025;}"],"astra-migrate-meta-layouts":["set"],"_uag_css_file_name":["uag-css-23029.css"],"_elementor_page_assets":["a:0:{}"],"_uag_page_assets":["a:9:{s:3:\"css\";s:7156:\".uag-blocks-common-selector{z-index:var(--z-index-desktop) !important}@media (max-width: 976px){.uag-blocks-common-selector{z-index:var(--z-index-tablet) !important}}@media (max-width: 767px){.uag-blocks-common-selector{z-index:var(--z-index-mobile) !important}}\n.wp-block-uagb-image{display:flex}.wp-block-uagb-image__figure{position:relative;display:flex;flex-direction:column;max-width:100%;height:auto;margin:0}.wp-block-uagb-image__figure img{height:auto;display:flex;max-width:100%;transition:box-shadow 0.2s ease}.wp-block-uagb-image__figure>a{display:inline-block}.wp-block-uagb-image__figure figcaption{text-align:center;margin-top:0.5em;margin-bottom:1em}.wp-block-uagb-image .components-placeholder.block-editor-media-placeholder .components-placeholder__instructions{align-self:center}.wp-block-uagb-image--align-left{text-align:left}.wp-block-uagb-image--align-right{text-align:right}.wp-block-uagb-image--align-center{text-align:center}.wp-block-uagb-image--align-full .wp-block-uagb-image__figure{margin-left:calc(50% - 50vw);margin-right:calc(50% - 50vw);max-width:100vw;width:100vw;height:auto}.wp-block-uagb-image--align-full .wp-block-uagb-image__figure img{height:auto;width:100% !important}.wp-block-uagb-image--align-wide .wp-block-uagb-image__figure img{height:auto;width:100%}.wp-block-uagb-image--layout-overlay__color-wrapper{position:absolute;left:0;top:0;right:0;bottom:0;opacity:0.2;background:rgba(0,0,0,0.5);transition:opacity 0.35s ease-in-out}.wp-block-uagb-image--layout-overlay-link{position:absolute;left:0;right:0;bottom:0;top:0}.wp-block-uagb-image--layout-overlay .wp-block-uagb-image__figure:hover .wp-block-uagb-image--layout-overlay__color-wrapper{opacity:1}.wp-block-uagb-image--layout-overlay__inner{position:absolute;left:15px;right:15px;bottom:15px;top:15px;display:flex;align-items:center;justify-content:center;flex-direction:column;border-color:#fff;transition:0.35s ease-in-out}.wp-block-uagb-image--layout-overlay__inner.top-left,.wp-block-uagb-image--layout-overlay__inner.top-center,.wp-block-uagb-image--layout-overlay__inner.top-right{justify-content:flex-start}.wp-block-uagb-image--layout-overlay__inner.bottom-left,.wp-block-uagb-image--layout-overlay__inner.bottom-center,.wp-block-uagb-image--layout-overlay__inner.bottom-right{justify-content:flex-end}.wp-block-uagb-image--layout-overlay__inner.top-left,.wp-block-uagb-image--layout-overlay__inner.center-left,.wp-block-uagb-image--layout-overlay__inner.bottom-left{align-items:flex-start}.wp-block-uagb-image--layout-overlay__inner.top-right,.wp-block-uagb-image--layout-overlay__inner.center-right,.wp-block-uagb-image--layout-overlay__inner.bottom-right{align-items:flex-end}.wp-block-uagb-image--layout-overlay__inner .uagb-image-heading{color:#fff;transition:transform 0.35s, opacity 0.35s ease-in-out;transform:translate3d(0, 24px, 0);margin:0;line-height:1em}.wp-block-uagb-image--layout-overlay__inner .uagb-image-separator{width:30%;border-top-width:2px;border-top-color:#fff;border-top-style:solid;margin-bottom:10px;opacity:0;transition:transform 0.4s, opacity 0.4s ease-in-out;transform:translate3d(0, 30px, 0)}.wp-block-uagb-image--layout-overlay__inner .uagb-image-caption{opacity:0;overflow:visible;color:#fff;transition:transform 0.45s, opacity 0.45s ease-in-out;transform:translate3d(0, 35px, 0)}.wp-block-uagb-image--layout-overlay__inner:hover .uagb-image-heading,.wp-block-uagb-image--layout-overlay__inner:hover .uagb-image-separator,.wp-block-uagb-image--layout-overlay__inner:hover .uagb-image-caption{opacity:1;transform:translate3d(0, 0, 0)}.wp-block-uagb-image--effect-zoomin .wp-block-uagb-image__figure img,.wp-block-uagb-image--effect-zoomin .wp-block-uagb-image__figure .wp-block-uagb-image--layout-overlay__color-wrapper{transform:scale(1);transition:transform 0.35s ease-in-out}.wp-block-uagb-image--effect-zoomin .wp-block-uagb-image__figure:hover img,.wp-block-uagb-image--effect-zoomin .wp-block-uagb-image__figure:hover .wp-block-uagb-image--layout-overlay__color-wrapper{transform:scale(1.05)}.wp-block-uagb-image--effect-slide .wp-block-uagb-image__figure img,.wp-block-uagb-image--effect-slide .wp-block-uagb-image__figure .wp-block-uagb-image--layout-overlay__color-wrapper{width:calc(100% + 40px) !important;max-width:none !important;transform:translate3d(-40px, 0, 0);transition:transform 0.35s ease-in-out}.wp-block-uagb-image--effect-slide .wp-block-uagb-image__figure:hover img,.wp-block-uagb-image--effect-slide .wp-block-uagb-image__figure:hover .wp-block-uagb-image--layout-overlay__color-wrapper{transform:translate3d(0, 0, 0)}.wp-block-uagb-image--effect-grayscale img{filter:grayscale(0%);transition:0.35s ease-in-out}.wp-block-uagb-image--effect-grayscale:hover img{filter:grayscale(100%)}.wp-block-uagb-image--effect-blur img{filter:blur(0);transition:0.35s ease-in-out}.wp-block-uagb-image--effect-blur:hover img{filter:blur(3px)}\n.uagb-block-e6f939b3.wp-block-uagb-image--layout-default figure img{box-shadow: 0px 0px 0 #00000070;}.uagb-block-e6f939b3.wp-block-uagb-image .wp-block-uagb-image__figure figcaption{font-style: normal;align-self: center;}.uagb-block-e6f939b3.wp-block-uagb-image--layout-overlay figure img{box-shadow: 0px 0px 0 #00000070;}.uagb-block-e6f939b3.wp-block-uagb-image--layout-overlay .wp-block-uagb-image--layout-overlay__color-wrapper{opacity: 0.2;}.uagb-block-e6f939b3.wp-block-uagb-image--layout-overlay .wp-block-uagb-image--layout-overlay__inner{left: 15px;right: 15px;top: 15px;bottom: 15px;}.uagb-block-e6f939b3.wp-block-uagb-image--layout-overlay .wp-block-uagb-image--layout-overlay__inner .uagb-image-heading{font-style: normal;color: #fff;opacity: 1;}.uagb-block-e6f939b3.wp-block-uagb-image--layout-overlay .wp-block-uagb-image--layout-overlay__inner .uagb-image-heading a{color: #fff;}.uagb-block-e6f939b3.wp-block-uagb-image--layout-overlay .wp-block-uagb-image--layout-overlay__inner .uagb-image-caption{opacity: 0;}.uagb-block-e6f939b3.wp-block-uagb-image--layout-overlay .wp-block-uagb-image__figure:hover .wp-block-uagb-image--layout-overlay__color-wrapper{opacity: 1;}.uagb-block-e6f939b3.wp-block-uagb-image .wp-block-uagb-image--layout-overlay__inner .uagb-image-separator{width: 30%;border-top-width: 2px;border-top-color: #fff;opacity: 0;}.uagb-block-e6f939b3.wp-block-uagb-image .wp-block-uagb-image__figure img{width: px;height: auto;}.uagb-block-e6f939b3.wp-block-uagb-image .wp-block-uagb-image__figure:hover .wp-block-uagb-image--layout-overlay__inner .uagb-image-caption{opacity: 1;}.uagb-block-e6f939b3.wp-block-uagb-image .wp-block-uagb-image__figure:hover .wp-block-uagb-image--layout-overlay__inner .uagb-image-separator{opacity: 1;}.uagb-block-e6f939b3.wp-block-uagb-image--layout-default figure:hover img{box-shadow: 0px 0px 0 #00000070;}.uagb-block-e6f939b3.wp-block-uagb-image--layout-overlay figure:hover img{box-shadow: 0px 0px 0 #00000070;}@media only screen and (max-width: 976px) {.uagb-block-e6f939b3.wp-block-uagb-image .wp-block-uagb-image__figure img{width: px;height: auto;}}@media only screen and (max-width: 767px) {.uagb-block-e6f939b3.wp-block-uagb-image .wp-block-uagb-image__figure img{width: px;height: auto;}}\";s:2:\"js\";s:0:\"\";s:18:\"current_block_list\";a:13:{i:0;s:11:\"core\/search\";i:1;s:10:\"core\/group\";i:2;s:12:\"core\/heading\";i:3;s:17:\"core\/latest-posts\";i:4;s:20:\"core\/latest-comments\";i:5;s:13:\"core\/archives\";i:6;s:15:\"core\/categories\";i:7;s:14:\"core\/paragraph\";i:8;s:10:\"uagb\/image\";i:9;s:11:\"core\/spacer\";i:10;s:30:\"woocommerce\/product-categories\";i:11;s:10:\"core\/image\";i:12;s:14:\"core\/shortcode\";}s:8:\"uag_flag\";b:1;s:11:\"uag_version\";s:10:\"1776756076\";s:6:\"gfonts\";a:0:{}s:10:\"gfonts_url\";s:0:\"\";s:12:\"gfonts_files\";a:0:{}s:14:\"uag_faq_layout\";b:0;}"]},"uagb_featured_image_src":{"full":["https:\/\/www.noleaky.com\/wp-content\/uploads\/2025\/06\/2.j.Windshield-Repairer_NoLeaky_3500.png",2560,2560,false],"thumbnail":["https:\/\/www.noleaky.com\/wp-content\/uploads\/2025\/06\/2.j.Windshield-Repairer_NoLeaky_3500-150x150.png",150,150,true],"medium":["https:\/\/www.noleaky.com\/wp-content\/uploads\/2025\/06\/2.j.Windshield-Repairer_NoLeaky_3500-300x300.png",300,300,true],"medium_large":["https:\/\/www.noleaky.com\/wp-content\/uploads\/2025\/06\/2.j.Windshield-Repairer_NoLeaky_3500-768x768.png",768,768,true],"large":["https:\/\/www.noleaky.com\/wp-content\/uploads\/2025\/06\/2.j.Windshield-Repairer_NoLeaky_3500-1024x1024.png",1024,1024,true],"1536x1536":["https:\/\/www.noleaky.com\/wp-content\/uploads\/2025\/06\/2.j.Windshield-Repairer_NoLeaky_3500-1536x1536.png",1536,1536,true],"2048x2048":["https:\/\/www.noleaky.com\/wp-content\/uploads\/2025\/06\/2.j.Windshield-Repairer_NoLeaky_3500-2048x2048.png",2048,2048,true],"trp-custom-language-flag":["https:\/\/www.noleaky.com\/wp-content\/uploads\/2025\/06\/2.j.Windshield-Repairer_NoLeaky_3500-12x12.png",12,12,true],"woocommerce_thumbnail":["https:\/\/www.noleaky.com\/wp-content\/uploads\/2025\/06\/2.j.Windshield-Repairer_NoLeaky_3500-300x300.png",300,300,true],"woocommerce_single":["https:\/\/www.noleaky.com\/wp-content\/uploads\/2025\/06\/2.j.Windshield-Repairer_NoLeaky_3500-600x600.png",600,600,true],"woocommerce_gallery_thumbnail":["https:\/\/www.noleaky.com\/wp-content\/uploads\/2025\/06\/2.j.Windshield-Repairer_NoLeaky_3500-100x100.png",100,100,true]},"uagb_author_info":{"display_name":"admin","author_link":"https:\/\/www.noleaky.com\/cz\/author\/"},"uagb_comment_info":77,"uagb_excerpt":"Repairs windshield chips and cracks quickly and effectively. Our windshield repair fluid is specially formulated to penetrate and fill chips, bullseyes, and small cracks in laminated automotive glass, restoring clarity and preventing further spreading. It bonds directly within the damaged area, reinforcing the structure of the glass and significantly improving visibility after curing. The most&hellip;","_links":{"self":[{"href":"https:\/\/www.noleaky.com\/cz\/wp-json\/wp\/v2\/product\/23029","targetHints":{"allow":["GET"]}}],"collection":[{"href":"https:\/\/www.noleaky.com\/cz\/wp-json\/wp\/v2\/product"}],"about":[{"href":"https:\/\/www.noleaky.com\/cz\/wp-json\/wp\/v2\/types\/product"}],"replies":[{"embeddable":true,"href":"https:\/\/www.noleaky.com\/cz\/wp-json\/wp\/v2\/comments?post=23029"}],"version-history":[{"count":4,"href":"https:\/\/www.noleaky.com\/cz\/wp-json\/wp\/v2\/product\/23029\/revisions"}],"predecessor-version":[{"id":33263,"href":"https:\/\/www.noleaky.com\/cz\/wp-json\/wp\/v2\/product\/23029\/revisions\/33263"}],"wp:featuredmedia":[{"embeddable":true,"href":"https:\/\/www.noleaky.com\/cz\/wp-json\/wp\/v2\/media\/23102"}],"wp:attachment":[{"href":"https:\/\/www.noleaky.com\/cz\/wp-json\/wp\/v2\/media?parent=23029"}],"wp:term":[{"taxonomy":"product_brand","embeddable":true,"href":"https:\/\/www.noleaky.com\/cz\/wp-json\/wp\/v2\/product_brand?post=23029"},{"taxonomy":"product_cat","embeddable":true,"href":"https:\/\/www.noleaky.com\/cz\/wp-json\/wp\/v2\/product_cat?post=23029"},{"taxonomy":"product_tag","embeddable":true,"href":"https:\/\/www.noleaky.com\/cz\/wp-json\/wp\/v2\/product_tag?post=23029"}],"curies":[{"name":"wp","href":"https:\/\/api.w.org\/{rel}","templated":true}]}}