{"id":23028,"date":"2025-06-02T15:49:29","date_gmt":"2025-06-02T13:49:29","guid":{"rendered":"https:\/\/www.noleaky.com\/products\/tank-sealer\/"},"modified":"2026-03-01T15:07:02","modified_gmt":"2026-03-01T14:07:02","slug":"tank-sealer","status":"publish","type":"product","link":"https:\/\/www.noleaky.com\/cz\/products\/tank-sealer\/","title":{"rendered":"Kapalina pro zastaven\u00ed \u00faniku paliva z palivov\u00e9 n\u00e1dr\u017ee"},"content":{"rendered":"<p><strong><img decoding=\"async\" style=\"margin-right: 12px;\" src=\"https:\/\/www.noleaky.com\/wp-content\/uploads\/2026\/02\/Check.svg\" alt=\"\" width=\"18\" height=\"15\" \/>Ut\u011bs\u0148uje net\u011bsnosti palivov\u00e9 n\u00e1dr\u017ee zven\u010d\u00ed, ani\u017e by bylo nutn\u00e9 n\u00e1dr\u017e demontovat.<\/strong> Na\u0161e kapalina pro zastaven\u00ed \u00faniku paliva z n\u00e1dr\u017ee je speci\u00e1ln\u011b vyvinuta tak, aby ut\u011bsnila \u00faniky z vn\u011bj\u0161\u00ed strany n\u00e1dr\u017ee, p\u0159\u00edmo v m\u00edst\u011b po\u0161kozen\u00ed. Nevy\u017eaduje nalit\u00ed do palivov\u00e9ho syst\u00e9mu, tak\u017ee je bezpe\u010dn\u00fdm a c\u00edlen\u00fdm \u0159e\u0161en\u00edm pro opravu prasklin, d\u011br a mal\u00fdch perforac\u00ed bez nutnosti demont\u00e1\u017ee vozidla.<\/p>\n<p><strong><img decoding=\"async\" style=\"margin-right: 12px;\" src=\"https:\/\/www.noleaky.com\/wp-content\/uploads\/2026\/02\/Check.svg\" alt=\"\" width=\"18\" height=\"15\" \/>Nej\u00fa\u010dinn\u011bj\u0161\u00ed dostupn\u00e9 \u0159e\u0161en\u00ed vn\u011bj\u0161\u00edho t\u011bsn\u011bn\u00ed palivov\u00e9 n\u00e1dr\u017ee.<\/strong> Jedn\u00e1 se o nej\u00fa\u010dinn\u011bj\u0161\u00ed kapalinu pro zastaven\u00ed \u00faniku paliva z palivov\u00e9 n\u00e1dr\u017ee ve sv\u00e9 kategorii. Jej\u00ed pokro\u010dil\u00e1 technologie lepen\u00ed siln\u011b p\u0159ilne ke kovov\u00fdm povrch\u016fm a vytvo\u0159\u00ed trvanliv\u00e9 t\u011bsn\u011bn\u00ed odoln\u00e9 v\u016f\u010di palivu, kter\u00e9 odol\u00e1v\u00e1 vibrac\u00edm, tlaku a teplotn\u00edm v\u00fdkyv\u016fm.<\/p>\n<p><strong><img decoding=\"async\" style=\"margin-right: 12px;\" src=\"https:\/\/www.noleaky.com\/wp-content\/uploads\/2026\/02\/Check.svg\" alt=\"\" width=\"18\" height=\"15\" \/>Nejlevn\u011bj\u0161\u00ed alternativa v\u00fdm\u011bny palivov\u00e9 n\u00e1dr\u017ee.<\/strong> V\u00fdm\u011bna palivov\u00e9 n\u00e1dr\u017ee m\u016f\u017ee b\u00fdt n\u00e1kladn\u00e1 a \u010dasov\u011b n\u00e1ro\u010dn\u00e1. N\u00e1\u0161 v\u00fdrobek je nejlevn\u011bj\u0161\u00ed profesion\u00e1ln\u00ed \u0159e\u0161en\u00ed na trhu, kter\u00e9 nab\u00edz\u00ed spolehliv\u00e9 vn\u011bj\u0161\u00ed t\u011bsn\u011bn\u00ed bez vysok\u00fdch n\u00e1klad\u016f na pr\u00e1ci a sou\u010d\u00e1stky spojen\u00e9 s demont\u00e1\u017e\u00ed nebo v\u00fdm\u011bnou n\u00e1dr\u017ee.<\/p>\n<p><strong><img decoding=\"async\" style=\"margin-right: 12px;\" src=\"https:\/\/www.noleaky.com\/wp-content\/uploads\/2026\/02\/Check.svg\" alt=\"\" width=\"18\" height=\"15\" \/>Zaru\u010den\u00e9 doru\u010den\u00ed do 24 hodin pro nal\u00e9hav\u00e9 opravy \u00fanik\u016f.<\/strong> \u00daniku paliva je t\u0159eba v\u011bnovat okam\u017eitou pozornost. Proto v\u00e1m garantujeme dod\u00e1vku do 24 hodin, abyste mohli probl\u00e9m rychle vy\u0159e\u0161it a sn\u00ed\u017eit riziko dal\u0161\u00edho \u00faniku nebo odst\u00e1vky vozidla.<\/p>\n<p><strong><img decoding=\"async\" style=\"margin-right: 12px;\" src=\"https:\/\/www.noleaky.com\/wp-content\/uploads\/2026\/02\/Check.svg\" alt=\"\" width=\"18\" height=\"15\" \/>Z\u00e1ruka vr\u00e1cen\u00ed pen\u011bz pro naprostou jistotu.<\/strong> Za v\u00fdkonem na\u0161\u00ed kapaliny pro zastaven\u00ed \u00faniku paliva z palivov\u00e9 n\u00e1dr\u017ee si stoj\u00edme. Pokud nebudete s v\u00fdsledky spokojeni, nab\u00edz\u00edme z\u00e1ruku vr\u00e1cen\u00ed pen\u011bz. Jednodu\u0161e n\u00e1s kontaktujte a my v\u00e1m vr\u00e1t\u00edme pen\u00edze za n\u00e1kup, tak\u017ee va\u0161e investice bude zcela bez rizika.<\/p>\n<p><strong><img decoding=\"async\" style=\"margin-right: 12px;\" src=\"https:\/\/www.noleaky.com\/wp-content\/uploads\/2026\/02\/Check.svg\" alt=\"\" width=\"18\" height=\"15\" \/>Vytv\u00e1\u0159\u00ed siln\u00e9 vn\u011bj\u0161\u00ed t\u011bsn\u011bn\u00ed odoln\u00e9 v\u016f\u010di palivu.<\/strong> Po nanesen\u00ed kapalina ztvrdne do robustn\u00ed ochrann\u00e9 vrstvy, kter\u00e1 odol\u00e1v\u00e1 p\u016fsoben\u00ed benzinu a nafty. Vytv\u00e1\u0159\u00ed dlouhotrvaj\u00edc\u00ed bari\u00e9ru nad po\u0161kozen\u00fdm m\u00edstem a zabra\u0148uje dal\u0161\u00edmu prosakov\u00e1n\u00ed.<\/p>\n<p><strong><img decoding=\"async\" style=\"margin-right: 12px;\" src=\"https:\/\/www.noleaky.com\/wp-content\/uploads\/2026\/02\/Check.svg\" alt=\"\" width=\"18\" height=\"15\" \/>Ide\u00e1ln\u00ed pro mal\u00e9 praskliny, d\u00edrky a drobn\u00e1 po\u0161kozen\u00ed zp\u016fsoben\u00e1 koroz\u00ed.<\/strong> V\u00fdrobek je speci\u00e1ln\u011b navr\u017een k o\u0161et\u0159en\u00ed lokalizovan\u00fdch po\u0161kozen\u00ed na vn\u011bj\u0161\u00edm povrchu palivov\u00fdch n\u00e1dr\u017e\u00ed, obnovuje integritu bez z\u00e1sahu do samotn\u00e9ho palivov\u00e9ho syst\u00e9mu.<\/p>\n<p><strong><img decoding=\"async\" style=\"margin-right: 12px;\" src=\"https:\/\/www.noleaky.com\/wp-content\/uploads\/2026\/02\/Check.svg\" alt=\"\" width=\"18\" height=\"15\" \/>Nen\u00ed t\u0159eba nal\u00e9vat do n\u00e1dr\u017ee ani zne\u010di\u0161\u0165ovat palivo.<\/strong> Na rozd\u00edl od vnit\u0159n\u00edch tmel\u016f je tento v\u00fdrobek ur\u010den v\u00fdhradn\u011b pro vn\u011bj\u0161\u00ed pou\u017eit\u00ed. Aplikuje se p\u0159\u00edmo na vn\u011bj\u0161\u00ed stranu n\u00e1dr\u017ee v m\u00edst\u011b \u00faniku, \u010d\u00edm\u017e se zajist\u00ed, \u017ee palivo uvnit\u0159 z\u016fstane nedot\u010deno.<\/p>\n<p><strong><img decoding=\"async\" style=\"margin-right: 12px;\" src=\"https:\/\/www.noleaky.com\/wp-content\/uploads\/2026\/02\/Check.svg\" alt=\"\" width=\"18\" height=\"15\" \/>Vhodn\u00e9 pro kovov\u00e9 palivov\u00e9 n\u00e1dr\u017ee r\u016fzn\u00fdch vozidel.<\/strong> P\u0159i spr\u00e1vn\u00e9 aplikaci na \u010dist\u00fd a p\u0159ipraven\u00fd povrch je kompatibiln\u00ed s mnoha standardn\u00edmi kovov\u00fdmi palivov\u00fdmi n\u00e1dr\u017eemi pou\u017e\u00edvan\u00fdmi v osobn\u00edch automobilech, dod\u00e1vk\u00e1ch, n\u00e1kladn\u00edch automobilech a dal\u0161\u00edch vozidlech.<\/p>\n<p><strong><img decoding=\"async\" style=\"margin-right: 12px;\" src=\"https:\/\/www.noleaky.com\/wp-content\/uploads\/2026\/02\/Check.svg\" alt=\"\" width=\"18\" height=\"15\" \/>Sni\u017euje prostoje a prodlu\u017euje \u017eivotnost n\u00e1dr\u017ee.<\/strong> D\u00edky rychl\u00e9mu a \u00fa\u010dinn\u00e9mu ut\u011bsn\u011bn\u00ed net\u011bsnost\u00ed pom\u00e1h\u00e1 v\u00fdrobek prodlou\u017eit \u017eivotnost palivov\u00e9 n\u00e1dr\u017ee a zabr\u00e1nit jej\u00ed okam\u017eit\u00e9 n\u00e1kladn\u00e9 v\u00fdm\u011bn\u011b.<\/p>\n<h2><strong>Pokyny<\/strong><\/h2>\n<ul>\n<li>P\u0159ed zah\u00e1jen\u00edm opravy se ujist\u011bte, \u017ee je motor vozidla vypnut\u00fd a zcela vychladl\u00fd.<\/li>\n<li>Pracujte v dob\u0159e v\u011btran\u00e9m prostoru mimo dosah otev\u0159en\u00e9ho ohn\u011b nebo zdroj\u016f vzn\u00edcen\u00ed.<\/li>\n<li>Ur\u010dete p\u0159esn\u00e9 m\u00edsto \u00faniku na vn\u011bj\u0161\u00ed stran\u011b palivov\u00e9 n\u00e1dr\u017ee.<\/li>\n<li>V p\u0159\u00edpad\u011b pot\u0159eby vypus\u0165te nebo sni\u017ete hladinu paliva pod \u00farove\u0148 \u00faniku, abyste zabr\u00e1nili aktivn\u00edmu prosakov\u00e1n\u00ed b\u011bhem aplikace.<\/li>\n<li>Po\u0161kozen\u00e9 m\u00edsto d\u016fkladn\u011b vy\u010dist\u011bte. Pomoc\u00ed smirkov\u00e9ho pap\u00edru nebo dr\u00e1t\u011bn\u00e9ho kart\u00e1\u010de odstra\u0148te ne\u010distoty, mastnotu, rez, barvu a uvoln\u011bn\u00e9 zbytky.<\/li>\n<li>P\u0159ed nanesen\u00edm v\u00fdrobku povrch odmast\u011bte a nechte jej zcela vyschnout.<\/li>\n<li>P\u0159ed pou\u017eit\u00edm d\u016fkladn\u011b prot\u0159epejte kapalinu na zastaven\u00ed \u00faniku paliva z palivov\u00e9 n\u00e1dr\u017ee.<\/li>\n<li>P\u0159\u00edpravek aplikujte p\u0159\u00edmo na vn\u011bj\u0161\u00ed povrch v m\u00edst\u011b \u00faniku a zajist\u011bte \u00fapln\u00e9 pokryt\u00ed po\u0161kozen\u00e9ho m\u00edsta a m\u00edrn\u011b p\u0159esahuj\u00edc\u00ed jeho okraje.<\/li>\n<li>P\u0159ed \u00fapln\u00fdm napln\u011bn\u00edm n\u00e1dr\u017ee nebo provozem vozidla nechte v\u00fdrobek vytvrdnout v souladu s uvedenou dobou schnut\u00ed.<\/li>\n<li>Po vytvrzen\u00ed opraven\u00e9ho m\u00edsta zkontrolujte, zda je net\u011bsnost zcela uzav\u0159ena, a teprve pot\u00e9 vozidlo op\u011bt za\u010dn\u011bte norm\u00e1ln\u011b pou\u017e\u00edvat.<\/li>\n<\/ul>","protected":false},"excerpt":{"rendered":"<p>Seals fuel tank leaks externally without removing the tank. Our fuel tank stop leak fluid is specially formulated to seal leaks from the outside of the tank, directly at the point of damage. It does not require pouring into the fuel system, making it a safe and targeted solution for repairing cracks, pinholes, and small [&hellip;]<\/p>\n","protected":false},"featured_media":23100,"comment_status":"open","ping_status":"closed","template":"","meta":{"_uag_custom_page_level_css":"","site-sidebar-layout":"default","site-content-layout":"","ast-site-content-layout":"default","site-content-style":"default","site-sidebar-style":"default","ast-global-header-display":"","ast-banner-title-visibility":"","ast-main-header-display":"","ast-hfb-above-header-display":"","ast-hfb-below-header-display":"","ast-hfb-mobile-header-display":"","site-post-title":"","ast-breadcrumbs-content":"","ast-featured-img":"","footer-sml-layout":"","ast-disable-related-posts":"","theme-transparent-header-meta":"default","adv-header-id-meta":"","stick-header-meta":"","header-above-stick-meta":"","header-main-stick-meta":"","header-below-stick-meta":"","astra-migrate-meta-layouts":"set","ast-page-background-enabled":"default","ast-page-background-meta":{"desktop":{"background-color":"var(--ast-global-color-4)","background-image":"","background-repeat":"repeat","background-position":"center center","background-size":"auto","background-attachment":"scroll","background-type":"","background-media":"","overlay-type":"","overlay-color":"","overlay-opacity":"","overlay-gradient":""},"tablet":{"background-color":"","background-image":"","background-repeat":"repeat","background-position":"center center","background-size":"auto","background-attachment":"scroll","background-type":"","background-media":"","overlay-type":"","overlay-color":"","overlay-opacity":"","overlay-gradient":""},"mobile":{"background-color":"","background-image":"","background-repeat":"repeat","background-position":"center center","background-size":"auto","background-attachment":"scroll","background-type":"","background-media":"","overlay-type":"","overlay-color":"","overlay-opacity":"","overlay-gradient":""}},"ast-content-background-meta":{"desktop":{"background-color":"var(--ast-global-color-5)","background-image":"","background-repeat":"repeat","background-position":"center center","background-size":"auto","background-attachment":"scroll","background-type":"","background-media":"","overlay-type":"","overlay-color":"","overlay-opacity":"","overlay-gradient":""},"tablet":{"background-color":"var(--ast-global-color-5)","background-image":"","background-repeat":"repeat","background-position":"center center","background-size":"auto","background-attachment":"scroll","background-type":"","background-media":"","overlay-type":"","overlay-color":"","overlay-opacity":"","overlay-gradient":""},"mobile":{"background-color":"var(--ast-global-color-5)","background-image":"","background-repeat":"repeat","background-position":"center center","background-size":"auto","background-attachment":"scroll","background-type":"","background-media":"","overlay-type":"","overlay-color":"","overlay-opacity":"","overlay-gradient":""}}},"product_brand":[],"product_cat":[176],"product_tag":[],"class_list":{"0":"post-23028","1":"product","2":"type-product","3":"status-publish","4":"has-post-thumbnail","6":"product_cat-automotive","7":"desktop-align-left","8":"tablet-align-left","9":"mobile-align-left","11":"first","12":"instock","13":"shipping-taxable","14":"purchasable","15":"product-type-simple"},"spectra_custom_meta":{"_visibility":["visible"],"_shopify_product_id":["7960312053980"],"_s2w_shopify_domain":["noleaky.myshopify.com"],"_shopify_variant_id":["43735174643932"],"_sku":["NLTANKSEALER"],"_regular_price":["29.90"],"_price":["29.90"],"_sale_price":[""],"_weight":["0.45"],"_thumbnail_id":["23100"],"_global_unique_id":["5056773800946"],"total_sales":["70"],"_tax_status":["taxable"],"_tax_class":[""],"_manage_stock":["no"],"_backorders":["no"],"_sold_individually":["no"],"_virtual":["no"],"_downloadable":["no"],"_download_limit":["-1"],"_download_expiry":["-1"],"_stock":[null],"_stock_status":["instock"],"_wc_average_rating":["4.95"],"_wc_review_count":["82"],"_product_version":["10.5.2"],"_edit_lock":["1772613429:1095"],"merchant-center-availability":["yes"],"merchant-center-category":["2788"],"merchant-center-id":["TR"],"_edit_last":["1"],"_wp_page_template":["default"],"site-sidebar-layout":["default"],"ast-site-content-layout":["default"],"site-content-style":["default"],"site-sidebar-style":["default"],"theme-transparent-header-meta":["default"],"_wc_rating_count":["a:2:{i:4;i:4;i:5;i:78;}"],"_upsell_ids":["a:3:{i:0;i:22975;i:1;i:23022;i:2;i:23025;}"],"_crosssell_ids":["a:3:{i:0;i:22975;i:1;i:23022;i:2;i:23025;}"],"astra-migrate-meta-layouts":["set"],"_uag_css_file_name":["uag-css-23028.css"],"_elementor_page_assets":["a:0:{}"],"_uag_page_assets":["a:9:{s:3:\"css\";s:7133:\".uag-blocks-common-selector{z-index:var(--z-index-desktop) !important}@media(max-width: 976px){.uag-blocks-common-selector{z-index:var(--z-index-tablet) !important}}@media(max-width: 767px){.uag-blocks-common-selector{z-index:var(--z-index-mobile) !important}}.wp-block-uagb-image{display:flex}.wp-block-uagb-image__figure{position:relative;display:flex;flex-direction:column;max-width:100%;height:auto;margin:0}.wp-block-uagb-image__figure img{height:auto;display:flex;max-width:100%;transition:box-shadow .2s ease}.wp-block-uagb-image__figure>a{display:inline-block}.wp-block-uagb-image__figure figcaption{text-align:center;margin-top:.5em;margin-bottom:1em}.wp-block-uagb-image .components-placeholder.block-editor-media-placeholder .components-placeholder__instructions{align-self:center}.wp-block-uagb-image--align-left{text-align:left}.wp-block-uagb-image--align-right{text-align:right}.wp-block-uagb-image--align-center{text-align:center}.wp-block-uagb-image--align-full .wp-block-uagb-image__figure{margin-left:calc(50% - 50vw);margin-right:calc(50% - 50vw);max-width:100vw;width:100vw;height:auto}.wp-block-uagb-image--align-full .wp-block-uagb-image__figure img{height:auto;width:100% !important}.wp-block-uagb-image--align-wide .wp-block-uagb-image__figure img{height:auto;width:100%}.wp-block-uagb-image--layout-overlay__color-wrapper{position:absolute;left:0;top:0;right:0;bottom:0;opacity:.2;background:rgba(0,0,0,.5);transition:opacity .35s ease-in-out}.wp-block-uagb-image--layout-overlay-link{position:absolute;left:0;right:0;bottom:0;top:0}.wp-block-uagb-image--layout-overlay .wp-block-uagb-image__figure:hover .wp-block-uagb-image--layout-overlay__color-wrapper{opacity:1}.wp-block-uagb-image--layout-overlay__inner{position:absolute;left:15px;right:15px;bottom:15px;top:15px;display:flex;align-items:center;justify-content:center;flex-direction:column;border-color:#fff;transition:.35s ease-in-out}.wp-block-uagb-image--layout-overlay__inner.top-left,.wp-block-uagb-image--layout-overlay__inner.top-center,.wp-block-uagb-image--layout-overlay__inner.top-right{justify-content:flex-start}.wp-block-uagb-image--layout-overlay__inner.bottom-left,.wp-block-uagb-image--layout-overlay__inner.bottom-center,.wp-block-uagb-image--layout-overlay__inner.bottom-right{justify-content:flex-end}.wp-block-uagb-image--layout-overlay__inner.top-left,.wp-block-uagb-image--layout-overlay__inner.center-left,.wp-block-uagb-image--layout-overlay__inner.bottom-left{align-items:flex-start}.wp-block-uagb-image--layout-overlay__inner.top-right,.wp-block-uagb-image--layout-overlay__inner.center-right,.wp-block-uagb-image--layout-overlay__inner.bottom-right{align-items:flex-end}.wp-block-uagb-image--layout-overlay__inner .uagb-image-heading{color:#fff;transition:transform .35s,opacity .35s ease-in-out;transform:translate3d(0, 24px, 0);margin:0;line-height:1em}.wp-block-uagb-image--layout-overlay__inner .uagb-image-separator{width:30%;border-top-width:2px;border-top-color:#fff;border-top-style:solid;margin-bottom:10px;opacity:0;transition:transform .4s,opacity .4s ease-in-out;transform:translate3d(0, 30px, 0)}.wp-block-uagb-image--layout-overlay__inner .uagb-image-caption{opacity:0;overflow:visible;color:#fff;transition:transform .45s,opacity .45s ease-in-out;transform:translate3d(0, 35px, 0)}.wp-block-uagb-image--layout-overlay__inner:hover .uagb-image-heading,.wp-block-uagb-image--layout-overlay__inner:hover .uagb-image-separator,.wp-block-uagb-image--layout-overlay__inner:hover .uagb-image-caption{opacity:1;transform:translate3d(0, 0, 0)}.wp-block-uagb-image--effect-zoomin .wp-block-uagb-image__figure img,.wp-block-uagb-image--effect-zoomin .wp-block-uagb-image__figure .wp-block-uagb-image--layout-overlay__color-wrapper{transform:scale(1);transition:transform .35s ease-in-out}.wp-block-uagb-image--effect-zoomin .wp-block-uagb-image__figure:hover img,.wp-block-uagb-image--effect-zoomin .wp-block-uagb-image__figure:hover .wp-block-uagb-image--layout-overlay__color-wrapper{transform:scale(1.05)}.wp-block-uagb-image--effect-slide .wp-block-uagb-image__figure img,.wp-block-uagb-image--effect-slide .wp-block-uagb-image__figure .wp-block-uagb-image--layout-overlay__color-wrapper{width:calc(100% + 40px) !important;max-width:none !important;transform:translate3d(-40px, 0, 0);transition:transform .35s ease-in-out}.wp-block-uagb-image--effect-slide .wp-block-uagb-image__figure:hover img,.wp-block-uagb-image--effect-slide .wp-block-uagb-image__figure:hover .wp-block-uagb-image--layout-overlay__color-wrapper{transform:translate3d(0, 0, 0)}.wp-block-uagb-image--effect-grayscale img{filter:grayscale(0%);transition:.35s ease-in-out}.wp-block-uagb-image--effect-grayscale:hover img{filter:grayscale(100%)}.wp-block-uagb-image--effect-blur img{filter:blur(0);transition:.35s ease-in-out}.wp-block-uagb-image--effect-blur:hover img{filter:blur(3px)}.uagb-block-e6f939b3.wp-block-uagb-image--layout-default figure img{box-shadow: 0px 0px 0 #00000070;}.uagb-block-e6f939b3.wp-block-uagb-image .wp-block-uagb-image__figure figcaption{font-style: normal;align-self: center;}.uagb-block-e6f939b3.wp-block-uagb-image--layout-overlay figure img{box-shadow: 0px 0px 0 #00000070;}.uagb-block-e6f939b3.wp-block-uagb-image--layout-overlay .wp-block-uagb-image--layout-overlay__color-wrapper{opacity: 0.2;}.uagb-block-e6f939b3.wp-block-uagb-image--layout-overlay .wp-block-uagb-image--layout-overlay__inner{left: 15px;right: 15px;top: 15px;bottom: 15px;}.uagb-block-e6f939b3.wp-block-uagb-image--layout-overlay .wp-block-uagb-image--layout-overlay__inner .uagb-image-heading{font-style: normal;color: #fff;opacity: 1;}.uagb-block-e6f939b3.wp-block-uagb-image--layout-overlay .wp-block-uagb-image--layout-overlay__inner .uagb-image-heading a{color: #fff;}.uagb-block-e6f939b3.wp-block-uagb-image--layout-overlay .wp-block-uagb-image--layout-overlay__inner .uagb-image-caption{opacity: 0;}.uagb-block-e6f939b3.wp-block-uagb-image--layout-overlay .wp-block-uagb-image__figure:hover .wp-block-uagb-image--layout-overlay__color-wrapper{opacity: 1;}.uagb-block-e6f939b3.wp-block-uagb-image .wp-block-uagb-image--layout-overlay__inner .uagb-image-separator{width: 30%;border-top-width: 2px;border-top-color: #fff;opacity: 0;}.uagb-block-e6f939b3.wp-block-uagb-image .wp-block-uagb-image__figure img{width: px;height: auto;}.uagb-block-e6f939b3.wp-block-uagb-image .wp-block-uagb-image__figure:hover .wp-block-uagb-image--layout-overlay__inner .uagb-image-caption{opacity: 1;}.uagb-block-e6f939b3.wp-block-uagb-image .wp-block-uagb-image__figure:hover .wp-block-uagb-image--layout-overlay__inner .uagb-image-separator{opacity: 1;}.uagb-block-e6f939b3.wp-block-uagb-image--layout-default figure:hover img{box-shadow: 0px 0px 0 #00000070;}.uagb-block-e6f939b3.wp-block-uagb-image--layout-overlay figure:hover img{box-shadow: 0px 0px 0 #00000070;}@media only screen and (max-width: 976px) {.uagb-block-e6f939b3.wp-block-uagb-image .wp-block-uagb-image__figure img{width: px;height: auto;}}@media only screen and (max-width: 767px) {.uagb-block-e6f939b3.wp-block-uagb-image .wp-block-uagb-image__figure img{width: px;height: auto;}}\";s:2:\"js\";s:0:\"\";s:18:\"current_block_list\";a:13:{i:0;s:11:\"core\/search\";i:1;s:10:\"core\/group\";i:2;s:12:\"core\/heading\";i:3;s:17:\"core\/latest-posts\";i:4;s:20:\"core\/latest-comments\";i:5;s:13:\"core\/archives\";i:6;s:15:\"core\/categories\";i:7;s:14:\"core\/paragraph\";i:8;s:10:\"uagb\/image\";i:9;s:11:\"core\/spacer\";i:10;s:30:\"woocommerce\/product-categories\";i:11;s:10:\"core\/image\";i:12;s:14:\"core\/shortcode\";}s:8:\"uag_flag\";b:1;s:11:\"uag_version\";s:10:\"1777139493\";s:6:\"gfonts\";a:0:{}s:10:\"gfonts_url\";s:0:\"\";s:12:\"gfonts_files\";a:0:{}s:14:\"uag_faq_layout\";b:0;}"]},"uagb_featured_image_src":{"full":["https:\/\/www.noleaky.com\/wp-content\/uploads\/2025\/06\/2.i.TankSealer_4000x4000_1e125d20-8e03-436d-ba69-17f64c9b419f.png",2560,2560,false],"thumbnail":["https:\/\/www.noleaky.com\/wp-content\/uploads\/2025\/06\/2.i.TankSealer_4000x4000_1e125d20-8e03-436d-ba69-17f64c9b419f-150x150.png",150,150,true],"medium":["https:\/\/www.noleaky.com\/wp-content\/uploads\/2025\/06\/2.i.TankSealer_4000x4000_1e125d20-8e03-436d-ba69-17f64c9b419f-300x300.png",300,300,true],"medium_large":["https:\/\/www.noleaky.com\/wp-content\/uploads\/2025\/06\/2.i.TankSealer_4000x4000_1e125d20-8e03-436d-ba69-17f64c9b419f-768x768.png",768,768,true],"large":["https:\/\/www.noleaky.com\/wp-content\/uploads\/2025\/06\/2.i.TankSealer_4000x4000_1e125d20-8e03-436d-ba69-17f64c9b419f-1024x1024.png",1024,1024,true],"1536x1536":["https:\/\/www.noleaky.com\/wp-content\/uploads\/2025\/06\/2.i.TankSealer_4000x4000_1e125d20-8e03-436d-ba69-17f64c9b419f-1536x1536.png",1536,1536,true],"2048x2048":["https:\/\/www.noleaky.com\/wp-content\/uploads\/2025\/06\/2.i.TankSealer_4000x4000_1e125d20-8e03-436d-ba69-17f64c9b419f-2048x2048.png",2048,2048,true],"trp-custom-language-flag":["https:\/\/www.noleaky.com\/wp-content\/uploads\/2025\/06\/2.i.TankSealer_4000x4000_1e125d20-8e03-436d-ba69-17f64c9b419f-12x12.png",12,12,true],"woocommerce_thumbnail":["https:\/\/www.noleaky.com\/wp-content\/uploads\/2025\/06\/2.i.TankSealer_4000x4000_1e125d20-8e03-436d-ba69-17f64c9b419f-300x300.png",300,300,true],"woocommerce_single":["https:\/\/www.noleaky.com\/wp-content\/uploads\/2025\/06\/2.i.TankSealer_4000x4000_1e125d20-8e03-436d-ba69-17f64c9b419f-600x600.png",600,600,true],"woocommerce_gallery_thumbnail":["https:\/\/www.noleaky.com\/wp-content\/uploads\/2025\/06\/2.i.TankSealer_4000x4000_1e125d20-8e03-436d-ba69-17f64c9b419f-100x100.png",100,100,true]},"uagb_author_info":{"display_name":"admin","author_link":"https:\/\/www.noleaky.com\/cz\/author\/"},"uagb_comment_info":82,"uagb_excerpt":"Seals fuel tank leaks externally without removing the tank. Our fuel tank stop leak fluid is specially formulated to seal leaks from the outside of the tank, directly at the point of damage. It does not require pouring into the fuel system, making it a safe and targeted solution for repairing cracks, pinholes, and small&hellip;","_links":{"self":[{"href":"https:\/\/www.noleaky.com\/cz\/wp-json\/wp\/v2\/product\/23028","targetHints":{"allow":["GET"]}}],"collection":[{"href":"https:\/\/www.noleaky.com\/cz\/wp-json\/wp\/v2\/product"}],"about":[{"href":"https:\/\/www.noleaky.com\/cz\/wp-json\/wp\/v2\/types\/product"}],"replies":[{"embeddable":true,"href":"https:\/\/www.noleaky.com\/cz\/wp-json\/wp\/v2\/comments?post=23028"}],"version-history":[{"count":5,"href":"https:\/\/www.noleaky.com\/cz\/wp-json\/wp\/v2\/product\/23028\/revisions"}],"predecessor-version":[{"id":33279,"href":"https:\/\/www.noleaky.com\/cz\/wp-json\/wp\/v2\/product\/23028\/revisions\/33279"}],"wp:featuredmedia":[{"embeddable":true,"href":"https:\/\/www.noleaky.com\/cz\/wp-json\/wp\/v2\/media\/23100"}],"wp:attachment":[{"href":"https:\/\/www.noleaky.com\/cz\/wp-json\/wp\/v2\/media?parent=23028"}],"wp:term":[{"taxonomy":"product_brand","embeddable":true,"href":"https:\/\/www.noleaky.com\/cz\/wp-json\/wp\/v2\/product_brand?post=23028"},{"taxonomy":"product_cat","embeddable":true,"href":"https:\/\/www.noleaky.com\/cz\/wp-json\/wp\/v2\/product_cat?post=23028"},{"taxonomy":"product_tag","embeddable":true,"href":"https:\/\/www.noleaky.com\/cz\/wp-json\/wp\/v2\/product_tag?post=23028"}],"curies":[{"name":"wp","href":"https:\/\/api.w.org\/{rel}","templated":true}]}}