{"id":23022,"date":"2025-06-02T15:49:22","date_gmt":"2025-06-02T13:49:22","guid":{"rendered":"https:\/\/www.noleaky.com\/products\/preventive-coolant\/"},"modified":"2026-03-01T14:43:53","modified_gmt":"2026-03-01T13:43:53","slug":"preventive-coolant","status":"publish","type":"product","link":"https:\/\/www.noleaky.com\/cz\/products\/preventive-coolant\/","title":{"rendered":"Preventivn\u00ed chladic\u00ed kapalina"},"content":{"rendered":"<p><strong><img decoding=\"async\" style=\"margin-right: 12px;\" src=\"https:\/\/www.noleaky.com\/wp-content\/uploads\/2026\/02\/Check.svg\" alt=\"\" width=\"18\" height=\"15\" \/>Zabra\u0148uje \u00fanik\u016fm chladic\u00ed kapaliny d\u0159\u00edve, ne\u017e se stanou n\u00e1kladn\u00fdmi opravami.<\/strong> Na\u0161e preventivn\u00ed chladic\u00ed kapalina je speci\u00e1ln\u011b vyvinuta tak, aby ut\u011bsnila mikrot\u011bsnosti a p\u00f3ry v chladic\u00edm syst\u00e9mu d\u0159\u00edve, ne\u017e p\u0159erostou v z\u00e1va\u017en\u00e9 poruchy. Cirkuluje s chladic\u00ed kapalinou a zam\u011b\u0159uje se na drobn\u00e1 m\u00edsta pr\u016fsak\u016f, \u010d\u00edm\u017e vytv\u00e1\u0159\u00ed odoln\u00e9 vnit\u0159n\u00ed t\u011bsn\u011bn\u00ed, kter\u00e9 pom\u00e1h\u00e1 udr\u017eovat integritu syst\u00e9mu a zabra\u0148uje ztr\u00e1t\u00e1m kapaliny.<\/p>\n<p><strong><img decoding=\"async\" style=\"margin-right: 12px;\" src=\"https:\/\/www.noleaky.com\/wp-content\/uploads\/2026\/02\/Check.svg\" alt=\"\" width=\"18\" height=\"15\" \/>Nej\u00fa\u010dinn\u011bj\u0161\u00ed p\u0159\u00edpravek proti \u00faniku vody na trhu.<\/strong> D\u00edky pokro\u010dil\u00e9 technologii t\u011bsn\u011bn\u00ed se jedn\u00e1 o nej\u00fa\u010dinn\u011bj\u0161\u00ed dostupnou preventivn\u00ed chladic\u00ed kapalinu. P\u016fsob\u00ed proaktivn\u011b a zpev\u0148uje zraniteln\u00e1 m\u00edsta, jako jsou hadicov\u00e9 spoje, \u0161vy chladi\u010de, t\u011bsn\u011bn\u00ed a mikrotrhliny, \u010d\u00edm\u017e sni\u017euje riziko n\u00e1hl\u00e9ho \u00faniku chladic\u00ed kapaliny a ne\u010dekan\u00fdch poruch.<\/p>\n<p><strong><img decoding=\"async\" style=\"margin-right: 12px;\" src=\"https:\/\/www.noleaky.com\/wp-content\/uploads\/2026\/02\/Check.svg\" alt=\"\" width=\"18\" height=\"15\" \/>Nejlevn\u011bj\u0161\u00ed vysoce v\u00fdkonn\u00e9 \u0159e\u0161en\u00ed ochrany chlazen\u00ed.<\/strong> Nab\u00edz\u00edme profesion\u00e1ln\u00ed ochranu chladic\u00ed kapaliny za nejv\u00fdhodn\u011bj\u0161\u00ed cenu. Na\u0161e preventivn\u00ed chladic\u00ed kapalina je nejlevn\u011bj\u0161\u00edm \u0159e\u0161en\u00edm ve sv\u00e9 kategorii p\u0159i zachov\u00e1n\u00ed vynikaj\u00edc\u00ed spolehlivosti, co\u017e \u0159idi\u010d\u016fm pom\u00e1h\u00e1 vyhnout se n\u00e1kladn\u00fdm mechanick\u00fdm z\u00e1sah\u016fm a v\u00fdm\u011bn\u00e1m chladi\u010d\u016f.<\/p>\n<p><strong><img decoding=\"async\" style=\"margin-right: 12px;\" src=\"https:\/\/www.noleaky.com\/wp-content\/uploads\/2026\/02\/Check.svg\" alt=\"\" width=\"18\" height=\"15\" \/>Zaru\u010den\u00e9 doru\u010den\u00ed do 24 hodin pro okam\u017eitou ochranu.<\/strong> Probl\u00e9my s chladic\u00edm syst\u00e9mem se mohou rychle stup\u0148ovat. Proto poskytujeme dod\u00e1vku 24 hodin denn\u011b, \u010d\u00edm\u017e v\u00e1m zajist\u00edme, \u017ee preventivn\u00ed chladic\u00ed kapalinu obdr\u017e\u00edte rychle a budete moci neprodlen\u011b chr\u00e1nit sv\u016fj motor.<\/p>\n<p><strong><img decoding=\"async\" style=\"margin-right: 12px;\" src=\"https:\/\/www.noleaky.com\/wp-content\/uploads\/2026\/02\/Check.svg\" alt=\"\" width=\"18\" height=\"15\" \/>Z\u00e1ruka vr\u00e1cen\u00ed pen\u011bz pro naprost\u00fd klid.<\/strong> Jsme si jisti \u00fa\u010dinnost\u00ed na\u0161\u00ed preventivn\u00ed chladic\u00ed kapaliny. Pokud nebudete s jeho \u00fa\u010dinnost\u00ed spokojeni, nab\u00edz\u00edme z\u00e1ruku vr\u00e1cen\u00ed pen\u011bz. Jednodu\u0161e n\u00e1s kontaktujte a my v\u00e1m vr\u00e1t\u00edme pen\u00edze za n\u00e1kup, tak\u017ee va\u0161e investice bude zcela bez rizika.<\/p>\n<p><strong><img decoding=\"async\" style=\"margin-right: 12px;\" src=\"https:\/\/www.noleaky.com\/wp-content\/uploads\/2026\/02\/Check.svg\" alt=\"\" width=\"18\" height=\"15\" \/>Ochrana proti mrazu a\u017e do -37 \u00b0C.<\/strong> Na\u0161e pokro\u010dil\u00e9 slo\u017een\u00ed nemrznouc\u00ed sm\u011bsi poskytuje spolehlivou ochranu proti mrazu a\u017e do -37 stup\u0148\u016f Celsia, co\u017e odpov\u00edd\u00e1 -35 stup\u0148\u016fm Fahrenheita. T\u00edm je zaji\u0161t\u011bn bezpe\u010dn\u00fd provoz motoru v extr\u00e9mn\u00edch zimn\u00edch podm\u00ednk\u00e1ch p\u0159i zachov\u00e1n\u00ed optim\u00e1ln\u00edho chladic\u00edho v\u00fdkonu po cel\u00fd rok.<\/p>\n<p><strong><img decoding=\"async\" style=\"margin-right: 12px;\" src=\"https:\/\/www.noleaky.com\/wp-content\/uploads\/2026\/02\/Check.svg\" alt=\"\" width=\"18\" height=\"15\" \/>Chr\u00e1n\u00ed p\u0159ed koroz\u00ed a vnit\u0159n\u00ed koroz\u00ed.<\/strong> Krom\u011b prevence \u00fanik\u016f chladic\u00ed kapalina obsahuje inhibitory koroze, kter\u00e9 chr\u00e1n\u00ed hlin\u00edk, m\u011b\u010f, ocel a dal\u0161\u00ed kovy chladic\u00edho syst\u00e9mu p\u0159ed koroz\u00ed a elektrochemickou degradac\u00ed, \u010d\u00edm\u017e prodlu\u017euj\u00ed \u017eivotnost sou\u010d\u00e1st\u00ed.<\/p>\n<p><strong><img decoding=\"async\" style=\"margin-right: 12px;\" src=\"https:\/\/www.noleaky.com\/wp-content\/uploads\/2026\/02\/Check.svg\" alt=\"\" width=\"18\" height=\"15\" \/>Udr\u017euje optim\u00e1ln\u00ed teplotu motoru.<\/strong> Tento produkt zaji\u0161\u0165uje ut\u011bsn\u011bn\u00fd a \u00fa\u010dinn\u00fd chladic\u00ed syst\u00e9m, podporuje st\u00e1lou cirkulaci chladic\u00ed kapaliny a v\u00fdm\u011bnu tepla, \u010d\u00edm\u017e pom\u00e1h\u00e1 p\u0159edch\u00e1zet p\u0159eh\u0159\u00edv\u00e1n\u00ed a nam\u00e1h\u00e1n\u00ed motoru za horka i za studena.<\/p>\n<p><strong><img decoding=\"async\" style=\"margin-right: 12px;\" src=\"https:\/\/www.noleaky.com\/wp-content\/uploads\/2026\/02\/Check.svg\" alt=\"\" width=\"18\" height=\"15\" \/>Kompatibiln\u00ed s v\u011bt\u0161inou chladic\u00edch syst\u00e9m\u016f.<\/strong> Tato preventivn\u00ed chladic\u00ed kapalina je vhodn\u00e1 pro pou\u017eit\u00ed v osobn\u00edch a lehk\u00fdch n\u00e1kladn\u00edch automobilech a v mnoha kapalinou chlazen\u00fdch motorech a p\u0159i pou\u017eit\u00ed podle n\u00e1vodu je kompatibiln\u00ed s b\u011b\u017en\u00fdmi materi\u00e1ly chladi\u010d\u016f a standardn\u00edmi konstrukcemi chladic\u00edch syst\u00e9m\u016f.<\/p>\n<p><strong><img decoding=\"async\" style=\"margin-right: 12px;\" src=\"https:\/\/www.noleaky.com\/wp-content\/uploads\/2026\/02\/Check.svg\" alt=\"\" width=\"18\" height=\"15\" \/>Dlouhotrvaj\u00edc\u00ed ochrana s \u00fa\u010dinn\u00fdm kryt\u00edm.<\/strong> Jedna n\u00e1doba je ur\u010dena k o\u0161et\u0159en\u00ed cel\u00e9ho standardn\u00edho chladic\u00edho syst\u00e9mu, \u010d\u00edm\u017e zaji\u0161\u0165uje kompletn\u00ed vnit\u0159n\u00ed pokryt\u00ed a dlouhodobou prevenci net\u011bsnost\u00ed bez nutnosti pou\u017eit\u00ed dal\u0161\u00edch aditiv.<\/p>\n<h2><strong>Pokyny<\/strong><\/h2>\n<ul>\n<li>P\u0159ed otev\u0159en\u00edm chladic\u00edho syst\u00e9mu se ujist\u011bte, \u017ee je motor zcela vychladl\u00fd.<\/li>\n<li>P\u0159ed pou\u017eit\u00edm n\u00e1dobu d\u016fkladn\u011b prot\u0159epejte.<\/li>\n<li>Zkontrolujte aktu\u00e1ln\u00ed stav a hladinu chladic\u00ed kapaliny. Pokud je syst\u00e9m siln\u011b zne\u010di\u0161t\u011bn\u00fd, prove\u010fte p\u0159ed p\u0159id\u00e1n\u00edm preventivn\u00ed chladic\u00ed kapaliny propl\u00e1chnut\u00ed.<\/li>\n<li>Nalijte preventivn\u00ed chladic\u00ed kapalinu p\u0159\u00edmo do chladi\u010de nebo expanzn\u00ed n\u00e1doby podle konstrukce vozidla.<\/li>\n<li>Doporu\u010den\u00e9 d\u00e1vkov\u00e1n\u00ed je jedno balen\u00ed pro standardn\u00ed chladic\u00ed syst\u00e9m o objemu p\u0159ibli\u017en\u011b 5 a\u017e 10 litr\u016f. Nep\u0159ekra\u010dujte kapacitu ud\u00e1vanou v\u00fdrobcem.<\/li>\n<li>Pokud dopl\u0148ujete st\u00e1vaj\u00edc\u00ed sm\u011bs chladic\u00ed kapaliny, zajist\u011bte kompatibilitu s aktu\u00e1ln\u00edm typem nemrznouc\u00ed sm\u011bsi.<\/li>\n<li>Po p\u0159id\u00e1n\u00ed p\u0159\u00edpravku nechte motor b\u011b\u017eet 10 a\u017e 15 minut s oh\u0159evem nastaven\u00fdm na maximum, aby do\u0161lo k pln\u00e9 cirkulaci v cel\u00e9m syst\u00e9mu.<\/li>\n<li>Po vychladnut\u00ed motoru znovu zkontrolujte hladinu chladic\u00ed kapaliny a p\u0159\u00edpadn\u011b ji dopl\u0148te.<\/li>\n<li>Pravideln\u011b kontrolujte hadice a spoje, abyste zajistili optim\u00e1ln\u00ed v\u00fdkon syst\u00e9mu.<\/li>\n<li>V\u00fdrobek skladujte v uzav\u0159en\u00e9m obalu mimo dosah p\u0159\u00edm\u00e9ho slune\u010dn\u00edho z\u00e1\u0159en\u00ed a extr\u00e9mn\u00edch teplot.<\/li>\n<\/ul>","protected":false},"excerpt":{"rendered":"<p>Prevents coolant leaks before they become costly repairs. Our preventative coolant is specially formulated to seal micro-leaks and porosities within the cooling system before they develop into serious failures. It circulates with the coolant and targets minor seepage points, forming a durable internal seal that helps maintain system integrity and prevent fluid loss. The most [&hellip;]<\/p>\n","protected":false},"featured_media":23088,"comment_status":"open","ping_status":"closed","template":"","meta":{"_uag_custom_page_level_css":"","site-sidebar-layout":"default","site-content-layout":"","ast-site-content-layout":"default","site-content-style":"default","site-sidebar-style":"default","ast-global-header-display":"","ast-banner-title-visibility":"","ast-main-header-display":"","ast-hfb-above-header-display":"","ast-hfb-below-header-display":"","ast-hfb-mobile-header-display":"","site-post-title":"","ast-breadcrumbs-content":"","ast-featured-img":"","footer-sml-layout":"","ast-disable-related-posts":"","theme-transparent-header-meta":"default","adv-header-id-meta":"","stick-header-meta":"","header-above-stick-meta":"","header-main-stick-meta":"","header-below-stick-meta":"","astra-migrate-meta-layouts":"set","ast-page-background-enabled":"default","ast-page-background-meta":{"desktop":{"background-color":"var(--ast-global-color-4)","background-image":"","background-repeat":"repeat","background-position":"center center","background-size":"auto","background-attachment":"scroll","background-type":"","background-media":"","overlay-type":"","overlay-color":"","overlay-opacity":"","overlay-gradient":""},"tablet":{"background-color":"","background-image":"","background-repeat":"repeat","background-position":"center center","background-size":"auto","background-attachment":"scroll","background-type":"","background-media":"","overlay-type":"","overlay-color":"","overlay-opacity":"","overlay-gradient":""},"mobile":{"background-color":"","background-image":"","background-repeat":"repeat","background-position":"center center","background-size":"auto","background-attachment":"scroll","background-type":"","background-media":"","overlay-type":"","overlay-color":"","overlay-opacity":"","overlay-gradient":""}},"ast-content-background-meta":{"desktop":{"background-color":"var(--ast-global-color-5)","background-image":"","background-repeat":"repeat","background-position":"center center","background-size":"auto","background-attachment":"scroll","background-type":"","background-media":"","overlay-type":"","overlay-color":"","overlay-opacity":"","overlay-gradient":""},"tablet":{"background-color":"var(--ast-global-color-5)","background-image":"","background-repeat":"repeat","background-position":"center center","background-size":"auto","background-attachment":"scroll","background-type":"","background-media":"","overlay-type":"","overlay-color":"","overlay-opacity":"","overlay-gradient":""},"mobile":{"background-color":"var(--ast-global-color-5)","background-image":"","background-repeat":"repeat","background-position":"center center","background-size":"auto","background-attachment":"scroll","background-type":"","background-media":"","overlay-type":"","overlay-color":"","overlay-opacity":"","overlay-gradient":""}}},"product_brand":[],"product_cat":[176],"product_tag":[],"class_list":{"0":"post-23022","1":"product","2":"type-product","3":"status-publish","4":"has-post-thumbnail","6":"product_cat-automotive","7":"desktop-align-left","8":"tablet-align-left","9":"mobile-align-left","11":"first","12":"instock","13":"sale","14":"shipping-taxable","15":"purchasable","16":"product-type-variable","17":"has-default-attributes"},"spectra_custom_meta":{"_visibility":["visible"],"_shopify_product_id":["1706252697634"],"_s2w_shopify_domain":["noleaky.myshopify.com"],"_shopify_variant_id":["16017046700066"],"_manage_stock":["no"],"total_sales":["45"],"_tax_status":["taxable"],"_tax_class":[""],"_backorders":["no"],"_sold_individually":["no"],"_virtual":["no"],"_downloadable":["no"],"_download_limit":["-1"],"_download_expiry":["-1"],"_stock":[null],"_stock_status":["instock"],"_wc_average_rating":["4.90"],"_wc_review_count":["71"],"_product_attributes":["a:1:{s:6:\"volume\";a:6:{s:4:\"name\";s:6:\"Volume\";s:5:\"value\";s:18:\"1 liter | 5 liters\";s:8:\"position\";i:1;s:10:\"is_visible\";i:0;s:12:\"is_variation\";i:1;s:11:\"is_taxonomy\";i:0;}}"],"_product_version":["10.5.2"],"_thumbnail_id":["23088"],"_product_image_gallery":["23089"],"_edit_lock":["1772372499:1"],"_default_attributes":["a:1:{s:6:\"volume\";s:7:\"1 liter\";}"],"_price":["9.90","39.90"],"merchant-center-availability":["yes"],"merchant-center-category":["2517"],"merchant-center-id":["LP1L"],"_edit_last":["1"],"_wp_page_template":["default"],"site-sidebar-layout":["default"],"ast-site-content-layout":["default"],"site-content-style":["default"],"site-sidebar-style":["default"],"theme-transparent-header-meta":["default"],"_wc_rating_count":["a:3:{i:3;i:1;i:4;i:5;i:5;i:65;}"],"_upsell_ids":["a:3:{i:0;i:22975;i:1;i:22976;i:2;i:22985;}"],"_crosssell_ids":["a:3:{i:0;i:22975;i:1;i:22976;i:2;i:22985;}"],"astra-migrate-meta-layouts":["set"],"_uag_css_file_name":["uag-css-23022.css"],"_elementor_page_assets":["a:0:{}"],"_uag_page_assets":["a:9:{s:3:\"css\";s:6893:\".wp-block-uagb-image{display:flex}.wp-block-uagb-image__figure{position:relative;display:flex;flex-direction:column;max-width:100%;height:auto;margin:0}.wp-block-uagb-image__figure img{height:auto;display:flex;max-width:100%;transition:box-shadow 0.2s ease}.wp-block-uagb-image__figure>a{display:inline-block}.wp-block-uagb-image__figure figcaption{text-align:center;margin-top:0.5em;margin-bottom:1em}.wp-block-uagb-image .components-placeholder.block-editor-media-placeholder .components-placeholder__instructions{align-self:center}.wp-block-uagb-image--align-left{text-align:left}.wp-block-uagb-image--align-right{text-align:right}.wp-block-uagb-image--align-center{text-align:center}.wp-block-uagb-image--align-full .wp-block-uagb-image__figure{margin-left:calc(50% - 50vw);margin-right:calc(50% - 50vw);max-width:100vw;width:100vw;height:auto}.wp-block-uagb-image--align-full .wp-block-uagb-image__figure img{height:auto;width:100% !important}.wp-block-uagb-image--align-wide .wp-block-uagb-image__figure img{height:auto;width:100%}.wp-block-uagb-image--layout-overlay__color-wrapper{position:absolute;left:0;top:0;right:0;bottom:0;opacity:0.2;background:rgba(0,0,0,0.5);transition:opacity 0.35s ease-in-out}.wp-block-uagb-image--layout-overlay-link{position:absolute;left:0;right:0;bottom:0;top:0}.wp-block-uagb-image--layout-overlay .wp-block-uagb-image__figure:hover .wp-block-uagb-image--layout-overlay__color-wrapper{opacity:1}.wp-block-uagb-image--layout-overlay__inner{position:absolute;left:15px;right:15px;bottom:15px;top:15px;display:flex;align-items:center;justify-content:center;flex-direction:column;border-color:#fff;transition:0.35s ease-in-out}.wp-block-uagb-image--layout-overlay__inner.top-left,.wp-block-uagb-image--layout-overlay__inner.top-center,.wp-block-uagb-image--layout-overlay__inner.top-right{justify-content:flex-start}.wp-block-uagb-image--layout-overlay__inner.bottom-left,.wp-block-uagb-image--layout-overlay__inner.bottom-center,.wp-block-uagb-image--layout-overlay__inner.bottom-right{justify-content:flex-end}.wp-block-uagb-image--layout-overlay__inner.top-left,.wp-block-uagb-image--layout-overlay__inner.center-left,.wp-block-uagb-image--layout-overlay__inner.bottom-left{align-items:flex-start}.wp-block-uagb-image--layout-overlay__inner.top-right,.wp-block-uagb-image--layout-overlay__inner.center-right,.wp-block-uagb-image--layout-overlay__inner.bottom-right{align-items:flex-end}.wp-block-uagb-image--layout-overlay__inner .uagb-image-heading{color:#fff;transition:transform 0.35s, opacity 0.35s ease-in-out;transform:translate3d(0, 24px, 0);margin:0;line-height:1em}.wp-block-uagb-image--layout-overlay__inner .uagb-image-separator{width:30%;border-top-width:2px;border-top-color:#fff;border-top-style:solid;margin-bottom:10px;opacity:0;transition:transform 0.4s, opacity 0.4s ease-in-out;transform:translate3d(0, 30px, 0)}.wp-block-uagb-image--layout-overlay__inner .uagb-image-caption{opacity:0;overflow:visible;color:#fff;transition:transform 0.45s, opacity 0.45s ease-in-out;transform:translate3d(0, 35px, 0)}.wp-block-uagb-image--layout-overlay__inner:hover .uagb-image-heading,.wp-block-uagb-image--layout-overlay__inner:hover .uagb-image-separator,.wp-block-uagb-image--layout-overlay__inner:hover .uagb-image-caption{opacity:1;transform:translate3d(0, 0, 0)}.wp-block-uagb-image--effect-zoomin .wp-block-uagb-image__figure img,.wp-block-uagb-image--effect-zoomin .wp-block-uagb-image__figure .wp-block-uagb-image--layout-overlay__color-wrapper{transform:scale(1);transition:transform 0.35s ease-in-out}.wp-block-uagb-image--effect-zoomin .wp-block-uagb-image__figure:hover img,.wp-block-uagb-image--effect-zoomin .wp-block-uagb-image__figure:hover .wp-block-uagb-image--layout-overlay__color-wrapper{transform:scale(1.05)}.wp-block-uagb-image--effect-slide .wp-block-uagb-image__figure img,.wp-block-uagb-image--effect-slide .wp-block-uagb-image__figure .wp-block-uagb-image--layout-overlay__color-wrapper{width:calc(100% + 40px) !important;max-width:none !important;transform:translate3d(-40px, 0, 0);transition:transform 0.35s ease-in-out}.wp-block-uagb-image--effect-slide .wp-block-uagb-image__figure:hover img,.wp-block-uagb-image--effect-slide .wp-block-uagb-image__figure:hover .wp-block-uagb-image--layout-overlay__color-wrapper{transform:translate3d(0, 0, 0)}.wp-block-uagb-image--effect-grayscale img{filter:grayscale(0%);transition:0.35s ease-in-out}.wp-block-uagb-image--effect-grayscale:hover img{filter:grayscale(100%)}.wp-block-uagb-image--effect-blur img{filter:blur(0);transition:0.35s ease-in-out}.wp-block-uagb-image--effect-blur:hover img{filter:blur(3px)}\n.uagb-block-e6f939b3.wp-block-uagb-image--layout-default figure img{box-shadow: 0px 0px 0 #00000070;}.uagb-block-e6f939b3.wp-block-uagb-image .wp-block-uagb-image__figure figcaption{font-style: normal;align-self: center;}.uagb-block-e6f939b3.wp-block-uagb-image--layout-overlay figure img{box-shadow: 0px 0px 0 #00000070;}.uagb-block-e6f939b3.wp-block-uagb-image--layout-overlay .wp-block-uagb-image--layout-overlay__color-wrapper{opacity: 0.2;}.uagb-block-e6f939b3.wp-block-uagb-image--layout-overlay .wp-block-uagb-image--layout-overlay__inner{left: 15px;right: 15px;top: 15px;bottom: 15px;}.uagb-block-e6f939b3.wp-block-uagb-image--layout-overlay .wp-block-uagb-image--layout-overlay__inner .uagb-image-heading{font-style: normal;color: #fff;opacity: 1;}.uagb-block-e6f939b3.wp-block-uagb-image--layout-overlay .wp-block-uagb-image--layout-overlay__inner .uagb-image-heading a{color: #fff;}.uagb-block-e6f939b3.wp-block-uagb-image--layout-overlay .wp-block-uagb-image--layout-overlay__inner .uagb-image-caption{opacity: 0;}.uagb-block-e6f939b3.wp-block-uagb-image--layout-overlay .wp-block-uagb-image__figure:hover .wp-block-uagb-image--layout-overlay__color-wrapper{opacity: 1;}.uagb-block-e6f939b3.wp-block-uagb-image .wp-block-uagb-image--layout-overlay__inner .uagb-image-separator{width: 30%;border-top-width: 2px;border-top-color: #fff;opacity: 0;}.uagb-block-e6f939b3.wp-block-uagb-image .wp-block-uagb-image__figure img{width: px;height: auto;}.uagb-block-e6f939b3.wp-block-uagb-image .wp-block-uagb-image__figure:hover .wp-block-uagb-image--layout-overlay__inner .uagb-image-caption{opacity: 1;}.uagb-block-e6f939b3.wp-block-uagb-image .wp-block-uagb-image__figure:hover .wp-block-uagb-image--layout-overlay__inner .uagb-image-separator{opacity: 1;}.uagb-block-e6f939b3.wp-block-uagb-image--layout-default figure:hover img{box-shadow: 0px 0px 0 #00000070;}.uagb-block-e6f939b3.wp-block-uagb-image--layout-overlay figure:hover img{box-shadow: 0px 0px 0 #00000070;}@media only screen and (max-width: 976px) {.uagb-block-e6f939b3.wp-block-uagb-image .wp-block-uagb-image__figure img{width: px;height: auto;}}@media only screen and (max-width: 767px) {.uagb-block-e6f939b3.wp-block-uagb-image .wp-block-uagb-image__figure img{width: px;height: auto;}}\";s:2:\"js\";s:0:\"\";s:18:\"current_block_list\";a:13:{i:0;s:11:\"core\/search\";i:1;s:10:\"core\/group\";i:2;s:12:\"core\/heading\";i:3;s:17:\"core\/latest-posts\";i:4;s:20:\"core\/latest-comments\";i:5;s:13:\"core\/archives\";i:6;s:15:\"core\/categories\";i:7;s:14:\"core\/paragraph\";i:8;s:10:\"uagb\/image\";i:9;s:11:\"core\/spacer\";i:10;s:30:\"woocommerce\/product-categories\";i:11;s:10:\"core\/image\";i:12;s:14:\"core\/shortcode\";}s:8:\"uag_flag\";b:1;s:11:\"uag_version\";s:10:\"1776751876\";s:6:\"gfonts\";a:0:{}s:10:\"gfonts_url\";s:0:\"\";s:12:\"gfonts_files\";a:0:{}s:14:\"uag_faq_layout\";b:0;}"]},"uagb_featured_image_src":{"full":["https:\/\/www.noleaky.com\/wp-content\/uploads\/2025\/06\/Label_1.png",1500,1500,false],"thumbnail":["https:\/\/www.noleaky.com\/wp-content\/uploads\/2025\/06\/Label_1-150x150.png",150,150,true],"medium":["https:\/\/www.noleaky.com\/wp-content\/uploads\/2025\/06\/Label_1-300x300.png",300,300,true],"medium_large":["https:\/\/www.noleaky.com\/wp-content\/uploads\/2025\/06\/Label_1-768x768.png",768,768,true],"large":["https:\/\/www.noleaky.com\/wp-content\/uploads\/2025\/06\/Label_1-1024x1024.png",1024,1024,true],"1536x1536":["https:\/\/www.noleaky.com\/wp-content\/uploads\/2025\/06\/Label_1.png",1500,1500,false],"2048x2048":["https:\/\/www.noleaky.com\/wp-content\/uploads\/2025\/06\/Label_1.png",1500,1500,false],"trp-custom-language-flag":["https:\/\/www.noleaky.com\/wp-content\/uploads\/2025\/06\/Label_1-12x12.png",12,12,true],"woocommerce_thumbnail":["https:\/\/www.noleaky.com\/wp-content\/uploads\/2025\/06\/Label_1-300x300.png",300,300,true],"woocommerce_single":["https:\/\/www.noleaky.com\/wp-content\/uploads\/2025\/06\/Label_1-600x600.png",600,600,true],"woocommerce_gallery_thumbnail":["https:\/\/www.noleaky.com\/wp-content\/uploads\/2025\/06\/Label_1-100x100.png",100,100,true]},"uagb_author_info":{"display_name":"admin","author_link":"https:\/\/www.noleaky.com\/cz\/author\/"},"uagb_comment_info":71,"uagb_excerpt":"Prevents coolant leaks before they become costly repairs. Our preventative coolant is specially formulated to seal micro-leaks and porosities within the cooling system before they develop into serious failures. It circulates with the coolant and targets minor seepage points, forming a durable internal seal that helps maintain system integrity and prevent fluid loss. The most&hellip;","_links":{"self":[{"href":"https:\/\/www.noleaky.com\/cz\/wp-json\/wp\/v2\/product\/23022","targetHints":{"allow":["GET"]}}],"collection":[{"href":"https:\/\/www.noleaky.com\/cz\/wp-json\/wp\/v2\/product"}],"about":[{"href":"https:\/\/www.noleaky.com\/cz\/wp-json\/wp\/v2\/types\/product"}],"replies":[{"embeddable":true,"href":"https:\/\/www.noleaky.com\/cz\/wp-json\/wp\/v2\/comments?post=23022"}],"version-history":[{"count":5,"href":"https:\/\/www.noleaky.com\/cz\/wp-json\/wp\/v2\/product\/23022\/revisions"}],"predecessor-version":[{"id":33266,"href":"https:\/\/www.noleaky.com\/cz\/wp-json\/wp\/v2\/product\/23022\/revisions\/33266"}],"wp:featuredmedia":[{"embeddable":true,"href":"https:\/\/www.noleaky.com\/cz\/wp-json\/wp\/v2\/media\/23088"}],"wp:attachment":[{"href":"https:\/\/www.noleaky.com\/cz\/wp-json\/wp\/v2\/media?parent=23022"}],"wp:term":[{"taxonomy":"product_brand","embeddable":true,"href":"https:\/\/www.noleaky.com\/cz\/wp-json\/wp\/v2\/product_brand?post=23022"},{"taxonomy":"product_cat","embeddable":true,"href":"https:\/\/www.noleaky.com\/cz\/wp-json\/wp\/v2\/product_cat?post=23022"},{"taxonomy":"product_tag","embeddable":true,"href":"https:\/\/www.noleaky.com\/cz\/wp-json\/wp\/v2\/product_tag?post=23022"}],"curies":[{"name":"wp","href":"https:\/\/api.w.org\/{rel}","templated":true}]}}