{"id":23014,"date":"2025-06-02T15:49:19","date_gmt":"2025-06-02T13:49:19","guid":{"rendered":"https:\/\/www.noleaky.com\/products\/leak-sealer\/"},"modified":"2026-03-01T17:09:46","modified_gmt":"2026-03-01T16:09:46","slug":"leak-sealer","status":"publish","type":"product","link":"https:\/\/www.noleaky.com\/cz\/products\/leak-sealer\/","title":{"rendered":"T\u011bsn\u011bn\u00ed net\u011bsnost\u00ed kotl\u016f kapaln\u00e9"},"content":{"rendered":"<p><strong><img decoding=\"async\" style=\"margin-right: 12px;\" src=\"https:\/\/www.noleaky.com\/wp-content\/uploads\/2026\/02\/Check.svg\" alt=\"\" width=\"18\" height=\"15\" \/>Rychle a trvale ut\u011bsn\u00ed v\u0161echny net\u011bsnosti kotle.<\/strong> Na\u0161e kapalina pro ut\u011bsn\u011bn\u00ed net\u011bsnost\u00ed kotl\u016f je speci\u00e1ln\u011b vyvinuta k ut\u011bsn\u011bn\u00ed v\u0161ech typ\u016f mal\u00fdch a mikro\u00fanik\u016f v syst\u00e9mech \u00fast\u0159edn\u00edho vyt\u00e1p\u011bn\u00ed, v\u010detn\u011b potrub\u00ed, radi\u00e1tor\u016f, spoj\u016f a v\u00fdm\u011bn\u00edk\u016f tepla. Cirkuluje s vodou v syst\u00e9mu a automaticky lokalizuje m\u00edsta \u00faniku, \u010d\u00edm\u017e vytvo\u0159\u00ed trvanliv\u00e9 vnit\u0159n\u00ed t\u011bsn\u011bn\u00ed bez nutnosti demont\u00e1\u017ee.<\/p>\n<p><strong><img decoding=\"async\" style=\"margin-right: 12px;\" src=\"https:\/\/www.noleaky.com\/wp-content\/uploads\/2026\/02\/Check.svg\" alt=\"\" width=\"18\" height=\"15\" \/>Nej\u00fa\u010dinn\u011bj\u0161\u00ed dostupn\u00e9 \u0159e\u0161en\u00ed vnit\u0159n\u00edho t\u011bsn\u011bn\u00ed.<\/strong> D\u00edky vysp\u011bl\u00e9 technologii samot\u011bsn\u00edc\u00edho polymeru reaguje tento p\u0159\u00edpravek p\u0159esn\u011b v m\u00edst\u011b ztr\u00e1ty vody a vytv\u00e1\u0159\u00ed pevn\u00e9 a pru\u017en\u00e9 t\u011bsn\u011bn\u00ed, kter\u00e9 odol\u00e1v\u00e1 tlakov\u00fdm a teplotn\u00edm zm\u011bn\u00e1m uvnit\u0159 topn\u00e9ho syst\u00e9mu.<\/p>\n<p><strong><img decoding=\"async\" style=\"margin-right: 12px;\" src=\"https:\/\/www.noleaky.com\/wp-content\/uploads\/2026\/02\/Check.svg\" alt=\"\" width=\"18\" height=\"15\" \/>Nejlevn\u011bj\u0161\u00ed alternativa profesion\u00e1ln\u00ed opravy.<\/strong> Nab\u00edz\u00edme nejkonkurenceschopn\u011bj\u0161\u00ed cenu na trhu, d\u00edky n\u00ed\u017e se vyhnete n\u00e1kladn\u00fdm instalat\u00e9rsk\u00fdm oprav\u00e1m, v\u00fdm\u011bn\u00e1m potrub\u00ed nebo v\u00fdjezd\u016fm pohotovostn\u00edch technik\u016f. Dos\u00e1hnete spolehliv\u00fdch v\u00fdsledk\u016f za zlomek n\u00e1klad\u016f na tradi\u010dn\u00ed opravy.<\/p>\n<p><strong><img decoding=\"async\" style=\"margin-right: 12px;\" src=\"https:\/\/www.noleaky.com\/wp-content\/uploads\/2026\/02\/Check.svg\" alt=\"\" width=\"18\" height=\"15\" \/>Dod\u00e1vka 24 hodin denn\u011b pro nal\u00e9hav\u00e9 p\u0159\u00edpady \u00faniku.<\/strong> Garantujeme v\u00e1m dod\u00e1vku 24 hodin denn\u011b, abyste mohli okam\u017eit\u011b jednat v p\u0159\u00edpad\u011b poklesu tlaku nebo viditeln\u00fdch \u00fanik\u016f vody. Rychl\u00e1 p\u0159eprava pom\u00e1h\u00e1 p\u0159edch\u00e1zet dal\u0161\u00edm \u0161kod\u00e1m a minimalizuje prostoje.<\/p>\n<p><strong><img decoding=\"async\" style=\"margin-right: 12px;\" src=\"https:\/\/www.noleaky.com\/wp-content\/uploads\/2026\/02\/Check.svg\" alt=\"\" width=\"18\" height=\"15\" \/>Z\u00e1ruka vr\u00e1cen\u00ed pen\u011bz pro naprost\u00fd klid.<\/strong> Nab\u00edz\u00edme plnou z\u00e1ruku vr\u00e1cen\u00ed pen\u011bz. Pokud nebudete zcela spokojeni s v\u00fdkonem na\u0161eho t\u011bsnic\u00edho prost\u0159edku na kotle, vr\u00e1t\u00edme v\u00e1m pen\u00edze za n\u00e1kup. Va\u0161e objedn\u00e1vka je zcela bez rizika.<\/p>\n<p><strong><img decoding=\"async\" style=\"margin-right: 12px;\" src=\"https:\/\/www.noleaky.com\/wp-content\/uploads\/2026\/02\/Check.svg\" alt=\"\" width=\"18\" height=\"15\" \/>Funguje bez demont\u00e1\u017ee nebo vypou\u0161t\u011bn\u00ed syst\u00e9mu.<\/strong> Kapalina se p\u0159id\u00e1v\u00e1 p\u0159\u00edmo do topn\u00e9ho okruhu a pracuje p\u0159i b\u011b\u017en\u00e9m provozu syst\u00e9mu. Nen\u00ed t\u0159eba demontovat potrub\u00ed, radi\u00e1tory nebo sou\u010d\u00e1sti kotle, co\u017e \u0161et\u0159\u00ed \u010das a pr\u00e1ci.<\/p>\n<p><strong><img decoding=\"async\" style=\"margin-right: 12px;\" src=\"https:\/\/www.noleaky.com\/wp-content\/uploads\/2026\/02\/Check.svg\" alt=\"\" width=\"18\" height=\"15\" \/>Kompatibiln\u00ed s v\u011bt\u0161inou syst\u00e9m\u016f \u00fast\u0159edn\u00edho vyt\u00e1p\u011bn\u00ed.<\/strong> P\u0159\u00edpravek je vhodn\u00fd pro standardn\u00ed kotle, kombinovan\u00e9 kotle, radi\u00e1tory, syst\u00e9my podlahov\u00e9ho vyt\u00e1p\u011bn\u00ed a uzav\u0159en\u00e9 syst\u00e9my a je navr\u017een tak, aby bezpe\u010dn\u011b pracoval s b\u011b\u017en\u00fdmi topn\u00fdmi materi\u00e1ly v\u010detn\u011b ocelov\u00fdch, m\u011bd\u011bn\u00fdch, hlin\u00edkov\u00fdch a plastov\u00fdch sou\u010d\u00e1st\u00ed.<\/p>\n<p><strong><img decoding=\"async\" style=\"margin-right: 12px;\" src=\"https:\/\/www.noleaky.com\/wp-content\/uploads\/2026\/02\/Check.svg\" alt=\"\" width=\"18\" height=\"15\" \/>Udr\u017euje tlak v syst\u00e9mu a zabra\u0148uje opakovan\u00fdm \u00fanik\u016fm.<\/strong> D\u00edky vnit\u0159n\u00edmu ut\u011bsn\u011bn\u00ed m\u00edst \u00faniku pom\u00e1h\u00e1 v\u00fdrobek stabilizovat \u00farove\u0148 tlaku, sni\u017euje pot\u0159ebu neust\u00e1l\u00e9ho dopl\u0148ov\u00e1n\u00ed a chr\u00e1n\u00ed syst\u00e9m p\u0159ed koroz\u00ed zp\u016fsobenou opakovan\u00fdm p\u0159\u00edjmem kysl\u00edku.<\/p>\n<p><strong><img decoding=\"async\" style=\"margin-right: 12px;\" src=\"https:\/\/www.noleaky.com\/wp-content\/uploads\/2026\/02\/Check.svg\" alt=\"\" width=\"18\" height=\"15\" \/>Odolnost v\u016f\u010di vysok\u00fdm teplot\u00e1m a tlaku.<\/strong> Vytvo\u0159en\u00e9 t\u011bsn\u011bn\u00ed z\u016fst\u00e1v\u00e1 stabiln\u00ed p\u0159i b\u011b\u017en\u00fdch provozn\u00edch teplot\u00e1ch a tlac\u00edch v kotli a zaji\u0161\u0165uje dlouhou \u017eivotnost i p\u0159i n\u00e1ro\u010dn\u00fdch podm\u00ednk\u00e1ch vyt\u00e1p\u011bn\u00ed.<\/p>\n<p><strong><img decoding=\"async\" style=\"margin-right: 12px;\" src=\"https:\/\/www.noleaky.com\/wp-content\/uploads\/2026\/02\/Check.svg\" alt=\"\" width=\"18\" height=\"15\" \/>Prodlu\u017euje \u017eivotnost va\u0161eho topn\u00e9ho syst\u00e9mu.<\/strong> V\u010dasn\u00fdm zastaven\u00edm \u00fanik\u016f a zabr\u00e1n\u011bn\u00edm po\u0161kozen\u00ed vodou nebo korozi chr\u00e1n\u00ed v\u00fdrobek vnit\u0159n\u00ed sou\u010d\u00e1sti a pom\u00e1h\u00e1 prodlou\u017eit celkovou \u017eivotnost va\u0161eho kotle a topn\u00e9ho za\u0159\u00edzen\u00ed.<\/p>\n<h2><strong>Pokyny<\/strong><\/h2>\n<ul>\n<li>P\u0159ed p\u0159id\u00e1n\u00edm v\u00fdrobku vypn\u011bte kotel a nechte topn\u00fd syst\u00e9m vychladnout.<\/li>\n<li>P\u0159ed pou\u017eit\u00edm n\u00e1dobu d\u016fkladn\u011b prot\u0159epejte, aby se zajistilo spr\u00e1vn\u00e9 prom\u00edch\u00e1n\u00ed \u00fa\u010dinn\u00fdch slo\u017eek.<\/li>\n<li>Najd\u011bte vhodn\u00e9 d\u00e1vkovac\u00ed m\u00edsto, nap\u0159\u00edklad radi\u00e1tor, plnic\u00ed smy\u010dku nebo p\u0159\u00edstupov\u00e9 m\u00edsto k syst\u00e9mov\u00e9mu filtru.<\/li>\n<li>P\u0159idejte p\u0159ibli\u017en\u011b 500 ml p\u0159\u00edpravku pro pr\u016fm\u011brn\u00fd dom\u00e1c\u00ed topn\u00fd syst\u00e9m o objemu do 100 litr\u016f vody. Pro v\u011bt\u0161\u00ed nebo men\u0161\u00ed syst\u00e9my d\u00e1vkov\u00e1n\u00ed \u00fam\u011brn\u011b upravte.<\/li>\n<li>Po p\u0159id\u00e1n\u00ed kapaliny v p\u0159\u00edpad\u011b pot\u0159eby obnovte tlak v syst\u00e9mu podle doporu\u010den\u00ed v\u00fdrobce kotle.<\/li>\n<li>Kotel znovu zapn\u011bte a nechte syst\u00e9m cirkulovat p\u0159i norm\u00e1ln\u00ed provozn\u00ed teplot\u011b alespo\u0148 n\u011bkolik hodin.<\/li>\n<li>P\u0159\u00edpravek cirkuluje v cel\u00e9m syst\u00e9mu a automaticky ut\u011bs\u0148uje m\u00edsta \u00faniku, jakmile se dostane do kontaktu s unikaj\u00edc\u00ed vodou.<\/li>\n<li>B\u011bhem n\u00e1sleduj\u00edc\u00edch 24 a\u017e 48 hodin sledujte tlak v syst\u00e9mu, abyste potvrdili jeho stabilizaci.<\/li>\n<li>V p\u0159\u00edpad\u011b pot\u0159eby lze u v\u011bt\u0161\u00edch syst\u00e9m\u016f nebo p\u0159etrv\u00e1vaj\u00edc\u00edch mikro\u00fanik\u016f p\u0159idat druhou pom\u011brnou d\u00e1vku.<\/li>\n<li>V\u00fdrobek skladujte na chladn\u00e9m a such\u00e9m m\u00edst\u011b a uchov\u00e1vejte mimo dosah d\u011bt\u00ed.<\/li>\n<\/ul>","protected":false},"excerpt":{"rendered":"<p>Seals all boiler leaks quickly and permanently. Our boiler leak sealer liquid is specially engineered to seal all types of small and micro leaks within central heating systems, including pipes, radiators, joints, and heat exchangers. It circulates with the system water and automatically locates leak points, forming a durable internal seal without the need for [&hellip;]<\/p>\n","protected":false},"featured_media":23082,"comment_status":"open","ping_status":"closed","template":"","meta":{"_uag_custom_page_level_css":"","site-sidebar-layout":"default","site-content-layout":"","ast-site-content-layout":"default","site-content-style":"default","site-sidebar-style":"default","ast-global-header-display":"","ast-banner-title-visibility":"","ast-main-header-display":"","ast-hfb-above-header-display":"","ast-hfb-below-header-display":"","ast-hfb-mobile-header-display":"","site-post-title":"","ast-breadcrumbs-content":"","ast-featured-img":"","footer-sml-layout":"","ast-disable-related-posts":"","theme-transparent-header-meta":"default","adv-header-id-meta":"","stick-header-meta":"","header-above-stick-meta":"","header-main-stick-meta":"","header-below-stick-meta":"","astra-migrate-meta-layouts":"set","ast-page-background-enabled":"default","ast-page-background-meta":{"desktop":{"background-color":"var(--ast-global-color-4)","background-image":"","background-repeat":"repeat","background-position":"center center","background-size":"auto","background-attachment":"scroll","background-type":"","background-media":"","overlay-type":"","overlay-color":"","overlay-opacity":"","overlay-gradient":""},"tablet":{"background-color":"","background-image":"","background-repeat":"repeat","background-position":"center center","background-size":"auto","background-attachment":"scroll","background-type":"","background-media":"","overlay-type":"","overlay-color":"","overlay-opacity":"","overlay-gradient":""},"mobile":{"background-color":"","background-image":"","background-repeat":"repeat","background-position":"center center","background-size":"auto","background-attachment":"scroll","background-type":"","background-media":"","overlay-type":"","overlay-color":"","overlay-opacity":"","overlay-gradient":""}},"ast-content-background-meta":{"desktop":{"background-color":"var(--ast-global-color-5)","background-image":"","background-repeat":"repeat","background-position":"center center","background-size":"auto","background-attachment":"scroll","background-type":"","background-media":"","overlay-type":"","overlay-color":"","overlay-opacity":"","overlay-gradient":""},"tablet":{"background-color":"var(--ast-global-color-5)","background-image":"","background-repeat":"repeat","background-position":"center center","background-size":"auto","background-attachment":"scroll","background-type":"","background-media":"","overlay-type":"","overlay-color":"","overlay-opacity":"","overlay-gradient":""},"mobile":{"background-color":"var(--ast-global-color-5)","background-image":"","background-repeat":"repeat","background-position":"center center","background-size":"auto","background-attachment":"scroll","background-type":"","background-media":"","overlay-type":"","overlay-color":"","overlay-opacity":"","overlay-gradient":""}}},"product_brand":[],"product_cat":[177],"product_tag":[],"class_list":{"0":"post-23014","1":"product","2":"type-product","3":"status-publish","4":"has-post-thumbnail","6":"product_cat-heating-system","7":"desktop-align-left","8":"tablet-align-left","9":"mobile-align-left","11":"first","12":"instock","13":"sale","14":"shipping-taxable","15":"purchasable","16":"product-type-variable","17":"has-default-attributes"},"spectra_custom_meta":{"_visibility":["visible"],"_shopify_product_id":["1771048894498"],"_s2w_shopify_domain":["noleaky.myshopify.com"],"_shopify_variant_id":["16277739307042"],"_manage_stock":["no"],"total_sales":["153"],"_tax_status":["taxable"],"_tax_class":[""],"_backorders":["no"],"_sold_individually":["no"],"_virtual":["no"],"_downloadable":["no"],"_download_limit":["-1"],"_download_expiry":["-1"],"_stock":[null],"_stock_status":["instock"],"_wc_average_rating":["4.89"],"_wc_review_count":["101"],"_product_attributes":["a:1:{s:6:\"volume\";a:6:{s:4:\"name\";s:6:\"Volume\";s:5:\"value\";s:30:\"1 liter | 5 liters | 25 liters\";s:8:\"position\";i:1;s:10:\"is_visible\";i:0;s:12:\"is_variation\";i:1;s:11:\"is_taxonomy\";i:0;}}"],"_product_version":["10.5.2"],"_thumbnail_id":["23082"],"_product_image_gallery":["23083"],"_edit_lock":["1772621632:1095"],"_default_attributes":["a:1:{s:6:\"volume\";s:7:\"1 liter\";}"],"_price":["24.90","99.90","299.90"],"merchant-center-availability":["yes"],"merchant-center-category":["6773"],"merchant-center-id":["CC"],"_edit_last":["1"],"_wp_page_template":["default"],"site-sidebar-layout":["default"],"ast-site-content-layout":["default"],"site-content-style":["default"],"site-sidebar-style":["default"],"theme-transparent-header-meta":["default"],"_wc_rating_count":["a:2:{i:4;i:11;i:5;i:90;}"],"_upsell_ids":["a:3:{i:0;i:22980;i:1;i:23018;i:2;i:23004;}"],"_crosssell_ids":["a:3:{i:0;i:22980;i:1;i:23018;i:2;i:23004;}"],"astra-migrate-meta-layouts":["set"],"_uag_css_file_name":["uag-css-23014.css"],"_elementor_page_assets":["a:0:{}"],"_uag_page_assets":["a:9:{s:3:\"css\";s:7156:\".uag-blocks-common-selector{z-index:var(--z-index-desktop) !important}@media (max-width: 976px){.uag-blocks-common-selector{z-index:var(--z-index-tablet) !important}}@media (max-width: 767px){.uag-blocks-common-selector{z-index:var(--z-index-mobile) !important}}\n.wp-block-uagb-image{display:flex}.wp-block-uagb-image__figure{position:relative;display:flex;flex-direction:column;max-width:100%;height:auto;margin:0}.wp-block-uagb-image__figure img{height:auto;display:flex;max-width:100%;transition:box-shadow 0.2s ease}.wp-block-uagb-image__figure>a{display:inline-block}.wp-block-uagb-image__figure figcaption{text-align:center;margin-top:0.5em;margin-bottom:1em}.wp-block-uagb-image .components-placeholder.block-editor-media-placeholder .components-placeholder__instructions{align-self:center}.wp-block-uagb-image--align-left{text-align:left}.wp-block-uagb-image--align-right{text-align:right}.wp-block-uagb-image--align-center{text-align:center}.wp-block-uagb-image--align-full .wp-block-uagb-image__figure{margin-left:calc(50% - 50vw);margin-right:calc(50% - 50vw);max-width:100vw;width:100vw;height:auto}.wp-block-uagb-image--align-full .wp-block-uagb-image__figure img{height:auto;width:100% !important}.wp-block-uagb-image--align-wide .wp-block-uagb-image__figure img{height:auto;width:100%}.wp-block-uagb-image--layout-overlay__color-wrapper{position:absolute;left:0;top:0;right:0;bottom:0;opacity:0.2;background:rgba(0,0,0,0.5);transition:opacity 0.35s ease-in-out}.wp-block-uagb-image--layout-overlay-link{position:absolute;left:0;right:0;bottom:0;top:0}.wp-block-uagb-image--layout-overlay .wp-block-uagb-image__figure:hover .wp-block-uagb-image--layout-overlay__color-wrapper{opacity:1}.wp-block-uagb-image--layout-overlay__inner{position:absolute;left:15px;right:15px;bottom:15px;top:15px;display:flex;align-items:center;justify-content:center;flex-direction:column;border-color:#fff;transition:0.35s ease-in-out}.wp-block-uagb-image--layout-overlay__inner.top-left,.wp-block-uagb-image--layout-overlay__inner.top-center,.wp-block-uagb-image--layout-overlay__inner.top-right{justify-content:flex-start}.wp-block-uagb-image--layout-overlay__inner.bottom-left,.wp-block-uagb-image--layout-overlay__inner.bottom-center,.wp-block-uagb-image--layout-overlay__inner.bottom-right{justify-content:flex-end}.wp-block-uagb-image--layout-overlay__inner.top-left,.wp-block-uagb-image--layout-overlay__inner.center-left,.wp-block-uagb-image--layout-overlay__inner.bottom-left{align-items:flex-start}.wp-block-uagb-image--layout-overlay__inner.top-right,.wp-block-uagb-image--layout-overlay__inner.center-right,.wp-block-uagb-image--layout-overlay__inner.bottom-right{align-items:flex-end}.wp-block-uagb-image--layout-overlay__inner .uagb-image-heading{color:#fff;transition:transform 0.35s, opacity 0.35s ease-in-out;transform:translate3d(0, 24px, 0);margin:0;line-height:1em}.wp-block-uagb-image--layout-overlay__inner .uagb-image-separator{width:30%;border-top-width:2px;border-top-color:#fff;border-top-style:solid;margin-bottom:10px;opacity:0;transition:transform 0.4s, opacity 0.4s ease-in-out;transform:translate3d(0, 30px, 0)}.wp-block-uagb-image--layout-overlay__inner .uagb-image-caption{opacity:0;overflow:visible;color:#fff;transition:transform 0.45s, opacity 0.45s ease-in-out;transform:translate3d(0, 35px, 0)}.wp-block-uagb-image--layout-overlay__inner:hover .uagb-image-heading,.wp-block-uagb-image--layout-overlay__inner:hover .uagb-image-separator,.wp-block-uagb-image--layout-overlay__inner:hover .uagb-image-caption{opacity:1;transform:translate3d(0, 0, 0)}.wp-block-uagb-image--effect-zoomin .wp-block-uagb-image__figure img,.wp-block-uagb-image--effect-zoomin .wp-block-uagb-image__figure .wp-block-uagb-image--layout-overlay__color-wrapper{transform:scale(1);transition:transform 0.35s ease-in-out}.wp-block-uagb-image--effect-zoomin .wp-block-uagb-image__figure:hover img,.wp-block-uagb-image--effect-zoomin .wp-block-uagb-image__figure:hover .wp-block-uagb-image--layout-overlay__color-wrapper{transform:scale(1.05)}.wp-block-uagb-image--effect-slide .wp-block-uagb-image__figure img,.wp-block-uagb-image--effect-slide .wp-block-uagb-image__figure .wp-block-uagb-image--layout-overlay__color-wrapper{width:calc(100% + 40px) !important;max-width:none !important;transform:translate3d(-40px, 0, 0);transition:transform 0.35s ease-in-out}.wp-block-uagb-image--effect-slide .wp-block-uagb-image__figure:hover img,.wp-block-uagb-image--effect-slide .wp-block-uagb-image__figure:hover .wp-block-uagb-image--layout-overlay__color-wrapper{transform:translate3d(0, 0, 0)}.wp-block-uagb-image--effect-grayscale img{filter:grayscale(0%);transition:0.35s ease-in-out}.wp-block-uagb-image--effect-grayscale:hover img{filter:grayscale(100%)}.wp-block-uagb-image--effect-blur img{filter:blur(0);transition:0.35s ease-in-out}.wp-block-uagb-image--effect-blur:hover img{filter:blur(3px)}\n.uagb-block-e6f939b3.wp-block-uagb-image--layout-default figure img{box-shadow: 0px 0px 0 #00000070;}.uagb-block-e6f939b3.wp-block-uagb-image .wp-block-uagb-image__figure figcaption{font-style: normal;align-self: center;}.uagb-block-e6f939b3.wp-block-uagb-image--layout-overlay figure img{box-shadow: 0px 0px 0 #00000070;}.uagb-block-e6f939b3.wp-block-uagb-image--layout-overlay .wp-block-uagb-image--layout-overlay__color-wrapper{opacity: 0.2;}.uagb-block-e6f939b3.wp-block-uagb-image--layout-overlay .wp-block-uagb-image--layout-overlay__inner{left: 15px;right: 15px;top: 15px;bottom: 15px;}.uagb-block-e6f939b3.wp-block-uagb-image--layout-overlay .wp-block-uagb-image--layout-overlay__inner .uagb-image-heading{font-style: normal;color: #fff;opacity: 1;}.uagb-block-e6f939b3.wp-block-uagb-image--layout-overlay .wp-block-uagb-image--layout-overlay__inner .uagb-image-heading a{color: #fff;}.uagb-block-e6f939b3.wp-block-uagb-image--layout-overlay .wp-block-uagb-image--layout-overlay__inner .uagb-image-caption{opacity: 0;}.uagb-block-e6f939b3.wp-block-uagb-image--layout-overlay .wp-block-uagb-image__figure:hover .wp-block-uagb-image--layout-overlay__color-wrapper{opacity: 1;}.uagb-block-e6f939b3.wp-block-uagb-image .wp-block-uagb-image--layout-overlay__inner .uagb-image-separator{width: 30%;border-top-width: 2px;border-top-color: #fff;opacity: 0;}.uagb-block-e6f939b3.wp-block-uagb-image .wp-block-uagb-image__figure img{width: px;height: auto;}.uagb-block-e6f939b3.wp-block-uagb-image .wp-block-uagb-image__figure:hover .wp-block-uagb-image--layout-overlay__inner .uagb-image-caption{opacity: 1;}.uagb-block-e6f939b3.wp-block-uagb-image .wp-block-uagb-image__figure:hover .wp-block-uagb-image--layout-overlay__inner .uagb-image-separator{opacity: 1;}.uagb-block-e6f939b3.wp-block-uagb-image--layout-default figure:hover img{box-shadow: 0px 0px 0 #00000070;}.uagb-block-e6f939b3.wp-block-uagb-image--layout-overlay figure:hover img{box-shadow: 0px 0px 0 #00000070;}@media only screen and (max-width: 976px) {.uagb-block-e6f939b3.wp-block-uagb-image .wp-block-uagb-image__figure img{width: px;height: auto;}}@media only screen and (max-width: 767px) {.uagb-block-e6f939b3.wp-block-uagb-image .wp-block-uagb-image__figure img{width: px;height: auto;}}\";s:2:\"js\";s:0:\"\";s:18:\"current_block_list\";a:13:{i:0;s:11:\"core\/search\";i:1;s:10:\"core\/group\";i:2;s:12:\"core\/heading\";i:3;s:17:\"core\/latest-posts\";i:4;s:20:\"core\/latest-comments\";i:5;s:13:\"core\/archives\";i:6;s:15:\"core\/categories\";i:7;s:14:\"core\/paragraph\";i:8;s:10:\"uagb\/image\";i:9;s:11:\"core\/spacer\";i:10;s:30:\"woocommerce\/product-categories\";i:11;s:10:\"core\/image\";i:12;s:14:\"core\/shortcode\";}s:8:\"uag_flag\";b:1;s:11:\"uag_version\";s:10:\"1776755876\";s:6:\"gfonts\";a:0:{}s:10:\"gfonts_url\";s:0:\"\";s:12:\"gfonts_files\";a:0:{}s:14:\"uag_faq_layout\";b:0;}"]},"uagb_featured_image_src":{"full":["https:\/\/www.noleaky.com\/wp-content\/uploads\/2025\/06\/Leak_Sealer_5l.jpg",2560,2560,false],"thumbnail":["https:\/\/www.noleaky.com\/wp-content\/uploads\/2025\/06\/Leak_Sealer_5l-150x150.jpg",150,150,true],"medium":["https:\/\/www.noleaky.com\/wp-content\/uploads\/2025\/06\/Leak_Sealer_5l-300x300.jpg",300,300,true],"medium_large":["https:\/\/www.noleaky.com\/wp-content\/uploads\/2025\/06\/Leak_Sealer_5l-768x768.jpg",768,768,true],"large":["https:\/\/www.noleaky.com\/wp-content\/uploads\/2025\/06\/Leak_Sealer_5l-1024x1024.jpg",1024,1024,true],"1536x1536":["https:\/\/www.noleaky.com\/wp-content\/uploads\/2025\/06\/Leak_Sealer_5l-1536x1536.jpg",1536,1536,true],"2048x2048":["https:\/\/www.noleaky.com\/wp-content\/uploads\/2025\/06\/Leak_Sealer_5l-2048x2048.jpg",2048,2048,true],"trp-custom-language-flag":["https:\/\/www.noleaky.com\/wp-content\/uploads\/2025\/06\/Leak_Sealer_5l-12x12.jpg",12,12,true],"woocommerce_thumbnail":["https:\/\/www.noleaky.com\/wp-content\/uploads\/2025\/06\/Leak_Sealer_5l-300x300.jpg",300,300,true],"woocommerce_single":["https:\/\/www.noleaky.com\/wp-content\/uploads\/2025\/06\/Leak_Sealer_5l-600x600.jpg",600,600,true],"woocommerce_gallery_thumbnail":["https:\/\/www.noleaky.com\/wp-content\/uploads\/2025\/06\/Leak_Sealer_5l-100x100.jpg",100,100,true]},"uagb_author_info":{"display_name":"admin","author_link":"https:\/\/www.noleaky.com\/cz\/author\/"},"uagb_comment_info":101,"uagb_excerpt":"Seals all boiler leaks quickly and permanently. Our boiler leak sealer liquid is specially engineered to seal all types of small and micro leaks within central heating systems, including pipes, radiators, joints, and heat exchangers. It circulates with the system water and automatically locates leak points, forming a durable internal seal without the need for&hellip;","_links":{"self":[{"href":"https:\/\/www.noleaky.com\/cz\/wp-json\/wp\/v2\/product\/23014","targetHints":{"allow":["GET"]}}],"collection":[{"href":"https:\/\/www.noleaky.com\/cz\/wp-json\/wp\/v2\/product"}],"about":[{"href":"https:\/\/www.noleaky.com\/cz\/wp-json\/wp\/v2\/types\/product"}],"replies":[{"embeddable":true,"href":"https:\/\/www.noleaky.com\/cz\/wp-json\/wp\/v2\/comments?post=23014"}],"version-history":[{"count":8,"href":"https:\/\/www.noleaky.com\/cz\/wp-json\/wp\/v2\/product\/23014\/revisions"}],"predecessor-version":[{"id":33298,"href":"https:\/\/www.noleaky.com\/cz\/wp-json\/wp\/v2\/product\/23014\/revisions\/33298"}],"wp:featuredmedia":[{"embeddable":true,"href":"https:\/\/www.noleaky.com\/cz\/wp-json\/wp\/v2\/media\/23082"}],"wp:attachment":[{"href":"https:\/\/www.noleaky.com\/cz\/wp-json\/wp\/v2\/media?parent=23014"}],"wp:term":[{"taxonomy":"product_brand","embeddable":true,"href":"https:\/\/www.noleaky.com\/cz\/wp-json\/wp\/v2\/product_brand?post=23014"},{"taxonomy":"product_cat","embeddable":true,"href":"https:\/\/www.noleaky.com\/cz\/wp-json\/wp\/v2\/product_cat?post=23014"},{"taxonomy":"product_tag","embeddable":true,"href":"https:\/\/www.noleaky.com\/cz\/wp-json\/wp\/v2\/product_tag?post=23014"}],"curies":[{"name":"wp","href":"https:\/\/api.w.org\/{rel}","templated":true}]}}