{"id":23011,"date":"2025-06-02T15:49:15","date_gmt":"2025-06-02T13:49:15","guid":{"rendered":"https:\/\/www.noleaky.com\/products\/injector-cleaner\/"},"modified":"2026-03-01T14:46:25","modified_gmt":"2026-03-01T13:46:25","slug":"injector-cleaner","status":"publish","type":"product","link":"https:\/\/www.noleaky.com\/cz\/products\/injector-cleaner\/","title":{"rendered":"\u010cisti\u010d vst\u0159ikova\u010d\u016f"},"content":{"rendered":"<p><strong><img decoding=\"async\" style=\"margin-right: 12px;\" src=\"https:\/\/www.noleaky.com\/wp-content\/uploads\/2026\/02\/Check.svg\" alt=\"\" width=\"18\" height=\"15\" \/>Okam\u017eit\u011b obnovuje v\u00fdkon vst\u0159ikova\u010d\u016f a \u00fa\u010dinnost motoru.<\/strong> N\u00e1\u0161 \u010disti\u010d vst\u0159ikova\u010d\u016f je speci\u00e1ln\u011b vyvinut\u00fd k odstran\u011bn\u00ed karbonov\u00fdch usazenin, laku a zbytk\u016f paliva, kter\u00e9 se \u010dasem hromad\u00ed uvnit\u0159 vst\u0159ikova\u010d\u016f. Vy\u010di\u0161t\u011bn\u00edm a obnoven\u00edm spr\u00e1vn\u00e9ho rozpra\u0161ov\u00e1n\u00ed pom\u00e1h\u00e1 zlep\u0161it kvalitu spalov\u00e1n\u00ed, co\u017e vede k plynulej\u0161\u00ed akceleraci, lep\u0161\u00ed odezv\u011b a stabiln\u011bj\u0161\u00edmu chodu motoru.<\/p>\n<p><strong><img decoding=\"async\" style=\"margin-right: 12px;\" src=\"https:\/\/www.noleaky.com\/wp-content\/uploads\/2026\/02\/Check.svg\" alt=\"\" width=\"18\" height=\"15\" \/>Nej\u00fa\u010dinn\u011bj\u0161\u00ed dostupn\u00fd p\u0159\u00edpravek na \u010di\u0161t\u011bn\u00ed vst\u0159ikova\u010d\u016f.<\/strong> D\u00edky pokro\u010dil\u00e9 technologii \u010distic\u00edch prost\u0159edk\u016f se jedn\u00e1 o nej\u00fa\u010dinn\u011bj\u0161\u00ed \u010disti\u010d vst\u0159ikova\u010d\u016f ve sv\u00e9 kategorii. Pronik\u00e1 hluboko do trysek vst\u0159ikova\u010d\u016f a vnit\u0159n\u00edch palivov\u00fdch kan\u00e1l\u016f a rozpou\u0161t\u00ed odoln\u00e9 usazeniny, kter\u00e9 b\u011b\u017en\u00e1 aditiva nedok\u00e1\u017eou odstranit. V\u00fdsledkem je znateln\u00e9 zlep\u0161en\u00ed plynulosti motoru a sn\u00ed\u017een\u00ed v\u00e1h\u00e1n\u00ed.<\/p>\n<p><strong><img decoding=\"async\" style=\"margin-right: 12px;\" src=\"https:\/\/www.noleaky.com\/wp-content\/uploads\/2026\/02\/Check.svg\" alt=\"\" width=\"18\" height=\"15\" \/>Nejlevn\u011bj\u0161\u00ed profesion\u00e1ln\u00ed o\u0161et\u0159en\u00ed vst\u0159ikova\u010d\u016f na trhu.<\/strong> Nab\u00edz\u00edme prvot\u0159\u00eddn\u00ed \u010distic\u00ed v\u00fdkon za nejv\u00fdhodn\u011bj\u0161\u00ed cenu. N\u00e1\u0161 \u010disti\u010d vst\u0159ikova\u010d\u016f je nejlevn\u011bj\u0161\u00edm dostupn\u00fdm vysoce kvalitn\u00edm \u0159e\u0161en\u00edm, kter\u00e9 poskytuje v\u00fdsledky na \u00farovni d\u00edlny bez n\u00e1kladn\u00fdch servisn\u00edch n\u00e1klad\u016f spojen\u00fdch s profesion\u00e1ln\u00edm \u010di\u0161t\u011bn\u00edm palivov\u00e9ho syst\u00e9mu.<\/p>\n<p><strong><img decoding=\"async\" style=\"margin-right: 12px;\" src=\"https:\/\/www.noleaky.com\/wp-content\/uploads\/2026\/02\/Check.svg\" alt=\"\" width=\"18\" height=\"15\" \/>Zaru\u010den\u00e9 doru\u010den\u00ed do 24 hodin pro okam\u017eitou p\u00e9\u010di o motor.<\/strong> Probl\u00e9my s palivov\u00fdm syst\u00e9mem mohou rychle ovlivnit v\u00fdkon a spot\u0159ebu paliva. Proto garantujeme dod\u00e1vku 24 hodin denn\u011b, \u010d\u00edm\u017e zajist\u00edme, \u017ee m\u016f\u017eete sv\u00e9 vozidlo okam\u017eit\u011b o\u0161et\u0159it a zabr\u00e1nit dal\u0161\u00edmu hromad\u011bn\u00ed ne\u010distot nebo neefektivit\u011b.<\/p>\n<p><strong><img decoding=\"async\" style=\"margin-right: 12px;\" src=\"https:\/\/www.noleaky.com\/wp-content\/uploads\/2026\/02\/Check.svg\" alt=\"\" width=\"18\" height=\"15\" \/>Z\u00e1ruka vr\u00e1cen\u00ed pen\u011bz pro naprostou jistotu.<\/strong> Za kvalitu a \u00fa\u010dinnost na\u0161eho \u010disti\u010de vst\u0159ikova\u010d\u016f si stoj\u00edme. Pokud nebudete s v\u00fdsledky spokojeni, nab\u00edz\u00edme z\u00e1ruku vr\u00e1cen\u00ed pen\u011bz. Jednodu\u0161e n\u00e1s kontaktujte a my v\u00e1m vr\u00e1t\u00edme pen\u00edze za n\u00e1kup, tak\u017ee va\u0161e investice bude zcela bez rizika.<\/p>\n<p><strong><img decoding=\"async\" style=\"margin-right: 12px;\" src=\"https:\/\/www.noleaky.com\/wp-content\/uploads\/2026\/02\/Check.svg\" alt=\"\" width=\"18\" height=\"15\" \/>Zlep\u0161uje \u00fa\u010dinnost paliva a sni\u017euje spot\u0159ebu.<\/strong> Zne\u010di\u0161t\u011bn\u00e9 vst\u0159ikova\u010de mohou naru\u0161it rozpra\u0161ov\u00e1n\u00ed paliva, co\u017e vede k ne\u00fapln\u00e9mu spalov\u00e1n\u00ed a zv\u00fd\u0161en\u00e9 spot\u0159eb\u011b paliva. N\u00e1\u0161 \u010disti\u010d vst\u0159ikova\u010d\u016f obnoven\u00edm optim\u00e1ln\u00edho rozpra\u0161ov\u00e1n\u00ed pom\u00e1h\u00e1 motor\u016fm efektivn\u011bji spalovat palivo, co\u017e m\u016f\u017ee sn\u00ed\u017eit spot\u0159ebu paliva a sn\u00ed\u017eit emise.<\/p>\n<p><strong><img decoding=\"async\" style=\"margin-right: 12px;\" src=\"https:\/\/www.noleaky.com\/wp-content\/uploads\/2026\/02\/Check.svg\" alt=\"\" width=\"18\" height=\"15\" \/>Zvy\u0161uje v\u00fdkon motoru a odezvu na plyn.<\/strong> \u010cist\u00e9 vst\u0159ikova\u010de dod\u00e1vaj\u00ed palivo rovnom\u011brn\u011b a p\u0159esn\u011b, co\u017e umo\u017e\u0148uje motoru rychleji reagovat na po\u017eadavky akcelerace. \u0158idi\u010di po o\u0161et\u0159en\u00ed \u010dasto poci\u0165uj\u00ed plynulej\u0161\u00ed volnob\u011bh, lep\u0161\u00ed pr\u016fb\u011bh v\u00fdkonu a sn\u00ed\u017een\u00ed vibrac\u00ed motoru.<\/p>\n<p><strong><img decoding=\"async\" style=\"margin-right: 12px;\" src=\"https:\/\/www.noleaky.com\/wp-content\/uploads\/2026\/02\/Check.svg\" alt=\"\" width=\"18\" height=\"15\" \/>Sni\u017euje emise v\u00fdfukov\u00fdch plyn\u016f a usazeniny v motoru.<\/strong> D\u00edky podpo\u0159e \u010dist\u0161\u00edho spalov\u00e1n\u00ed pom\u00e1h\u00e1 \u010disti\u010d vst\u0159ikova\u010d\u016f sni\u017eovat mno\u017estv\u00ed nesp\u00e1len\u00fdch zbytk\u016f paliva a usazov\u00e1n\u00ed karbonu ve spalovac\u00ed komo\u0159e, co\u017e p\u0159isp\u00edv\u00e1 ke sn\u00ed\u017een\u00ed emis\u00ed v\u00fdfukov\u00fdch plyn\u016f a celkov\u011b \u010dist\u0161\u00edmu motoru.<\/p>\n<p><strong><img decoding=\"async\" style=\"margin-right: 12px;\" src=\"https:\/\/www.noleaky.com\/wp-content\/uploads\/2026\/02\/Check.svg\" alt=\"\" width=\"18\" height=\"15\" \/>Kompatibiln\u00ed s benzinov\u00fdmi a naftov\u00fdmi motory.<\/strong> N\u00e1\u0161 univerz\u00e1ln\u00ed \u010disti\u010d vst\u0159ikova\u010d\u016f je vhodn\u00fd pro v\u011bt\u0161inu modern\u00edch benzinov\u00fdch a naftov\u00fdch motor\u016f, v\u010detn\u011b syst\u00e9m\u016f p\u0159\u00edm\u00e9ho vst\u0159ikov\u00e1n\u00ed, pokud se pou\u017e\u00edv\u00e1 podle doporu\u010den\u00ed v\u00fdrobce.<\/p>\n<p><strong><img decoding=\"async\" style=\"margin-right: 12px;\" src=\"https:\/\/www.noleaky.com\/wp-content\/uploads\/2026\/02\/Check.svg\" alt=\"\" width=\"18\" height=\"15\" \/>Vysok\u00e1 kapacita o\u0161et\u0159en\u00ed s vynikaj\u00edc\u00edm pokryt\u00edm.<\/strong> Jedna l\u00e1hev je ur\u010dena k o\u0161et\u0159en\u00ed pln\u00e9 n\u00e1dr\u017ee paliva, \u010d\u00edm\u017e je zaji\u0161t\u011bna \u00fapln\u00e1 distribuce v cel\u00e9m palivov\u00e9m syst\u00e9mu a optim\u00e1ln\u00ed \u010distic\u00ed \u00fa\u010dinek od n\u00e1dr\u017ee a\u017e po spalovac\u00ed komoru.<\/p>\n<h2><strong>Pokyny<\/strong><\/h2>\n<ul>\n<li>P\u0159ed pou\u017eit\u00edm lahvi\u010dku dob\u0159e prot\u0159epejte.<\/li>\n<li>P\u0159ed dopln\u011bn\u00edm paliva p\u0159idejte cel\u00fd obsah \u010disti\u010de vst\u0159ikova\u010d\u016f p\u0159\u00edmo do palivov\u00e9 n\u00e1dr\u017ee.<\/li>\n<li>Doporu\u010den\u00e9 d\u00e1vkov\u00e1n\u00ed je jedna l\u00e1hev na 40 a\u017e 60 litr\u016f paliva. Upravte \u00fam\u011brn\u011b podle objemu n\u00e1dr\u017ee.<\/li>\n<li>N\u00e1dr\u017e napl\u0148te palivem ihned po p\u0159id\u00e1n\u00ed p\u0159\u00edpravku, abyste zajistili spr\u00e1vn\u00e9 prom\u00edch\u00e1n\u00ed.<\/li>\n<li>Jezd\u011bte norm\u00e1ln\u011b, aby o\u0161et\u0159en\u00e9 palivo mohlo cirkulovat vst\u0159ikova\u010di a cel\u00fdm palivov\u00fdm syst\u00e9mem.<\/li>\n<li>Nejlep\u0161\u00edch v\u00fdsledk\u016f dos\u00e1hnete, kdy\u017e jej budete pou\u017e\u00edvat ka\u017ed\u00fdch 3 000 a\u017e 5 000 kilometr\u016f nebo v pravideln\u00fdch servisn\u00edch intervalech.<\/li>\n<li>U vozidel, u nich\u017e se projevuj\u00ed znateln\u00e9 probl\u00e9my s v\u00fdkonem, lze p\u0159i dal\u0161\u00ed pln\u00e9 n\u00e1dr\u017ei pou\u017e\u00edt druh\u00e9 o\u0161et\u0159en\u00ed.<\/li>\n<li>Nep\u0159ekra\u010dujte doporu\u010den\u00e9 d\u00e1vkov\u00e1n\u00ed.<\/li>\n<li>Vhodn\u00fd pro pravidelnou preventivn\u00ed \u00fadr\u017ebu i opravn\u00e9 \u010di\u0161t\u011bn\u00ed.<\/li>\n<li>V\u00fdrobek skladujte na chladn\u00e9m a such\u00e9m m\u00edst\u011b mimo dosah p\u0159\u00edm\u00e9ho slune\u010dn\u00edho z\u00e1\u0159en\u00ed.<\/li>\n<\/ul>","protected":false},"excerpt":{"rendered":"<p>Restores injector performance and engine efficiency instantly. Our injector cleaner is specially formulated to remove carbon deposits, varnish, and fuel residues that accumulate inside fuel injectors over time. By cleaning and restoring proper spray patterns, it helps improve combustion quality, resulting in smoother acceleration, improved responsiveness, and more stable engine operation. The most effective injector [&hellip;]<\/p>\n","protected":false},"featured_media":23080,"comment_status":"open","ping_status":"closed","template":"","meta":{"_uag_custom_page_level_css":"","site-sidebar-layout":"default","site-content-layout":"","ast-site-content-layout":"default","site-content-style":"default","site-sidebar-style":"default","ast-global-header-display":"","ast-banner-title-visibility":"","ast-main-header-display":"","ast-hfb-above-header-display":"","ast-hfb-below-header-display":"","ast-hfb-mobile-header-display":"","site-post-title":"","ast-breadcrumbs-content":"","ast-featured-img":"","footer-sml-layout":"","ast-disable-related-posts":"","theme-transparent-header-meta":"default","adv-header-id-meta":"","stick-header-meta":"","header-above-stick-meta":"","header-main-stick-meta":"","header-below-stick-meta":"","astra-migrate-meta-layouts":"set","ast-page-background-enabled":"default","ast-page-background-meta":{"desktop":{"background-color":"var(--ast-global-color-4)","background-image":"","background-repeat":"repeat","background-position":"center center","background-size":"auto","background-attachment":"scroll","background-type":"","background-media":"","overlay-type":"","overlay-color":"","overlay-opacity":"","overlay-gradient":""},"tablet":{"background-color":"","background-image":"","background-repeat":"repeat","background-position":"center center","background-size":"auto","background-attachment":"scroll","background-type":"","background-media":"","overlay-type":"","overlay-color":"","overlay-opacity":"","overlay-gradient":""},"mobile":{"background-color":"","background-image":"","background-repeat":"repeat","background-position":"center center","background-size":"auto","background-attachment":"scroll","background-type":"","background-media":"","overlay-type":"","overlay-color":"","overlay-opacity":"","overlay-gradient":""}},"ast-content-background-meta":{"desktop":{"background-color":"var(--ast-global-color-5)","background-image":"","background-repeat":"repeat","background-position":"center center","background-size":"auto","background-attachment":"scroll","background-type":"","background-media":"","overlay-type":"","overlay-color":"","overlay-opacity":"","overlay-gradient":""},"tablet":{"background-color":"var(--ast-global-color-5)","background-image":"","background-repeat":"repeat","background-position":"center center","background-size":"auto","background-attachment":"scroll","background-type":"","background-media":"","overlay-type":"","overlay-color":"","overlay-opacity":"","overlay-gradient":""},"mobile":{"background-color":"var(--ast-global-color-5)","background-image":"","background-repeat":"repeat","background-position":"center center","background-size":"auto","background-attachment":"scroll","background-type":"","background-media":"","overlay-type":"","overlay-color":"","overlay-opacity":"","overlay-gradient":""}}},"product_brand":[],"product_cat":[176],"product_tag":[],"class_list":{"0":"post-23011","1":"product","2":"type-product","3":"status-publish","4":"has-post-thumbnail","6":"product_cat-automotive","7":"desktop-align-left","8":"tablet-align-left","9":"mobile-align-left","11":"first","12":"instock","13":"shipping-taxable","14":"purchasable","15":"product-type-simple"},"spectra_custom_meta":{"_visibility":["visible"],"_shopify_product_id":["7960307794140"],"_s2w_shopify_domain":["noleaky.myshopify.com"],"_shopify_variant_id":["43735169171676"],"_sku":["NLINJECTORCLEANER"],"_regular_price":["29.90"],"_price":["29.90"],"_sale_price":[""],"_weight":["0.35"],"_thumbnail_id":["23080"],"_global_unique_id":["5056773800823"],"total_sales":["25"],"_tax_status":["taxable"],"_tax_class":[""],"_manage_stock":["no"],"_backorders":["no"],"_sold_individually":["no"],"_virtual":["no"],"_downloadable":["no"],"_download_limit":["-1"],"_download_expiry":["-1"],"_stock":[null],"_stock_status":["instock"],"_wc_average_rating":["4.93"],"_wc_review_count":["76"],"_product_version":["10.5.2"],"_edit_lock":["1772372729:1"],"merchant-center-availability":["yes"],"merchant-center-category":["2788"],"merchant-center-id":["INJECTORCLEANER"],"_edit_last":["1"],"_wp_page_template":["default"],"site-sidebar-layout":["default"],"ast-site-content-layout":["default"],"site-content-style":["default"],"site-sidebar-style":["default"],"theme-transparent-header-meta":["default"],"_wc_rating_count":["a:2:{i:4;i:5;i:5;i:71;}"],"_upsell_ids":["a:3:{i:0;i:22975;i:1;i:22985;i:2;i:23025;}"],"_crosssell_ids":["a:3:{i:0;i:22975;i:1;i:22985;i:2;i:23025;}"],"astra-migrate-meta-layouts":["set"],"_uag_css_file_name":["uag-css-23011.css"],"_elementor_page_assets":["a:0:{}"],"_uag_page_assets":["a:9:{s:3:\"css\";s:7156:\".uag-blocks-common-selector{z-index:var(--z-index-desktop) !important}@media (max-width: 976px){.uag-blocks-common-selector{z-index:var(--z-index-tablet) !important}}@media (max-width: 767px){.uag-blocks-common-selector{z-index:var(--z-index-mobile) !important}}\n.wp-block-uagb-image{display:flex}.wp-block-uagb-image__figure{position:relative;display:flex;flex-direction:column;max-width:100%;height:auto;margin:0}.wp-block-uagb-image__figure img{height:auto;display:flex;max-width:100%;transition:box-shadow 0.2s ease}.wp-block-uagb-image__figure>a{display:inline-block}.wp-block-uagb-image__figure figcaption{text-align:center;margin-top:0.5em;margin-bottom:1em}.wp-block-uagb-image .components-placeholder.block-editor-media-placeholder .components-placeholder__instructions{align-self:center}.wp-block-uagb-image--align-left{text-align:left}.wp-block-uagb-image--align-right{text-align:right}.wp-block-uagb-image--align-center{text-align:center}.wp-block-uagb-image--align-full .wp-block-uagb-image__figure{margin-left:calc(50% - 50vw);margin-right:calc(50% - 50vw);max-width:100vw;width:100vw;height:auto}.wp-block-uagb-image--align-full .wp-block-uagb-image__figure img{height:auto;width:100% !important}.wp-block-uagb-image--align-wide .wp-block-uagb-image__figure img{height:auto;width:100%}.wp-block-uagb-image--layout-overlay__color-wrapper{position:absolute;left:0;top:0;right:0;bottom:0;opacity:0.2;background:rgba(0,0,0,0.5);transition:opacity 0.35s ease-in-out}.wp-block-uagb-image--layout-overlay-link{position:absolute;left:0;right:0;bottom:0;top:0}.wp-block-uagb-image--layout-overlay .wp-block-uagb-image__figure:hover .wp-block-uagb-image--layout-overlay__color-wrapper{opacity:1}.wp-block-uagb-image--layout-overlay__inner{position:absolute;left:15px;right:15px;bottom:15px;top:15px;display:flex;align-items:center;justify-content:center;flex-direction:column;border-color:#fff;transition:0.35s ease-in-out}.wp-block-uagb-image--layout-overlay__inner.top-left,.wp-block-uagb-image--layout-overlay__inner.top-center,.wp-block-uagb-image--layout-overlay__inner.top-right{justify-content:flex-start}.wp-block-uagb-image--layout-overlay__inner.bottom-left,.wp-block-uagb-image--layout-overlay__inner.bottom-center,.wp-block-uagb-image--layout-overlay__inner.bottom-right{justify-content:flex-end}.wp-block-uagb-image--layout-overlay__inner.top-left,.wp-block-uagb-image--layout-overlay__inner.center-left,.wp-block-uagb-image--layout-overlay__inner.bottom-left{align-items:flex-start}.wp-block-uagb-image--layout-overlay__inner.top-right,.wp-block-uagb-image--layout-overlay__inner.center-right,.wp-block-uagb-image--layout-overlay__inner.bottom-right{align-items:flex-end}.wp-block-uagb-image--layout-overlay__inner .uagb-image-heading{color:#fff;transition:transform 0.35s, opacity 0.35s ease-in-out;transform:translate3d(0, 24px, 0);margin:0;line-height:1em}.wp-block-uagb-image--layout-overlay__inner .uagb-image-separator{width:30%;border-top-width:2px;border-top-color:#fff;border-top-style:solid;margin-bottom:10px;opacity:0;transition:transform 0.4s, opacity 0.4s ease-in-out;transform:translate3d(0, 30px, 0)}.wp-block-uagb-image--layout-overlay__inner .uagb-image-caption{opacity:0;overflow:visible;color:#fff;transition:transform 0.45s, opacity 0.45s ease-in-out;transform:translate3d(0, 35px, 0)}.wp-block-uagb-image--layout-overlay__inner:hover .uagb-image-heading,.wp-block-uagb-image--layout-overlay__inner:hover .uagb-image-separator,.wp-block-uagb-image--layout-overlay__inner:hover .uagb-image-caption{opacity:1;transform:translate3d(0, 0, 0)}.wp-block-uagb-image--effect-zoomin .wp-block-uagb-image__figure img,.wp-block-uagb-image--effect-zoomin .wp-block-uagb-image__figure .wp-block-uagb-image--layout-overlay__color-wrapper{transform:scale(1);transition:transform 0.35s ease-in-out}.wp-block-uagb-image--effect-zoomin .wp-block-uagb-image__figure:hover img,.wp-block-uagb-image--effect-zoomin .wp-block-uagb-image__figure:hover .wp-block-uagb-image--layout-overlay__color-wrapper{transform:scale(1.05)}.wp-block-uagb-image--effect-slide .wp-block-uagb-image__figure img,.wp-block-uagb-image--effect-slide .wp-block-uagb-image__figure .wp-block-uagb-image--layout-overlay__color-wrapper{width:calc(100% + 40px) !important;max-width:none !important;transform:translate3d(-40px, 0, 0);transition:transform 0.35s ease-in-out}.wp-block-uagb-image--effect-slide .wp-block-uagb-image__figure:hover img,.wp-block-uagb-image--effect-slide .wp-block-uagb-image__figure:hover .wp-block-uagb-image--layout-overlay__color-wrapper{transform:translate3d(0, 0, 0)}.wp-block-uagb-image--effect-grayscale img{filter:grayscale(0%);transition:0.35s ease-in-out}.wp-block-uagb-image--effect-grayscale:hover img{filter:grayscale(100%)}.wp-block-uagb-image--effect-blur img{filter:blur(0);transition:0.35s ease-in-out}.wp-block-uagb-image--effect-blur:hover img{filter:blur(3px)}\n.uagb-block-e6f939b3.wp-block-uagb-image--layout-default figure img{box-shadow: 0px 0px 0 #00000070;}.uagb-block-e6f939b3.wp-block-uagb-image .wp-block-uagb-image__figure figcaption{font-style: normal;align-self: center;}.uagb-block-e6f939b3.wp-block-uagb-image--layout-overlay figure img{box-shadow: 0px 0px 0 #00000070;}.uagb-block-e6f939b3.wp-block-uagb-image--layout-overlay .wp-block-uagb-image--layout-overlay__color-wrapper{opacity: 0.2;}.uagb-block-e6f939b3.wp-block-uagb-image--layout-overlay .wp-block-uagb-image--layout-overlay__inner{left: 15px;right: 15px;top: 15px;bottom: 15px;}.uagb-block-e6f939b3.wp-block-uagb-image--layout-overlay .wp-block-uagb-image--layout-overlay__inner .uagb-image-heading{font-style: normal;color: #fff;opacity: 1;}.uagb-block-e6f939b3.wp-block-uagb-image--layout-overlay .wp-block-uagb-image--layout-overlay__inner .uagb-image-heading a{color: #fff;}.uagb-block-e6f939b3.wp-block-uagb-image--layout-overlay .wp-block-uagb-image--layout-overlay__inner .uagb-image-caption{opacity: 0;}.uagb-block-e6f939b3.wp-block-uagb-image--layout-overlay .wp-block-uagb-image__figure:hover .wp-block-uagb-image--layout-overlay__color-wrapper{opacity: 1;}.uagb-block-e6f939b3.wp-block-uagb-image .wp-block-uagb-image--layout-overlay__inner .uagb-image-separator{width: 30%;border-top-width: 2px;border-top-color: #fff;opacity: 0;}.uagb-block-e6f939b3.wp-block-uagb-image .wp-block-uagb-image__figure img{width: px;height: auto;}.uagb-block-e6f939b3.wp-block-uagb-image .wp-block-uagb-image__figure:hover .wp-block-uagb-image--layout-overlay__inner .uagb-image-caption{opacity: 1;}.uagb-block-e6f939b3.wp-block-uagb-image .wp-block-uagb-image__figure:hover .wp-block-uagb-image--layout-overlay__inner .uagb-image-separator{opacity: 1;}.uagb-block-e6f939b3.wp-block-uagb-image--layout-default figure:hover img{box-shadow: 0px 0px 0 #00000070;}.uagb-block-e6f939b3.wp-block-uagb-image--layout-overlay figure:hover img{box-shadow: 0px 0px 0 #00000070;}@media only screen and (max-width: 976px) {.uagb-block-e6f939b3.wp-block-uagb-image .wp-block-uagb-image__figure img{width: px;height: auto;}}@media only screen and (max-width: 767px) {.uagb-block-e6f939b3.wp-block-uagb-image .wp-block-uagb-image__figure img{width: px;height: auto;}}\";s:2:\"js\";s:0:\"\";s:18:\"current_block_list\";a:13:{i:0;s:11:\"core\/search\";i:1;s:10:\"core\/group\";i:2;s:12:\"core\/heading\";i:3;s:17:\"core\/latest-posts\";i:4;s:20:\"core\/latest-comments\";i:5;s:13:\"core\/archives\";i:6;s:15:\"core\/categories\";i:7;s:14:\"core\/paragraph\";i:8;s:10:\"uagb\/image\";i:9;s:11:\"core\/spacer\";i:10;s:30:\"woocommerce\/product-categories\";i:11;s:10:\"core\/image\";i:12;s:14:\"core\/shortcode\";}s:8:\"uag_flag\";b:1;s:11:\"uag_version\";s:10:\"1776751931\";s:6:\"gfonts\";a:0:{}s:10:\"gfonts_url\";s:0:\"\";s:12:\"gfonts_files\";a:0:{}s:14:\"uag_faq_layout\";b:0;}"]},"uagb_featured_image_src":{"full":["https:\/\/www.noleaky.com\/wp-content\/uploads\/2025\/06\/2.h.Injector-Cleaner_4000x4000_31d43540-c40d-4df5-895e-ea3ec8828cfb.png",2560,2560,false],"thumbnail":["https:\/\/www.noleaky.com\/wp-content\/uploads\/2025\/06\/2.h.Injector-Cleaner_4000x4000_31d43540-c40d-4df5-895e-ea3ec8828cfb-150x150.png",150,150,true],"medium":["https:\/\/www.noleaky.com\/wp-content\/uploads\/2025\/06\/2.h.Injector-Cleaner_4000x4000_31d43540-c40d-4df5-895e-ea3ec8828cfb-300x300.png",300,300,true],"medium_large":["https:\/\/www.noleaky.com\/wp-content\/uploads\/2025\/06\/2.h.Injector-Cleaner_4000x4000_31d43540-c40d-4df5-895e-ea3ec8828cfb-768x768.png",768,768,true],"large":["https:\/\/www.noleaky.com\/wp-content\/uploads\/2025\/06\/2.h.Injector-Cleaner_4000x4000_31d43540-c40d-4df5-895e-ea3ec8828cfb-1024x1024.png",1024,1024,true],"1536x1536":["https:\/\/www.noleaky.com\/wp-content\/uploads\/2025\/06\/2.h.Injector-Cleaner_4000x4000_31d43540-c40d-4df5-895e-ea3ec8828cfb-1536x1536.png",1536,1536,true],"2048x2048":["https:\/\/www.noleaky.com\/wp-content\/uploads\/2025\/06\/2.h.Injector-Cleaner_4000x4000_31d43540-c40d-4df5-895e-ea3ec8828cfb-2048x2048.png",2048,2048,true],"trp-custom-language-flag":["https:\/\/www.noleaky.com\/wp-content\/uploads\/2025\/06\/2.h.Injector-Cleaner_4000x4000_31d43540-c40d-4df5-895e-ea3ec8828cfb-12x12.png",12,12,true],"woocommerce_thumbnail":["https:\/\/www.noleaky.com\/wp-content\/uploads\/2025\/06\/2.h.Injector-Cleaner_4000x4000_31d43540-c40d-4df5-895e-ea3ec8828cfb-300x300.png",300,300,true],"woocommerce_single":["https:\/\/www.noleaky.com\/wp-content\/uploads\/2025\/06\/2.h.Injector-Cleaner_4000x4000_31d43540-c40d-4df5-895e-ea3ec8828cfb-600x600.png",600,600,true],"woocommerce_gallery_thumbnail":["https:\/\/www.noleaky.com\/wp-content\/uploads\/2025\/06\/2.h.Injector-Cleaner_4000x4000_31d43540-c40d-4df5-895e-ea3ec8828cfb-100x100.png",100,100,true]},"uagb_author_info":{"display_name":"admin","author_link":"https:\/\/www.noleaky.com\/cz\/author\/"},"uagb_comment_info":76,"uagb_excerpt":"Restores injector performance and engine efficiency instantly. Our injector cleaner is specially formulated to remove carbon deposits, varnish, and fuel residues that accumulate inside fuel injectors over time. By cleaning and restoring proper spray patterns, it helps improve combustion quality, resulting in smoother acceleration, improved responsiveness, and more stable engine operation. The most effective injector&hellip;","_links":{"self":[{"href":"https:\/\/www.noleaky.com\/cz\/wp-json\/wp\/v2\/product\/23011","targetHints":{"allow":["GET"]}}],"collection":[{"href":"https:\/\/www.noleaky.com\/cz\/wp-json\/wp\/v2\/product"}],"about":[{"href":"https:\/\/www.noleaky.com\/cz\/wp-json\/wp\/v2\/types\/product"}],"replies":[{"embeddable":true,"href":"https:\/\/www.noleaky.com\/cz\/wp-json\/wp\/v2\/comments?post=23011"}],"version-history":[{"count":4,"href":"https:\/\/www.noleaky.com\/cz\/wp-json\/wp\/v2\/product\/23011\/revisions"}],"predecessor-version":[{"id":33268,"href":"https:\/\/www.noleaky.com\/cz\/wp-json\/wp\/v2\/product\/23011\/revisions\/33268"}],"wp:featuredmedia":[{"embeddable":true,"href":"https:\/\/www.noleaky.com\/cz\/wp-json\/wp\/v2\/media\/23080"}],"wp:attachment":[{"href":"https:\/\/www.noleaky.com\/cz\/wp-json\/wp\/v2\/media?parent=23011"}],"wp:term":[{"taxonomy":"product_brand","embeddable":true,"href":"https:\/\/www.noleaky.com\/cz\/wp-json\/wp\/v2\/product_brand?post=23011"},{"taxonomy":"product_cat","embeddable":true,"href":"https:\/\/www.noleaky.com\/cz\/wp-json\/wp\/v2\/product_cat?post=23011"},{"taxonomy":"product_tag","embeddable":true,"href":"https:\/\/www.noleaky.com\/cz\/wp-json\/wp\/v2\/product_tag?post=23011"}],"curies":[{"name":"wp","href":"https:\/\/api.w.org\/{rel}","templated":true}]}}