{"id":23004,"date":"2025-06-02T15:49:13","date_gmt":"2025-06-02T13:49:13","guid":{"rendered":"https:\/\/www.noleaky.com\/products\/inhibited-antifreeze\/"},"modified":"2026-03-01T14:51:36","modified_gmt":"2026-03-01T13:51:36","slug":"inhibited-antifreeze","status":"publish","type":"product","link":"https:\/\/www.noleaky.com\/cz\/products\/inhibited-antifreeze\/","title":{"rendered":"Inhibovan\u00e1 nemrznouc\u00ed sm\u011bs"},"content":{"rendered":"<p><strong><img decoding=\"async\" style=\"margin-right: 12px;\" src=\"https:\/\/www.noleaky.com\/wp-content\/uploads\/2026\/02\/Check.svg\" alt=\"\" width=\"18\" height=\"15\" \/>Kompletn\u00ed ochrana proti mrazu a korozi pro topn\u00e9 syst\u00e9my a\u017e do -37 \u00b0C.<\/strong> Na\u0161e nemrznouc\u00ed sm\u011bs s inhibitorem kotl\u016f je speci\u00e1ln\u011b vyvinuta tak, aby chr\u00e1nila syst\u00e9my \u00fast\u0159edn\u00edho vyt\u00e1p\u011bn\u00ed p\u0159ed zamrznut\u00edm p\u0159i extr\u00e9mn\u00edch teplot\u00e1ch a\u017e -37 stup\u0148\u016f Celsia. Zabra\u0148uje tvorb\u011b ledu uvnit\u0159 potrub\u00ed, radi\u00e1tor\u016f a kotl\u016f, \u010d\u00edm\u017e eliminuje riziko n\u00e1kladn\u00fdch \u0161kod zp\u016fsoben\u00fdch mrazem b\u011bhem n\u00e1ro\u010dn\u00fdch zimn\u00edch podm\u00ednek.<\/p>\n<p><strong><img decoding=\"async\" style=\"margin-right: 12px;\" src=\"https:\/\/www.noleaky.com\/wp-content\/uploads\/2026\/02\/Check.svg\" alt=\"\" width=\"18\" height=\"15\" \/>Nej\u00fa\u010dinn\u011bj\u0161\u00ed dostupn\u00fd p\u0159\u00edpravek s dvoj\u00edm ochrann\u00fdm \u00fa\u010dinkem.<\/strong> Jedn\u00e1 se o nej\u00fa\u010dinn\u011bj\u0161\u00ed nemrznouc\u00ed sm\u011bs do kotl\u016f na trhu, proto\u017ee kombinuje \u00fa\u010dinnou ochranu proti mrazu s pokro\u010dil\u00fdmi inhibitory koroze. Nejen\u017ee zabra\u0148uje zamrz\u00e1n\u00ed, ale tak\u00e9 chr\u00e1n\u00ed vnit\u0159n\u00ed kovov\u00e9 sou\u010d\u00e1sti p\u0159ed koroz\u00ed, usazov\u00e1n\u00edm vodn\u00edho kamene a tvorbou kal\u016f.<\/p>\n<p><strong><img decoding=\"async\" style=\"margin-right: 12px;\" src=\"https:\/\/www.noleaky.com\/wp-content\/uploads\/2026\/02\/Check.svg\" alt=\"\" width=\"18\" height=\"15\" \/>Nejlevn\u011bj\u0161\u00ed vysoce \u00fa\u010dinn\u00e1 nemrznouc\u00ed sm\u011bs pro kotle.<\/strong> Nab\u00edz\u00edme profesion\u00e1ln\u00ed ochranu proti mrazu a korozi za nejv\u00fdhodn\u011bj\u0161\u00ed cenu. Na\u0161e nemrznouc\u00ed sm\u011bs s inhibic\u00ed kotl\u016f je nejlevn\u011bj\u0161\u00edm \u0159e\u0161en\u00edm ve sv\u00e9 kategorii, ani\u017e by byla ohro\u017eena kvalita nebo spolehlivost, tak\u017ee je ide\u00e1ln\u00ed pro majitele dom\u016f a topen\u00e1\u0159e.<\/p>\n<p><strong><img decoding=\"async\" style=\"margin-right: 12px;\" src=\"https:\/\/www.noleaky.com\/wp-content\/uploads\/2026\/02\/Check.svg\" alt=\"\" width=\"18\" height=\"15\" \/>Zaru\u010den\u00e9 doru\u010den\u00ed do 24 hodin pro nal\u00e9havou p\u0159\u00edpravu na zimu.<\/strong> Chladn\u00e9 po\u010das\u00ed m\u016f\u017ee p\u0159ij\u00edt ne\u010dekan\u011b. Proto v\u00e1m garantujeme dod\u00e1vku 24 hodin denn\u011b, abyste mohli okam\u017eit\u011b ochr\u00e1nit sv\u016fj topn\u00fd syst\u00e9m a vyhnout se havarijn\u00edm oprav\u00e1m.<\/p>\n<p><strong><img decoding=\"async\" style=\"margin-right: 12px;\" src=\"https:\/\/www.noleaky.com\/wp-content\/uploads\/2026\/02\/Check.svg\" alt=\"\" width=\"18\" height=\"15\" \/>Z\u00e1ruka vr\u00e1cen\u00ed pen\u011bz pro naprostou jistotu.<\/strong> Za v\u00fdkonem na\u0161\u00ed nemrznouc\u00ed sm\u011bsi s inhibitorem kotle si pln\u011b stoj\u00edme. Pokud nebudete spokojeni, nab\u00edz\u00edme z\u00e1ruku vr\u00e1cen\u00ed pen\u011bz. Jednodu\u0161e n\u00e1s kontaktujte a my v\u00e1m vr\u00e1t\u00edme pen\u00edze za n\u00e1kup, \u010d\u00edm\u017e v\u00e1m poskytneme zcela bezrizikovou zku\u0161enost.<\/p>\n<p><strong><img decoding=\"async\" style=\"margin-right: 12px;\" src=\"https:\/\/www.noleaky.com\/wp-content\/uploads\/2026\/02\/Check.svg\" alt=\"\" width=\"18\" height=\"15\" \/>Zabra\u0148uje korozi a vnit\u0159n\u00ed degradaci.<\/strong> Krom\u011b ochrany proti zamrznut\u00ed vytv\u00e1\u0159ej\u00ed integrovan\u00e9 inhibitory koroze ochrannou vrstvu na vnit\u0159n\u00edch kovov\u00fdch povr\u0161\u00edch, \u010d\u00edm\u017e omezuj\u00ed tvorbu rzi a prodlu\u017euj\u00ed \u017eivotnost kotl\u016f, \u010derpadel a radi\u00e1tor\u016f.<\/p>\n<p><strong><img decoding=\"async\" style=\"margin-right: 12px;\" src=\"https:\/\/www.noleaky.com\/wp-content\/uploads\/2026\/02\/Check.svg\" alt=\"\" width=\"18\" height=\"15\" \/>Sni\u017euje tvorbu kal\u016f a usazenin.<\/strong> Slo\u017een\u00ed pom\u00e1h\u00e1 minimalizovat tvorbu vodn\u00edho kamene a magnetitov\u00fdch usazenin, udr\u017euje \u00fa\u010dinnou cirkulaci vody a optim\u00e1ln\u00ed p\u0159enos tepla v syst\u00e9mu.<\/p>\n<p><strong><img decoding=\"async\" style=\"margin-right: 12px;\" src=\"https:\/\/www.noleaky.com\/wp-content\/uploads\/2026\/02\/Check.svg\" alt=\"\" width=\"18\" height=\"15\" \/>Udr\u017euje \u00fa\u010dinnost syst\u00e9mu v extr\u00e9mn\u00edch podm\u00ednk\u00e1ch.<\/strong> Nemrznouc\u00ed sm\u011bs zabra\u0148uje zamrz\u00e1n\u00ed a tvorb\u011b vnit\u0159n\u00edch usazenin a zaji\u0161\u0165uje tak st\u00e1lou distribuci tepla a stabiln\u00ed v\u00fdkon kotle i b\u011bhem dlouh\u00fdch chladn\u00fdch obdob\u00ed.<\/p>\n<p><strong><img decoding=\"async\" style=\"margin-right: 12px;\" src=\"https:\/\/www.noleaky.com\/wp-content\/uploads\/2026\/02\/Check.svg\" alt=\"\" width=\"18\" height=\"15\" \/>Kompatibiln\u00ed s v\u011bt\u0161inou syst\u00e9m\u016f \u00fast\u0159edn\u00edho vyt\u00e1p\u011bn\u00ed.<\/strong> Vhodn\u00e9 pro uzav\u0159en\u00e9 i otev\u0159en\u00e9 topn\u00e9 syst\u00e9my, v\u010detn\u011b t\u011bch, kter\u00e9 obsahuj\u00ed hlin\u00edkov\u00e9, ocelov\u00e9, m\u011bd\u011bn\u00e9 a mosazn\u00e9 sou\u010d\u00e1sti, pokud jsou pou\u017e\u00edv\u00e1ny v souladu s pokyny v\u00fdrobce.<\/p>\n<p><strong><img decoding=\"async\" style=\"margin-right: 12px;\" src=\"https:\/\/www.noleaky.com\/wp-content\/uploads\/2026\/02\/Check.svg\" alt=\"\" width=\"18\" height=\"15\" \/>Vysok\u00e9 pokryt\u00ed syst\u00e9mu s dlouhotrvaj\u00edc\u00ed ochranou.<\/strong> Jedna n\u00e1doba je ur\u010dena k o\u0161et\u0159en\u00ed standardn\u00edho dom\u00e1c\u00edho topn\u00e9ho syst\u00e9mu, poskytuje pln\u00e9 vnit\u0159n\u00ed pokryt\u00ed a prodlou\u017eenou ochranu proti mrazu a korozi bez nutnosti pou\u017eit\u00ed dal\u0161\u00edch aditiv.<\/p>\n<h2><strong>Pokyny<\/strong><\/h2>\n<ul>\n<li>P\u0159ed p\u0159id\u00e1n\u00edm v\u00fdrobku se ujist\u011bte, \u017ee je topn\u00fd syst\u00e9m vypnut\u00fd a zcela vychladl\u00fd.<\/li>\n<li>Pokud syst\u00e9m obsahuje starou nebo zne\u010di\u0161t\u011bnou vodu, zva\u017ete jej\u00ed propl\u00e1chnut\u00ed p\u0159ed zaveden\u00edm nemrznouc\u00ed sm\u011bsi, abyste dos\u00e1hli optim\u00e1ln\u00edho v\u00fdkonu.<\/li>\n<li>P\u0159ed pou\u017eit\u00edm n\u00e1dobu d\u016fkladn\u011b prot\u0159epejte.<\/li>\n<li>V p\u0159\u00edpad\u011b pot\u0159eby vypus\u0165te ze syst\u00e9mu p\u0159im\u011b\u0159en\u00e9 mno\u017estv\u00ed vody, aby byla zaji\u0161t\u011bna spr\u00e1vn\u00e1 koncentrace nemrznouc\u00ed kapaliny.<\/li>\n<li>Nemrznouc\u00ed sm\u011bs s inhibitorem kotle p\u0159id\u00e1vejte p\u0159es radi\u00e1tor, d\u00e1vkovac\u00ed n\u00e1dobu, plnic\u00ed smy\u010dku nebo expanzn\u00ed n\u00e1dobu podle konfigurace syst\u00e9mu.<\/li>\n<li>Doporu\u010den\u00e9 d\u00e1vkov\u00e1n\u00ed z\u00e1vis\u00ed na po\u017eadovan\u00e9 \u00farovni ochrany proti mrazu. Pro ochranu a\u017e do -37 \u00b0C pou\u017eijte p\u0159\u00edpravek v koncentraci uveden\u00e9 na \u0161t\u00edtku, obvykle kolem 40-50 % celkov\u00e9ho objemu syst\u00e9mu.<\/li>\n<li>Po napln\u011bn\u00ed nechte topn\u00fd syst\u00e9m b\u011b\u017eet alespo\u0148 30 minut, aby byla zaji\u0161t\u011bna \u00fapln\u00e1 cirkulace a rovnom\u011brn\u00e9 rozlo\u017een\u00ed.<\/li>\n<li>Odvzdu\u0161n\u011bte chladi\u010de, abyste odstranili ve\u0161ker\u00fd zachycen\u00fd vzduch, a zkontrolujte tlak v syst\u00e9mu a v p\u0159\u00edpad\u011b pot\u0159eby jej upravte.<\/li>\n<li>Pravideln\u011b kontrolujte koncentraci nemrznouc\u00ed kapaliny, zejm\u00e9na po vypu\u0161t\u011bn\u00ed nebo dopln\u011bn\u00ed syst\u00e9mu.<\/li>\n<li>V\u00fdrobek skladujte v uzav\u0159en\u00e9m obalu na chladn\u00e9m a such\u00e9m m\u00edst\u011b mimo dosah p\u0159\u00edm\u00e9ho slune\u010dn\u00edho z\u00e1\u0159en\u00ed a extr\u00e9mn\u00edch zdroj\u016f tepla.<\/li>\n<\/ul>","protected":false},"excerpt":{"rendered":"<p>Complete frost and corrosion protection for heating systems down to -37\u00b0 C. Our boiler inhibited antifreeze is specially formulated to protect central heating systems from freezing in extreme temperatures as low as -37 degrees Celsius. It prevents ice formation inside pipes, radiators, and boilers, eliminating the risk of costly freeze damage during severe winter conditions. [&hellip;]<\/p>\n","protected":false},"featured_media":23074,"comment_status":"open","ping_status":"closed","template":"","meta":{"_uag_custom_page_level_css":"","site-sidebar-layout":"default","site-content-layout":"","ast-site-content-layout":"default","site-content-style":"default","site-sidebar-style":"default","ast-global-header-display":"","ast-banner-title-visibility":"","ast-main-header-display":"","ast-hfb-above-header-display":"","ast-hfb-below-header-display":"","ast-hfb-mobile-header-display":"","site-post-title":"","ast-breadcrumbs-content":"","ast-featured-img":"","footer-sml-layout":"","ast-disable-related-posts":"","theme-transparent-header-meta":"default","adv-header-id-meta":"","stick-header-meta":"","header-above-stick-meta":"","header-main-stick-meta":"","header-below-stick-meta":"","astra-migrate-meta-layouts":"set","ast-page-background-enabled":"default","ast-page-background-meta":{"desktop":{"background-color":"var(--ast-global-color-4)","background-image":"","background-repeat":"repeat","background-position":"center center","background-size":"auto","background-attachment":"scroll","background-type":"","background-media":"","overlay-type":"","overlay-color":"","overlay-opacity":"","overlay-gradient":""},"tablet":{"background-color":"","background-image":"","background-repeat":"repeat","background-position":"center center","background-size":"auto","background-attachment":"scroll","background-type":"","background-media":"","overlay-type":"","overlay-color":"","overlay-opacity":"","overlay-gradient":""},"mobile":{"background-color":"","background-image":"","background-repeat":"repeat","background-position":"center center","background-size":"auto","background-attachment":"scroll","background-type":"","background-media":"","overlay-type":"","overlay-color":"","overlay-opacity":"","overlay-gradient":""}},"ast-content-background-meta":{"desktop":{"background-color":"var(--ast-global-color-5)","background-image":"","background-repeat":"repeat","background-position":"center center","background-size":"auto","background-attachment":"scroll","background-type":"","background-media":"","overlay-type":"","overlay-color":"","overlay-opacity":"","overlay-gradient":""},"tablet":{"background-color":"var(--ast-global-color-5)","background-image":"","background-repeat":"repeat","background-position":"center center","background-size":"auto","background-attachment":"scroll","background-type":"","background-media":"","overlay-type":"","overlay-color":"","overlay-opacity":"","overlay-gradient":""},"mobile":{"background-color":"var(--ast-global-color-5)","background-image":"","background-repeat":"repeat","background-position":"center center","background-size":"auto","background-attachment":"scroll","background-type":"","background-media":"","overlay-type":"","overlay-color":"","overlay-opacity":"","overlay-gradient":""}}},"product_brand":[],"product_cat":[177],"product_tag":[],"class_list":{"0":"post-23004","1":"product","2":"type-product","3":"status-publish","4":"has-post-thumbnail","6":"product_cat-heating-system","7":"desktop-align-left","8":"tablet-align-left","9":"mobile-align-left","11":"first","12":"instock","13":"sale","14":"shipping-taxable","15":"purchasable","16":"product-type-variable","17":"has-default-attributes"},"spectra_custom_meta":{"_visibility":["visible"],"_shopify_product_id":["1771050041378"],"_s2w_shopify_domain":["noleaky.myshopify.com"],"_shopify_variant_id":["16277746057250"],"_manage_stock":["no"],"total_sales":["3"],"_tax_status":["taxable"],"_tax_class":[""],"_backorders":["no"],"_sold_individually":["no"],"_virtual":["no"],"_downloadable":["no"],"_download_limit":["-1"],"_download_expiry":["-1"],"_stock":[null],"_stock_status":["instock"],"_wc_average_rating":["4.85"],"_wc_review_count":["85"],"_product_attributes":["a:1:{s:6:\"volume\";a:6:{s:4:\"name\";s:6:\"Volume\";s:5:\"value\";s:20:\"5 liters | 25 liters\";s:8:\"position\";i:1;s:10:\"is_visible\";i:0;s:12:\"is_variation\";i:1;s:11:\"is_taxonomy\";i:0;}}"],"_product_version":["10.5.2"],"_thumbnail_id":["23074"],"_product_image_gallery":["23075"],"_edit_lock":["1772372962:1"],"merchant-center-availability":["yes"],"merchant-center-category":["6773"],"merchant-center-id":["AC"],"_edit_last":["1"],"_wp_page_template":["default"],"site-sidebar-layout":["default"],"ast-site-content-layout":["default"],"site-content-style":["default"],"site-sidebar-style":["default"],"theme-transparent-header-meta":["default"],"_default_attributes":["a:1:{s:6:\"volume\";s:8:\"5 liters\";}"],"_price":["39.90","99.90"],"_wc_rating_count":["a:3:{i:3;i:2;i:4;i:9;i:5;i:74;}"],"_upsell_ids":["a:3:{i:0;i:22980;i:1;i:23018;i:2;i:23007;}"],"_crosssell_ids":["a:3:{i:0;i:22980;i:1;i:23018;i:2;i:23007;}"],"astra-migrate-meta-layouts":["set"],"_uag_css_file_name":["uag-css-23004.css"],"_elementor_page_assets":["a:0:{}"],"_uag_page_assets":["a:9:{s:3:\"css\";s:7133:\".uag-blocks-common-selector{z-index:var(--z-index-desktop) !important}@media(max-width: 976px){.uag-blocks-common-selector{z-index:var(--z-index-tablet) !important}}@media(max-width: 767px){.uag-blocks-common-selector{z-index:var(--z-index-mobile) !important}}.wp-block-uagb-image{display:flex}.wp-block-uagb-image__figure{position:relative;display:flex;flex-direction:column;max-width:100%;height:auto;margin:0}.wp-block-uagb-image__figure img{height:auto;display:flex;max-width:100%;transition:box-shadow .2s ease}.wp-block-uagb-image__figure>a{display:inline-block}.wp-block-uagb-image__figure figcaption{text-align:center;margin-top:.5em;margin-bottom:1em}.wp-block-uagb-image .components-placeholder.block-editor-media-placeholder .components-placeholder__instructions{align-self:center}.wp-block-uagb-image--align-left{text-align:left}.wp-block-uagb-image--align-right{text-align:right}.wp-block-uagb-image--align-center{text-align:center}.wp-block-uagb-image--align-full .wp-block-uagb-image__figure{margin-left:calc(50% - 50vw);margin-right:calc(50% - 50vw);max-width:100vw;width:100vw;height:auto}.wp-block-uagb-image--align-full .wp-block-uagb-image__figure img{height:auto;width:100% !important}.wp-block-uagb-image--align-wide .wp-block-uagb-image__figure img{height:auto;width:100%}.wp-block-uagb-image--layout-overlay__color-wrapper{position:absolute;left:0;top:0;right:0;bottom:0;opacity:.2;background:rgba(0,0,0,.5);transition:opacity .35s ease-in-out}.wp-block-uagb-image--layout-overlay-link{position:absolute;left:0;right:0;bottom:0;top:0}.wp-block-uagb-image--layout-overlay .wp-block-uagb-image__figure:hover .wp-block-uagb-image--layout-overlay__color-wrapper{opacity:1}.wp-block-uagb-image--layout-overlay__inner{position:absolute;left:15px;right:15px;bottom:15px;top:15px;display:flex;align-items:center;justify-content:center;flex-direction:column;border-color:#fff;transition:.35s ease-in-out}.wp-block-uagb-image--layout-overlay__inner.top-left,.wp-block-uagb-image--layout-overlay__inner.top-center,.wp-block-uagb-image--layout-overlay__inner.top-right{justify-content:flex-start}.wp-block-uagb-image--layout-overlay__inner.bottom-left,.wp-block-uagb-image--layout-overlay__inner.bottom-center,.wp-block-uagb-image--layout-overlay__inner.bottom-right{justify-content:flex-end}.wp-block-uagb-image--layout-overlay__inner.top-left,.wp-block-uagb-image--layout-overlay__inner.center-left,.wp-block-uagb-image--layout-overlay__inner.bottom-left{align-items:flex-start}.wp-block-uagb-image--layout-overlay__inner.top-right,.wp-block-uagb-image--layout-overlay__inner.center-right,.wp-block-uagb-image--layout-overlay__inner.bottom-right{align-items:flex-end}.wp-block-uagb-image--layout-overlay__inner .uagb-image-heading{color:#fff;transition:transform .35s,opacity .35s ease-in-out;transform:translate3d(0, 24px, 0);margin:0;line-height:1em}.wp-block-uagb-image--layout-overlay__inner .uagb-image-separator{width:30%;border-top-width:2px;border-top-color:#fff;border-top-style:solid;margin-bottom:10px;opacity:0;transition:transform .4s,opacity .4s ease-in-out;transform:translate3d(0, 30px, 0)}.wp-block-uagb-image--layout-overlay__inner .uagb-image-caption{opacity:0;overflow:visible;color:#fff;transition:transform .45s,opacity .45s ease-in-out;transform:translate3d(0, 35px, 0)}.wp-block-uagb-image--layout-overlay__inner:hover .uagb-image-heading,.wp-block-uagb-image--layout-overlay__inner:hover .uagb-image-separator,.wp-block-uagb-image--layout-overlay__inner:hover .uagb-image-caption{opacity:1;transform:translate3d(0, 0, 0)}.wp-block-uagb-image--effect-zoomin .wp-block-uagb-image__figure img,.wp-block-uagb-image--effect-zoomin .wp-block-uagb-image__figure .wp-block-uagb-image--layout-overlay__color-wrapper{transform:scale(1);transition:transform .35s ease-in-out}.wp-block-uagb-image--effect-zoomin .wp-block-uagb-image__figure:hover img,.wp-block-uagb-image--effect-zoomin .wp-block-uagb-image__figure:hover .wp-block-uagb-image--layout-overlay__color-wrapper{transform:scale(1.05)}.wp-block-uagb-image--effect-slide .wp-block-uagb-image__figure img,.wp-block-uagb-image--effect-slide .wp-block-uagb-image__figure .wp-block-uagb-image--layout-overlay__color-wrapper{width:calc(100% + 40px) !important;max-width:none !important;transform:translate3d(-40px, 0, 0);transition:transform .35s ease-in-out}.wp-block-uagb-image--effect-slide .wp-block-uagb-image__figure:hover img,.wp-block-uagb-image--effect-slide .wp-block-uagb-image__figure:hover .wp-block-uagb-image--layout-overlay__color-wrapper{transform:translate3d(0, 0, 0)}.wp-block-uagb-image--effect-grayscale img{filter:grayscale(0%);transition:.35s ease-in-out}.wp-block-uagb-image--effect-grayscale:hover img{filter:grayscale(100%)}.wp-block-uagb-image--effect-blur img{filter:blur(0);transition:.35s ease-in-out}.wp-block-uagb-image--effect-blur:hover img{filter:blur(3px)}.uagb-block-e6f939b3.wp-block-uagb-image--layout-default figure img{box-shadow: 0px 0px 0 #00000070;}.uagb-block-e6f939b3.wp-block-uagb-image .wp-block-uagb-image__figure figcaption{font-style: normal;align-self: center;}.uagb-block-e6f939b3.wp-block-uagb-image--layout-overlay figure img{box-shadow: 0px 0px 0 #00000070;}.uagb-block-e6f939b3.wp-block-uagb-image--layout-overlay .wp-block-uagb-image--layout-overlay__color-wrapper{opacity: 0.2;}.uagb-block-e6f939b3.wp-block-uagb-image--layout-overlay .wp-block-uagb-image--layout-overlay__inner{left: 15px;right: 15px;top: 15px;bottom: 15px;}.uagb-block-e6f939b3.wp-block-uagb-image--layout-overlay .wp-block-uagb-image--layout-overlay__inner .uagb-image-heading{font-style: normal;color: #fff;opacity: 1;}.uagb-block-e6f939b3.wp-block-uagb-image--layout-overlay .wp-block-uagb-image--layout-overlay__inner .uagb-image-heading a{color: #fff;}.uagb-block-e6f939b3.wp-block-uagb-image--layout-overlay .wp-block-uagb-image--layout-overlay__inner .uagb-image-caption{opacity: 0;}.uagb-block-e6f939b3.wp-block-uagb-image--layout-overlay .wp-block-uagb-image__figure:hover .wp-block-uagb-image--layout-overlay__color-wrapper{opacity: 1;}.uagb-block-e6f939b3.wp-block-uagb-image .wp-block-uagb-image--layout-overlay__inner .uagb-image-separator{width: 30%;border-top-width: 2px;border-top-color: #fff;opacity: 0;}.uagb-block-e6f939b3.wp-block-uagb-image .wp-block-uagb-image__figure img{width: px;height: auto;}.uagb-block-e6f939b3.wp-block-uagb-image .wp-block-uagb-image__figure:hover .wp-block-uagb-image--layout-overlay__inner .uagb-image-caption{opacity: 1;}.uagb-block-e6f939b3.wp-block-uagb-image .wp-block-uagb-image__figure:hover .wp-block-uagb-image--layout-overlay__inner .uagb-image-separator{opacity: 1;}.uagb-block-e6f939b3.wp-block-uagb-image--layout-default figure:hover img{box-shadow: 0px 0px 0 #00000070;}.uagb-block-e6f939b3.wp-block-uagb-image--layout-overlay figure:hover img{box-shadow: 0px 0px 0 #00000070;}@media only screen and (max-width: 976px) {.uagb-block-e6f939b3.wp-block-uagb-image .wp-block-uagb-image__figure img{width: px;height: auto;}}@media only screen and (max-width: 767px) {.uagb-block-e6f939b3.wp-block-uagb-image .wp-block-uagb-image__figure img{width: px;height: auto;}}\";s:2:\"js\";s:0:\"\";s:18:\"current_block_list\";a:13:{i:0;s:11:\"core\/search\";i:1;s:10:\"core\/group\";i:2;s:12:\"core\/heading\";i:3;s:17:\"core\/latest-posts\";i:4;s:20:\"core\/latest-comments\";i:5;s:13:\"core\/archives\";i:6;s:15:\"core\/categories\";i:7;s:14:\"core\/paragraph\";i:8;s:10:\"uagb\/image\";i:9;s:11:\"core\/spacer\";i:10;s:30:\"woocommerce\/product-categories\";i:11;s:10:\"core\/image\";i:12;s:14:\"core\/shortcode\";}s:8:\"uag_flag\";b:1;s:11:\"uag_version\";s:10:\"1776861165\";s:6:\"gfonts\";a:0:{}s:10:\"gfonts_url\";s:0:\"\";s:12:\"gfonts_files\";a:0:{}s:14:\"uag_faq_layout\";b:0;}"]},"uagb_featured_image_src":{"full":["https:\/\/www.noleaky.com\/wp-content\/uploads\/2025\/06\/InhibitedAntifreeze5L.jpg",2560,2560,false],"thumbnail":["https:\/\/www.noleaky.com\/wp-content\/uploads\/2025\/06\/InhibitedAntifreeze5L-150x150.jpg",150,150,true],"medium":["https:\/\/www.noleaky.com\/wp-content\/uploads\/2025\/06\/InhibitedAntifreeze5L-300x300.jpg",300,300,true],"medium_large":["https:\/\/www.noleaky.com\/wp-content\/uploads\/2025\/06\/InhibitedAntifreeze5L-768x768.jpg",768,768,true],"large":["https:\/\/www.noleaky.com\/wp-content\/uploads\/2025\/06\/InhibitedAntifreeze5L-1024x1024.jpg",1024,1024,true],"1536x1536":["https:\/\/www.noleaky.com\/wp-content\/uploads\/2025\/06\/InhibitedAntifreeze5L-1536x1536.jpg",1536,1536,true],"2048x2048":["https:\/\/www.noleaky.com\/wp-content\/uploads\/2025\/06\/InhibitedAntifreeze5L-2048x2048.jpg",2048,2048,true],"trp-custom-language-flag":["https:\/\/www.noleaky.com\/wp-content\/uploads\/2025\/06\/InhibitedAntifreeze5L-12x12.jpg",12,12,true],"woocommerce_thumbnail":["https:\/\/www.noleaky.com\/wp-content\/uploads\/2025\/06\/InhibitedAntifreeze5L-300x300.jpg",300,300,true],"woocommerce_single":["https:\/\/www.noleaky.com\/wp-content\/uploads\/2025\/06\/InhibitedAntifreeze5L-600x600.jpg",600,600,true],"woocommerce_gallery_thumbnail":["https:\/\/www.noleaky.com\/wp-content\/uploads\/2025\/06\/InhibitedAntifreeze5L-100x100.jpg",100,100,true]},"uagb_author_info":{"display_name":"admin","author_link":"https:\/\/www.noleaky.com\/cz\/author\/"},"uagb_comment_info":85,"uagb_excerpt":"Complete frost and corrosion protection for heating systems down to -37\u00b0 C. Our boiler inhibited antifreeze is specially formulated to protect central heating systems from freezing in extreme temperatures as low as -37 degrees Celsius. It prevents ice formation inside pipes, radiators, and boilers, eliminating the risk of costly freeze damage during severe winter conditions.&hellip;","_links":{"self":[{"href":"https:\/\/www.noleaky.com\/cz\/wp-json\/wp\/v2\/product\/23004","targetHints":{"allow":["GET"]}}],"collection":[{"href":"https:\/\/www.noleaky.com\/cz\/wp-json\/wp\/v2\/product"}],"about":[{"href":"https:\/\/www.noleaky.com\/cz\/wp-json\/wp\/v2\/types\/product"}],"replies":[{"embeddable":true,"href":"https:\/\/www.noleaky.com\/cz\/wp-json\/wp\/v2\/comments?post=23004"}],"version-history":[{"count":4,"href":"https:\/\/www.noleaky.com\/cz\/wp-json\/wp\/v2\/product\/23004\/revisions"}],"predecessor-version":[{"id":33271,"href":"https:\/\/www.noleaky.com\/cz\/wp-json\/wp\/v2\/product\/23004\/revisions\/33271"}],"wp:featuredmedia":[{"embeddable":true,"href":"https:\/\/www.noleaky.com\/cz\/wp-json\/wp\/v2\/media\/23074"}],"wp:attachment":[{"href":"https:\/\/www.noleaky.com\/cz\/wp-json\/wp\/v2\/media?parent=23004"}],"wp:term":[{"taxonomy":"product_brand","embeddable":true,"href":"https:\/\/www.noleaky.com\/cz\/wp-json\/wp\/v2\/product_brand?post=23004"},{"taxonomy":"product_cat","embeddable":true,"href":"https:\/\/www.noleaky.com\/cz\/wp-json\/wp\/v2\/product_cat?post=23004"},{"taxonomy":"product_tag","embeddable":true,"href":"https:\/\/www.noleaky.com\/cz\/wp-json\/wp\/v2\/product_tag?post=23004"}],"curies":[{"name":"wp","href":"https:\/\/api.w.org\/{rel}","templated":true}]}}