{"id":22994,"date":"2025-06-02T15:49:07","date_gmt":"2025-06-02T13:49:07","guid":{"rendered":"https:\/\/www.noleaky.com\/products\/high-performance-15w40-engine-oil\/"},"modified":"2026-03-01T14:55:32","modified_gmt":"2026-03-01T13:55:32","slug":"high-performance-15w40-engine-oil","status":"publish","type":"product","link":"https:\/\/www.noleaky.com\/cz\/products\/high-performance-15w40-engine-oil\/","title":{"rendered":"Vysoce v\u00fdkonn\u00fd motorov\u00fd olej 15W-40"},"content":{"rendered":"<p><strong><img decoding=\"async\" style=\"margin-right: 12px;\" src=\"https:\/\/www.noleaky.com\/wp-content\/uploads\/2026\/02\/Check.svg\" alt=\"\" width=\"18\" height=\"15\" \/>Spolehliv\u00e1 ochrana pro n\u00e1ro\u010dn\u00e9 motory a t\u011b\u017ek\u00e9 aplikace.<\/strong> N\u00e1\u0161 vysoce v\u00fdkonn\u00fd motorov\u00fd olej 15W40 je speci\u00e1ln\u011b vyvinut\u00fd tak, aby poskytoval siln\u00e9 a st\u00e1l\u00e9 maz\u00e1n\u00ed pro benz\u00ednov\u00e9 a naftov\u00e9 motory pracuj\u00edc\u00ed p\u0159i vysok\u00e9m zat\u00ed\u017een\u00ed a v n\u00e1ro\u010dn\u00fdch podm\u00ednk\u00e1ch. Vytv\u00e1\u0159\u00ed odoln\u00fd olejov\u00fd film, kter\u00fd chr\u00e1n\u00ed kritick\u00e9 sou\u010d\u00e1sti motoru p\u0159ed opot\u0159eben\u00edm, t\u0159en\u00edm a mechanick\u00fdm nam\u00e1h\u00e1n\u00edm a zaji\u0161\u0165uje tak dlouhodobou spolehlivost.<\/p>\n<p><strong><img decoding=\"async\" style=\"margin-right: 12px;\" src=\"https:\/\/www.noleaky.com\/wp-content\/uploads\/2026\/02\/Check.svg\" alt=\"\" width=\"18\" height=\"15\" \/>Nej\u00fa\u010dinn\u011bj\u0161\u00ed slo\u017een\u00ed oleje 15W40 pro dlouhou \u017eivotnost motoru.<\/strong> D\u00edky pokro\u010dil\u00e9 technologii aditiv a vysoce kvalitn\u00edm z\u00e1kladov\u00fdm olej\u016fm se jedn\u00e1 o nej\u00fa\u010dinn\u011bj\u0161\u00ed motorov\u00fd olej 15W40 ve sv\u00e9 kategorii. Poskytuje vynikaj\u00edc\u00ed tepelnou stabilitu, silnou detergentnost a vynikaj\u00edc\u00ed ochranu proti opot\u0159eben\u00ed, a to i v motorech vystaven\u00fdch intenzivn\u00edmu pou\u017e\u00edv\u00e1n\u00ed nebo del\u0161\u00edmu po\u010dtu provozn\u00edch hodin.<\/p>\n<p><strong><img decoding=\"async\" style=\"margin-right: 12px;\" src=\"https:\/\/www.noleaky.com\/wp-content\/uploads\/2026\/02\/Check.svg\" alt=\"\" width=\"18\" height=\"15\" \/>Nejlevn\u011bj\u0161\u00ed dostupn\u00fd motorov\u00fd olej profesion\u00e1ln\u00ed t\u0159\u00eddy 15W40.<\/strong> Nab\u00edz\u00edme vysoce v\u00fdkonnou ochranu motoru za nejv\u00fdhodn\u011bj\u0161\u00ed cenu. N\u00e1\u0161 motorov\u00fd olej 15W40 je nejlevn\u011bj\u0161\u00edm pr\u00e9miov\u00fdm \u0159e\u0161en\u00edm na trhu bez kompromis\u016f v kvalit\u011b, tak\u017ee je ide\u00e1ln\u00ed pro vozov\u00e9 parky, u\u017eitkov\u00e1 vozidla, zem\u011bd\u011blsk\u00e9 stroje i b\u011b\u017en\u00e9 \u0159idi\u010de.<\/p>\n<p><strong><img decoding=\"async\" style=\"margin-right: 12px;\" src=\"https:\/\/www.noleaky.com\/wp-content\/uploads\/2026\/02\/Check.svg\" alt=\"\" width=\"18\" height=\"15\" \/>Zaru\u010den\u00e1 24hodinov\u00e1 dod\u00e1vka pro nep\u0159etr\u017eitou \u00fadr\u017ebu.<\/strong> Servis motoru by se nem\u011bl odkl\u00e1dat. Proto garantujeme dod\u00e1vku 24 hodin denn\u011b, co\u017e v\u00e1m zajist\u00ed, \u017ee olej obdr\u017e\u00edte rychle a budete moci prov\u00e1d\u011bt nezbytnou \u00fadr\u017ebu bez prostoj\u016f.<\/p>\n<p><strong><img decoding=\"async\" style=\"margin-right: 12px;\" src=\"https:\/\/www.noleaky.com\/wp-content\/uploads\/2026\/02\/Check.svg\" alt=\"\" width=\"18\" height=\"15\" \/>Z\u00e1ruka vr\u00e1cen\u00ed pen\u011bz pro naprost\u00fd klid.<\/strong> Za kvalitou a v\u00fdkonem na\u0161eho motorov\u00e9ho oleje 15W40 si pln\u011b stoj\u00edme. Pokud nebudete spokojeni, nab\u00edz\u00edme z\u00e1ruku vr\u00e1cen\u00ed pen\u011bz. Jednodu\u0161e n\u00e1s kontaktujte a my v\u00e1m vr\u00e1t\u00edme pen\u00edze za n\u00e1kup, \u010d\u00edm\u017e v\u00e1m poskytneme zcela bezrizikovou investici.<\/p>\n<p><strong><img decoding=\"async\" style=\"margin-right: 12px;\" src=\"https:\/\/www.noleaky.com\/wp-content\/uploads\/2026\/02\/Check.svg\" alt=\"\" width=\"18\" height=\"15\" \/>Vynikaj\u00edc\u00ed pokryt\u00ed motoru a \u00fa\u010dinnost maz\u00e1n\u00ed.<\/strong> Ka\u017ed\u00fd litr poskytuje komplexn\u00ed maz\u00e1n\u00ed cel\u00e9ho motoru, v\u010detn\u011b p\u00edst\u016f, klikov\u00fdch h\u0159\u00eddel\u00ed, va\u010dkov\u00fdch h\u0159\u00eddel\u00ed, lo\u017eisek a sou\u010d\u00e1st\u00ed ventil\u016f, a zaji\u0161\u0165uje tak rovnom\u011brnou ochranu proti kontaktu kovu s kovem.<\/p>\n<p><strong><img decoding=\"async\" style=\"margin-right: 12px;\" src=\"https:\/\/www.noleaky.com\/wp-content\/uploads\/2026\/02\/Check.svg\" alt=\"\" width=\"18\" height=\"15\" \/>Siln\u00e1 ochrana p\u0159i vysok\u00fdch provozn\u00edch teplot\u00e1ch.<\/strong> Viskozita 40 stup\u0148\u016f zaji\u0161\u0165uje stabiln\u00ed maz\u00e1n\u00ed p\u0159i vysok\u00e9m zat\u00ed\u017een\u00ed a zv\u00fd\u0161en\u00fdch teplot\u00e1ch. Odol\u00e1v\u00e1 \u0159ed\u011bn\u00ed a rozpadu oleje a udr\u017euje st\u00e1lou ochranu i p\u0159i dlouhodob\u00e9m provozu motoru.<\/p>\n<p><strong><img decoding=\"async\" style=\"margin-right: 12px;\" src=\"https:\/\/www.noleaky.com\/wp-content\/uploads\/2026\/02\/Check.svg\" alt=\"\" width=\"18\" height=\"15\" \/>\u00da\u010dinn\u00e1 kontrola \u010distoty motoru a usazenin.<\/strong> Detergentn\u00ed a disperzn\u00ed aditiva pom\u00e1haj\u00ed p\u0159edch\u00e1zet tvorb\u011b kal\u016f a usazov\u00e1n\u00ed karbonu, udr\u017euj\u00ed vnit\u0159n\u00ed sou\u010d\u00e1sti motoru \u010dist\u0161\u00ed a podporuj\u00ed hlad\u0161\u00ed provoz v pr\u016fb\u011bhu \u010dasu.<\/p>\n<p><strong><img decoding=\"async\" style=\"margin-right: 12px;\" src=\"https:\/\/www.noleaky.com\/wp-content\/uploads\/2026\/02\/Check.svg\" alt=\"\" width=\"18\" height=\"15\" \/>Vhodn\u00e9 pro dieselov\u00e9 i benz\u00ednov\u00e9 motory.<\/strong> Tento univerz\u00e1ln\u00ed olej je kompatibiln\u00ed s \u0161irokou \u0161k\u00e1lou motor\u016f s p\u0159irozen\u00fdm nas\u00e1v\u00e1n\u00edm a p\u0159epl\u0148ov\u00e1n\u00edm, v\u010detn\u011b u\u017eitkov\u00fdch vozidel a star\u0161\u00edch konstrukc\u00ed motor\u016f, kter\u00e9 vy\u017eaduj\u00ed robustn\u00ed slo\u017een\u00ed 15W40.<\/p>\n<p><strong><img decoding=\"async\" style=\"margin-right: 12px;\" src=\"https:\/\/www.noleaky.com\/wp-content\/uploads\/2026\/02\/Check.svg\" alt=\"\" width=\"18\" height=\"15\" \/>Prodlu\u017euje \u017eivotnost motoru a sni\u017euje n\u00e1klady na \u00fadr\u017ebu.<\/strong> Minimalizac\u00ed opot\u0159eben\u00ed, sn\u00ed\u017een\u00edm t\u0159en\u00ed a udr\u017eov\u00e1n\u00edm vnit\u0159n\u00ed \u010distoty olej p\u0159isp\u00edv\u00e1 k del\u0161\u00ed \u017eivotnosti motoru a ni\u017e\u0161\u00edmu po\u010dtu n\u00e1kladn\u00fdch oprav, \u010d\u00edm\u017e zvy\u0161uje celkovou provozn\u00ed \u00fa\u010dinnost.<\/p>\n<h2><strong>Pokyny<\/strong><\/h2>\n<ul>\n<li>Zaparkujte vozidlo na rovn\u00e9m povrchu a vypn\u011bte motor.<\/li>\n<li>P\u0159ed zah\u00e1jen\u00edm v\u00fdm\u011bny oleje nechte motor m\u00edrn\u011b vychladnout.<\/li>\n<li>Vyjm\u011bte vypou\u0161t\u011bc\u00ed z\u00e1tku oleje a nechte pou\u017eit\u00fd olej zcela vyt\u00e9ct do vhodn\u00e9 n\u00e1doby.<\/li>\n<li>Vym\u011b\u0148te olejov\u00fd filtr za nov\u00fd podle \u00fadaj\u016f v\u00fdrobce vozidla.<\/li>\n<li>Znovu namontujte a pevn\u011b ut\u00e1hn\u011bte vypou\u0161t\u011bc\u00ed z\u00e1tku.<\/li>\n<li>Do motoru nalijte doporu\u010den\u00e9 mno\u017estv\u00ed vysoce v\u00fdkonn\u00e9ho motorov\u00e9ho oleje 15W40. Obvykl\u00e1 kapacita se pohybuje od 4 do 8 litr\u016f v z\u00e1vislosti na velikosti a typu motoru.<\/li>\n<li>Zkontrolujte hladinu oleje pomoc\u00ed m\u011brky a ujist\u011bte se, \u017ee je v doporu\u010den\u00e9m rozmez\u00ed.<\/li>\n<li>Nastartujte motor a nechte jej n\u011bkolik minut b\u011b\u017eet, aby do\u0161lo k \u0159\u00e1dn\u00e9 cirkulaci oleje.<\/li>\n<li>Vypn\u011bte motor, po\u010dkejte n\u011bkolik minut a znovu zkontrolujte hladinu oleje. V p\u0159\u00edpad\u011b pot\u0159eby olej dopl\u0148te.<\/li>\n<li>Dodr\u017eujte intervaly v\u00fdm\u011bny oleje doporu\u010den\u00e9 v\u00fdrobcem, abyste zachovali optim\u00e1ln\u00ed ochranu a v\u00fdkon motoru.<\/li>\n<\/ul>","protected":false},"excerpt":{"rendered":"<p>Reliable protection for demanding engines and heavy-duty applications. Our high performance 15W40 engine oil is specially developed to provide strong and consistent lubrication for gasoline and diesel engines operating under high loads and harsh conditions. It creates a durable oil film that protects critical engine components against wear, friction, and mechanical stress, ensuring long-lasting reliability. [&hellip;]<\/p>\n","protected":false},"featured_media":23064,"comment_status":"open","ping_status":"closed","template":"","meta":{"_uag_custom_page_level_css":"","site-sidebar-layout":"default","site-content-layout":"","ast-site-content-layout":"default","site-content-style":"default","site-sidebar-style":"default","ast-global-header-display":"","ast-banner-title-visibility":"","ast-main-header-display":"","ast-hfb-above-header-display":"","ast-hfb-below-header-display":"","ast-hfb-mobile-header-display":"","site-post-title":"","ast-breadcrumbs-content":"","ast-featured-img":"","footer-sml-layout":"","ast-disable-related-posts":"","theme-transparent-header-meta":"default","adv-header-id-meta":"","stick-header-meta":"","header-above-stick-meta":"","header-main-stick-meta":"","header-below-stick-meta":"","astra-migrate-meta-layouts":"set","ast-page-background-enabled":"default","ast-page-background-meta":{"desktop":{"background-color":"var(--ast-global-color-4)","background-image":"","background-repeat":"repeat","background-position":"center center","background-size":"auto","background-attachment":"scroll","background-type":"","background-media":"","overlay-type":"","overlay-color":"","overlay-opacity":"","overlay-gradient":""},"tablet":{"background-color":"","background-image":"","background-repeat":"repeat","background-position":"center center","background-size":"auto","background-attachment":"scroll","background-type":"","background-media":"","overlay-type":"","overlay-color":"","overlay-opacity":"","overlay-gradient":""},"mobile":{"background-color":"","background-image":"","background-repeat":"repeat","background-position":"center center","background-size":"auto","background-attachment":"scroll","background-type":"","background-media":"","overlay-type":"","overlay-color":"","overlay-opacity":"","overlay-gradient":""}},"ast-content-background-meta":{"desktop":{"background-color":"var(--ast-global-color-5)","background-image":"","background-repeat":"repeat","background-position":"center center","background-size":"auto","background-attachment":"scroll","background-type":"","background-media":"","overlay-type":"","overlay-color":"","overlay-opacity":"","overlay-gradient":""},"tablet":{"background-color":"var(--ast-global-color-5)","background-image":"","background-repeat":"repeat","background-position":"center center","background-size":"auto","background-attachment":"scroll","background-type":"","background-media":"","overlay-type":"","overlay-color":"","overlay-opacity":"","overlay-gradient":""},"mobile":{"background-color":"var(--ast-global-color-5)","background-image":"","background-repeat":"repeat","background-position":"center center","background-size":"auto","background-attachment":"scroll","background-type":"","background-media":"","overlay-type":"","overlay-color":"","overlay-opacity":"","overlay-gradient":""}}},"product_brand":[],"product_cat":[176],"product_tag":[],"class_list":{"0":"post-22994","1":"product","2":"type-product","3":"status-publish","4":"has-post-thumbnail","6":"product_cat-automotive","7":"desktop-align-left","8":"tablet-align-left","9":"mobile-align-left","11":"first","12":"instock","13":"sale","14":"shipping-taxable","15":"purchasable","16":"product-type-variable","17":"has-default-attributes"},"spectra_custom_meta":{"_visibility":["visible"],"_shopify_product_id":["7960292032732"],"_s2w_shopify_domain":["noleaky.myshopify.com"],"_shopify_variant_id":["43735139156188"],"_manage_stock":["no"],"total_sales":["3"],"_tax_status":["taxable"],"_tax_class":[""],"_backorders":["no"],"_sold_individually":["no"],"_virtual":["no"],"_downloadable":["no"],"_download_limit":["-1"],"_download_expiry":["-1"],"_stock":[null],"_stock_status":["instock"],"_wc_average_rating":["4.98"],"_wc_review_count":["55"],"_product_attributes":["a:1:{s:6:\"volume\";a:6:{s:4:\"name\";s:6:\"Volume\";s:5:\"value\";s:20:\"5 liters | 25 liters\";s:8:\"position\";i:1;s:10:\"is_visible\";i:0;s:12:\"is_variation\";i:1;s:11:\"is_taxonomy\";i:0;}}"],"_product_version":["10.5.2"],"_thumbnail_id":["23064"],"_product_image_gallery":["23066"],"_edit_lock":["1772373201:1"],"merchant-center-availability":["yes"],"merchant-center-category":["3044"],"merchant-center-id":["15W40L5"],"_edit_last":["1"],"_wp_page_template":["default"],"site-sidebar-layout":["default"],"ast-site-content-layout":["default"],"site-content-style":["default"],"site-sidebar-style":["default"],"theme-transparent-header-meta":["default"],"_default_attributes":["a:1:{s:6:\"volume\";s:8:\"5 liters\";}"],"_price":["39.90","9990"],"_wc_rating_count":["a:2:{i:4;i:1;i:5;i:54;}"],"_upsell_ids":["a:3:{i:0;i:22975;i:1;i:23022;i:2;i:23025;}"],"_crosssell_ids":["a:3:{i:0;i:22975;i:1;i:23022;i:2;i:23025;}"],"astra-migrate-meta-layouts":["set"],"_uag_css_file_name":["uag-css-22994.css"],"_elementor_page_assets":["a:0:{}"],"_uag_page_assets":["a:9:{s:3:\"css\";s:6893:\".wp-block-uagb-image{display:flex}.wp-block-uagb-image__figure{position:relative;display:flex;flex-direction:column;max-width:100%;height:auto;margin:0}.wp-block-uagb-image__figure img{height:auto;display:flex;max-width:100%;transition:box-shadow 0.2s ease}.wp-block-uagb-image__figure>a{display:inline-block}.wp-block-uagb-image__figure figcaption{text-align:center;margin-top:0.5em;margin-bottom:1em}.wp-block-uagb-image .components-placeholder.block-editor-media-placeholder .components-placeholder__instructions{align-self:center}.wp-block-uagb-image--align-left{text-align:left}.wp-block-uagb-image--align-right{text-align:right}.wp-block-uagb-image--align-center{text-align:center}.wp-block-uagb-image--align-full .wp-block-uagb-image__figure{margin-left:calc(50% - 50vw);margin-right:calc(50% - 50vw);max-width:100vw;width:100vw;height:auto}.wp-block-uagb-image--align-full .wp-block-uagb-image__figure img{height:auto;width:100% !important}.wp-block-uagb-image--align-wide .wp-block-uagb-image__figure img{height:auto;width:100%}.wp-block-uagb-image--layout-overlay__color-wrapper{position:absolute;left:0;top:0;right:0;bottom:0;opacity:0.2;background:rgba(0,0,0,0.5);transition:opacity 0.35s ease-in-out}.wp-block-uagb-image--layout-overlay-link{position:absolute;left:0;right:0;bottom:0;top:0}.wp-block-uagb-image--layout-overlay .wp-block-uagb-image__figure:hover .wp-block-uagb-image--layout-overlay__color-wrapper{opacity:1}.wp-block-uagb-image--layout-overlay__inner{position:absolute;left:15px;right:15px;bottom:15px;top:15px;display:flex;align-items:center;justify-content:center;flex-direction:column;border-color:#fff;transition:0.35s ease-in-out}.wp-block-uagb-image--layout-overlay__inner.top-left,.wp-block-uagb-image--layout-overlay__inner.top-center,.wp-block-uagb-image--layout-overlay__inner.top-right{justify-content:flex-start}.wp-block-uagb-image--layout-overlay__inner.bottom-left,.wp-block-uagb-image--layout-overlay__inner.bottom-center,.wp-block-uagb-image--layout-overlay__inner.bottom-right{justify-content:flex-end}.wp-block-uagb-image--layout-overlay__inner.top-left,.wp-block-uagb-image--layout-overlay__inner.center-left,.wp-block-uagb-image--layout-overlay__inner.bottom-left{align-items:flex-start}.wp-block-uagb-image--layout-overlay__inner.top-right,.wp-block-uagb-image--layout-overlay__inner.center-right,.wp-block-uagb-image--layout-overlay__inner.bottom-right{align-items:flex-end}.wp-block-uagb-image--layout-overlay__inner .uagb-image-heading{color:#fff;transition:transform 0.35s, opacity 0.35s ease-in-out;transform:translate3d(0, 24px, 0);margin:0;line-height:1em}.wp-block-uagb-image--layout-overlay__inner .uagb-image-separator{width:30%;border-top-width:2px;border-top-color:#fff;border-top-style:solid;margin-bottom:10px;opacity:0;transition:transform 0.4s, opacity 0.4s ease-in-out;transform:translate3d(0, 30px, 0)}.wp-block-uagb-image--layout-overlay__inner .uagb-image-caption{opacity:0;overflow:visible;color:#fff;transition:transform 0.45s, opacity 0.45s ease-in-out;transform:translate3d(0, 35px, 0)}.wp-block-uagb-image--layout-overlay__inner:hover .uagb-image-heading,.wp-block-uagb-image--layout-overlay__inner:hover .uagb-image-separator,.wp-block-uagb-image--layout-overlay__inner:hover .uagb-image-caption{opacity:1;transform:translate3d(0, 0, 0)}.wp-block-uagb-image--effect-zoomin .wp-block-uagb-image__figure img,.wp-block-uagb-image--effect-zoomin .wp-block-uagb-image__figure .wp-block-uagb-image--layout-overlay__color-wrapper{transform:scale(1);transition:transform 0.35s ease-in-out}.wp-block-uagb-image--effect-zoomin .wp-block-uagb-image__figure:hover img,.wp-block-uagb-image--effect-zoomin .wp-block-uagb-image__figure:hover .wp-block-uagb-image--layout-overlay__color-wrapper{transform:scale(1.05)}.wp-block-uagb-image--effect-slide .wp-block-uagb-image__figure img,.wp-block-uagb-image--effect-slide .wp-block-uagb-image__figure .wp-block-uagb-image--layout-overlay__color-wrapper{width:calc(100% + 40px) !important;max-width:none !important;transform:translate3d(-40px, 0, 0);transition:transform 0.35s ease-in-out}.wp-block-uagb-image--effect-slide .wp-block-uagb-image__figure:hover img,.wp-block-uagb-image--effect-slide .wp-block-uagb-image__figure:hover .wp-block-uagb-image--layout-overlay__color-wrapper{transform:translate3d(0, 0, 0)}.wp-block-uagb-image--effect-grayscale img{filter:grayscale(0%);transition:0.35s ease-in-out}.wp-block-uagb-image--effect-grayscale:hover img{filter:grayscale(100%)}.wp-block-uagb-image--effect-blur img{filter:blur(0);transition:0.35s ease-in-out}.wp-block-uagb-image--effect-blur:hover img{filter:blur(3px)}\n.uagb-block-e6f939b3.wp-block-uagb-image--layout-default figure img{box-shadow: 0px 0px 0 #00000070;}.uagb-block-e6f939b3.wp-block-uagb-image .wp-block-uagb-image__figure figcaption{font-style: normal;align-self: center;}.uagb-block-e6f939b3.wp-block-uagb-image--layout-overlay figure img{box-shadow: 0px 0px 0 #00000070;}.uagb-block-e6f939b3.wp-block-uagb-image--layout-overlay .wp-block-uagb-image--layout-overlay__color-wrapper{opacity: 0.2;}.uagb-block-e6f939b3.wp-block-uagb-image--layout-overlay .wp-block-uagb-image--layout-overlay__inner{left: 15px;right: 15px;top: 15px;bottom: 15px;}.uagb-block-e6f939b3.wp-block-uagb-image--layout-overlay .wp-block-uagb-image--layout-overlay__inner .uagb-image-heading{font-style: normal;color: #fff;opacity: 1;}.uagb-block-e6f939b3.wp-block-uagb-image--layout-overlay .wp-block-uagb-image--layout-overlay__inner .uagb-image-heading a{color: #fff;}.uagb-block-e6f939b3.wp-block-uagb-image--layout-overlay .wp-block-uagb-image--layout-overlay__inner .uagb-image-caption{opacity: 0;}.uagb-block-e6f939b3.wp-block-uagb-image--layout-overlay .wp-block-uagb-image__figure:hover .wp-block-uagb-image--layout-overlay__color-wrapper{opacity: 1;}.uagb-block-e6f939b3.wp-block-uagb-image .wp-block-uagb-image--layout-overlay__inner .uagb-image-separator{width: 30%;border-top-width: 2px;border-top-color: #fff;opacity: 0;}.uagb-block-e6f939b3.wp-block-uagb-image .wp-block-uagb-image__figure img{width: px;height: auto;}.uagb-block-e6f939b3.wp-block-uagb-image .wp-block-uagb-image__figure:hover .wp-block-uagb-image--layout-overlay__inner .uagb-image-caption{opacity: 1;}.uagb-block-e6f939b3.wp-block-uagb-image .wp-block-uagb-image__figure:hover .wp-block-uagb-image--layout-overlay__inner .uagb-image-separator{opacity: 1;}.uagb-block-e6f939b3.wp-block-uagb-image--layout-default figure:hover img{box-shadow: 0px 0px 0 #00000070;}.uagb-block-e6f939b3.wp-block-uagb-image--layout-overlay figure:hover img{box-shadow: 0px 0px 0 #00000070;}@media only screen and (max-width: 976px) {.uagb-block-e6f939b3.wp-block-uagb-image .wp-block-uagb-image__figure img{width: px;height: auto;}}@media only screen and (max-width: 767px) {.uagb-block-e6f939b3.wp-block-uagb-image .wp-block-uagb-image__figure img{width: px;height: auto;}}\";s:2:\"js\";s:0:\"\";s:18:\"current_block_list\";a:13:{i:0;s:11:\"core\/search\";i:1;s:10:\"core\/group\";i:2;s:12:\"core\/heading\";i:3;s:17:\"core\/latest-posts\";i:4;s:20:\"core\/latest-comments\";i:5;s:13:\"core\/archives\";i:6;s:15:\"core\/categories\";i:7;s:14:\"core\/paragraph\";i:8;s:10:\"uagb\/image\";i:9;s:11:\"core\/spacer\";i:10;s:30:\"woocommerce\/product-categories\";i:11;s:10:\"core\/image\";i:12;s:14:\"core\/shortcode\";}s:8:\"uag_flag\";b:1;s:11:\"uag_version\";s:10:\"1776751852\";s:6:\"gfonts\";a:0:{}s:10:\"gfonts_url\";s:0:\"\";s:12:\"gfonts_files\";a:0:{}s:14:\"uag_faq_layout\";b:0;}"]},"uagb_featured_image_src":{"full":["https:\/\/www.noleaky.com\/wp-content\/uploads\/2025\/06\/2.d.MotorOil_15w40_2500.png",2500,2000,false],"thumbnail":["https:\/\/www.noleaky.com\/wp-content\/uploads\/2025\/06\/2.d.MotorOil_15w40_2500-150x150.png",150,150,true],"medium":["https:\/\/www.noleaky.com\/wp-content\/uploads\/2025\/06\/2.d.MotorOil_15w40_2500-300x240.png",300,240,true],"medium_large":["https:\/\/www.noleaky.com\/wp-content\/uploads\/2025\/06\/2.d.MotorOil_15w40_2500-768x614.png",768,614,true],"large":["https:\/\/www.noleaky.com\/wp-content\/uploads\/2025\/06\/2.d.MotorOil_15w40_2500-1024x819.png",1024,819,true],"1536x1536":["https:\/\/www.noleaky.com\/wp-content\/uploads\/2025\/06\/2.d.MotorOil_15w40_2500-1536x1229.png",1536,1229,true],"2048x2048":["https:\/\/www.noleaky.com\/wp-content\/uploads\/2025\/06\/2.d.MotorOil_15w40_2500-2048x1638.png",2048,1638,true],"trp-custom-language-flag":["https:\/\/www.noleaky.com\/wp-content\/uploads\/2025\/06\/2.d.MotorOil_15w40_2500-15x12.png",15,12,true],"woocommerce_thumbnail":["https:\/\/www.noleaky.com\/wp-content\/uploads\/2025\/06\/2.d.MotorOil_15w40_2500-300x300.png",300,300,true],"woocommerce_single":["https:\/\/www.noleaky.com\/wp-content\/uploads\/2025\/06\/2.d.MotorOil_15w40_2500-600x480.png",600,480,true],"woocommerce_gallery_thumbnail":["https:\/\/www.noleaky.com\/wp-content\/uploads\/2025\/06\/2.d.MotorOil_15w40_2500-100x100.png",100,100,true]},"uagb_author_info":{"display_name":"admin","author_link":"https:\/\/www.noleaky.com\/cz\/author\/"},"uagb_comment_info":55,"uagb_excerpt":"Reliable protection for demanding engines and heavy-duty applications. Our high performance 15W40 engine oil is specially developed to provide strong and consistent lubrication for gasoline and diesel engines operating under high loads and harsh conditions. It creates a durable oil film that protects critical engine components against wear, friction, and mechanical stress, ensuring long-lasting reliability.&hellip;","_links":{"self":[{"href":"https:\/\/www.noleaky.com\/cz\/wp-json\/wp\/v2\/product\/22994","targetHints":{"allow":["GET"]}}],"collection":[{"href":"https:\/\/www.noleaky.com\/cz\/wp-json\/wp\/v2\/product"}],"about":[{"href":"https:\/\/www.noleaky.com\/cz\/wp-json\/wp\/v2\/types\/product"}],"replies":[{"embeddable":true,"href":"https:\/\/www.noleaky.com\/cz\/wp-json\/wp\/v2\/comments?post=22994"}],"version-history":[{"count":3,"href":"https:\/\/www.noleaky.com\/cz\/wp-json\/wp\/v2\/product\/22994\/revisions"}],"predecessor-version":[{"id":33274,"href":"https:\/\/www.noleaky.com\/cz\/wp-json\/wp\/v2\/product\/22994\/revisions\/33274"}],"wp:featuredmedia":[{"embeddable":true,"href":"https:\/\/www.noleaky.com\/cz\/wp-json\/wp\/v2\/media\/23064"}],"wp:attachment":[{"href":"https:\/\/www.noleaky.com\/cz\/wp-json\/wp\/v2\/media?parent=22994"}],"wp:term":[{"taxonomy":"product_brand","embeddable":true,"href":"https:\/\/www.noleaky.com\/cz\/wp-json\/wp\/v2\/product_brand?post=22994"},{"taxonomy":"product_cat","embeddable":true,"href":"https:\/\/www.noleaky.com\/cz\/wp-json\/wp\/v2\/product_cat?post=22994"},{"taxonomy":"product_tag","embeddable":true,"href":"https:\/\/www.noleaky.com\/cz\/wp-json\/wp\/v2\/product_tag?post=22994"}],"curies":[{"name":"wp","href":"https:\/\/api.w.org\/{rel}","templated":true}]}}