{"id":22989,"date":"2025-06-02T15:49:05","date_gmt":"2025-06-02T13:49:05","guid":{"rendered":"https:\/\/www.noleaky.com\/products\/head-gasket-repair\/"},"modified":"2026-03-01T15:03:46","modified_gmt":"2026-03-01T14:03:46","slug":"head-gasket-repair","status":"publish","type":"product","link":"https:\/\/www.noleaky.com\/cz\/products\/head-gasket-repair\/","title":{"rendered":"Oprava t\u011bsn\u011bn\u00ed hlavy v\u00e1lc\u016f"},"content":{"rendered":"<p><strong><img decoding=\"async\" style=\"margin-right: 12px;\" src=\"https:\/\/www.noleaky.com\/wp-content\/uploads\/2026\/02\/Check.svg\" alt=\"\" width=\"18\" height=\"15\" \/>Opravuje probl\u00e9my s t\u011bsn\u011bn\u00edm hlavy bez n\u00e1kladn\u00e9 demont\u00e1\u017ee motoru.<\/strong> N\u00e1\u0161 p\u0159\u00edpravek na opravu t\u011bsn\u011bn\u00ed hlavy je speci\u00e1ln\u011b vyvinut\u00fd pro \u0159e\u0161en\u00ed b\u011b\u017en\u00fdch probl\u00e9m\u016f spojen\u00fdch s t\u011bsn\u011bn\u00edm hlavy bez nutnosti n\u00e1kladn\u00fdch mechanick\u00fdch oprav. P\u016fsob\u00ed zevnit\u0159 chladic\u00edho syst\u00e9mu a ut\u011bs\u0148uje net\u011bsnosti zp\u016fsoben\u00e9 po\u0161kozen\u00fdmi t\u011bsn\u011bn\u00edmi hlavy, drobn\u00fdmi trhlinami a poruchami t\u011bsn\u011bn\u00ed, \u010d\u00edm\u017e v\u00e1m pom\u00e1h\u00e1 vyhnout se \u010dasov\u011b n\u00e1ro\u010dn\u00e9 a n\u00e1kladn\u00e9 demont\u00e1\u017ei motoru.<\/p>\n<p><strong><img decoding=\"async\" style=\"margin-right: 12px;\" src=\"https:\/\/www.noleaky.com\/wp-content\/uploads\/2026\/02\/Check.svg\" alt=\"\" width=\"18\" height=\"15\" \/>Nej\u00fa\u010dinn\u011bj\u0161\u00ed dostupn\u00e1 technologie vnit\u0159n\u00edho t\u011bsn\u011bn\u00ed.<\/strong> Jedn\u00e1 se o nej\u00fa\u010dinn\u011bj\u0161\u00ed \u0159e\u0161en\u00ed opravy t\u011bsn\u011bn\u00ed hlavy ve sv\u00e9 kategorii. Jeho pokro\u010dil\u00e9 t\u011bsnic\u00ed l\u00e1tky cirkuluj\u00ed chladic\u00edm syst\u00e9mem a aktivuj\u00ed se p\u0159i vysok\u00fdch teplot\u00e1ch, \u010d\u00edm\u017e vytv\u00e1\u0159ej\u00ed trvanliv\u00e9 t\u011bsn\u011bn\u00ed p\u0159esn\u011b v m\u00edst\u011b net\u011bsnosti. Pom\u00e1h\u00e1 \u0159e\u0161it probl\u00e9my, jako je \u00fabytek chladic\u00ed kapaliny, nadm\u011brn\u00fd tlak v chladic\u00edm syst\u00e9mu, zne\u010di\u0161t\u011bn\u00ed chladic\u00ed kapaliny olejem a drobn\u00e9 trhliny v sou\u010d\u00e1stech motoru.<\/p>\n<p><strong><img decoding=\"async\" style=\"margin-right: 12px;\" src=\"https:\/\/www.noleaky.com\/wp-content\/uploads\/2026\/02\/Check.svg\" alt=\"\" width=\"18\" height=\"15\" \/>Nejlevn\u011bj\u0161\u00ed alternativa velk\u00fdch oprav motoru.<\/strong> V\u00fdm\u011bna t\u011bsn\u011bn\u00ed pod hlavou nebo oprava praskl\u00e9ho bloku motoru m\u016f\u017ee st\u00e1t zna\u010dnou \u010d\u00e1stku. N\u00e1\u0161 v\u00fdrobek je nejlevn\u011bj\u0161\u00edm dostupn\u00fdm \u0159e\u0161en\u00edm profesion\u00e1ln\u00ed \u00farovn\u011b a p\u0159edstavuje cenov\u011b v\u00fdhodnou alternativu, kter\u00e1 dok\u00e1\u017ee obnovit funk\u010dnost bez finan\u010dn\u00ed z\u00e1t\u011b\u017ee spojen\u00e9 s kompletn\u00ed mechanickou opravou.<\/p>\n<p><strong><img decoding=\"async\" style=\"margin-right: 12px;\" src=\"https:\/\/www.noleaky.com\/wp-content\/uploads\/2026\/02\/Check.svg\" alt=\"\" width=\"18\" height=\"15\" \/>Zaru\u010den\u00e9 doru\u010den\u00ed do 24 hodin v p\u0159\u00edpad\u011b nal\u00e9hav\u00fdch probl\u00e9m\u016f s motorem.<\/strong> Probl\u00e9my s motorem vy\u017eaduj\u00ed okam\u017eitou pozornost. Proto garantujeme dod\u00e1n\u00ed do 24 hodin, co\u017e v\u00e1m umo\u017en\u00ed rychle probl\u00e9m vy\u0159e\u0161it a sn\u00ed\u017eit riziko dal\u0161\u00edho po\u0161kozen\u00ed.<\/p>\n<p><strong><img decoding=\"async\" style=\"margin-right: 12px;\" src=\"https:\/\/www.noleaky.com\/wp-content\/uploads\/2026\/02\/Check.svg\" alt=\"\" width=\"18\" height=\"15\" \/>Z\u00e1ruka vr\u00e1cen\u00ed pen\u011bz pro naprost\u00fd klid.<\/strong> Stoj\u00edme si za v\u00fdkonnost\u00ed na\u0161eho p\u0159\u00edpravku na opravu t\u011bsn\u011bn\u00ed hlavy. Pokud nebudete s v\u00fdsledky spokojeni, nab\u00edz\u00edme z\u00e1ruku vr\u00e1cen\u00ed pen\u011bz. Jednodu\u0161e n\u00e1s kontaktujte a my v\u00e1m vr\u00e1t\u00edme pen\u00edze za n\u00e1kup, tak\u017ee va\u0161e investice bude zcela bez rizika.<\/p>\n<p><strong><img decoding=\"async\" style=\"margin-right: 12px;\" src=\"https:\/\/www.noleaky.com\/wp-content\/uploads\/2026\/02\/Check.svg\" alt=\"\" width=\"18\" height=\"15\" \/>Kompatibiln\u00ed se v\u0161emi typy motor\u016f vozidel.<\/strong> Tento univerz\u00e1ln\u00ed p\u0159\u00edpravek je vhodn\u00fd pro osobn\u00ed a n\u00e1kladn\u00ed automobily, dod\u00e1vky, pickupy, motocykly, \u010dty\u0159kolky, traktory a lod\u011b a p\u0159i pou\u017eit\u00ed podle n\u00e1vodu funguje s benzinov\u00fdmi i naftov\u00fdmi motory. Bezpe\u010dn\u011b se integruje do v\u011bt\u0161iny standardn\u00edch chladic\u00edch syst\u00e9m\u016f.<\/p>\n<p><strong><img decoding=\"async\" style=\"margin-right: 12px;\" src=\"https:\/\/www.noleaky.com\/wp-content\/uploads\/2026\/02\/Check.svg\" alt=\"\" width=\"18\" height=\"15\" \/>Pom\u00e1h\u00e1 sni\u017eovat probl\u00e9my s vysok\u00fdm tlakem chladic\u00ed kapaliny.<\/strong> Selh\u00e1n\u00ed t\u011bsn\u011bn\u00ed hlavy m\u016f\u017ee zp\u016fsobit abnorm\u00e1ln\u00ed n\u00e1r\u016fst tlaku v chladic\u00edm syst\u00e9mu. Ut\u011bsn\u011bn\u00edm vnit\u0159n\u00edch net\u011bsnost\u00ed pom\u00e1h\u00e1 v\u00fdrobek stabilizovat \u00farove\u0148 tlaku a obnovit norm\u00e1ln\u00ed chov\u00e1n\u00ed syst\u00e9mu.<\/p>\n<p><strong><img decoding=\"async\" style=\"margin-right: 12px;\" src=\"https:\/\/www.noleaky.com\/wp-content\/uploads\/2026\/02\/Check.svg\" alt=\"\" width=\"18\" height=\"15\" \/>\u0158e\u0161\u00ed zne\u010di\u0161t\u011bn\u00ed chladic\u00ed kapaliny olejem.<\/strong> Pokud se olej sm\u00eds\u00ed s chladic\u00ed kapalinou v d\u016fsledku poruchy t\u011bsn\u011bn\u00ed, m\u016f\u017ee to zp\u016fsobit v\u00e1\u017en\u00e9 probl\u00e9my s v\u00fdkonem. P\u0159\u00edpravek pom\u00e1h\u00e1 ut\u011bsnit zdroj vnit\u0159n\u00edho \u00faniku, omezuje k\u0159\u00ed\u017eovou kontaminaci a obnovuje odd\u011blen\u00ed syst\u00e9mu.<\/p>\n<p><strong><img decoding=\"async\" style=\"margin-right: 12px;\" src=\"https:\/\/www.noleaky.com\/wp-content\/uploads\/2026\/02\/Check.svg\" alt=\"\" width=\"18\" height=\"15\" \/>M\u016f\u017ee pomoci s men\u0161\u00edmi probl\u00e9my s praskl\u00fdm blokem motoru.<\/strong> V p\u0159\u00edpad\u011b mal\u00fdch trhlin nebo p\u00f3r\u016f v sou\u010d\u00e1stech motoru vytvo\u0159\u00ed v\u00fdrobek teplem aktivovan\u00e9 t\u011bsn\u011bn\u00ed, kter\u00e9 zes\u00edl\u00ed oslaben\u00e1 m\u00edsta a zabr\u00e1n\u00ed dal\u0161\u00edmu \u00faniku.<\/p>\n<p><strong><img decoding=\"async\" style=\"margin-right: 12px;\" src=\"https:\/\/www.noleaky.com\/wp-content\/uploads\/2026\/02\/Check.svg\" alt=\"\" width=\"18\" height=\"15\" \/>Prodlu\u017euje \u017eivotnost motoru a obnovuje j\u00edzdn\u00ed vlastnosti.<\/strong> Ut\u011bsn\u011bn\u00edm net\u011bsnost\u00ed a stabilizac\u00ed chladic\u00edho syst\u00e9mu pom\u00e1h\u00e1 obnovit hlad\u0161\u00ed chod motoru, sn\u00ed\u017eit riziko p\u0159eh\u0159\u00e1t\u00ed a prodlou\u017eit \u017eivotnost vozidla.<\/p>\n<h2><strong>Mno\u017estv\u00ed po\u017eadovan\u00e9 pro va\u0161e vozidlo<\/strong><\/h2>\n<table width=\"100%\">\n<tbody>\n<tr>\n<td><strong>Velikost motoru<\/strong><\/td>\n<td><strong>Mno\u017estv\u00ed<\/strong><\/td>\n<\/tr>\n<tr>\n<td>\n<div><\/div>\n<p>A\u017e 0,9 litru<\/td>\n<td>\n<div><\/div>\n<p>1 l\u00e1hev<\/td>\n<\/tr>\n<tr>\n<td>\n<div><\/div>\n<p>1 a\u017e 1,9 litru<\/td>\n<td>\n<div><\/div>\n<p>2 l\u00e1hve<\/td>\n<\/tr>\n<tr>\n<td>2 a\u017e 2,9 litru<\/td>\n<td>\n<div><\/div>\n<p>3 l\u00e1hve<\/td>\n<\/tr>\n<tr>\n<td>\n<div><\/div>\n<p>3 a\u017e 3,9 litru<\/td>\n<td>\n<div><\/div>\n<p>4 l\u00e1hve<\/td>\n<\/tr>\n<tr>\n<td>\n<div><\/div>\n<p>V\u00edce ne\u017e 4 litry<\/td>\n<td>\n<div><\/div>\n<p>5 lahv\u00ed<\/td>\n<\/tr>\n<\/tbody>\n<\/table>\n<h2><strong>Pokyny<\/strong><\/h2>\n<ul>\n<li>P\u0159ed otev\u0159en\u00edm chladic\u00edho syst\u00e9mu se ujist\u011bte, \u017ee je motor zcela vychladl\u00fd.<\/li>\n<li>P\u0159ed pou\u017eit\u00edm lahvi\u010dku d\u016fkladn\u011b prot\u0159epejte.<\/li>\n<li>Zkontrolujte hladinu a stav chladic\u00ed kapaliny. Pokud je syst\u00e9m siln\u011b zne\u010di\u0161t\u011bn\u00fd, p\u0159ed pou\u017eit\u00edm p\u0159\u00edpravku jej propl\u00e1chn\u011bte.<\/li>\n<li>Chladic\u00ed kapalinu nevypou\u0161t\u011bjte, pokud nen\u00ed zne\u010di\u0161t\u011bn\u00e1 nebo nevhodn\u00e1. P\u0159\u00edpravek se p\u0159id\u00e1v\u00e1 p\u0159\u00edmo do st\u00e1vaj\u00edc\u00ed chladic\u00ed kapaliny.<\/li>\n<li>Do chladi\u010de nebo expanzn\u00ed n\u00e1dr\u017ee nalijte pot\u0159ebn\u00fd po\u010det lahv\u00ed podle konstrukce vozidla.<\/li>\n<li>Nastartujte motor a nechte ho dos\u00e1hnout provozn\u00ed teploty.<\/li>\n<li>Motor nechte b\u011b\u017eet na volnob\u011bh p\u0159ibli\u017en\u011b 20 a\u017e 30 minut s topen\u00edm nastaven\u00fdm na maximum, aby do\u0161lo k pln\u00e9 cirkulaci.<\/li>\n<li>Ujist\u011bte se, \u017ee se ventil\u00e1tor chlazen\u00ed alespo\u0148 jednou zapne a vypne, aby se potvrdila spr\u00e1vn\u00e1 aktivace teploty.<\/li>\n<li>Vypn\u011bte motor a nechte jej zcela vychladnout.<\/li>\n<li>Zkontrolujte hladinu chladic\u00ed kapaliny a v p\u0159\u00edpad\u011b pot\u0159eby ji dopl\u0148te. B\u011bhem n\u011bkolika n\u00e1sleduj\u00edc\u00edch j\u00edzdn\u00edch cykl\u016f vozidlo sledujte.<\/li>\n<\/ul>","protected":false},"excerpt":{"rendered":"<p>Repairs head gasket issues without expensive engine dismantling. Our head gasket repair formula is specially developed to solve common head gasket-related problems without the need for costly mechanical repairs. It works from inside the cooling system to seal leaks caused by damaged head gaskets, minor cracks, and sealing failures, helping you avoid time-consuming and expensive [&hellip;]<\/p>\n","protected":false},"featured_media":23043,"comment_status":"open","ping_status":"closed","template":"","meta":{"_uag_custom_page_level_css":"","site-sidebar-layout":"default","site-content-layout":"","ast-site-content-layout":"default","site-content-style":"default","site-sidebar-style":"default","ast-global-header-display":"","ast-banner-title-visibility":"","ast-main-header-display":"","ast-hfb-above-header-display":"","ast-hfb-below-header-display":"","ast-hfb-mobile-header-display":"","site-post-title":"","ast-breadcrumbs-content":"","ast-featured-img":"","footer-sml-layout":"","ast-disable-related-posts":"","theme-transparent-header-meta":"default","adv-header-id-meta":"","stick-header-meta":"","header-above-stick-meta":"","header-main-stick-meta":"","header-below-stick-meta":"","astra-migrate-meta-layouts":"set","ast-page-background-enabled":"default","ast-page-background-meta":{"desktop":{"background-color":"var(--ast-global-color-4)","background-image":"","background-repeat":"repeat","background-position":"center center","background-size":"auto","background-attachment":"scroll","background-type":"","background-media":"","overlay-type":"","overlay-color":"","overlay-opacity":"","overlay-gradient":""},"tablet":{"background-color":"","background-image":"","background-repeat":"repeat","background-position":"center center","background-size":"auto","background-attachment":"scroll","background-type":"","background-media":"","overlay-type":"","overlay-color":"","overlay-opacity":"","overlay-gradient":""},"mobile":{"background-color":"","background-image":"","background-repeat":"repeat","background-position":"center center","background-size":"auto","background-attachment":"scroll","background-type":"","background-media":"","overlay-type":"","overlay-color":"","overlay-opacity":"","overlay-gradient":""}},"ast-content-background-meta":{"desktop":{"background-color":"var(--ast-global-color-5)","background-image":"","background-repeat":"repeat","background-position":"center center","background-size":"auto","background-attachment":"scroll","background-type":"","background-media":"","overlay-type":"","overlay-color":"","overlay-opacity":"","overlay-gradient":""},"tablet":{"background-color":"var(--ast-global-color-5)","background-image":"","background-repeat":"repeat","background-position":"center center","background-size":"auto","background-attachment":"scroll","background-type":"","background-media":"","overlay-type":"","overlay-color":"","overlay-opacity":"","overlay-gradient":""},"mobile":{"background-color":"var(--ast-global-color-5)","background-image":"","background-repeat":"repeat","background-position":"center center","background-size":"auto","background-attachment":"scroll","background-type":"","background-media":"","overlay-type":"","overlay-color":"","overlay-opacity":"","overlay-gradient":""}}},"product_brand":[],"product_cat":[176],"product_tag":[],"class_list":{"0":"post-22989","1":"product","2":"type-product","3":"status-publish","4":"has-post-thumbnail","6":"product_cat-automotive","7":"desktop-align-left","8":"tablet-align-left","9":"mobile-align-left","11":"first","12":"instock","13":"shipping-taxable","14":"purchasable","15":"product-type-simple"},"spectra_custom_meta":{"_visibility":["visible"],"_shopify_product_id":["1706250928162"],"_s2w_shopify_domain":["noleaky.myshopify.com"],"_shopify_variant_id":["29500068954146"],"_sku":["NLHEADGASKETREPAIR"],"_regular_price":["29.90"],"_price":["29.90"],"_weight":["0.45"],"_thumbnail_id":["23043"],"_global_unique_id":["5056773800687"],"total_sales":["3793"],"_tax_status":["taxable"],"_tax_class":[""],"_manage_stock":["no"],"_backorders":["no"],"_sold_individually":["no"],"_virtual":["no"],"_downloadable":["no"],"_download_limit":["-1"],"_download_expiry":["-1"],"_stock":[null],"_stock_status":["instock"],"_wc_average_rating":["4.76"],"_wc_review_count":["229"],"_product_version":["10.5.2"],"_edit_lock":["1772373837:1"],"merchant-center-availability":["yes"],"merchant-center-category":["2517"],"merchant-center-id":["HGR"],"_edit_last":["1"],"_wp_page_template":["default"],"site-sidebar-layout":["default"],"ast-site-content-layout":["default"],"site-content-style":["default"],"site-sidebar-style":["default"],"theme-transparent-header-meta":["default"],"_wc_rating_count":["a:3:{i:3;i:10;i:4;i:35;i:5;i:184;}"],"_upsell_ids":["a:3:{i:0;i:22975;i:1;i:23022;i:2;i:23025;}"],"_crosssell_ids":["a:3:{i:0;i:22975;i:1;i:23022;i:2;i:23025;}"],"astra-migrate-meta-layouts":["set"],"_uag_css_file_name":["uag-css-22989.css"],"_elementor_page_assets":["a:0:{}"]},"uagb_featured_image_src":{"full":["https:\/\/www.noleaky.com\/wp-content\/uploads\/2025\/06\/HeadGasketfinal.png",2560,2560,false],"thumbnail":["https:\/\/www.noleaky.com\/wp-content\/uploads\/2025\/06\/HeadGasketfinal-150x150.png",150,150,true],"medium":["https:\/\/www.noleaky.com\/wp-content\/uploads\/2025\/06\/HeadGasketfinal-300x300.png",300,300,true],"medium_large":["https:\/\/www.noleaky.com\/wp-content\/uploads\/2025\/06\/HeadGasketfinal-768x768.png",768,768,true],"large":["https:\/\/www.noleaky.com\/wp-content\/uploads\/2025\/06\/HeadGasketfinal-1024x1024.png",1024,1024,true],"1536x1536":["https:\/\/www.noleaky.com\/wp-content\/uploads\/2025\/06\/HeadGasketfinal-1536x1536.png",1536,1536,true],"2048x2048":["https:\/\/www.noleaky.com\/wp-content\/uploads\/2025\/06\/HeadGasketfinal-2048x2048.png",2048,2048,true],"trp-custom-language-flag":["https:\/\/www.noleaky.com\/wp-content\/uploads\/2025\/06\/HeadGasketfinal-12x12.png",12,12,true],"woocommerce_thumbnail":["https:\/\/www.noleaky.com\/wp-content\/uploads\/2025\/06\/HeadGasketfinal-300x300.png",300,300,true],"woocommerce_single":["https:\/\/www.noleaky.com\/wp-content\/uploads\/2025\/06\/HeadGasketfinal-600x600.png",600,600,true],"woocommerce_gallery_thumbnail":["https:\/\/www.noleaky.com\/wp-content\/uploads\/2025\/06\/HeadGasketfinal-100x100.png",100,100,true]},"uagb_author_info":{"display_name":"admin","author_link":"https:\/\/www.noleaky.com\/cz\/author\/"},"uagb_comment_info":229,"uagb_excerpt":"Repairs head gasket issues without expensive engine dismantling. Our head gasket repair formula is specially developed to solve common head gasket-related problems without the need for costly mechanical repairs. It works from inside the cooling system to seal leaks caused by damaged head gaskets, minor cracks, and sealing failures, helping you avoid time-consuming and expensive&hellip;","_links":{"self":[{"href":"https:\/\/www.noleaky.com\/cz\/wp-json\/wp\/v2\/product\/22989","targetHints":{"allow":["GET"]}}],"collection":[{"href":"https:\/\/www.noleaky.com\/cz\/wp-json\/wp\/v2\/product"}],"about":[{"href":"https:\/\/www.noleaky.com\/cz\/wp-json\/wp\/v2\/types\/product"}],"replies":[{"embeddable":true,"href":"https:\/\/www.noleaky.com\/cz\/wp-json\/wp\/v2\/comments?post=22989"}],"version-history":[{"count":10,"href":"https:\/\/www.noleaky.com\/cz\/wp-json\/wp\/v2\/product\/22989\/revisions"}],"predecessor-version":[{"id":33277,"href":"https:\/\/www.noleaky.com\/cz\/wp-json\/wp\/v2\/product\/22989\/revisions\/33277"}],"wp:featuredmedia":[{"embeddable":true,"href":"https:\/\/www.noleaky.com\/cz\/wp-json\/wp\/v2\/media\/23043"}],"wp:attachment":[{"href":"https:\/\/www.noleaky.com\/cz\/wp-json\/wp\/v2\/media?parent=22989"}],"wp:term":[{"taxonomy":"product_brand","embeddable":true,"href":"https:\/\/www.noleaky.com\/cz\/wp-json\/wp\/v2\/product_brand?post=22989"},{"taxonomy":"product_cat","embeddable":true,"href":"https:\/\/www.noleaky.com\/cz\/wp-json\/wp\/v2\/product_cat?post=22989"},{"taxonomy":"product_tag","embeddable":true,"href":"https:\/\/www.noleaky.com\/cz\/wp-json\/wp\/v2\/product_tag?post=22989"}],"curies":[{"name":"wp","href":"https:\/\/api.w.org\/{rel}","templated":true}]}}