{"id":22987,"date":"2025-06-02T15:49:03","date_gmt":"2025-06-02T13:49:03","guid":{"rendered":"https:\/\/www.noleaky.com\/products\/engine-decalaminant\/"},"modified":"2026-03-01T15:18:48","modified_gmt":"2026-03-01T14:18:48","slug":"engine-decalaminant","status":"publish","type":"product","link":"https:\/\/www.noleaky.com\/cz\/products\/engine-decalaminant\/","title":{"rendered":"Dekarboniza\u010dn\u00ed p\u0159\u00edpravek pro motor"},"content":{"rendered":"<p><strong><img decoding=\"async\" style=\"margin-right: 12px;\" src=\"https:\/\/www.noleaky.com\/wp-content\/uploads\/2026\/02\/Check.svg\" alt=\"\" width=\"18\" height=\"15\" \/>Obnovuje v\u00fdkon a s\u00edlu motoru od prvn\u00edho pou\u017eit\u00ed.<\/strong> N\u00e1\u0161 dekarboniz\u00e1tor motoru je speci\u00e1ln\u011b vyvinut\u00fd k odstran\u011bn\u00ed \u0161kodliv\u00fdch karbonov\u00fdch usazenin, kter\u00e9 se usazuj\u00ed ve spalovac\u00ed komo\u0159e, sac\u00edch ventilech, vst\u0159ikova\u010d\u00edch a v\u00fdfukov\u00e9m syst\u00e9mu. Odstran\u011bn\u00edm t\u011bchto zbytk\u016f pom\u00e1h\u00e1 motoru l\u00e9pe d\u00fdchat, hlad\u010deji pracovat a obnovit ztracen\u00fd v\u00fdkon a odezvu.<\/p>\n<p><strong><img decoding=\"async\" style=\"margin-right: 12px;\" src=\"https:\/\/www.noleaky.com\/wp-content\/uploads\/2026\/02\/Check.svg\" alt=\"\" width=\"18\" height=\"15\" \/>Nej\u00fa\u010dinn\u011bj\u0161\u00ed \u0159e\u0161en\u00ed odstra\u0148ov\u00e1n\u00ed uhl\u00edku na trhu.<\/strong> D\u00edky pokro\u010dil\u00e9 technologii \u010di\u0161t\u011bn\u00ed rozpou\u0161t\u00ed tento dekarboniz\u00e1tor motoru odoln\u00e9 karbonov\u00e9 usazeniny \u00fa\u010dinn\u011bji ne\u017e b\u011b\u017en\u00e1 aditiva. Zam\u011b\u0159uje se na nahromad\u011bn\u00e9 saze a zbytky spalov\u00e1n\u00ed u jejich zdroje, zlep\u0161uje kvalitu spalov\u00e1n\u00ed paliva a obnovuje optim\u00e1ln\u00ed funkci motoru.<\/p>\n<p><strong><img decoding=\"async\" style=\"margin-right: 12px;\" src=\"https:\/\/www.noleaky.com\/wp-content\/uploads\/2026\/02\/Check.svg\" alt=\"\" width=\"18\" height=\"15\" \/>Nejlevn\u011bj\u0161\u00ed dostupn\u00e9 profesion\u00e1ln\u00ed \u0159e\u0161en\u00ed.<\/strong> Nab\u00edz\u00edme nejv\u00fdhodn\u011bj\u0161\u00ed cenu bez kompromis\u016f v kvalit\u011b a v\u00fdkonu. Z\u00edsk\u00e1te vysoce \u00fa\u010dinn\u00fd p\u0159\u00edpravek, kter\u00fd je d\u016fv\u011bryhodn\u00fd pro seri\u00f3zn\u00ed \u00fadr\u017ebu motoru, za zlomek ceny mechanick\u00e9 dekarbonizace nebo servisn\u00edch slu\u017eeb.<\/p>\n<p><strong><img decoding=\"async\" style=\"margin-right: 12px;\" src=\"https:\/\/www.noleaky.com\/wp-content\/uploads\/2026\/02\/Check.svg\" alt=\"\" width=\"18\" height=\"15\" \/>Dod\u00e1vka 24 hodin denn\u011b, aby va\u0161e vozidlo bylo st\u00e1le v pohybu.<\/strong> Zaru\u010dujeme dod\u00e1n\u00ed do 24 hodin, tak\u017ee dekarboniz\u00e1tor motoru obdr\u017e\u00edte rychle a vyhnete se zbyte\u010dn\u00fdm prostoj\u016fm. A\u0165 u\u017e pot\u0159ebujete nal\u00e9havou \u00fadr\u017ebu nebo preventivn\u00ed o\u0161et\u0159en\u00ed, zaji\u0161\u0165ujeme rychlou a spolehlivou p\u0159epravu.<\/p>\n<p><strong><img decoding=\"async\" style=\"margin-right: 12px;\" src=\"https:\/\/www.noleaky.com\/wp-content\/uploads\/2026\/02\/Check.svg\" alt=\"\" width=\"18\" height=\"15\" \/>Z\u00e1ruka vr\u00e1cen\u00ed pen\u011bz pro naprostou jistotu.<\/strong> Nab\u00edz\u00edme plnou z\u00e1ruku vr\u00e1cen\u00ed pen\u011bz. Pokud nebudete s v\u00fdsledky na\u0161eho dekarboniz\u00e1toru motoru zcela spokojeni, vr\u00e1t\u00edme v\u00e1m pen\u00edze za n\u00e1kup. Va\u0161e investice je tak zcela bez rizika a je d\u016fkazem na\u0161\u00ed d\u016fv\u011bry ve v\u00fdkonnost v\u00fdrobku.<\/p>\n<p><strong><img decoding=\"async\" style=\"margin-right: 12px;\" src=\"https:\/\/www.noleaky.com\/wp-content\/uploads\/2026\/02\/Check.svg\" alt=\"\" width=\"18\" height=\"15\" \/>Zlep\u0161uje \u00fa\u010dinnost paliva a sni\u017euje spot\u0159ebu.<\/strong> \u010ci\u0161t\u011bn\u00edm vnit\u0159n\u00edch sou\u010d\u00e1st\u00ed motoru a optimalizac\u00ed spalov\u00e1n\u00ed pom\u00e1h\u00e1 n\u00e1\u0161 v\u00fdrobek sni\u017eovat pl\u00fdtv\u00e1n\u00ed palivem. \u010cist\u0161\u00ed motor spaluje palivo efektivn\u011bji, co\u017e m\u016f\u017ee sn\u00ed\u017eit celkovou spot\u0159ebu paliva a \u010dasem u\u0161et\u0159it pen\u00edze.<\/p>\n<p><strong><img decoding=\"async\" style=\"margin-right: 12px;\" src=\"https:\/\/www.noleaky.com\/wp-content\/uploads\/2026\/02\/Check.svg\" alt=\"\" width=\"18\" height=\"15\" \/>Sni\u017euje emise a podporuje \u010dist\u0161\u00ed v\u00fdfukov\u00e9 plyny.<\/strong> N\u00e1nosy karbonu p\u0159isp\u00edvaj\u00ed k vy\u0161\u0161\u00edm emis\u00edm a \u0161patn\u00e9mu v\u00fdkonu v\u00fdfuku. Odstra\u0148ov\u00e1n\u00edm usazenin pom\u00e1h\u00e1 n\u00e1\u0161 dekarboniz\u00e1tor motoru sni\u017eovat kou\u0159ivost, zlep\u0161ovat pr\u016ftok v\u00fdfukov\u00fdch plyn\u016f a podporovat ekologi\u010dt\u011bj\u0161\u00ed j\u00edzdu.<\/p>\n<p><strong><img decoding=\"async\" style=\"margin-right: 12px;\" src=\"https:\/\/www.noleaky.com\/wp-content\/uploads\/2026\/02\/Check.svg\" alt=\"\" width=\"18\" height=\"15\" \/>Prodlu\u017euje \u017eivotnost motoru a sni\u017euje jeho opot\u0159eben\u00ed.<\/strong> Karbonov\u00e9 usazeniny mohou zvy\u0161ovat t\u0159en\u00ed, p\u0159eh\u0159\u00edv\u00e1n\u00ed a nerovnom\u011brn\u00e9 spalov\u00e1n\u00ed. Pravideln\u00e9 pou\u017e\u00edv\u00e1n\u00ed na\u0161eho dekarboniz\u00e1toru pom\u00e1h\u00e1 udr\u017eovat hlad\u0161\u00ed chod motoru, sni\u017euje nam\u00e1h\u00e1n\u00ed sou\u010d\u00e1st\u00ed a p\u0159isp\u00edv\u00e1 k del\u0161\u00ed \u017eivotnosti motoru.<\/p>\n<p><strong><img decoding=\"async\" style=\"margin-right: 12px;\" src=\"https:\/\/www.noleaky.com\/wp-content\/uploads\/2026\/02\/Check.svg\" alt=\"\" width=\"18\" height=\"15\" \/>P\u0159edch\u00e1z\u00ed n\u00e1kladn\u00fdm mechanick\u00fdm oprav\u00e1m.<\/strong> Udr\u017eov\u00e1n\u00edm \u010dist\u00e9ho spalovac\u00edho syst\u00e9mu sni\u017eujete riziko ucp\u00e1n\u00ed vst\u0159ikova\u010d\u016f, zasek\u00e1v\u00e1n\u00ed ventil\u016f a probl\u00e9m\u016f s v\u00fdkonem turba. Preventivn\u00ed \u00fadr\u017eba pomoc\u00ed na\u0161eho dekarboniz\u00e1toru motoru v\u00e1m pom\u016f\u017ee vyhnout se n\u00e1kladn\u00fdm oprav\u00e1m v budoucnu.<\/p>\n<p><strong><img decoding=\"async\" style=\"margin-right: 12px;\" src=\"https:\/\/www.noleaky.com\/wp-content\/uploads\/2026\/02\/Check.svg\" alt=\"\" width=\"18\" height=\"15\" \/>Jednoduch\u00e9 pou\u017eit\u00ed pro profesion\u00e1ly i b\u011b\u017en\u00e9 \u0159idi\u010de.<\/strong> Slo\u017een\u00ed je navr\u017eeno pro snadnou aplikaci bez slo\u017eit\u00e9ho n\u00e1\u0159ad\u00ed nebo demont\u00e1\u017ee. A\u0165 u\u017e jste mechanik nebo majitel vozidla prov\u00e1d\u011bj\u00edc\u00ed b\u011b\u017enou \u00fadr\u017ebu, m\u016f\u017eete dos\u00e1hnout v\u00fdsledk\u016f na profesion\u00e1ln\u00ed \u00farovni s minim\u00e1ln\u00edm \u00fasil\u00edm.<\/p>\n<p><strong>Pokyny<\/strong><\/p>\n<ul>\n<li>P\u0159ed pou\u017eit\u00edm v\u00fdrobku se ujist\u011bte, \u017ee m\u00e1 motor provozn\u00ed teplotu, aby byl optim\u00e1ln\u011b \u00fa\u010dinn\u00fd.<\/li>\n<li>P\u0159ed dopln\u011bn\u00edm paliva nalijte l\u00e1hev p\u0159\u00edmo do palivov\u00e9 n\u00e1dr\u017ee, aby do\u0161lo k \u0159\u00e1dn\u00e9mu prom\u00edch\u00e1n\u00ed.<\/li>\n<li>Pou\u017eijte jednu plnou l\u00e1hev pro standardn\u00ed palivovou n\u00e1dr\u017e osobn\u00edho vozidla o objemu p\u0159ibli\u017en\u011b 40 a\u017e 60 litr\u016f. U men\u0161\u00edch n\u00e1dr\u017e\u00ed d\u00e1vkov\u00e1n\u00ed \u00fam\u011brn\u011b upravte.<\/li>\n<li>Po p\u0159id\u00e1n\u00ed p\u0159\u00edpravku napl\u0148te n\u00e1dr\u017e palivem a norm\u00e1ln\u011b jezd\u011bte, aby p\u0159\u00edpravek mohl cirkulovat v cel\u00e9m palivov\u00e9m a spalovac\u00edm syst\u00e9mu.<\/li>\n<li>P\u0159i intenzivn\u00edm \u010di\u0161t\u011bn\u00ed udr\u017eujte m\u00edrn\u00e9 ot\u00e1\u010dky motoru po dobu alespo\u0148 20 a\u017e 30 minut, abyste proces dekarbonizace zintenzivnili.<\/li>\n<li>V p\u0159\u00edpad\u011b siln\u00e9ho nahromad\u011bn\u00ed uhl\u00edku lze po vypot\u0159ebov\u00e1n\u00ed prvn\u00ed pln\u00e9 n\u00e1dr\u017ee prov\u00e9st druh\u00e9 o\u0161et\u0159en\u00ed.<\/li>\n<li>V r\u00e1mci preventivn\u00ed \u00fadr\u017eby pou\u017e\u00edvejte dekarboniz\u00e1tor motoru ka\u017ed\u00fdch 5 000 a\u017e 10 000 km v z\u00e1vislosti na j\u00edzdn\u00edch podm\u00ednk\u00e1ch a kvalit\u011b paliva.<\/li>\n<li>Nep\u0159ekra\u010dujte doporu\u010den\u00e9 d\u00e1vkov\u00e1n\u00ed, abyste zajistili optim\u00e1ln\u00ed \u00fa\u010dinnost a zabr\u00e1nili zbyte\u010dn\u00e9mu pl\u00fdtv\u00e1n\u00ed p\u0159\u00edpravkem.<\/li>\n<li>Vhodn\u00e9 pro benz\u00ednov\u00e9 a naftov\u00e9 motory, pokud nen\u00ed v doporu\u010den\u00edch v\u00fdrobce vozidla uvedeno jinak.<\/li>\n<li>V\u00fdrobek skladujte na chladn\u00e9m a such\u00e9m m\u00edst\u011b mimo dosah p\u0159\u00edm\u00e9ho slune\u010dn\u00edho z\u00e1\u0159en\u00ed a uchov\u00e1vejte jej mimo dosah d\u011bt\u00ed.<\/li>\n<\/ul>","protected":false},"excerpt":{"rendered":"<p>Restores engine performance and power from the very first use. Our engine decarbonizer is specially formulated to remove harmful carbon deposits that build up inside the combustion chamber, intake valves, injectors, and exhaust system. By eliminating these residues, it helps your engine breathe better, operate more smoothly, and recover lost power and responsiveness. The most [&hellip;]<\/p>\n","protected":false},"featured_media":23039,"comment_status":"open","ping_status":"closed","template":"","meta":{"_uag_custom_page_level_css":"","site-sidebar-layout":"default","site-content-layout":"","ast-site-content-layout":"default","site-content-style":"default","site-sidebar-style":"default","ast-global-header-display":"","ast-banner-title-visibility":"","ast-main-header-display":"","ast-hfb-above-header-display":"","ast-hfb-below-header-display":"","ast-hfb-mobile-header-display":"","site-post-title":"","ast-breadcrumbs-content":"","ast-featured-img":"","footer-sml-layout":"","ast-disable-related-posts":"","theme-transparent-header-meta":"default","adv-header-id-meta":"","stick-header-meta":"","header-above-stick-meta":"","header-main-stick-meta":"","header-below-stick-meta":"","astra-migrate-meta-layouts":"set","ast-page-background-enabled":"default","ast-page-background-meta":{"desktop":{"background-color":"var(--ast-global-color-4)","background-image":"","background-repeat":"repeat","background-position":"center center","background-size":"auto","background-attachment":"scroll","background-type":"","background-media":"","overlay-type":"","overlay-color":"","overlay-opacity":"","overlay-gradient":""},"tablet":{"background-color":"","background-image":"","background-repeat":"repeat","background-position":"center center","background-size":"auto","background-attachment":"scroll","background-type":"","background-media":"","overlay-type":"","overlay-color":"","overlay-opacity":"","overlay-gradient":""},"mobile":{"background-color":"","background-image":"","background-repeat":"repeat","background-position":"center center","background-size":"auto","background-attachment":"scroll","background-type":"","background-media":"","overlay-type":"","overlay-color":"","overlay-opacity":"","overlay-gradient":""}},"ast-content-background-meta":{"desktop":{"background-color":"var(--ast-global-color-5)","background-image":"","background-repeat":"repeat","background-position":"center center","background-size":"auto","background-attachment":"scroll","background-type":"","background-media":"","overlay-type":"","overlay-color":"","overlay-opacity":"","overlay-gradient":""},"tablet":{"background-color":"var(--ast-global-color-5)","background-image":"","background-repeat":"repeat","background-position":"center center","background-size":"auto","background-attachment":"scroll","background-type":"","background-media":"","overlay-type":"","overlay-color":"","overlay-opacity":"","overlay-gradient":""},"mobile":{"background-color":"var(--ast-global-color-5)","background-image":"","background-repeat":"repeat","background-position":"center center","background-size":"auto","background-attachment":"scroll","background-type":"","background-media":"","overlay-type":"","overlay-color":"","overlay-opacity":"","overlay-gradient":""}}},"product_brand":[],"product_cat":[176],"product_tag":[],"class_list":{"0":"post-22987","1":"product","2":"type-product","3":"status-publish","4":"has-post-thumbnail","6":"product_cat-automotive","7":"desktop-align-left","8":"tablet-align-left","9":"mobile-align-left","11":"first","12":"instock","13":"shipping-taxable","14":"purchasable","15":"product-type-simple"},"spectra_custom_meta":{"_visibility":["visible"],"_shopify_product_id":["7961115164892"],"_s2w_shopify_domain":["noleaky.myshopify.com"],"_shopify_variant_id":["43736991662300"],"_sku":["NLENGINEDECARBONIZER"],"_regular_price":["29.90"],"_price":["29.90"],"_sale_price":[""],"_weight":["0.35"],"_thumbnail_id":["23039"],"_global_unique_id":["5056773800663"],"total_sales":["50"],"_tax_status":["taxable"],"_tax_class":[""],"_manage_stock":["no"],"_backorders":["no"],"_sold_individually":["no"],"_virtual":["no"],"_downloadable":["no"],"_download_limit":["-1"],"_download_expiry":["-1"],"_stock":[null],"_stock_status":["instock"],"_wc_average_rating":["4.92"],"_wc_review_count":["86"],"_product_version":["10.5.2"],"_edit_lock":["1772383115:1"],"merchant-center-availability":["yes"],"merchant-center-category":["2788"],"merchant-center-id":["ED"],"_edit_last":["1"],"_wp_page_template":["default"],"site-sidebar-layout":["default"],"ast-site-content-layout":["default"],"site-content-style":["default"],"site-sidebar-style":["default"],"theme-transparent-header-meta":["default"],"_wc_rating_count":["a:2:{i:4;i:7;i:5;i:79;}"],"_upsell_ids":["a:3:{i:0;i:22985;i:1;i:23011;i:2;i:23025;}"],"_crosssell_ids":["a:3:{i:0;i:22985;i:1;i:23011;i:2;i:23025;}"],"astra-migrate-meta-layouts":["set"],"_uag_css_file_name":["uag-css-22987.css"],"_elementor_page_assets":["a:0:{}"],"_uag_page_assets":["a:9:{s:3:\"css\";s:7133:\".uag-blocks-common-selector{z-index:var(--z-index-desktop) !important}@media(max-width: 976px){.uag-blocks-common-selector{z-index:var(--z-index-tablet) !important}}@media(max-width: 767px){.uag-blocks-common-selector{z-index:var(--z-index-mobile) !important}}.wp-block-uagb-image{display:flex}.wp-block-uagb-image__figure{position:relative;display:flex;flex-direction:column;max-width:100%;height:auto;margin:0}.wp-block-uagb-image__figure img{height:auto;display:flex;max-width:100%;transition:box-shadow .2s ease}.wp-block-uagb-image__figure>a{display:inline-block}.wp-block-uagb-image__figure figcaption{text-align:center;margin-top:.5em;margin-bottom:1em}.wp-block-uagb-image .components-placeholder.block-editor-media-placeholder .components-placeholder__instructions{align-self:center}.wp-block-uagb-image--align-left{text-align:left}.wp-block-uagb-image--align-right{text-align:right}.wp-block-uagb-image--align-center{text-align:center}.wp-block-uagb-image--align-full .wp-block-uagb-image__figure{margin-left:calc(50% - 50vw);margin-right:calc(50% - 50vw);max-width:100vw;width:100vw;height:auto}.wp-block-uagb-image--align-full .wp-block-uagb-image__figure img{height:auto;width:100% !important}.wp-block-uagb-image--align-wide .wp-block-uagb-image__figure img{height:auto;width:100%}.wp-block-uagb-image--layout-overlay__color-wrapper{position:absolute;left:0;top:0;right:0;bottom:0;opacity:.2;background:rgba(0,0,0,.5);transition:opacity .35s ease-in-out}.wp-block-uagb-image--layout-overlay-link{position:absolute;left:0;right:0;bottom:0;top:0}.wp-block-uagb-image--layout-overlay .wp-block-uagb-image__figure:hover .wp-block-uagb-image--layout-overlay__color-wrapper{opacity:1}.wp-block-uagb-image--layout-overlay__inner{position:absolute;left:15px;right:15px;bottom:15px;top:15px;display:flex;align-items:center;justify-content:center;flex-direction:column;border-color:#fff;transition:.35s ease-in-out}.wp-block-uagb-image--layout-overlay__inner.top-left,.wp-block-uagb-image--layout-overlay__inner.top-center,.wp-block-uagb-image--layout-overlay__inner.top-right{justify-content:flex-start}.wp-block-uagb-image--layout-overlay__inner.bottom-left,.wp-block-uagb-image--layout-overlay__inner.bottom-center,.wp-block-uagb-image--layout-overlay__inner.bottom-right{justify-content:flex-end}.wp-block-uagb-image--layout-overlay__inner.top-left,.wp-block-uagb-image--layout-overlay__inner.center-left,.wp-block-uagb-image--layout-overlay__inner.bottom-left{align-items:flex-start}.wp-block-uagb-image--layout-overlay__inner.top-right,.wp-block-uagb-image--layout-overlay__inner.center-right,.wp-block-uagb-image--layout-overlay__inner.bottom-right{align-items:flex-end}.wp-block-uagb-image--layout-overlay__inner .uagb-image-heading{color:#fff;transition:transform .35s,opacity .35s ease-in-out;transform:translate3d(0, 24px, 0);margin:0;line-height:1em}.wp-block-uagb-image--layout-overlay__inner .uagb-image-separator{width:30%;border-top-width:2px;border-top-color:#fff;border-top-style:solid;margin-bottom:10px;opacity:0;transition:transform .4s,opacity .4s ease-in-out;transform:translate3d(0, 30px, 0)}.wp-block-uagb-image--layout-overlay__inner .uagb-image-caption{opacity:0;overflow:visible;color:#fff;transition:transform .45s,opacity .45s ease-in-out;transform:translate3d(0, 35px, 0)}.wp-block-uagb-image--layout-overlay__inner:hover .uagb-image-heading,.wp-block-uagb-image--layout-overlay__inner:hover .uagb-image-separator,.wp-block-uagb-image--layout-overlay__inner:hover .uagb-image-caption{opacity:1;transform:translate3d(0, 0, 0)}.wp-block-uagb-image--effect-zoomin .wp-block-uagb-image__figure img,.wp-block-uagb-image--effect-zoomin .wp-block-uagb-image__figure .wp-block-uagb-image--layout-overlay__color-wrapper{transform:scale(1);transition:transform .35s ease-in-out}.wp-block-uagb-image--effect-zoomin .wp-block-uagb-image__figure:hover img,.wp-block-uagb-image--effect-zoomin .wp-block-uagb-image__figure:hover .wp-block-uagb-image--layout-overlay__color-wrapper{transform:scale(1.05)}.wp-block-uagb-image--effect-slide .wp-block-uagb-image__figure img,.wp-block-uagb-image--effect-slide .wp-block-uagb-image__figure .wp-block-uagb-image--layout-overlay__color-wrapper{width:calc(100% + 40px) !important;max-width:none !important;transform:translate3d(-40px, 0, 0);transition:transform .35s ease-in-out}.wp-block-uagb-image--effect-slide .wp-block-uagb-image__figure:hover img,.wp-block-uagb-image--effect-slide .wp-block-uagb-image__figure:hover .wp-block-uagb-image--layout-overlay__color-wrapper{transform:translate3d(0, 0, 0)}.wp-block-uagb-image--effect-grayscale img{filter:grayscale(0%);transition:.35s ease-in-out}.wp-block-uagb-image--effect-grayscale:hover img{filter:grayscale(100%)}.wp-block-uagb-image--effect-blur img{filter:blur(0);transition:.35s ease-in-out}.wp-block-uagb-image--effect-blur:hover img{filter:blur(3px)}.uagb-block-e6f939b3.wp-block-uagb-image--layout-default figure img{box-shadow: 0px 0px 0 #00000070;}.uagb-block-e6f939b3.wp-block-uagb-image .wp-block-uagb-image__figure figcaption{font-style: normal;align-self: center;}.uagb-block-e6f939b3.wp-block-uagb-image--layout-overlay figure img{box-shadow: 0px 0px 0 #00000070;}.uagb-block-e6f939b3.wp-block-uagb-image--layout-overlay .wp-block-uagb-image--layout-overlay__color-wrapper{opacity: 0.2;}.uagb-block-e6f939b3.wp-block-uagb-image--layout-overlay .wp-block-uagb-image--layout-overlay__inner{left: 15px;right: 15px;top: 15px;bottom: 15px;}.uagb-block-e6f939b3.wp-block-uagb-image--layout-overlay .wp-block-uagb-image--layout-overlay__inner .uagb-image-heading{font-style: normal;color: #fff;opacity: 1;}.uagb-block-e6f939b3.wp-block-uagb-image--layout-overlay .wp-block-uagb-image--layout-overlay__inner .uagb-image-heading a{color: #fff;}.uagb-block-e6f939b3.wp-block-uagb-image--layout-overlay .wp-block-uagb-image--layout-overlay__inner .uagb-image-caption{opacity: 0;}.uagb-block-e6f939b3.wp-block-uagb-image--layout-overlay .wp-block-uagb-image__figure:hover .wp-block-uagb-image--layout-overlay__color-wrapper{opacity: 1;}.uagb-block-e6f939b3.wp-block-uagb-image .wp-block-uagb-image--layout-overlay__inner .uagb-image-separator{width: 30%;border-top-width: 2px;border-top-color: #fff;opacity: 0;}.uagb-block-e6f939b3.wp-block-uagb-image .wp-block-uagb-image__figure img{width: px;height: auto;}.uagb-block-e6f939b3.wp-block-uagb-image .wp-block-uagb-image__figure:hover .wp-block-uagb-image--layout-overlay__inner .uagb-image-caption{opacity: 1;}.uagb-block-e6f939b3.wp-block-uagb-image .wp-block-uagb-image__figure:hover .wp-block-uagb-image--layout-overlay__inner .uagb-image-separator{opacity: 1;}.uagb-block-e6f939b3.wp-block-uagb-image--layout-default figure:hover img{box-shadow: 0px 0px 0 #00000070;}.uagb-block-e6f939b3.wp-block-uagb-image--layout-overlay figure:hover img{box-shadow: 0px 0px 0 #00000070;}@media only screen and (max-width: 976px) {.uagb-block-e6f939b3.wp-block-uagb-image .wp-block-uagb-image__figure img{width: px;height: auto;}}@media only screen and (max-width: 767px) {.uagb-block-e6f939b3.wp-block-uagb-image .wp-block-uagb-image__figure img{width: px;height: auto;}}\";s:2:\"js\";s:0:\"\";s:18:\"current_block_list\";a:13:{i:0;s:11:\"core\/search\";i:1;s:10:\"core\/group\";i:2;s:12:\"core\/heading\";i:3;s:17:\"core\/latest-posts\";i:4;s:20:\"core\/latest-comments\";i:5;s:13:\"core\/archives\";i:6;s:15:\"core\/categories\";i:7;s:14:\"core\/paragraph\";i:8;s:10:\"uagb\/image\";i:9;s:11:\"core\/spacer\";i:10;s:30:\"woocommerce\/product-categories\";i:11;s:10:\"core\/image\";i:12;s:14:\"core\/shortcode\";}s:8:\"uag_flag\";b:1;s:11:\"uag_version\";s:10:\"1776789786\";s:6:\"gfonts\";a:0:{}s:10:\"gfonts_url\";s:0:\"\";s:12:\"gfonts_files\";a:0:{}s:14:\"uag_faq_layout\";b:0;}"]},"uagb_featured_image_src":{"full":["https:\/\/www.noleaky.com\/wp-content\/uploads\/2025\/06\/2.m.Engine-Decarbonizer_NoLeaky_4000x4000_4a95b712-bcad-4b18-b63b-b0f76c8b6981.png",2560,2560,false],"thumbnail":["https:\/\/www.noleaky.com\/wp-content\/uploads\/2025\/06\/2.m.Engine-Decarbonizer_NoLeaky_4000x4000_4a95b712-bcad-4b18-b63b-b0f76c8b6981-150x150.png",150,150,true],"medium":["https:\/\/www.noleaky.com\/wp-content\/uploads\/2025\/06\/2.m.Engine-Decarbonizer_NoLeaky_4000x4000_4a95b712-bcad-4b18-b63b-b0f76c8b6981-300x300.png",300,300,true],"medium_large":["https:\/\/www.noleaky.com\/wp-content\/uploads\/2025\/06\/2.m.Engine-Decarbonizer_NoLeaky_4000x4000_4a95b712-bcad-4b18-b63b-b0f76c8b6981-768x768.png",768,768,true],"large":["https:\/\/www.noleaky.com\/wp-content\/uploads\/2025\/06\/2.m.Engine-Decarbonizer_NoLeaky_4000x4000_4a95b712-bcad-4b18-b63b-b0f76c8b6981-1024x1024.png",1024,1024,true],"1536x1536":["https:\/\/www.noleaky.com\/wp-content\/uploads\/2025\/06\/2.m.Engine-Decarbonizer_NoLeaky_4000x4000_4a95b712-bcad-4b18-b63b-b0f76c8b6981-1536x1536.png",1536,1536,true],"2048x2048":["https:\/\/www.noleaky.com\/wp-content\/uploads\/2025\/06\/2.m.Engine-Decarbonizer_NoLeaky_4000x4000_4a95b712-bcad-4b18-b63b-b0f76c8b6981-2048x2048.png",2048,2048,true],"trp-custom-language-flag":["https:\/\/www.noleaky.com\/wp-content\/uploads\/2025\/06\/2.m.Engine-Decarbonizer_NoLeaky_4000x4000_4a95b712-bcad-4b18-b63b-b0f76c8b6981-12x12.png",12,12,true],"woocommerce_thumbnail":["https:\/\/www.noleaky.com\/wp-content\/uploads\/2025\/06\/2.m.Engine-Decarbonizer_NoLeaky_4000x4000_4a95b712-bcad-4b18-b63b-b0f76c8b6981-300x300.png",300,300,true],"woocommerce_single":["https:\/\/www.noleaky.com\/wp-content\/uploads\/2025\/06\/2.m.Engine-Decarbonizer_NoLeaky_4000x4000_4a95b712-bcad-4b18-b63b-b0f76c8b6981-600x600.png",600,600,true],"woocommerce_gallery_thumbnail":["https:\/\/www.noleaky.com\/wp-content\/uploads\/2025\/06\/2.m.Engine-Decarbonizer_NoLeaky_4000x4000_4a95b712-bcad-4b18-b63b-b0f76c8b6981-100x100.png",100,100,true]},"uagb_author_info":{"display_name":"admin","author_link":"https:\/\/www.noleaky.com\/cz\/author\/"},"uagb_comment_info":86,"uagb_excerpt":"Restores engine performance and power from the very first use. Our engine decarbonizer is specially formulated to remove harmful carbon deposits that build up inside the combustion chamber, intake valves, injectors, and exhaust system. By eliminating these residues, it helps your engine breathe better, operate more smoothly, and recover lost power and responsiveness. The most&hellip;","_links":{"self":[{"href":"https:\/\/www.noleaky.com\/cz\/wp-json\/wp\/v2\/product\/22987","targetHints":{"allow":["GET"]}}],"collection":[{"href":"https:\/\/www.noleaky.com\/cz\/wp-json\/wp\/v2\/product"}],"about":[{"href":"https:\/\/www.noleaky.com\/cz\/wp-json\/wp\/v2\/types\/product"}],"replies":[{"embeddable":true,"href":"https:\/\/www.noleaky.com\/cz\/wp-json\/wp\/v2\/comments?post=22987"}],"version-history":[{"count":4,"href":"https:\/\/www.noleaky.com\/cz\/wp-json\/wp\/v2\/product\/22987\/revisions"}],"predecessor-version":[{"id":33283,"href":"https:\/\/www.noleaky.com\/cz\/wp-json\/wp\/v2\/product\/22987\/revisions\/33283"}],"wp:featuredmedia":[{"embeddable":true,"href":"https:\/\/www.noleaky.com\/cz\/wp-json\/wp\/v2\/media\/23039"}],"wp:attachment":[{"href":"https:\/\/www.noleaky.com\/cz\/wp-json\/wp\/v2\/media?parent=22987"}],"wp:term":[{"taxonomy":"product_brand","embeddable":true,"href":"https:\/\/www.noleaky.com\/cz\/wp-json\/wp\/v2\/product_brand?post=22987"},{"taxonomy":"product_cat","embeddable":true,"href":"https:\/\/www.noleaky.com\/cz\/wp-json\/wp\/v2\/product_cat?post=22987"},{"taxonomy":"product_tag","embeddable":true,"href":"https:\/\/www.noleaky.com\/cz\/wp-json\/wp\/v2\/product_tag?post=22987"}],"curies":[{"name":"wp","href":"https:\/\/api.w.org\/{rel}","templated":true}]}}