{"id":22965,"date":"2025-06-02T15:48:45","date_gmt":"2025-06-02T13:48:45","guid":{"rendered":"https:\/\/www.noleaky.com\/privacy-policy-2\/"},"modified":"2025-06-02T16:10:59","modified_gmt":"2025-06-02T14:10:59","slug":"privacy-policy","status":"publish","type":"page","link":"https:\/\/www.noleaky.com\/ch-it\/privacy-policy\/","title":{"rendered":"Informativa sulla privacy"},"content":{"rendered":"<p><strong>Articolo 1. Presentazione del sito web<\/strong><\/p>\n\n\n\n<p>Viene specificata agli utenti del sito web l'identit\u00e0 delle parti interessate nel contesto della sua creazione e del suo follow-up:<\/p>\n\n\n\n<p>Proprietario: No Leaky LLC<br>Indirizzo: 124 Broadkill Rd #432, Milton, DE 19968, Stati Uniti<br>Capitale sociale: $ 100.000 USD<br>Forma giuridica: Societ\u00e0 a responsabilit\u00e0 limitata<br>Numero di file: 2530620<\/p>\n\n\n\n<p>Ospite: OVH SAS, 2 rue Kellermann, Roubaix 59100, Francia<\/p>\n\n\n\n<p><strong>Articolo 2. Condizioni generali di utilizzo del sito web e dei servizi offerti<\/strong><\/p>\n\n\n\n<p>L'utilizzo del sito web implica la piena accettazione delle condizioni generali descritte di seguito. Le presenti condizioni di utilizzo possono essere modificate o integrate in qualsiasi momento. Gli utenti sono pertanto invitati a consultarle regolarmente.<\/p>\n\n\n\n<p>Il sito web \u00e8 normalmente accessibile agli utenti in qualsiasi momento. Un'interruzione per manutenzione tecnica pu\u00f2 essere decisa da No Leaky LLC, che si impegna a comunicare agli utenti le date e gli orari della manutenzione.<\/p>\n\n\n\n<p>Questo sito web viene aggiornato regolarmente da No Leaky LLC. Questo include le note legali. L'utente \u00e8 invitato a consultarle frequentemente per acquisire familiarit\u00e0 con esse.<\/p>\n\n\n\n<p><strong>Articolo 3. Descrizione dei servizi forniti<\/strong><\/p>\n\n\n\n<p>Lo scopo del sito web \u00e8 quello di fornire informazioni sui prodotti e sulle attivit\u00e0 dell'azienda.<\/p>\n\n\n\n<p>No Leaky LLC compie ogni sforzo per fornire informazioni il pi\u00f9 possibile accurate e aggiornate. No Leaky LLC non pu\u00f2 essere ritenuta responsabile di errori, omissioni o carenze negli aggiornamenti, sia da parte propria che di partner terzi che ci forniscono queste informazioni.<\/p>\n\n\n\n<p>Tutte le informazioni contenute in questo sito web sono fornite a scopo puramente informativo e sono soggette a modifiche. Queste informazioni non sono assolutamente esaustive. Le informazioni sono soggette a modifiche da quando il materiale \u00e8 stato originariamente inserito nel sito.<\/p>\n\n\n\n<p><strong>Articolo 4. Limitazioni contrattuali dei dati tecnici<\/strong><\/p>\n\n\n\n<p>Questo sito web utilizza la tecnologia JavaScript.<\/p>\n\n\n\n<p>Il sito non pu\u00f2 essere ritenuto responsabile per danni materiali legati al suo utilizzo. L'utente si impegna ad accedere al sito utilizzando apparecchiature recenti, non contenenti virus e un browser aggiornato di nuova generazione.<\/p>\n\n\n\n<p><strong>Articolo 5. Propriet\u00e0 intellettuale e contraffazione<\/strong><\/p>\n\n\n\n<p>No Leaky LLC \u00e8 il proprietario dei diritti di propriet\u00e0 intellettuale o detiene i diritti di utilizzo di tutti gli elementi accessibili su questo sito web. In particolare testi, immagini, grafica, logo, icone, suoni e software.<\/p>\n\n\n\n<p>Qualsiasi riproduzione, rappresentazione, modifica, pubblicazione, adattamento di tutti o parte degli elementi di questo sito web, indipendentemente dal mezzo o dal processo utilizzato, \u00e8 severamente vietato, a meno che non sia garantita la previa autorizzazione scritta da parte di No Leaky LLC.<\/p>\n\n\n\n<p>Qualsiasi uso non autorizzato da parte degli utenti del sito web o di qualsiasi elemento in esso contenuto costituir\u00e0 una violazione e sar\u00e0 perseguito.<\/p>\n\n\n\n<p><strong>Articolo 6. Limitazione di responsabilit\u00e0<\/strong><\/p>\n\n\n\n<p>No Leaky LLC non pu\u00f2 essere ritenuta responsabile per i danni diretti o indiretti causati alle apparecchiature dell'utente durante l'accesso al sito web. Danni causati dall'uso di apparecchiature che non soddisfano le specifiche indicate nell'articolo 4, o dalla comparsa di un bug o di un virus.<\/p>\n\n\n\n<p>No Leaky LLC non pu\u00f2 essere ritenuta responsabile per danni conseguenti, come la perdita di mercato o di opportunit\u00e0 derivante dall'uso del sito web.<\/p>\n\n\n\n<p>Gli spazi interattivi (dove gli utenti possono porre domande) sono a disposizione degli utenti. No Leaky LLC si riserva il diritto di cancellare, senza preavviso, qualsiasi contenuto pubblicato in questo spazio che contravvenga alla legislazione vigente nel Paese di residenza dell'utente. Ci\u00f2 vale in particolare per le disposizioni relative alla protezione dei dati. Se del caso, No Leaky LLC si riserva anche il diritto di mettere in discussione la responsabilit\u00e0 civile o penale dell'utente. In particolare, tutto ci\u00f2 che \u00e8 razzista, abusivo, diffamatorio o di natura pornografica, indipendentemente dal mezzo utilizzato (testo, fotografia, ecc.).<\/p>\n\n\n\n<p><strong>Articolo 7. Gestione dei dati personali<\/strong><\/p>\n\n\n\n<p>Quando si utilizza il sito web, possono essere raccolti i seguenti dati: l'URL dei link attraverso i quali l'utente accede al sito web, il provider di accesso dell'utente e l'indirizzo di protocollo (IP) dell'utente.<\/p>\n\n\n\n<p>No Leaky LLC raccoglie informazioni personali relative all'utente solo per la necessit\u00e0 di alcuni servizi offerti dal sito. L'utente fornisce queste informazioni con piena consapevolezza al momento dell'inserimento. All'utente del sito web viene specificato l'obbligo (o meno) di fornire queste informazioni.<\/p>\n\n\n\n<p>In conformit\u00e0 alle disposizioni relative al trattamento dei dati, ai file e alle libert\u00e0, ogni utente ha il diritto di accesso, rettifica e opposizione ai dati personali che lo riguardano. L'utente deve presentare una richiesta scritta e firmata, accompagnata da una copia del proprio documento d'identit\u00e0 con firma del titolare del documento, specificando l'indirizzo a cui inviare la risposta.<\/p>\n\n\n\n<p>Nessuna informazione personale dell'utente del sito web viene pubblicata senza che l'utente ne sia a conoscenza e senza il suo consenso, n\u00e9 trasferita, n\u00e9 scambiata, n\u00e9 venduta su alcun supporto a terzi. Solo l'ipotesi di acquisizione di No Leaky LLC e dei suoi diritti consentirebbe la trasmissione di tali informazioni al potenziale acquirente, che sarebbe a sua volta vincolato dallo stesso obbligo di archiviazione e modifica dei dati relativi agli utenti del sito web.<\/p>\n\n\n\n<p>Le banche dati sono protette dalle disposizioni relative alla tutela giuridica delle banche dati.<\/p>\n\n\n\n<p><strong>Articolo 8. Link ipertestuali e cookie<\/strong><\/p>\n\n\n\n<p>Il sito contiene una serie di collegamenti ipertestuali ad altri siti che sono stati realizzati con l'autorizzazione di No Leaky LLC. Si noti che No Leaky LLC non ha la possibilit\u00e0 di verificare il contenuto dei siti cos\u00ec visitati, e pertanto non si assume alcuna responsabilit\u00e0 in merito.<\/p>\n\n\n\n<p>La navigazione su questo sito web pu\u00f2 causare l'installazione di cookie sul computer dell'utente. Un cookie \u00e8 un file di piccole dimensioni, che non consente l'identificazione dell'utente, ma che pu\u00f2 registrare informazioni relative alla navigazione di un computer su un sito web. I dati ottenuti hanno lo scopo di facilitare l'ulteriore navigazione sul sito e possono misurare l'affluenza.<\/p>\n\n\n\n<p>Il rifiuto di consentire i cookie pu\u00f2 rendere impossibile l'accesso a determinati servizi. L'utente pu\u00f2 configurare il proprio computer come segue per rifiutare l'installazione dei cookie:<\/p>\n\n\n\n<p>Internet Explorer: Selezionare le impostazioni (icona a forma di ingranaggio in alto a destra) Scegliere Opzioni Internet. Cliccare su Privacy e selezionare Blocca tutti i cookie. Confermare l'ok.<\/p>\n\n\n\n<p>Firefox: Nella parte superiore della finestra del browser, fare clic sul pulsante Firefox, quindi sulla scheda Opzioni. Fare clic sulla scheda Privacy. Impostare le regole di conservazione su: usa impostazioni personalizzate per la cronologia. Infine, deselezionare per disabilitare i cookie.<\/p>\n\n\n\n<p>In Safari: Fare clic in alto a destra del browser sull'icona del menu (simbolo dell'ingranaggio). Selezionare Impostazioni. Fare clic su Mostra impostazioni avanzate. Nella sezione \"Privacy\", fare clic su Impostazioni contenuti. Nella sezione \"Cookie\" \u00e8 possibile bloccare i cookie.<\/p>\n\n\n\n<p>In Chrome: Fare clic in alto a destra del browser sull'icona del menu (simbolo di 3 linee orizzontali). Selezionare Impostazioni. Fare clic su Mostra impostazioni avanzate. Nella sezione \"Privacy\", cliccare su preferenze. Scegliere Blocca cookie.<\/p>\n\n\n\n<p>&nbsp;<strong>Articolo 9. Legge applicabile e attribuzione della giurisdizione<\/strong><\/p>\n\n\n\n<p>Qualsiasi controversia relativa all'utilizzo del sito web \u00e8 soggetta alla legge in vigore nel paese di residenza del venditore. La giurisdizione esclusiva \u00e8 affidata ai tribunali competenti del paese di residenza del venditore.<\/p>\n\n\n\n<p>&nbsp;<strong>Articolo 10. Glossario<\/strong><\/p>\n\n\n\n<p>Utente: utente di Internet che si connette online, al sito web citato.<\/p>\n\n\n\n<p>Informazioni personali: Informazioni che consentono, in qualsiasi modo, direttamente o indirettamente, l'identificazione della persona o delle persone a cui si riferiscono.<\/p>","protected":false},"excerpt":{"rendered":"<p>Article 1. Presentation of the website It is specified to the users of the website, the identity of the stakeholders in the context of its creation and follow up: Owner: No Leaky LLCAddress: 124 Broadkill Rd #432, Milton, DE 19968, United StatesShare capital: $ 100,000 USDLegal form: Limited liability companyFile number: 2530620 Host: OVH SAS, [&hellip;]<\/p>\n","protected":false},"author":1,"featured_media":0,"parent":0,"menu_order":0,"comment_status":"closed","ping_status":"closed","template":"","meta":{"_uag_custom_page_level_css":"","site-sidebar-layout":"default","site-content-layout":"","ast-site-content-layout":"default","site-content-style":"default","site-sidebar-style":"default","ast-global-header-display":"","ast-banner-title-visibility":"","ast-main-header-display":"","ast-hfb-above-header-display":"","ast-hfb-below-header-display":"","ast-hfb-mobile-header-display":"","site-post-title":"","ast-breadcrumbs-content":"","ast-featured-img":"","footer-sml-layout":"","ast-disable-related-posts":"","theme-transparent-header-meta":"","adv-header-id-meta":"","stick-header-meta":"","header-above-stick-meta":"","header-main-stick-meta":"","header-below-stick-meta":"","astra-migrate-meta-layouts":"set","ast-page-background-enabled":"default","ast-page-background-meta":{"desktop":{"background-color":"var(--ast-global-color-4)","background-image":"","background-repeat":"repeat","background-position":"center center","background-size":"auto","background-attachment":"scroll","background-type":"","background-media":"","overlay-type":"","overlay-color":"","overlay-opacity":"","overlay-gradient":""},"tablet":{"background-color":"","background-image":"","background-repeat":"repeat","background-position":"center center","background-size":"auto","background-attachment":"scroll","background-type":"","background-media":"","overlay-type":"","overlay-color":"","overlay-opacity":"","overlay-gradient":""},"mobile":{"background-color":"","background-image":"","background-repeat":"repeat","background-position":"center center","background-size":"auto","background-attachment":"scroll","background-type":"","background-media":"","overlay-type":"","overlay-color":"","overlay-opacity":"","overlay-gradient":""}},"ast-content-background-meta":{"desktop":{"background-color":"var(--ast-global-color-5)","background-image":"","background-repeat":"repeat","background-position":"center center","background-size":"auto","background-attachment":"scroll","background-type":"","background-media":"","overlay-type":"","overlay-color":"","overlay-opacity":"","overlay-gradient":""},"tablet":{"background-color":"var(--ast-global-color-5)","background-image":"","background-repeat":"repeat","background-position":"center center","background-size":"auto","background-attachment":"scroll","background-type":"","background-media":"","overlay-type":"","overlay-color":"","overlay-opacity":"","overlay-gradient":""},"mobile":{"background-color":"var(--ast-global-color-5)","background-image":"","background-repeat":"repeat","background-position":"center center","background-size":"auto","background-attachment":"scroll","background-type":"","background-media":"","overlay-type":"","overlay-color":"","overlay-opacity":"","overlay-gradient":""}},"footnotes":""},"class_list":["post-22965","page","type-page","status-publish","hentry"],"spectra_custom_meta":{"_s2w_shopify_page_id":["22078390306"],"_s2w_shopify_domain":["noleaky.myshopify.com"],"_edit_last":["1"],"_wp_page_template":["default"],"_edit_lock":["1748873550:1"],"_uag_custom_page_level_css":[""],"site-sidebar-layout":["default"],"site-content-layout":[""],"ast-site-content-layout":["default"],"site-content-style":["default"],"site-sidebar-style":["default"],"ast-global-header-display":[""],"ast-banner-title-visibility":[""],"ast-main-header-display":[""],"ast-hfb-above-header-display":[""],"ast-hfb-below-header-display":[""],"ast-hfb-mobile-header-display":[""],"site-post-title":[""],"ast-breadcrumbs-content":[""],"ast-featured-img":[""],"footer-sml-layout":[""],"theme-transparent-header-meta":[""],"adv-header-id-meta":[""],"stick-header-meta":[""],"header-above-stick-meta":[""],"header-main-stick-meta":[""],"header-below-stick-meta":[""],"astra-migrate-meta-layouts":["set"],"ast-page-background-enabled":["default"],"ast-page-background-meta":["a:3:{s:7:\"desktop\";a:12:{s:16:\"background-color\";s:25:\"var(--ast-global-color-4)\";s:16:\"background-image\";s:0:\"\";s:17:\"background-repeat\";s:6:\"repeat\";s:19:\"background-position\";s:13:\"center center\";s:15:\"background-size\";s:4:\"auto\";s:21:\"background-attachment\";s:6:\"scroll\";s:15:\"background-type\";s:0:\"\";s:16:\"background-media\";s:0:\"\";s:12:\"overlay-type\";s:0:\"\";s:13:\"overlay-color\";s:0:\"\";s:15:\"overlay-opacity\";s:0:\"\";s:16:\"overlay-gradient\";s:0:\"\";}s:6:\"tablet\";a:12:{s:16:\"background-color\";s:0:\"\";s:16:\"background-image\";s:0:\"\";s:17:\"background-repeat\";s:6:\"repeat\";s:19:\"background-position\";s:13:\"center center\";s:15:\"background-size\";s:4:\"auto\";s:21:\"background-attachment\";s:6:\"scroll\";s:15:\"background-type\";s:0:\"\";s:16:\"background-media\";s:0:\"\";s:12:\"overlay-type\";s:0:\"\";s:13:\"overlay-color\";s:0:\"\";s:15:\"overlay-opacity\";s:0:\"\";s:16:\"overlay-gradient\";s:0:\"\";}s:6:\"mobile\";a:12:{s:16:\"background-color\";s:0:\"\";s:16:\"background-image\";s:0:\"\";s:17:\"background-repeat\";s:6:\"repeat\";s:19:\"background-position\";s:13:\"center center\";s:15:\"background-size\";s:4:\"auto\";s:21:\"background-attachment\";s:6:\"scroll\";s:15:\"background-type\";s:0:\"\";s:16:\"background-media\";s:0:\"\";s:12:\"overlay-type\";s:0:\"\";s:13:\"overlay-color\";s:0:\"\";s:15:\"overlay-opacity\";s:0:\"\";s:16:\"overlay-gradient\";s:0:\"\";}}"],"ast-content-background-meta":["a:3:{s:7:\"desktop\";a:12:{s:16:\"background-color\";s:25:\"var(--ast-global-color-5)\";s:16:\"background-image\";s:0:\"\";s:17:\"background-repeat\";s:6:\"repeat\";s:19:\"background-position\";s:13:\"center center\";s:15:\"background-size\";s:4:\"auto\";s:21:\"background-attachment\";s:6:\"scroll\";s:15:\"background-type\";s:0:\"\";s:16:\"background-media\";s:0:\"\";s:12:\"overlay-type\";s:0:\"\";s:13:\"overlay-color\";s:0:\"\";s:15:\"overlay-opacity\";s:0:\"\";s:16:\"overlay-gradient\";s:0:\"\";}s:6:\"tablet\";a:12:{s:16:\"background-color\";s:25:\"var(--ast-global-color-5)\";s:16:\"background-image\";s:0:\"\";s:17:\"background-repeat\";s:6:\"repeat\";s:19:\"background-position\";s:13:\"center center\";s:15:\"background-size\";s:4:\"auto\";s:21:\"background-attachment\";s:6:\"scroll\";s:15:\"background-type\";s:0:\"\";s:16:\"background-media\";s:0:\"\";s:12:\"overlay-type\";s:0:\"\";s:13:\"overlay-color\";s:0:\"\";s:15:\"overlay-opacity\";s:0:\"\";s:16:\"overlay-gradient\";s:0:\"\";}s:6:\"mobile\";a:12:{s:16:\"background-color\";s:25:\"var(--ast-global-color-5)\";s:16:\"background-image\";s:0:\"\";s:17:\"background-repeat\";s:6:\"repeat\";s:19:\"background-position\";s:13:\"center center\";s:15:\"background-size\";s:4:\"auto\";s:21:\"background-attachment\";s:6:\"scroll\";s:15:\"background-type\";s:0:\"\";s:16:\"background-media\";s:0:\"\";s:12:\"overlay-type\";s:0:\"\";s:13:\"overlay-color\";s:0:\"\";s:15:\"overlay-opacity\";s:0:\"\";s:16:\"overlay-gradient\";s:0:\"\";}}"],"footnotes":[""],"_elementor_edit_mode":[""],"_elementor_template_type":[""],"_elementor_data":[""],"_elementor_conditions":["a:0:{}"],"_uag_css_file_name":["uag-css-22965.css"],"_uag_page_assets":["a:9:{s:3:\"css\";s:7156:\".uag-blocks-common-selector{z-index:var(--z-index-desktop) !important}@media (max-width: 976px){.uag-blocks-common-selector{z-index:var(--z-index-tablet) !important}}@media (max-width: 767px){.uag-blocks-common-selector{z-index:var(--z-index-mobile) !important}}\n.wp-block-uagb-image{display:flex}.wp-block-uagb-image__figure{position:relative;display:flex;flex-direction:column;max-width:100%;height:auto;margin:0}.wp-block-uagb-image__figure img{height:auto;display:flex;max-width:100%;transition:box-shadow 0.2s ease}.wp-block-uagb-image__figure>a{display:inline-block}.wp-block-uagb-image__figure figcaption{text-align:center;margin-top:0.5em;margin-bottom:1em}.wp-block-uagb-image .components-placeholder.block-editor-media-placeholder .components-placeholder__instructions{align-self:center}.wp-block-uagb-image--align-left{text-align:left}.wp-block-uagb-image--align-right{text-align:right}.wp-block-uagb-image--align-center{text-align:center}.wp-block-uagb-image--align-full .wp-block-uagb-image__figure{margin-left:calc(50% - 50vw);margin-right:calc(50% - 50vw);max-width:100vw;width:100vw;height:auto}.wp-block-uagb-image--align-full .wp-block-uagb-image__figure img{height:auto;width:100% !important}.wp-block-uagb-image--align-wide .wp-block-uagb-image__figure img{height:auto;width:100%}.wp-block-uagb-image--layout-overlay__color-wrapper{position:absolute;left:0;top:0;right:0;bottom:0;opacity:0.2;background:rgba(0,0,0,0.5);transition:opacity 0.35s ease-in-out}.wp-block-uagb-image--layout-overlay-link{position:absolute;left:0;right:0;bottom:0;top:0}.wp-block-uagb-image--layout-overlay .wp-block-uagb-image__figure:hover .wp-block-uagb-image--layout-overlay__color-wrapper{opacity:1}.wp-block-uagb-image--layout-overlay__inner{position:absolute;left:15px;right:15px;bottom:15px;top:15px;display:flex;align-items:center;justify-content:center;flex-direction:column;border-color:#fff;transition:0.35s ease-in-out}.wp-block-uagb-image--layout-overlay__inner.top-left,.wp-block-uagb-image--layout-overlay__inner.top-center,.wp-block-uagb-image--layout-overlay__inner.top-right{justify-content:flex-start}.wp-block-uagb-image--layout-overlay__inner.bottom-left,.wp-block-uagb-image--layout-overlay__inner.bottom-center,.wp-block-uagb-image--layout-overlay__inner.bottom-right{justify-content:flex-end}.wp-block-uagb-image--layout-overlay__inner.top-left,.wp-block-uagb-image--layout-overlay__inner.center-left,.wp-block-uagb-image--layout-overlay__inner.bottom-left{align-items:flex-start}.wp-block-uagb-image--layout-overlay__inner.top-right,.wp-block-uagb-image--layout-overlay__inner.center-right,.wp-block-uagb-image--layout-overlay__inner.bottom-right{align-items:flex-end}.wp-block-uagb-image--layout-overlay__inner .uagb-image-heading{color:#fff;transition:transform 0.35s, opacity 0.35s ease-in-out;transform:translate3d(0, 24px, 0);margin:0;line-height:1em}.wp-block-uagb-image--layout-overlay__inner .uagb-image-separator{width:30%;border-top-width:2px;border-top-color:#fff;border-top-style:solid;margin-bottom:10px;opacity:0;transition:transform 0.4s, opacity 0.4s ease-in-out;transform:translate3d(0, 30px, 0)}.wp-block-uagb-image--layout-overlay__inner .uagb-image-caption{opacity:0;overflow:visible;color:#fff;transition:transform 0.45s, opacity 0.45s ease-in-out;transform:translate3d(0, 35px, 0)}.wp-block-uagb-image--layout-overlay__inner:hover .uagb-image-heading,.wp-block-uagb-image--layout-overlay__inner:hover .uagb-image-separator,.wp-block-uagb-image--layout-overlay__inner:hover .uagb-image-caption{opacity:1;transform:translate3d(0, 0, 0)}.wp-block-uagb-image--effect-zoomin .wp-block-uagb-image__figure img,.wp-block-uagb-image--effect-zoomin .wp-block-uagb-image__figure .wp-block-uagb-image--layout-overlay__color-wrapper{transform:scale(1);transition:transform 0.35s ease-in-out}.wp-block-uagb-image--effect-zoomin .wp-block-uagb-image__figure:hover img,.wp-block-uagb-image--effect-zoomin .wp-block-uagb-image__figure:hover .wp-block-uagb-image--layout-overlay__color-wrapper{transform:scale(1.05)}.wp-block-uagb-image--effect-slide .wp-block-uagb-image__figure img,.wp-block-uagb-image--effect-slide .wp-block-uagb-image__figure .wp-block-uagb-image--layout-overlay__color-wrapper{width:calc(100% + 40px) !important;max-width:none !important;transform:translate3d(-40px, 0, 0);transition:transform 0.35s ease-in-out}.wp-block-uagb-image--effect-slide .wp-block-uagb-image__figure:hover img,.wp-block-uagb-image--effect-slide .wp-block-uagb-image__figure:hover .wp-block-uagb-image--layout-overlay__color-wrapper{transform:translate3d(0, 0, 0)}.wp-block-uagb-image--effect-grayscale img{filter:grayscale(0%);transition:0.35s ease-in-out}.wp-block-uagb-image--effect-grayscale:hover img{filter:grayscale(100%)}.wp-block-uagb-image--effect-blur img{filter:blur(0);transition:0.35s ease-in-out}.wp-block-uagb-image--effect-blur:hover img{filter:blur(3px)}\n.uagb-block-e6f939b3.wp-block-uagb-image--layout-default figure img{box-shadow: 0px 0px 0 #00000070;}.uagb-block-e6f939b3.wp-block-uagb-image .wp-block-uagb-image__figure figcaption{font-style: normal;align-self: center;}.uagb-block-e6f939b3.wp-block-uagb-image--layout-overlay figure img{box-shadow: 0px 0px 0 #00000070;}.uagb-block-e6f939b3.wp-block-uagb-image--layout-overlay .wp-block-uagb-image--layout-overlay__color-wrapper{opacity: 0.2;}.uagb-block-e6f939b3.wp-block-uagb-image--layout-overlay .wp-block-uagb-image--layout-overlay__inner{left: 15px;right: 15px;top: 15px;bottom: 15px;}.uagb-block-e6f939b3.wp-block-uagb-image--layout-overlay .wp-block-uagb-image--layout-overlay__inner .uagb-image-heading{font-style: normal;color: #fff;opacity: 1;}.uagb-block-e6f939b3.wp-block-uagb-image--layout-overlay .wp-block-uagb-image--layout-overlay__inner .uagb-image-heading a{color: #fff;}.uagb-block-e6f939b3.wp-block-uagb-image--layout-overlay .wp-block-uagb-image--layout-overlay__inner .uagb-image-caption{opacity: 0;}.uagb-block-e6f939b3.wp-block-uagb-image--layout-overlay .wp-block-uagb-image__figure:hover .wp-block-uagb-image--layout-overlay__color-wrapper{opacity: 1;}.uagb-block-e6f939b3.wp-block-uagb-image .wp-block-uagb-image--layout-overlay__inner .uagb-image-separator{width: 30%;border-top-width: 2px;border-top-color: #fff;opacity: 0;}.uagb-block-e6f939b3.wp-block-uagb-image .wp-block-uagb-image__figure img{width: px;height: auto;}.uagb-block-e6f939b3.wp-block-uagb-image .wp-block-uagb-image__figure:hover .wp-block-uagb-image--layout-overlay__inner .uagb-image-caption{opacity: 1;}.uagb-block-e6f939b3.wp-block-uagb-image .wp-block-uagb-image__figure:hover .wp-block-uagb-image--layout-overlay__inner .uagb-image-separator{opacity: 1;}.uagb-block-e6f939b3.wp-block-uagb-image--layout-default figure:hover img{box-shadow: 0px 0px 0 #00000070;}.uagb-block-e6f939b3.wp-block-uagb-image--layout-overlay figure:hover img{box-shadow: 0px 0px 0 #00000070;}@media only screen and (max-width: 976px) {.uagb-block-e6f939b3.wp-block-uagb-image .wp-block-uagb-image__figure img{width: px;height: auto;}}@media only screen and (max-width: 767px) {.uagb-block-e6f939b3.wp-block-uagb-image .wp-block-uagb-image__figure img{width: px;height: auto;}}\";s:2:\"js\";s:0:\"\";s:18:\"current_block_list\";a:13:{i:0;s:14:\"core\/paragraph\";i:1;s:11:\"core\/search\";i:2;s:10:\"core\/group\";i:3;s:12:\"core\/heading\";i:4;s:17:\"core\/latest-posts\";i:5;s:20:\"core\/latest-comments\";i:6;s:13:\"core\/archives\";i:7;s:15:\"core\/categories\";i:8;s:10:\"uagb\/image\";i:9;s:11:\"core\/spacer\";i:10;s:30:\"woocommerce\/product-categories\";i:11;s:10:\"core\/image\";i:12;s:14:\"core\/shortcode\";}s:8:\"uag_flag\";b:1;s:11:\"uag_version\";s:10:\"1776750750\";s:6:\"gfonts\";a:0:{}s:10:\"gfonts_url\";s:0:\"\";s:12:\"gfonts_files\";a:0:{}s:14:\"uag_faq_layout\";b:0;}"]},"uagb_featured_image_src":{"full":false,"thumbnail":false,"medium":false,"medium_large":false,"large":false,"1536x1536":false,"2048x2048":false,"trp-custom-language-flag":false,"woocommerce_thumbnail":false,"woocommerce_single":false,"woocommerce_gallery_thumbnail":false},"uagb_author_info":{"display_name":"admin","author_link":"https:\/\/www.noleaky.com\/ch-it\/author\/admin2721\/"},"uagb_comment_info":0,"uagb_excerpt":"Article 1. Presentation of the website It is specified to the users of the website, the identity of the stakeholders in the context of its creation and follow up: Owner: No Leaky LLCAddress: 124 Broadkill Rd #432, Milton, DE 19968, United StatesShare capital: $ 100,000 USDLegal form: Limited liability companyFile number: 2530620 Host: OVH SAS,&hellip;","_links":{"self":[{"href":"https:\/\/www.noleaky.com\/ch-it\/wp-json\/wp\/v2\/pages\/22965","targetHints":{"allow":["GET"]}}],"collection":[{"href":"https:\/\/www.noleaky.com\/ch-it\/wp-json\/wp\/v2\/pages"}],"about":[{"href":"https:\/\/www.noleaky.com\/ch-it\/wp-json\/wp\/v2\/types\/page"}],"author":[{"embeddable":true,"href":"https:\/\/www.noleaky.com\/ch-it\/wp-json\/wp\/v2\/users\/1"}],"replies":[{"embeddable":true,"href":"https:\/\/www.noleaky.com\/ch-it\/wp-json\/wp\/v2\/comments?post=22965"}],"version-history":[{"count":2,"href":"https:\/\/www.noleaky.com\/ch-it\/wp-json\/wp\/v2\/pages\/22965\/revisions"}],"predecessor-version":[{"id":23126,"href":"https:\/\/www.noleaky.com\/ch-it\/wp-json\/wp\/v2\/pages\/22965\/revisions\/23126"}],"wp:attachment":[{"href":"https:\/\/www.noleaky.com\/ch-it\/wp-json\/wp\/v2\/media?parent=22965"}],"curies":[{"name":"wp","href":"https:\/\/api.w.org\/{rel}","templated":true}]}}